{"id":1045,"date":"2026-05-11T14:26:42","date_gmt":"2026-05-11T14:26:42","guid":{"rendered":"https:\/\/ecosupplements.ch\/?product=swanson-shark-cartilage-750mg-250kaps"},"modified":"2026-05-13T07:26:30","modified_gmt":"2026-05-13T07:26:30","slug":"swanson-shark-cartilage-750mg-250kaps","status":"publish","type":"product","link":"https:\/\/ecosupplements.ch\/?product=swanson-shark-cartilage-750mg-250kaps","title":{"rendered":"SWANSON Shark cartilage 750mg 250kaps"},"content":{"rendered":"<div class=\"chcg-product-description\">\n<h2 class=\"chcg-heading\">\u00dcber Swanson \u2013 SWANSON Shark Cartilage 750mg 250 Kapseln<\/h2>\n<div class=\"chcg-intro\">\n<p>Swanson Shark Cartilage 750mg liefert pro Kapsel 750 mg reinen Hai-Knorpel in konzentrierter Form. Hai-Knorpel ist ein nat\u00fcrlicher Rohstoff, der seit Jahrzehnten im Bereich der Nahrungserg\u00e4nzung eingesetzt wird und eine Quelle f\u00fcr verschiedene strukturelle Proteine sowie nat\u00fcrlich vorkommende Verbindungen darstellt.<\/p>\n<p>Das Produkt ist in einer praktischen Kapselform erh\u00e4ltlich und erm\u00f6glicht eine flexible Dosierung von drei bis neun Kapseln t\u00e4glich, je nach individuellem Bedarf. Die Grosspackung mit 250 Kapseln bietet eine besonders wirtschaftliche L\u00f6sung f\u00fcr die langfristige Anwendung.<\/p>\n<p>Swanson steht seit \u00fcber 50 Jahren f\u00fcr qualitativ hochwertige Nahrungserg\u00e4nzungsmittel zu fairen Preisen. Alle Produkte werden nach strengen Qualit\u00e4tsstandards hergestellt und regelm\u00e4ssig auf Reinheit und Gehalt gepr\u00fcft.<\/p>\n<\/p><\/div>\n<div class=\"chcg-nutrition\">\n<h3>N\u00e4hrwertangaben<\/h3>\n<table class=\"chcg-nutrition-table\">\n<thead>\n<tr>\n<th>N\u00e4hrstoff<\/th>\n<th>Pro 3 Kapseln<\/th>\n<th>Pro 6 Kapseln<\/th>\n<th>Pro 9 Kapseln<\/th>\n<\/tr>\n<\/thead>\n<tbody>\n<tr>\n<td>Hai-Knorpel<\/td>\n<td>2,25 g<\/td>\n<td>4,5 g<\/td>\n<td>6,75 g<\/td>\n<\/tr>\n<\/tbody>\n<\/table>\n<p class=\"chcg-footnote\">* Kein festgelegter Tagesreferenzwert vorhanden.<\/p>\n<\/p><\/div>\n<div class=\"chcg-ingredients\">\n<h3>Zutaten<\/h3>\n<p>Hai-Knorpel, Trennmittel: Magnesiumsalze von Fetts\u00e4uren. Enth\u00e4lt Fisch (Hai).<\/p>\n<p class=\"chcg-capsule-shell\">Kapselh\u00fclle: Gelatine, Reismehl.<\/p>\n<\/p><\/div>\n<div class=\"chcg-dosage\">\n<h3>Verzehrempfehlung<\/h3>\n<p>Drei Kapseln 1\u20133 Mal t\u00e4glich einnehmen. Die empfohlene Tagesdosis nicht \u00fcberschreiten.<\/p>\n<\/p><\/div>\n<div class=\"chcg-warnings\">\n<h3>Warnhinweise<\/h3>\n<p>Die empfohlene Tagesdosis nicht \u00fcberschreiten. Dieses Produkt ist kein Ersatz f\u00fcr eine abwechslungsreiche, ausgewogene Ern\u00e4hrung. Nicht empfohlen f\u00fcr Schwangere oder stillende Frauen. Ausserhalb der Reichweite von Kindern aufbewahren. Nur f\u00fcr Erwachsene. Konsultieren Sie vor der Einnahme Ihren Arzt oder Ihre \u00c4rztin, wenn Sie schwanger sind oder stillen, Medikamente einnehmen oder an einer Erkrankung leiden. Die Einnahme zwei Wochen vor einem chirurgischen Eingriff abbrechen.<\/p>\n<\/p><\/div>\n<div class=\"chcg-allergens\">\n<h3>Allergeninformationen<\/h3>\n<p>Enth\u00e4lt Fisch (Hai).<\/p>\n<\/p><\/div>\n<div class=\"chcg-storage\">\n<h3>Lagerung<\/h3>\n<p>Bei Raumtemperatur und ausserhalb der Reichweite von Kleinkindern aufbewahren.<\/p>\n<\/p><\/div>\n<div class=\"chcg-dietary\">\n<h3>Ern\u00e4hrungshinweise<\/h3>\n<ul>\n<li>Glutenfrei<\/li>\n<\/ul><\/div>\n<\/div>\n","protected":false},"excerpt":{"rendered":"<p>Swanson Shark Cartilage 750mg liefert reinen Hai-Knorpel in praktischer Kapselform. Die Grosspackung mit 250 Kapseln erm\u00f6glicht eine flexible Dosierung und eine langfristige Anwendung. Glutenfrei.<\/p>\n","protected":false},"featured_media":1046,"comment_status":"closed","ping_status":"open","template":"","meta":[],"product_brand":[16],"product_cat":[48,25,99,21],"product_tag":[],"class_list":{"0":"post-1045","1":"product","2":"type-product","3":"status-publish","4":"has-post-thumbnail","6":"product_brand-swanson","7":"product_cat-gesunde-ernaehrung","8":"product_cat-gesundheit-und-wohlbefinden","9":"product_cat-unterstuetzung-fuer-die-gelenke","10":"product_cat-vitamine-und-mineralstoffe","12":"first","13":"outofstock","14":"taxable","15":"shipping-taxable","16":"purchasable","17":"product-type-simple"},"yoast_head":"<!-- This site is optimized with the Yoast SEO plugin v27.5 - https:\/\/yoast.com\/product\/yoast-seo-wordpress\/ -->\n<title>Shark Cartilage 750mg 250 Kapseln \u2013 Swanson | ecosupplements.ch<\/title>\n<meta name=\"description\" content=\"Swanson Shark Cartilage 750mg \u2013 reiner Hai-Knorpel in 250 Kapseln, glutenfrei und flexibel dosierbar. Jetzt bestellen.\" \/>\n<meta name=\"robots\" content=\"index, follow, max-snippet:-1, max-image-preview:large, max-video-preview:-1\" \/>\n<link rel=\"canonical\" href=\"https:\/\/ecosupplements.ch\/?product=swanson-shark-cartilage-750mg-250kaps\" \/>\n<meta property=\"og:locale\" content=\"de_DE\" \/>\n<meta property=\"og:type\" content=\"article\" \/>\n<meta property=\"og:title\" content=\"Shark Cartilage 750mg 250 Kapseln \u2013 Swanson | ecosupplements.ch\" \/>\n<meta property=\"og:description\" content=\"Swanson Shark Cartilage 750mg \u2013 reiner Hai-Knorpel in 250 Kapseln, glutenfrei und flexibel dosierbar. Jetzt bestellen.\" \/>\n<meta property=\"og:url\" content=\"https:\/\/ecosupplements.ch\/?product=swanson-shark-cartilage-750mg-250kaps\" \/>\n<meta property=\"og:site_name\" content=\"Eco Supplements\" \/>\n<meta property=\"article:modified_time\" content=\"2026-05-13T07:26:30+00:00\" \/>\n<meta property=\"og:image\" content=\"https:\/\/ecosupplements.ch\/wp-content\/uploads\/2026\/05\/SWANSON-Shark-cartilage-750mg-250kaps.jpg\" \/>\n\t<meta property=\"og:image:width\" content=\"650\" \/>\n\t<meta property=\"og:image:height\" content=\"650\" \/>\n\t<meta property=\"og:image:type\" content=\"image\/jpeg\" \/>\n<meta name=\"twitter:card\" content=\"summary_large_image\" \/>\n<meta name=\"twitter:label1\" content=\"Price\" \/>\n\t<meta name=\"twitter:data1\" content=\"&#067;&#072;&#070;&nbsp;30.57\" \/>\n\t<meta name=\"twitter:label2\" content=\"Availability\" \/>\n\t<meta name=\"twitter:data2\" content=\"Out of stock\" \/>\n<script type=\"application\/ld+json\" class=\"yoast-schema-graph\">{\"@context\":\"https:\\\/\\\/schema.org\",\"@graph\":[{\"@type\":\"WebPage\",\"@id\":\"https:\\\/\\\/ecosupplements.ch\\\/?product=swanson-shark-cartilage-750mg-250kaps\",\"url\":\"https:\\\/\\\/ecosupplements.ch\\\/?product=swanson-shark-cartilage-750mg-250kaps\",\"name\":\"Shark Cartilage 750mg 250 Kapseln \u2013 Swanson | ecosupplements.ch\",\"isPartOf\":{\"@id\":\"https:\\\/\\\/ecosupplements.ch\\\/#website\"},\"primaryImageOfPage\":{\"@id\":\"https:\\\/\\\/ecosupplements.ch\\\/?product=swanson-shark-cartilage-750mg-250kaps#primaryimage\"},\"image\":{\"@id\":\"https:\\\/\\\/ecosupplements.ch\\\/?product=swanson-shark-cartilage-750mg-250kaps#primaryimage\"},\"thumbnailUrl\":\"https:\\\/\\\/ecosupplements.ch\\\/wp-content\\\/uploads\\\/2026\\\/05\\\/SWANSON-Shark-cartilage-750mg-250kaps.jpg\",\"datePublished\":\"2026-05-11T14:26:42+00:00\",\"dateModified\":\"2026-05-13T07:26:30+00:00\",\"description\":\"Swanson Shark Cartilage 750mg \u2013 reiner Hai-Knorpel in 250 Kapseln, glutenfrei und flexibel dosierbar. Jetzt bestellen.\",\"breadcrumb\":{\"@id\":\"https:\\\/\\\/ecosupplements.ch\\\/?product=swanson-shark-cartilage-750mg-250kaps#breadcrumb\"},\"inLanguage\":\"de-CH\",\"potentialAction\":[{\"@type\":\"ReadAction\",\"target\":[\"https:\\\/\\\/ecosupplements.ch\\\/?product=swanson-shark-cartilage-750mg-250kaps\"]}]},{\"@type\":\"ImageObject\",\"inLanguage\":\"de-CH\",\"@id\":\"https:\\\/\\\/ecosupplements.ch\\\/?product=swanson-shark-cartilage-750mg-250kaps#primaryimage\",\"url\":\"https:\\\/\\\/ecosupplements.ch\\\/wp-content\\\/uploads\\\/2026\\\/05\\\/SWANSON-Shark-cartilage-750mg-250kaps.jpg\",\"contentUrl\":\"https:\\\/\\\/ecosupplements.ch\\\/wp-content\\\/uploads\\\/2026\\\/05\\\/SWANSON-Shark-cartilage-750mg-250kaps.jpg\",\"width\":650,\"height\":650,\"caption\":\"SWANSON Shark cartilage 750mg 250kaps\"},{\"@type\":\"BreadcrumbList\",\"@id\":\"https:\\\/\\\/ecosupplements.ch\\\/?product=swanson-shark-cartilage-750mg-250kaps#breadcrumb\",\"itemListElement\":[{\"@type\":\"ListItem\",\"position\":1,\"name\":\"Home\",\"item\":\"https:\\\/\\\/ecosupplements.ch\\\/\"},{\"@type\":\"ListItem\",\"position\":2,\"name\":\"Shop\",\"item\":\"https:\\\/\\\/ecosupplements.ch\\\/?page_id=14\"},{\"@type\":\"ListItem\",\"position\":3,\"name\":\"SWANSON Shark cartilage 750mg 250kaps\"}]},{\"@type\":\"WebSite\",\"@id\":\"https:\\\/\\\/ecosupplements.ch\\\/#website\",\"url\":\"https:\\\/\\\/ecosupplements.ch\\\/\",\"name\":\"Eco Supplements\",\"description\":\"\",\"potentialAction\":[{\"@type\":\"SearchAction\",\"target\":{\"@type\":\"EntryPoint\",\"urlTemplate\":\"https:\\\/\\\/ecosupplements.ch\\\/?s={search_term_string}\"},\"query-input\":{\"@type\":\"PropertyValueSpecification\",\"valueRequired\":true,\"valueName\":\"search_term_string\"}}],\"inLanguage\":\"de-CH\"}]}<\/script>\n<meta property=\"product:price:amount\" content=\"30.57\" \/>\n<meta property=\"product:price:currency\" content=\"CHF\" \/>\n<meta property=\"og:availability\" content=\"out of stock\" \/>\n<meta property=\"product:availability\" content=\"out of stock\" \/>\n<meta property=\"product:retailer_item_id\" content=\"087614016597\" \/>\n<meta property=\"product:condition\" content=\"new\" \/>\n<!-- \/ Yoast SEO plugin. -->","yoast_head_json":{"title":"Shark Cartilage 750mg 250 Kapseln \u2013 Swanson | ecosupplements.ch","description":"Swanson Shark Cartilage 750mg \u2013 reiner Hai-Knorpel in 250 Kapseln, glutenfrei und flexibel dosierbar. Jetzt bestellen.","robots":{"index":"index","follow":"follow","max-snippet":"max-snippet:-1","max-image-preview":"max-image-preview:large","max-video-preview":"max-video-preview:-1"},"canonical":"https:\/\/ecosupplements.ch\/?product=swanson-shark-cartilage-750mg-250kaps","og_locale":"de_DE","og_type":"article","og_title":"Shark Cartilage 750mg 250 Kapseln \u2013 Swanson | ecosupplements.ch","og_description":"Swanson Shark Cartilage 750mg \u2013 reiner Hai-Knorpel in 250 Kapseln, glutenfrei und flexibel dosierbar. Jetzt bestellen.","og_url":"https:\/\/ecosupplements.ch\/?product=swanson-shark-cartilage-750mg-250kaps","og_site_name":"Eco Supplements","article_modified_time":"2026-05-13T07:26:30+00:00","og_image":[{"width":650,"height":650,"url":"https:\/\/ecosupplements.ch\/wp-content\/uploads\/2026\/05\/SWANSON-Shark-cartilage-750mg-250kaps.jpg","type":"image\/jpeg"}],"twitter_card":"summary_large_image","twitter_misc":{"Price":"&#67;&#72;&#70;&nbsp;30.57","Availability":"Out of stock"},"schema":{"@context":"https:\/\/schema.org","@graph":[{"@type":"WebPage","@id":"https:\/\/ecosupplements.ch\/?product=swanson-shark-cartilage-750mg-250kaps","url":"https:\/\/ecosupplements.ch\/?product=swanson-shark-cartilage-750mg-250kaps","name":"Shark Cartilage 750mg 250 Kapseln \u2013 Swanson | ecosupplements.ch","isPartOf":{"@id":"https:\/\/ecosupplements.ch\/#website"},"primaryImageOfPage":{"@id":"https:\/\/ecosupplements.ch\/?product=swanson-shark-cartilage-750mg-250kaps#primaryimage"},"image":{"@id":"https:\/\/ecosupplements.ch\/?product=swanson-shark-cartilage-750mg-250kaps#primaryimage"},"thumbnailUrl":"https:\/\/ecosupplements.ch\/wp-content\/uploads\/2026\/05\/SWANSON-Shark-cartilage-750mg-250kaps.jpg","datePublished":"2026-05-11T14:26:42+00:00","dateModified":"2026-05-13T07:26:30+00:00","description":"Swanson Shark Cartilage 750mg \u2013 reiner Hai-Knorpel in 250 Kapseln, glutenfrei und flexibel dosierbar. Jetzt bestellen.","breadcrumb":{"@id":"https:\/\/ecosupplements.ch\/?product=swanson-shark-cartilage-750mg-250kaps#breadcrumb"},"inLanguage":"de-CH","potentialAction":[{"@type":"ReadAction","target":["https:\/\/ecosupplements.ch\/?product=swanson-shark-cartilage-750mg-250kaps"]}]},{"@type":"ImageObject","inLanguage":"de-CH","@id":"https:\/\/ecosupplements.ch\/?product=swanson-shark-cartilage-750mg-250kaps#primaryimage","url":"https:\/\/ecosupplements.ch\/wp-content\/uploads\/2026\/05\/SWANSON-Shark-cartilage-750mg-250kaps.jpg","contentUrl":"https:\/\/ecosupplements.ch\/wp-content\/uploads\/2026\/05\/SWANSON-Shark-cartilage-750mg-250kaps.jpg","width":650,"height":650,"caption":"SWANSON Shark cartilage 750mg 250kaps"},{"@type":"BreadcrumbList","@id":"https:\/\/ecosupplements.ch\/?product=swanson-shark-cartilage-750mg-250kaps#breadcrumb","itemListElement":[{"@type":"ListItem","position":1,"name":"Home","item":"https:\/\/ecosupplements.ch\/"},{"@type":"ListItem","position":2,"name":"Shop","item":"https:\/\/ecosupplements.ch\/?page_id=14"},{"@type":"ListItem","position":3,"name":"SWANSON Shark cartilage 750mg 250kaps"}]},{"@type":"WebSite","@id":"https:\/\/ecosupplements.ch\/#website","url":"https:\/\/ecosupplements.ch\/","name":"Eco Supplements","description":"","potentialAction":[{"@type":"SearchAction","target":{"@type":"EntryPoint","urlTemplate":"https:\/\/ecosupplements.ch\/?s={search_term_string}"},"query-input":{"@type":"PropertyValueSpecification","valueRequired":true,"valueName":"search_term_string"}}],"inLanguage":"de-CH"}]},"product_price_amount":"30.57","product_price_currency":"CHF","og_availability":"out of stock","product_availability":"out of stock","product_retailer_item_id":"087614016597","product_condition":"new"},"_links":{"self":[{"href":"https:\/\/ecosupplements.ch\/index.php?rest_route=\/wp\/v2\/product\/1045","targetHints":{"allow":["GET"]}}],"collection":[{"href":"https:\/\/ecosupplements.ch\/index.php?rest_route=\/wp\/v2\/product"}],"about":[{"href":"https:\/\/ecosupplements.ch\/index.php?rest_route=\/wp\/v2\/types\/product"}],"replies":[{"embeddable":true,"href":"https:\/\/ecosupplements.ch\/index.php?rest_route=%2Fwp%2Fv2%2Fcomments&post=1045"}],"wp:featuredmedia":[{"embeddable":true,"href":"https:\/\/ecosupplements.ch\/index.php?rest_route=\/wp\/v2\/media\/1046"}],"wp:attachment":[{"href":"https:\/\/ecosupplements.ch\/index.php?rest_route=%2Fwp%2Fv2%2Fmedia&parent=1045"}],"wp:term":[{"taxonomy":"product_brand","embeddable":true,"href":"https:\/\/ecosupplements.ch\/index.php?rest_route=%2Fwp%2Fv2%2Fproduct_brand&post=1045"},{"taxonomy":"product_cat","embeddable":true,"href":"https:\/\/ecosupplements.ch\/index.php?rest_route=%2Fwp%2Fv2%2Fproduct_cat&post=1045"},{"taxonomy":"product_tag","embeddable":true,"href":"https:\/\/ecosupplements.ch\/index.php?rest_route=%2Fwp%2Fv2%2Fproduct_tag&post=1045"}],"curies":[{"name":"wp","href":"https:\/\/api.w.org\/{rel}","templated":true}]}}