{"id":1051,"date":"2026-05-11T14:26:44","date_gmt":"2026-05-11T14:26:44","guid":{"rendered":"https:\/\/ecosupplements.ch\/?product=shilajit-extract-100mg-30-vcaps"},"modified":"2026-05-13T07:24:09","modified_gmt":"2026-05-13T07:24:09","slug":"shilajit-extract-100mg-30-vcaps","status":"publish","type":"product","link":"https:\/\/ecosupplements.ch\/?product=shilajit-extract-100mg-30-vcaps","title":{"rendered":"Shilajit Extract, 100mg &#8211; 30 vcaps"},"content":{"rendered":"<div class=\"chcg-product-description\">\n<h2 class=\"chcg-heading\">\u00dcber Swanson \u2013 Shilajit Extract, 100mg \u2013 30 Kapseln<\/h2>\n<div class=\"chcg-intro\">\n<p>Shilajit ist ein naturreines Harzmineral, das in den Hochgebirgsregionen des Himalaya gewonnen wird und seit Jahrhunderten in der traditionellen ayurvedischen Heilkunde gesch\u00e4tzt wird. Swanson verwendet dabei den hochwertigen Tru-Fulvic Shilajit Extract, der auf mindestens 70 % Fulvos\u00e4uren und deren \u00c4quivalente standardisiert ist \u2013 darunter Dibenzo-A-Pyrone (DBPs) und Dibenzo-alpha-Pyron-Chromoproteine (DCPs). Diese sorgf\u00e4ltige Standardisierung gew\u00e4hrleistet eine gleichbleibend hohe Qualit\u00e4t in jeder Kapsel.<\/p>\n<p>Jede vegetarische Kapsel enth\u00e4lt 100 mg dieses konzentrierten Extrakts. Das Produkt ist in praktischen Packungen mit 30 Kapseln erh\u00e4ltlich und eignet sich f\u00fcr Erwachsene, die ihren Alltag mit einem nat\u00fcrlich gewonnenen Mineralstoffextrakt erg\u00e4nzen m\u00f6chten. Die pflanzliche Kapselh\u00fclle aus Hypromellose macht das Produkt sowohl f\u00fcr Veganerinnen und Veganer als auch f\u00fcr Vegetarierinnen und Vegetarier geeignet.<\/p>\n<p>Swanson steht seit Jahrzehnten f\u00fcr gepr\u00fcfte Qualit\u00e4t und Transparenz im Bereich der Nahrungserg\u00e4nzungsmittel. Der Shilajit Extract wird ohne unn\u00f6tige Zusatzstoffe formuliert und bietet so eine saubere, fokussierte Erg\u00e4nzung f\u00fcr Ihren t\u00e4glichen Ern\u00e4hrungsplan.<\/p>\n<\/p><\/div>\n<div class=\"chcg-nutrition\">\n<h3>N\u00e4hrwertangaben<\/h3>\n<table class=\"chcg-nutrition-table\">\n<thead>\n<tr>\n<th>N\u00e4hrstoff<\/th>\n<th>Pro Portion (1 Kapsel)<\/th>\n<\/tr>\n<\/thead>\n<tbody>\n<tr>\n<td>Tru-Fulvic Shilajit Extract (Asphaltum) (Mineralpech) (standardisiert auf mindestens 70 % Fulvos\u00e4uren &amp; \u00c4quivalente [DBPs (Dibenzo-A-Pyrone) &amp; DCPs (Dibenzo-alpha-Pyron-Chromoproteine)])<\/td>\n<td>100 mg *<\/td>\n<\/tr>\n<\/tbody>\n<\/table>\n<p class=\"chcg-footnote\">* Kein festgelegter t\u00e4glicher Referenzwert.<\/p>\n<\/p><\/div>\n<div class=\"chcg-ingredients\">\n<h3>Zutaten<\/h3>\n<p>Tru-Fulvic Shilajit Extract (Asphaltum) (Mineralpech) (standardisiert auf mindestens 70 % Fulvos\u00e4uren &amp; \u00c4quivalente [DBPs (Dibenzo-A-Pyrone) &amp; DCPs (Dibenzo-alpha-Pyron-Chromoproteine)]) 100 mg. Weitere Zutaten: Reismehl (braun), Hypromellose (pflanzliche Kapsel), kann eines oder beide der folgenden Mittel enthalten: Magnesiumsilikat, Siliciumdioxid.<\/p>\n<p class=\"chcg-capsule-shell\">Kapselh\u00fclle: Hypromellose (pflanzliche Kapsel)<\/p>\n<\/p><\/div>\n<div class=\"chcg-dosage\">\n<h3>Verzehrempfehlung<\/h3>\n<p>Als Nahrungserg\u00e4nzungsmittel eine vegetarische Kapsel t\u00e4glich mit Wasser einnehmen.<\/p>\n<\/p><\/div>\n<div class=\"chcg-warnings\">\n<h3>Warnhinweise<\/h3>\n<p>Nur f\u00fcr Erwachsene. Dieses Produkt nicht einnehmen, wenn Sie schwanger sind oder stillen. Konsultieren Sie Ihre \u00c4rztin oder Ihren Arzt, bevor Sie dieses oder ein anderes Produkt verwenden, wenn Sie Medikamente einnehmen oder an einer Erkrankung leiden. Ausserhalb der Reichweite von Kindern aufbewahren. Nicht verwenden, wenn die Schutzversiegelung besch\u00e4digt ist.<\/p>\n<\/p><\/div>\n<div class=\"chcg-allergens\">\n<h3>Allergeninformationen<\/h3>\n<p>Auf dem Etikett sind keine Allergene deklariert.<\/p>\n<\/p><\/div>\n<div class=\"chcg-storage\">\n<h3>Lagerung<\/h3>\n<p>An einem k\u00fchlen, trockenen Ort aufbewahren.<\/p>\n<\/p><\/div>\n<div class=\"chcg-dietary\">\n<h3>Ern\u00e4hrungshinweise<\/h3>\n<ul>\n<li>Vegan<\/li>\n<li>Vegetarisch<\/li>\n<li>Laktosefrei<\/li>\n<\/ul><\/div>\n<\/div>\n","protected":false},"excerpt":{"rendered":"<p>Swanson Shilajit Extract liefert 100 mg standardisierten Tru-Fulvic Extrakt (mind. 70 % Fulvos\u00e4uren) pro pflanzlicher Kapsel. Die praktische Packung enth\u00e4lt 30 vegane Kapseln f\u00fcr eine nat\u00fcrliche t\u00e4gliche Erg\u00e4nzung.<\/p>\n","protected":false},"featured_media":1052,"comment_status":"closed","ping_status":"open","template":"","meta":[],"product_brand":[16],"product_cat":[48,25,44,55,21],"product_tag":[],"class_list":{"0":"post-1051","1":"product","2":"type-product","3":"status-publish","4":"has-post-thumbnail","6":"product_brand-swanson","7":"product_cat-gesunde-ernaehrung","8":"product_cat-gesundheit-und-wohlbefinden","9":"product_cat-pflanzliche-nahrungsergaenzungsmittel","10":"product_cat-spezialformel","11":"product_cat-vitamine-und-mineralstoffe","13":"first","14":"outofstock","15":"taxable","16":"shipping-taxable","17":"purchasable","18":"product-type-simple"},"yoast_head":"<!-- This site is optimized with the Yoast SEO plugin v27.5 - https:\/\/yoast.com\/product\/yoast-seo-wordpress\/ -->\n<title>Shilajit Extract 100mg \u2013 Swanson | ecosupplements.ch<\/title>\n<meta name=\"description\" content=\"Swanson Shilajit Extract mit 70 % Fulvos\u00e4uren \u2013 30 vegane Kapseln f\u00fcr Ihre t\u00e4gliche Routine. Jetzt bestellen.\" \/>\n<meta name=\"robots\" content=\"index, follow, max-snippet:-1, max-image-preview:large, max-video-preview:-1\" \/>\n<link rel=\"canonical\" href=\"https:\/\/ecosupplements.ch\/?product=shilajit-extract-100mg-30-vcaps\" \/>\n<meta property=\"og:locale\" content=\"de_DE\" \/>\n<meta property=\"og:type\" content=\"article\" \/>\n<meta property=\"og:title\" content=\"Shilajit Extract 100mg \u2013 Swanson | ecosupplements.ch\" \/>\n<meta property=\"og:description\" content=\"Swanson Shilajit Extract mit 70 % Fulvos\u00e4uren \u2013 30 vegane Kapseln f\u00fcr Ihre t\u00e4gliche Routine. Jetzt bestellen.\" \/>\n<meta property=\"og:url\" content=\"https:\/\/ecosupplements.ch\/?product=shilajit-extract-100mg-30-vcaps\" \/>\n<meta property=\"og:site_name\" content=\"Eco Supplements\" \/>\n<meta property=\"article:modified_time\" content=\"2026-05-13T07:24:09+00:00\" \/>\n<meta property=\"og:image\" content=\"https:\/\/ecosupplements.ch\/wp-content\/uploads\/2026\/05\/Shilajit-Extract-100mg-30-vcaps.jpg\" \/>\n\t<meta property=\"og:image:width\" content=\"1080\" \/>\n\t<meta property=\"og:image:height\" content=\"1080\" \/>\n\t<meta property=\"og:image:type\" content=\"image\/jpeg\" \/>\n<meta name=\"twitter:card\" content=\"summary_large_image\" \/>\n<meta name=\"twitter:label1\" content=\"Price\" \/>\n\t<meta name=\"twitter:data1\" content=\"&#067;&#072;&#070;&nbsp;7.84\" \/>\n\t<meta name=\"twitter:label2\" content=\"Availability\" \/>\n\t<meta name=\"twitter:data2\" content=\"Out of stock\" \/>\n<script type=\"application\/ld+json\" class=\"yoast-schema-graph\">{\"@context\":\"https:\\\/\\\/schema.org\",\"@graph\":[{\"@type\":\"WebPage\",\"@id\":\"https:\\\/\\\/ecosupplements.ch\\\/?product=shilajit-extract-100mg-30-vcaps\",\"url\":\"https:\\\/\\\/ecosupplements.ch\\\/?product=shilajit-extract-100mg-30-vcaps\",\"name\":\"Shilajit Extract 100mg \u2013 Swanson | ecosupplements.ch\",\"isPartOf\":{\"@id\":\"https:\\\/\\\/ecosupplements.ch\\\/#website\"},\"primaryImageOfPage\":{\"@id\":\"https:\\\/\\\/ecosupplements.ch\\\/?product=shilajit-extract-100mg-30-vcaps#primaryimage\"},\"image\":{\"@id\":\"https:\\\/\\\/ecosupplements.ch\\\/?product=shilajit-extract-100mg-30-vcaps#primaryimage\"},\"thumbnailUrl\":\"https:\\\/\\\/ecosupplements.ch\\\/wp-content\\\/uploads\\\/2026\\\/05\\\/Shilajit-Extract-100mg-30-vcaps.jpg\",\"datePublished\":\"2026-05-11T14:26:44+00:00\",\"dateModified\":\"2026-05-13T07:24:09+00:00\",\"description\":\"Swanson Shilajit Extract mit 70 % Fulvos\u00e4uren \u2013 30 vegane Kapseln f\u00fcr Ihre t\u00e4gliche Routine. Jetzt bestellen.\",\"breadcrumb\":{\"@id\":\"https:\\\/\\\/ecosupplements.ch\\\/?product=shilajit-extract-100mg-30-vcaps#breadcrumb\"},\"inLanguage\":\"de-CH\",\"potentialAction\":[{\"@type\":\"ReadAction\",\"target\":[\"https:\\\/\\\/ecosupplements.ch\\\/?product=shilajit-extract-100mg-30-vcaps\"]}]},{\"@type\":\"ImageObject\",\"inLanguage\":\"de-CH\",\"@id\":\"https:\\\/\\\/ecosupplements.ch\\\/?product=shilajit-extract-100mg-30-vcaps#primaryimage\",\"url\":\"https:\\\/\\\/ecosupplements.ch\\\/wp-content\\\/uploads\\\/2026\\\/05\\\/Shilajit-Extract-100mg-30-vcaps.jpg\",\"contentUrl\":\"https:\\\/\\\/ecosupplements.ch\\\/wp-content\\\/uploads\\\/2026\\\/05\\\/Shilajit-Extract-100mg-30-vcaps.jpg\",\"width\":1080,\"height\":1080,\"caption\":\"Shilajit Extract\"},{\"@type\":\"BreadcrumbList\",\"@id\":\"https:\\\/\\\/ecosupplements.ch\\\/?product=shilajit-extract-100mg-30-vcaps#breadcrumb\",\"itemListElement\":[{\"@type\":\"ListItem\",\"position\":1,\"name\":\"Home\",\"item\":\"https:\\\/\\\/ecosupplements.ch\\\/\"},{\"@type\":\"ListItem\",\"position\":2,\"name\":\"Shop\",\"item\":\"https:\\\/\\\/ecosupplements.ch\\\/?page_id=14\"},{\"@type\":\"ListItem\",\"position\":3,\"name\":\"Shilajit Extract, 100mg &#8211; 30 vcaps\"}]},{\"@type\":\"WebSite\",\"@id\":\"https:\\\/\\\/ecosupplements.ch\\\/#website\",\"url\":\"https:\\\/\\\/ecosupplements.ch\\\/\",\"name\":\"Eco Supplements\",\"description\":\"\",\"potentialAction\":[{\"@type\":\"SearchAction\",\"target\":{\"@type\":\"EntryPoint\",\"urlTemplate\":\"https:\\\/\\\/ecosupplements.ch\\\/?s={search_term_string}\"},\"query-input\":{\"@type\":\"PropertyValueSpecification\",\"valueRequired\":true,\"valueName\":\"search_term_string\"}}],\"inLanguage\":\"de-CH\"}]}<\/script>\n<meta property=\"product:price:amount\" content=\"7.84\" \/>\n<meta property=\"product:price:currency\" content=\"CHF\" \/>\n<meta property=\"og:availability\" content=\"out of stock\" \/>\n<meta property=\"product:availability\" content=\"out of stock\" \/>\n<meta property=\"product:retailer_item_id\" content=\"087614142142\" \/>\n<meta property=\"product:condition\" content=\"new\" \/>\n<!-- \/ Yoast SEO plugin. -->","yoast_head_json":{"title":"Shilajit Extract 100mg \u2013 Swanson | ecosupplements.ch","description":"Swanson Shilajit Extract mit 70 % Fulvos\u00e4uren \u2013 30 vegane Kapseln f\u00fcr Ihre t\u00e4gliche Routine. Jetzt bestellen.","robots":{"index":"index","follow":"follow","max-snippet":"max-snippet:-1","max-image-preview":"max-image-preview:large","max-video-preview":"max-video-preview:-1"},"canonical":"https:\/\/ecosupplements.ch\/?product=shilajit-extract-100mg-30-vcaps","og_locale":"de_DE","og_type":"article","og_title":"Shilajit Extract 100mg \u2013 Swanson | ecosupplements.ch","og_description":"Swanson Shilajit Extract mit 70 % Fulvos\u00e4uren \u2013 30 vegane Kapseln f\u00fcr Ihre t\u00e4gliche Routine. Jetzt bestellen.","og_url":"https:\/\/ecosupplements.ch\/?product=shilajit-extract-100mg-30-vcaps","og_site_name":"Eco Supplements","article_modified_time":"2026-05-13T07:24:09+00:00","og_image":[{"width":1080,"height":1080,"url":"https:\/\/ecosupplements.ch\/wp-content\/uploads\/2026\/05\/Shilajit-Extract-100mg-30-vcaps.jpg","type":"image\/jpeg"}],"twitter_card":"summary_large_image","twitter_misc":{"Price":"&#67;&#72;&#70;&nbsp;7.84","Availability":"Out of stock"},"schema":{"@context":"https:\/\/schema.org","@graph":[{"@type":"WebPage","@id":"https:\/\/ecosupplements.ch\/?product=shilajit-extract-100mg-30-vcaps","url":"https:\/\/ecosupplements.ch\/?product=shilajit-extract-100mg-30-vcaps","name":"Shilajit Extract 100mg \u2013 Swanson | ecosupplements.ch","isPartOf":{"@id":"https:\/\/ecosupplements.ch\/#website"},"primaryImageOfPage":{"@id":"https:\/\/ecosupplements.ch\/?product=shilajit-extract-100mg-30-vcaps#primaryimage"},"image":{"@id":"https:\/\/ecosupplements.ch\/?product=shilajit-extract-100mg-30-vcaps#primaryimage"},"thumbnailUrl":"https:\/\/ecosupplements.ch\/wp-content\/uploads\/2026\/05\/Shilajit-Extract-100mg-30-vcaps.jpg","datePublished":"2026-05-11T14:26:44+00:00","dateModified":"2026-05-13T07:24:09+00:00","description":"Swanson Shilajit Extract mit 70 % Fulvos\u00e4uren \u2013 30 vegane Kapseln f\u00fcr Ihre t\u00e4gliche Routine. Jetzt bestellen.","breadcrumb":{"@id":"https:\/\/ecosupplements.ch\/?product=shilajit-extract-100mg-30-vcaps#breadcrumb"},"inLanguage":"de-CH","potentialAction":[{"@type":"ReadAction","target":["https:\/\/ecosupplements.ch\/?product=shilajit-extract-100mg-30-vcaps"]}]},{"@type":"ImageObject","inLanguage":"de-CH","@id":"https:\/\/ecosupplements.ch\/?product=shilajit-extract-100mg-30-vcaps#primaryimage","url":"https:\/\/ecosupplements.ch\/wp-content\/uploads\/2026\/05\/Shilajit-Extract-100mg-30-vcaps.jpg","contentUrl":"https:\/\/ecosupplements.ch\/wp-content\/uploads\/2026\/05\/Shilajit-Extract-100mg-30-vcaps.jpg","width":1080,"height":1080,"caption":"Shilajit Extract"},{"@type":"BreadcrumbList","@id":"https:\/\/ecosupplements.ch\/?product=shilajit-extract-100mg-30-vcaps#breadcrumb","itemListElement":[{"@type":"ListItem","position":1,"name":"Home","item":"https:\/\/ecosupplements.ch\/"},{"@type":"ListItem","position":2,"name":"Shop","item":"https:\/\/ecosupplements.ch\/?page_id=14"},{"@type":"ListItem","position":3,"name":"Shilajit Extract, 100mg &#8211; 30 vcaps"}]},{"@type":"WebSite","@id":"https:\/\/ecosupplements.ch\/#website","url":"https:\/\/ecosupplements.ch\/","name":"Eco Supplements","description":"","potentialAction":[{"@type":"SearchAction","target":{"@type":"EntryPoint","urlTemplate":"https:\/\/ecosupplements.ch\/?s={search_term_string}"},"query-input":{"@type":"PropertyValueSpecification","valueRequired":true,"valueName":"search_term_string"}}],"inLanguage":"de-CH"}]},"product_price_amount":"7.84","product_price_currency":"CHF","og_availability":"out of stock","product_availability":"out of stock","product_retailer_item_id":"087614142142","product_condition":"new"},"_links":{"self":[{"href":"https:\/\/ecosupplements.ch\/index.php?rest_route=\/wp\/v2\/product\/1051","targetHints":{"allow":["GET"]}}],"collection":[{"href":"https:\/\/ecosupplements.ch\/index.php?rest_route=\/wp\/v2\/product"}],"about":[{"href":"https:\/\/ecosupplements.ch\/index.php?rest_route=\/wp\/v2\/types\/product"}],"replies":[{"embeddable":true,"href":"https:\/\/ecosupplements.ch\/index.php?rest_route=%2Fwp%2Fv2%2Fcomments&post=1051"}],"wp:featuredmedia":[{"embeddable":true,"href":"https:\/\/ecosupplements.ch\/index.php?rest_route=\/wp\/v2\/media\/1052"}],"wp:attachment":[{"href":"https:\/\/ecosupplements.ch\/index.php?rest_route=%2Fwp%2Fv2%2Fmedia&parent=1051"}],"wp:term":[{"taxonomy":"product_brand","embeddable":true,"href":"https:\/\/ecosupplements.ch\/index.php?rest_route=%2Fwp%2Fv2%2Fproduct_brand&post=1051"},{"taxonomy":"product_cat","embeddable":true,"href":"https:\/\/ecosupplements.ch\/index.php?rest_route=%2Fwp%2Fv2%2Fproduct_cat&post=1051"},{"taxonomy":"product_tag","embeddable":true,"href":"https:\/\/ecosupplements.ch\/index.php?rest_route=%2Fwp%2Fv2%2Fproduct_tag&post=1051"}],"curies":[{"name":"wp","href":"https:\/\/api.w.org\/{rel}","templated":true}]}}