{"id":1057,"date":"2026-05-11T14:26:47","date_gmt":"2026-05-11T14:26:47","guid":{"rendered":"https:\/\/ecosupplements.ch\/?product=spirulina-500mg-180-tablets"},"modified":"2026-05-13T07:24:09","modified_gmt":"2026-05-13T07:24:09","slug":"spirulina-500mg-180-tablets","status":"publish","type":"product","link":"https:\/\/ecosupplements.ch\/?product=spirulina-500mg-180-tablets","title":{"rendered":"Spirulina, 500mg &#8211; 180 tablets"},"content":{"rendered":"<div class=\"chcg-product-description\">\n<h2 class=\"chcg-heading\">\u00dcber Swanson \u2013 Spirulina, 500mg \u2013 180 Tabletten<\/h2>\n<div class=\"chcg-intro\">\n<p>Spirulina (Arthrospira platensis) ist eine der \u00e4ltesten und n\u00e4hrstoffreichsten Mikroalgen der Welt und wird seit Jahrtausenden als nat\u00fcrliche Nahrungsquelle gesch\u00e4tzt. Swanson bietet Spirulina in praktischer Tablettenform an \u2013 mit 500 mg pro Tablette und 1 g pro Portion \u2013, sodass Sie diesen pflanzlichen N\u00e4hrstofflieferanten bequem in Ihren Alltag integrieren k\u00f6nnen.<\/p>\n<p>Spirulina zeichnet sich durch seinen hohen Gehalt an pflanzlichem Protein, nat\u00fcrlichen Pigmenten wie Phycocyanin sowie verschiedenen Mikron\u00e4hrstoffen aus. Das Produkt von Swanson enth\u00e4lt ausschliesslich Spirulina der Art Arthrospira platensis und ist sowohl f\u00fcr Veganer als auch f\u00fcr Vegetarier geeignet.<\/p>\n<p>Mit 180 Tabletten pro Packung bietet dieses Produkt einen Vorrat f\u00fcr einen l\u00e4ngeren Einnahmezeitraum. Die kompakte Tablettenform macht die t\u00e4gliche Einnahme unkompliziert \u2013 ideal f\u00fcr alle, die ihre Ern\u00e4hrung auf nat\u00fcrliche Weise erg\u00e4nzen m\u00f6chten.<\/p>\n<\/p><\/div>\n<div class=\"chcg-nutrition\">\n<h3>N\u00e4hrwertangaben<\/h3>\n<table class=\"chcg-nutrition-table\">\n<thead>\n<tr>\n<th>N\u00e4hrstoff<\/th>\n<th>Pro Portion (2 Tabletten)<\/th>\n<\/tr>\n<\/thead>\n<tbody>\n<tr>\n<td>Spirulina (Arthrospira platensis) (Mikroalge)<\/td>\n<td>1 g<\/td>\n<\/tr>\n<\/tbody>\n<\/table>\n<p class=\"chcg-footnote\">* Kein festgelegter Tagesreferenzwert vorhanden.<\/p>\n<\/p><\/div>\n<div class=\"chcg-ingredients\">\n<h3>Zutaten<\/h3>\n<p>Spirulina (Arthrospira platensis) (Mikroalge), Calciumcarbonat, mikrokristalline Cellulose (Pflanzenfaser), Stearins\u00e4ure (pflanzliche Quelle), Croscarmellose-Natrium, Siliciumdioxid.<\/p>\n<\/p><\/div>\n<div class=\"chcg-dosage\">\n<h3>Verzehrempfehlung<\/h3>\n<p>Als Nahrungserg\u00e4nzungsmittel t\u00e4glich dreimal zwei Tabletten mit Wasser einnehmen, vorzugsweise auf n\u00fcchternen Magen.<\/p>\n<\/p><\/div>\n<div class=\"chcg-warnings\">\n<h3>Warnhinweise<\/h3>\n<p>Nur f\u00fcr Erwachsene. Konsultieren Sie Ihren Arzt, bevor Sie dieses oder ein anderes Produkt verwenden, wenn Sie schwanger sind oder stillen, Medikamente einnehmen oder an einer Erkrankung leiden. Ausserhalb der Reichweite von Kindern aufbewahren.<\/p>\n<\/p><\/div>\n<div class=\"chcg-allergens\">\n<h3>Allergeninformationen<\/h3>\n<p>Auf der Produktetikette sind keine Allergene deklariert.<\/p>\n<\/p><\/div>\n<div class=\"chcg-storage\">\n<h3>Lagerung<\/h3>\n<p>An einem k\u00fchlen, trockenen Ort, vor Licht und W\u00e4rme gesch\u00fctzt, aufbewahren. Ausserhalb der Reichweite von Kindern aufbewahren.<\/p>\n<\/p><\/div>\n<div class=\"chcg-dietary\">\n<h3>Ern\u00e4hrungshinweise<\/h3>\n<ul>\n<li>Vegan<\/li>\n<li>Vegetarisch<\/li>\n<li>Laktosefrei<\/li>\n<\/ul><\/div>\n<\/div>\n","protected":false},"excerpt":{"rendered":"<p>Swanson Spirulina liefert 1 g Arthrospira platensis pro Portion in praktischer Tablettenform. Die Packung enth\u00e4lt 180 Tabletten und ist f\u00fcr Veganer und Vegetarier geeignet.<\/p>\n","protected":false},"featured_media":1058,"comment_status":"closed","ping_status":"open","template":"","meta":[],"product_brand":[16],"product_cat":[34,48,25,44,115,21],"product_tag":[],"class_list":{"0":"post-1057","1":"product","2":"type-product","3":"status-publish","4":"has-post-thumbnail","6":"product_brand-swanson","7":"product_cat-antioxidantien","8":"product_cat-gesunde-ernaehrung","9":"product_cat-gesundheit-und-wohlbefinden","10":"product_cat-pflanzliche-nahrungsergaenzungsmittel","11":"product_cat-spirulina","12":"product_cat-vitamine-und-mineralstoffe","14":"first","15":"outofstock","16":"taxable","17":"shipping-taxable","18":"purchasable","19":"product-type-simple"},"yoast_head":"<!-- This site is optimized with the Yoast SEO plugin v27.5 - https:\/\/yoast.com\/product\/yoast-seo-wordpress\/ -->\n<title>Spirulina 500mg \u2013 180 Tabletten \u2013 Swanson | ecosupplements.ch<\/title>\n<meta name=\"description\" content=\"Swanson Spirulina 500mg \u2013 180 Tabletten mit 1 g Arthrospira platensis pro Portion, vegan und laktosefrei. Jetzt bestellen.\" \/>\n<meta name=\"robots\" content=\"index, follow, max-snippet:-1, max-image-preview:large, max-video-preview:-1\" \/>\n<link rel=\"canonical\" href=\"https:\/\/ecosupplements.ch\/?product=spirulina-500mg-180-tablets\" \/>\n<meta property=\"og:locale\" content=\"de_DE\" \/>\n<meta property=\"og:type\" content=\"article\" \/>\n<meta property=\"og:title\" content=\"Spirulina 500mg \u2013 180 Tabletten \u2013 Swanson | ecosupplements.ch\" \/>\n<meta property=\"og:description\" content=\"Swanson Spirulina 500mg \u2013 180 Tabletten mit 1 g Arthrospira platensis pro Portion, vegan und laktosefrei. Jetzt bestellen.\" \/>\n<meta property=\"og:url\" content=\"https:\/\/ecosupplements.ch\/?product=spirulina-500mg-180-tablets\" \/>\n<meta property=\"og:site_name\" content=\"Eco Supplements\" \/>\n<meta property=\"article:modified_time\" content=\"2026-05-13T07:24:09+00:00\" \/>\n<meta property=\"og:image\" content=\"https:\/\/ecosupplements.ch\/wp-content\/uploads\/2026\/05\/Spirulina-500mg-180-tablets.jpg\" \/>\n\t<meta property=\"og:image:width\" content=\"650\" \/>\n\t<meta property=\"og:image:height\" content=\"650\" \/>\n\t<meta property=\"og:image:type\" content=\"image\/jpeg\" \/>\n<meta name=\"twitter:card\" content=\"summary_large_image\" \/>\n<meta name=\"twitter:label1\" content=\"Price\" \/>\n\t<meta name=\"twitter:data1\" content=\"&#067;&#072;&#070;&nbsp;12.56\" \/>\n\t<meta name=\"twitter:label2\" content=\"Availability\" \/>\n\t<meta name=\"twitter:data2\" content=\"Out of stock\" \/>\n<script type=\"application\/ld+json\" class=\"yoast-schema-graph\">{\"@context\":\"https:\\\/\\\/schema.org\",\"@graph\":[{\"@type\":\"WebPage\",\"@id\":\"https:\\\/\\\/ecosupplements.ch\\\/?product=spirulina-500mg-180-tablets\",\"url\":\"https:\\\/\\\/ecosupplements.ch\\\/?product=spirulina-500mg-180-tablets\",\"name\":\"Spirulina 500mg \u2013 180 Tabletten \u2013 Swanson | ecosupplements.ch\",\"isPartOf\":{\"@id\":\"https:\\\/\\\/ecosupplements.ch\\\/#website\"},\"primaryImageOfPage\":{\"@id\":\"https:\\\/\\\/ecosupplements.ch\\\/?product=spirulina-500mg-180-tablets#primaryimage\"},\"image\":{\"@id\":\"https:\\\/\\\/ecosupplements.ch\\\/?product=spirulina-500mg-180-tablets#primaryimage\"},\"thumbnailUrl\":\"https:\\\/\\\/ecosupplements.ch\\\/wp-content\\\/uploads\\\/2026\\\/05\\\/Spirulina-500mg-180-tablets.jpg\",\"datePublished\":\"2026-05-11T14:26:47+00:00\",\"dateModified\":\"2026-05-13T07:24:09+00:00\",\"description\":\"Swanson Spirulina 500mg \u2013 180 Tabletten mit 1 g Arthrospira platensis pro Portion, vegan und laktosefrei. Jetzt bestellen.\",\"breadcrumb\":{\"@id\":\"https:\\\/\\\/ecosupplements.ch\\\/?product=spirulina-500mg-180-tablets#breadcrumb\"},\"inLanguage\":\"de-CH\",\"potentialAction\":[{\"@type\":\"ReadAction\",\"target\":[\"https:\\\/\\\/ecosupplements.ch\\\/?product=spirulina-500mg-180-tablets\"]}]},{\"@type\":\"ImageObject\",\"inLanguage\":\"de-CH\",\"@id\":\"https:\\\/\\\/ecosupplements.ch\\\/?product=spirulina-500mg-180-tablets#primaryimage\",\"url\":\"https:\\\/\\\/ecosupplements.ch\\\/wp-content\\\/uploads\\\/2026\\\/05\\\/Spirulina-500mg-180-tablets.jpg\",\"contentUrl\":\"https:\\\/\\\/ecosupplements.ch\\\/wp-content\\\/uploads\\\/2026\\\/05\\\/Spirulina-500mg-180-tablets.jpg\",\"width\":650,\"height\":650,\"caption\":\"Spirulina\"},{\"@type\":\"BreadcrumbList\",\"@id\":\"https:\\\/\\\/ecosupplements.ch\\\/?product=spirulina-500mg-180-tablets#breadcrumb\",\"itemListElement\":[{\"@type\":\"ListItem\",\"position\":1,\"name\":\"Home\",\"item\":\"https:\\\/\\\/ecosupplements.ch\\\/\"},{\"@type\":\"ListItem\",\"position\":2,\"name\":\"Shop\",\"item\":\"https:\\\/\\\/ecosupplements.ch\\\/?page_id=14\"},{\"@type\":\"ListItem\",\"position\":3,\"name\":\"Spirulina, 500mg &#8211; 180 tablets\"}]},{\"@type\":\"WebSite\",\"@id\":\"https:\\\/\\\/ecosupplements.ch\\\/#website\",\"url\":\"https:\\\/\\\/ecosupplements.ch\\\/\",\"name\":\"Eco Supplements\",\"description\":\"\",\"potentialAction\":[{\"@type\":\"SearchAction\",\"target\":{\"@type\":\"EntryPoint\",\"urlTemplate\":\"https:\\\/\\\/ecosupplements.ch\\\/?s={search_term_string}\"},\"query-input\":{\"@type\":\"PropertyValueSpecification\",\"valueRequired\":true,\"valueName\":\"search_term_string\"}}],\"inLanguage\":\"de-CH\"}]}<\/script>\n<meta property=\"product:price:amount\" content=\"12.56\" \/>\n<meta property=\"product:price:currency\" content=\"CHF\" \/>\n<meta property=\"og:availability\" content=\"out of stock\" \/>\n<meta property=\"product:availability\" content=\"out of stock\" \/>\n<meta property=\"product:retailer_item_id\" content=\"087614060101\" \/>\n<meta property=\"product:condition\" content=\"new\" \/>\n<!-- \/ Yoast SEO plugin. -->","yoast_head_json":{"title":"Spirulina 500mg \u2013 180 Tabletten \u2013 Swanson | ecosupplements.ch","description":"Swanson Spirulina 500mg \u2013 180 Tabletten mit 1 g Arthrospira platensis pro Portion, vegan und laktosefrei. Jetzt bestellen.","robots":{"index":"index","follow":"follow","max-snippet":"max-snippet:-1","max-image-preview":"max-image-preview:large","max-video-preview":"max-video-preview:-1"},"canonical":"https:\/\/ecosupplements.ch\/?product=spirulina-500mg-180-tablets","og_locale":"de_DE","og_type":"article","og_title":"Spirulina 500mg \u2013 180 Tabletten \u2013 Swanson | ecosupplements.ch","og_description":"Swanson Spirulina 500mg \u2013 180 Tabletten mit 1 g Arthrospira platensis pro Portion, vegan und laktosefrei. Jetzt bestellen.","og_url":"https:\/\/ecosupplements.ch\/?product=spirulina-500mg-180-tablets","og_site_name":"Eco Supplements","article_modified_time":"2026-05-13T07:24:09+00:00","og_image":[{"width":650,"height":650,"url":"https:\/\/ecosupplements.ch\/wp-content\/uploads\/2026\/05\/Spirulina-500mg-180-tablets.jpg","type":"image\/jpeg"}],"twitter_card":"summary_large_image","twitter_misc":{"Price":"&#67;&#72;&#70;&nbsp;12.56","Availability":"Out of stock"},"schema":{"@context":"https:\/\/schema.org","@graph":[{"@type":"WebPage","@id":"https:\/\/ecosupplements.ch\/?product=spirulina-500mg-180-tablets","url":"https:\/\/ecosupplements.ch\/?product=spirulina-500mg-180-tablets","name":"Spirulina 500mg \u2013 180 Tabletten \u2013 Swanson | ecosupplements.ch","isPartOf":{"@id":"https:\/\/ecosupplements.ch\/#website"},"primaryImageOfPage":{"@id":"https:\/\/ecosupplements.ch\/?product=spirulina-500mg-180-tablets#primaryimage"},"image":{"@id":"https:\/\/ecosupplements.ch\/?product=spirulina-500mg-180-tablets#primaryimage"},"thumbnailUrl":"https:\/\/ecosupplements.ch\/wp-content\/uploads\/2026\/05\/Spirulina-500mg-180-tablets.jpg","datePublished":"2026-05-11T14:26:47+00:00","dateModified":"2026-05-13T07:24:09+00:00","description":"Swanson Spirulina 500mg \u2013 180 Tabletten mit 1 g Arthrospira platensis pro Portion, vegan und laktosefrei. Jetzt bestellen.","breadcrumb":{"@id":"https:\/\/ecosupplements.ch\/?product=spirulina-500mg-180-tablets#breadcrumb"},"inLanguage":"de-CH","potentialAction":[{"@type":"ReadAction","target":["https:\/\/ecosupplements.ch\/?product=spirulina-500mg-180-tablets"]}]},{"@type":"ImageObject","inLanguage":"de-CH","@id":"https:\/\/ecosupplements.ch\/?product=spirulina-500mg-180-tablets#primaryimage","url":"https:\/\/ecosupplements.ch\/wp-content\/uploads\/2026\/05\/Spirulina-500mg-180-tablets.jpg","contentUrl":"https:\/\/ecosupplements.ch\/wp-content\/uploads\/2026\/05\/Spirulina-500mg-180-tablets.jpg","width":650,"height":650,"caption":"Spirulina"},{"@type":"BreadcrumbList","@id":"https:\/\/ecosupplements.ch\/?product=spirulina-500mg-180-tablets#breadcrumb","itemListElement":[{"@type":"ListItem","position":1,"name":"Home","item":"https:\/\/ecosupplements.ch\/"},{"@type":"ListItem","position":2,"name":"Shop","item":"https:\/\/ecosupplements.ch\/?page_id=14"},{"@type":"ListItem","position":3,"name":"Spirulina, 500mg &#8211; 180 tablets"}]},{"@type":"WebSite","@id":"https:\/\/ecosupplements.ch\/#website","url":"https:\/\/ecosupplements.ch\/","name":"Eco Supplements","description":"","potentialAction":[{"@type":"SearchAction","target":{"@type":"EntryPoint","urlTemplate":"https:\/\/ecosupplements.ch\/?s={search_term_string}"},"query-input":{"@type":"PropertyValueSpecification","valueRequired":true,"valueName":"search_term_string"}}],"inLanguage":"de-CH"}]},"product_price_amount":"12.56","product_price_currency":"CHF","og_availability":"out of stock","product_availability":"out of stock","product_retailer_item_id":"087614060101","product_condition":"new"},"_links":{"self":[{"href":"https:\/\/ecosupplements.ch\/index.php?rest_route=\/wp\/v2\/product\/1057","targetHints":{"allow":["GET"]}}],"collection":[{"href":"https:\/\/ecosupplements.ch\/index.php?rest_route=\/wp\/v2\/product"}],"about":[{"href":"https:\/\/ecosupplements.ch\/index.php?rest_route=\/wp\/v2\/types\/product"}],"replies":[{"embeddable":true,"href":"https:\/\/ecosupplements.ch\/index.php?rest_route=%2Fwp%2Fv2%2Fcomments&post=1057"}],"wp:featuredmedia":[{"embeddable":true,"href":"https:\/\/ecosupplements.ch\/index.php?rest_route=\/wp\/v2\/media\/1058"}],"wp:attachment":[{"href":"https:\/\/ecosupplements.ch\/index.php?rest_route=%2Fwp%2Fv2%2Fmedia&parent=1057"}],"wp:term":[{"taxonomy":"product_brand","embeddable":true,"href":"https:\/\/ecosupplements.ch\/index.php?rest_route=%2Fwp%2Fv2%2Fproduct_brand&post=1057"},{"taxonomy":"product_cat","embeddable":true,"href":"https:\/\/ecosupplements.ch\/index.php?rest_route=%2Fwp%2Fv2%2Fproduct_cat&post=1057"},{"taxonomy":"product_tag","embeddable":true,"href":"https:\/\/ecosupplements.ch\/index.php?rest_route=%2Fwp%2Fv2%2Fproduct_tag&post=1057"}],"curies":[{"name":"wp","href":"https:\/\/api.w.org\/{rel}","templated":true}]}}