{"id":1075,"date":"2026-05-11T14:26:54","date_gmt":"2026-05-11T14:26:54","guid":{"rendered":"https:\/\/ecosupplements.ch\/?product=tocotrienols-50mg-60-softgels"},"modified":"2026-05-13T07:24:12","modified_gmt":"2026-05-13T07:24:12","slug":"tocotrienols-50mg-60-softgels","status":"publish","type":"product","link":"https:\/\/ecosupplements.ch\/?product=tocotrienols-50mg-60-softgels","title":{"rendered":"Tocotrienols, 50mg &#8211; 60 softgels"},"content":{"rendered":"<div class=\"chcg-product-description\">\n<h2 class=\"chcg-heading\">\u00dcber Swanson \u2013 Tocotrienols, 50mg \u2013 60 Softgels<\/h2>\n<div class=\"chcg-intro\">\n<p>Tocotrienole geh\u00f6ren zur Vitamin-E-Familie und sind f\u00fcr ihre einzigartigen strukturellen Eigenschaften bekannt, die sie von den weitaus h\u00e4ufiger untersuchten Tocopherolen unterscheiden. Swanson Tocotrienols liefert 50 mg pro Softgel aus DeltaGold\u00ae \u2013 einem hochwertigen, standardisierten Tocotrienol-Extrakt, der aus dem Annatto-Strauch (<em>Bixa orellana<\/em>) gewonnen wird. Dieser Extrakt zeichnet sich durch einen besonders hohen Anteil an Delta-Tocotrienolen (mindestens 81 %) aus und enth\u00e4lt kein Alpha-Tocopherol, das die Aufnahme von Tocotrienolen hemmen kann.<\/p>\n<p>DeltaGold\u00ae ist eine patentierte und wissenschaftlich gut dokumentierte Tocotrienol-Form, die aus einer der reichhaltigsten nat\u00fcrlichen Quellen dieser Verbindungen stammt. Jede Softgel-Kapsel enth\u00e4lt mindestens 40,5 mg Delta-Tocotrienole und mindestens 4 mg Gamma-Tocotrienole, eingebettet in Soja\u00f6l f\u00fcr eine optimale Bioverf\u00fcgbarkeit der fettl\u00f6slichen Wirkstoffe.<\/p>\n<p>Das Produkt eignet sich f\u00fcr alle, die ihre t\u00e4gliche Ern\u00e4hrung gezielt mit einer hochwertigen, tocopherolfreien Tocotrienol-Quelle erg\u00e4nzen m\u00f6chten. Dank der praktischen Einmal-t\u00e4glich-Dosierung l\u00e4sst sich dieses Nahrungserg\u00e4nzungsmittel problemlos in den Alltag integrieren.<\/p>\n<\/p><\/div>\n<div class=\"chcg-nutrition\">\n<h3>N\u00e4hrwertangaben<\/h3>\n<table class=\"chcg-nutrition-table\">\n<thead>\n<tr>\n<th>N\u00e4hrstoff<\/th>\n<th>Pro Portion (1 Softgel)<\/th>\n<\/tr>\n<\/thead>\n<tbody>\n<tr>\n<td>Tocotrienole (aus DeltaGold\u00ae Tocotrienolen aus Annatto [<em>Bixa orellana<\/em>])<\/td>\n<td>50 mg *<\/td>\n<\/tr>\n<tr>\n<td>\u2013 delta-Tocotrienole (mindestens 81 %)<\/td>\n<td>ca. 40,5 mg *<\/td>\n<\/tr>\n<tr>\n<td>\u2013 gamma-Tocotrienole (mindestens 8 %)<\/td>\n<td>ca. 4 mg *<\/td>\n<\/tr>\n<\/tbody>\n<\/table>\n<p class=\"chcg-footnote\">* Kein festgelegter Tagesreferenzwert vorhanden.<\/p>\n<\/p><\/div>\n<div class=\"chcg-ingredients\">\n<h3>Zutaten<\/h3>\n<p>Tocotrienole (aus DeltaGold\u00ae Tocotrienolen aus Annatto [<em>Bixa orellana<\/em>]) 50 mg \u2013 delta-Tocotrienole mindestens 81 %, gamma-Tocotrienole mindestens 8 %. Weitere Zutaten: Gelatine, Soja\u00f6l, Glycerin, gereinigtes Wasser.<\/p>\n<p class=\"chcg-capsule-shell\">Softgel-H\u00fclle: Gelatine, Glycerin, gereinigtes Wasser.<\/p>\n<\/p><\/div>\n<div class=\"chcg-dosage\">\n<h3>Verzehrempfehlung<\/h3>\n<p>Als Nahrungserg\u00e4nzungsmittel eine Softgel-Kapsel pro Tag zu einer Mahlzeit mit Wasser einnehmen.<\/p>\n<\/p><\/div>\n<div class=\"chcg-warnings\">\n<h3>Warnhinweise<\/h3>\n<p>Nur f\u00fcr Erwachsene. Vor der Einnahme dieses oder eines anderen Produkts einen Arzt oder eine \u00c4rztin konsultieren, wenn Sie schwanger sind oder stillen, Medikamente einnehmen oder an einer Erkrankung leiden. Ausserhalb der Reichweite von Kindern aufbewahren. Nicht verwenden, wenn die Versiegelung besch\u00e4digt ist. Nicht k\u00fchlen.<\/p>\n<\/p><\/div>\n<div class=\"chcg-allergens\">\n<h3>Allergeninformationen<\/h3>\n<p>Enth\u00e4lt Soja (Soja\u00f6l). Enth\u00e4lt Sulfite.<\/p>\n<\/p><\/div>\n<div class=\"chcg-storage\">\n<h3>Lagerung<\/h3>\n<p>An einem k\u00fchlen, trockenen Ort lagern. Nicht k\u00fchlen.<\/p>\n<\/p><\/div>\n<div class=\"chcg-dietary\">\n<h3>Ern\u00e4hrungshinweise<\/h3>\n<ul>\n<li>Laktosefrei<\/li>\n<\/ul><\/div>\n<\/div>\n","protected":false},"excerpt":{"rendered":"<p>Swanson Tocotrienols liefert 50 mg DeltaGold\u00ae Tocotrienole aus Annatto pro Softgel-Kapsel, mit einem Anteil von mindestens 81 % Delta-Tocotrienolen. 60 Softgels f\u00fcr eine t\u00e4gliche, praktische Erg\u00e4nzung.<\/p>\n","protected":false},"featured_media":1076,"comment_status":"closed","ping_status":"open","template":"","meta":[],"product_brand":[16],"product_cat":[48,25,26,21],"product_tag":[],"class_list":{"0":"post-1075","1":"product","2":"type-product","3":"status-publish","4":"has-post-thumbnail","6":"product_brand-swanson","7":"product_cat-gesunde-ernaehrung","8":"product_cat-gesundheit-und-wohlbefinden","9":"product_cat-multivitamine","10":"product_cat-vitamine-und-mineralstoffe","12":"first","13":"outofstock","14":"taxable","15":"shipping-taxable","16":"purchasable","17":"product-type-simple"},"yoast_head":"<!-- This site is optimized with the Yoast SEO plugin v27.5 - https:\/\/yoast.com\/product\/yoast-seo-wordpress\/ -->\n<title>Tocotrienols 50mg \u2013 Swanson | ecosupplements.ch<\/title>\n<meta name=\"description\" content=\"Swanson Tocotrienols mit 50 mg DeltaGold\u00ae pro Softgel \u2013 hochwertige Tocotrienole aus Annatto, 60 Softgels. Jetzt bestellen.\" \/>\n<meta name=\"robots\" content=\"index, follow, max-snippet:-1, max-image-preview:large, max-video-preview:-1\" \/>\n<link rel=\"canonical\" href=\"https:\/\/ecosupplements.ch\/?product=tocotrienols-50mg-60-softgels\" \/>\n<meta property=\"og:locale\" content=\"de_DE\" \/>\n<meta property=\"og:type\" content=\"article\" \/>\n<meta property=\"og:title\" content=\"Tocotrienols 50mg \u2013 Swanson | ecosupplements.ch\" \/>\n<meta property=\"og:description\" content=\"Swanson Tocotrienols mit 50 mg DeltaGold\u00ae pro Softgel \u2013 hochwertige Tocotrienole aus Annatto, 60 Softgels. Jetzt bestellen.\" \/>\n<meta property=\"og:url\" content=\"https:\/\/ecosupplements.ch\/?product=tocotrienols-50mg-60-softgels\" \/>\n<meta property=\"og:site_name\" content=\"Eco Supplements\" \/>\n<meta property=\"article:modified_time\" content=\"2026-05-13T07:24:12+00:00\" \/>\n<meta property=\"og:image\" content=\"https:\/\/ecosupplements.ch\/wp-content\/uploads\/2026\/05\/Tocotrienols-50mg-60-softgels.jpg\" \/>\n\t<meta property=\"og:image:width\" content=\"650\" \/>\n\t<meta property=\"og:image:height\" content=\"650\" \/>\n\t<meta property=\"og:image:type\" content=\"image\/jpeg\" \/>\n<meta name=\"twitter:card\" content=\"summary_large_image\" \/>\n<meta name=\"twitter:label1\" content=\"Price\" \/>\n\t<meta name=\"twitter:data1\" content=\"&#067;&#072;&#070;&nbsp;28.45\" \/>\n\t<meta name=\"twitter:label2\" content=\"Availability\" \/>\n\t<meta name=\"twitter:data2\" content=\"Out of stock\" \/>\n<script type=\"application\/ld+json\" class=\"yoast-schema-graph\">{\"@context\":\"https:\\\/\\\/schema.org\",\"@graph\":[{\"@type\":\"WebPage\",\"@id\":\"https:\\\/\\\/ecosupplements.ch\\\/?product=tocotrienols-50mg-60-softgels\",\"url\":\"https:\\\/\\\/ecosupplements.ch\\\/?product=tocotrienols-50mg-60-softgels\",\"name\":\"Tocotrienols 50mg \u2013 Swanson | ecosupplements.ch\",\"isPartOf\":{\"@id\":\"https:\\\/\\\/ecosupplements.ch\\\/#website\"},\"primaryImageOfPage\":{\"@id\":\"https:\\\/\\\/ecosupplements.ch\\\/?product=tocotrienols-50mg-60-softgels#primaryimage\"},\"image\":{\"@id\":\"https:\\\/\\\/ecosupplements.ch\\\/?product=tocotrienols-50mg-60-softgels#primaryimage\"},\"thumbnailUrl\":\"https:\\\/\\\/ecosupplements.ch\\\/wp-content\\\/uploads\\\/2026\\\/05\\\/Tocotrienols-50mg-60-softgels.jpg\",\"datePublished\":\"2026-05-11T14:26:54+00:00\",\"dateModified\":\"2026-05-13T07:24:12+00:00\",\"description\":\"Swanson Tocotrienols mit 50 mg DeltaGold\u00ae pro Softgel \u2013 hochwertige Tocotrienole aus Annatto, 60 Softgels. Jetzt bestellen.\",\"breadcrumb\":{\"@id\":\"https:\\\/\\\/ecosupplements.ch\\\/?product=tocotrienols-50mg-60-softgels#breadcrumb\"},\"inLanguage\":\"de-CH\",\"potentialAction\":[{\"@type\":\"ReadAction\",\"target\":[\"https:\\\/\\\/ecosupplements.ch\\\/?product=tocotrienols-50mg-60-softgels\"]}]},{\"@type\":\"ImageObject\",\"inLanguage\":\"de-CH\",\"@id\":\"https:\\\/\\\/ecosupplements.ch\\\/?product=tocotrienols-50mg-60-softgels#primaryimage\",\"url\":\"https:\\\/\\\/ecosupplements.ch\\\/wp-content\\\/uploads\\\/2026\\\/05\\\/Tocotrienols-50mg-60-softgels.jpg\",\"contentUrl\":\"https:\\\/\\\/ecosupplements.ch\\\/wp-content\\\/uploads\\\/2026\\\/05\\\/Tocotrienols-50mg-60-softgels.jpg\",\"width\":650,\"height\":650,\"caption\":\"Tocotrienols\"},{\"@type\":\"BreadcrumbList\",\"@id\":\"https:\\\/\\\/ecosupplements.ch\\\/?product=tocotrienols-50mg-60-softgels#breadcrumb\",\"itemListElement\":[{\"@type\":\"ListItem\",\"position\":1,\"name\":\"Home\",\"item\":\"https:\\\/\\\/ecosupplements.ch\\\/\"},{\"@type\":\"ListItem\",\"position\":2,\"name\":\"Shop\",\"item\":\"https:\\\/\\\/ecosupplements.ch\\\/?page_id=14\"},{\"@type\":\"ListItem\",\"position\":3,\"name\":\"Tocotrienols, 50mg &#8211; 60 softgels\"}]},{\"@type\":\"WebSite\",\"@id\":\"https:\\\/\\\/ecosupplements.ch\\\/#website\",\"url\":\"https:\\\/\\\/ecosupplements.ch\\\/\",\"name\":\"Eco Supplements\",\"description\":\"\",\"potentialAction\":[{\"@type\":\"SearchAction\",\"target\":{\"@type\":\"EntryPoint\",\"urlTemplate\":\"https:\\\/\\\/ecosupplements.ch\\\/?s={search_term_string}\"},\"query-input\":{\"@type\":\"PropertyValueSpecification\",\"valueRequired\":true,\"valueName\":\"search_term_string\"}}],\"inLanguage\":\"de-CH\"}]}<\/script>\n<meta property=\"product:price:amount\" content=\"28.45\" \/>\n<meta property=\"product:price:currency\" content=\"CHF\" \/>\n<meta property=\"og:availability\" content=\"out of stock\" \/>\n<meta property=\"product:availability\" content=\"out of stock\" \/>\n<meta property=\"product:retailer_item_id\" content=\"087614025261\" \/>\n<meta property=\"product:condition\" content=\"new\" \/>\n<!-- \/ Yoast SEO plugin. -->","yoast_head_json":{"title":"Tocotrienols 50mg \u2013 Swanson | ecosupplements.ch","description":"Swanson Tocotrienols mit 50 mg DeltaGold\u00ae pro Softgel \u2013 hochwertige Tocotrienole aus Annatto, 60 Softgels. Jetzt bestellen.","robots":{"index":"index","follow":"follow","max-snippet":"max-snippet:-1","max-image-preview":"max-image-preview:large","max-video-preview":"max-video-preview:-1"},"canonical":"https:\/\/ecosupplements.ch\/?product=tocotrienols-50mg-60-softgels","og_locale":"de_DE","og_type":"article","og_title":"Tocotrienols 50mg \u2013 Swanson | ecosupplements.ch","og_description":"Swanson Tocotrienols mit 50 mg DeltaGold\u00ae pro Softgel \u2013 hochwertige Tocotrienole aus Annatto, 60 Softgels. Jetzt bestellen.","og_url":"https:\/\/ecosupplements.ch\/?product=tocotrienols-50mg-60-softgels","og_site_name":"Eco Supplements","article_modified_time":"2026-05-13T07:24:12+00:00","og_image":[{"width":650,"height":650,"url":"https:\/\/ecosupplements.ch\/wp-content\/uploads\/2026\/05\/Tocotrienols-50mg-60-softgels.jpg","type":"image\/jpeg"}],"twitter_card":"summary_large_image","twitter_misc":{"Price":"&#67;&#72;&#70;&nbsp;28.45","Availability":"Out of stock"},"schema":{"@context":"https:\/\/schema.org","@graph":[{"@type":"WebPage","@id":"https:\/\/ecosupplements.ch\/?product=tocotrienols-50mg-60-softgels","url":"https:\/\/ecosupplements.ch\/?product=tocotrienols-50mg-60-softgels","name":"Tocotrienols 50mg \u2013 Swanson | ecosupplements.ch","isPartOf":{"@id":"https:\/\/ecosupplements.ch\/#website"},"primaryImageOfPage":{"@id":"https:\/\/ecosupplements.ch\/?product=tocotrienols-50mg-60-softgels#primaryimage"},"image":{"@id":"https:\/\/ecosupplements.ch\/?product=tocotrienols-50mg-60-softgels#primaryimage"},"thumbnailUrl":"https:\/\/ecosupplements.ch\/wp-content\/uploads\/2026\/05\/Tocotrienols-50mg-60-softgels.jpg","datePublished":"2026-05-11T14:26:54+00:00","dateModified":"2026-05-13T07:24:12+00:00","description":"Swanson Tocotrienols mit 50 mg DeltaGold\u00ae pro Softgel \u2013 hochwertige Tocotrienole aus Annatto, 60 Softgels. Jetzt bestellen.","breadcrumb":{"@id":"https:\/\/ecosupplements.ch\/?product=tocotrienols-50mg-60-softgels#breadcrumb"},"inLanguage":"de-CH","potentialAction":[{"@type":"ReadAction","target":["https:\/\/ecosupplements.ch\/?product=tocotrienols-50mg-60-softgels"]}]},{"@type":"ImageObject","inLanguage":"de-CH","@id":"https:\/\/ecosupplements.ch\/?product=tocotrienols-50mg-60-softgels#primaryimage","url":"https:\/\/ecosupplements.ch\/wp-content\/uploads\/2026\/05\/Tocotrienols-50mg-60-softgels.jpg","contentUrl":"https:\/\/ecosupplements.ch\/wp-content\/uploads\/2026\/05\/Tocotrienols-50mg-60-softgels.jpg","width":650,"height":650,"caption":"Tocotrienols"},{"@type":"BreadcrumbList","@id":"https:\/\/ecosupplements.ch\/?product=tocotrienols-50mg-60-softgels#breadcrumb","itemListElement":[{"@type":"ListItem","position":1,"name":"Home","item":"https:\/\/ecosupplements.ch\/"},{"@type":"ListItem","position":2,"name":"Shop","item":"https:\/\/ecosupplements.ch\/?page_id=14"},{"@type":"ListItem","position":3,"name":"Tocotrienols, 50mg &#8211; 60 softgels"}]},{"@type":"WebSite","@id":"https:\/\/ecosupplements.ch\/#website","url":"https:\/\/ecosupplements.ch\/","name":"Eco Supplements","description":"","potentialAction":[{"@type":"SearchAction","target":{"@type":"EntryPoint","urlTemplate":"https:\/\/ecosupplements.ch\/?s={search_term_string}"},"query-input":{"@type":"PropertyValueSpecification","valueRequired":true,"valueName":"search_term_string"}}],"inLanguage":"de-CH"}]},"product_price_amount":"28.45","product_price_currency":"CHF","og_availability":"out of stock","product_availability":"out of stock","product_retailer_item_id":"087614025261","product_condition":"new"},"_links":{"self":[{"href":"https:\/\/ecosupplements.ch\/index.php?rest_route=\/wp\/v2\/product\/1075","targetHints":{"allow":["GET"]}}],"collection":[{"href":"https:\/\/ecosupplements.ch\/index.php?rest_route=\/wp\/v2\/product"}],"about":[{"href":"https:\/\/ecosupplements.ch\/index.php?rest_route=\/wp\/v2\/types\/product"}],"replies":[{"embeddable":true,"href":"https:\/\/ecosupplements.ch\/index.php?rest_route=%2Fwp%2Fv2%2Fcomments&post=1075"}],"wp:featuredmedia":[{"embeddable":true,"href":"https:\/\/ecosupplements.ch\/index.php?rest_route=\/wp\/v2\/media\/1076"}],"wp:attachment":[{"href":"https:\/\/ecosupplements.ch\/index.php?rest_route=%2Fwp%2Fv2%2Fmedia&parent=1075"}],"wp:term":[{"taxonomy":"product_brand","embeddable":true,"href":"https:\/\/ecosupplements.ch\/index.php?rest_route=%2Fwp%2Fv2%2Fproduct_brand&post=1075"},{"taxonomy":"product_cat","embeddable":true,"href":"https:\/\/ecosupplements.ch\/index.php?rest_route=%2Fwp%2Fv2%2Fproduct_cat&post=1075"},{"taxonomy":"product_tag","embeddable":true,"href":"https:\/\/ecosupplements.ch\/index.php?rest_route=%2Fwp%2Fv2%2Fproduct_tag&post=1075"}],"curies":[{"name":"wp","href":"https:\/\/api.w.org\/{rel}","templated":true}]}}