{"id":1079,"date":"2026-05-11T14:26:55","date_gmt":"2026-05-11T14:26:55","guid":{"rendered":"https:\/\/ecosupplements.ch\/?product=triple-magnesium-complex-400mg-30-caps"},"modified":"2026-05-13T07:24:12","modified_gmt":"2026-05-13T07:24:12","slug":"triple-magnesium-complex-400mg-30-caps","status":"publish","type":"product","link":"https:\/\/ecosupplements.ch\/?product=triple-magnesium-complex-400mg-30-caps","title":{"rendered":"Triple Magnesium Complex, 400mg &#8211; 30 caps"},"content":{"rendered":"<div class=\"chcg-product-description\">\n<h2 class=\"chcg-heading\">\u00dcber Swanson \u2013 Triple Magnesium Complex, 400mg \u2013 30 Kapseln<\/h2>\n<div class=\"chcg-intro\">\n<p>Der Triple Magnesium Complex von Swanson kombiniert drei hochwertige Magnesiumformen \u2013 Magnesiumoxid, Magnesiumcitrat und Magnesiumaspartat \u2013 in einer einzigen Kapsel mit 400 mg Magnesium pro Portion. Diese Kombination unterschiedlicher Verbindungen unterst\u00fctzt eine gute Bioverf\u00fcgbarkeit und eine umfassende Versorgung mit diesem essenziellen Mineralstoff.<\/p>\n<p>Magnesium tr\u00e4gt zu einem normalen Energiestoffwechsel, zur normalen Muskelfunktion sowie zur normalen Funktion des Nervensystems bei. Ausserdem leistet es einen Beitrag zur Verringerung von M\u00fcdigkeit und Ersch\u00f6pfung und unterst\u00fctzt die normale psychische Funktion.<\/p>\n<p>Mit 95 % des Tagesbedarfs pro Kapsel eignet sich dieses Produkt ideal f\u00fcr Personen, die ihren t\u00e4glichen Magnesiumbedarf gezielt und unkompliziert decken m\u00f6chten \u2013 in einer praktischen Packungsgr\u00f6sse mit 30 Kapseln.<\/p>\n<\/p><\/div>\n<div class=\"chcg-nutrition\">\n<h3>N\u00e4hrwertangaben<\/h3>\n<table class=\"chcg-nutrition-table\">\n<thead>\n<tr>\n<th>N\u00e4hrstoff<\/th>\n<th>Pro Portion (1 Kapsel)<\/th>\n<\/tr>\n<\/thead>\n<tbody>\n<tr>\n<td>Magnesium (aus Magnesiumoxid, Magnesiumcitrat, Magnesiumaspartat)<\/td>\n<td>400 mg (95 % NRV*)<\/td>\n<\/tr>\n<\/tbody>\n<\/table>\n<p class=\"chcg-footnote\">* Prozentsatz der N\u00e4hrstoffbezugswerte (NRV) gem\u00e4ss empfohlenem Tagesbedarf.<\/p>\n<\/p><\/div>\n<div class=\"chcg-ingredients\">\n<h3>Zutaten<\/h3>\n<p>Magnesium (aus Magnesiumoxid, Magnesiumcitrat, Magnesiumaspartat) 400 mg (95 % NRV). Weitere Zutaten: Gelatine, Reismehl, Magnesiumstearat, Siliziumdioxid.<\/p>\n<p class=\"chcg-capsule-shell\">Kapselh\u00fclle: Gelatine<\/p>\n<\/p><\/div>\n<div class=\"chcg-dosage\">\n<h3>Verzehrempfehlung<\/h3>\n<p>Als Nahrungserg\u00e4nzungsmittel eine Kapsel pro Tag zusammen mit einer Mahlzeit und ausreichend Wasser einnehmen.<\/p>\n<\/p><\/div>\n<div class=\"chcg-warnings\">\n<h3>Warnhinweise<\/h3>\n<p>Nur f\u00fcr Erwachsene. Vor der Einnahme dieses oder eines anderen Produkts einen Arzt oder eine \u00c4rztin konsultieren, wenn Sie schwanger sind oder stillen, Medikamente einnehmen oder an einer Erkrankung leiden.<\/p>\n<\/p><\/div>\n<div class=\"chcg-allergens\">\n<h3>Allergeninformationen<\/h3>\n<p>Auf dem Etikett sind keine spezifischen Allergene deklariert. Das Produkt enth\u00e4lt Gelatine (vom Rind). Nicht einnehmen bei bekannter Empfindlichkeit gegen\u00fcber einem der enthaltenen Inhaltsstoffe.<\/p>\n<\/p><\/div>\n<div class=\"chcg-storage\">\n<h3>Lagerung<\/h3>\n<p>Ausserhalb der Reichweite von Kindern aufbewahren. Nicht verwenden, wenn die Versiegelung besch\u00e4digt ist. An einem k\u00fchlen, trockenen Ort lagern.<\/p>\n<\/p><\/div>\n<div class=\"chcg-dietary\">\n<h3>Ern\u00e4hrungshinweise<\/h3>\n<ul>\n<li>Glutenfrei<\/li>\n<\/ul><\/div>\n<\/div>\n","protected":false},"excerpt":{"rendered":"<p>Triple Magnesium Complex von Swanson liefert 400 mg Magnesium aus drei kombinierten Verbindungen pro Kapsel und unterst\u00fctzt Energiestoffwechsel, Muskelfunktion und Nervensystem. Praktische Packung mit 30 Kapseln f\u00fcr den t\u00e4glichen Bedarf.<\/p>\n","protected":false},"featured_media":1080,"comment_status":"closed","ping_status":"open","template":"","meta":[],"product_brand":[16],"product_cat":[23,48,25,171,21],"product_tag":[],"class_list":{"0":"post-1079","1":"product","2":"type-product","3":"status-publish","4":"has-post-thumbnail","6":"product_brand-swanson","7":"product_cat-einige-mineralien","8":"product_cat-gesunde-ernaehrung","9":"product_cat-gesundheit-und-wohlbefinden","10":"product_cat-vitamine-und-mineralien","11":"product_cat-vitamine-und-mineralstoffe","13":"first","14":"outofstock","15":"taxable","16":"shipping-taxable","17":"purchasable","18":"product-type-simple"},"yoast_head":"<!-- This site is optimized with the Yoast SEO plugin v27.5 - https:\/\/yoast.com\/product\/yoast-seo-wordpress\/ -->\n<title>Triple Magnesium Complex 400mg \u2013 Swanson | ecosupplements.ch<\/title>\n<meta name=\"description\" content=\"400 mg Magnesium aus drei Verbindungen pro Kapsel \u2013 f\u00fcr Energiestoffwechsel und Muskelfunktion. 30 Kapseln von Swanson. Jetzt bestellen.\" \/>\n<meta name=\"robots\" content=\"index, follow, max-snippet:-1, max-image-preview:large, max-video-preview:-1\" \/>\n<link rel=\"canonical\" href=\"https:\/\/ecosupplements.ch\/?product=triple-magnesium-complex-400mg-30-caps\" \/>\n<meta property=\"og:locale\" content=\"de_DE\" \/>\n<meta property=\"og:type\" content=\"article\" \/>\n<meta property=\"og:title\" content=\"Triple Magnesium Complex 400mg \u2013 Swanson | ecosupplements.ch\" \/>\n<meta property=\"og:description\" content=\"400 mg Magnesium aus drei Verbindungen pro Kapsel \u2013 f\u00fcr Energiestoffwechsel und Muskelfunktion. 30 Kapseln von Swanson. Jetzt bestellen.\" \/>\n<meta property=\"og:url\" content=\"https:\/\/ecosupplements.ch\/?product=triple-magnesium-complex-400mg-30-caps\" \/>\n<meta property=\"og:site_name\" content=\"Eco Supplements\" \/>\n<meta property=\"article:modified_time\" content=\"2026-05-13T07:24:12+00:00\" \/>\n<meta property=\"og:image\" content=\"https:\/\/ecosupplements.ch\/wp-content\/uploads\/2026\/05\/Triple-Magnesium-Complex-400mg-30-caps.jpg\" \/>\n\t<meta property=\"og:image:width\" content=\"650\" \/>\n\t<meta property=\"og:image:height\" content=\"650\" \/>\n\t<meta property=\"og:image:type\" content=\"image\/jpeg\" \/>\n<meta name=\"twitter:card\" content=\"summary_large_image\" \/>\n<meta name=\"twitter:label1\" content=\"Price\" \/>\n\t<meta name=\"twitter:data1\" content=\"&#067;&#072;&#070;&nbsp;2.74\" \/>\n\t<meta name=\"twitter:label2\" content=\"Availability\" \/>\n\t<meta name=\"twitter:data2\" content=\"Out of stock\" \/>\n<script type=\"application\/ld+json\" class=\"yoast-schema-graph\">{\"@context\":\"https:\\\/\\\/schema.org\",\"@graph\":[{\"@type\":\"WebPage\",\"@id\":\"https:\\\/\\\/ecosupplements.ch\\\/?product=triple-magnesium-complex-400mg-30-caps\",\"url\":\"https:\\\/\\\/ecosupplements.ch\\\/?product=triple-magnesium-complex-400mg-30-caps\",\"name\":\"Triple Magnesium Complex 400mg \u2013 Swanson | ecosupplements.ch\",\"isPartOf\":{\"@id\":\"https:\\\/\\\/ecosupplements.ch\\\/#website\"},\"primaryImageOfPage\":{\"@id\":\"https:\\\/\\\/ecosupplements.ch\\\/?product=triple-magnesium-complex-400mg-30-caps#primaryimage\"},\"image\":{\"@id\":\"https:\\\/\\\/ecosupplements.ch\\\/?product=triple-magnesium-complex-400mg-30-caps#primaryimage\"},\"thumbnailUrl\":\"https:\\\/\\\/ecosupplements.ch\\\/wp-content\\\/uploads\\\/2026\\\/05\\\/Triple-Magnesium-Complex-400mg-30-caps.jpg\",\"datePublished\":\"2026-05-11T14:26:55+00:00\",\"dateModified\":\"2026-05-13T07:24:12+00:00\",\"description\":\"400 mg Magnesium aus drei Verbindungen pro Kapsel \u2013 f\u00fcr Energiestoffwechsel und Muskelfunktion. 30 Kapseln von Swanson. Jetzt bestellen.\",\"breadcrumb\":{\"@id\":\"https:\\\/\\\/ecosupplements.ch\\\/?product=triple-magnesium-complex-400mg-30-caps#breadcrumb\"},\"inLanguage\":\"de-CH\",\"potentialAction\":[{\"@type\":\"ReadAction\",\"target\":[\"https:\\\/\\\/ecosupplements.ch\\\/?product=triple-magnesium-complex-400mg-30-caps\"]}]},{\"@type\":\"ImageObject\",\"inLanguage\":\"de-CH\",\"@id\":\"https:\\\/\\\/ecosupplements.ch\\\/?product=triple-magnesium-complex-400mg-30-caps#primaryimage\",\"url\":\"https:\\\/\\\/ecosupplements.ch\\\/wp-content\\\/uploads\\\/2026\\\/05\\\/Triple-Magnesium-Complex-400mg-30-caps.jpg\",\"contentUrl\":\"https:\\\/\\\/ecosupplements.ch\\\/wp-content\\\/uploads\\\/2026\\\/05\\\/Triple-Magnesium-Complex-400mg-30-caps.jpg\",\"width\":650,\"height\":650,\"caption\":\"Triple Magnesium Complex\"},{\"@type\":\"BreadcrumbList\",\"@id\":\"https:\\\/\\\/ecosupplements.ch\\\/?product=triple-magnesium-complex-400mg-30-caps#breadcrumb\",\"itemListElement\":[{\"@type\":\"ListItem\",\"position\":1,\"name\":\"Home\",\"item\":\"https:\\\/\\\/ecosupplements.ch\\\/\"},{\"@type\":\"ListItem\",\"position\":2,\"name\":\"Shop\",\"item\":\"https:\\\/\\\/ecosupplements.ch\\\/?page_id=14\"},{\"@type\":\"ListItem\",\"position\":3,\"name\":\"Triple Magnesium Complex, 400mg &#8211; 30 caps\"}]},{\"@type\":\"WebSite\",\"@id\":\"https:\\\/\\\/ecosupplements.ch\\\/#website\",\"url\":\"https:\\\/\\\/ecosupplements.ch\\\/\",\"name\":\"Eco Supplements\",\"description\":\"\",\"potentialAction\":[{\"@type\":\"SearchAction\",\"target\":{\"@type\":\"EntryPoint\",\"urlTemplate\":\"https:\\\/\\\/ecosupplements.ch\\\/?s={search_term_string}\"},\"query-input\":{\"@type\":\"PropertyValueSpecification\",\"valueRequired\":true,\"valueName\":\"search_term_string\"}}],\"inLanguage\":\"de-CH\"}]}<\/script>\n<meta property=\"product:price:amount\" content=\"2.74\" \/>\n<meta property=\"product:price:currency\" content=\"CHF\" \/>\n<meta property=\"og:availability\" content=\"out of stock\" \/>\n<meta property=\"product:availability\" content=\"out of stock\" \/>\n<meta property=\"product:retailer_item_id\" content=\"087614112435\" \/>\n<meta property=\"product:condition\" content=\"new\" \/>\n<!-- \/ Yoast SEO plugin. -->","yoast_head_json":{"title":"Triple Magnesium Complex 400mg \u2013 Swanson | ecosupplements.ch","description":"400 mg Magnesium aus drei Verbindungen pro Kapsel \u2013 f\u00fcr Energiestoffwechsel und Muskelfunktion. 30 Kapseln von Swanson. Jetzt bestellen.","robots":{"index":"index","follow":"follow","max-snippet":"max-snippet:-1","max-image-preview":"max-image-preview:large","max-video-preview":"max-video-preview:-1"},"canonical":"https:\/\/ecosupplements.ch\/?product=triple-magnesium-complex-400mg-30-caps","og_locale":"de_DE","og_type":"article","og_title":"Triple Magnesium Complex 400mg \u2013 Swanson | ecosupplements.ch","og_description":"400 mg Magnesium aus drei Verbindungen pro Kapsel \u2013 f\u00fcr Energiestoffwechsel und Muskelfunktion. 30 Kapseln von Swanson. Jetzt bestellen.","og_url":"https:\/\/ecosupplements.ch\/?product=triple-magnesium-complex-400mg-30-caps","og_site_name":"Eco Supplements","article_modified_time":"2026-05-13T07:24:12+00:00","og_image":[{"width":650,"height":650,"url":"https:\/\/ecosupplements.ch\/wp-content\/uploads\/2026\/05\/Triple-Magnesium-Complex-400mg-30-caps.jpg","type":"image\/jpeg"}],"twitter_card":"summary_large_image","twitter_misc":{"Price":"&#67;&#72;&#70;&nbsp;2.74","Availability":"Out of stock"},"schema":{"@context":"https:\/\/schema.org","@graph":[{"@type":"WebPage","@id":"https:\/\/ecosupplements.ch\/?product=triple-magnesium-complex-400mg-30-caps","url":"https:\/\/ecosupplements.ch\/?product=triple-magnesium-complex-400mg-30-caps","name":"Triple Magnesium Complex 400mg \u2013 Swanson | ecosupplements.ch","isPartOf":{"@id":"https:\/\/ecosupplements.ch\/#website"},"primaryImageOfPage":{"@id":"https:\/\/ecosupplements.ch\/?product=triple-magnesium-complex-400mg-30-caps#primaryimage"},"image":{"@id":"https:\/\/ecosupplements.ch\/?product=triple-magnesium-complex-400mg-30-caps#primaryimage"},"thumbnailUrl":"https:\/\/ecosupplements.ch\/wp-content\/uploads\/2026\/05\/Triple-Magnesium-Complex-400mg-30-caps.jpg","datePublished":"2026-05-11T14:26:55+00:00","dateModified":"2026-05-13T07:24:12+00:00","description":"400 mg Magnesium aus drei Verbindungen pro Kapsel \u2013 f\u00fcr Energiestoffwechsel und Muskelfunktion. 30 Kapseln von Swanson. Jetzt bestellen.","breadcrumb":{"@id":"https:\/\/ecosupplements.ch\/?product=triple-magnesium-complex-400mg-30-caps#breadcrumb"},"inLanguage":"de-CH","potentialAction":[{"@type":"ReadAction","target":["https:\/\/ecosupplements.ch\/?product=triple-magnesium-complex-400mg-30-caps"]}]},{"@type":"ImageObject","inLanguage":"de-CH","@id":"https:\/\/ecosupplements.ch\/?product=triple-magnesium-complex-400mg-30-caps#primaryimage","url":"https:\/\/ecosupplements.ch\/wp-content\/uploads\/2026\/05\/Triple-Magnesium-Complex-400mg-30-caps.jpg","contentUrl":"https:\/\/ecosupplements.ch\/wp-content\/uploads\/2026\/05\/Triple-Magnesium-Complex-400mg-30-caps.jpg","width":650,"height":650,"caption":"Triple Magnesium Complex"},{"@type":"BreadcrumbList","@id":"https:\/\/ecosupplements.ch\/?product=triple-magnesium-complex-400mg-30-caps#breadcrumb","itemListElement":[{"@type":"ListItem","position":1,"name":"Home","item":"https:\/\/ecosupplements.ch\/"},{"@type":"ListItem","position":2,"name":"Shop","item":"https:\/\/ecosupplements.ch\/?page_id=14"},{"@type":"ListItem","position":3,"name":"Triple Magnesium Complex, 400mg &#8211; 30 caps"}]},{"@type":"WebSite","@id":"https:\/\/ecosupplements.ch\/#website","url":"https:\/\/ecosupplements.ch\/","name":"Eco Supplements","description":"","potentialAction":[{"@type":"SearchAction","target":{"@type":"EntryPoint","urlTemplate":"https:\/\/ecosupplements.ch\/?s={search_term_string}"},"query-input":{"@type":"PropertyValueSpecification","valueRequired":true,"valueName":"search_term_string"}}],"inLanguage":"de-CH"}]},"product_price_amount":"2.74","product_price_currency":"CHF","og_availability":"out of stock","product_availability":"out of stock","product_retailer_item_id":"087614112435","product_condition":"new"},"_links":{"self":[{"href":"https:\/\/ecosupplements.ch\/index.php?rest_route=\/wp\/v2\/product\/1079","targetHints":{"allow":["GET"]}}],"collection":[{"href":"https:\/\/ecosupplements.ch\/index.php?rest_route=\/wp\/v2\/product"}],"about":[{"href":"https:\/\/ecosupplements.ch\/index.php?rest_route=\/wp\/v2\/types\/product"}],"replies":[{"embeddable":true,"href":"https:\/\/ecosupplements.ch\/index.php?rest_route=%2Fwp%2Fv2%2Fcomments&post=1079"}],"wp:featuredmedia":[{"embeddable":true,"href":"https:\/\/ecosupplements.ch\/index.php?rest_route=\/wp\/v2\/media\/1080"}],"wp:attachment":[{"href":"https:\/\/ecosupplements.ch\/index.php?rest_route=%2Fwp%2Fv2%2Fmedia&parent=1079"}],"wp:term":[{"taxonomy":"product_brand","embeddable":true,"href":"https:\/\/ecosupplements.ch\/index.php?rest_route=%2Fwp%2Fv2%2Fproduct_brand&post=1079"},{"taxonomy":"product_cat","embeddable":true,"href":"https:\/\/ecosupplements.ch\/index.php?rest_route=%2Fwp%2Fv2%2Fproduct_cat&post=1079"},{"taxonomy":"product_tag","embeddable":true,"href":"https:\/\/ecosupplements.ch\/index.php?rest_route=%2Fwp%2Fv2%2Fproduct_tag&post=1079"}],"curies":[{"name":"wp","href":"https:\/\/api.w.org\/{rel}","templated":true}]}}