{"id":1083,"date":"2026-05-11T14:26:56","date_gmt":"2026-05-11T14:26:56","guid":{"rendered":"https:\/\/ecosupplements.ch\/?product=full-spectrum-turmeric-720mg-100-caps"},"modified":"2026-05-13T07:24:12","modified_gmt":"2026-05-13T07:24:12","slug":"full-spectrum-turmeric-720mg-100-caps","status":"publish","type":"product","link":"https:\/\/ecosupplements.ch\/?product=full-spectrum-turmeric-720mg-100-caps","title":{"rendered":"Full Spectrum Turmeric, 720mg &#8211; 100 caps"},"content":{"rendered":"<div class=\"chcg-product-description\">\n<h2 class=\"chcg-heading\">\u00dcber Swanson \u2013 Full Spectrum Turmeric, 720mg \u2013 100 Kapseln<\/h2>\n<div class=\"chcg-intro\">\n<p>Kurkuma (Curcuma longa) geh\u00f6rt zu den bekanntesten Gew\u00fcrzpflanzen der Welt und wird seit Jahrhunderten in der traditionellen asiatischen K\u00fcche und Naturheilkunde gesch\u00e4tzt. Swanson Full Spectrum Turmeric liefert pro Tagesportion 1440 mg reines Kurkuma-Rhizom-Pulver \u2013 ohne Konzentrate oder Extrakte, sondern in seiner nat\u00fcrlichen, ganzheitlichen Form.<\/p>\n<p>Das Besondere an diesem Produkt ist der \u00abFull Spectrum\u00bb-Ansatz: Das gesamte Rhizom wird verarbeitet, sodass alle nat\u00fcrlich vorkommenden Inhaltsstoffe der Kurkumawurzel erhalten bleiben. Jede Kapsel enth\u00e4lt 720 mg Kurkuma, was pro empfohlener Tagesdosis (2 Kapseln) einer Gesamtmenge von 1440 mg entspricht.<\/p>\n<p>Swanson steht seit Jahrzehnten f\u00fcr qualit\u00e4tskontrollierte Nahrungserg\u00e4nzungsmittel zu einem fairen Preis. Die Kapseln sind einfach in die t\u00e4gliche Routine einzubinden und eignen sich f\u00fcr alle, die Kurkuma als erg\u00e4nzenden Bestandteil einer ausgewogenen Ern\u00e4hrung nutzen m\u00f6chten.<\/p>\n<\/p><\/div>\n<div class=\"chcg-nutrition\">\n<h3>N\u00e4hrwertangaben<\/h3>\n<table class=\"chcg-nutrition-table\">\n<thead>\n<tr>\n<th>N\u00e4hrstoff<\/th>\n<th>Pro Portion (2 Kapseln)<\/th>\n<\/tr>\n<\/thead>\n<tbody>\n<tr>\n<td>Kurkuma (Curcuma longa) (Rhizom)<\/td>\n<td>1440 mg*<\/td>\n<\/tr>\n<\/tbody>\n<\/table>\n<p class=\"chcg-footnote\">* Kein festgelegter Tagesbedarf.<\/p>\n<\/p><\/div>\n<div class=\"chcg-ingredients\">\n<h3>Zutaten<\/h3>\n<p>Kurkuma (Curcuma longa) (Rhizom) 720 mg. Weitere Zutaten: Gelatine, Magnesiumstearat.<\/p>\n<p class=\"chcg-capsule-shell\">Kapselh\u00fclle: Gelatine<\/p>\n<\/p><\/div>\n<div class=\"chcg-dosage\">\n<h3>Verzehrempfehlung<\/h3>\n<p>Als Nahrungserg\u00e4nzungsmittel t\u00e4glich zwei Kapseln mit Wasser einnehmen. Portionsgr\u00f6sse: 2 Kapseln (1,44 g Kurkuma pro Portion).<\/p>\n<\/p><\/div>\n<div class=\"chcg-warnings\">\n<h3>Warnhinweise<\/h3>\n<p>Nur f\u00fcr Erwachsene. Konsultieren Sie vor der Einnahme dieses oder eines anderen Produkts Ihren Arzt oder Ihre \u00c4rztin, wenn Sie schwanger sind oder stillen, Medikamente einnehmen oder an einer Erkrankung leiden \u2013 insbesondere wenn Sie Gallenblasenbeschwerden haben oder hatten. Bei Auftreten von Magen-Darm-Beschwerden die Einnahme abbrechen. Ausserhalb der Reichweite von Kindern aufbewahren. Nicht verwenden, wenn die Schutzversiegelung besch\u00e4digt ist.<\/p>\n<\/p><\/div>\n<div class=\"chcg-allergens\">\n<h3>Allergeninformationen<\/h3>\n<p>Enth\u00e4lt Gelatine (tierischen Ursprungs). Keine weiteren Allergene deklariert.<\/p>\n<\/p><\/div>\n<div class=\"chcg-storage\">\n<h3>Lagerung<\/h3>\n<p>An einem k\u00fchlen, trockenen Ort lagern.<\/p>\n<\/p><\/div>\n<div class=\"chcg-dietary\">\n<h3>Ern\u00e4hrungshinweise<\/h3>\n<ul>\n<li>Glutenfrei<\/li>\n<li>Laktosefrei<\/li>\n<\/ul><\/div>\n<\/div>\n","protected":false},"excerpt":{"rendered":"<p>Swanson Full Spectrum Turmeric liefert 1440 mg reines Kurkuma-Rhizom pro Tagesportion \u2013 als praktische Kapsel, ohne Extrakte. Packung mit 100 Kapseln (50 Portionen). Glutenfrei und laktosefrei.<\/p>\n","protected":false},"featured_media":1084,"comment_status":"closed","ping_status":"open","template":"","meta":[],"product_brand":[16],"product_cat":[48,25,117,100,22,21],"product_tag":[],"class_list":{"0":"post-1083","1":"product","2":"type-product","3":"status-publish","4":"has-post-thumbnail","6":"product_brand-swanson","7":"product_cat-gesunde-ernaehrung","8":"product_cat-gesundheit-und-wohlbefinden","9":"product_cat-kurkuma","10":"product_cat-leberunterstuetzung","11":"product_cat-vegane-produkte","12":"product_cat-vitamine-und-mineralstoffe","14":"first","15":"outofstock","16":"taxable","17":"shipping-taxable","18":"purchasable","19":"product-type-simple"},"yoast_head":"<!-- This site is optimized with the Yoast SEO plugin v27.5 - https:\/\/yoast.com\/product\/yoast-seo-wordpress\/ -->\n<title>Full Spectrum Turmeric 720mg \u2013 Swanson | ecosupplements.ch<\/title>\n<meta name=\"description\" content=\"Swanson Full Spectrum Turmeric: 1440 mg Kurkuma-Rhizom pro Tagesportion, 100 Kapseln, glutenfrei. Jetzt bestellen.\" \/>\n<meta name=\"robots\" content=\"index, follow, max-snippet:-1, max-image-preview:large, max-video-preview:-1\" \/>\n<link rel=\"canonical\" href=\"https:\/\/ecosupplements.ch\/?product=full-spectrum-turmeric-720mg-100-caps\" \/>\n<meta property=\"og:locale\" content=\"de_DE\" \/>\n<meta property=\"og:type\" content=\"article\" \/>\n<meta property=\"og:title\" content=\"Full Spectrum Turmeric 720mg \u2013 Swanson | ecosupplements.ch\" \/>\n<meta property=\"og:description\" content=\"Swanson Full Spectrum Turmeric: 1440 mg Kurkuma-Rhizom pro Tagesportion, 100 Kapseln, glutenfrei. Jetzt bestellen.\" \/>\n<meta property=\"og:url\" content=\"https:\/\/ecosupplements.ch\/?product=full-spectrum-turmeric-720mg-100-caps\" \/>\n<meta property=\"og:site_name\" content=\"Eco Supplements\" \/>\n<meta property=\"article:modified_time\" content=\"2026-05-13T07:24:12+00:00\" \/>\n<meta property=\"og:image\" content=\"https:\/\/ecosupplements.ch\/wp-content\/uploads\/2026\/05\/Full-Spectrum-Turmeric-720mg-100-caps.jpg\" \/>\n\t<meta property=\"og:image:width\" content=\"1080\" \/>\n\t<meta property=\"og:image:height\" content=\"1080\" \/>\n\t<meta property=\"og:image:type\" content=\"image\/jpeg\" \/>\n<meta name=\"twitter:card\" content=\"summary_large_image\" \/>\n<meta name=\"twitter:label1\" content=\"Price\" \/>\n\t<meta name=\"twitter:data1\" content=\"&#067;&#072;&#070;&nbsp;7.31\" \/>\n\t<meta name=\"twitter:label2\" content=\"Availability\" \/>\n\t<meta name=\"twitter:data2\" content=\"Out of stock\" \/>\n<script type=\"application\/ld+json\" class=\"yoast-schema-graph\">{\"@context\":\"https:\\\/\\\/schema.org\",\"@graph\":[{\"@type\":\"WebPage\",\"@id\":\"https:\\\/\\\/ecosupplements.ch\\\/?product=full-spectrum-turmeric-720mg-100-caps\",\"url\":\"https:\\\/\\\/ecosupplements.ch\\\/?product=full-spectrum-turmeric-720mg-100-caps\",\"name\":\"Full Spectrum Turmeric 720mg \u2013 Swanson | ecosupplements.ch\",\"isPartOf\":{\"@id\":\"https:\\\/\\\/ecosupplements.ch\\\/#website\"},\"primaryImageOfPage\":{\"@id\":\"https:\\\/\\\/ecosupplements.ch\\\/?product=full-spectrum-turmeric-720mg-100-caps#primaryimage\"},\"image\":{\"@id\":\"https:\\\/\\\/ecosupplements.ch\\\/?product=full-spectrum-turmeric-720mg-100-caps#primaryimage\"},\"thumbnailUrl\":\"https:\\\/\\\/ecosupplements.ch\\\/wp-content\\\/uploads\\\/2026\\\/05\\\/Full-Spectrum-Turmeric-720mg-100-caps.jpg\",\"datePublished\":\"2026-05-11T14:26:56+00:00\",\"dateModified\":\"2026-05-13T07:24:12+00:00\",\"description\":\"Swanson Full Spectrum Turmeric: 1440 mg Kurkuma-Rhizom pro Tagesportion, 100 Kapseln, glutenfrei. Jetzt bestellen.\",\"breadcrumb\":{\"@id\":\"https:\\\/\\\/ecosupplements.ch\\\/?product=full-spectrum-turmeric-720mg-100-caps#breadcrumb\"},\"inLanguage\":\"de-CH\",\"potentialAction\":[{\"@type\":\"ReadAction\",\"target\":[\"https:\\\/\\\/ecosupplements.ch\\\/?product=full-spectrum-turmeric-720mg-100-caps\"]}]},{\"@type\":\"ImageObject\",\"inLanguage\":\"de-CH\",\"@id\":\"https:\\\/\\\/ecosupplements.ch\\\/?product=full-spectrum-turmeric-720mg-100-caps#primaryimage\",\"url\":\"https:\\\/\\\/ecosupplements.ch\\\/wp-content\\\/uploads\\\/2026\\\/05\\\/Full-Spectrum-Turmeric-720mg-100-caps.jpg\",\"contentUrl\":\"https:\\\/\\\/ecosupplements.ch\\\/wp-content\\\/uploads\\\/2026\\\/05\\\/Full-Spectrum-Turmeric-720mg-100-caps.jpg\",\"width\":1080,\"height\":1080,\"caption\":\"Full Spectrum Turmeric\"},{\"@type\":\"BreadcrumbList\",\"@id\":\"https:\\\/\\\/ecosupplements.ch\\\/?product=full-spectrum-turmeric-720mg-100-caps#breadcrumb\",\"itemListElement\":[{\"@type\":\"ListItem\",\"position\":1,\"name\":\"Home\",\"item\":\"https:\\\/\\\/ecosupplements.ch\\\/\"},{\"@type\":\"ListItem\",\"position\":2,\"name\":\"Shop\",\"item\":\"https:\\\/\\\/ecosupplements.ch\\\/?page_id=14\"},{\"@type\":\"ListItem\",\"position\":3,\"name\":\"Full Spectrum Turmeric, 720mg &#8211; 100 caps\"}]},{\"@type\":\"WebSite\",\"@id\":\"https:\\\/\\\/ecosupplements.ch\\\/#website\",\"url\":\"https:\\\/\\\/ecosupplements.ch\\\/\",\"name\":\"Eco Supplements\",\"description\":\"\",\"potentialAction\":[{\"@type\":\"SearchAction\",\"target\":{\"@type\":\"EntryPoint\",\"urlTemplate\":\"https:\\\/\\\/ecosupplements.ch\\\/?s={search_term_string}\"},\"query-input\":{\"@type\":\"PropertyValueSpecification\",\"valueRequired\":true,\"valueName\":\"search_term_string\"}}],\"inLanguage\":\"de-CH\"}]}<\/script>\n<meta property=\"product:price:amount\" content=\"7.31\" \/>\n<meta property=\"product:price:currency\" content=\"CHF\" \/>\n<meta property=\"og:availability\" content=\"out of stock\" \/>\n<meta property=\"product:availability\" content=\"out of stock\" \/>\n<meta property=\"product:retailer_item_id\" content=\"087614019406\" \/>\n<meta property=\"product:condition\" content=\"new\" \/>\n<!-- \/ Yoast SEO plugin. -->","yoast_head_json":{"title":"Full Spectrum Turmeric 720mg \u2013 Swanson | ecosupplements.ch","description":"Swanson Full Spectrum Turmeric: 1440 mg Kurkuma-Rhizom pro Tagesportion, 100 Kapseln, glutenfrei. Jetzt bestellen.","robots":{"index":"index","follow":"follow","max-snippet":"max-snippet:-1","max-image-preview":"max-image-preview:large","max-video-preview":"max-video-preview:-1"},"canonical":"https:\/\/ecosupplements.ch\/?product=full-spectrum-turmeric-720mg-100-caps","og_locale":"de_DE","og_type":"article","og_title":"Full Spectrum Turmeric 720mg \u2013 Swanson | ecosupplements.ch","og_description":"Swanson Full Spectrum Turmeric: 1440 mg Kurkuma-Rhizom pro Tagesportion, 100 Kapseln, glutenfrei. Jetzt bestellen.","og_url":"https:\/\/ecosupplements.ch\/?product=full-spectrum-turmeric-720mg-100-caps","og_site_name":"Eco Supplements","article_modified_time":"2026-05-13T07:24:12+00:00","og_image":[{"width":1080,"height":1080,"url":"https:\/\/ecosupplements.ch\/wp-content\/uploads\/2026\/05\/Full-Spectrum-Turmeric-720mg-100-caps.jpg","type":"image\/jpeg"}],"twitter_card":"summary_large_image","twitter_misc":{"Price":"&#67;&#72;&#70;&nbsp;7.31","Availability":"Out of stock"},"schema":{"@context":"https:\/\/schema.org","@graph":[{"@type":"WebPage","@id":"https:\/\/ecosupplements.ch\/?product=full-spectrum-turmeric-720mg-100-caps","url":"https:\/\/ecosupplements.ch\/?product=full-spectrum-turmeric-720mg-100-caps","name":"Full Spectrum Turmeric 720mg \u2013 Swanson | ecosupplements.ch","isPartOf":{"@id":"https:\/\/ecosupplements.ch\/#website"},"primaryImageOfPage":{"@id":"https:\/\/ecosupplements.ch\/?product=full-spectrum-turmeric-720mg-100-caps#primaryimage"},"image":{"@id":"https:\/\/ecosupplements.ch\/?product=full-spectrum-turmeric-720mg-100-caps#primaryimage"},"thumbnailUrl":"https:\/\/ecosupplements.ch\/wp-content\/uploads\/2026\/05\/Full-Spectrum-Turmeric-720mg-100-caps.jpg","datePublished":"2026-05-11T14:26:56+00:00","dateModified":"2026-05-13T07:24:12+00:00","description":"Swanson Full Spectrum Turmeric: 1440 mg Kurkuma-Rhizom pro Tagesportion, 100 Kapseln, glutenfrei. Jetzt bestellen.","breadcrumb":{"@id":"https:\/\/ecosupplements.ch\/?product=full-spectrum-turmeric-720mg-100-caps#breadcrumb"},"inLanguage":"de-CH","potentialAction":[{"@type":"ReadAction","target":["https:\/\/ecosupplements.ch\/?product=full-spectrum-turmeric-720mg-100-caps"]}]},{"@type":"ImageObject","inLanguage":"de-CH","@id":"https:\/\/ecosupplements.ch\/?product=full-spectrum-turmeric-720mg-100-caps#primaryimage","url":"https:\/\/ecosupplements.ch\/wp-content\/uploads\/2026\/05\/Full-Spectrum-Turmeric-720mg-100-caps.jpg","contentUrl":"https:\/\/ecosupplements.ch\/wp-content\/uploads\/2026\/05\/Full-Spectrum-Turmeric-720mg-100-caps.jpg","width":1080,"height":1080,"caption":"Full Spectrum Turmeric"},{"@type":"BreadcrumbList","@id":"https:\/\/ecosupplements.ch\/?product=full-spectrum-turmeric-720mg-100-caps#breadcrumb","itemListElement":[{"@type":"ListItem","position":1,"name":"Home","item":"https:\/\/ecosupplements.ch\/"},{"@type":"ListItem","position":2,"name":"Shop","item":"https:\/\/ecosupplements.ch\/?page_id=14"},{"@type":"ListItem","position":3,"name":"Full Spectrum Turmeric, 720mg &#8211; 100 caps"}]},{"@type":"WebSite","@id":"https:\/\/ecosupplements.ch\/#website","url":"https:\/\/ecosupplements.ch\/","name":"Eco Supplements","description":"","potentialAction":[{"@type":"SearchAction","target":{"@type":"EntryPoint","urlTemplate":"https:\/\/ecosupplements.ch\/?s={search_term_string}"},"query-input":{"@type":"PropertyValueSpecification","valueRequired":true,"valueName":"search_term_string"}}],"inLanguage":"de-CH"}]},"product_price_amount":"7.31","product_price_currency":"CHF","og_availability":"out of stock","product_availability":"out of stock","product_retailer_item_id":"087614019406","product_condition":"new"},"_links":{"self":[{"href":"https:\/\/ecosupplements.ch\/index.php?rest_route=\/wp\/v2\/product\/1083","targetHints":{"allow":["GET"]}}],"collection":[{"href":"https:\/\/ecosupplements.ch\/index.php?rest_route=\/wp\/v2\/product"}],"about":[{"href":"https:\/\/ecosupplements.ch\/index.php?rest_route=\/wp\/v2\/types\/product"}],"replies":[{"embeddable":true,"href":"https:\/\/ecosupplements.ch\/index.php?rest_route=%2Fwp%2Fv2%2Fcomments&post=1083"}],"wp:featuredmedia":[{"embeddable":true,"href":"https:\/\/ecosupplements.ch\/index.php?rest_route=\/wp\/v2\/media\/1084"}],"wp:attachment":[{"href":"https:\/\/ecosupplements.ch\/index.php?rest_route=%2Fwp%2Fv2%2Fmedia&parent=1083"}],"wp:term":[{"taxonomy":"product_brand","embeddable":true,"href":"https:\/\/ecosupplements.ch\/index.php?rest_route=%2Fwp%2Fv2%2Fproduct_brand&post=1083"},{"taxonomy":"product_cat","embeddable":true,"href":"https:\/\/ecosupplements.ch\/index.php?rest_route=%2Fwp%2Fv2%2Fproduct_cat&post=1083"},{"taxonomy":"product_tag","embeddable":true,"href":"https:\/\/ecosupplements.ch\/index.php?rest_route=%2Fwp%2Fv2%2Fproduct_tag&post=1083"}],"curies":[{"name":"wp","href":"https:\/\/api.w.org\/{rel}","templated":true}]}}