{"id":1093,"date":"2026-05-11T14:27:00","date_gmt":"2026-05-11T14:27:00","guid":{"rendered":"https:\/\/ecosupplements.ch\/?product=activated-charcoal-260mg-120-caps"},"modified":"2026-05-13T07:23:39","modified_gmt":"2026-05-13T07:23:39","slug":"activated-charcoal-260mg-120-caps","status":"publish","type":"product","link":"https:\/\/ecosupplements.ch\/?product=activated-charcoal-260mg-120-caps","title":{"rendered":"Activated Charcoal, 260mg &#8211; 120 caps"},"content":{"rendered":"<div class=\"chcg-product-description\">\n<h2 class=\"chcg-heading\">\u00dcber Swanson \u2013 Activated Charcoal, 260mg \u2013 120 Kapseln<\/h2>\n<div class=\"chcg-intro\">\n<p>Aktivkohle ist eine fein verarbeitete Kohleform, die seit Jahrhunderten in verschiedenen Bereichen eingesetzt wird. Swanson liefert mit diesem Produkt 520 mg Activated Charcoal Powder pro Tagesportion in praktischer Kapselform \u2013 ideal f\u00fcr alle, die Aktivkohle einfach und pr\u00e4zise dosiert in ihren Alltag integrieren m\u00f6chten.<\/p>\n<p>Jede Packung enth\u00e4lt 120 Kapseln und entspricht damit 60 Tagesportionen. Die Kapseln sind einfach einzunehmen und eignen sich f\u00fcr Erwachsene, die ein unkompliziertes Nahrungserg\u00e4nzungsmittel suchen.<\/p>\n<p>Swanson steht seit Jahrzehnten f\u00fcr qualit\u00e4tsorientierte Nahrungserg\u00e4nzungsmittel zu fairen Preisen. Dieses Produkt ist ein Ausdruck dieser Philosophie: klare Zusammensetzung, zuverl\u00e4ssige Dosierung, ohne unn\u00f6tige Zus\u00e4tze.<\/p>\n<\/p><\/div>\n<div class=\"chcg-nutrition\">\n<h3>N\u00e4hrwertangaben<\/h3>\n<table class=\"chcg-nutrition-table\">\n<thead>\n<tr>\n<th>N\u00e4hrstoff<\/th>\n<th>Pro Portion (2 Kapseln)<\/th>\n<\/tr>\n<\/thead>\n<tbody>\n<tr>\n<td>Activated Charcoal Powder (Aktivkohlenpulver)<\/td>\n<td>520 mg *<\/td>\n<\/tr>\n<\/tbody>\n<\/table>\n<p class=\"chcg-footnote\">* Kein festgelegter Tagesbedarf (Tagesreferenzwert nicht etabliert).<\/p>\n<p class=\"chcg-footnote\">Portionsgr\u00f6sse: 2 Kapseln | Portionen pro Packung: 60<\/p>\n<\/p><\/div>\n<div class=\"chcg-ingredients\">\n<h3>Zutaten<\/h3>\n<p>Aktivkohlenpulver (Activated Charcoal Powder), Gelatine, mikrokristalline Cellulose (Pflanzenfaser), Magnesiumstearat.<\/p>\n<p class=\"chcg-capsule-shell\">Kapselh\u00fclle: Gelatine<\/p>\n<\/p><\/div>\n<div class=\"chcg-dosage\">\n<h3>Verzehrempfehlung<\/h3>\n<p>Als Nahrungserg\u00e4nzungsmittel t\u00e4glich zwei Kapseln mit Wasser einnehmen. Portionsgr\u00f6sse: 2 Kapseln. Portionen pro Packung: 60.<\/p>\n<\/p><\/div>\n<div class=\"chcg-warnings\">\n<h3>Warnhinweise<\/h3>\n<p>Nur f\u00fcr Erwachsene. Konsultieren Sie vor der Einnahme dieses oder eines anderen Produkts Ihren Arzt, wenn Sie schwanger sind oder stillen, Medikamente einnehmen oder an einer Erkrankung leiden. Ausserhalb der Reichweite von Kindern aufbewahren. Nicht verwenden, wenn die Schutzversiegelung besch\u00e4digt ist.<\/p>\n<\/p><\/div>\n<div class=\"chcg-allergens\">\n<h3>Allergeninformationen<\/h3>\n<p>Keine Allergene auf dem Etikett angegeben.<\/p>\n<\/p><\/div>\n<div class=\"chcg-storage\">\n<h3>Lagerung<\/h3>\n<p>An einem k\u00fchlen, trockenen Ort aufbewahren.<\/p>\n<\/p><\/div>\n<\/div>\n","protected":false},"excerpt":{"rendered":"<p>Swanson Activated Charcoal liefert 520 mg Aktivkohlenpulver pro Tagesportion. Erh\u00e4ltlich als praktische Kapseln, 120 St\u00fcck pro Packung (60 Portionen). Einfache t\u00e4gliche Einnahme f\u00fcr Erwachsene.<\/p>\n","protected":false},"featured_media":1094,"comment_status":"closed","ping_status":"open","template":"","meta":[],"product_brand":[16],"product_cat":[156,48,25,102,21],"product_tag":[],"class_list":{"0":"post-1093","1":"product","2":"type-product","3":"status-publish","4":"has-post-thumbnail","6":"product_brand-swanson","7":"product_cat-aktivkohle","8":"product_cat-gesunde-ernaehrung","9":"product_cat-gesundheit-und-wohlbefinden","10":"product_cat-verdauungsgesundheit","11":"product_cat-vitamine-und-mineralstoffe","13":"first","14":"outofstock","15":"taxable","16":"shipping-taxable","17":"purchasable","18":"product-type-simple"},"yoast_head":"<!-- This site is optimized with the Yoast SEO plugin v27.5 - https:\/\/yoast.com\/product\/yoast-seo-wordpress\/ -->\n<title>Activated Charcoal 260mg \u2013 Swanson | ecosupplements.ch<\/title>\n<meta name=\"description\" content=\"Swanson Activated Charcoal, 260mg \u2013 120 Kapseln mit 520 mg Aktivkohlenpulver pro Portion. Jetzt bestellen.\" \/>\n<meta name=\"robots\" content=\"index, follow, max-snippet:-1, max-image-preview:large, max-video-preview:-1\" \/>\n<link rel=\"canonical\" href=\"https:\/\/ecosupplements.ch\/?product=activated-charcoal-260mg-120-caps\" \/>\n<meta property=\"og:locale\" content=\"de_DE\" \/>\n<meta property=\"og:type\" content=\"article\" \/>\n<meta property=\"og:title\" content=\"Activated Charcoal 260mg \u2013 Swanson | ecosupplements.ch\" \/>\n<meta property=\"og:description\" content=\"Swanson Activated Charcoal, 260mg \u2013 120 Kapseln mit 520 mg Aktivkohlenpulver pro Portion. Jetzt bestellen.\" \/>\n<meta property=\"og:url\" content=\"https:\/\/ecosupplements.ch\/?product=activated-charcoal-260mg-120-caps\" \/>\n<meta property=\"og:site_name\" content=\"Eco Supplements\" \/>\n<meta property=\"article:modified_time\" content=\"2026-05-13T07:23:39+00:00\" \/>\n<meta property=\"og:image\" content=\"https:\/\/ecosupplements.ch\/wp-content\/uploads\/2026\/05\/Activated-Charcoal-260mg-120-caps.jpg\" \/>\n\t<meta property=\"og:image:width\" content=\"650\" \/>\n\t<meta property=\"og:image:height\" content=\"650\" \/>\n\t<meta property=\"og:image:type\" content=\"image\/jpeg\" \/>\n<meta name=\"twitter:card\" content=\"summary_large_image\" \/>\n<meta name=\"twitter:label1\" content=\"Price\" \/>\n\t<meta name=\"twitter:data1\" content=\"&#067;&#072;&#070;&nbsp;10.05\" \/>\n\t<meta name=\"twitter:label2\" content=\"Availability\" \/>\n\t<meta name=\"twitter:data2\" content=\"Out of stock\" \/>\n<script type=\"application\/ld+json\" class=\"yoast-schema-graph\">{\"@context\":\"https:\\\/\\\/schema.org\",\"@graph\":[{\"@type\":\"WebPage\",\"@id\":\"https:\\\/\\\/ecosupplements.ch\\\/?product=activated-charcoal-260mg-120-caps\",\"url\":\"https:\\\/\\\/ecosupplements.ch\\\/?product=activated-charcoal-260mg-120-caps\",\"name\":\"Activated Charcoal 260mg \u2013 Swanson | ecosupplements.ch\",\"isPartOf\":{\"@id\":\"https:\\\/\\\/ecosupplements.ch\\\/#website\"},\"primaryImageOfPage\":{\"@id\":\"https:\\\/\\\/ecosupplements.ch\\\/?product=activated-charcoal-260mg-120-caps#primaryimage\"},\"image\":{\"@id\":\"https:\\\/\\\/ecosupplements.ch\\\/?product=activated-charcoal-260mg-120-caps#primaryimage\"},\"thumbnailUrl\":\"https:\\\/\\\/ecosupplements.ch\\\/wp-content\\\/uploads\\\/2026\\\/05\\\/Activated-Charcoal-260mg-120-caps.jpg\",\"datePublished\":\"2026-05-11T14:27:00+00:00\",\"dateModified\":\"2026-05-13T07:23:39+00:00\",\"description\":\"Swanson Activated Charcoal, 260mg \u2013 120 Kapseln mit 520 mg Aktivkohlenpulver pro Portion. Jetzt bestellen.\",\"breadcrumb\":{\"@id\":\"https:\\\/\\\/ecosupplements.ch\\\/?product=activated-charcoal-260mg-120-caps#breadcrumb\"},\"inLanguage\":\"de-CH\",\"potentialAction\":[{\"@type\":\"ReadAction\",\"target\":[\"https:\\\/\\\/ecosupplements.ch\\\/?product=activated-charcoal-260mg-120-caps\"]}]},{\"@type\":\"ImageObject\",\"inLanguage\":\"de-CH\",\"@id\":\"https:\\\/\\\/ecosupplements.ch\\\/?product=activated-charcoal-260mg-120-caps#primaryimage\",\"url\":\"https:\\\/\\\/ecosupplements.ch\\\/wp-content\\\/uploads\\\/2026\\\/05\\\/Activated-Charcoal-260mg-120-caps.jpg\",\"contentUrl\":\"https:\\\/\\\/ecosupplements.ch\\\/wp-content\\\/uploads\\\/2026\\\/05\\\/Activated-Charcoal-260mg-120-caps.jpg\",\"width\":650,\"height\":650,\"caption\":\"Activated Charcoal\"},{\"@type\":\"BreadcrumbList\",\"@id\":\"https:\\\/\\\/ecosupplements.ch\\\/?product=activated-charcoal-260mg-120-caps#breadcrumb\",\"itemListElement\":[{\"@type\":\"ListItem\",\"position\":1,\"name\":\"Home\",\"item\":\"https:\\\/\\\/ecosupplements.ch\\\/\"},{\"@type\":\"ListItem\",\"position\":2,\"name\":\"Shop\",\"item\":\"https:\\\/\\\/ecosupplements.ch\\\/?page_id=14\"},{\"@type\":\"ListItem\",\"position\":3,\"name\":\"Activated Charcoal, 260mg &#8211; 120 caps\"}]},{\"@type\":\"WebSite\",\"@id\":\"https:\\\/\\\/ecosupplements.ch\\\/#website\",\"url\":\"https:\\\/\\\/ecosupplements.ch\\\/\",\"name\":\"Eco Supplements\",\"description\":\"\",\"potentialAction\":[{\"@type\":\"SearchAction\",\"target\":{\"@type\":\"EntryPoint\",\"urlTemplate\":\"https:\\\/\\\/ecosupplements.ch\\\/?s={search_term_string}\"},\"query-input\":{\"@type\":\"PropertyValueSpecification\",\"valueRequired\":true,\"valueName\":\"search_term_string\"}}],\"inLanguage\":\"de-CH\"}]}<\/script>\n<meta property=\"product:price:amount\" content=\"10.05\" \/>\n<meta property=\"product:price:currency\" content=\"CHF\" \/>\n<meta property=\"og:availability\" content=\"out of stock\" \/>\n<meta property=\"product:availability\" content=\"out of stock\" \/>\n<meta property=\"product:retailer_item_id\" content=\"087614113555\" \/>\n<meta property=\"product:condition\" content=\"new\" \/>\n<!-- \/ Yoast SEO plugin. -->","yoast_head_json":{"title":"Activated Charcoal 260mg \u2013 Swanson | ecosupplements.ch","description":"Swanson Activated Charcoal, 260mg \u2013 120 Kapseln mit 520 mg Aktivkohlenpulver pro Portion. Jetzt bestellen.","robots":{"index":"index","follow":"follow","max-snippet":"max-snippet:-1","max-image-preview":"max-image-preview:large","max-video-preview":"max-video-preview:-1"},"canonical":"https:\/\/ecosupplements.ch\/?product=activated-charcoal-260mg-120-caps","og_locale":"de_DE","og_type":"article","og_title":"Activated Charcoal 260mg \u2013 Swanson | ecosupplements.ch","og_description":"Swanson Activated Charcoal, 260mg \u2013 120 Kapseln mit 520 mg Aktivkohlenpulver pro Portion. Jetzt bestellen.","og_url":"https:\/\/ecosupplements.ch\/?product=activated-charcoal-260mg-120-caps","og_site_name":"Eco Supplements","article_modified_time":"2026-05-13T07:23:39+00:00","og_image":[{"width":650,"height":650,"url":"https:\/\/ecosupplements.ch\/wp-content\/uploads\/2026\/05\/Activated-Charcoal-260mg-120-caps.jpg","type":"image\/jpeg"}],"twitter_card":"summary_large_image","twitter_misc":{"Price":"&#67;&#72;&#70;&nbsp;10.05","Availability":"Out of stock"},"schema":{"@context":"https:\/\/schema.org","@graph":[{"@type":"WebPage","@id":"https:\/\/ecosupplements.ch\/?product=activated-charcoal-260mg-120-caps","url":"https:\/\/ecosupplements.ch\/?product=activated-charcoal-260mg-120-caps","name":"Activated Charcoal 260mg \u2013 Swanson | ecosupplements.ch","isPartOf":{"@id":"https:\/\/ecosupplements.ch\/#website"},"primaryImageOfPage":{"@id":"https:\/\/ecosupplements.ch\/?product=activated-charcoal-260mg-120-caps#primaryimage"},"image":{"@id":"https:\/\/ecosupplements.ch\/?product=activated-charcoal-260mg-120-caps#primaryimage"},"thumbnailUrl":"https:\/\/ecosupplements.ch\/wp-content\/uploads\/2026\/05\/Activated-Charcoal-260mg-120-caps.jpg","datePublished":"2026-05-11T14:27:00+00:00","dateModified":"2026-05-13T07:23:39+00:00","description":"Swanson Activated Charcoal, 260mg \u2013 120 Kapseln mit 520 mg Aktivkohlenpulver pro Portion. Jetzt bestellen.","breadcrumb":{"@id":"https:\/\/ecosupplements.ch\/?product=activated-charcoal-260mg-120-caps#breadcrumb"},"inLanguage":"de-CH","potentialAction":[{"@type":"ReadAction","target":["https:\/\/ecosupplements.ch\/?product=activated-charcoal-260mg-120-caps"]}]},{"@type":"ImageObject","inLanguage":"de-CH","@id":"https:\/\/ecosupplements.ch\/?product=activated-charcoal-260mg-120-caps#primaryimage","url":"https:\/\/ecosupplements.ch\/wp-content\/uploads\/2026\/05\/Activated-Charcoal-260mg-120-caps.jpg","contentUrl":"https:\/\/ecosupplements.ch\/wp-content\/uploads\/2026\/05\/Activated-Charcoal-260mg-120-caps.jpg","width":650,"height":650,"caption":"Activated Charcoal"},{"@type":"BreadcrumbList","@id":"https:\/\/ecosupplements.ch\/?product=activated-charcoal-260mg-120-caps#breadcrumb","itemListElement":[{"@type":"ListItem","position":1,"name":"Home","item":"https:\/\/ecosupplements.ch\/"},{"@type":"ListItem","position":2,"name":"Shop","item":"https:\/\/ecosupplements.ch\/?page_id=14"},{"@type":"ListItem","position":3,"name":"Activated Charcoal, 260mg &#8211; 120 caps"}]},{"@type":"WebSite","@id":"https:\/\/ecosupplements.ch\/#website","url":"https:\/\/ecosupplements.ch\/","name":"Eco Supplements","description":"","potentialAction":[{"@type":"SearchAction","target":{"@type":"EntryPoint","urlTemplate":"https:\/\/ecosupplements.ch\/?s={search_term_string}"},"query-input":{"@type":"PropertyValueSpecification","valueRequired":true,"valueName":"search_term_string"}}],"inLanguage":"de-CH"}]},"product_price_amount":"10.05","product_price_currency":"CHF","og_availability":"out of stock","product_availability":"out of stock","product_retailer_item_id":"087614113555","product_condition":"new"},"_links":{"self":[{"href":"https:\/\/ecosupplements.ch\/index.php?rest_route=\/wp\/v2\/product\/1093","targetHints":{"allow":["GET"]}}],"collection":[{"href":"https:\/\/ecosupplements.ch\/index.php?rest_route=\/wp\/v2\/product"}],"about":[{"href":"https:\/\/ecosupplements.ch\/index.php?rest_route=\/wp\/v2\/types\/product"}],"replies":[{"embeddable":true,"href":"https:\/\/ecosupplements.ch\/index.php?rest_route=%2Fwp%2Fv2%2Fcomments&post=1093"}],"wp:featuredmedia":[{"embeddable":true,"href":"https:\/\/ecosupplements.ch\/index.php?rest_route=\/wp\/v2\/media\/1094"}],"wp:attachment":[{"href":"https:\/\/ecosupplements.ch\/index.php?rest_route=%2Fwp%2Fv2%2Fmedia&parent=1093"}],"wp:term":[{"taxonomy":"product_brand","embeddable":true,"href":"https:\/\/ecosupplements.ch\/index.php?rest_route=%2Fwp%2Fv2%2Fproduct_brand&post=1093"},{"taxonomy":"product_cat","embeddable":true,"href":"https:\/\/ecosupplements.ch\/index.php?rest_route=%2Fwp%2Fv2%2Fproduct_cat&post=1093"},{"taxonomy":"product_tag","embeddable":true,"href":"https:\/\/ecosupplements.ch\/index.php?rest_route=%2Fwp%2Fv2%2Fproduct_tag&post=1093"}],"curies":[{"name":"wp","href":"https:\/\/api.w.org\/{rel}","templated":true}]}}