{"id":1109,"date":"2026-05-11T14:27:06","date_gmt":"2026-05-11T14:27:06","guid":{"rendered":"https:\/\/ecosupplements.ch\/?product=swanson-witamina-d-3-1000iu-30kaps"},"modified":"2026-05-13T07:26:57","modified_gmt":"2026-05-13T07:26:57","slug":"swanson-witamina-d-3-1000iu-30kaps","status":"publish","type":"product","link":"https:\/\/ecosupplements.ch\/?product=swanson-witamina-d-3-1000iu-30kaps","title":{"rendered":"SWANSON Witamina D-3 1000IU 30kaps"},"content":{"rendered":"<div class=\"chcg-product-description\">\n<h2 class=\"chcg-heading\">\u00dcber Swanson \u2013 SWANSON Vitamin D-3 1000IU 30 Kapseln<\/h2>\n<div class=\"chcg-intro\">\n<p>Vitamin D ist ein fettl\u00f6sliches Vitamin, das eine wichtige Rolle f\u00fcr den normalen Calciumstoffwechsel, die Knochengesundheit sowie die Funktion des Immunsystems spielt. Da die k\u00f6rpereigene Synthese durch Sonnenlicht in den Wintermonaten oder bei vorwiegend innenorientiertem Lebensstil h\u00e4ufig unzureichend ist, kann eine gezielte Supplementierung sinnvoll sein.<\/p>\n<p>SWANSON Vitamin D-3 1000 IU liefert Vitamin D in Form von Cholecalciferol \u2013 der nat\u00fcrlichen, k\u00f6rpereigenen Form des Vitamins. Laut EFSA und Schweizer Beh\u00f6rden tr\u00e4gt Vitamin D zur normalen Funktion des Immunsystems, zur Erhaltung normaler Knochen und Z\u00e4hne sowie zur normalen Muskelfunktion bei.<\/p>\n<p>Das Produkt ist in praktischen Kapseln erh\u00e4ltlich und enth\u00e4lt pro Tagesportion (2 Kapseln) 25 \u00b5g (500 IU) bzw. pro empfohlenem Verzehr von 2 Kapseln 1\u20132-mal t\u00e4glich 50 \u00b5g (1000 IU) Vitamin D3. Eine Packung enth\u00e4lt 30 Kapseln.<\/p>\n<\/p><\/div>\n<div class=\"chcg-nutrition\">\n<h3>N\u00e4hrwertangaben<\/h3>\n<table class=\"chcg-nutrition-table\">\n<thead>\n<tr>\n<th>N\u00e4hrstoff<\/th>\n<th>Pro Portion (2 Kapseln)<\/th>\n<\/tr>\n<\/thead>\n<tbody>\n<tr>\n<td>Vitamin D (Cholecalciferol)<\/td>\n<td>50 \u00b5g (1000 IU) \u2014 1000 % NRV<\/td>\n<\/tr>\n<\/tbody>\n<\/table>\n<p class=\"chcg-footnote\">NRV = N\u00e4hrstoffbezugswert (Nutrient Reference Value) gem\u00e4ss EU-Verordnung Nr. 1169\/2011.<\/p>\n<\/p><\/div>\n<div class=\"chcg-ingredients\">\n<h3>Zutaten<\/h3>\n<p>Vitamin D3 (Cholecalciferol), Reismehl, Gelatine, modifizierte Lebensmittelst\u00e4rke, S\u00fcssungsmittel: Saccharose, Antioxidationsmittel: Natriumascorbat; mittelkettige Triglyceride, Trennmittel: Siliciumdioxid; Antioxidationsmittel: dl-alpha-Tocopherol.<\/p>\n<p class=\"chcg-capsule-shell\">Kapselh\u00fclle: Gelatine<\/p>\n<\/p><\/div>\n<div class=\"chcg-dosage\">\n<h3>Verzehrempfehlung<\/h3>\n<p>T\u00e4glich 2 Kapseln, 1\u20132-mal t\u00e4glich, zu einer Mahlzeit einnehmen. Die empfohlene Tagesmenge nicht \u00fcberschreiten.<\/p>\n<\/p><\/div>\n<div class=\"chcg-warnings\">\n<h3>Warnhinweise<\/h3>\n<p>Nur f\u00fcr Erwachsene geeignet. Nicht empfohlen f\u00fcr Schwangere oder stillende Frauen. Bei Einnahme von verschreibungspflichtigen Medikamenten vor der Verwendung einen Arzt konsultieren. Ausserhalb der Reichweite von Kindern aufbewahren. Die maximale Tagesmenge an Vitamin D in Nahrungserg\u00e4nzungsmitteln betr\u00e4gt f\u00fcr gesunde Erwachsene bis 75 Jahre 2000 IU (50 \u00b5g); f\u00fcr gesunde Erwachsene \u00fcber 75 Jahre 4000 IU (100 \u00b5g).<\/p>\n<\/p><\/div>\n<div class=\"chcg-allergens\">\n<h3>Allergeninformationen<\/h3>\n<p>Auf der Etikette sind keine Allergene deklariert.<\/p>\n<\/p><\/div>\n<div class=\"chcg-storage\">\n<h3>Lagerung<\/h3>\n<p>Bei Raumtemperatur lagern, ausserhalb der Reichweite von Kleinkindern aufbewahren.<\/p>\n<\/p><\/div>\n<div class=\"chcg-dietary\">\n<h3>Ern\u00e4hrungshinweise<\/h3>\n<ul>\n<li>Nicht vegan (enth\u00e4lt Gelatine)<\/li>\n<li>Nicht vegetarisch (enth\u00e4lt Gelatine)<\/li>\n<\/ul><\/div>\n<\/div>\n","protected":false},"excerpt":{"rendered":"<p>SWANSON Vitamin D-3 1000 IU liefert Cholecalciferol zur Unterst\u00fctzung von Knochen, Z\u00e4hnen und Immunsystem. Erh\u00e4ltlich als Kapseln, 30 St\u00fcck pro Packung.<\/p>\n","protected":false},"featured_media":1110,"comment_status":"closed","ping_status":"open","template":"","meta":[],"product_brand":[16],"product_cat":[27,48,25,30,21],"product_tag":[],"class_list":{"0":"post-1109","1":"product","2":"type-product","3":"status-publish","4":"has-post-thumbnail","6":"product_brand-swanson","7":"product_cat-einige-vitamine","8":"product_cat-gesunde-ernaehrung","9":"product_cat-gesundheit-und-wohlbefinden","10":"product_cat-vitamin-d","11":"product_cat-vitamine-und-mineralstoffe","13":"first","14":"outofstock","15":"taxable","16":"shipping-taxable","17":"purchasable","18":"product-type-simple"},"yoast_head":"<!-- This site is optimized with the Yoast SEO plugin v27.5 - https:\/\/yoast.com\/product\/yoast-seo-wordpress\/ -->\n<title>SWANSON Vitamin D-3 1000IU 30 Kapseln | ecosupplements.ch<\/title>\n<meta name=\"description\" content=\"Vitamin D3 als Cholecalciferol \u2013 f\u00fcr Knochen, Z\u00e4hne und Immunsystem. 30 Kapseln \u00e0 1000 IU pro Packung. Jetzt bestellen.\" \/>\n<meta name=\"robots\" content=\"index, follow, max-snippet:-1, max-image-preview:large, max-video-preview:-1\" \/>\n<link rel=\"canonical\" href=\"https:\/\/ecosupplements.ch\/?product=swanson-witamina-d-3-1000iu-30kaps\" \/>\n<meta property=\"og:locale\" content=\"de_DE\" \/>\n<meta property=\"og:type\" content=\"article\" \/>\n<meta property=\"og:title\" content=\"SWANSON Vitamin D-3 1000IU 30 Kapseln | ecosupplements.ch\" \/>\n<meta property=\"og:description\" content=\"Vitamin D3 als Cholecalciferol \u2013 f\u00fcr Knochen, Z\u00e4hne und Immunsystem. 30 Kapseln \u00e0 1000 IU pro Packung. Jetzt bestellen.\" \/>\n<meta property=\"og:url\" content=\"https:\/\/ecosupplements.ch\/?product=swanson-witamina-d-3-1000iu-30kaps\" \/>\n<meta property=\"og:site_name\" content=\"Eco Supplements\" \/>\n<meta property=\"article:modified_time\" content=\"2026-05-13T07:26:57+00:00\" \/>\n<meta property=\"og:image\" content=\"https:\/\/ecosupplements.ch\/wp-content\/uploads\/2026\/05\/SWANSON-Witamina-D-3-1000IU-30kaps.jpg\" \/>\n\t<meta property=\"og:image:width\" content=\"650\" \/>\n\t<meta property=\"og:image:height\" content=\"650\" \/>\n\t<meta property=\"og:image:type\" content=\"image\/jpeg\" \/>\n<meta name=\"twitter:card\" content=\"summary_large_image\" \/>\n<meta name=\"twitter:label1\" content=\"Price\" \/>\n\t<meta name=\"twitter:data1\" content=\"&#067;&#072;&#070;&nbsp;1.67\" \/>\n\t<meta name=\"twitter:label2\" content=\"Availability\" \/>\n\t<meta name=\"twitter:data2\" content=\"Out of stock\" \/>\n<script type=\"application\/ld+json\" class=\"yoast-schema-graph\">{\"@context\":\"https:\\\/\\\/schema.org\",\"@graph\":[{\"@type\":\"WebPage\",\"@id\":\"https:\\\/\\\/ecosupplements.ch\\\/?product=swanson-witamina-d-3-1000iu-30kaps\",\"url\":\"https:\\\/\\\/ecosupplements.ch\\\/?product=swanson-witamina-d-3-1000iu-30kaps\",\"name\":\"SWANSON Vitamin D-3 1000IU 30 Kapseln | ecosupplements.ch\",\"isPartOf\":{\"@id\":\"https:\\\/\\\/ecosupplements.ch\\\/#website\"},\"primaryImageOfPage\":{\"@id\":\"https:\\\/\\\/ecosupplements.ch\\\/?product=swanson-witamina-d-3-1000iu-30kaps#primaryimage\"},\"image\":{\"@id\":\"https:\\\/\\\/ecosupplements.ch\\\/?product=swanson-witamina-d-3-1000iu-30kaps#primaryimage\"},\"thumbnailUrl\":\"https:\\\/\\\/ecosupplements.ch\\\/wp-content\\\/uploads\\\/2026\\\/05\\\/SWANSON-Witamina-D-3-1000IU-30kaps.jpg\",\"datePublished\":\"2026-05-11T14:27:06+00:00\",\"dateModified\":\"2026-05-13T07:26:57+00:00\",\"description\":\"Vitamin D3 als Cholecalciferol \u2013 f\u00fcr Knochen, Z\u00e4hne und Immunsystem. 30 Kapseln \u00e0 1000 IU pro Packung. Jetzt bestellen.\",\"breadcrumb\":{\"@id\":\"https:\\\/\\\/ecosupplements.ch\\\/?product=swanson-witamina-d-3-1000iu-30kaps#breadcrumb\"},\"inLanguage\":\"de-CH\",\"potentialAction\":[{\"@type\":\"ReadAction\",\"target\":[\"https:\\\/\\\/ecosupplements.ch\\\/?product=swanson-witamina-d-3-1000iu-30kaps\"]}]},{\"@type\":\"ImageObject\",\"inLanguage\":\"de-CH\",\"@id\":\"https:\\\/\\\/ecosupplements.ch\\\/?product=swanson-witamina-d-3-1000iu-30kaps#primaryimage\",\"url\":\"https:\\\/\\\/ecosupplements.ch\\\/wp-content\\\/uploads\\\/2026\\\/05\\\/SWANSON-Witamina-D-3-1000IU-30kaps.jpg\",\"contentUrl\":\"https:\\\/\\\/ecosupplements.ch\\\/wp-content\\\/uploads\\\/2026\\\/05\\\/SWANSON-Witamina-D-3-1000IU-30kaps.jpg\",\"width\":650,\"height\":650,\"caption\":\"SWANSON Witamina D-3 1000IU 30kaps\"},{\"@type\":\"BreadcrumbList\",\"@id\":\"https:\\\/\\\/ecosupplements.ch\\\/?product=swanson-witamina-d-3-1000iu-30kaps#breadcrumb\",\"itemListElement\":[{\"@type\":\"ListItem\",\"position\":1,\"name\":\"Home\",\"item\":\"https:\\\/\\\/ecosupplements.ch\\\/\"},{\"@type\":\"ListItem\",\"position\":2,\"name\":\"Shop\",\"item\":\"https:\\\/\\\/ecosupplements.ch\\\/?page_id=14\"},{\"@type\":\"ListItem\",\"position\":3,\"name\":\"SWANSON Witamina D-3 1000IU 30kaps\"}]},{\"@type\":\"WebSite\",\"@id\":\"https:\\\/\\\/ecosupplements.ch\\\/#website\",\"url\":\"https:\\\/\\\/ecosupplements.ch\\\/\",\"name\":\"Eco Supplements\",\"description\":\"\",\"potentialAction\":[{\"@type\":\"SearchAction\",\"target\":{\"@type\":\"EntryPoint\",\"urlTemplate\":\"https:\\\/\\\/ecosupplements.ch\\\/?s={search_term_string}\"},\"query-input\":{\"@type\":\"PropertyValueSpecification\",\"valueRequired\":true,\"valueName\":\"search_term_string\"}}],\"inLanguage\":\"de-CH\"}]}<\/script>\n<meta property=\"product:price:amount\" content=\"1.67\" \/>\n<meta property=\"product:price:currency\" content=\"CHF\" \/>\n<meta property=\"og:availability\" content=\"out of stock\" \/>\n<meta property=\"product:availability\" content=\"out of stock\" \/>\n<meta property=\"product:retailer_item_id\" content=\"087614112411\" \/>\n<meta property=\"product:condition\" content=\"new\" \/>\n<!-- \/ Yoast SEO plugin. -->","yoast_head_json":{"title":"SWANSON Vitamin D-3 1000IU 30 Kapseln | ecosupplements.ch","description":"Vitamin D3 als Cholecalciferol \u2013 f\u00fcr Knochen, Z\u00e4hne und Immunsystem. 30 Kapseln \u00e0 1000 IU pro Packung. Jetzt bestellen.","robots":{"index":"index","follow":"follow","max-snippet":"max-snippet:-1","max-image-preview":"max-image-preview:large","max-video-preview":"max-video-preview:-1"},"canonical":"https:\/\/ecosupplements.ch\/?product=swanson-witamina-d-3-1000iu-30kaps","og_locale":"de_DE","og_type":"article","og_title":"SWANSON Vitamin D-3 1000IU 30 Kapseln | ecosupplements.ch","og_description":"Vitamin D3 als Cholecalciferol \u2013 f\u00fcr Knochen, Z\u00e4hne und Immunsystem. 30 Kapseln \u00e0 1000 IU pro Packung. Jetzt bestellen.","og_url":"https:\/\/ecosupplements.ch\/?product=swanson-witamina-d-3-1000iu-30kaps","og_site_name":"Eco Supplements","article_modified_time":"2026-05-13T07:26:57+00:00","og_image":[{"width":650,"height":650,"url":"https:\/\/ecosupplements.ch\/wp-content\/uploads\/2026\/05\/SWANSON-Witamina-D-3-1000IU-30kaps.jpg","type":"image\/jpeg"}],"twitter_card":"summary_large_image","twitter_misc":{"Price":"&#67;&#72;&#70;&nbsp;1.67","Availability":"Out of stock"},"schema":{"@context":"https:\/\/schema.org","@graph":[{"@type":"WebPage","@id":"https:\/\/ecosupplements.ch\/?product=swanson-witamina-d-3-1000iu-30kaps","url":"https:\/\/ecosupplements.ch\/?product=swanson-witamina-d-3-1000iu-30kaps","name":"SWANSON Vitamin D-3 1000IU 30 Kapseln | ecosupplements.ch","isPartOf":{"@id":"https:\/\/ecosupplements.ch\/#website"},"primaryImageOfPage":{"@id":"https:\/\/ecosupplements.ch\/?product=swanson-witamina-d-3-1000iu-30kaps#primaryimage"},"image":{"@id":"https:\/\/ecosupplements.ch\/?product=swanson-witamina-d-3-1000iu-30kaps#primaryimage"},"thumbnailUrl":"https:\/\/ecosupplements.ch\/wp-content\/uploads\/2026\/05\/SWANSON-Witamina-D-3-1000IU-30kaps.jpg","datePublished":"2026-05-11T14:27:06+00:00","dateModified":"2026-05-13T07:26:57+00:00","description":"Vitamin D3 als Cholecalciferol \u2013 f\u00fcr Knochen, Z\u00e4hne und Immunsystem. 30 Kapseln \u00e0 1000 IU pro Packung. Jetzt bestellen.","breadcrumb":{"@id":"https:\/\/ecosupplements.ch\/?product=swanson-witamina-d-3-1000iu-30kaps#breadcrumb"},"inLanguage":"de-CH","potentialAction":[{"@type":"ReadAction","target":["https:\/\/ecosupplements.ch\/?product=swanson-witamina-d-3-1000iu-30kaps"]}]},{"@type":"ImageObject","inLanguage":"de-CH","@id":"https:\/\/ecosupplements.ch\/?product=swanson-witamina-d-3-1000iu-30kaps#primaryimage","url":"https:\/\/ecosupplements.ch\/wp-content\/uploads\/2026\/05\/SWANSON-Witamina-D-3-1000IU-30kaps.jpg","contentUrl":"https:\/\/ecosupplements.ch\/wp-content\/uploads\/2026\/05\/SWANSON-Witamina-D-3-1000IU-30kaps.jpg","width":650,"height":650,"caption":"SWANSON Witamina D-3 1000IU 30kaps"},{"@type":"BreadcrumbList","@id":"https:\/\/ecosupplements.ch\/?product=swanson-witamina-d-3-1000iu-30kaps#breadcrumb","itemListElement":[{"@type":"ListItem","position":1,"name":"Home","item":"https:\/\/ecosupplements.ch\/"},{"@type":"ListItem","position":2,"name":"Shop","item":"https:\/\/ecosupplements.ch\/?page_id=14"},{"@type":"ListItem","position":3,"name":"SWANSON Witamina D-3 1000IU 30kaps"}]},{"@type":"WebSite","@id":"https:\/\/ecosupplements.ch\/#website","url":"https:\/\/ecosupplements.ch\/","name":"Eco Supplements","description":"","potentialAction":[{"@type":"SearchAction","target":{"@type":"EntryPoint","urlTemplate":"https:\/\/ecosupplements.ch\/?s={search_term_string}"},"query-input":{"@type":"PropertyValueSpecification","valueRequired":true,"valueName":"search_term_string"}}],"inLanguage":"de-CH"}]},"product_price_amount":"1.67","product_price_currency":"CHF","og_availability":"out of stock","product_availability":"out of stock","product_retailer_item_id":"087614112411","product_condition":"new"},"_links":{"self":[{"href":"https:\/\/ecosupplements.ch\/index.php?rest_route=\/wp\/v2\/product\/1109","targetHints":{"allow":["GET"]}}],"collection":[{"href":"https:\/\/ecosupplements.ch\/index.php?rest_route=\/wp\/v2\/product"}],"about":[{"href":"https:\/\/ecosupplements.ch\/index.php?rest_route=\/wp\/v2\/types\/product"}],"replies":[{"embeddable":true,"href":"https:\/\/ecosupplements.ch\/index.php?rest_route=%2Fwp%2Fv2%2Fcomments&post=1109"}],"wp:featuredmedia":[{"embeddable":true,"href":"https:\/\/ecosupplements.ch\/index.php?rest_route=\/wp\/v2\/media\/1110"}],"wp:attachment":[{"href":"https:\/\/ecosupplements.ch\/index.php?rest_route=%2Fwp%2Fv2%2Fmedia&parent=1109"}],"wp:term":[{"taxonomy":"product_brand","embeddable":true,"href":"https:\/\/ecosupplements.ch\/index.php?rest_route=%2Fwp%2Fv2%2Fproduct_brand&post=1109"},{"taxonomy":"product_cat","embeddable":true,"href":"https:\/\/ecosupplements.ch\/index.php?rest_route=%2Fwp%2Fv2%2Fproduct_cat&post=1109"},{"taxonomy":"product_tag","embeddable":true,"href":"https:\/\/ecosupplements.ch\/index.php?rest_route=%2Fwp%2Fv2%2Fproduct_tag&post=1109"}],"curies":[{"name":"wp","href":"https:\/\/api.w.org\/{rel}","templated":true}]}}