{"id":1111,"date":"2026-05-11T14:27:07","date_gmt":"2026-05-11T14:27:07","guid":{"rendered":"https:\/\/ecosupplements.ch\/?product=vitamin-d-3-1000-iu-60-caps"},"modified":"2026-05-13T07:24:15","modified_gmt":"2026-05-13T07:24:15","slug":"vitamin-d-3-1000-iu-60-caps","status":"publish","type":"product","link":"https:\/\/ecosupplements.ch\/?product=vitamin-d-3-1000-iu-60-caps","title":{"rendered":"Vitamin D-3, 1000 IU &#8211; 60 caps"},"content":{"rendered":"<div class=\"chcg-product-description\">\n<h2 class=\"chcg-heading\">\u00dcber Swanson \u2013 Vitamin D-3, 1000 IU \u2013 60 Kapseln<\/h2>\n<div class=\"chcg-intro\">\n<p>Vitamin D-3 (Cholecalciferol) ist die k\u00f6rpereigene Form von Vitamin D, die beim Menschen durch Sonneneinstrahlung in der Haut gebildet wird. Swanson Vitamin D-3 liefert pro Kapsel 25 mcg (1&#8217;000 IU) Cholecalciferol \u2013 eine bew\u00e4hrte Dosierung zur t\u00e4glichen Erg\u00e4nzung der Vitamin-D-Versorgung, besonders in sonnenarmen Monaten oder bei eingeschr\u00e4nkter Sonnenlichtexposition.<\/p>\n<p>Vitamin D tr\u00e4gt zur normalen Aufnahme und Verwertung von Kalzium und Phosphor bei, unterst\u00fctzt einen normalen Kalziumspiegel im Blut und tr\u00e4gt zur Erhaltung normaler Knochen und Z\u00e4hne bei. Dar\u00fcber hinaus leistet Vitamin D einen Beitrag zur normalen Muskelfunktion sowie zur normalen Funktion des Immunsystems.<\/p>\n<p>Das Produkt von Swanson \u00fcberzeugt durch seine einfache Handhabung: eine Kapsel t\u00e4glich zum Essen gen\u00fcgt. Mit 60 Kapseln pro Packung ist man f\u00fcr zwei Monate versorgt.<\/p>\n<\/p><\/div>\n<div class=\"chcg-nutrition\">\n<h3>N\u00e4hrwertangaben<\/h3>\n<table class=\"chcg-nutrition-table\">\n<thead>\n<tr>\n<th>N\u00e4hrstoff<\/th>\n<th>Pro Portion (1 Kapsel)<\/th>\n<\/tr>\n<\/thead>\n<tbody>\n<tr>\n<td>Vitamin D-3 (Cholecalciferol)<\/td>\n<td>25 mcg \/ 1&#8217;000 IU (250 % NRV*)<\/td>\n<\/tr>\n<\/tbody>\n<\/table>\n<p class=\"chcg-footnote\">* Prozentsatz des N\u00e4hrstoff-Referenzwerts (NRV) gem\u00e4ss Schweizer und EU-Empfehlungen.<\/p>\n<\/p><\/div>\n<div class=\"chcg-ingredients\">\n<h3>Zutaten<\/h3>\n<p>Vitamin D-3 (Cholecalciferol), Reismehl, modifizierte Speisest\u00e4rke, Saccharose, Natriumascorbat, mittelkettige Triglyceride, Siliziumdioxid, dl-alpha-Tocopherol.<\/p>\n<p class=\"chcg-capsule-shell\">Kapselh\u00fclle: Gelatine<\/p>\n<\/p><\/div>\n<div class=\"chcg-dosage\">\n<h3>Verzehrempfehlung<\/h3>\n<p>Als Nahrungserg\u00e4nzungsmittel eine Kapsel t\u00e4glich zu einer Mahlzeit mit ausreichend Wasser einnehmen.<\/p>\n<\/p><\/div>\n<div class=\"chcg-warnings\">\n<h3>Warnhinweise<\/h3>\n<p>Nur f\u00fcr Erwachsene. Konsultieren Sie Ihren Arzt bzw. Ihre \u00c4rztin, bevor Sie dieses oder ein anderes Produkt einnehmen, wenn Sie schwanger sind oder stillen, Medikamente nehmen oder an einer Erkrankung leiden.<\/p>\n<\/p><\/div>\n<div class=\"chcg-allergens\">\n<h3>Allergeninformationen<\/h3>\n<p>Auf der Verpackung sind keine Allergene deklariert. Das Produkt enth\u00e4lt Gelatine tierischen Ursprungs.<\/p>\n<\/p><\/div>\n<div class=\"chcg-storage\">\n<h3>Lagerung<\/h3>\n<p>Ausserhalb der Reichweite von Kindern aufbewahren. An einem k\u00fchlen, trockenen Ort lagern.<\/p>\n<\/p><\/div>\n<div class=\"chcg-dietary\">\n<h3>Ern\u00e4hrungshinweise<\/h3>\n<ul>\n<li>Glutenfrei<\/li>\n<\/ul><\/div>\n<\/div>\n","protected":false},"excerpt":{"rendered":"<p>Swanson Vitamin D-3 liefert 1&#8217;000 IU Cholecalciferol pro Kapsel und unterst\u00fctzt Knochen, Z\u00e4hne, Muskeln und das Immunsystem. 60 Kapseln f\u00fcr eine t\u00e4gliche, unkomplizierte Versorgung.<\/p>\n","protected":false},"featured_media":1112,"comment_status":"closed","ping_status":"open","template":"","meta":[],"product_brand":[16],"product_cat":[27,48,25,30,21],"product_tag":[],"class_list":{"0":"post-1111","1":"product","2":"type-product","3":"status-publish","4":"has-post-thumbnail","6":"product_brand-swanson","7":"product_cat-einige-vitamine","8":"product_cat-gesunde-ernaehrung","9":"product_cat-gesundheit-und-wohlbefinden","10":"product_cat-vitamin-d","11":"product_cat-vitamine-und-mineralstoffe","13":"first","14":"outofstock","15":"taxable","16":"shipping-taxable","17":"purchasable","18":"product-type-simple"},"yoast_head":"<!-- This site is optimized with the Yoast SEO plugin v27.5 - https:\/\/yoast.com\/product\/yoast-seo-wordpress\/ -->\n<title>Vitamin D-3 1000 IU \u2013 Swanson | ecosupplements.ch<\/title>\n<meta name=\"description\" content=\"Swanson Vitamin D-3 mit 1&#039;000 IU Cholecalciferol \u2013 unterst\u00fctzt Knochen, Z\u00e4hne und Immunsystem. 60 Kapseln pro Packung. Jetzt bestellen.\" \/>\n<meta name=\"robots\" content=\"index, follow, max-snippet:-1, max-image-preview:large, max-video-preview:-1\" \/>\n<link rel=\"canonical\" href=\"https:\/\/ecosupplements.ch\/?product=vitamin-d-3-1000-iu-60-caps\" \/>\n<meta property=\"og:locale\" content=\"de_DE\" \/>\n<meta property=\"og:type\" content=\"article\" \/>\n<meta property=\"og:title\" content=\"Vitamin D-3 1000 IU \u2013 Swanson | ecosupplements.ch\" \/>\n<meta property=\"og:description\" content=\"Swanson Vitamin D-3 mit 1&#039;000 IU Cholecalciferol \u2013 unterst\u00fctzt Knochen, Z\u00e4hne und Immunsystem. 60 Kapseln pro Packung. Jetzt bestellen.\" \/>\n<meta property=\"og:url\" content=\"https:\/\/ecosupplements.ch\/?product=vitamin-d-3-1000-iu-60-caps\" \/>\n<meta property=\"og:site_name\" content=\"Eco Supplements\" \/>\n<meta property=\"article:modified_time\" content=\"2026-05-13T07:24:15+00:00\" \/>\n<meta property=\"og:image\" content=\"https:\/\/ecosupplements.ch\/wp-content\/uploads\/2026\/05\/Vitamin-D-3-1000-IU-60-caps.jpg\" \/>\n\t<meta property=\"og:image:width\" content=\"650\" \/>\n\t<meta property=\"og:image:height\" content=\"650\" \/>\n\t<meta property=\"og:image:type\" content=\"image\/jpeg\" \/>\n<meta name=\"twitter:card\" content=\"summary_large_image\" \/>\n<meta name=\"twitter:label1\" content=\"Price\" \/>\n\t<meta name=\"twitter:data1\" content=\"&#067;&#072;&#070;&nbsp;2.95\" \/>\n\t<meta name=\"twitter:label2\" content=\"Availability\" \/>\n\t<meta name=\"twitter:data2\" content=\"Out of stock\" \/>\n<script type=\"application\/ld+json\" class=\"yoast-schema-graph\">{\"@context\":\"https:\\\/\\\/schema.org\",\"@graph\":[{\"@type\":\"WebPage\",\"@id\":\"https:\\\/\\\/ecosupplements.ch\\\/?product=vitamin-d-3-1000-iu-60-caps\",\"url\":\"https:\\\/\\\/ecosupplements.ch\\\/?product=vitamin-d-3-1000-iu-60-caps\",\"name\":\"Vitamin D-3 1000 IU \u2013 Swanson | ecosupplements.ch\",\"isPartOf\":{\"@id\":\"https:\\\/\\\/ecosupplements.ch\\\/#website\"},\"primaryImageOfPage\":{\"@id\":\"https:\\\/\\\/ecosupplements.ch\\\/?product=vitamin-d-3-1000-iu-60-caps#primaryimage\"},\"image\":{\"@id\":\"https:\\\/\\\/ecosupplements.ch\\\/?product=vitamin-d-3-1000-iu-60-caps#primaryimage\"},\"thumbnailUrl\":\"https:\\\/\\\/ecosupplements.ch\\\/wp-content\\\/uploads\\\/2026\\\/05\\\/Vitamin-D-3-1000-IU-60-caps.jpg\",\"datePublished\":\"2026-05-11T14:27:07+00:00\",\"dateModified\":\"2026-05-13T07:24:15+00:00\",\"description\":\"Swanson Vitamin D-3 mit 1'000 IU Cholecalciferol \u2013 unterst\u00fctzt Knochen, Z\u00e4hne und Immunsystem. 60 Kapseln pro Packung. Jetzt bestellen.\",\"breadcrumb\":{\"@id\":\"https:\\\/\\\/ecosupplements.ch\\\/?product=vitamin-d-3-1000-iu-60-caps#breadcrumb\"},\"inLanguage\":\"de-CH\",\"potentialAction\":[{\"@type\":\"ReadAction\",\"target\":[\"https:\\\/\\\/ecosupplements.ch\\\/?product=vitamin-d-3-1000-iu-60-caps\"]}]},{\"@type\":\"ImageObject\",\"inLanguage\":\"de-CH\",\"@id\":\"https:\\\/\\\/ecosupplements.ch\\\/?product=vitamin-d-3-1000-iu-60-caps#primaryimage\",\"url\":\"https:\\\/\\\/ecosupplements.ch\\\/wp-content\\\/uploads\\\/2026\\\/05\\\/Vitamin-D-3-1000-IU-60-caps.jpg\",\"contentUrl\":\"https:\\\/\\\/ecosupplements.ch\\\/wp-content\\\/uploads\\\/2026\\\/05\\\/Vitamin-D-3-1000-IU-60-caps.jpg\",\"width\":650,\"height\":650,\"caption\":\"Vitamin D-3\"},{\"@type\":\"BreadcrumbList\",\"@id\":\"https:\\\/\\\/ecosupplements.ch\\\/?product=vitamin-d-3-1000-iu-60-caps#breadcrumb\",\"itemListElement\":[{\"@type\":\"ListItem\",\"position\":1,\"name\":\"Home\",\"item\":\"https:\\\/\\\/ecosupplements.ch\\\/\"},{\"@type\":\"ListItem\",\"position\":2,\"name\":\"Shop\",\"item\":\"https:\\\/\\\/ecosupplements.ch\\\/?page_id=14\"},{\"@type\":\"ListItem\",\"position\":3,\"name\":\"Vitamin D-3, 1000 IU &#8211; 60 caps\"}]},{\"@type\":\"WebSite\",\"@id\":\"https:\\\/\\\/ecosupplements.ch\\\/#website\",\"url\":\"https:\\\/\\\/ecosupplements.ch\\\/\",\"name\":\"Eco Supplements\",\"description\":\"\",\"potentialAction\":[{\"@type\":\"SearchAction\",\"target\":{\"@type\":\"EntryPoint\",\"urlTemplate\":\"https:\\\/\\\/ecosupplements.ch\\\/?s={search_term_string}\"},\"query-input\":{\"@type\":\"PropertyValueSpecification\",\"valueRequired\":true,\"valueName\":\"search_term_string\"}}],\"inLanguage\":\"de-CH\"}]}<\/script>\n<meta property=\"product:price:amount\" content=\"2.95\" \/>\n<meta property=\"product:price:currency\" content=\"CHF\" \/>\n<meta property=\"og:availability\" content=\"out of stock\" \/>\n<meta property=\"product:availability\" content=\"out of stock\" \/>\n<meta property=\"product:retailer_item_id\" content=\"087614115108\" \/>\n<meta property=\"product:condition\" content=\"new\" \/>\n<!-- \/ Yoast SEO plugin. -->","yoast_head_json":{"title":"Vitamin D-3 1000 IU \u2013 Swanson | ecosupplements.ch","description":"Swanson Vitamin D-3 mit 1'000 IU Cholecalciferol \u2013 unterst\u00fctzt Knochen, Z\u00e4hne und Immunsystem. 60 Kapseln pro Packung. Jetzt bestellen.","robots":{"index":"index","follow":"follow","max-snippet":"max-snippet:-1","max-image-preview":"max-image-preview:large","max-video-preview":"max-video-preview:-1"},"canonical":"https:\/\/ecosupplements.ch\/?product=vitamin-d-3-1000-iu-60-caps","og_locale":"de_DE","og_type":"article","og_title":"Vitamin D-3 1000 IU \u2013 Swanson | ecosupplements.ch","og_description":"Swanson Vitamin D-3 mit 1'000 IU Cholecalciferol \u2013 unterst\u00fctzt Knochen, Z\u00e4hne und Immunsystem. 60 Kapseln pro Packung. Jetzt bestellen.","og_url":"https:\/\/ecosupplements.ch\/?product=vitamin-d-3-1000-iu-60-caps","og_site_name":"Eco Supplements","article_modified_time":"2026-05-13T07:24:15+00:00","og_image":[{"width":650,"height":650,"url":"https:\/\/ecosupplements.ch\/wp-content\/uploads\/2026\/05\/Vitamin-D-3-1000-IU-60-caps.jpg","type":"image\/jpeg"}],"twitter_card":"summary_large_image","twitter_misc":{"Price":"&#67;&#72;&#70;&nbsp;2.95","Availability":"Out of stock"},"schema":{"@context":"https:\/\/schema.org","@graph":[{"@type":"WebPage","@id":"https:\/\/ecosupplements.ch\/?product=vitamin-d-3-1000-iu-60-caps","url":"https:\/\/ecosupplements.ch\/?product=vitamin-d-3-1000-iu-60-caps","name":"Vitamin D-3 1000 IU \u2013 Swanson | ecosupplements.ch","isPartOf":{"@id":"https:\/\/ecosupplements.ch\/#website"},"primaryImageOfPage":{"@id":"https:\/\/ecosupplements.ch\/?product=vitamin-d-3-1000-iu-60-caps#primaryimage"},"image":{"@id":"https:\/\/ecosupplements.ch\/?product=vitamin-d-3-1000-iu-60-caps#primaryimage"},"thumbnailUrl":"https:\/\/ecosupplements.ch\/wp-content\/uploads\/2026\/05\/Vitamin-D-3-1000-IU-60-caps.jpg","datePublished":"2026-05-11T14:27:07+00:00","dateModified":"2026-05-13T07:24:15+00:00","description":"Swanson Vitamin D-3 mit 1'000 IU Cholecalciferol \u2013 unterst\u00fctzt Knochen, Z\u00e4hne und Immunsystem. 60 Kapseln pro Packung. Jetzt bestellen.","breadcrumb":{"@id":"https:\/\/ecosupplements.ch\/?product=vitamin-d-3-1000-iu-60-caps#breadcrumb"},"inLanguage":"de-CH","potentialAction":[{"@type":"ReadAction","target":["https:\/\/ecosupplements.ch\/?product=vitamin-d-3-1000-iu-60-caps"]}]},{"@type":"ImageObject","inLanguage":"de-CH","@id":"https:\/\/ecosupplements.ch\/?product=vitamin-d-3-1000-iu-60-caps#primaryimage","url":"https:\/\/ecosupplements.ch\/wp-content\/uploads\/2026\/05\/Vitamin-D-3-1000-IU-60-caps.jpg","contentUrl":"https:\/\/ecosupplements.ch\/wp-content\/uploads\/2026\/05\/Vitamin-D-3-1000-IU-60-caps.jpg","width":650,"height":650,"caption":"Vitamin D-3"},{"@type":"BreadcrumbList","@id":"https:\/\/ecosupplements.ch\/?product=vitamin-d-3-1000-iu-60-caps#breadcrumb","itemListElement":[{"@type":"ListItem","position":1,"name":"Home","item":"https:\/\/ecosupplements.ch\/"},{"@type":"ListItem","position":2,"name":"Shop","item":"https:\/\/ecosupplements.ch\/?page_id=14"},{"@type":"ListItem","position":3,"name":"Vitamin D-3, 1000 IU &#8211; 60 caps"}]},{"@type":"WebSite","@id":"https:\/\/ecosupplements.ch\/#website","url":"https:\/\/ecosupplements.ch\/","name":"Eco Supplements","description":"","potentialAction":[{"@type":"SearchAction","target":{"@type":"EntryPoint","urlTemplate":"https:\/\/ecosupplements.ch\/?s={search_term_string}"},"query-input":{"@type":"PropertyValueSpecification","valueRequired":true,"valueName":"search_term_string"}}],"inLanguage":"de-CH"}]},"product_price_amount":"2.95","product_price_currency":"CHF","og_availability":"out of stock","product_availability":"out of stock","product_retailer_item_id":"087614115108","product_condition":"new"},"_links":{"self":[{"href":"https:\/\/ecosupplements.ch\/index.php?rest_route=\/wp\/v2\/product\/1111","targetHints":{"allow":["GET"]}}],"collection":[{"href":"https:\/\/ecosupplements.ch\/index.php?rest_route=\/wp\/v2\/product"}],"about":[{"href":"https:\/\/ecosupplements.ch\/index.php?rest_route=\/wp\/v2\/types\/product"}],"replies":[{"embeddable":true,"href":"https:\/\/ecosupplements.ch\/index.php?rest_route=%2Fwp%2Fv2%2Fcomments&post=1111"}],"wp:featuredmedia":[{"embeddable":true,"href":"https:\/\/ecosupplements.ch\/index.php?rest_route=\/wp\/v2\/media\/1112"}],"wp:attachment":[{"href":"https:\/\/ecosupplements.ch\/index.php?rest_route=%2Fwp%2Fv2%2Fmedia&parent=1111"}],"wp:term":[{"taxonomy":"product_brand","embeddable":true,"href":"https:\/\/ecosupplements.ch\/index.php?rest_route=%2Fwp%2Fv2%2Fproduct_brand&post=1111"},{"taxonomy":"product_cat","embeddable":true,"href":"https:\/\/ecosupplements.ch\/index.php?rest_route=%2Fwp%2Fv2%2Fproduct_cat&post=1111"},{"taxonomy":"product_tag","embeddable":true,"href":"https:\/\/ecosupplements.ch\/index.php?rest_route=%2Fwp%2Fv2%2Fproduct_tag&post=1111"}],"curies":[{"name":"wp","href":"https:\/\/api.w.org\/{rel}","templated":true}]}}