{"id":1115,"date":"2026-05-11T14:27:08","date_gmt":"2026-05-11T14:27:08","guid":{"rendered":"https:\/\/ecosupplements.ch\/?product=swanson-witamina-d-3-4000iu-90-kaps"},"modified":"2026-05-13T07:26:57","modified_gmt":"2026-05-13T07:26:57","slug":"swanson-witamina-d-3-4000iu-90-kaps","status":"publish","type":"product","link":"https:\/\/ecosupplements.ch\/?product=swanson-witamina-d-3-4000iu-90-kaps","title":{"rendered":"SWANSON Witamina D-3 4000IU 90 kaps"},"content":{"rendered":"<div class=\"chcg-product-description\">\n<h2 class=\"chcg-heading\">\u00dcber Swanson \u2013 Vitamin D-3 4000 IU \u2013 90 Kapseln<\/h2>\n<div class=\"chcg-intro\">\n<p>Vitamin D ist ein fettl\u00f6sliches Vitamin, das der K\u00f6rper mithilfe von Sonnenlicht selbst herstellen kann \u2013 in den sonnenarmen Monaten oder bei \u00fcberwiegend innent\u00e4tigem Alltag kann die k\u00f6rpereigene Synthese jedoch deutlich eingeschr\u00e4nkt sein. Die Swanson Vitamin D-3 Softgelkapseln liefern pro Kapsel 100 \u00b5g (4000 IU) Cholecalciferol \u2013 die nat\u00fcrliche und vom K\u00f6rper bevorzugt verwertete Form von Vitamin D.<\/p>\n<p>Vitamin D tr\u00e4gt zur normalen Funktion des Immunsystems bei, unterst\u00fctzt die Erhaltung normaler Knochen und Z\u00e4hne und tr\u00e4gt zur normalen Muskelunktion bei. Dar\u00fcber hinaus unterst\u00fctzt Vitamin D die normale Aufnahme und Verwertung von Calcium und Phosphor im K\u00f6rper.<\/p>\n<p>Die Kapseln sind in hochwertigem Lein\u00f6l gel\u00f6st, was die Aufnahme des fettl\u00f6slichen Vitamins beg\u00fcnstigt. Mit 90 Softgelkapseln pro Packung erhalten Sie einen praktischen Vorrat f\u00fcr Ihren t\u00e4glichen Bedarf.<\/p>\n<\/p><\/div>\n<div class=\"chcg-nutrition\">\n<h3>N\u00e4hrwertangaben<\/h3>\n<table class=\"chcg-nutrition-table\">\n<thead>\n<tr>\n<th>N\u00e4hrstoff<\/th>\n<th>Pro Portion (1 Kapsel)<\/th>\n<\/tr>\n<\/thead>\n<tbody>\n<tr>\n<td>Vitamin D (Cholecalciferol)<\/td>\n<td>100 \u00b5g \/ 4000 IU (2000 % NRV*)<\/td>\n<\/tr>\n<\/tbody>\n<\/table>\n<p class=\"chcg-footnote\">* Prozentsatz des N\u00e4hrstoffbezugswerts (NRV) gem\u00e4ss EU-Verordnung Nr. 1169\/2011.<\/p>\n<\/p><\/div>\n<div class=\"chcg-ingredients\">\n<h3>Zutaten<\/h3>\n<p>Vitamin D \u2013 Cholecalciferol, Tr\u00e4gerstoff: Lein\u00f6l, Kapselh\u00fclle: Gelatine, Feuchthaltemittel: Glycerol, gereinigtes Wasser. Enth\u00e4lt Sulfite.<\/p>\n<p class=\"chcg-capsule-shell\">Kapselh\u00fclle: Gelatine, Glycerol, gereinigtes Wasser.<\/p>\n<\/p><\/div>\n<div class=\"chcg-dosage\">\n<h3>Verzehrempfehlung<\/h3>\n<p>T\u00e4glich eine Kapsel zu einer Mahlzeit mit Wasser einnehmen. Die empfohlene Tagesportion nicht \u00fcberschreiten.<\/p>\n<\/p><\/div>\n<div class=\"chcg-warnings\">\n<h3>Warnhinweise<\/h3>\n<p>Nicht verwenden bei \u00dcberempfindlichkeit gegen\u00fcber einem der Inhaltsstoffe. Nur f\u00fcr Erwachsene. Nicht empfohlen f\u00fcr Schwangere oder stillende Frauen. Die maximale Menge an Vitamin D in Nahrungserg\u00e4nzungsmitteln f\u00fcr gesunde Erwachsene bis 75 Jahre betr\u00e4gt 2000 IU (50 \u00b5g) pro Tag, f\u00fcr gesunde Erwachsene \u00fcber 75 Jahre 4000 IU (100 \u00b5g) pro Tag. Die empfohlene Tagesportion nicht \u00fcberschreiten. Personen, die Medikamente einnehmen oder erkrankt sind, sollten vor der Verwendung einen Arzt oder Apotheker konsultieren.<\/p>\n<\/p><\/div>\n<div class=\"chcg-allergens\">\n<h3>Allergeninformationen<\/h3>\n<p>Enth\u00e4lt Sulfite.<\/p>\n<\/p><\/div>\n<div class=\"chcg-storage\">\n<h3>Lagerung<\/h3>\n<p>Bei Raumtemperatur lagern, ausser Reichweite von Kleinkindern aufbewahren. Vor Feuchtigkeit und Licht sch\u00fctzen.<\/p>\n<\/p><\/div>\n<\/div>\n","protected":false},"excerpt":{"rendered":"<p>Swanson Vitamin D-3 liefert 4000 IU Cholecalciferol pro Softgelkapsel zur t\u00e4glichen Unterst\u00fctzung von Knochen, Z\u00e4hnen und Immunsystem. Packungsinhalt: 90 Kapseln.<\/p>\n","protected":false},"featured_media":1116,"comment_status":"closed","ping_status":"open","template":"","meta":[],"product_brand":[16],"product_cat":[27,48,25,30,21],"product_tag":[],"class_list":{"0":"post-1115","1":"product","2":"type-product","3":"status-publish","4":"has-post-thumbnail","6":"product_brand-swanson","7":"product_cat-einige-vitamine","8":"product_cat-gesunde-ernaehrung","9":"product_cat-gesundheit-und-wohlbefinden","10":"product_cat-vitamin-d","11":"product_cat-vitamine-und-mineralstoffe","13":"first","14":"outofstock","15":"taxable","16":"shipping-taxable","17":"purchasable","18":"product-type-simple"},"yoast_head":"<!-- This site is optimized with the Yoast SEO plugin v27.5 - https:\/\/yoast.com\/product\/yoast-seo-wordpress\/ -->\n<title>Swanson Vitamin D-3 4000 IU 90 Kapseln | ecosupplements.ch<\/title>\n<meta name=\"description\" content=\"Swanson Vitamin D-3 4000 IU \u2013 90 Softgelkapseln mit Cholecalciferol zur Unterst\u00fctzung von Knochen, Z\u00e4hnen und Immunsystem. Jetzt bestellen.\" \/>\n<meta name=\"robots\" content=\"index, follow, max-snippet:-1, max-image-preview:large, max-video-preview:-1\" \/>\n<link rel=\"canonical\" href=\"https:\/\/ecosupplements.ch\/?product=swanson-witamina-d-3-4000iu-90-kaps\" \/>\n<meta property=\"og:locale\" content=\"de_DE\" \/>\n<meta property=\"og:type\" content=\"article\" \/>\n<meta property=\"og:title\" content=\"Swanson Vitamin D-3 4000 IU 90 Kapseln | ecosupplements.ch\" \/>\n<meta property=\"og:description\" content=\"Swanson Vitamin D-3 4000 IU \u2013 90 Softgelkapseln mit Cholecalciferol zur Unterst\u00fctzung von Knochen, Z\u00e4hnen und Immunsystem. Jetzt bestellen.\" \/>\n<meta property=\"og:url\" content=\"https:\/\/ecosupplements.ch\/?product=swanson-witamina-d-3-4000iu-90-kaps\" \/>\n<meta property=\"og:site_name\" content=\"Eco Supplements\" \/>\n<meta property=\"article:modified_time\" content=\"2026-05-13T07:26:57+00:00\" \/>\n<meta property=\"og:image\" content=\"https:\/\/ecosupplements.ch\/wp-content\/uploads\/2026\/05\/SWANSON-Witamina-D-3-4000IU-90-kaps.jpg\" \/>\n\t<meta property=\"og:image:width\" content=\"800\" \/>\n\t<meta property=\"og:image:height\" content=\"800\" \/>\n\t<meta property=\"og:image:type\" content=\"image\/jpeg\" \/>\n<meta name=\"twitter:card\" content=\"summary_large_image\" \/>\n<meta name=\"twitter:label1\" content=\"Price\" \/>\n\t<meta name=\"twitter:data1\" content=\"&#067;&#072;&#070;&nbsp;4.63\" \/>\n\t<meta name=\"twitter:label2\" content=\"Availability\" \/>\n\t<meta name=\"twitter:data2\" content=\"Out of stock\" \/>\n<script type=\"application\/ld+json\" class=\"yoast-schema-graph\">{\"@context\":\"https:\\\/\\\/schema.org\",\"@graph\":[{\"@type\":\"WebPage\",\"@id\":\"https:\\\/\\\/ecosupplements.ch\\\/?product=swanson-witamina-d-3-4000iu-90-kaps\",\"url\":\"https:\\\/\\\/ecosupplements.ch\\\/?product=swanson-witamina-d-3-4000iu-90-kaps\",\"name\":\"Swanson Vitamin D-3 4000 IU 90 Kapseln | ecosupplements.ch\",\"isPartOf\":{\"@id\":\"https:\\\/\\\/ecosupplements.ch\\\/#website\"},\"primaryImageOfPage\":{\"@id\":\"https:\\\/\\\/ecosupplements.ch\\\/?product=swanson-witamina-d-3-4000iu-90-kaps#primaryimage\"},\"image\":{\"@id\":\"https:\\\/\\\/ecosupplements.ch\\\/?product=swanson-witamina-d-3-4000iu-90-kaps#primaryimage\"},\"thumbnailUrl\":\"https:\\\/\\\/ecosupplements.ch\\\/wp-content\\\/uploads\\\/2026\\\/05\\\/SWANSON-Witamina-D-3-4000IU-90-kaps.jpg\",\"datePublished\":\"2026-05-11T14:27:08+00:00\",\"dateModified\":\"2026-05-13T07:26:57+00:00\",\"description\":\"Swanson Vitamin D-3 4000 IU \u2013 90 Softgelkapseln mit Cholecalciferol zur Unterst\u00fctzung von Knochen, Z\u00e4hnen und Immunsystem. Jetzt bestellen.\",\"breadcrumb\":{\"@id\":\"https:\\\/\\\/ecosupplements.ch\\\/?product=swanson-witamina-d-3-4000iu-90-kaps#breadcrumb\"},\"inLanguage\":\"de-CH\",\"potentialAction\":[{\"@type\":\"ReadAction\",\"target\":[\"https:\\\/\\\/ecosupplements.ch\\\/?product=swanson-witamina-d-3-4000iu-90-kaps\"]}]},{\"@type\":\"ImageObject\",\"inLanguage\":\"de-CH\",\"@id\":\"https:\\\/\\\/ecosupplements.ch\\\/?product=swanson-witamina-d-3-4000iu-90-kaps#primaryimage\",\"url\":\"https:\\\/\\\/ecosupplements.ch\\\/wp-content\\\/uploads\\\/2026\\\/05\\\/SWANSON-Witamina-D-3-4000IU-90-kaps.jpg\",\"contentUrl\":\"https:\\\/\\\/ecosupplements.ch\\\/wp-content\\\/uploads\\\/2026\\\/05\\\/SWANSON-Witamina-D-3-4000IU-90-kaps.jpg\",\"width\":800,\"height\":800,\"caption\":\"SWANSON Witamina D-3 4000IU 90 kaps\"},{\"@type\":\"BreadcrumbList\",\"@id\":\"https:\\\/\\\/ecosupplements.ch\\\/?product=swanson-witamina-d-3-4000iu-90-kaps#breadcrumb\",\"itemListElement\":[{\"@type\":\"ListItem\",\"position\":1,\"name\":\"Home\",\"item\":\"https:\\\/\\\/ecosupplements.ch\\\/\"},{\"@type\":\"ListItem\",\"position\":2,\"name\":\"Shop\",\"item\":\"https:\\\/\\\/ecosupplements.ch\\\/?page_id=14\"},{\"@type\":\"ListItem\",\"position\":3,\"name\":\"SWANSON Witamina D-3 4000IU 90 kaps\"}]},{\"@type\":\"WebSite\",\"@id\":\"https:\\\/\\\/ecosupplements.ch\\\/#website\",\"url\":\"https:\\\/\\\/ecosupplements.ch\\\/\",\"name\":\"Eco Supplements\",\"description\":\"\",\"potentialAction\":[{\"@type\":\"SearchAction\",\"target\":{\"@type\":\"EntryPoint\",\"urlTemplate\":\"https:\\\/\\\/ecosupplements.ch\\\/?s={search_term_string}\"},\"query-input\":{\"@type\":\"PropertyValueSpecification\",\"valueRequired\":true,\"valueName\":\"search_term_string\"}}],\"inLanguage\":\"de-CH\"}]}<\/script>\n<meta property=\"product:price:amount\" content=\"4.63\" \/>\n<meta property=\"product:price:currency\" content=\"CHF\" \/>\n<meta property=\"og:availability\" content=\"out of stock\" \/>\n<meta property=\"product:availability\" content=\"out of stock\" \/>\n<meta property=\"product:retailer_item_id\" content=\"087614118321\" \/>\n<meta property=\"product:condition\" content=\"new\" \/>\n<!-- \/ Yoast SEO plugin. -->","yoast_head_json":{"title":"Swanson Vitamin D-3 4000 IU 90 Kapseln | ecosupplements.ch","description":"Swanson Vitamin D-3 4000 IU \u2013 90 Softgelkapseln mit Cholecalciferol zur Unterst\u00fctzung von Knochen, Z\u00e4hnen und Immunsystem. Jetzt bestellen.","robots":{"index":"index","follow":"follow","max-snippet":"max-snippet:-1","max-image-preview":"max-image-preview:large","max-video-preview":"max-video-preview:-1"},"canonical":"https:\/\/ecosupplements.ch\/?product=swanson-witamina-d-3-4000iu-90-kaps","og_locale":"de_DE","og_type":"article","og_title":"Swanson Vitamin D-3 4000 IU 90 Kapseln | ecosupplements.ch","og_description":"Swanson Vitamin D-3 4000 IU \u2013 90 Softgelkapseln mit Cholecalciferol zur Unterst\u00fctzung von Knochen, Z\u00e4hnen und Immunsystem. Jetzt bestellen.","og_url":"https:\/\/ecosupplements.ch\/?product=swanson-witamina-d-3-4000iu-90-kaps","og_site_name":"Eco Supplements","article_modified_time":"2026-05-13T07:26:57+00:00","og_image":[{"width":800,"height":800,"url":"https:\/\/ecosupplements.ch\/wp-content\/uploads\/2026\/05\/SWANSON-Witamina-D-3-4000IU-90-kaps.jpg","type":"image\/jpeg"}],"twitter_card":"summary_large_image","twitter_misc":{"Price":"&#67;&#72;&#70;&nbsp;4.63","Availability":"Out of stock"},"schema":{"@context":"https:\/\/schema.org","@graph":[{"@type":"WebPage","@id":"https:\/\/ecosupplements.ch\/?product=swanson-witamina-d-3-4000iu-90-kaps","url":"https:\/\/ecosupplements.ch\/?product=swanson-witamina-d-3-4000iu-90-kaps","name":"Swanson Vitamin D-3 4000 IU 90 Kapseln | ecosupplements.ch","isPartOf":{"@id":"https:\/\/ecosupplements.ch\/#website"},"primaryImageOfPage":{"@id":"https:\/\/ecosupplements.ch\/?product=swanson-witamina-d-3-4000iu-90-kaps#primaryimage"},"image":{"@id":"https:\/\/ecosupplements.ch\/?product=swanson-witamina-d-3-4000iu-90-kaps#primaryimage"},"thumbnailUrl":"https:\/\/ecosupplements.ch\/wp-content\/uploads\/2026\/05\/SWANSON-Witamina-D-3-4000IU-90-kaps.jpg","datePublished":"2026-05-11T14:27:08+00:00","dateModified":"2026-05-13T07:26:57+00:00","description":"Swanson Vitamin D-3 4000 IU \u2013 90 Softgelkapseln mit Cholecalciferol zur Unterst\u00fctzung von Knochen, Z\u00e4hnen und Immunsystem. Jetzt bestellen.","breadcrumb":{"@id":"https:\/\/ecosupplements.ch\/?product=swanson-witamina-d-3-4000iu-90-kaps#breadcrumb"},"inLanguage":"de-CH","potentialAction":[{"@type":"ReadAction","target":["https:\/\/ecosupplements.ch\/?product=swanson-witamina-d-3-4000iu-90-kaps"]}]},{"@type":"ImageObject","inLanguage":"de-CH","@id":"https:\/\/ecosupplements.ch\/?product=swanson-witamina-d-3-4000iu-90-kaps#primaryimage","url":"https:\/\/ecosupplements.ch\/wp-content\/uploads\/2026\/05\/SWANSON-Witamina-D-3-4000IU-90-kaps.jpg","contentUrl":"https:\/\/ecosupplements.ch\/wp-content\/uploads\/2026\/05\/SWANSON-Witamina-D-3-4000IU-90-kaps.jpg","width":800,"height":800,"caption":"SWANSON Witamina D-3 4000IU 90 kaps"},{"@type":"BreadcrumbList","@id":"https:\/\/ecosupplements.ch\/?product=swanson-witamina-d-3-4000iu-90-kaps#breadcrumb","itemListElement":[{"@type":"ListItem","position":1,"name":"Home","item":"https:\/\/ecosupplements.ch\/"},{"@type":"ListItem","position":2,"name":"Shop","item":"https:\/\/ecosupplements.ch\/?page_id=14"},{"@type":"ListItem","position":3,"name":"SWANSON Witamina D-3 4000IU 90 kaps"}]},{"@type":"WebSite","@id":"https:\/\/ecosupplements.ch\/#website","url":"https:\/\/ecosupplements.ch\/","name":"Eco Supplements","description":"","potentialAction":[{"@type":"SearchAction","target":{"@type":"EntryPoint","urlTemplate":"https:\/\/ecosupplements.ch\/?s={search_term_string}"},"query-input":{"@type":"PropertyValueSpecification","valueRequired":true,"valueName":"search_term_string"}}],"inLanguage":"de-CH"}]},"product_price_amount":"4.63","product_price_currency":"CHF","og_availability":"out of stock","product_availability":"out of stock","product_retailer_item_id":"087614118321","product_condition":"new"},"_links":{"self":[{"href":"https:\/\/ecosupplements.ch\/index.php?rest_route=\/wp\/v2\/product\/1115","targetHints":{"allow":["GET"]}}],"collection":[{"href":"https:\/\/ecosupplements.ch\/index.php?rest_route=\/wp\/v2\/product"}],"about":[{"href":"https:\/\/ecosupplements.ch\/index.php?rest_route=\/wp\/v2\/types\/product"}],"replies":[{"embeddable":true,"href":"https:\/\/ecosupplements.ch\/index.php?rest_route=%2Fwp%2Fv2%2Fcomments&post=1115"}],"wp:featuredmedia":[{"embeddable":true,"href":"https:\/\/ecosupplements.ch\/index.php?rest_route=\/wp\/v2\/media\/1116"}],"wp:attachment":[{"href":"https:\/\/ecosupplements.ch\/index.php?rest_route=%2Fwp%2Fv2%2Fmedia&parent=1115"}],"wp:term":[{"taxonomy":"product_brand","embeddable":true,"href":"https:\/\/ecosupplements.ch\/index.php?rest_route=%2Fwp%2Fv2%2Fproduct_brand&post=1115"},{"taxonomy":"product_cat","embeddable":true,"href":"https:\/\/ecosupplements.ch\/index.php?rest_route=%2Fwp%2Fv2%2Fproduct_cat&post=1115"},{"taxonomy":"product_tag","embeddable":true,"href":"https:\/\/ecosupplements.ch\/index.php?rest_route=%2Fwp%2Fv2%2Fproduct_tag&post=1115"}],"curies":[{"name":"wp","href":"https:\/\/api.w.org\/{rel}","templated":true}]}}