{"id":1127,"date":"2026-05-11T14:27:13","date_gmt":"2026-05-11T14:27:13","guid":{"rendered":"https:\/\/ecosupplements.ch\/?product=hair-skin-nails-60-tablets"},"modified":"2026-05-13T07:23:57","modified_gmt":"2026-05-13T07:23:57","slug":"hair-skin-nails-60-tablets","status":"publish","type":"product","link":"https:\/\/ecosupplements.ch\/?product=hair-skin-nails-60-tablets","title":{"rendered":"Hair, Skin &amp; Nails &#8211; 60 tablets"},"content":{"rendered":"<div class=\"chcg-product-description\">\n<h2 class=\"chcg-heading\">\u00dcber Swanson \u2013 Hair, Skin &amp; Nails \u2013 60 Tabletten<\/h2>\n<div class=\"chcg-intro\">\n<p>Swanson Hair, Skin &amp; Nails ist eine sorgf\u00e4ltig zusammengestellte N\u00e4hrstoffkombination, die speziell auf die Bed\u00fcrfnisse von Haaren, Haut und N\u00e4geln ausgerichtet ist. Die Formel vereint bew\u00e4hrte Inhaltsstoffe wie MSM (Methylsulfonylmethane), L-Cysteine sowie einen standardisierten Schachtelhalm-Extrakt (Equisetum arvense) mit 7 % Kiesels\u00e4ure \u2013 alles in einer praktischen Tagestablette.<\/p>\n<p>Erg\u00e4nzt wird die Rezeptur durch Cholin, Inositol, PABA (para-Aminobenzoes\u00e4ure) und Calcium. Diese N\u00e4hrstoffe tragen in ihrer Kombination zu einer ausgewogenen t\u00e4glichen Versorgung bei und eignen sich ideal als Erg\u00e4nzung zu einer abwechslungsreichen und ausgewogenen Ern\u00e4hrung.<\/p>\n<p>Mit 60 Tabletten pro Packung \u2013 entsprechend einem Vorrat von 30 Tagen bei zweimaliger Einnahme pro Tag \u2013 bietet Swanson Hair, Skin &amp; Nails eine unkomplizierte und zuverl\u00e4ssige Erg\u00e4nzung f\u00fcr den Alltag.<\/p>\n<\/p><\/div>\n<div class=\"chcg-nutrition\">\n<h3>N\u00e4hrwertangaben<\/h3>\n<table class=\"chcg-nutrition-table\">\n<thead>\n<tr>\n<th>N\u00e4hrstoff<\/th>\n<th>Pro Portion (1 Tablette)<\/th>\n<\/tr>\n<\/thead>\n<tbody>\n<tr>\n<td>Cholin (als Cholinbitartrat)<\/td>\n<td>50 mg *<\/td>\n<\/tr>\n<tr>\n<td>Calcium<\/td>\n<td>35 mg (4 % NRV)<\/td>\n<\/tr>\n<tr>\n<td>MSM (Methylsulfonylmethane)<\/td>\n<td>700 mg *<\/td>\n<\/tr>\n<tr>\n<td>Schachtelhalm-Stengelextrakt (Equisetum arvense) (standardisiert auf 7 % Kiesels\u00e4ure)<\/td>\n<td>250 mg *<\/td>\n<\/tr>\n<tr>\n<td>L-Cysteine (als L-Cysteine HCl)<\/td>\n<td>100 mg *<\/td>\n<\/tr>\n<tr>\n<td>Inositol<\/td>\n<td>25 mg *<\/td>\n<\/tr>\n<tr>\n<td>PABA (para-Aminobenzoes\u00e4ure)<\/td>\n<td>25 mg *<\/td>\n<\/tr>\n<\/tbody>\n<\/table>\n<p class=\"chcg-footnote\">* Kein festgelegter Tagesreferenzwert vorhanden.<\/p>\n<\/p><\/div>\n<div class=\"chcg-ingredients\">\n<h3>Zutaten<\/h3>\n<p>Cholin (als Cholinbitartrat), Calcium, MSM (Methylsulfonylmethane), Schachtelhalm-Stengelextrakt (Equisetum arvense) (standardisiert auf 7 % Kiesels\u00e4ure), L-Cysteine (als L-Cysteine HCl), Inositol, PABA (para-Aminobenzoes\u00e4ure).<\/p>\n<p>Weitere Zutaten: Stearins\u00e4ure, Calciumcarbonat, Croscarmellose-Natrium, Magnesiumstearat, pharmazeutischer Glanzlack, mikrokristalline Cellulose (Pflanzenfaser), Siliciumdioxid.<\/p>\n<\/p><\/div>\n<div class=\"chcg-dosage\">\n<h3>Verzehrempfehlung<\/h3>\n<p>Als Nahrungserg\u00e4nzungsmittel eine Tablette zweimal t\u00e4glich mit Wasser einnehmen.<\/p>\n<\/p><\/div>\n<div class=\"chcg-warnings\">\n<h3>Warnhinweise<\/h3>\n<p>Nur f\u00fcr Erwachsene. Konsultieren Sie vor der Einnahme dieses oder eines anderen Produkts Ihre \u00c4rztin oder Ihren Arzt, wenn Sie schwanger sind oder stillen, Medikamente einnehmen oder an einer Erkrankung leiden. Ausserhalb der Reichweite von Kindern aufbewahren. Nicht verwenden, wenn die Schutzversiegelung besch\u00e4digt ist.<\/p>\n<\/p><\/div>\n<div class=\"chcg-allergens\">\n<h3>Allergeninformationen<\/h3>\n<p>Auf der Produktverpackung sind keine Allergene explizit deklariert.<\/p>\n<\/p><\/div>\n<div class=\"chcg-storage\">\n<h3>Lagerung<\/h3>\n<p>An einem k\u00fchlen, trockenen Ort lagern.<\/p>\n<\/p><\/div>\n<div class=\"chcg-dietary\">\n<h3>Ern\u00e4hrungshinweise<\/h3>\n<ul>\n<li>Vegetarisch<\/li>\n<\/ul><\/div>\n<\/div>\n","protected":false},"excerpt":{"rendered":"<p>Swanson Hair, Skin &amp; Nails liefert eine gezielte Kombination aus MSM, L-Cysteine, Schachtelhalm-Extrakt und weiteren N\u00e4hrstoffen als praktische Tablette. Die Packung enth\u00e4lt 60 Tabletten f\u00fcr 30 Tage.<\/p>\n","protected":false},"featured_media":1128,"comment_status":"closed","ping_status":"open","template":"","meta":[],"product_brand":[16],"product_cat":[48,25,41,26,32,21],"product_tag":[],"class_list":{"0":"post-1127","1":"product","2":"type-product","3":"status-publish","4":"has-post-thumbnail","6":"product_brand-swanson","7":"product_cat-gesunde-ernaehrung","8":"product_cat-gesundheit-und-wohlbefinden","9":"product_cat-haare-und-naegel","10":"product_cat-multivitamine","11":"product_cat-nahrungsergaenzungsmittel-fuer-frauen","12":"product_cat-vitamine-und-mineralstoffe","14":"first","15":"outofstock","16":"taxable","17":"shipping-taxable","18":"purchasable","19":"product-type-simple"},"yoast_head":"<!-- This site is optimized with the Yoast SEO plugin v27.5 - https:\/\/yoast.com\/product\/yoast-seo-wordpress\/ -->\n<title>Hair, Skin &amp; Nails 60 Tabletten \u2013 Swanson | ecosupplements.ch<\/title>\n<meta name=\"description\" content=\"Swanson Hair, Skin &amp; Nails mit MSM, L-Cysteine &amp; Schachtelhalm-Extrakt \u2013 60 Tabletten f\u00fcr 30 Tage. Jetzt bestellen.\" \/>\n<meta name=\"robots\" content=\"index, follow, max-snippet:-1, max-image-preview:large, max-video-preview:-1\" \/>\n<link rel=\"canonical\" href=\"https:\/\/ecosupplements.ch\/?product=hair-skin-nails-60-tablets\" \/>\n<meta property=\"og:locale\" content=\"de_DE\" \/>\n<meta property=\"og:type\" content=\"article\" \/>\n<meta property=\"og:title\" content=\"Hair, Skin &amp; Nails 60 Tabletten \u2013 Swanson | ecosupplements.ch\" \/>\n<meta property=\"og:description\" content=\"Swanson Hair, Skin &amp; Nails mit MSM, L-Cysteine &amp; Schachtelhalm-Extrakt \u2013 60 Tabletten f\u00fcr 30 Tage. Jetzt bestellen.\" \/>\n<meta property=\"og:url\" content=\"https:\/\/ecosupplements.ch\/?product=hair-skin-nails-60-tablets\" \/>\n<meta property=\"og:site_name\" content=\"Eco Supplements\" \/>\n<meta property=\"article:modified_time\" content=\"2026-05-13T07:23:57+00:00\" \/>\n<meta property=\"og:image\" content=\"https:\/\/ecosupplements.ch\/wp-content\/uploads\/2026\/05\/Hair-Skin-Nails-60-tablets.jpg\" \/>\n\t<meta property=\"og:image:width\" content=\"1080\" \/>\n\t<meta property=\"og:image:height\" content=\"1080\" \/>\n\t<meta property=\"og:image:type\" content=\"image\/jpeg\" \/>\n<meta name=\"twitter:card\" content=\"summary_large_image\" \/>\n<meta name=\"twitter:label1\" content=\"Price\" \/>\n\t<meta name=\"twitter:data1\" content=\"&#067;&#072;&#070;&nbsp;11.35\" \/>\n\t<meta name=\"twitter:label2\" content=\"Availability\" \/>\n\t<meta name=\"twitter:data2\" content=\"Out of stock\" \/>\n<script type=\"application\/ld+json\" class=\"yoast-schema-graph\">{\"@context\":\"https:\\\/\\\/schema.org\",\"@graph\":[{\"@type\":\"WebPage\",\"@id\":\"https:\\\/\\\/ecosupplements.ch\\\/?product=hair-skin-nails-60-tablets\",\"url\":\"https:\\\/\\\/ecosupplements.ch\\\/?product=hair-skin-nails-60-tablets\",\"name\":\"Hair, Skin & Nails 60 Tabletten \u2013 Swanson | ecosupplements.ch\",\"isPartOf\":{\"@id\":\"https:\\\/\\\/ecosupplements.ch\\\/#website\"},\"primaryImageOfPage\":{\"@id\":\"https:\\\/\\\/ecosupplements.ch\\\/?product=hair-skin-nails-60-tablets#primaryimage\"},\"image\":{\"@id\":\"https:\\\/\\\/ecosupplements.ch\\\/?product=hair-skin-nails-60-tablets#primaryimage\"},\"thumbnailUrl\":\"https:\\\/\\\/ecosupplements.ch\\\/wp-content\\\/uploads\\\/2026\\\/05\\\/Hair-Skin-Nails-60-tablets.jpg\",\"datePublished\":\"2026-05-11T14:27:13+00:00\",\"dateModified\":\"2026-05-13T07:23:57+00:00\",\"description\":\"Swanson Hair, Skin & Nails mit MSM, L-Cysteine & Schachtelhalm-Extrakt \u2013 60 Tabletten f\u00fcr 30 Tage. Jetzt bestellen.\",\"breadcrumb\":{\"@id\":\"https:\\\/\\\/ecosupplements.ch\\\/?product=hair-skin-nails-60-tablets#breadcrumb\"},\"inLanguage\":\"de-CH\",\"potentialAction\":[{\"@type\":\"ReadAction\",\"target\":[\"https:\\\/\\\/ecosupplements.ch\\\/?product=hair-skin-nails-60-tablets\"]}]},{\"@type\":\"ImageObject\",\"inLanguage\":\"de-CH\",\"@id\":\"https:\\\/\\\/ecosupplements.ch\\\/?product=hair-skin-nails-60-tablets#primaryimage\",\"url\":\"https:\\\/\\\/ecosupplements.ch\\\/wp-content\\\/uploads\\\/2026\\\/05\\\/Hair-Skin-Nails-60-tablets.jpg\",\"contentUrl\":\"https:\\\/\\\/ecosupplements.ch\\\/wp-content\\\/uploads\\\/2026\\\/05\\\/Hair-Skin-Nails-60-tablets.jpg\",\"width\":1080,\"height\":1080,\"caption\":\"Hair\"},{\"@type\":\"BreadcrumbList\",\"@id\":\"https:\\\/\\\/ecosupplements.ch\\\/?product=hair-skin-nails-60-tablets#breadcrumb\",\"itemListElement\":[{\"@type\":\"ListItem\",\"position\":1,\"name\":\"Home\",\"item\":\"https:\\\/\\\/ecosupplements.ch\\\/\"},{\"@type\":\"ListItem\",\"position\":2,\"name\":\"Shop\",\"item\":\"https:\\\/\\\/ecosupplements.ch\\\/?page_id=14\"},{\"@type\":\"ListItem\",\"position\":3,\"name\":\"Hair, Skin &amp; Nails &#8211; 60 tablets\"}]},{\"@type\":\"WebSite\",\"@id\":\"https:\\\/\\\/ecosupplements.ch\\\/#website\",\"url\":\"https:\\\/\\\/ecosupplements.ch\\\/\",\"name\":\"Eco Supplements\",\"description\":\"\",\"potentialAction\":[{\"@type\":\"SearchAction\",\"target\":{\"@type\":\"EntryPoint\",\"urlTemplate\":\"https:\\\/\\\/ecosupplements.ch\\\/?s={search_term_string}\"},\"query-input\":{\"@type\":\"PropertyValueSpecification\",\"valueRequired\":true,\"valueName\":\"search_term_string\"}}],\"inLanguage\":\"de-CH\"}]}<\/script>\n<meta property=\"product:price:amount\" content=\"11.35\" \/>\n<meta property=\"product:price:currency\" content=\"CHF\" \/>\n<meta property=\"og:availability\" content=\"out of stock\" \/>\n<meta property=\"product:availability\" content=\"out of stock\" \/>\n<meta property=\"product:retailer_item_id\" content=\"087614018836\" \/>\n<meta property=\"product:condition\" content=\"new\" \/>\n<!-- \/ Yoast SEO plugin. -->","yoast_head_json":{"title":"Hair, Skin & Nails 60 Tabletten \u2013 Swanson | ecosupplements.ch","description":"Swanson Hair, Skin & Nails mit MSM, L-Cysteine & Schachtelhalm-Extrakt \u2013 60 Tabletten f\u00fcr 30 Tage. Jetzt bestellen.","robots":{"index":"index","follow":"follow","max-snippet":"max-snippet:-1","max-image-preview":"max-image-preview:large","max-video-preview":"max-video-preview:-1"},"canonical":"https:\/\/ecosupplements.ch\/?product=hair-skin-nails-60-tablets","og_locale":"de_DE","og_type":"article","og_title":"Hair, Skin & Nails 60 Tabletten \u2013 Swanson | ecosupplements.ch","og_description":"Swanson Hair, Skin & Nails mit MSM, L-Cysteine & Schachtelhalm-Extrakt \u2013 60 Tabletten f\u00fcr 30 Tage. Jetzt bestellen.","og_url":"https:\/\/ecosupplements.ch\/?product=hair-skin-nails-60-tablets","og_site_name":"Eco Supplements","article_modified_time":"2026-05-13T07:23:57+00:00","og_image":[{"width":1080,"height":1080,"url":"https:\/\/ecosupplements.ch\/wp-content\/uploads\/2026\/05\/Hair-Skin-Nails-60-tablets.jpg","type":"image\/jpeg"}],"twitter_card":"summary_large_image","twitter_misc":{"Price":"&#67;&#72;&#70;&nbsp;11.35","Availability":"Out of stock"},"schema":{"@context":"https:\/\/schema.org","@graph":[{"@type":"WebPage","@id":"https:\/\/ecosupplements.ch\/?product=hair-skin-nails-60-tablets","url":"https:\/\/ecosupplements.ch\/?product=hair-skin-nails-60-tablets","name":"Hair, Skin & Nails 60 Tabletten \u2013 Swanson | ecosupplements.ch","isPartOf":{"@id":"https:\/\/ecosupplements.ch\/#website"},"primaryImageOfPage":{"@id":"https:\/\/ecosupplements.ch\/?product=hair-skin-nails-60-tablets#primaryimage"},"image":{"@id":"https:\/\/ecosupplements.ch\/?product=hair-skin-nails-60-tablets#primaryimage"},"thumbnailUrl":"https:\/\/ecosupplements.ch\/wp-content\/uploads\/2026\/05\/Hair-Skin-Nails-60-tablets.jpg","datePublished":"2026-05-11T14:27:13+00:00","dateModified":"2026-05-13T07:23:57+00:00","description":"Swanson Hair, Skin & Nails mit MSM, L-Cysteine & Schachtelhalm-Extrakt \u2013 60 Tabletten f\u00fcr 30 Tage. Jetzt bestellen.","breadcrumb":{"@id":"https:\/\/ecosupplements.ch\/?product=hair-skin-nails-60-tablets#breadcrumb"},"inLanguage":"de-CH","potentialAction":[{"@type":"ReadAction","target":["https:\/\/ecosupplements.ch\/?product=hair-skin-nails-60-tablets"]}]},{"@type":"ImageObject","inLanguage":"de-CH","@id":"https:\/\/ecosupplements.ch\/?product=hair-skin-nails-60-tablets#primaryimage","url":"https:\/\/ecosupplements.ch\/wp-content\/uploads\/2026\/05\/Hair-Skin-Nails-60-tablets.jpg","contentUrl":"https:\/\/ecosupplements.ch\/wp-content\/uploads\/2026\/05\/Hair-Skin-Nails-60-tablets.jpg","width":1080,"height":1080,"caption":"Hair"},{"@type":"BreadcrumbList","@id":"https:\/\/ecosupplements.ch\/?product=hair-skin-nails-60-tablets#breadcrumb","itemListElement":[{"@type":"ListItem","position":1,"name":"Home","item":"https:\/\/ecosupplements.ch\/"},{"@type":"ListItem","position":2,"name":"Shop","item":"https:\/\/ecosupplements.ch\/?page_id=14"},{"@type":"ListItem","position":3,"name":"Hair, Skin &amp; Nails &#8211; 60 tablets"}]},{"@type":"WebSite","@id":"https:\/\/ecosupplements.ch\/#website","url":"https:\/\/ecosupplements.ch\/","name":"Eco Supplements","description":"","potentialAction":[{"@type":"SearchAction","target":{"@type":"EntryPoint","urlTemplate":"https:\/\/ecosupplements.ch\/?s={search_term_string}"},"query-input":{"@type":"PropertyValueSpecification","valueRequired":true,"valueName":"search_term_string"}}],"inLanguage":"de-CH"}]},"product_price_amount":"11.35","product_price_currency":"CHF","og_availability":"out of stock","product_availability":"out of stock","product_retailer_item_id":"087614018836","product_condition":"new"},"_links":{"self":[{"href":"https:\/\/ecosupplements.ch\/index.php?rest_route=\/wp\/v2\/product\/1127","targetHints":{"allow":["GET"]}}],"collection":[{"href":"https:\/\/ecosupplements.ch\/index.php?rest_route=\/wp\/v2\/product"}],"about":[{"href":"https:\/\/ecosupplements.ch\/index.php?rest_route=\/wp\/v2\/types\/product"}],"replies":[{"embeddable":true,"href":"https:\/\/ecosupplements.ch\/index.php?rest_route=%2Fwp%2Fv2%2Fcomments&post=1127"}],"wp:featuredmedia":[{"embeddable":true,"href":"https:\/\/ecosupplements.ch\/index.php?rest_route=\/wp\/v2\/media\/1128"}],"wp:attachment":[{"href":"https:\/\/ecosupplements.ch\/index.php?rest_route=%2Fwp%2Fv2%2Fmedia&parent=1127"}],"wp:term":[{"taxonomy":"product_brand","embeddable":true,"href":"https:\/\/ecosupplements.ch\/index.php?rest_route=%2Fwp%2Fv2%2Fproduct_brand&post=1127"},{"taxonomy":"product_cat","embeddable":true,"href":"https:\/\/ecosupplements.ch\/index.php?rest_route=%2Fwp%2Fv2%2Fproduct_cat&post=1127"},{"taxonomy":"product_tag","embeddable":true,"href":"https:\/\/ecosupplements.ch\/index.php?rest_route=%2Fwp%2Fv2%2Fproduct_tag&post=1127"}],"curies":[{"name":"wp","href":"https:\/\/api.w.org\/{rel}","templated":true}]}}