{"id":1149,"date":"2026-05-11T14:27:22","date_gmt":"2026-05-11T14:27:22","guid":{"rendered":"https:\/\/ecosupplements.ch\/?product=c4-explosive-energy-drink-orange-slice-12-x-500-ml"},"modified":"2026-05-12T18:11:27","modified_gmt":"2026-05-12T18:11:27","slug":"c4-explosive-energy-drink-orange-slice-12-x-500-ml","status":"publish","type":"product","link":"https:\/\/ecosupplements.ch\/?product=c4-explosive-energy-drink-orange-slice-12-x-500-ml","title":{"rendered":"C4 Explosive Energy Drink, Orange Slice &#8211; 12 x 500 ml."},"content":{"rendered":"<div class=\"chcg-product-description\">\n<h2 class=\"chcg-heading\">\u00dcber Cellucor \u2013 C4 Explosive Energy Drink, Orange Slice \u2013 12 x 500 ml<\/h2>\n<div class=\"chcg-intro\">\n<p>Der C4 Explosive Energy Drink von Cellucor ist ein karbonisiertes Erfrischungsgetr\u00e4nk mit Orange-Slice-Geschmack, das gezielt f\u00fcr aktive Menschen entwickelt wurde. Mit 160 mg Koffein pro Dose (500 ml) sowie den Wirkstoffen Taurin, L-Arginin und Betain (BetaPower\u00ae) bietet er eine kraftvolle Formel f\u00fcr Momente, in denen Konzentration und Energie gefragt sind.<\/p>\n<p>Jede Dose enth\u00e4lt zudem die Vitamine Nicotinamid (Vitamin B3) und Cyanocobalamin (Vitamin B12), die zur normalen Energiegewinnung aus der Nahrung sowie zur Verringerung von M\u00fcdigkeit und Ersch\u00f6pfung beitragen. Die Rezeptur ist zuckerfrei, ges\u00fcsst mit Sucralose und Steviol-Glykosiden aus Stevia \u2013 so bleibt der Kaloriengehalt vernachl\u00e4ssigbar gering.<\/p>\n<p>Im praktischen 12er-Pack mit je 500 ml pro Dose ist der C4 Explosive Energy Drink ideal f\u00fcr den regelm\u00e4ssigen Einsatz im Alltag oder im Training. Die spritzige Orange-Slice-Note macht ihn zu einem erfrischenden Begleiter \u2013 ohne Zucker, ohne Kompromisse.<\/p>\n<\/p><\/div>\n<div class=\"chcg-nutrition\">\n<h3>N\u00e4hrwertangaben<\/h3>\n<table class=\"chcg-nutrition-table\">\n<thead>\n<tr>\n<th>N\u00e4hrstoff<\/th>\n<th>Pro 100 ml<\/th>\n<th>Pro Portion (500 ml)<\/th>\n<\/tr>\n<\/thead>\n<tbody>\n<tr>\n<td>Energie<\/td>\n<td>vernachl\u00e4ssigbar<\/td>\n<td>vernachl\u00e4ssigbar<\/td>\n<\/tr>\n<tr>\n<td>Fett<\/td>\n<td>vernachl\u00e4ssigbar<\/td>\n<td>vernachl\u00e4ssigbar<\/td>\n<\/tr>\n<tr>\n<td>\u2013 davon ges\u00e4ttigte Fetts\u00e4uren<\/td>\n<td>vernachl\u00e4ssigbar<\/td>\n<td>vernachl\u00e4ssigbar<\/td>\n<\/tr>\n<tr>\n<td>Kohlenhydrate<\/td>\n<td>vernachl\u00e4ssigbar<\/td>\n<td>vernachl\u00e4ssigbar<\/td>\n<\/tr>\n<tr>\n<td>\u2013 davon Zucker<\/td>\n<td>0 g<\/td>\n<td>0 g<\/td>\n<\/tr>\n<tr>\n<td>Eiweiss<\/td>\n<td>vernachl\u00e4ssigbar<\/td>\n<td>vernachl\u00e4ssigbar<\/td>\n<\/tr>\n<tr>\n<td>Salz<\/td>\n<td>vernachl\u00e4ssigbar<\/td>\n<td>vernachl\u00e4ssigbar<\/td>\n<\/tr>\n<tr>\n<td>Koffein<\/td>\n<td>32 mg<\/td>\n<td>160 mg<\/td>\n<\/tr>\n<tr>\n<td>Nicotinamid (Vitamin B3)<\/td>\n<td>~8 mg NE (ca. 50% NRV*)<\/td>\n<td>~40 mg NE (ca. 50% NRV*)<\/td>\n<\/tr>\n<tr>\n<td>Cyanocobalamin (Vitamin B12)<\/td>\n<td>\u2013<\/td>\n<td>ca. 50% NRV*<\/td>\n<\/tr>\n<tr>\n<td>Taurin<\/td>\n<td>210 mg<\/td>\n<td>1050 mg<\/td>\n<\/tr>\n<tr>\n<td>L-Arginin<\/td>\n<td>210 mg<\/td>\n<td>1050 mg<\/td>\n<\/tr>\n<tr>\n<td>Betain (BetaPower\u00ae)<\/td>\n<td>50 mg<\/td>\n<td>250 mg<\/td>\n<\/tr>\n<\/tbody>\n<\/table>\n<p class=\"chcg-footnote\">* NRV = Referenzmenge f\u00fcr die t\u00e4gliche Zufuhr (Nutrient Reference Value)<\/p>\n<\/p><\/div>\n<div class=\"chcg-ingredients\">\n<h3>Zutaten<\/h3>\n<p>Kohlens\u00e4urehaltiges Wasser, S\u00e4ureregulatoren (Zitronens\u00e4ure, \u00c4pfels\u00e4ure), nat\u00fcrliches Aroma, L-Arginin (0,21%), Taurin (0,21%), Betain (BetaPower\u00ae) (0,05%), S\u00fcssstoffe (Sucralose, Steviol-Glykoside aus Stevia), wasserfreies Koffein, Nicotinamid, Cyanocobalamin.<\/p>\n<\/p><\/div>\n<div class=\"chcg-dosage\">\n<h3>Verzehrempfehlung<\/h3>\n<p>Direkt aus der Dose trinken. Bei Bedarf 1 Dose (500 ml) konsumieren. Hoher Koffeingehalt: 32 mg\/100 ml (160 mg pro Dose). Nicht empfohlen f\u00fcr Kinder sowie schwangere oder stillende Frauen.<\/p>\n<\/p><\/div>\n<div class=\"chcg-warnings\">\n<h3>Warnhinweise<\/h3>\n<p>Hoher Koffeingehalt (32 mg\/100 ml). Nicht empfohlen f\u00fcr Kinder sowie schwangere oder stillende Frauen. In Massen geniessen im Rahmen einer ausgewogenen und abwechslungsreichen Ern\u00e4hrung. Dieses Produkt sollte nicht verwendet werden, wenn am selben Tag weitere Nahrungserg\u00e4nzungsmittel mit Betain eingenommen werden. Nahrungserg\u00e4nzungsmittel sind kein Ersatz f\u00fcr eine abwechslungsreiche, ausgewogene Ern\u00e4hrung und eine gesunde Lebensweise. Die empfohlene Tagesdosis nicht \u00fcberschreiten. Ausserhalb der Reichweite von kleinen Kindern aufbewahren.<\/p>\n<\/p><\/div>\n<div class=\"chcg-allergens\">\n<h3>Allergeninformationen<\/h3>\n<p>Keine deklarationspflichtigen Allergene. Enth\u00e4lt vernachl\u00e4ssigbare Mengen an Fett, ges\u00e4ttigten Fetts\u00e4uren, Kohlenhydraten, Zucker, Eiweiss und Salz.<\/p>\n<\/p><\/div>\n<div class=\"chcg-storage\">\n<h3>Lagerung<\/h3>\n<p>An einem k\u00fchlen, trockenen Ort lagern. Nicht einfrieren.<\/p>\n<\/p><\/div>\n<div class=\"chcg-dietary\">\n<h3>Ern\u00e4hrungshinweise<\/h3>\n<ul>\n<li>Vegan<\/li>\n<li>Vegetarisch<\/li>\n<li>Glutenfrei<\/li>\n<li>Laktosefrei<\/li>\n<\/ul><\/div>\n<\/div>\n","protected":false},"excerpt":{"rendered":"<p>C4 Explosive Energy Drink von Cellucor liefert 160 mg Koffein sowie Taurin, L-Arginin und B-Vitamine pro Dose \u2013 zuckerfrei und erfrischend im Orange-Slice-Geschmack. Im praktischen 12er-Pack \u00e0 500 ml.<\/p>\n","protected":false},"featured_media":1150,"comment_status":"closed","ping_status":"open","template":"","meta":[],"product_brand":[441],"product_cat":[15],"product_tag":[],"class_list":{"0":"post-1149","1":"product","2":"type-product","3":"status-publish","4":"has-post-thumbnail","6":"product_brand-cellucor","7":"product_cat-uncategorized","9":"first","10":"outofstock","11":"taxable","12":"shipping-taxable","13":"purchasable","14":"product-type-simple"},"yoast_head":"<!-- This site is optimized with the Yoast SEO plugin v27.5 - https:\/\/yoast.com\/product\/yoast-seo-wordpress\/ -->\n<title>C4 Explosive Energy Drink Orange \u2013 Cellucor | ecosupplements.ch<\/title>\n<meta name=\"description\" content=\"Zuckerfreier Energy Drink mit 160 mg Koffein, Taurin und B-Vitaminen \u2013 12 x 500 ml im Orange-Slice-Geschmack. Jetzt bestellen.\" \/>\n<meta name=\"robots\" content=\"index, follow, max-snippet:-1, max-image-preview:large, max-video-preview:-1\" \/>\n<link rel=\"canonical\" href=\"https:\/\/ecosupplements.ch\/?product=c4-explosive-energy-drink-orange-slice-12-x-500-ml\" \/>\n<meta property=\"og:locale\" content=\"de_DE\" \/>\n<meta property=\"og:type\" content=\"article\" \/>\n<meta property=\"og:title\" content=\"C4 Explosive Energy Drink Orange \u2013 Cellucor | ecosupplements.ch\" \/>\n<meta property=\"og:description\" content=\"Zuckerfreier Energy Drink mit 160 mg Koffein, Taurin und B-Vitaminen \u2013 12 x 500 ml im Orange-Slice-Geschmack. Jetzt bestellen.\" \/>\n<meta property=\"og:url\" content=\"https:\/\/ecosupplements.ch\/?product=c4-explosive-energy-drink-orange-slice-12-x-500-ml\" \/>\n<meta property=\"og:site_name\" content=\"Eco Supplements\" \/>\n<meta property=\"article:modified_time\" content=\"2026-05-12T18:11:27+00:00\" \/>\n<meta property=\"og:image\" content=\"https:\/\/ecosupplements.ch\/wp-content\/uploads\/2026\/05\/C4-Explosive-Energy-Drink-Orange-Slice-12-x-500-ml.jpg\" \/>\n\t<meta property=\"og:image:width\" content=\"580\" \/>\n\t<meta property=\"og:image:height\" content=\"580\" \/>\n\t<meta property=\"og:image:type\" content=\"image\/jpeg\" \/>\n<meta name=\"twitter:card\" content=\"summary_large_image\" \/>\n<meta name=\"twitter:label1\" content=\"Price\" \/>\n\t<meta name=\"twitter:data1\" content=\"&#067;&#072;&#070;&nbsp;22.72\" \/>\n\t<meta name=\"twitter:label2\" content=\"Availability\" \/>\n\t<meta name=\"twitter:data2\" content=\"Out of stock\" \/>\n<script type=\"application\/ld+json\" class=\"yoast-schema-graph\">{\"@context\":\"https:\\\/\\\/schema.org\",\"@graph\":[{\"@type\":\"WebPage\",\"@id\":\"https:\\\/\\\/ecosupplements.ch\\\/?product=c4-explosive-energy-drink-orange-slice-12-x-500-ml\",\"url\":\"https:\\\/\\\/ecosupplements.ch\\\/?product=c4-explosive-energy-drink-orange-slice-12-x-500-ml\",\"name\":\"C4 Explosive Energy Drink Orange \u2013 Cellucor | ecosupplements.ch\",\"isPartOf\":{\"@id\":\"https:\\\/\\\/ecosupplements.ch\\\/#website\"},\"primaryImageOfPage\":{\"@id\":\"https:\\\/\\\/ecosupplements.ch\\\/?product=c4-explosive-energy-drink-orange-slice-12-x-500-ml#primaryimage\"},\"image\":{\"@id\":\"https:\\\/\\\/ecosupplements.ch\\\/?product=c4-explosive-energy-drink-orange-slice-12-x-500-ml#primaryimage\"},\"thumbnailUrl\":\"https:\\\/\\\/ecosupplements.ch\\\/wp-content\\\/uploads\\\/2026\\\/05\\\/C4-Explosive-Energy-Drink-Orange-Slice-12-x-500-ml.jpg\",\"datePublished\":\"2026-05-11T14:27:22+00:00\",\"dateModified\":\"2026-05-12T18:11:27+00:00\",\"description\":\"Zuckerfreier Energy Drink mit 160 mg Koffein, Taurin und B-Vitaminen \u2013 12 x 500 ml im Orange-Slice-Geschmack. Jetzt bestellen.\",\"breadcrumb\":{\"@id\":\"https:\\\/\\\/ecosupplements.ch\\\/?product=c4-explosive-energy-drink-orange-slice-12-x-500-ml#breadcrumb\"},\"inLanguage\":\"de-CH\",\"potentialAction\":[{\"@type\":\"ReadAction\",\"target\":[\"https:\\\/\\\/ecosupplements.ch\\\/?product=c4-explosive-energy-drink-orange-slice-12-x-500-ml\"]}]},{\"@type\":\"ImageObject\",\"inLanguage\":\"de-CH\",\"@id\":\"https:\\\/\\\/ecosupplements.ch\\\/?product=c4-explosive-energy-drink-orange-slice-12-x-500-ml#primaryimage\",\"url\":\"https:\\\/\\\/ecosupplements.ch\\\/wp-content\\\/uploads\\\/2026\\\/05\\\/C4-Explosive-Energy-Drink-Orange-Slice-12-x-500-ml.jpg\",\"contentUrl\":\"https:\\\/\\\/ecosupplements.ch\\\/wp-content\\\/uploads\\\/2026\\\/05\\\/C4-Explosive-Energy-Drink-Orange-Slice-12-x-500-ml.jpg\",\"width\":580,\"height\":580,\"caption\":\"C4 Explosive Energy Drink\"},{\"@type\":\"BreadcrumbList\",\"@id\":\"https:\\\/\\\/ecosupplements.ch\\\/?product=c4-explosive-energy-drink-orange-slice-12-x-500-ml#breadcrumb\",\"itemListElement\":[{\"@type\":\"ListItem\",\"position\":1,\"name\":\"Home\",\"item\":\"https:\\\/\\\/ecosupplements.ch\\\/\"},{\"@type\":\"ListItem\",\"position\":2,\"name\":\"Shop\",\"item\":\"https:\\\/\\\/ecosupplements.ch\\\/?page_id=14\"},{\"@type\":\"ListItem\",\"position\":3,\"name\":\"C4 Explosive Energy Drink, Orange Slice &#8211; 12 x 500 ml.\"}]},{\"@type\":\"WebSite\",\"@id\":\"https:\\\/\\\/ecosupplements.ch\\\/#website\",\"url\":\"https:\\\/\\\/ecosupplements.ch\\\/\",\"name\":\"Eco Supplements\",\"description\":\"\",\"potentialAction\":[{\"@type\":\"SearchAction\",\"target\":{\"@type\":\"EntryPoint\",\"urlTemplate\":\"https:\\\/\\\/ecosupplements.ch\\\/?s={search_term_string}\"},\"query-input\":{\"@type\":\"PropertyValueSpecification\",\"valueRequired\":true,\"valueName\":\"search_term_string\"}}],\"inLanguage\":\"de-CH\"}]}<\/script>\n<meta property=\"product:price:amount\" content=\"22.72\" \/>\n<meta property=\"product:price:currency\" content=\"CHF\" \/>\n<meta property=\"og:availability\" content=\"out of stock\" \/>\n<meta property=\"product:availability\" content=\"out of stock\" \/>\n<meta property=\"product:retailer_item_id\" content=\"842595116038\" \/>\n<meta property=\"product:condition\" content=\"new\" \/>\n<!-- \/ Yoast SEO plugin. -->","yoast_head_json":{"title":"C4 Explosive Energy Drink Orange \u2013 Cellucor | ecosupplements.ch","description":"Zuckerfreier Energy Drink mit 160 mg Koffein, Taurin und B-Vitaminen \u2013 12 x 500 ml im Orange-Slice-Geschmack. Jetzt bestellen.","robots":{"index":"index","follow":"follow","max-snippet":"max-snippet:-1","max-image-preview":"max-image-preview:large","max-video-preview":"max-video-preview:-1"},"canonical":"https:\/\/ecosupplements.ch\/?product=c4-explosive-energy-drink-orange-slice-12-x-500-ml","og_locale":"de_DE","og_type":"article","og_title":"C4 Explosive Energy Drink Orange \u2013 Cellucor | ecosupplements.ch","og_description":"Zuckerfreier Energy Drink mit 160 mg Koffein, Taurin und B-Vitaminen \u2013 12 x 500 ml im Orange-Slice-Geschmack. Jetzt bestellen.","og_url":"https:\/\/ecosupplements.ch\/?product=c4-explosive-energy-drink-orange-slice-12-x-500-ml","og_site_name":"Eco Supplements","article_modified_time":"2026-05-12T18:11:27+00:00","og_image":[{"width":580,"height":580,"url":"https:\/\/ecosupplements.ch\/wp-content\/uploads\/2026\/05\/C4-Explosive-Energy-Drink-Orange-Slice-12-x-500-ml.jpg","type":"image\/jpeg"}],"twitter_card":"summary_large_image","twitter_misc":{"Price":"&#67;&#72;&#70;&nbsp;22.72","Availability":"Out of stock"},"schema":{"@context":"https:\/\/schema.org","@graph":[{"@type":"WebPage","@id":"https:\/\/ecosupplements.ch\/?product=c4-explosive-energy-drink-orange-slice-12-x-500-ml","url":"https:\/\/ecosupplements.ch\/?product=c4-explosive-energy-drink-orange-slice-12-x-500-ml","name":"C4 Explosive Energy Drink Orange \u2013 Cellucor | ecosupplements.ch","isPartOf":{"@id":"https:\/\/ecosupplements.ch\/#website"},"primaryImageOfPage":{"@id":"https:\/\/ecosupplements.ch\/?product=c4-explosive-energy-drink-orange-slice-12-x-500-ml#primaryimage"},"image":{"@id":"https:\/\/ecosupplements.ch\/?product=c4-explosive-energy-drink-orange-slice-12-x-500-ml#primaryimage"},"thumbnailUrl":"https:\/\/ecosupplements.ch\/wp-content\/uploads\/2026\/05\/C4-Explosive-Energy-Drink-Orange-Slice-12-x-500-ml.jpg","datePublished":"2026-05-11T14:27:22+00:00","dateModified":"2026-05-12T18:11:27+00:00","description":"Zuckerfreier Energy Drink mit 160 mg Koffein, Taurin und B-Vitaminen \u2013 12 x 500 ml im Orange-Slice-Geschmack. Jetzt bestellen.","breadcrumb":{"@id":"https:\/\/ecosupplements.ch\/?product=c4-explosive-energy-drink-orange-slice-12-x-500-ml#breadcrumb"},"inLanguage":"de-CH","potentialAction":[{"@type":"ReadAction","target":["https:\/\/ecosupplements.ch\/?product=c4-explosive-energy-drink-orange-slice-12-x-500-ml"]}]},{"@type":"ImageObject","inLanguage":"de-CH","@id":"https:\/\/ecosupplements.ch\/?product=c4-explosive-energy-drink-orange-slice-12-x-500-ml#primaryimage","url":"https:\/\/ecosupplements.ch\/wp-content\/uploads\/2026\/05\/C4-Explosive-Energy-Drink-Orange-Slice-12-x-500-ml.jpg","contentUrl":"https:\/\/ecosupplements.ch\/wp-content\/uploads\/2026\/05\/C4-Explosive-Energy-Drink-Orange-Slice-12-x-500-ml.jpg","width":580,"height":580,"caption":"C4 Explosive Energy Drink"},{"@type":"BreadcrumbList","@id":"https:\/\/ecosupplements.ch\/?product=c4-explosive-energy-drink-orange-slice-12-x-500-ml#breadcrumb","itemListElement":[{"@type":"ListItem","position":1,"name":"Home","item":"https:\/\/ecosupplements.ch\/"},{"@type":"ListItem","position":2,"name":"Shop","item":"https:\/\/ecosupplements.ch\/?page_id=14"},{"@type":"ListItem","position":3,"name":"C4 Explosive Energy Drink, Orange Slice &#8211; 12 x 500 ml."}]},{"@type":"WebSite","@id":"https:\/\/ecosupplements.ch\/#website","url":"https:\/\/ecosupplements.ch\/","name":"Eco Supplements","description":"","potentialAction":[{"@type":"SearchAction","target":{"@type":"EntryPoint","urlTemplate":"https:\/\/ecosupplements.ch\/?s={search_term_string}"},"query-input":{"@type":"PropertyValueSpecification","valueRequired":true,"valueName":"search_term_string"}}],"inLanguage":"de-CH"}]},"product_price_amount":"22.72","product_price_currency":"CHF","og_availability":"out of stock","product_availability":"out of stock","product_retailer_item_id":"842595116038","product_condition":"new"},"_links":{"self":[{"href":"https:\/\/ecosupplements.ch\/index.php?rest_route=\/wp\/v2\/product\/1149","targetHints":{"allow":["GET"]}}],"collection":[{"href":"https:\/\/ecosupplements.ch\/index.php?rest_route=\/wp\/v2\/product"}],"about":[{"href":"https:\/\/ecosupplements.ch\/index.php?rest_route=\/wp\/v2\/types\/product"}],"replies":[{"embeddable":true,"href":"https:\/\/ecosupplements.ch\/index.php?rest_route=%2Fwp%2Fv2%2Fcomments&post=1149"}],"wp:featuredmedia":[{"embeddable":true,"href":"https:\/\/ecosupplements.ch\/index.php?rest_route=\/wp\/v2\/media\/1150"}],"wp:attachment":[{"href":"https:\/\/ecosupplements.ch\/index.php?rest_route=%2Fwp%2Fv2%2Fmedia&parent=1149"}],"wp:term":[{"taxonomy":"product_brand","embeddable":true,"href":"https:\/\/ecosupplements.ch\/index.php?rest_route=%2Fwp%2Fv2%2Fproduct_brand&post=1149"},{"taxonomy":"product_cat","embeddable":true,"href":"https:\/\/ecosupplements.ch\/index.php?rest_route=%2Fwp%2Fv2%2Fproduct_cat&post=1149"},{"taxonomy":"product_tag","embeddable":true,"href":"https:\/\/ecosupplements.ch\/index.php?rest_route=%2Fwp%2Fv2%2Fproduct_tag&post=1149"}],"curies":[{"name":"wp","href":"https:\/\/api.w.org\/{rel}","templated":true}]}}