{"id":1157,"date":"2026-05-11T14:27:24","date_gmt":"2026-05-11T14:27:24","guid":{"rendered":"https:\/\/ecosupplements.ch\/?product=vegan-omega-3-epa-dha-60-veggie-softgels"},"modified":"2026-05-13T07:25:57","modified_gmt":"2026-05-13T07:25:57","slug":"vegan-omega-3-epa-dha-60-veggie-softgels","status":"publish","type":"product","link":"https:\/\/ecosupplements.ch\/?product=vegan-omega-3-epa-dha-60-veggie-softgels","title":{"rendered":"Vegan Omega-3 EPA + DHA &#8211; 60 veggie softgels"},"content":{"rendered":"<div class=\"chcg-product-description\">\n<h2 class=\"chcg-heading\">\u00dcber Doctor&#8217;s Best \u2013 Vegan Omega-3 EPA + DHA \u2013 60 Veggie Softgels<\/h2>\n<div class=\"chcg-intro\">\n<p>Doctor&#8217;s Best Vegan Omega-3 EPA + DHA liefert hochwertige Omega-3-Fetts\u00e4uren aus einer rein pflanzlichen Quelle: den Mikroalgen der Art Schizochytrium sp. (Elantria). Im Gegensatz zu herk\u00f6mmlichen Fisch\u00f6l-Produkten wird diese Omega-3-Quelle direkt aus Mikroalgen gewonnen \u2013 also aus dem Ursprung, aus dem auch Fische ihre Omega-3-Fetts\u00e4uren beziehen. Damit ist dieses Produkt vollst\u00e4ndig vegan, frei von tierischen Inhaltsstoffen und eine nachhaltige Alternative f\u00fcr alle, die auf Meeresfr\u00fcchte und Fisch verzichten m\u00f6chten oder m\u00fcssen.<\/p>\n<p>Jede Tagesportion (2 Veggie Softgels) enth\u00e4lt 2000 mg Omega-3-\u00d6lkonzentrat, davon 800 mg EPA (Eicosapentaens\u00e4ure) und 400 mg DHA (Docosahexaens\u00e4ure), in Form von Triglyceriden f\u00fcr eine optimale Bioverf\u00fcgbarkeit. DHA tr\u00e4gt zur Erhaltung der normalen Gehirnfunktion sowie der normalen Sehkraft bei. EPA und DHA tragen zur normalen Herzfunktion bei.<\/p>\n<p>Die Softgels sind auf Pflanzenbasis hergestellt (ohne Gelatine), gentechnikfrei (Non-GMO), glutenfrei und vegan zertifiziert. Dank der Einnahme mit einer Mahlzeit wird die Aufnahme der Fetts\u00e4uren optimal unterst\u00fctzt.<\/p>\n<\/p><\/div>\n<div class=\"chcg-nutrition\">\n<h3>N\u00e4hrwertangaben<\/h3>\n<table class=\"chcg-nutrition-table\">\n<thead>\n<tr>\n<th>N\u00e4hrstoff<\/th>\n<th>Pro Portion (2 Veggie Softgels)<\/th>\n<\/tr>\n<\/thead>\n<tbody>\n<tr>\n<td>Brennwert<\/td>\n<td>83,68 kJ \/ 20 kcal<\/td>\n<\/tr>\n<tr>\n<td>Gesamtfett<\/td>\n<td>2 g (3 % RI)<\/td>\n<\/tr>\n<tr>\n<td>Omega-3-\u00d6lkonzentrat (Elantria, aus Mikroalgen der Art Schizochytrium sp.)<\/td>\n<td>2000 mg *<\/td>\n<\/tr>\n<tr>\n<td>\u2013 Gesamte Omega-3-Fetts\u00e4uren<\/td>\n<td>1300 mg *<\/td>\n<\/tr>\n<tr>\n<td>\u2013 EPA (Eicosapentaens\u00e4ure)<\/td>\n<td>800 mg *<\/td>\n<\/tr>\n<tr>\n<td>\u2013 DHA (Docosahexaens\u00e4ure)<\/td>\n<td>400 mg *<\/td>\n<\/tr>\n<\/tbody>\n<\/table>\n<p class=\"chcg-footnote\">* Kein festgelegter Tagesbedarf (Referenzwert) vorhanden.<\/p>\n<p class=\"chcg-footnote\">Angaben als Triglyceride. ** Die prozentualen Tageswerte basieren auf einer Ern\u00e4hrung von 2000 Kalorien.<\/p>\n<\/p><\/div>\n<div class=\"chcg-ingredients\">\n<h3>Zutaten<\/h3>\n<p>Omega-3-\u00d6lkonzentrat (Elantria) (aus Mikroalgen der Art Schizochytrium sp.), enthaltend: EPA (Eicosapentaens\u00e4ure), DHA (Docosahexaens\u00e4ure). Weitere Zutaten: Vegetarische Softgel-H\u00fclle (Carrageen, modifizierte Lebensmittelst\u00e4rke, gereinigtes Wasser, Glycerin, Sorbitol); weniger als 2 % von: mittelkettige Triglyceride, gemischte Tocopherole, Sonnenblumenlecithin, Rosmarinextrakt.<\/p>\n<p class=\"chcg-capsule-shell\">Kapselh\u00fclle: Vegetarische Softgel-H\u00fclle (Carrageen, modifizierte Lebensmittelst\u00e4rke, gereinigtes Wasser, Glycerin, Sorbitol)<\/p>\n<\/p><\/div>\n<div class=\"chcg-dosage\">\n<h3>Verzehrempfehlung<\/h3>\n<p>F\u00fcr Erwachsene: T\u00e4glich 2 Softgels zu einer Mahlzeit einnehmen, um eine optimale Aufnahme zu gew\u00e4hrleisten, oder gem\u00e4ss Empfehlung einer ern\u00e4hrungskundigen Fachperson.<\/p>\n<\/p><\/div>\n<div class=\"chcg-warnings\">\n<h3>Warnhinweise<\/h3>\n<p>Bei der Einnahme von gerinnungshemmenden Mitteln (Antikoagulanzien) ist vor der Verwendung dieses Nahrungserg\u00e4nzungsmittels ein Arzt zu konsultieren. Ausserhalb der Reichweite von Kindern aufbewahren. Dieses \u00d6l ist ein Naturprodukt; aufgrund der Beschaffenheit des \u00d6ls k\u00f6nnen gewisse Schwankungen in der Klarheit des Produkts auftreten.<\/p>\n<\/p><\/div>\n<div class=\"chcg-allergens\">\n<h3>Allergeninformationen<\/h3>\n<p>Keine Allergene deklariert. Das Produkt ist gentechnikfrei (Non-GMO), glutenfrei und vegan. Es enth\u00e4lt keine Zutaten tierischen Ursprungs.<\/p>\n<\/p><\/div>\n<div class=\"chcg-storage\">\n<h3>Lagerung<\/h3>\n<p>An einem k\u00fchlen, trockenen Ort lagern.<\/p>\n<\/p><\/div>\n<div class=\"chcg-dietary\">\n<h3>Ern\u00e4hrungshinweise<\/h3>\n<ul>\n<li>Vegan<\/li>\n<li>Vegetarisch<\/li>\n<li>Glutenfrei<\/li>\n<li>Laktosefrei<\/li>\n<\/ul><\/div>\n<\/div>\n","protected":false},"excerpt":{"rendered":"<p>Vegane Omega-3-Quelle aus Mikroalgen mit 800 mg EPA und 400 mg DHA pro Tagesportion \u2013 ohne Fisch\u00f6l. 60 Veggie Softgels, glutenfrei und Non-GMO. Unterst\u00fctzt die normale Herzfunktion sowie Gehirn und Sehkraft.<\/p>\n","protected":false},"featured_media":1158,"comment_status":"closed","ping_status":"open","template":"","meta":[],"product_brand":[177],"product_cat":[48,25,169,22,21],"product_tag":[],"class_list":{"0":"post-1157","1":"product","2":"type-product","3":"status-publish","4":"has-post-thumbnail","6":"product_brand-doctors-best","7":"product_cat-gesunde-ernaehrung","8":"product_cat-gesundheit-und-wohlbefinden","9":"product_cat-nordische-vitalitaet","10":"product_cat-vegane-produkte","11":"product_cat-vitamine-und-mineralstoffe","13":"first","14":"outofstock","15":"sale","16":"taxable","17":"shipping-taxable","18":"purchasable","19":"product-type-simple"},"yoast_head":"<!-- This site is optimized with the Yoast SEO plugin v27.5 - https:\/\/yoast.com\/product\/yoast-seo-wordpress\/ -->\n<title>Vegan Omega-3 EPA + DHA 60 Softgels \u2013 Doctor&#039;s Best | ecosupplements.ch<\/title>\n<meta name=\"description\" content=\"Vegane Omega-3-Kapseln mit 800 mg EPA &amp; 400 mg DHA aus Mikroalgen \u2013 glutenfrei, Non-GMO, 60 Veggie Softgels. Jetzt bestellen.\" \/>\n<meta name=\"robots\" content=\"index, follow, max-snippet:-1, max-image-preview:large, max-video-preview:-1\" \/>\n<link rel=\"canonical\" href=\"https:\/\/ecosupplements.ch\/?product=vegan-omega-3-epa-dha-60-veggie-softgels\" \/>\n<meta property=\"og:locale\" content=\"de_DE\" \/>\n<meta property=\"og:type\" content=\"article\" \/>\n<meta property=\"og:title\" content=\"Vegan Omega-3 EPA + DHA 60 Softgels \u2013 Doctor&#039;s Best | ecosupplements.ch\" \/>\n<meta property=\"og:description\" content=\"Vegane Omega-3-Kapseln mit 800 mg EPA &amp; 400 mg DHA aus Mikroalgen \u2013 glutenfrei, Non-GMO, 60 Veggie Softgels. Jetzt bestellen.\" \/>\n<meta property=\"og:url\" content=\"https:\/\/ecosupplements.ch\/?product=vegan-omega-3-epa-dha-60-veggie-softgels\" \/>\n<meta property=\"og:site_name\" content=\"Eco Supplements\" \/>\n<meta property=\"article:modified_time\" content=\"2026-05-13T07:25:57+00:00\" \/>\n<meta property=\"og:image\" content=\"https:\/\/ecosupplements.ch\/wp-content\/uploads\/2026\/05\/Vegan-Omega-3-EPA-DHA-60-veggie-softgels.jpg\" \/>\n\t<meta property=\"og:image:width\" content=\"600\" \/>\n\t<meta property=\"og:image:height\" content=\"600\" \/>\n\t<meta property=\"og:image:type\" content=\"image\/jpeg\" \/>\n<meta name=\"twitter:card\" content=\"summary_large_image\" \/>\n<meta name=\"twitter:label1\" content=\"Price\" \/>\n\t<meta name=\"twitter:data1\" content=\"&#067;&#072;&#070;&nbsp;44.05\" \/>\n\t<meta name=\"twitter:label2\" content=\"Availability\" \/>\n\t<meta name=\"twitter:data2\" content=\"Out of stock\" \/>\n<script type=\"application\/ld+json\" class=\"yoast-schema-graph\">{\"@context\":\"https:\\\/\\\/schema.org\",\"@graph\":[{\"@type\":\"WebPage\",\"@id\":\"https:\\\/\\\/ecosupplements.ch\\\/?product=vegan-omega-3-epa-dha-60-veggie-softgels\",\"url\":\"https:\\\/\\\/ecosupplements.ch\\\/?product=vegan-omega-3-epa-dha-60-veggie-softgels\",\"name\":\"Vegan Omega-3 EPA + DHA 60 Softgels \u2013 Doctor's Best | ecosupplements.ch\",\"isPartOf\":{\"@id\":\"https:\\\/\\\/ecosupplements.ch\\\/#website\"},\"primaryImageOfPage\":{\"@id\":\"https:\\\/\\\/ecosupplements.ch\\\/?product=vegan-omega-3-epa-dha-60-veggie-softgels#primaryimage\"},\"image\":{\"@id\":\"https:\\\/\\\/ecosupplements.ch\\\/?product=vegan-omega-3-epa-dha-60-veggie-softgels#primaryimage\"},\"thumbnailUrl\":\"https:\\\/\\\/ecosupplements.ch\\\/wp-content\\\/uploads\\\/2026\\\/05\\\/Vegan-Omega-3-EPA-DHA-60-veggie-softgels.jpg\",\"datePublished\":\"2026-05-11T14:27:24+00:00\",\"dateModified\":\"2026-05-13T07:25:57+00:00\",\"description\":\"Vegane Omega-3-Kapseln mit 800 mg EPA & 400 mg DHA aus Mikroalgen \u2013 glutenfrei, Non-GMO, 60 Veggie Softgels. Jetzt bestellen.\",\"breadcrumb\":{\"@id\":\"https:\\\/\\\/ecosupplements.ch\\\/?product=vegan-omega-3-epa-dha-60-veggie-softgels#breadcrumb\"},\"inLanguage\":\"de-CH\",\"potentialAction\":[{\"@type\":\"ReadAction\",\"target\":[\"https:\\\/\\\/ecosupplements.ch\\\/?product=vegan-omega-3-epa-dha-60-veggie-softgels\"]}]},{\"@type\":\"ImageObject\",\"inLanguage\":\"de-CH\",\"@id\":\"https:\\\/\\\/ecosupplements.ch\\\/?product=vegan-omega-3-epa-dha-60-veggie-softgels#primaryimage\",\"url\":\"https:\\\/\\\/ecosupplements.ch\\\/wp-content\\\/uploads\\\/2026\\\/05\\\/Vegan-Omega-3-EPA-DHA-60-veggie-softgels.jpg\",\"contentUrl\":\"https:\\\/\\\/ecosupplements.ch\\\/wp-content\\\/uploads\\\/2026\\\/05\\\/Vegan-Omega-3-EPA-DHA-60-veggie-softgels.jpg\",\"width\":600,\"height\":600,\"caption\":\"Vegan Omega-3 EPA + DHA - 60 veggie softgels\"},{\"@type\":\"BreadcrumbList\",\"@id\":\"https:\\\/\\\/ecosupplements.ch\\\/?product=vegan-omega-3-epa-dha-60-veggie-softgels#breadcrumb\",\"itemListElement\":[{\"@type\":\"ListItem\",\"position\":1,\"name\":\"Home\",\"item\":\"https:\\\/\\\/ecosupplements.ch\\\/\"},{\"@type\":\"ListItem\",\"position\":2,\"name\":\"Shop\",\"item\":\"https:\\\/\\\/ecosupplements.ch\\\/?page_id=14\"},{\"@type\":\"ListItem\",\"position\":3,\"name\":\"Vegan Omega-3 EPA + DHA &#8211; 60 veggie softgels\"}]},{\"@type\":\"WebSite\",\"@id\":\"https:\\\/\\\/ecosupplements.ch\\\/#website\",\"url\":\"https:\\\/\\\/ecosupplements.ch\\\/\",\"name\":\"Eco Supplements\",\"description\":\"\",\"potentialAction\":[{\"@type\":\"SearchAction\",\"target\":{\"@type\":\"EntryPoint\",\"urlTemplate\":\"https:\\\/\\\/ecosupplements.ch\\\/?s={search_term_string}\"},\"query-input\":{\"@type\":\"PropertyValueSpecification\",\"valueRequired\":true,\"valueName\":\"search_term_string\"}}],\"inLanguage\":\"de-CH\"}]}<\/script>\n<meta property=\"product:price:amount\" content=\"44.05\" \/>\n<meta property=\"product:price:currency\" content=\"CHF\" \/>\n<meta property=\"og:availability\" content=\"out of stock\" \/>\n<meta property=\"product:availability\" content=\"out of stock\" \/>\n<meta property=\"product:retailer_item_id\" content=\"753950006188\" \/>\n<meta property=\"product:condition\" content=\"new\" \/>\n<!-- \/ Yoast SEO plugin. -->","yoast_head_json":{"title":"Vegan Omega-3 EPA + DHA 60 Softgels \u2013 Doctor's Best | ecosupplements.ch","description":"Vegane Omega-3-Kapseln mit 800 mg EPA & 400 mg DHA aus Mikroalgen \u2013 glutenfrei, Non-GMO, 60 Veggie Softgels. Jetzt bestellen.","robots":{"index":"index","follow":"follow","max-snippet":"max-snippet:-1","max-image-preview":"max-image-preview:large","max-video-preview":"max-video-preview:-1"},"canonical":"https:\/\/ecosupplements.ch\/?product=vegan-omega-3-epa-dha-60-veggie-softgels","og_locale":"de_DE","og_type":"article","og_title":"Vegan Omega-3 EPA + DHA 60 Softgels \u2013 Doctor's Best | ecosupplements.ch","og_description":"Vegane Omega-3-Kapseln mit 800 mg EPA & 400 mg DHA aus Mikroalgen \u2013 glutenfrei, Non-GMO, 60 Veggie Softgels. Jetzt bestellen.","og_url":"https:\/\/ecosupplements.ch\/?product=vegan-omega-3-epa-dha-60-veggie-softgels","og_site_name":"Eco Supplements","article_modified_time":"2026-05-13T07:25:57+00:00","og_image":[{"width":600,"height":600,"url":"https:\/\/ecosupplements.ch\/wp-content\/uploads\/2026\/05\/Vegan-Omega-3-EPA-DHA-60-veggie-softgels.jpg","type":"image\/jpeg"}],"twitter_card":"summary_large_image","twitter_misc":{"Price":"&#67;&#72;&#70;&nbsp;44.05","Availability":"Out of stock"},"schema":{"@context":"https:\/\/schema.org","@graph":[{"@type":"WebPage","@id":"https:\/\/ecosupplements.ch\/?product=vegan-omega-3-epa-dha-60-veggie-softgels","url":"https:\/\/ecosupplements.ch\/?product=vegan-omega-3-epa-dha-60-veggie-softgels","name":"Vegan Omega-3 EPA + DHA 60 Softgels \u2013 Doctor's Best | ecosupplements.ch","isPartOf":{"@id":"https:\/\/ecosupplements.ch\/#website"},"primaryImageOfPage":{"@id":"https:\/\/ecosupplements.ch\/?product=vegan-omega-3-epa-dha-60-veggie-softgels#primaryimage"},"image":{"@id":"https:\/\/ecosupplements.ch\/?product=vegan-omega-3-epa-dha-60-veggie-softgels#primaryimage"},"thumbnailUrl":"https:\/\/ecosupplements.ch\/wp-content\/uploads\/2026\/05\/Vegan-Omega-3-EPA-DHA-60-veggie-softgels.jpg","datePublished":"2026-05-11T14:27:24+00:00","dateModified":"2026-05-13T07:25:57+00:00","description":"Vegane Omega-3-Kapseln mit 800 mg EPA & 400 mg DHA aus Mikroalgen \u2013 glutenfrei, Non-GMO, 60 Veggie Softgels. Jetzt bestellen.","breadcrumb":{"@id":"https:\/\/ecosupplements.ch\/?product=vegan-omega-3-epa-dha-60-veggie-softgels#breadcrumb"},"inLanguage":"de-CH","potentialAction":[{"@type":"ReadAction","target":["https:\/\/ecosupplements.ch\/?product=vegan-omega-3-epa-dha-60-veggie-softgels"]}]},{"@type":"ImageObject","inLanguage":"de-CH","@id":"https:\/\/ecosupplements.ch\/?product=vegan-omega-3-epa-dha-60-veggie-softgels#primaryimage","url":"https:\/\/ecosupplements.ch\/wp-content\/uploads\/2026\/05\/Vegan-Omega-3-EPA-DHA-60-veggie-softgels.jpg","contentUrl":"https:\/\/ecosupplements.ch\/wp-content\/uploads\/2026\/05\/Vegan-Omega-3-EPA-DHA-60-veggie-softgels.jpg","width":600,"height":600,"caption":"Vegan Omega-3 EPA + DHA - 60 veggie softgels"},{"@type":"BreadcrumbList","@id":"https:\/\/ecosupplements.ch\/?product=vegan-omega-3-epa-dha-60-veggie-softgels#breadcrumb","itemListElement":[{"@type":"ListItem","position":1,"name":"Home","item":"https:\/\/ecosupplements.ch\/"},{"@type":"ListItem","position":2,"name":"Shop","item":"https:\/\/ecosupplements.ch\/?page_id=14"},{"@type":"ListItem","position":3,"name":"Vegan Omega-3 EPA + DHA &#8211; 60 veggie softgels"}]},{"@type":"WebSite","@id":"https:\/\/ecosupplements.ch\/#website","url":"https:\/\/ecosupplements.ch\/","name":"Eco Supplements","description":"","potentialAction":[{"@type":"SearchAction","target":{"@type":"EntryPoint","urlTemplate":"https:\/\/ecosupplements.ch\/?s={search_term_string}"},"query-input":{"@type":"PropertyValueSpecification","valueRequired":true,"valueName":"search_term_string"}}],"inLanguage":"de-CH"}]},"product_price_amount":"44.05","product_price_currency":"CHF","og_availability":"out of stock","product_availability":"out of stock","product_retailer_item_id":"753950006188","product_condition":"new"},"_links":{"self":[{"href":"https:\/\/ecosupplements.ch\/index.php?rest_route=\/wp\/v2\/product\/1157","targetHints":{"allow":["GET"]}}],"collection":[{"href":"https:\/\/ecosupplements.ch\/index.php?rest_route=\/wp\/v2\/product"}],"about":[{"href":"https:\/\/ecosupplements.ch\/index.php?rest_route=\/wp\/v2\/types\/product"}],"replies":[{"embeddable":true,"href":"https:\/\/ecosupplements.ch\/index.php?rest_route=%2Fwp%2Fv2%2Fcomments&post=1157"}],"wp:featuredmedia":[{"embeddable":true,"href":"https:\/\/ecosupplements.ch\/index.php?rest_route=\/wp\/v2\/media\/1158"}],"wp:attachment":[{"href":"https:\/\/ecosupplements.ch\/index.php?rest_route=%2Fwp%2Fv2%2Fmedia&parent=1157"}],"wp:term":[{"taxonomy":"product_brand","embeddable":true,"href":"https:\/\/ecosupplements.ch\/index.php?rest_route=%2Fwp%2Fv2%2Fproduct_brand&post=1157"},{"taxonomy":"product_cat","embeddable":true,"href":"https:\/\/ecosupplements.ch\/index.php?rest_route=%2Fwp%2Fv2%2Fproduct_cat&post=1157"},{"taxonomy":"product_tag","embeddable":true,"href":"https:\/\/ecosupplements.ch\/index.php?rest_route=%2Fwp%2Fv2%2Fproduct_tag&post=1157"}],"curies":[{"name":"wp","href":"https:\/\/api.w.org\/{rel}","templated":true}]}}