{"id":1169,"date":"2026-05-11T14:27:30","date_gmt":"2026-05-11T14:27:30","guid":{"rendered":"https:\/\/ecosupplements.ch\/?product=light-tight-28-caps"},"modified":"2026-05-13T07:24:55","modified_gmt":"2026-05-13T07:24:55","slug":"light-tight-28-caps","status":"publish","type":"product","link":"https:\/\/ecosupplements.ch\/?product=light-tight-28-caps","title":{"rendered":"Light &amp; Tight &#8211; 28 caps"},"content":{"rendered":"<div class=\"chcg-product-description\">\n<h2 class=\"chcg-heading\">\u00dcber Evogen \u2013 Light &amp; Tight \u2013 28 Kapseln<\/h2>\n<div class=\"chcg-intro\">\n<p>Light &amp; Tight von Evogen ist ein sorgf\u00e4ltig zusammengestelltes Nahrungserg\u00e4nzungsmittel, das speziell entwickelt wurde, um Ihr Wohlbefinden im Rahmen eines aktiven Lebensstils zu unterst\u00fctzen. Die Formel kombiniert Magnesium (als Magnesiumcitrat) mit einer exklusiven Clean &amp; Detox Matrix aus bew\u00e4hrten pflanzlichen Extrakten wie Klettenwurzel, Aloe Vera, Pfefferminz, Fenchel sowie Senna und Cascara sagrada \u2013 allesamt bekannte Pflanzen, die traditionell zur Unterst\u00fctzung der Verdauung eingesetzt werden.<\/p>\n<p>Erg\u00e4nzt wird die Formel durch PreforPro \u2013 eine innovative Bakteriophagen-Technologie (LH01 Myoviridae, LL5, Siphoviridae), die das Darmmilieu positiv beeinflussen kann. Magnesium tr\u00e4gt zur normalen Muskelfunktion, zur Verringerung von M\u00fcdigkeit und Ersch\u00f6pfung sowie zur normalen Funktion des Nervensystems bei.<\/p>\n<p>Light &amp; Tight ist ideal f\u00fcr Personen, die ihr Trainingsprogramm mit einer gezielten Unterst\u00fctzung der Verdauung und des allgemeinen Wohlbefindens erg\u00e4nzen m\u00f6chten. Das Produkt ist in praktischen Kapseln erh\u00e4ltlich und enth\u00e4lt 28 Kapseln pro Packung \u2013 ausreichend f\u00fcr 14 Portionen.<\/p>\n<\/p><\/div>\n<div class=\"chcg-nutrition\">\n<h3>N\u00e4hrwertangaben<\/h3>\n<table class=\"chcg-nutrition-table\">\n<thead>\n<tr>\n<th>N\u00e4hrstoff<\/th>\n<th>Pro Portion (2 Kapseln)<\/th>\n<\/tr>\n<\/thead>\n<tbody>\n<tr>\n<td>Magnesium (als Magnesiumcitrat)<\/td>\n<td>210 mg (56% NRV)<\/td>\n<\/tr>\n<tr>\n<td>Clean &amp; Detox Matrix<\/td>\n<td>800 mg*<\/td>\n<\/tr>\n<tr>\n<td>\u2013 Klettenwurzel-Extrakt (Wurzel) (Arctium Lappa)<\/td>\n<td><\/td>\n<\/tr>\n<tr>\n<td>\u2013 Aloe Vera Saftpulver (200:1)<\/td>\n<td><\/td>\n<\/tr>\n<tr>\n<td>\u2013 Pfefferminzpulver<\/td>\n<td><\/td>\n<\/tr>\n<tr>\n<td>\u2013 Senna-Extrakt (Blatt) (4:1)<\/td>\n<td><\/td>\n<\/tr>\n<tr>\n<td>\u2013 Fenchel-Extrakt (Samen) (Foeniculum vulgare)<\/td>\n<td><\/td>\n<\/tr>\n<tr>\n<td>\u2013 Cascara sagrada-Extrakt (Rinde) (Rhamnus Purshiana)<\/td>\n<td><\/td>\n<\/tr>\n<tr>\n<td>PreforPro LH01 Myoviridae, LL5, Siphoviridae<\/td>\n<td>15 mg*<\/td>\n<\/tr>\n<\/tbody>\n<\/table>\n<p class=\"chcg-footnote\">* Kein festgelegter Tagesreferenzwert vorhanden.<\/p>\n<p class=\"chcg-footnote\">Portionsgr\u00f6sse: 2 Kapseln | Portionen pro Packung: 14<\/p>\n<\/p><\/div>\n<div class=\"chcg-ingredients\">\n<h3>Zutaten<\/h3>\n<p>Magnesium (als Magnesiumcitrat), Clean &amp; Detox Matrix (Klettenwurzel-Extrakt (Wurzel) (Arctium Lappa), Aloe Vera Saftpulver (200:1), Pfefferminzpulver, Senna-Extrakt (Blatt) (4:1), Fenchel-Extrakt (Samen) (Foeniculum vulgare), Cascara sagrada-Extrakt (Rinde) (Rhamnus Purshiana)), PreforPro LH01 Myoviridae, LL5, Siphoviridae. Weitere Zutaten: Mikrokristalline Cellulose, Magnesiumstearat, Hypromellose (pflanzliche Kapsel).<\/p>\n<p class=\"chcg-capsule-shell\">Kapselh\u00fclle: Hypromellose (pflanzliche Kapsel)<\/p>\n<\/p><\/div>\n<div class=\"chcg-dosage\">\n<h3>Verzehrempfehlung<\/h3>\n<p>Als Nahrungserg\u00e4nzungsmittel 1\u20132 Kapseln mit 240\u2013480 ml Wasser einnehmen, ein- oder zweimal t\u00e4glich \u2013 einmal morgens und\/oder einmal nachmittags. T\u00e4glich mindestens 6 bis 8 Gl\u00e4ser Wasser trinken. F\u00fcr beste Ergebnisse in Kombination mit einem Ern\u00e4hrungs- und Trainingsprogramm unter professioneller Aufsicht verwenden. DIE EMPFOHLENE TAGESDOSIS NICHT \u00dcBERSCHREITEN. INNERHALB VON 24 STUNDEN NICHT MEHR ALS 4 KAPSELN EINNEHMEN.<\/p>\n<\/p><\/div>\n<div class=\"chcg-warnings\">\n<h3>Warnhinweise<\/h3>\n<p>NICHT F\u00dcR PERSONEN UNTER 18 JAHREN GEEIGNET. NICHT VERWENDEN BEI H\u00c4UFIGEM DURCHFALL, IN DER SCHWANGERSCHAFT, BEI GEPLANTER SCHWANGERSCHAFT ODER IN DER STILLZEIT. Dieses Produkt nicht verwenden, wenn eine ernsthafte Erkrankung vorliegt. Vor der Anwendung dieses Produkts ist R\u00fccksprache mit einer zugelassenen medizinischen Fachkraft zu halten \u2013 insbesondere wenn ein Verdacht auf eine Erkrankung besteht, eine Erkrankung behandelt wurde oder wurde, eine Diagnose gestellt wurde oder eine famili\u00e4re Vorgeschichte f\u00fcr eine Erkrankung besteht, oder wenn verschreibungspflichtige oder rezeptfreie Medikamente eingenommen werden. Nicht verwenden bei bestehendem oder neu auftretendem Durchfall, weichem Stuhl oder Bauchschmerzen. Bei unerw\u00fcnschten Reaktionen auf dieses Produkt die Einnahme sofort abbrechen und einen Arzt aufsuchen. Einnahme 2 Wochen vor einer Operation abbrechen. NICHT ZUSAMMEN MIT ALKOHOL EINNEHMEN. AUSSER REICHWEITE VON KINDERN AUFBEWAHREN. Dieses Produkt kann Inhaltsstoffe enthalten, die von bestimmten Organisationen verboten sind. Der Verwender \u00fcbernimmt alle Risiken, Haftungen und Konsequenzen in Bezug auf Dopingkontrollen und Tests.<\/p>\n<\/p><\/div>\n<div class=\"chcg-allergens\">\n<h3>Allergeninformationen<\/h3>\n<p>Hergestellt in einem Betrieb, der auch Milch-, Soja- und Weizenzutaten verarbeitet.<\/p>\n<\/p><\/div>\n<div class=\"chcg-storage\">\n<h3>Lagerung<\/h3>\n<p>An einem k\u00fchlen, trockenen Ort lagern.<\/p>\n<\/p><\/div>\n<div class=\"chcg-dietary\">\n<h3>Ern\u00e4hrungshinweise<\/h3>\n<ul>\n<li>Vegetarisch<\/li>\n<\/ul><\/div>\n<\/div>\n","protected":false},"excerpt":{"rendered":"<p>Light &amp; Tight von Evogen unterst\u00fctzt die Verdauung und das Wohlbefinden mit Magnesium, pflanzlichen Extrakten und PreforPro. Erh\u00e4ltlich als 28 Kapseln (14 Portionen) f\u00fcr die t\u00e4gliche Anwendung.<\/p>\n","protected":false},"featured_media":1170,"comment_status":"closed","ping_status":"open","template":"","meta":[],"product_brand":[191],"product_cat":[514,90,48,25,520,169,44],"product_tag":[],"class_list":{"0":"post-1169","1":"product","2":"type-product","3":"status-publish","4":"has-post-thumbnail","6":"product_brand-evogen","7":"product_cat-aminosaeuren-und-bcaas","8":"product_cat-fitness-training","9":"product_cat-gesunde-ernaehrung","10":"product_cat-gesundheit-und-wohlbefinden","11":"product_cat-l-lysin-aminosaeuren-und-bcaas","12":"product_cat-nordische-vitalitaet","13":"product_cat-pflanzliche-nahrungsergaenzungsmittel","15":"first","16":"outofstock","17":"taxable","18":"shipping-taxable","19":"purchasable","20":"product-type-simple"},"yoast_head":"<!-- This site is optimized with the Yoast SEO plugin v27.5 - https:\/\/yoast.com\/product\/yoast-seo-wordpress\/ -->\n<title>Light &amp; Tight 28 Kapseln \u2013 Evogen | ecosupplements.ch<\/title>\n<meta name=\"description\" content=\"Evogen Light &amp; Tight mit Magnesium, pflanzlicher Detox-Matrix und PreforPro \u2013 28 Kapseln f\u00fcr 14 Portionen. Jetzt bestellen.\" \/>\n<meta name=\"robots\" content=\"index, follow, max-snippet:-1, max-image-preview:large, max-video-preview:-1\" \/>\n<link rel=\"canonical\" href=\"https:\/\/ecosupplements.ch\/?product=light-tight-28-caps\" \/>\n<meta property=\"og:locale\" content=\"de_DE\" \/>\n<meta property=\"og:type\" content=\"article\" \/>\n<meta property=\"og:title\" content=\"Light &amp; Tight 28 Kapseln \u2013 Evogen | ecosupplements.ch\" \/>\n<meta property=\"og:description\" content=\"Evogen Light &amp; Tight mit Magnesium, pflanzlicher Detox-Matrix und PreforPro \u2013 28 Kapseln f\u00fcr 14 Portionen. Jetzt bestellen.\" \/>\n<meta property=\"og:url\" content=\"https:\/\/ecosupplements.ch\/?product=light-tight-28-caps\" \/>\n<meta property=\"og:site_name\" content=\"Eco Supplements\" \/>\n<meta property=\"article:modified_time\" content=\"2026-05-13T07:24:55+00:00\" \/>\n<meta property=\"og:image\" content=\"https:\/\/ecosupplements.ch\/wp-content\/uploads\/2026\/05\/Light-Tight-28-caps.jpg\" \/>\n\t<meta property=\"og:image:width\" content=\"590\" \/>\n\t<meta property=\"og:image:height\" content=\"590\" \/>\n\t<meta property=\"og:image:type\" content=\"image\/jpeg\" \/>\n<meta name=\"twitter:card\" content=\"summary_large_image\" \/>\n<meta name=\"twitter:label1\" content=\"Price\" \/>\n\t<meta name=\"twitter:data1\" content=\"&#067;&#072;&#070;&nbsp;35.96\" \/>\n\t<meta name=\"twitter:label2\" content=\"Availability\" \/>\n\t<meta name=\"twitter:data2\" content=\"Out of stock\" \/>\n<script type=\"application\/ld+json\" class=\"yoast-schema-graph\">{\"@context\":\"https:\\\/\\\/schema.org\",\"@graph\":[{\"@type\":\"WebPage\",\"@id\":\"https:\\\/\\\/ecosupplements.ch\\\/?product=light-tight-28-caps\",\"url\":\"https:\\\/\\\/ecosupplements.ch\\\/?product=light-tight-28-caps\",\"name\":\"Light & Tight 28 Kapseln \u2013 Evogen | ecosupplements.ch\",\"isPartOf\":{\"@id\":\"https:\\\/\\\/ecosupplements.ch\\\/#website\"},\"primaryImageOfPage\":{\"@id\":\"https:\\\/\\\/ecosupplements.ch\\\/?product=light-tight-28-caps#primaryimage\"},\"image\":{\"@id\":\"https:\\\/\\\/ecosupplements.ch\\\/?product=light-tight-28-caps#primaryimage\"},\"thumbnailUrl\":\"https:\\\/\\\/ecosupplements.ch\\\/wp-content\\\/uploads\\\/2026\\\/05\\\/Light-Tight-28-caps.jpg\",\"datePublished\":\"2026-05-11T14:27:30+00:00\",\"dateModified\":\"2026-05-13T07:24:55+00:00\",\"description\":\"Evogen Light & Tight mit Magnesium, pflanzlicher Detox-Matrix und PreforPro \u2013 28 Kapseln f\u00fcr 14 Portionen. Jetzt bestellen.\",\"breadcrumb\":{\"@id\":\"https:\\\/\\\/ecosupplements.ch\\\/?product=light-tight-28-caps#breadcrumb\"},\"inLanguage\":\"de-CH\",\"potentialAction\":[{\"@type\":\"ReadAction\",\"target\":[\"https:\\\/\\\/ecosupplements.ch\\\/?product=light-tight-28-caps\"]}]},{\"@type\":\"ImageObject\",\"inLanguage\":\"de-CH\",\"@id\":\"https:\\\/\\\/ecosupplements.ch\\\/?product=light-tight-28-caps#primaryimage\",\"url\":\"https:\\\/\\\/ecosupplements.ch\\\/wp-content\\\/uploads\\\/2026\\\/05\\\/Light-Tight-28-caps.jpg\",\"contentUrl\":\"https:\\\/\\\/ecosupplements.ch\\\/wp-content\\\/uploads\\\/2026\\\/05\\\/Light-Tight-28-caps.jpg\",\"width\":590,\"height\":590,\"caption\":\"Light & Tight - 28 caps\"},{\"@type\":\"BreadcrumbList\",\"@id\":\"https:\\\/\\\/ecosupplements.ch\\\/?product=light-tight-28-caps#breadcrumb\",\"itemListElement\":[{\"@type\":\"ListItem\",\"position\":1,\"name\":\"Home\",\"item\":\"https:\\\/\\\/ecosupplements.ch\\\/\"},{\"@type\":\"ListItem\",\"position\":2,\"name\":\"Shop\",\"item\":\"https:\\\/\\\/ecosupplements.ch\\\/?page_id=14\"},{\"@type\":\"ListItem\",\"position\":3,\"name\":\"Light &amp; Tight &#8211; 28 caps\"}]},{\"@type\":\"WebSite\",\"@id\":\"https:\\\/\\\/ecosupplements.ch\\\/#website\",\"url\":\"https:\\\/\\\/ecosupplements.ch\\\/\",\"name\":\"Eco Supplements\",\"description\":\"\",\"potentialAction\":[{\"@type\":\"SearchAction\",\"target\":{\"@type\":\"EntryPoint\",\"urlTemplate\":\"https:\\\/\\\/ecosupplements.ch\\\/?s={search_term_string}\"},\"query-input\":{\"@type\":\"PropertyValueSpecification\",\"valueRequired\":true,\"valueName\":\"search_term_string\"}}],\"inLanguage\":\"de-CH\"}]}<\/script>\n<meta property=\"product:price:amount\" content=\"35.96\" \/>\n<meta property=\"product:price:currency\" content=\"CHF\" \/>\n<meta property=\"og:availability\" content=\"out of stock\" \/>\n<meta property=\"product:availability\" content=\"out of stock\" \/>\n<meta property=\"product:retailer_item_id\" content=\"817189027502\" \/>\n<meta property=\"product:condition\" content=\"new\" \/>\n<!-- \/ Yoast SEO plugin. -->","yoast_head_json":{"title":"Light & Tight 28 Kapseln \u2013 Evogen | ecosupplements.ch","description":"Evogen Light & Tight mit Magnesium, pflanzlicher Detox-Matrix und PreforPro \u2013 28 Kapseln f\u00fcr 14 Portionen. Jetzt bestellen.","robots":{"index":"index","follow":"follow","max-snippet":"max-snippet:-1","max-image-preview":"max-image-preview:large","max-video-preview":"max-video-preview:-1"},"canonical":"https:\/\/ecosupplements.ch\/?product=light-tight-28-caps","og_locale":"de_DE","og_type":"article","og_title":"Light & Tight 28 Kapseln \u2013 Evogen | ecosupplements.ch","og_description":"Evogen Light & Tight mit Magnesium, pflanzlicher Detox-Matrix und PreforPro \u2013 28 Kapseln f\u00fcr 14 Portionen. Jetzt bestellen.","og_url":"https:\/\/ecosupplements.ch\/?product=light-tight-28-caps","og_site_name":"Eco Supplements","article_modified_time":"2026-05-13T07:24:55+00:00","og_image":[{"width":590,"height":590,"url":"https:\/\/ecosupplements.ch\/wp-content\/uploads\/2026\/05\/Light-Tight-28-caps.jpg","type":"image\/jpeg"}],"twitter_card":"summary_large_image","twitter_misc":{"Price":"&#67;&#72;&#70;&nbsp;35.96","Availability":"Out of stock"},"schema":{"@context":"https:\/\/schema.org","@graph":[{"@type":"WebPage","@id":"https:\/\/ecosupplements.ch\/?product=light-tight-28-caps","url":"https:\/\/ecosupplements.ch\/?product=light-tight-28-caps","name":"Light & Tight 28 Kapseln \u2013 Evogen | ecosupplements.ch","isPartOf":{"@id":"https:\/\/ecosupplements.ch\/#website"},"primaryImageOfPage":{"@id":"https:\/\/ecosupplements.ch\/?product=light-tight-28-caps#primaryimage"},"image":{"@id":"https:\/\/ecosupplements.ch\/?product=light-tight-28-caps#primaryimage"},"thumbnailUrl":"https:\/\/ecosupplements.ch\/wp-content\/uploads\/2026\/05\/Light-Tight-28-caps.jpg","datePublished":"2026-05-11T14:27:30+00:00","dateModified":"2026-05-13T07:24:55+00:00","description":"Evogen Light & Tight mit Magnesium, pflanzlicher Detox-Matrix und PreforPro \u2013 28 Kapseln f\u00fcr 14 Portionen. Jetzt bestellen.","breadcrumb":{"@id":"https:\/\/ecosupplements.ch\/?product=light-tight-28-caps#breadcrumb"},"inLanguage":"de-CH","potentialAction":[{"@type":"ReadAction","target":["https:\/\/ecosupplements.ch\/?product=light-tight-28-caps"]}]},{"@type":"ImageObject","inLanguage":"de-CH","@id":"https:\/\/ecosupplements.ch\/?product=light-tight-28-caps#primaryimage","url":"https:\/\/ecosupplements.ch\/wp-content\/uploads\/2026\/05\/Light-Tight-28-caps.jpg","contentUrl":"https:\/\/ecosupplements.ch\/wp-content\/uploads\/2026\/05\/Light-Tight-28-caps.jpg","width":590,"height":590,"caption":"Light & Tight - 28 caps"},{"@type":"BreadcrumbList","@id":"https:\/\/ecosupplements.ch\/?product=light-tight-28-caps#breadcrumb","itemListElement":[{"@type":"ListItem","position":1,"name":"Home","item":"https:\/\/ecosupplements.ch\/"},{"@type":"ListItem","position":2,"name":"Shop","item":"https:\/\/ecosupplements.ch\/?page_id=14"},{"@type":"ListItem","position":3,"name":"Light &amp; Tight &#8211; 28 caps"}]},{"@type":"WebSite","@id":"https:\/\/ecosupplements.ch\/#website","url":"https:\/\/ecosupplements.ch\/","name":"Eco Supplements","description":"","potentialAction":[{"@type":"SearchAction","target":{"@type":"EntryPoint","urlTemplate":"https:\/\/ecosupplements.ch\/?s={search_term_string}"},"query-input":{"@type":"PropertyValueSpecification","valueRequired":true,"valueName":"search_term_string"}}],"inLanguage":"de-CH"}]},"product_price_amount":"35.96","product_price_currency":"CHF","og_availability":"out of stock","product_availability":"out of stock","product_retailer_item_id":"817189027502","product_condition":"new"},"_links":{"self":[{"href":"https:\/\/ecosupplements.ch\/index.php?rest_route=\/wp\/v2\/product\/1169","targetHints":{"allow":["GET"]}}],"collection":[{"href":"https:\/\/ecosupplements.ch\/index.php?rest_route=\/wp\/v2\/product"}],"about":[{"href":"https:\/\/ecosupplements.ch\/index.php?rest_route=\/wp\/v2\/types\/product"}],"replies":[{"embeddable":true,"href":"https:\/\/ecosupplements.ch\/index.php?rest_route=%2Fwp%2Fv2%2Fcomments&post=1169"}],"wp:featuredmedia":[{"embeddable":true,"href":"https:\/\/ecosupplements.ch\/index.php?rest_route=\/wp\/v2\/media\/1170"}],"wp:attachment":[{"href":"https:\/\/ecosupplements.ch\/index.php?rest_route=%2Fwp%2Fv2%2Fmedia&parent=1169"}],"wp:term":[{"taxonomy":"product_brand","embeddable":true,"href":"https:\/\/ecosupplements.ch\/index.php?rest_route=%2Fwp%2Fv2%2Fproduct_brand&post=1169"},{"taxonomy":"product_cat","embeddable":true,"href":"https:\/\/ecosupplements.ch\/index.php?rest_route=%2Fwp%2Fv2%2Fproduct_cat&post=1169"},{"taxonomy":"product_tag","embeddable":true,"href":"https:\/\/ecosupplements.ch\/index.php?rest_route=%2Fwp%2Fv2%2Fproduct_tag&post=1169"}],"curies":[{"name":"wp","href":"https:\/\/api.w.org\/{rel}","templated":true}]}}