{"id":1189,"date":"2026-05-11T14:27:37","date_gmt":"2026-05-11T14:27:37","guid":{"rendered":"https:\/\/ecosupplements.ch\/?product=gentle-iron-20mg-90-vcaps"},"modified":"2026-05-13T07:24:56","modified_gmt":"2026-05-13T07:24:56","slug":"gentle-iron-20mg-90-vcaps","status":"publish","type":"product","link":"https:\/\/ecosupplements.ch\/?product=gentle-iron-20mg-90-vcaps","title":{"rendered":"Gentle Iron, 20mg &#8211; 90 vcaps"},"content":{"rendered":"<div class=\"chcg-product-description\">\n<h2 class=\"chcg-heading\">\u00dcber Holland &amp; Barrett \u2013 Gentle Iron, 20mg \u2013 90 Kapseln<\/h2>\n<div class=\"chcg-intro\">\n<p>Eisen ist ein essenzielles Spurenelement, das zur normalen Bildung von roten Blutk\u00f6rperchen und H\u00e4moglobin beitr\u00e4gt sowie den Sauerstofftransport im K\u00f6rper unterst\u00fctzt. Zus\u00e4tzlich leistet Eisen einen Beitrag zur normalen Funktion des Immunsystems und zur Verringerung von M\u00fcdigkeit und Ersch\u00f6pfung.<\/p>\n<p>Gentle Iron von Holland &amp; Barrett enth\u00e4lt Eisen in Form von Eisenbisglycinate \u2013 eine sanft vertr\u00e4gliche Form, die f\u00fcr Personen geeignet ist, die empfindlich auf herk\u00f6mmliche Eisenpr\u00e4parate reagieren. Jede Kapsel liefert 20 mg Eisen, was 143 % des Tagesreferenzwertes entspricht.<\/p>\n<p>Die Kapseln sind vegetarisch und vegan geeignet und bestehen aus pflanzlicher Hydroxypropylmethylcellulose (HPMC). Mit 90 Kapseln pro Packung deckt dieses Pr\u00e4parat einen Vorrat von drei Monaten ab.<\/p>\n<\/p><\/div>\n<div class=\"chcg-nutrition\">\n<h3>N\u00e4hrwertangaben<\/h3>\n<table class=\"chcg-nutrition-table\">\n<thead>\n<tr>\n<th>N\u00e4hrstoff<\/th>\n<th>Pro Portion (1 Kapsel)<\/th>\n<\/tr>\n<\/thead>\n<tbody>\n<tr>\n<td>Eisen<\/td>\n<td>20 mg (143% NRV)<\/td>\n<\/tr>\n<\/tbody>\n<\/table><\/div>\n<div class=\"chcg-ingredients\">\n<h3>Zutaten<\/h3>\n<p>Eisen, F\u00fcllstoff (mikrokristalline Cellulose), Eisenbisglycinate, Kapselh\u00fclle (Hydroxypropylmethylcellulose), Trennmittel (Magnesiumstearat).<\/p>\n<p class=\"chcg-capsule-shell\">Kapselh\u00fclle: Hydroxypropylmethylcellulose (HPMC)<\/p>\n<\/p><\/div>\n<div class=\"chcg-dosage\">\n<h3>Verzehrempfehlung<\/h3>\n<p>T\u00e4glich 1 Kapsel einnehmen, vorzugsweise zu einer Mahlzeit. Die angegebene Tagesdosis nicht \u00fcberschreiten.<\/p>\n<\/p><\/div>\n<div class=\"chcg-warnings\">\n<h3>Warnhinweise<\/h3>\n<p>Nahrungserg\u00e4nzungsmittel sind kein Ersatz f\u00fcr eine abwechslungsreiche und ausgewogene Ern\u00e4hrung sowie eine gesunde Lebensweise. Wenn Sie schwanger sind, stillen, Medikamente einnehmen oder unter \u00e4rztlicher Aufsicht stehen, konsultieren Sie bitte vor der Einnahme einen Arzt oder eine medizinische Fachperson. Bei unerw\u00fcnschten Reaktionen die Einnahme abbrechen und einen Arzt aufsuchen. Ausserhalb der Sicht- und Reichweite von Kindern aufbewahren. Nicht verwenden, wenn die Schutzversiegelung unter dem Deckel besch\u00e4digt oder nicht vorhanden ist. Dieses Produkt enth\u00e4lt Eisen, das bei \u00fcberm\u00e4ssiger Einnahme f\u00fcr Kleinkinder sch\u00e4dlich sein kann.<\/p>\n<\/p><\/div>\n<div class=\"chcg-allergens\">\n<h3>Allergeninformationen<\/h3>\n<p>Keine Allergene deklariert. Ohne k\u00fcnstliche Aromen, Farbstoffe oder S\u00fcssungsmittel.<\/p>\n<\/p><\/div>\n<div class=\"chcg-storage\">\n<h3>Lagerung<\/h3>\n<p>An einem k\u00fchlen, trockenen Ort aufbewahren.<\/p>\n<\/p><\/div>\n<div class=\"chcg-dietary\">\n<h3>Ern\u00e4hrungshinweise<\/h3>\n<ul>\n<li>Vegan<\/li>\n<li>Vegetarisch<\/li>\n<\/ul><\/div>\n<\/div>\n","protected":false},"excerpt":{"rendered":"<p>Gentle Iron von Holland &amp; Barrett liefert 20 mg sanft vertr\u00e4gliches Eisenbisglycinate pro Kapsel \u2013 ideal zur Unterst\u00fctzung bei M\u00fcdigkeit und Ersch\u00f6pfung. Vegane vegetarische Kapseln, 90 St\u00fcck pro Packung.<\/p>\n","protected":false},"featured_media":1190,"comment_status":"closed","ping_status":"open","template":"","meta":[],"product_brand":[197],"product_cat":[48,25,22],"product_tag":[],"class_list":{"0":"post-1189","1":"product","2":"type-product","3":"status-publish","4":"has-post-thumbnail","6":"product_brand-holland-barrett","7":"product_cat-gesunde-ernaehrung","8":"product_cat-gesundheit-und-wohlbefinden","9":"product_cat-vegane-produkte","11":"first","12":"outofstock","13":"taxable","14":"shipping-taxable","15":"purchasable","16":"product-type-simple"},"yoast_head":"<!-- This site is optimized with the Yoast SEO plugin v27.5 - https:\/\/yoast.com\/product\/yoast-seo-wordpress\/ -->\n<title>Gentle Iron 20mg \u2013 Holland &amp; Barrett | ecosupplements.ch<\/title>\n<meta name=\"description\" content=\"Gentle Iron mit 20 mg Eisenbisglycinate pro Kapsel \u2013 unterst\u00fctzt die Reduktion von M\u00fcdigkeit. 90 vegane Kapseln. Jetzt bestellen.\" \/>\n<meta name=\"robots\" content=\"index, follow, max-snippet:-1, max-image-preview:large, max-video-preview:-1\" \/>\n<link rel=\"canonical\" href=\"https:\/\/ecosupplements.ch\/?product=gentle-iron-20mg-90-vcaps\" \/>\n<meta property=\"og:locale\" content=\"de_DE\" \/>\n<meta property=\"og:type\" content=\"article\" \/>\n<meta property=\"og:title\" content=\"Gentle Iron 20mg \u2013 Holland &amp; Barrett | ecosupplements.ch\" \/>\n<meta property=\"og:description\" content=\"Gentle Iron mit 20 mg Eisenbisglycinate pro Kapsel \u2013 unterst\u00fctzt die Reduktion von M\u00fcdigkeit. 90 vegane Kapseln. Jetzt bestellen.\" \/>\n<meta property=\"og:url\" content=\"https:\/\/ecosupplements.ch\/?product=gentle-iron-20mg-90-vcaps\" \/>\n<meta property=\"og:site_name\" content=\"Eco Supplements\" \/>\n<meta property=\"article:modified_time\" content=\"2026-05-13T07:24:56+00:00\" \/>\n<meta property=\"og:image\" content=\"https:\/\/ecosupplements.ch\/wp-content\/uploads\/2026\/05\/Gentle-Iron-20mg-90-vcaps.jpg\" \/>\n\t<meta property=\"og:image:width\" content=\"395\" \/>\n\t<meta property=\"og:image:height\" content=\"611\" \/>\n\t<meta property=\"og:image:type\" content=\"image\/jpeg\" \/>\n<meta name=\"twitter:card\" content=\"summary_large_image\" \/>\n<meta name=\"twitter:label1\" content=\"Price\" \/>\n\t<meta name=\"twitter:data1\" content=\"&#067;&#072;&#070;&nbsp;7.16\" \/>\n\t<meta name=\"twitter:label2\" content=\"Availability\" \/>\n\t<meta name=\"twitter:data2\" content=\"Out of stock\" \/>\n<script type=\"application\/ld+json\" class=\"yoast-schema-graph\">{\"@context\":\"https:\\\/\\\/schema.org\",\"@graph\":[{\"@type\":\"WebPage\",\"@id\":\"https:\\\/\\\/ecosupplements.ch\\\/?product=gentle-iron-20mg-90-vcaps\",\"url\":\"https:\\\/\\\/ecosupplements.ch\\\/?product=gentle-iron-20mg-90-vcaps\",\"name\":\"Gentle Iron 20mg \u2013 Holland & Barrett | ecosupplements.ch\",\"isPartOf\":{\"@id\":\"https:\\\/\\\/ecosupplements.ch\\\/#website\"},\"primaryImageOfPage\":{\"@id\":\"https:\\\/\\\/ecosupplements.ch\\\/?product=gentle-iron-20mg-90-vcaps#primaryimage\"},\"image\":{\"@id\":\"https:\\\/\\\/ecosupplements.ch\\\/?product=gentle-iron-20mg-90-vcaps#primaryimage\"},\"thumbnailUrl\":\"https:\\\/\\\/ecosupplements.ch\\\/wp-content\\\/uploads\\\/2026\\\/05\\\/Gentle-Iron-20mg-90-vcaps.jpg\",\"datePublished\":\"2026-05-11T14:27:37+00:00\",\"dateModified\":\"2026-05-13T07:24:56+00:00\",\"description\":\"Gentle Iron mit 20 mg Eisenbisglycinate pro Kapsel \u2013 unterst\u00fctzt die Reduktion von M\u00fcdigkeit. 90 vegane Kapseln. Jetzt bestellen.\",\"breadcrumb\":{\"@id\":\"https:\\\/\\\/ecosupplements.ch\\\/?product=gentle-iron-20mg-90-vcaps#breadcrumb\"},\"inLanguage\":\"de-CH\",\"potentialAction\":[{\"@type\":\"ReadAction\",\"target\":[\"https:\\\/\\\/ecosupplements.ch\\\/?product=gentle-iron-20mg-90-vcaps\"]}]},{\"@type\":\"ImageObject\",\"inLanguage\":\"de-CH\",\"@id\":\"https:\\\/\\\/ecosupplements.ch\\\/?product=gentle-iron-20mg-90-vcaps#primaryimage\",\"url\":\"https:\\\/\\\/ecosupplements.ch\\\/wp-content\\\/uploads\\\/2026\\\/05\\\/Gentle-Iron-20mg-90-vcaps.jpg\",\"contentUrl\":\"https:\\\/\\\/ecosupplements.ch\\\/wp-content\\\/uploads\\\/2026\\\/05\\\/Gentle-Iron-20mg-90-vcaps.jpg\",\"width\":395,\"height\":611,\"caption\":\"Gentle Iron\"},{\"@type\":\"BreadcrumbList\",\"@id\":\"https:\\\/\\\/ecosupplements.ch\\\/?product=gentle-iron-20mg-90-vcaps#breadcrumb\",\"itemListElement\":[{\"@type\":\"ListItem\",\"position\":1,\"name\":\"Home\",\"item\":\"https:\\\/\\\/ecosupplements.ch\\\/\"},{\"@type\":\"ListItem\",\"position\":2,\"name\":\"Shop\",\"item\":\"https:\\\/\\\/ecosupplements.ch\\\/?page_id=14\"},{\"@type\":\"ListItem\",\"position\":3,\"name\":\"Gentle Iron, 20mg &#8211; 90 vcaps\"}]},{\"@type\":\"WebSite\",\"@id\":\"https:\\\/\\\/ecosupplements.ch\\\/#website\",\"url\":\"https:\\\/\\\/ecosupplements.ch\\\/\",\"name\":\"Eco Supplements\",\"description\":\"\",\"potentialAction\":[{\"@type\":\"SearchAction\",\"target\":{\"@type\":\"EntryPoint\",\"urlTemplate\":\"https:\\\/\\\/ecosupplements.ch\\\/?s={search_term_string}\"},\"query-input\":{\"@type\":\"PropertyValueSpecification\",\"valueRequired\":true,\"valueName\":\"search_term_string\"}}],\"inLanguage\":\"de-CH\"}]}<\/script>\n<meta property=\"product:price:amount\" content=\"7.16\" \/>\n<meta property=\"product:price:currency\" content=\"CHF\" \/>\n<meta property=\"og:availability\" content=\"out of stock\" \/>\n<meta property=\"product:availability\" content=\"out of stock\" \/>\n<meta property=\"product:retailer_item_id\" content=\"5059604602801\" \/>\n<meta property=\"product:condition\" content=\"new\" \/>\n<!-- \/ Yoast SEO plugin. -->","yoast_head_json":{"title":"Gentle Iron 20mg \u2013 Holland & Barrett | ecosupplements.ch","description":"Gentle Iron mit 20 mg Eisenbisglycinate pro Kapsel \u2013 unterst\u00fctzt die Reduktion von M\u00fcdigkeit. 90 vegane Kapseln. Jetzt bestellen.","robots":{"index":"index","follow":"follow","max-snippet":"max-snippet:-1","max-image-preview":"max-image-preview:large","max-video-preview":"max-video-preview:-1"},"canonical":"https:\/\/ecosupplements.ch\/?product=gentle-iron-20mg-90-vcaps","og_locale":"de_DE","og_type":"article","og_title":"Gentle Iron 20mg \u2013 Holland & Barrett | ecosupplements.ch","og_description":"Gentle Iron mit 20 mg Eisenbisglycinate pro Kapsel \u2013 unterst\u00fctzt die Reduktion von M\u00fcdigkeit. 90 vegane Kapseln. Jetzt bestellen.","og_url":"https:\/\/ecosupplements.ch\/?product=gentle-iron-20mg-90-vcaps","og_site_name":"Eco Supplements","article_modified_time":"2026-05-13T07:24:56+00:00","og_image":[{"width":395,"height":611,"url":"https:\/\/ecosupplements.ch\/wp-content\/uploads\/2026\/05\/Gentle-Iron-20mg-90-vcaps.jpg","type":"image\/jpeg"}],"twitter_card":"summary_large_image","twitter_misc":{"Price":"&#67;&#72;&#70;&nbsp;7.16","Availability":"Out of stock"},"schema":{"@context":"https:\/\/schema.org","@graph":[{"@type":"WebPage","@id":"https:\/\/ecosupplements.ch\/?product=gentle-iron-20mg-90-vcaps","url":"https:\/\/ecosupplements.ch\/?product=gentle-iron-20mg-90-vcaps","name":"Gentle Iron 20mg \u2013 Holland & Barrett | ecosupplements.ch","isPartOf":{"@id":"https:\/\/ecosupplements.ch\/#website"},"primaryImageOfPage":{"@id":"https:\/\/ecosupplements.ch\/?product=gentle-iron-20mg-90-vcaps#primaryimage"},"image":{"@id":"https:\/\/ecosupplements.ch\/?product=gentle-iron-20mg-90-vcaps#primaryimage"},"thumbnailUrl":"https:\/\/ecosupplements.ch\/wp-content\/uploads\/2026\/05\/Gentle-Iron-20mg-90-vcaps.jpg","datePublished":"2026-05-11T14:27:37+00:00","dateModified":"2026-05-13T07:24:56+00:00","description":"Gentle Iron mit 20 mg Eisenbisglycinate pro Kapsel \u2013 unterst\u00fctzt die Reduktion von M\u00fcdigkeit. 90 vegane Kapseln. Jetzt bestellen.","breadcrumb":{"@id":"https:\/\/ecosupplements.ch\/?product=gentle-iron-20mg-90-vcaps#breadcrumb"},"inLanguage":"de-CH","potentialAction":[{"@type":"ReadAction","target":["https:\/\/ecosupplements.ch\/?product=gentle-iron-20mg-90-vcaps"]}]},{"@type":"ImageObject","inLanguage":"de-CH","@id":"https:\/\/ecosupplements.ch\/?product=gentle-iron-20mg-90-vcaps#primaryimage","url":"https:\/\/ecosupplements.ch\/wp-content\/uploads\/2026\/05\/Gentle-Iron-20mg-90-vcaps.jpg","contentUrl":"https:\/\/ecosupplements.ch\/wp-content\/uploads\/2026\/05\/Gentle-Iron-20mg-90-vcaps.jpg","width":395,"height":611,"caption":"Gentle Iron"},{"@type":"BreadcrumbList","@id":"https:\/\/ecosupplements.ch\/?product=gentle-iron-20mg-90-vcaps#breadcrumb","itemListElement":[{"@type":"ListItem","position":1,"name":"Home","item":"https:\/\/ecosupplements.ch\/"},{"@type":"ListItem","position":2,"name":"Shop","item":"https:\/\/ecosupplements.ch\/?page_id=14"},{"@type":"ListItem","position":3,"name":"Gentle Iron, 20mg &#8211; 90 vcaps"}]},{"@type":"WebSite","@id":"https:\/\/ecosupplements.ch\/#website","url":"https:\/\/ecosupplements.ch\/","name":"Eco Supplements","description":"","potentialAction":[{"@type":"SearchAction","target":{"@type":"EntryPoint","urlTemplate":"https:\/\/ecosupplements.ch\/?s={search_term_string}"},"query-input":{"@type":"PropertyValueSpecification","valueRequired":true,"valueName":"search_term_string"}}],"inLanguage":"de-CH"}]},"product_price_amount":"7.16","product_price_currency":"CHF","og_availability":"out of stock","product_availability":"out of stock","product_retailer_item_id":"5059604602801","product_condition":"new"},"_links":{"self":[{"href":"https:\/\/ecosupplements.ch\/index.php?rest_route=\/wp\/v2\/product\/1189","targetHints":{"allow":["GET"]}}],"collection":[{"href":"https:\/\/ecosupplements.ch\/index.php?rest_route=\/wp\/v2\/product"}],"about":[{"href":"https:\/\/ecosupplements.ch\/index.php?rest_route=\/wp\/v2\/types\/product"}],"replies":[{"embeddable":true,"href":"https:\/\/ecosupplements.ch\/index.php?rest_route=%2Fwp%2Fv2%2Fcomments&post=1189"}],"wp:featuredmedia":[{"embeddable":true,"href":"https:\/\/ecosupplements.ch\/index.php?rest_route=\/wp\/v2\/media\/1190"}],"wp:attachment":[{"href":"https:\/\/ecosupplements.ch\/index.php?rest_route=%2Fwp%2Fv2%2Fmedia&parent=1189"}],"wp:term":[{"taxonomy":"product_brand","embeddable":true,"href":"https:\/\/ecosupplements.ch\/index.php?rest_route=%2Fwp%2Fv2%2Fproduct_brand&post=1189"},{"taxonomy":"product_cat","embeddable":true,"href":"https:\/\/ecosupplements.ch\/index.php?rest_route=%2Fwp%2Fv2%2Fproduct_cat&post=1189"},{"taxonomy":"product_tag","embeddable":true,"href":"https:\/\/ecosupplements.ch\/index.php?rest_route=%2Fwp%2Fv2%2Fproduct_tag&post=1189"}],"curies":[{"name":"wp","href":"https:\/\/api.w.org\/{rel}","templated":true}]}}