{"id":1219,"date":"2026-05-11T14:27:48","date_gmt":"2026-05-11T14:27:48","guid":{"rendered":"https:\/\/ecosupplements.ch\/?product=raspberry-ketone-complex-90-caps"},"modified":"2026-05-13T07:25:46","modified_gmt":"2026-05-13T07:25:46","slug":"raspberry-ketone-complex-90-caps","status":"publish","type":"product","link":"https:\/\/ecosupplements.ch\/?product=raspberry-ketone-complex-90-caps","title":{"rendered":"Raspberry Ketone Complex &#8211; 90 caps"},"content":{"rendered":"<div class=\"chcg-product-description\">\n<h2 class=\"chcg-heading\">\u00dcber Holland &amp; Barrett \u2013 Raspberry Ketone Complex \u2013 90 Kapseln<\/h2>\n<div class=\"chcg-intro\">\n<p>Der Raspberry Ketone Complex von Holland &amp; Barrett ist eine sorgf\u00e4ltig zusammengestellte Nahrungserg\u00e4nzungsformel, die Glucomannan aus der Konjac-Pflanze mit einem konzentrierten Himbeerfr\u00fcchteextrakt sowie den Vitaminen B6 und B12 kombiniert. Das Produkt enth\u00e4lt pro Tagesportion 3000 mg Glucomannan (Amorphophallus konjac) \u2013 eine Menge, die gem\u00e4ss EFSA zur normalen Funktion im Rahmen einer kalorienreduzierten Ern\u00e4hrung beitr\u00e4gt.<\/p>\n<p>Vitamin B6 und Vitamin B12 sind essentielle N\u00e4hrstoffe, die zu einem normalen Energiestoffwechsel beitragen und zur Verringerung von M\u00fcdigkeit und Ersch\u00f6pfung beitragen. Mit 101 % des N\u00e4hrstoffreferenzwertes f\u00fcr Vitamin B6 und 240 % f\u00fcr Vitamin B12 pro Tagesdosis bietet dieses Produkt eine gezielte Unterst\u00fctzung f\u00fcr den t\u00e4glichen Bedarf.<\/p>\n<p>Die Kapseln sind vegan und vegetarisch geeignet, frei von Gluten, Laktose, k\u00fcnstlichen Farbstoffen und Aromen sowie ohne zugesetzten Zucker oder Salz \u2013 ideal f\u00fcr Personen, die auf eine saubere Zutatenliste Wert legen.<\/p>\n<\/p><\/div>\n<div class=\"chcg-nutrition\">\n<h3>N\u00e4hrwertangaben<\/h3>\n<table class=\"chcg-nutrition-table\">\n<thead>\n<tr>\n<th>N\u00e4hrstoff<\/th>\n<th>Pro Portion (6 Kapseln)<\/th>\n<\/tr>\n<\/thead>\n<tbody>\n<tr>\n<td>Vitamin B6<\/td>\n<td>1,41 mg (101 % NRV)<\/td>\n<\/tr>\n<tr>\n<td>Vitamin B12<\/td>\n<td>6 \u00b5g (240 % NRV)<\/td>\n<\/tr>\n<tr>\n<td>Glucomannan (Amorphophallus konjac)<\/td>\n<td>3000 mg (**)<\/td>\n<\/tr>\n<tr>\n<td>Himbeerfr\u00fcchteextrakt (20:1-Extrakt, entspricht 12 000 mg Himbeerfr\u00fcchten, mit 4 % Raspberry Ketones, 24 mg)<\/td>\n<td>600 mg (**)<\/td>\n<\/tr>\n<\/tbody>\n<\/table>\n<p class=\"chcg-footnote\">** Kein N\u00e4hrstoffreferenzwert (NRV) festgelegt.<\/p>\n<p class=\"chcg-footnote\">NRV = N\u00e4hrstoffreferenzwert<\/p>\n<\/p><\/div>\n<div class=\"chcg-ingredients\">\n<h3>Zutaten<\/h3>\n<p>Glucomannan (Amorphophallus konjac, Knollen), Kapselh\u00fclle (Hydroxypropylmethylcellulose), Himbeerfr\u00fcchteextrakt (Rubus idaeus), Maltodextrin, Trennmittel (Magnesiumstearat, Siliciumdioxid), Vitamin B6 (als Pyridoxinhydrochlorid), Vitamin B12 (als Cyanocobalamin).<\/p>\n<p class=\"chcg-capsule-shell\">Kapselh\u00fclle: Hydroxypropylmethylcellulose<\/p>\n<\/p><\/div>\n<div class=\"chcg-dosage\">\n<h3>Verzehrempfehlung<\/h3>\n<p>Nehmen Sie 2 Kapseln mit 250 ml Wasser 30 Minuten vor einer Mahlzeit ein, dreimal t\u00e4glich. Die empfohlene Tagesdosis nicht \u00fcberschreiten. Die vorteilhafte Wirkung wird mit einer t\u00e4glichen Aufnahme von 3 g Glucomannan in drei Dosen von je 1 g erzielt, zusammen mit 1\u20132 Gl\u00e4sern Wasser, vor den Mahlzeiten und im Rahmen einer kalorienreduzierten Ern\u00e4hrung.<\/p>\n<\/p><\/div>\n<div class=\"chcg-warnings\">\n<h3>Warnhinweise<\/h3>\n<p>Nicht f\u00fcr Personen unter 18 Jahren geeignet. Die empfohlene Tagesdosis nicht \u00fcberschreiten. Es besteht Erstickungsgefahr f\u00fcr Personen mit Schluckbeschwerden sowie bei unzureichender Fl\u00fcssigkeitsaufnahme. Mit diesem Produkt sollte ausreichend Wasser getrunken werden, um sicherzustellen, dass es den Magen erreicht. Nahrungserg\u00e4nzungsmittel d\u00fcrfen nicht als Ersatz f\u00fcr eine abwechslungsreiche und ausgewogene Ern\u00e4hrung und eine gesunde Lebensweise verwendet werden. Wenn Sie schwanger sind, stillen, Medikamente einnehmen oder unter \u00e4rztlicher Aufsicht stehen, konsultieren Sie vor der Einnahme bitte einen Arzt oder eine medizinische Fachperson. Bei unerw\u00fcnschten Reaktionen die Einnahme abbrechen und einen Arzt aufsuchen. Ausserhalb der Reichweite von Kindern aufbewahren. Nicht verwenden, wenn die Schutzfolie unter dem Verschluss besch\u00e4digt oder nicht vorhanden ist.<\/p>\n<\/p><\/div>\n<div class=\"chcg-allergens\">\n<h3>Allergeninformationen<\/h3>\n<p>Frei von: k\u00fcnstlichen Farbstoffen, Aromen, S\u00fcssungsmitteln, Konservierungsstoffen, Milch, Laktose, Soja, Gluten, Weizen, Hefe, Fisch und Schweineerzeugnissen. Ohne zugesetzten Zucker oder Salz.<\/p>\n<\/p><\/div>\n<div class=\"chcg-storage\">\n<h3>Lagerung<\/h3>\n<p>An einem k\u00fchlen, trockenen Ort, vor direkter Sonneneinstrahlung gesch\u00fctzt, aufbewahren. Ausserhalb der Reichweite von Kindern aufbewahren.<\/p>\n<\/p><\/div>\n<div class=\"chcg-dietary\">\n<h3>Ern\u00e4hrungshinweise<\/h3>\n<ul>\n<li>Vegan<\/li>\n<li>Vegetarisch<\/li>\n<li>Glutenfrei<\/li>\n<li>Laktosefrei<\/li>\n<\/ul><\/div>\n<\/div>\n","protected":false},"excerpt":{"rendered":"<p>Raspberry Ketone Complex von Holland &amp; Barrett liefert 3000 mg Glucomannan plus Vitamin B6 und B12 pro Tagesdosis \u2013 in praktischen veganen Kapseln. Packung mit 90 Kapseln, glutenfrei und laktosefrei.<\/p>\n","protected":false},"featured_media":1220,"comment_status":"closed","ping_status":"open","template":"","meta":[],"product_brand":[197],"product_cat":[48,22,21],"product_tag":[],"class_list":{"0":"post-1219","1":"product","2":"type-product","3":"status-publish","4":"has-post-thumbnail","6":"product_brand-holland-barrett","7":"product_cat-gesunde-ernaehrung","8":"product_cat-vegane-produkte","9":"product_cat-vitamine-und-mineralstoffe","11":"first","12":"outofstock","13":"sale","14":"taxable","15":"shipping-taxable","16":"purchasable","17":"product-type-simple"},"yoast_head":"<!-- This site is optimized with the Yoast SEO plugin v27.5 - https:\/\/yoast.com\/product\/yoast-seo-wordpress\/ -->\n<title>Raspberry Ketone Complex 90 Kapseln \u2013 Holland &amp; Barrett | ecosupplements.ch<\/title>\n<meta name=\"description\" content=\"Raspberry Ketone Complex mit 3000 mg Glucomannan sowie Vitamin B6 &amp; B12 \u2013 vegan, glutenfrei, 90 Kapseln. Jetzt bestellen.\" \/>\n<meta name=\"robots\" content=\"index, follow, max-snippet:-1, max-image-preview:large, max-video-preview:-1\" \/>\n<link rel=\"canonical\" href=\"https:\/\/ecosupplements.ch\/?product=raspberry-ketone-complex-90-caps\" \/>\n<meta property=\"og:locale\" content=\"de_DE\" \/>\n<meta property=\"og:type\" content=\"article\" \/>\n<meta property=\"og:title\" content=\"Raspberry Ketone Complex 90 Kapseln \u2013 Holland &amp; Barrett | ecosupplements.ch\" \/>\n<meta property=\"og:description\" content=\"Raspberry Ketone Complex mit 3000 mg Glucomannan sowie Vitamin B6 &amp; B12 \u2013 vegan, glutenfrei, 90 Kapseln. Jetzt bestellen.\" \/>\n<meta property=\"og:url\" content=\"https:\/\/ecosupplements.ch\/?product=raspberry-ketone-complex-90-caps\" \/>\n<meta property=\"og:site_name\" content=\"Eco Supplements\" \/>\n<meta property=\"article:modified_time\" content=\"2026-05-13T07:25:46+00:00\" \/>\n<meta property=\"og:image\" content=\"https:\/\/ecosupplements.ch\/wp-content\/uploads\/2026\/05\/Raspberry-Ketone-Complex-90-caps.jpg\" \/>\n\t<meta property=\"og:image:width\" content=\"413\" \/>\n\t<meta property=\"og:image:height\" content=\"623\" \/>\n\t<meta property=\"og:image:type\" content=\"image\/jpeg\" \/>\n<meta name=\"twitter:card\" content=\"summary_large_image\" \/>\n<meta name=\"twitter:label1\" content=\"Price\" \/>\n\t<meta name=\"twitter:data1\" content=\"&#067;&#072;&#070;&nbsp;9.29\" \/>\n\t<meta name=\"twitter:label2\" content=\"Availability\" \/>\n\t<meta name=\"twitter:data2\" content=\"Out of stock\" \/>\n<script type=\"application\/ld+json\" class=\"yoast-schema-graph\">{\"@context\":\"https:\\\/\\\/schema.org\",\"@graph\":[{\"@type\":\"WebPage\",\"@id\":\"https:\\\/\\\/ecosupplements.ch\\\/?product=raspberry-ketone-complex-90-caps\",\"url\":\"https:\\\/\\\/ecosupplements.ch\\\/?product=raspberry-ketone-complex-90-caps\",\"name\":\"Raspberry Ketone Complex 90 Kapseln \u2013 Holland & Barrett | ecosupplements.ch\",\"isPartOf\":{\"@id\":\"https:\\\/\\\/ecosupplements.ch\\\/#website\"},\"primaryImageOfPage\":{\"@id\":\"https:\\\/\\\/ecosupplements.ch\\\/?product=raspberry-ketone-complex-90-caps#primaryimage\"},\"image\":{\"@id\":\"https:\\\/\\\/ecosupplements.ch\\\/?product=raspberry-ketone-complex-90-caps#primaryimage\"},\"thumbnailUrl\":\"https:\\\/\\\/ecosupplements.ch\\\/wp-content\\\/uploads\\\/2026\\\/05\\\/Raspberry-Ketone-Complex-90-caps.jpg\",\"datePublished\":\"2026-05-11T14:27:48+00:00\",\"dateModified\":\"2026-05-13T07:25:46+00:00\",\"description\":\"Raspberry Ketone Complex mit 3000 mg Glucomannan sowie Vitamin B6 & B12 \u2013 vegan, glutenfrei, 90 Kapseln. Jetzt bestellen.\",\"breadcrumb\":{\"@id\":\"https:\\\/\\\/ecosupplements.ch\\\/?product=raspberry-ketone-complex-90-caps#breadcrumb\"},\"inLanguage\":\"de-CH\",\"potentialAction\":[{\"@type\":\"ReadAction\",\"target\":[\"https:\\\/\\\/ecosupplements.ch\\\/?product=raspberry-ketone-complex-90-caps\"]}]},{\"@type\":\"ImageObject\",\"inLanguage\":\"de-CH\",\"@id\":\"https:\\\/\\\/ecosupplements.ch\\\/?product=raspberry-ketone-complex-90-caps#primaryimage\",\"url\":\"https:\\\/\\\/ecosupplements.ch\\\/wp-content\\\/uploads\\\/2026\\\/05\\\/Raspberry-Ketone-Complex-90-caps.jpg\",\"contentUrl\":\"https:\\\/\\\/ecosupplements.ch\\\/wp-content\\\/uploads\\\/2026\\\/05\\\/Raspberry-Ketone-Complex-90-caps.jpg\",\"width\":413,\"height\":623,\"caption\":\"Raspberry Ketone Complex - 90 caps\"},{\"@type\":\"BreadcrumbList\",\"@id\":\"https:\\\/\\\/ecosupplements.ch\\\/?product=raspberry-ketone-complex-90-caps#breadcrumb\",\"itemListElement\":[{\"@type\":\"ListItem\",\"position\":1,\"name\":\"Home\",\"item\":\"https:\\\/\\\/ecosupplements.ch\\\/\"},{\"@type\":\"ListItem\",\"position\":2,\"name\":\"Shop\",\"item\":\"https:\\\/\\\/ecosupplements.ch\\\/?page_id=14\"},{\"@type\":\"ListItem\",\"position\":3,\"name\":\"Raspberry Ketone Complex &#8211; 90 caps\"}]},{\"@type\":\"WebSite\",\"@id\":\"https:\\\/\\\/ecosupplements.ch\\\/#website\",\"url\":\"https:\\\/\\\/ecosupplements.ch\\\/\",\"name\":\"Eco Supplements\",\"description\":\"\",\"potentialAction\":[{\"@type\":\"SearchAction\",\"target\":{\"@type\":\"EntryPoint\",\"urlTemplate\":\"https:\\\/\\\/ecosupplements.ch\\\/?s={search_term_string}\"},\"query-input\":{\"@type\":\"PropertyValueSpecification\",\"valueRequired\":true,\"valueName\":\"search_term_string\"}}],\"inLanguage\":\"de-CH\"}]}<\/script>\n<meta property=\"product:price:amount\" content=\"9.29\" \/>\n<meta property=\"product:price:currency\" content=\"CHF\" \/>\n<meta property=\"og:availability\" content=\"out of stock\" \/>\n<meta property=\"product:availability\" content=\"out of stock\" \/>\n<meta property=\"product:retailer_item_id\" content=\"5059604210310\" \/>\n<meta property=\"product:condition\" content=\"new\" \/>\n<!-- \/ Yoast SEO plugin. -->","yoast_head_json":{"title":"Raspberry Ketone Complex 90 Kapseln \u2013 Holland & Barrett | ecosupplements.ch","description":"Raspberry Ketone Complex mit 3000 mg Glucomannan sowie Vitamin B6 & B12 \u2013 vegan, glutenfrei, 90 Kapseln. Jetzt bestellen.","robots":{"index":"index","follow":"follow","max-snippet":"max-snippet:-1","max-image-preview":"max-image-preview:large","max-video-preview":"max-video-preview:-1"},"canonical":"https:\/\/ecosupplements.ch\/?product=raspberry-ketone-complex-90-caps","og_locale":"de_DE","og_type":"article","og_title":"Raspberry Ketone Complex 90 Kapseln \u2013 Holland & Barrett | ecosupplements.ch","og_description":"Raspberry Ketone Complex mit 3000 mg Glucomannan sowie Vitamin B6 & B12 \u2013 vegan, glutenfrei, 90 Kapseln. Jetzt bestellen.","og_url":"https:\/\/ecosupplements.ch\/?product=raspberry-ketone-complex-90-caps","og_site_name":"Eco Supplements","article_modified_time":"2026-05-13T07:25:46+00:00","og_image":[{"width":413,"height":623,"url":"https:\/\/ecosupplements.ch\/wp-content\/uploads\/2026\/05\/Raspberry-Ketone-Complex-90-caps.jpg","type":"image\/jpeg"}],"twitter_card":"summary_large_image","twitter_misc":{"Price":"&#67;&#72;&#70;&nbsp;9.29","Availability":"Out of stock"},"schema":{"@context":"https:\/\/schema.org","@graph":[{"@type":"WebPage","@id":"https:\/\/ecosupplements.ch\/?product=raspberry-ketone-complex-90-caps","url":"https:\/\/ecosupplements.ch\/?product=raspberry-ketone-complex-90-caps","name":"Raspberry Ketone Complex 90 Kapseln \u2013 Holland & Barrett | ecosupplements.ch","isPartOf":{"@id":"https:\/\/ecosupplements.ch\/#website"},"primaryImageOfPage":{"@id":"https:\/\/ecosupplements.ch\/?product=raspberry-ketone-complex-90-caps#primaryimage"},"image":{"@id":"https:\/\/ecosupplements.ch\/?product=raspberry-ketone-complex-90-caps#primaryimage"},"thumbnailUrl":"https:\/\/ecosupplements.ch\/wp-content\/uploads\/2026\/05\/Raspberry-Ketone-Complex-90-caps.jpg","datePublished":"2026-05-11T14:27:48+00:00","dateModified":"2026-05-13T07:25:46+00:00","description":"Raspberry Ketone Complex mit 3000 mg Glucomannan sowie Vitamin B6 & B12 \u2013 vegan, glutenfrei, 90 Kapseln. Jetzt bestellen.","breadcrumb":{"@id":"https:\/\/ecosupplements.ch\/?product=raspberry-ketone-complex-90-caps#breadcrumb"},"inLanguage":"de-CH","potentialAction":[{"@type":"ReadAction","target":["https:\/\/ecosupplements.ch\/?product=raspberry-ketone-complex-90-caps"]}]},{"@type":"ImageObject","inLanguage":"de-CH","@id":"https:\/\/ecosupplements.ch\/?product=raspberry-ketone-complex-90-caps#primaryimage","url":"https:\/\/ecosupplements.ch\/wp-content\/uploads\/2026\/05\/Raspberry-Ketone-Complex-90-caps.jpg","contentUrl":"https:\/\/ecosupplements.ch\/wp-content\/uploads\/2026\/05\/Raspberry-Ketone-Complex-90-caps.jpg","width":413,"height":623,"caption":"Raspberry Ketone Complex - 90 caps"},{"@type":"BreadcrumbList","@id":"https:\/\/ecosupplements.ch\/?product=raspberry-ketone-complex-90-caps#breadcrumb","itemListElement":[{"@type":"ListItem","position":1,"name":"Home","item":"https:\/\/ecosupplements.ch\/"},{"@type":"ListItem","position":2,"name":"Shop","item":"https:\/\/ecosupplements.ch\/?page_id=14"},{"@type":"ListItem","position":3,"name":"Raspberry Ketone Complex &#8211; 90 caps"}]},{"@type":"WebSite","@id":"https:\/\/ecosupplements.ch\/#website","url":"https:\/\/ecosupplements.ch\/","name":"Eco Supplements","description":"","potentialAction":[{"@type":"SearchAction","target":{"@type":"EntryPoint","urlTemplate":"https:\/\/ecosupplements.ch\/?s={search_term_string}"},"query-input":{"@type":"PropertyValueSpecification","valueRequired":true,"valueName":"search_term_string"}}],"inLanguage":"de-CH"}]},"product_price_amount":"9.29","product_price_currency":"CHF","og_availability":"out of stock","product_availability":"out of stock","product_retailer_item_id":"5059604210310","product_condition":"new"},"_links":{"self":[{"href":"https:\/\/ecosupplements.ch\/index.php?rest_route=\/wp\/v2\/product\/1219","targetHints":{"allow":["GET"]}}],"collection":[{"href":"https:\/\/ecosupplements.ch\/index.php?rest_route=\/wp\/v2\/product"}],"about":[{"href":"https:\/\/ecosupplements.ch\/index.php?rest_route=\/wp\/v2\/types\/product"}],"replies":[{"embeddable":true,"href":"https:\/\/ecosupplements.ch\/index.php?rest_route=%2Fwp%2Fv2%2Fcomments&post=1219"}],"wp:featuredmedia":[{"embeddable":true,"href":"https:\/\/ecosupplements.ch\/index.php?rest_route=\/wp\/v2\/media\/1220"}],"wp:attachment":[{"href":"https:\/\/ecosupplements.ch\/index.php?rest_route=%2Fwp%2Fv2%2Fmedia&parent=1219"}],"wp:term":[{"taxonomy":"product_brand","embeddable":true,"href":"https:\/\/ecosupplements.ch\/index.php?rest_route=%2Fwp%2Fv2%2Fproduct_brand&post=1219"},{"taxonomy":"product_cat","embeddable":true,"href":"https:\/\/ecosupplements.ch\/index.php?rest_route=%2Fwp%2Fv2%2Fproduct_cat&post=1219"},{"taxonomy":"product_tag","embeddable":true,"href":"https:\/\/ecosupplements.ch\/index.php?rest_route=%2Fwp%2Fv2%2Fproduct_tag&post=1219"}],"curies":[{"name":"wp","href":"https:\/\/api.w.org\/{rel}","templated":true}]}}