{"id":1221,"date":"2026-05-11T14:27:48","date_gmt":"2026-05-11T14:27:48","guid":{"rendered":"https:\/\/ecosupplements.ch\/?product=rose-hip-4500mg-120-tablets"},"modified":"2026-05-13T07:26:57","modified_gmt":"2026-05-13T07:26:57","slug":"rose-hip-4500mg-120-tablets","status":"publish","type":"product","link":"https:\/\/ecosupplements.ch\/?product=rose-hip-4500mg-120-tablets","title":{"rendered":"Rose Hip, 4500mg &#8211; 120 tablets"},"content":{"rendered":"<div class=\"chcg-product-description\">\n<h2 class=\"chcg-heading\">\u00dcber Holland &amp; Barrett \u2013 Rose Hip, 4500mg \u2013 120 Tabletten<\/h2>\n<div class=\"chcg-intro\">\n<p>Rose Hip \u2013 zu Deutsch Hagebutte \u2013 ist die Frucht der Wildrose (Rosa canina) und wird seit Jahrhunderten in der traditionellen Ern\u00e4hrung gesch\u00e4tzt. Holland &amp; Barrett bietet dieses Nahrungserg\u00e4nzungsmittel in Form eines konzentrierten 20:1-Extrakts an, wobei jede Tagesportion (6 Tabletten) einem \u00c4quivalent von 4500 mg Hagebutte entspricht. So erhalten Sie die Vorteile dieses nat\u00fcrlichen Inhaltsstoffs in praktischer Tablettenform.<\/p>\n<p>Das Produkt eignet sich f\u00fcr alle, die ihre Ern\u00e4hrung gezielt mit einem hochwertigen Hagebuttenextrakt erg\u00e4nzen m\u00f6chten. Die Formulierung ist vegan und vegetarisch geeignet und kommt ohne tierische Zutaten aus.<\/p>\n<p>Mit 120 Tabletten pro Packung erhalten Sie einen komfortablen Vorrat f\u00fcr 20 Tage bei der empfohlenen Tagesdosis von 6 Tabletten.<\/p>\n<\/p><\/div>\n<div class=\"chcg-nutrition\">\n<h3>N\u00e4hrwertangaben<\/h3>\n<table class=\"chcg-nutrition-table\">\n<thead>\n<tr>\n<th>N\u00e4hrstoff<\/th>\n<th>Pro Portion (6 Tabletten)<\/th>\n<\/tr>\n<\/thead>\n<tbody>\n<tr>\n<td>Hagebuttenextrakt (20:1-Extrakt, entspricht 4500 mg Hagebutte)<\/td>\n<td>225 mg<\/td>\n<\/tr>\n<\/tbody>\n<\/table>\n<p class=\"chcg-footnote\">* Kein festgelegter Tagesbedarf.<\/p>\n<\/p><\/div>\n<div class=\"chcg-ingredients\">\n<h3>Zutaten<\/h3>\n<p>Hagebuttenextrakt (20:1-Extrakt, entspricht 4500 mg Hagebutte) 225 mg, F\u00fcllstoffe (Dicalciumphosphat, mikrokristalline Cellulose), Hagebuttenextrakt (Rosa canina), Trennmittel (Magnesiumstearat, Siliciumdioxid).<\/p>\n<\/p><\/div>\n<div class=\"chcg-dosage\">\n<h3>Verzehrempfehlung<\/h3>\n<p>T\u00e4glich 6 Tabletten einnehmen, vorzugsweise zu einer Mahlzeit. Die angegebene Tagesdosis nicht \u00fcberschreiten.<\/p>\n<\/p><\/div>\n<div class=\"chcg-warnings\">\n<h3>Warnhinweise<\/h3>\n<p>Nahrungserg\u00e4nzungsmittel d\u00fcrfen nicht als Ersatz f\u00fcr eine abwechslungsreiche und ausgewogene Ern\u00e4hrung sowie eine gesunde Lebensweise verwendet werden. Wenn Sie schwanger sind, stillen, Medikamente einnehmen oder unter \u00e4rztlicher Aufsicht stehen, konsultieren Sie bitte vor der Einnahme einen Arzt oder eine medizinische Fachperson. Bei unerw\u00fcnschten Reaktionen die Einnahme abbrechen und einen Arzt aufsuchen. Ausserhalb der Reichweite von Kindern aufbewahren. Dieses Produkt ist nicht f\u00fcr Personen unter 18 Jahren bestimmt. Nicht verwenden, wenn die Schutzfolie unter dem Verschluss besch\u00e4digt oder nicht vorhanden ist.<\/p>\n<\/p><\/div>\n<div class=\"chcg-allergens\">\n<h3>Allergeninformationen<\/h3>\n<p>Auf der Verpackung sind keine Allergene deklariert.<\/p>\n<\/p><\/div>\n<div class=\"chcg-storage\">\n<h3>Lagerung<\/h3>\n<p>An einem k\u00fchlen, trockenen Ort aufbewahren.<\/p>\n<\/p><\/div>\n<div class=\"chcg-dietary\">\n<h3>Ern\u00e4hrungshinweise<\/h3>\n<ul>\n<li>Vegan<\/li>\n<li>Vegetarisch<\/li>\n<\/ul><\/div>\n<\/div>\n","protected":false},"excerpt":{"rendered":"<p>Holland &amp; Barrett Rose Hip 4500mg liefert konzentrierten Hagebuttenextrakt in praktischer Tablettenform. Packung mit 120 Tabletten f\u00fcr 20 Tage Versorgung bei 6 Tabletten pro Tag. Vegan und vegetarisch geeignet.<\/p>\n","protected":false},"featured_media":1222,"comment_status":"closed","ping_status":"open","template":"","meta":[],"product_brand":[197],"product_cat":[48,25],"product_tag":[],"class_list":{"0":"post-1221","1":"product","2":"type-product","3":"status-publish","4":"has-post-thumbnail","6":"product_brand-holland-barrett","7":"product_cat-gesunde-ernaehrung","8":"product_cat-gesundheit-und-wohlbefinden","10":"first","11":"outofstock","12":"sale","13":"taxable","14":"shipping-taxable","15":"purchasable","16":"product-type-simple"},"yoast_head":"<!-- This site is optimized with the Yoast SEO plugin v27.5 - https:\/\/yoast.com\/product\/yoast-seo-wordpress\/ -->\n<title>Rose Hip 4500mg \u2013 Holland &amp; Barrett | ecosupplements.ch<\/title>\n<meta name=\"description\" content=\"Hochwertiger Hagebuttenextrakt von Holland &amp; Barrett \u2013 120 Tabletten mit 4500mg pro Tagesdosis, vegan und vegetarisch. Jetzt bestellen.\" \/>\n<meta name=\"robots\" content=\"index, follow, max-snippet:-1, max-image-preview:large, max-video-preview:-1\" \/>\n<link rel=\"canonical\" href=\"https:\/\/ecosupplements.ch\/?product=rose-hip-4500mg-120-tablets\" \/>\n<meta property=\"og:locale\" content=\"de_DE\" \/>\n<meta property=\"og:type\" content=\"article\" \/>\n<meta property=\"og:title\" content=\"Rose Hip 4500mg \u2013 Holland &amp; Barrett | ecosupplements.ch\" \/>\n<meta property=\"og:description\" content=\"Hochwertiger Hagebuttenextrakt von Holland &amp; Barrett \u2013 120 Tabletten mit 4500mg pro Tagesdosis, vegan und vegetarisch. Jetzt bestellen.\" \/>\n<meta property=\"og:url\" content=\"https:\/\/ecosupplements.ch\/?product=rose-hip-4500mg-120-tablets\" \/>\n<meta property=\"og:site_name\" content=\"Eco Supplements\" \/>\n<meta property=\"article:modified_time\" content=\"2026-05-13T07:26:57+00:00\" \/>\n<meta property=\"og:image\" content=\"https:\/\/ecosupplements.ch\/wp-content\/uploads\/2026\/05\/Rose-Hip-4500mg-120-tablets.jpg\" \/>\n\t<meta property=\"og:image:width\" content=\"607\" \/>\n\t<meta property=\"og:image:height\" content=\"798\" \/>\n\t<meta property=\"og:image:type\" content=\"image\/jpeg\" \/>\n<meta name=\"twitter:card\" content=\"summary_large_image\" \/>\n<meta name=\"twitter:label1\" content=\"Price\" \/>\n\t<meta name=\"twitter:data1\" content=\"&#067;&#072;&#070;&nbsp;1.65\" \/>\n\t<meta name=\"twitter:label2\" content=\"Availability\" \/>\n\t<meta name=\"twitter:data2\" content=\"Out of stock\" \/>\n<script type=\"application\/ld+json\" class=\"yoast-schema-graph\">{\"@context\":\"https:\\\/\\\/schema.org\",\"@graph\":[{\"@type\":\"WebPage\",\"@id\":\"https:\\\/\\\/ecosupplements.ch\\\/?product=rose-hip-4500mg-120-tablets\",\"url\":\"https:\\\/\\\/ecosupplements.ch\\\/?product=rose-hip-4500mg-120-tablets\",\"name\":\"Rose Hip 4500mg \u2013 Holland & Barrett | ecosupplements.ch\",\"isPartOf\":{\"@id\":\"https:\\\/\\\/ecosupplements.ch\\\/#website\"},\"primaryImageOfPage\":{\"@id\":\"https:\\\/\\\/ecosupplements.ch\\\/?product=rose-hip-4500mg-120-tablets#primaryimage\"},\"image\":{\"@id\":\"https:\\\/\\\/ecosupplements.ch\\\/?product=rose-hip-4500mg-120-tablets#primaryimage\"},\"thumbnailUrl\":\"https:\\\/\\\/ecosupplements.ch\\\/wp-content\\\/uploads\\\/2026\\\/05\\\/Rose-Hip-4500mg-120-tablets.jpg\",\"datePublished\":\"2026-05-11T14:27:48+00:00\",\"dateModified\":\"2026-05-13T07:26:57+00:00\",\"description\":\"Hochwertiger Hagebuttenextrakt von Holland & Barrett \u2013 120 Tabletten mit 4500mg pro Tagesdosis, vegan und vegetarisch. Jetzt bestellen.\",\"breadcrumb\":{\"@id\":\"https:\\\/\\\/ecosupplements.ch\\\/?product=rose-hip-4500mg-120-tablets#breadcrumb\"},\"inLanguage\":\"de-CH\",\"potentialAction\":[{\"@type\":\"ReadAction\",\"target\":[\"https:\\\/\\\/ecosupplements.ch\\\/?product=rose-hip-4500mg-120-tablets\"]}]},{\"@type\":\"ImageObject\",\"inLanguage\":\"de-CH\",\"@id\":\"https:\\\/\\\/ecosupplements.ch\\\/?product=rose-hip-4500mg-120-tablets#primaryimage\",\"url\":\"https:\\\/\\\/ecosupplements.ch\\\/wp-content\\\/uploads\\\/2026\\\/05\\\/Rose-Hip-4500mg-120-tablets.jpg\",\"contentUrl\":\"https:\\\/\\\/ecosupplements.ch\\\/wp-content\\\/uploads\\\/2026\\\/05\\\/Rose-Hip-4500mg-120-tablets.jpg\",\"width\":607,\"height\":798,\"caption\":\"Rose Hip\"},{\"@type\":\"BreadcrumbList\",\"@id\":\"https:\\\/\\\/ecosupplements.ch\\\/?product=rose-hip-4500mg-120-tablets#breadcrumb\",\"itemListElement\":[{\"@type\":\"ListItem\",\"position\":1,\"name\":\"Home\",\"item\":\"https:\\\/\\\/ecosupplements.ch\\\/\"},{\"@type\":\"ListItem\",\"position\":2,\"name\":\"Shop\",\"item\":\"https:\\\/\\\/ecosupplements.ch\\\/?page_id=14\"},{\"@type\":\"ListItem\",\"position\":3,\"name\":\"Rose Hip, 4500mg &#8211; 120 tablets\"}]},{\"@type\":\"WebSite\",\"@id\":\"https:\\\/\\\/ecosupplements.ch\\\/#website\",\"url\":\"https:\\\/\\\/ecosupplements.ch\\\/\",\"name\":\"Eco Supplements\",\"description\":\"\",\"potentialAction\":[{\"@type\":\"SearchAction\",\"target\":{\"@type\":\"EntryPoint\",\"urlTemplate\":\"https:\\\/\\\/ecosupplements.ch\\\/?s={search_term_string}\"},\"query-input\":{\"@type\":\"PropertyValueSpecification\",\"valueRequired\":true,\"valueName\":\"search_term_string\"}}],\"inLanguage\":\"de-CH\"}]}<\/script>\n<meta property=\"product:price:amount\" content=\"1.65\" \/>\n<meta property=\"product:price:currency\" content=\"CHF\" \/>\n<meta property=\"og:availability\" content=\"out of stock\" \/>\n<meta property=\"product:availability\" content=\"out of stock\" \/>\n<meta property=\"product:retailer_item_id\" content=\"5059604470288\" \/>\n<meta property=\"product:condition\" content=\"new\" \/>\n<!-- \/ Yoast SEO plugin. -->","yoast_head_json":{"title":"Rose Hip 4500mg \u2013 Holland & Barrett | ecosupplements.ch","description":"Hochwertiger Hagebuttenextrakt von Holland & Barrett \u2013 120 Tabletten mit 4500mg pro Tagesdosis, vegan und vegetarisch. Jetzt bestellen.","robots":{"index":"index","follow":"follow","max-snippet":"max-snippet:-1","max-image-preview":"max-image-preview:large","max-video-preview":"max-video-preview:-1"},"canonical":"https:\/\/ecosupplements.ch\/?product=rose-hip-4500mg-120-tablets","og_locale":"de_DE","og_type":"article","og_title":"Rose Hip 4500mg \u2013 Holland & Barrett | ecosupplements.ch","og_description":"Hochwertiger Hagebuttenextrakt von Holland & Barrett \u2013 120 Tabletten mit 4500mg pro Tagesdosis, vegan und vegetarisch. Jetzt bestellen.","og_url":"https:\/\/ecosupplements.ch\/?product=rose-hip-4500mg-120-tablets","og_site_name":"Eco Supplements","article_modified_time":"2026-05-13T07:26:57+00:00","og_image":[{"width":607,"height":798,"url":"https:\/\/ecosupplements.ch\/wp-content\/uploads\/2026\/05\/Rose-Hip-4500mg-120-tablets.jpg","type":"image\/jpeg"}],"twitter_card":"summary_large_image","twitter_misc":{"Price":"&#67;&#72;&#70;&nbsp;1.65","Availability":"Out of stock"},"schema":{"@context":"https:\/\/schema.org","@graph":[{"@type":"WebPage","@id":"https:\/\/ecosupplements.ch\/?product=rose-hip-4500mg-120-tablets","url":"https:\/\/ecosupplements.ch\/?product=rose-hip-4500mg-120-tablets","name":"Rose Hip 4500mg \u2013 Holland & Barrett | ecosupplements.ch","isPartOf":{"@id":"https:\/\/ecosupplements.ch\/#website"},"primaryImageOfPage":{"@id":"https:\/\/ecosupplements.ch\/?product=rose-hip-4500mg-120-tablets#primaryimage"},"image":{"@id":"https:\/\/ecosupplements.ch\/?product=rose-hip-4500mg-120-tablets#primaryimage"},"thumbnailUrl":"https:\/\/ecosupplements.ch\/wp-content\/uploads\/2026\/05\/Rose-Hip-4500mg-120-tablets.jpg","datePublished":"2026-05-11T14:27:48+00:00","dateModified":"2026-05-13T07:26:57+00:00","description":"Hochwertiger Hagebuttenextrakt von Holland & Barrett \u2013 120 Tabletten mit 4500mg pro Tagesdosis, vegan und vegetarisch. Jetzt bestellen.","breadcrumb":{"@id":"https:\/\/ecosupplements.ch\/?product=rose-hip-4500mg-120-tablets#breadcrumb"},"inLanguage":"de-CH","potentialAction":[{"@type":"ReadAction","target":["https:\/\/ecosupplements.ch\/?product=rose-hip-4500mg-120-tablets"]}]},{"@type":"ImageObject","inLanguage":"de-CH","@id":"https:\/\/ecosupplements.ch\/?product=rose-hip-4500mg-120-tablets#primaryimage","url":"https:\/\/ecosupplements.ch\/wp-content\/uploads\/2026\/05\/Rose-Hip-4500mg-120-tablets.jpg","contentUrl":"https:\/\/ecosupplements.ch\/wp-content\/uploads\/2026\/05\/Rose-Hip-4500mg-120-tablets.jpg","width":607,"height":798,"caption":"Rose Hip"},{"@type":"BreadcrumbList","@id":"https:\/\/ecosupplements.ch\/?product=rose-hip-4500mg-120-tablets#breadcrumb","itemListElement":[{"@type":"ListItem","position":1,"name":"Home","item":"https:\/\/ecosupplements.ch\/"},{"@type":"ListItem","position":2,"name":"Shop","item":"https:\/\/ecosupplements.ch\/?page_id=14"},{"@type":"ListItem","position":3,"name":"Rose Hip, 4500mg &#8211; 120 tablets"}]},{"@type":"WebSite","@id":"https:\/\/ecosupplements.ch\/#website","url":"https:\/\/ecosupplements.ch\/","name":"Eco Supplements","description":"","potentialAction":[{"@type":"SearchAction","target":{"@type":"EntryPoint","urlTemplate":"https:\/\/ecosupplements.ch\/?s={search_term_string}"},"query-input":{"@type":"PropertyValueSpecification","valueRequired":true,"valueName":"search_term_string"}}],"inLanguage":"de-CH"}]},"product_price_amount":"1.65","product_price_currency":"CHF","og_availability":"out of stock","product_availability":"out of stock","product_retailer_item_id":"5059604470288","product_condition":"new"},"_links":{"self":[{"href":"https:\/\/ecosupplements.ch\/index.php?rest_route=\/wp\/v2\/product\/1221","targetHints":{"allow":["GET"]}}],"collection":[{"href":"https:\/\/ecosupplements.ch\/index.php?rest_route=\/wp\/v2\/product"}],"about":[{"href":"https:\/\/ecosupplements.ch\/index.php?rest_route=\/wp\/v2\/types\/product"}],"replies":[{"embeddable":true,"href":"https:\/\/ecosupplements.ch\/index.php?rest_route=%2Fwp%2Fv2%2Fcomments&post=1221"}],"wp:featuredmedia":[{"embeddable":true,"href":"https:\/\/ecosupplements.ch\/index.php?rest_route=\/wp\/v2\/media\/1222"}],"wp:attachment":[{"href":"https:\/\/ecosupplements.ch\/index.php?rest_route=%2Fwp%2Fv2%2Fmedia&parent=1221"}],"wp:term":[{"taxonomy":"product_brand","embeddable":true,"href":"https:\/\/ecosupplements.ch\/index.php?rest_route=%2Fwp%2Fv2%2Fproduct_brand&post=1221"},{"taxonomy":"product_cat","embeddable":true,"href":"https:\/\/ecosupplements.ch\/index.php?rest_route=%2Fwp%2Fv2%2Fproduct_cat&post=1221"},{"taxonomy":"product_tag","embeddable":true,"href":"https:\/\/ecosupplements.ch\/index.php?rest_route=%2Fwp%2Fv2%2Fproduct_tag&post=1221"}],"curies":[{"name":"wp","href":"https:\/\/api.w.org\/{rel}","templated":true}]}}