{"id":1231,"date":"2026-05-11T14:27:52","date_gmt":"2026-05-11T14:27:52","guid":{"rendered":"https:\/\/ecosupplements.ch\/?product=glucosamine-chondroitin-msm-120-caps"},"modified":"2026-05-13T07:24:50","modified_gmt":"2026-05-13T07:24:50","slug":"glucosamine-chondroitin-msm-120-caps","status":"publish","type":"product","link":"https:\/\/ecosupplements.ch\/?product=glucosamine-chondroitin-msm-120-caps","title":{"rendered":"Glucosamine + Chondroitin + MSM &#8211; 120 caps"},"content":{"rendered":"<div class=\"chcg-product-description\">\n<h2 class=\"chcg-heading\">\u00dcber Jarrow Formulas \u2013 Glucosamine + Chondroitin + MSM \u2013 120 Kapseln<\/h2>\n<div class=\"chcg-intro\">\n<p>Glucosamine + Chondroitin + MSM von Jarrow Formulas ist eine bew\u00e4hrte Kombination aus drei zentralen Inhaltsstoffen, die gezielt zur Unterst\u00fctzung von Gelenken und Knorpelgewebe eingesetzt werden. Pro Tagesdosis (4 Kapseln) liefert das Pr\u00e4parat 1&#8217;500 mg Glucosamin-Sulfat, 1&#8217;200 mg Chondroitin-Sulfat sowie 300 mg Methylsulfonylmethan (MSM) \u2013 allesamt in klinisch relevanten Mengen.<\/p>\n<p>Erg\u00e4nzt wird die Formel durch Vitamin C, das zur normalen Kollagenbildung f\u00fcr eine normale Knorpelfunktion beitr\u00e4gt, sowie Mangan, das ebenfalls zur normalen Bindegewebsbildung beitr\u00e4gt. Diese Kombination macht das Produkt zu einer umfassenden L\u00f6sung f\u00fcr Menschen, die ihre Gelenkgesundheit aktiv unterst\u00fctzen m\u00f6chten.<\/p>\n<p>Die Formel von Jarrow Formulas richtet sich an aktive Erwachsene, \u00e4ltere Personen sowie alle, die Wert auf eine gezielte N\u00e4hrstoffversorgung f\u00fcr Gelenke und Knorpel legen. Mit 120 Kapseln pro Packung reicht eine Einheit f\u00fcr 30 Tage.<\/p>\n<\/p><\/div>\n<div class=\"chcg-nutrition\">\n<h3>N\u00e4hrwertangaben<\/h3>\n<table class=\"chcg-nutrition-table\">\n<thead>\n<tr>\n<th>N\u00e4hrstoff<\/th>\n<th>Pro Portion (4 Kapseln)<\/th>\n<\/tr>\n<\/thead>\n<tbody>\n<tr>\n<td>Vitamin C (als Ascorbins\u00e4ure)<\/td>\n<td>60 mg (75% NRV)<\/td>\n<\/tr>\n<tr>\n<td>Mangan (als Mangan-Gluconat)<\/td>\n<td>1 mg (50% NRV)<\/td>\n<\/tr>\n<tr>\n<td>Natrium (als Chondroitin-Sulfat-Natrium)<\/td>\n<td>120 mg*<\/td>\n<\/tr>\n<tr>\n<td>Kalium (als Glucosamin-Sulfat 2 KCl)<\/td>\n<td>260 mg (13% NRV)<\/td>\n<\/tr>\n<tr>\n<td>Glucosamin-Sulfat (aus 2&#8217;000 mg Glucosamin-Sulfat 2 KCl)<\/td>\n<td>1&#8217;500 mg*<\/td>\n<\/tr>\n<tr>\n<td>Chondroitin-Sulfat (aus 1&#8217;440 mg Chondroitin-Sulfat-Natrium)<\/td>\n<td>1&#8217;200 mg*<\/td>\n<\/tr>\n<tr>\n<td>Methylsulfonylmethan (MSM)<\/td>\n<td>300 mg*<\/td>\n<\/tr>\n<\/tbody>\n<\/table>\n<p class=\"chcg-footnote\">NRV = Referenzwert f\u00fcr die N\u00e4hrstoffzufuhr gem\u00e4ss EU-Verordnung Nr. 1169\/2011.<\/p>\n<p class=\"chcg-footnote\">* Kein festgelegter Referenzwert f\u00fcr die t\u00e4gliche N\u00e4hrstoffzufuhr.<\/p>\n<\/p><\/div>\n<div class=\"chcg-ingredients\">\n<h3>Zutaten<\/h3>\n<p>Vitamin C (als Ascorbins\u00e4ure), Mangan (als Mangan-Gluconat), Natrium (als Chondroitin-Sulfat-Natrium), Kalium (als Glucosamin-Sulfat 2 KCl), Glucosamin-Sulfat (aus 2&#8217;000 mg Glucosamin-Sulfat 2 KCl) 1&#8217;500 mg, Chondroitin-Sulfat (aus 1&#8217;440 mg Chondroitin-Sulfat-Natrium) 1&#8217;200 mg, Methylsulfonylmethan 300 mg. Weitere Zutaten: mikrokristalline Cellulose, Magnesiumstearat (pflanzliche Quelle) und Siliziumdioxid.<\/p>\n<p class=\"chcg-capsule-shell\">Kapselh\u00fclle: Rinder-Gelatine<\/p>\n<\/p><\/div>\n<div class=\"chcg-dosage\">\n<h3>Verzehrempfehlung<\/h3>\n<p>Erwachsene nehmen t\u00e4glich 4 Kapseln auf einmal ein oder gem\u00e4ss Anweisung einer qualifizierten Fachperson aus dem Gesundheitsbereich. Portionsgr\u00f6sse: 4 Kapseln. Portionen pro Packung: 30.<\/p>\n<\/p><\/div>\n<div class=\"chcg-warnings\">\n<h3>Warnhinweise<\/h3>\n<p>Nicht verwenden bei bekannter Allergie gegen Schalentiere. Konsultieren Sie vor der Einnahme dieses Produkts eine Fachperson aus dem Gesundheitsbereich, wenn Sie schwanger werden m\u00f6chten, schwanger sind oder stillen, j\u00fcnger als 18 Jahre sind oder an einer Erkrankung leiden. Bei unerw\u00fcnschten Reaktionen die Einnahme abbrechen. Ausserhalb der Reichweite von Kindern aufbewahren.<\/p>\n<\/p><\/div>\n<div class=\"chcg-allergens\">\n<h3>Allergeninformationen<\/h3>\n<p>Enth\u00e4lt: Krebstiere und Krustentiere (Garnelen- oder Krabbenschale). Enth\u00e4lt kein Weizen, Gluten, Soja, Milchprodukte, Ei, Fisch oder Erdn\u00fcsse\/Schalenfr\u00fcchte.<\/p>\n<\/p><\/div>\n<div class=\"chcg-storage\">\n<h3>Lagerung<\/h3>\n<p>An einem k\u00fchlen, trockenen Ort aufbewahren.<\/p>\n<\/p><\/div>\n<div class=\"chcg-dietary\">\n<h3>Ern\u00e4hrungshinweise<\/h3>\n<ul>\n<li>Glutenfrei<\/li>\n<li>Laktosefrei<\/li>\n<\/ul><\/div>\n<\/div>\n","protected":false},"excerpt":{"rendered":"<p>Jarrow Formulas Glucosamine + Chondroitin + MSM unterst\u00fctzt Gelenke und Knorpelgewebe mit 1&#8217;500 mg Glucosamin-Sulfat, 1&#8217;200 mg Chondroitin-Sulfat und 300 mg MSM pro Tagesdosis. Praktische Packung mit 120 Kapseln f\u00fcr 30 Tage.<\/p>\n","protected":false},"featured_media":1232,"comment_status":"closed","ping_status":"open","template":"","meta":[],"product_brand":[198],"product_cat":[48,25,142,148,99,21],"product_tag":[],"class_list":{"0":"post-1231","1":"product","2":"type-product","3":"status-publish","4":"has-post-thumbnail","6":"product_brand-jarrow-formulas","7":"product_cat-gesunde-ernaehrung","8":"product_cat-gesundheit-und-wohlbefinden","9":"product_cat-glucosaminsulfat","10":"product_cat-msm","11":"product_cat-unterstuetzung-fuer-die-gelenke","12":"product_cat-vitamine-und-mineralstoffe","14":"first","15":"outofstock","16":"taxable","17":"shipping-taxable","18":"purchasable","19":"product-type-simple"},"yoast_head":"<!-- This site is optimized with the Yoast SEO plugin v27.5 - https:\/\/yoast.com\/product\/yoast-seo-wordpress\/ -->\n<title>Glucosamine + Chondroitin + MSM \u2013 Jarrow Formulas | ecosupplements.ch<\/title>\n<meta name=\"description\" content=\"120 Kapseln mit Glucosamin, Chondroitin &amp; MSM zur Unterst\u00fctzung von Gelenken und Knorpel. Glutenfrei, 30 Tagesdosen. Jetzt bestellen.\" \/>\n<meta name=\"robots\" content=\"index, follow, max-snippet:-1, max-image-preview:large, max-video-preview:-1\" \/>\n<link rel=\"canonical\" href=\"https:\/\/ecosupplements.ch\/?product=glucosamine-chondroitin-msm-120-caps\" \/>\n<meta property=\"og:locale\" content=\"de_DE\" \/>\n<meta property=\"og:type\" content=\"article\" \/>\n<meta property=\"og:title\" content=\"Glucosamine + Chondroitin + MSM \u2013 Jarrow Formulas | ecosupplements.ch\" \/>\n<meta property=\"og:description\" content=\"120 Kapseln mit Glucosamin, Chondroitin &amp; MSM zur Unterst\u00fctzung von Gelenken und Knorpel. Glutenfrei, 30 Tagesdosen. Jetzt bestellen.\" \/>\n<meta property=\"og:url\" content=\"https:\/\/ecosupplements.ch\/?product=glucosamine-chondroitin-msm-120-caps\" \/>\n<meta property=\"og:site_name\" content=\"Eco Supplements\" \/>\n<meta property=\"article:modified_time\" content=\"2026-05-13T07:24:50+00:00\" \/>\n<meta property=\"og:image\" content=\"https:\/\/ecosupplements.ch\/wp-content\/uploads\/2026\/05\/Glucosamine-Chondroitin-MSM-120-caps.jpg\" \/>\n\t<meta property=\"og:image:width\" content=\"900\" \/>\n\t<meta property=\"og:image:height\" content=\"900\" \/>\n\t<meta property=\"og:image:type\" content=\"image\/jpeg\" \/>\n<meta name=\"twitter:card\" content=\"summary_large_image\" \/>\n<meta name=\"twitter:label1\" content=\"Price\" \/>\n\t<meta name=\"twitter:data1\" content=\"&#067;&#072;&#070;&nbsp;36.50\" \/>\n\t<meta name=\"twitter:label2\" content=\"Availability\" \/>\n\t<meta name=\"twitter:data2\" content=\"Out of stock\" \/>\n<script type=\"application\/ld+json\" class=\"yoast-schema-graph\">{\"@context\":\"https:\\\/\\\/schema.org\",\"@graph\":[{\"@type\":\"WebPage\",\"@id\":\"https:\\\/\\\/ecosupplements.ch\\\/?product=glucosamine-chondroitin-msm-120-caps\",\"url\":\"https:\\\/\\\/ecosupplements.ch\\\/?product=glucosamine-chondroitin-msm-120-caps\",\"name\":\"Glucosamine + Chondroitin + MSM \u2013 Jarrow Formulas | ecosupplements.ch\",\"isPartOf\":{\"@id\":\"https:\\\/\\\/ecosupplements.ch\\\/#website\"},\"primaryImageOfPage\":{\"@id\":\"https:\\\/\\\/ecosupplements.ch\\\/?product=glucosamine-chondroitin-msm-120-caps#primaryimage\"},\"image\":{\"@id\":\"https:\\\/\\\/ecosupplements.ch\\\/?product=glucosamine-chondroitin-msm-120-caps#primaryimage\"},\"thumbnailUrl\":\"https:\\\/\\\/ecosupplements.ch\\\/wp-content\\\/uploads\\\/2026\\\/05\\\/Glucosamine-Chondroitin-MSM-120-caps.jpg\",\"datePublished\":\"2026-05-11T14:27:52+00:00\",\"dateModified\":\"2026-05-13T07:24:50+00:00\",\"description\":\"120 Kapseln mit Glucosamin, Chondroitin & MSM zur Unterst\u00fctzung von Gelenken und Knorpel. Glutenfrei, 30 Tagesdosen. Jetzt bestellen.\",\"breadcrumb\":{\"@id\":\"https:\\\/\\\/ecosupplements.ch\\\/?product=glucosamine-chondroitin-msm-120-caps#breadcrumb\"},\"inLanguage\":\"de-CH\",\"potentialAction\":[{\"@type\":\"ReadAction\",\"target\":[\"https:\\\/\\\/ecosupplements.ch\\\/?product=glucosamine-chondroitin-msm-120-caps\"]}]},{\"@type\":\"ImageObject\",\"inLanguage\":\"de-CH\",\"@id\":\"https:\\\/\\\/ecosupplements.ch\\\/?product=glucosamine-chondroitin-msm-120-caps#primaryimage\",\"url\":\"https:\\\/\\\/ecosupplements.ch\\\/wp-content\\\/uploads\\\/2026\\\/05\\\/Glucosamine-Chondroitin-MSM-120-caps.jpg\",\"contentUrl\":\"https:\\\/\\\/ecosupplements.ch\\\/wp-content\\\/uploads\\\/2026\\\/05\\\/Glucosamine-Chondroitin-MSM-120-caps.jpg\",\"width\":900,\"height\":900,\"caption\":\"Glucosamine + Chondroitin + MSM - 120 caps\"},{\"@type\":\"BreadcrumbList\",\"@id\":\"https:\\\/\\\/ecosupplements.ch\\\/?product=glucosamine-chondroitin-msm-120-caps#breadcrumb\",\"itemListElement\":[{\"@type\":\"ListItem\",\"position\":1,\"name\":\"Home\",\"item\":\"https:\\\/\\\/ecosupplements.ch\\\/\"},{\"@type\":\"ListItem\",\"position\":2,\"name\":\"Shop\",\"item\":\"https:\\\/\\\/ecosupplements.ch\\\/?page_id=14\"},{\"@type\":\"ListItem\",\"position\":3,\"name\":\"Glucosamine + Chondroitin + MSM &#8211; 120 caps\"}]},{\"@type\":\"WebSite\",\"@id\":\"https:\\\/\\\/ecosupplements.ch\\\/#website\",\"url\":\"https:\\\/\\\/ecosupplements.ch\\\/\",\"name\":\"Eco Supplements\",\"description\":\"\",\"potentialAction\":[{\"@type\":\"SearchAction\",\"target\":{\"@type\":\"EntryPoint\",\"urlTemplate\":\"https:\\\/\\\/ecosupplements.ch\\\/?s={search_term_string}\"},\"query-input\":{\"@type\":\"PropertyValueSpecification\",\"valueRequired\":true,\"valueName\":\"search_term_string\"}}],\"inLanguage\":\"de-CH\"}]}<\/script>\n<meta property=\"product:price:amount\" content=\"36.50\" \/>\n<meta property=\"product:price:currency\" content=\"CHF\" \/>\n<meta property=\"og:availability\" content=\"out of stock\" \/>\n<meta property=\"product:availability\" content=\"out of stock\" \/>\n<meta property=\"product:retailer_item_id\" content=\"790011190233\" \/>\n<meta property=\"product:condition\" content=\"new\" \/>\n<!-- \/ Yoast SEO plugin. -->","yoast_head_json":{"title":"Glucosamine + Chondroitin + MSM \u2013 Jarrow Formulas | ecosupplements.ch","description":"120 Kapseln mit Glucosamin, Chondroitin & MSM zur Unterst\u00fctzung von Gelenken und Knorpel. Glutenfrei, 30 Tagesdosen. Jetzt bestellen.","robots":{"index":"index","follow":"follow","max-snippet":"max-snippet:-1","max-image-preview":"max-image-preview:large","max-video-preview":"max-video-preview:-1"},"canonical":"https:\/\/ecosupplements.ch\/?product=glucosamine-chondroitin-msm-120-caps","og_locale":"de_DE","og_type":"article","og_title":"Glucosamine + Chondroitin + MSM \u2013 Jarrow Formulas | ecosupplements.ch","og_description":"120 Kapseln mit Glucosamin, Chondroitin & MSM zur Unterst\u00fctzung von Gelenken und Knorpel. Glutenfrei, 30 Tagesdosen. Jetzt bestellen.","og_url":"https:\/\/ecosupplements.ch\/?product=glucosamine-chondroitin-msm-120-caps","og_site_name":"Eco Supplements","article_modified_time":"2026-05-13T07:24:50+00:00","og_image":[{"width":900,"height":900,"url":"https:\/\/ecosupplements.ch\/wp-content\/uploads\/2026\/05\/Glucosamine-Chondroitin-MSM-120-caps.jpg","type":"image\/jpeg"}],"twitter_card":"summary_large_image","twitter_misc":{"Price":"&#67;&#72;&#70;&nbsp;36.50","Availability":"Out of stock"},"schema":{"@context":"https:\/\/schema.org","@graph":[{"@type":"WebPage","@id":"https:\/\/ecosupplements.ch\/?product=glucosamine-chondroitin-msm-120-caps","url":"https:\/\/ecosupplements.ch\/?product=glucosamine-chondroitin-msm-120-caps","name":"Glucosamine + Chondroitin + MSM \u2013 Jarrow Formulas | ecosupplements.ch","isPartOf":{"@id":"https:\/\/ecosupplements.ch\/#website"},"primaryImageOfPage":{"@id":"https:\/\/ecosupplements.ch\/?product=glucosamine-chondroitin-msm-120-caps#primaryimage"},"image":{"@id":"https:\/\/ecosupplements.ch\/?product=glucosamine-chondroitin-msm-120-caps#primaryimage"},"thumbnailUrl":"https:\/\/ecosupplements.ch\/wp-content\/uploads\/2026\/05\/Glucosamine-Chondroitin-MSM-120-caps.jpg","datePublished":"2026-05-11T14:27:52+00:00","dateModified":"2026-05-13T07:24:50+00:00","description":"120 Kapseln mit Glucosamin, Chondroitin & MSM zur Unterst\u00fctzung von Gelenken und Knorpel. Glutenfrei, 30 Tagesdosen. Jetzt bestellen.","breadcrumb":{"@id":"https:\/\/ecosupplements.ch\/?product=glucosamine-chondroitin-msm-120-caps#breadcrumb"},"inLanguage":"de-CH","potentialAction":[{"@type":"ReadAction","target":["https:\/\/ecosupplements.ch\/?product=glucosamine-chondroitin-msm-120-caps"]}]},{"@type":"ImageObject","inLanguage":"de-CH","@id":"https:\/\/ecosupplements.ch\/?product=glucosamine-chondroitin-msm-120-caps#primaryimage","url":"https:\/\/ecosupplements.ch\/wp-content\/uploads\/2026\/05\/Glucosamine-Chondroitin-MSM-120-caps.jpg","contentUrl":"https:\/\/ecosupplements.ch\/wp-content\/uploads\/2026\/05\/Glucosamine-Chondroitin-MSM-120-caps.jpg","width":900,"height":900,"caption":"Glucosamine + Chondroitin + MSM - 120 caps"},{"@type":"BreadcrumbList","@id":"https:\/\/ecosupplements.ch\/?product=glucosamine-chondroitin-msm-120-caps#breadcrumb","itemListElement":[{"@type":"ListItem","position":1,"name":"Home","item":"https:\/\/ecosupplements.ch\/"},{"@type":"ListItem","position":2,"name":"Shop","item":"https:\/\/ecosupplements.ch\/?page_id=14"},{"@type":"ListItem","position":3,"name":"Glucosamine + Chondroitin + MSM &#8211; 120 caps"}]},{"@type":"WebSite","@id":"https:\/\/ecosupplements.ch\/#website","url":"https:\/\/ecosupplements.ch\/","name":"Eco Supplements","description":"","potentialAction":[{"@type":"SearchAction","target":{"@type":"EntryPoint","urlTemplate":"https:\/\/ecosupplements.ch\/?s={search_term_string}"},"query-input":{"@type":"PropertyValueSpecification","valueRequired":true,"valueName":"search_term_string"}}],"inLanguage":"de-CH"}]},"product_price_amount":"36.50","product_price_currency":"CHF","og_availability":"out of stock","product_availability":"out of stock","product_retailer_item_id":"790011190233","product_condition":"new"},"_links":{"self":[{"href":"https:\/\/ecosupplements.ch\/index.php?rest_route=\/wp\/v2\/product\/1231","targetHints":{"allow":["GET"]}}],"collection":[{"href":"https:\/\/ecosupplements.ch\/index.php?rest_route=\/wp\/v2\/product"}],"about":[{"href":"https:\/\/ecosupplements.ch\/index.php?rest_route=\/wp\/v2\/types\/product"}],"replies":[{"embeddable":true,"href":"https:\/\/ecosupplements.ch\/index.php?rest_route=%2Fwp%2Fv2%2Fcomments&post=1231"}],"wp:featuredmedia":[{"embeddable":true,"href":"https:\/\/ecosupplements.ch\/index.php?rest_route=\/wp\/v2\/media\/1232"}],"wp:attachment":[{"href":"https:\/\/ecosupplements.ch\/index.php?rest_route=%2Fwp%2Fv2%2Fmedia&parent=1231"}],"wp:term":[{"taxonomy":"product_brand","embeddable":true,"href":"https:\/\/ecosupplements.ch\/index.php?rest_route=%2Fwp%2Fv2%2Fproduct_brand&post=1231"},{"taxonomy":"product_cat","embeddable":true,"href":"https:\/\/ecosupplements.ch\/index.php?rest_route=%2Fwp%2Fv2%2Fproduct_cat&post=1231"},{"taxonomy":"product_tag","embeddable":true,"href":"https:\/\/ecosupplements.ch\/index.php?rest_route=%2Fwp%2Fv2%2Fproduct_tag&post=1231"}],"curies":[{"name":"wp","href":"https:\/\/api.w.org\/{rel}","templated":true}]}}