{"id":1239,"date":"2026-05-11T14:27:55","date_gmt":"2026-05-11T14:27:55","guid":{"rendered":"https:\/\/ecosupplements.ch\/?product=zeolite-powder-60g"},"modified":"2026-05-13T07:24:43","modified_gmt":"2026-05-13T07:24:43","slug":"zeolite-powder-60g","status":"publish","type":"product","link":"https:\/\/ecosupplements.ch\/?product=zeolite-powder-60g","title":{"rendered":"Zeolite Powder &#8211; 60g"},"content":{"rendered":"<div class=\"chcg-product-description\">\n<h2 class=\"chcg-heading\">\u00dcber KIKI Health \u2013 Zeolite Pulver \u2013 60g<\/h2>\n<div class=\"chcg-intro\">\n<p>Das KIKI Health Zeolite Pulver besteht aus 100 % reinem Clinoptilolite Zeolith \u2013 einem nat\u00fcrlichen Mineral vulkanischen Ursprungs, das seit Jahrhunderten in verschiedenen Kulturen gesch\u00e4tzt wird. Das fein gemahlene Pulver ist frei von F\u00fcllstoffen, Zusatzstoffen und k\u00fcnstlichen Substanzen und eignet sich sowohl f\u00fcr die \u00e4usserliche Anwendung als auch als Nahrungserg\u00e4nzungsmittel.<\/p>\n<p>Als Hautpflegeanwendung \u00fcberzeugt Zeolith-Pulver durch seine feine Textur und seine adsorptionsf\u00e4hige Struktur. Es l\u00e4sst sich einfach zu einer geschmeidigen Maske verarbeiten und kann als Gesichts- und K\u00f6rpermaske, in Peelings und Reinigungsprodukten oder als Basis f\u00fcr selbst hergestellte Kosmetikrezepte verwendet werden.<\/p>\n<p>Mit nur einer einzigen Zutat \u2013 Clinoptilolite Zeolith \u2013 ist dieses Produkt besonders f\u00fcr alle geeignet, die Wert auf Reinheit und Transparenz bei ihren Nahrungserg\u00e4nzungs- und Pflegeprodukten legen. Vegan, glutenfrei und laktosefrei.<\/p>\n<\/p><\/div>\n<div class=\"chcg-ingredients\">\n<h3>Zutaten<\/h3>\n<p>Clinoptilolite Zeolith<\/p>\n<\/p><\/div>\n<div class=\"chcg-dosage\">\n<h3>Verzehrempfehlung<\/h3>\n<p><strong>\u00c4usserliche Anwendung:<\/strong> Mit warmem Wasser zu einer glatten, feinen Paste anr\u00fchren. Die aktivierte Tonerde einige Minuten in die Haut einmassieren und dabei den Augenbereich vermeiden. Die Maske trocknen lassen. Nach dem sanften Absp\u00fclen mit Wasser eine Feuchtigkeitspflege auftragen. Kann auch als Gesichts- und K\u00f6rpermaske, in Peelings und Reinigungsmitteln oder als Basis f\u00fcr selbst hergestellte Kosmetikrezepte verwendet werden. F\u00fcr optimale Ergebnisse keine metallischen Utensilien mit der aktivierten Tonerde verwenden.<\/p>\n<p><strong>Innere Anwendung:<\/strong> 1 geh\u00e4uften Teel\u00f6ffel in einem Glas Wasser einr\u00fchren und zweimal t\u00e4glich vor oder nach dem Essen einnehmen.<\/p>\n<\/p><\/div>\n<div class=\"chcg-warnings\">\n<h3>Warnhinweise<\/h3>\n<p>Nahrungserg\u00e4nzungsmittel sollten nicht als Ersatz f\u00fcr eine abwechslungsreiche Ern\u00e4hrung verwendet werden. Ausserhalb der Reichweite von Kindern aufbewahren. Die empfohlene Tagesdosis nicht \u00fcberschreiten.<\/p>\n<\/p><\/div>\n<div class=\"chcg-allergens\">\n<h3>Allergeninformationen<\/h3>\n<p>Keine Allergene angegeben. Enth\u00e4lt keine F\u00fcllstoffe, Zusatzstoffe oder k\u00fcnstlichen Substanzen.<\/p>\n<\/p><\/div>\n<div class=\"chcg-storage\">\n<h3>Lagerung<\/h3>\n<p>An einem k\u00fchlen, trockenen Ort vor direkter Sonneneinstrahlung gesch\u00fctzt lagern. K\u00fchlung ist nicht erforderlich.<\/p>\n<\/p><\/div>\n<div class=\"chcg-dietary\">\n<h3>Ern\u00e4hrungshinweise<\/h3>\n<ul>\n<li>Vegan<\/li>\n<li>Vegetarisch<\/li>\n<li>Glutenfrei<\/li>\n<li>Laktosefrei<\/li>\n<\/ul><\/div>\n<\/div>\n","protected":false},"excerpt":{"rendered":"<p>KIKI Health Zeolite Pulver besteht aus 100 % reinem Clinoptilolite Zeolith und eignet sich zur \u00e4usserlichen Anwendung als Maske oder Peeling sowie als Nahrungserg\u00e4nzungsmittel. Das feine Pulver (60g) ist vegan, glutenfrei und frei von Zusatzstoffen.<\/p>\n","protected":false},"featured_media":1240,"comment_status":"closed","ping_status":"open","template":"","meta":[],"product_brand":[200],"product_cat":[48,25,44,22,21],"product_tag":[],"class_list":{"0":"post-1239","1":"product","2":"type-product","3":"status-publish","4":"has-post-thumbnail","6":"product_brand-kiki-health","7":"product_cat-gesunde-ernaehrung","8":"product_cat-gesundheit-und-wohlbefinden","9":"product_cat-pflanzliche-nahrungsergaenzungsmittel","10":"product_cat-vegane-produkte","11":"product_cat-vitamine-und-mineralstoffe","13":"first","14":"outofstock","15":"taxable","16":"shipping-taxable","17":"purchasable","18":"product-type-simple"},"yoast_head":"<!-- This site is optimized with the Yoast SEO plugin v27.5 - https:\/\/yoast.com\/product\/yoast-seo-wordpress\/ -->\n<title>Zeolite Pulver 60g \u2013 KIKI Health | ecosupplements.ch<\/title>\n<meta name=\"description\" content=\"100 % reines Clinoptilolite Zeolith Pulver von KIKI Health \u2013 ideal als Gesichtsmaske oder Nahrungserg\u00e4nzung, 60g, vegan und zusatzstoffrei. Jetzt bestellen.\" \/>\n<meta name=\"robots\" content=\"index, follow, max-snippet:-1, max-image-preview:large, max-video-preview:-1\" \/>\n<link rel=\"canonical\" href=\"https:\/\/ecosupplements.ch\/?product=zeolite-powder-60g\" \/>\n<meta property=\"og:locale\" content=\"de_DE\" \/>\n<meta property=\"og:type\" content=\"article\" \/>\n<meta property=\"og:title\" content=\"Zeolite Pulver 60g \u2013 KIKI Health | ecosupplements.ch\" \/>\n<meta property=\"og:description\" content=\"100 % reines Clinoptilolite Zeolith Pulver von KIKI Health \u2013 ideal als Gesichtsmaske oder Nahrungserg\u00e4nzung, 60g, vegan und zusatzstoffrei. Jetzt bestellen.\" \/>\n<meta property=\"og:url\" content=\"https:\/\/ecosupplements.ch\/?product=zeolite-powder-60g\" \/>\n<meta property=\"og:site_name\" content=\"Eco Supplements\" \/>\n<meta property=\"article:modified_time\" content=\"2026-05-13T07:24:43+00:00\" \/>\n<meta property=\"og:image\" content=\"https:\/\/ecosupplements.ch\/wp-content\/uploads\/2026\/05\/Zeolite-Powder-60g.png\" \/>\n\t<meta property=\"og:image:width\" content=\"1500\" \/>\n\t<meta property=\"og:image:height\" content=\"1500\" \/>\n\t<meta property=\"og:image:type\" content=\"image\/png\" \/>\n<meta name=\"twitter:card\" content=\"summary_large_image\" \/>\n<meta name=\"twitter:label1\" content=\"Price\" \/>\n\t<meta name=\"twitter:data1\" content=\"&#067;&#072;&#070;&nbsp;8.34\" \/>\n\t<meta name=\"twitter:label2\" content=\"Availability\" \/>\n\t<meta name=\"twitter:data2\" content=\"Out of stock\" \/>\n<script type=\"application\/ld+json\" class=\"yoast-schema-graph\">{\"@context\":\"https:\\\/\\\/schema.org\",\"@graph\":[{\"@type\":\"WebPage\",\"@id\":\"https:\\\/\\\/ecosupplements.ch\\\/?product=zeolite-powder-60g\",\"url\":\"https:\\\/\\\/ecosupplements.ch\\\/?product=zeolite-powder-60g\",\"name\":\"Zeolite Pulver 60g \u2013 KIKI Health | ecosupplements.ch\",\"isPartOf\":{\"@id\":\"https:\\\/\\\/ecosupplements.ch\\\/#website\"},\"primaryImageOfPage\":{\"@id\":\"https:\\\/\\\/ecosupplements.ch\\\/?product=zeolite-powder-60g#primaryimage\"},\"image\":{\"@id\":\"https:\\\/\\\/ecosupplements.ch\\\/?product=zeolite-powder-60g#primaryimage\"},\"thumbnailUrl\":\"https:\\\/\\\/ecosupplements.ch\\\/wp-content\\\/uploads\\\/2026\\\/05\\\/Zeolite-Powder-60g.png\",\"datePublished\":\"2026-05-11T14:27:55+00:00\",\"dateModified\":\"2026-05-13T07:24:43+00:00\",\"description\":\"100 % reines Clinoptilolite Zeolith Pulver von KIKI Health \u2013 ideal als Gesichtsmaske oder Nahrungserg\u00e4nzung, 60g, vegan und zusatzstoffrei. Jetzt bestellen.\",\"breadcrumb\":{\"@id\":\"https:\\\/\\\/ecosupplements.ch\\\/?product=zeolite-powder-60g#breadcrumb\"},\"inLanguage\":\"de-CH\",\"potentialAction\":[{\"@type\":\"ReadAction\",\"target\":[\"https:\\\/\\\/ecosupplements.ch\\\/?product=zeolite-powder-60g\"]}]},{\"@type\":\"ImageObject\",\"inLanguage\":\"de-CH\",\"@id\":\"https:\\\/\\\/ecosupplements.ch\\\/?product=zeolite-powder-60g#primaryimage\",\"url\":\"https:\\\/\\\/ecosupplements.ch\\\/wp-content\\\/uploads\\\/2026\\\/05\\\/Zeolite-Powder-60g.png\",\"contentUrl\":\"https:\\\/\\\/ecosupplements.ch\\\/wp-content\\\/uploads\\\/2026\\\/05\\\/Zeolite-Powder-60g.png\",\"width\":1500,\"height\":1500,\"caption\":\"Zeolite Powder - 60g\"},{\"@type\":\"BreadcrumbList\",\"@id\":\"https:\\\/\\\/ecosupplements.ch\\\/?product=zeolite-powder-60g#breadcrumb\",\"itemListElement\":[{\"@type\":\"ListItem\",\"position\":1,\"name\":\"Home\",\"item\":\"https:\\\/\\\/ecosupplements.ch\\\/\"},{\"@type\":\"ListItem\",\"position\":2,\"name\":\"Shop\",\"item\":\"https:\\\/\\\/ecosupplements.ch\\\/?page_id=14\"},{\"@type\":\"ListItem\",\"position\":3,\"name\":\"Zeolite Powder &#8211; 60g\"}]},{\"@type\":\"WebSite\",\"@id\":\"https:\\\/\\\/ecosupplements.ch\\\/#website\",\"url\":\"https:\\\/\\\/ecosupplements.ch\\\/\",\"name\":\"Eco Supplements\",\"description\":\"\",\"potentialAction\":[{\"@type\":\"SearchAction\",\"target\":{\"@type\":\"EntryPoint\",\"urlTemplate\":\"https:\\\/\\\/ecosupplements.ch\\\/?s={search_term_string}\"},\"query-input\":{\"@type\":\"PropertyValueSpecification\",\"valueRequired\":true,\"valueName\":\"search_term_string\"}}],\"inLanguage\":\"de-CH\"}]}<\/script>\n<meta property=\"product:price:amount\" content=\"8.34\" \/>\n<meta property=\"product:price:currency\" content=\"CHF\" \/>\n<meta property=\"og:availability\" content=\"out of stock\" \/>\n<meta property=\"product:availability\" content=\"out of stock\" \/>\n<meta property=\"product:retailer_item_id\" content=\"5060018513195\" \/>\n<meta property=\"product:condition\" content=\"new\" \/>\n<!-- \/ Yoast SEO plugin. -->","yoast_head_json":{"title":"Zeolite Pulver 60g \u2013 KIKI Health | ecosupplements.ch","description":"100 % reines Clinoptilolite Zeolith Pulver von KIKI Health \u2013 ideal als Gesichtsmaske oder Nahrungserg\u00e4nzung, 60g, vegan und zusatzstoffrei. Jetzt bestellen.","robots":{"index":"index","follow":"follow","max-snippet":"max-snippet:-1","max-image-preview":"max-image-preview:large","max-video-preview":"max-video-preview:-1"},"canonical":"https:\/\/ecosupplements.ch\/?product=zeolite-powder-60g","og_locale":"de_DE","og_type":"article","og_title":"Zeolite Pulver 60g \u2013 KIKI Health | ecosupplements.ch","og_description":"100 % reines Clinoptilolite Zeolith Pulver von KIKI Health \u2013 ideal als Gesichtsmaske oder Nahrungserg\u00e4nzung, 60g, vegan und zusatzstoffrei. Jetzt bestellen.","og_url":"https:\/\/ecosupplements.ch\/?product=zeolite-powder-60g","og_site_name":"Eco Supplements","article_modified_time":"2026-05-13T07:24:43+00:00","og_image":[{"width":1500,"height":1500,"url":"https:\/\/ecosupplements.ch\/wp-content\/uploads\/2026\/05\/Zeolite-Powder-60g.png","type":"image\/png"}],"twitter_card":"summary_large_image","twitter_misc":{"Price":"&#67;&#72;&#70;&nbsp;8.34","Availability":"Out of stock"},"schema":{"@context":"https:\/\/schema.org","@graph":[{"@type":"WebPage","@id":"https:\/\/ecosupplements.ch\/?product=zeolite-powder-60g","url":"https:\/\/ecosupplements.ch\/?product=zeolite-powder-60g","name":"Zeolite Pulver 60g \u2013 KIKI Health | ecosupplements.ch","isPartOf":{"@id":"https:\/\/ecosupplements.ch\/#website"},"primaryImageOfPage":{"@id":"https:\/\/ecosupplements.ch\/?product=zeolite-powder-60g#primaryimage"},"image":{"@id":"https:\/\/ecosupplements.ch\/?product=zeolite-powder-60g#primaryimage"},"thumbnailUrl":"https:\/\/ecosupplements.ch\/wp-content\/uploads\/2026\/05\/Zeolite-Powder-60g.png","datePublished":"2026-05-11T14:27:55+00:00","dateModified":"2026-05-13T07:24:43+00:00","description":"100 % reines Clinoptilolite Zeolith Pulver von KIKI Health \u2013 ideal als Gesichtsmaske oder Nahrungserg\u00e4nzung, 60g, vegan und zusatzstoffrei. Jetzt bestellen.","breadcrumb":{"@id":"https:\/\/ecosupplements.ch\/?product=zeolite-powder-60g#breadcrumb"},"inLanguage":"de-CH","potentialAction":[{"@type":"ReadAction","target":["https:\/\/ecosupplements.ch\/?product=zeolite-powder-60g"]}]},{"@type":"ImageObject","inLanguage":"de-CH","@id":"https:\/\/ecosupplements.ch\/?product=zeolite-powder-60g#primaryimage","url":"https:\/\/ecosupplements.ch\/wp-content\/uploads\/2026\/05\/Zeolite-Powder-60g.png","contentUrl":"https:\/\/ecosupplements.ch\/wp-content\/uploads\/2026\/05\/Zeolite-Powder-60g.png","width":1500,"height":1500,"caption":"Zeolite Powder - 60g"},{"@type":"BreadcrumbList","@id":"https:\/\/ecosupplements.ch\/?product=zeolite-powder-60g#breadcrumb","itemListElement":[{"@type":"ListItem","position":1,"name":"Home","item":"https:\/\/ecosupplements.ch\/"},{"@type":"ListItem","position":2,"name":"Shop","item":"https:\/\/ecosupplements.ch\/?page_id=14"},{"@type":"ListItem","position":3,"name":"Zeolite Powder &#8211; 60g"}]},{"@type":"WebSite","@id":"https:\/\/ecosupplements.ch\/#website","url":"https:\/\/ecosupplements.ch\/","name":"Eco Supplements","description":"","potentialAction":[{"@type":"SearchAction","target":{"@type":"EntryPoint","urlTemplate":"https:\/\/ecosupplements.ch\/?s={search_term_string}"},"query-input":{"@type":"PropertyValueSpecification","valueRequired":true,"valueName":"search_term_string"}}],"inLanguage":"de-CH"}]},"product_price_amount":"8.34","product_price_currency":"CHF","og_availability":"out of stock","product_availability":"out of stock","product_retailer_item_id":"5060018513195","product_condition":"new"},"_links":{"self":[{"href":"https:\/\/ecosupplements.ch\/index.php?rest_route=\/wp\/v2\/product\/1239","targetHints":{"allow":["GET"]}}],"collection":[{"href":"https:\/\/ecosupplements.ch\/index.php?rest_route=\/wp\/v2\/product"}],"about":[{"href":"https:\/\/ecosupplements.ch\/index.php?rest_route=\/wp\/v2\/types\/product"}],"replies":[{"embeddable":true,"href":"https:\/\/ecosupplements.ch\/index.php?rest_route=%2Fwp%2Fv2%2Fcomments&post=1239"}],"wp:featuredmedia":[{"embeddable":true,"href":"https:\/\/ecosupplements.ch\/index.php?rest_route=\/wp\/v2\/media\/1240"}],"wp:attachment":[{"href":"https:\/\/ecosupplements.ch\/index.php?rest_route=%2Fwp%2Fv2%2Fmedia&parent=1239"}],"wp:term":[{"taxonomy":"product_brand","embeddable":true,"href":"https:\/\/ecosupplements.ch\/index.php?rest_route=%2Fwp%2Fv2%2Fproduct_brand&post=1239"},{"taxonomy":"product_cat","embeddable":true,"href":"https:\/\/ecosupplements.ch\/index.php?rest_route=%2Fwp%2Fv2%2Fproduct_cat&post=1239"},{"taxonomy":"product_tag","embeddable":true,"href":"https:\/\/ecosupplements.ch\/index.php?rest_route=%2Fwp%2Fv2%2Fproduct_tag&post=1239"}],"curies":[{"name":"wp","href":"https:\/\/api.w.org\/{rel}","templated":true}]}}