{"id":1247,"date":"2026-05-11T14:27:59","date_gmt":"2026-05-11T14:27:59","guid":{"rendered":"https:\/\/ecosupplements.ch\/?product=nk-cell-activator-30-vegetarian-tabs"},"modified":"2026-05-13T07:22:44","modified_gmt":"2026-05-13T07:22:44","slug":"nk-cell-activator-30-vegetarian-tabs","status":"publish","type":"product","link":"https:\/\/ecosupplements.ch\/?product=nk-cell-activator-30-vegetarian-tabs","title":{"rendered":"NK Cell Activator &#8211; 30 vegetarian tabs"},"content":{"rendered":"<div class=\"chcg-product-description\">\n<h2 class=\"chcg-heading\">\u00dcber Life Extension \u2013 NK Cell Activator \u2013 30 Vegetarische Tabletten<\/h2>\n<div class=\"chcg-intro\">\n<p>Der NK Cell Activator von Life Extension enth\u00e4lt einen propriet\u00e4ren enzymatisch modifizierten Reiskleie-Extrakt (500 mg pro Tablette), der speziell zur Unterst\u00fctzung des Immunsystems entwickelt wurde. Dieser einzigartige Wirkstoff wird durch ein kontrolliertes enzymatisches Verfahren gewonnen, das die bioaktiven Verbindungen der Reiskleie gezielt aufschliesst und ihre Verf\u00fcgbarkeit optimiert.<\/p>\n<p>Die vegetarischen Tabletten eignen sich f\u00fcr Menschen, die ihr Immunsystem gezielt unterst\u00fctzen m\u00f6chten \u2013 sei es saisonal oder ganzj\u00e4hrig. Die praktische Tablettengform erm\u00f6glicht eine einfache Einnahme im Alltag.<\/p>\n<p>Life Extension steht seit Jahrzehnten f\u00fcr wissenschaftlich fundierte Nahrungserg\u00e4nzungsmittel mit hohen Qualit\u00e4tsstandards. Der NK Cell Activator wird in einer Packung mit 30 Tabletten angeboten \u2013 ausreichend f\u00fcr 15 bis 30 Tage, je nach Dosierung.<\/p>\n<\/p><\/div>\n<div class=\"chcg-nutrition\">\n<h3>N\u00e4hrwertangaben<\/h3>\n<table class=\"chcg-nutrition-table\">\n<thead>\n<tr>\n<th>N\u00e4hrstoff<\/th>\n<th>Pro Portion (1 Tablette)<\/th>\n<\/tr>\n<\/thead>\n<tbody>\n<tr>\n<td>Propriet\u00e4rer enzymatisch modifizierter Reiskleie-Extrakt<\/td>\n<td>500 mg<\/td>\n<\/tr>\n<\/tbody>\n<\/table>\n<p class=\"chcg-footnote\">* Kein festgelegter Tagesbedarf (Referenzwert) vorhanden.<\/p>\n<\/p><\/div>\n<div class=\"chcg-ingredients\">\n<h3>Zutaten<\/h3>\n<p>Propriet\u00e4rer enzymatisch modifizierter Reiskleie-Extrakt 500 mg. Weitere Zutaten: Mikrokristalline Cellulose, Maltodextrin, Dicalciumphosphat, Croscarmellose-Natrium, Stearins\u00e4ure, Siliziumdioxid, Hydroxypropylcellulose, \u00dcberzug (Hydroxypropylmethylcellulose, Glycerin), Pflanzenstearat. Enth\u00e4lt Weizen.<\/p>\n<\/p><\/div>\n<div class=\"chcg-dosage\">\n<h3>Verzehrempfehlung<\/h3>\n<p>T\u00e4glich eine (1) Tablette ein- bis zweimal t\u00e4glich zu einer Mahlzeit einnehmen oder gem\u00e4ss Empfehlung eines Arztes oder einer \u00c4rztin. Empfohlene Anwendungsdauer: 4 Monate. Bei Bedarf wiederholen.<\/p>\n<\/p><\/div>\n<div class=\"chcg-warnings\">\n<h3>Warnhinweise<\/h3>\n<p>Ausserhalb der Reichweite von Kindern aufbewahren. Die empfohlene Tagesdosis nicht \u00fcberschreiten. Nicht kaufen, wenn das \u00e4ussere Siegel gebrochen oder besch\u00e4digt ist. Bei der Einnahme von Nahrungserg\u00e4nzungsmitteln wird empfohlen, einen Arzt oder eine \u00c4rztin zu konsultieren, wenn Sie sich in \u00e4rztlicher Behandlung befinden, schwanger sind oder stillen.<\/p>\n<\/p><\/div>\n<div class=\"chcg-allergens\">\n<h3>Allergeninformationen<\/h3>\n<p>Enth\u00e4lt Weizen.<\/p>\n<\/p><\/div>\n<div class=\"chcg-storage\">\n<h3>Lagerung<\/h3>\n<p>Fest verschlossen an einem k\u00fchlen, trockenen Ort aufbewahren.<\/p>\n<\/p><\/div>\n<div class=\"chcg-dietary\">\n<h3>Ern\u00e4hrungshinweise<\/h3>\n<ul>\n<li>Vegetarisch<\/li>\n<\/ul><\/div>\n<\/div>\n","protected":false},"excerpt":{"rendered":"<p>NK Cell Activator von Life Extension unterst\u00fctzt das Immunsystem mit 500 mg enzymatisch modifiziertem Reiskleie-Extrakt pro Tablette. Packung mit 30 vegetarischen Tabletten \u2013 ausreichend f\u00fcr bis zu 30 Tage. Enth\u00e4lt Weizen.<\/p>\n","protected":false},"featured_media":1248,"comment_status":"closed","ping_status":"open","template":"","meta":[],"product_brand":[202],"product_cat":[48,25,45,26,171,21],"product_tag":[],"class_list":{"0":"post-1247","1":"product","2":"type-product","3":"status-publish","4":"has-post-thumbnail","6":"product_brand-life-extension","7":"product_cat-gesunde-ernaehrung","8":"product_cat-gesundheit-und-wohlbefinden","9":"product_cat-immunsystem","10":"product_cat-multivitamine","11":"product_cat-vitamine-und-mineralien","12":"product_cat-vitamine-und-mineralstoffe","14":"first","15":"outofstock","16":"taxable","17":"shipping-taxable","18":"purchasable","19":"product-type-simple"},"yoast_head":"<!-- This site is optimized with the Yoast SEO plugin v27.5 - https:\/\/yoast.com\/product\/yoast-seo-wordpress\/ -->\n<title>NK Cell Activator 30 Tabletten \u2013 Life Extension | ecosupplements.ch<\/title>\n<meta name=\"description\" content=\"NK Cell Activator von Life Extension \u2013 500 mg enzymatisch modifizierter Reiskleie-Extrakt zur Unterst\u00fctzung des Immunsystems, 30 vegetarische Tabletten. Jetzt bestellen.\" \/>\n<meta name=\"robots\" content=\"index, follow, max-snippet:-1, max-image-preview:large, max-video-preview:-1\" \/>\n<link rel=\"canonical\" href=\"https:\/\/ecosupplements.ch\/?product=nk-cell-activator-30-vegetarian-tabs\" \/>\n<meta property=\"og:locale\" content=\"de_DE\" \/>\n<meta property=\"og:type\" content=\"article\" \/>\n<meta property=\"og:title\" content=\"NK Cell Activator 30 Tabletten \u2013 Life Extension | ecosupplements.ch\" \/>\n<meta property=\"og:description\" content=\"NK Cell Activator von Life Extension \u2013 500 mg enzymatisch modifizierter Reiskleie-Extrakt zur Unterst\u00fctzung des Immunsystems, 30 vegetarische Tabletten. Jetzt bestellen.\" \/>\n<meta property=\"og:url\" content=\"https:\/\/ecosupplements.ch\/?product=nk-cell-activator-30-vegetarian-tabs\" \/>\n<meta property=\"og:site_name\" content=\"Eco Supplements\" \/>\n<meta property=\"article:modified_time\" content=\"2026-05-13T07:22:44+00:00\" \/>\n<meta property=\"og:image\" content=\"https:\/\/ecosupplements.ch\/wp-content\/uploads\/2026\/05\/NK-Cell-Activator-30-vegetarian-tabs.jpg\" \/>\n\t<meta property=\"og:image:width\" content=\"457\" \/>\n\t<meta property=\"og:image:height\" content=\"1000\" \/>\n\t<meta property=\"og:image:type\" content=\"image\/jpeg\" \/>\n<meta name=\"twitter:card\" content=\"summary_large_image\" \/>\n<meta name=\"twitter:label1\" content=\"Price\" \/>\n\t<meta name=\"twitter:data1\" content=\"&#067;&#072;&#070;&nbsp;45.37\" \/>\n\t<meta name=\"twitter:label2\" content=\"Availability\" \/>\n\t<meta name=\"twitter:data2\" content=\"Out of stock\" \/>\n<script type=\"application\/ld+json\" class=\"yoast-schema-graph\">{\"@context\":\"https:\\\/\\\/schema.org\",\"@graph\":[{\"@type\":\"WebPage\",\"@id\":\"https:\\\/\\\/ecosupplements.ch\\\/?product=nk-cell-activator-30-vegetarian-tabs\",\"url\":\"https:\\\/\\\/ecosupplements.ch\\\/?product=nk-cell-activator-30-vegetarian-tabs\",\"name\":\"NK Cell Activator 30 Tabletten \u2013 Life Extension | ecosupplements.ch\",\"isPartOf\":{\"@id\":\"https:\\\/\\\/ecosupplements.ch\\\/#website\"},\"primaryImageOfPage\":{\"@id\":\"https:\\\/\\\/ecosupplements.ch\\\/?product=nk-cell-activator-30-vegetarian-tabs#primaryimage\"},\"image\":{\"@id\":\"https:\\\/\\\/ecosupplements.ch\\\/?product=nk-cell-activator-30-vegetarian-tabs#primaryimage\"},\"thumbnailUrl\":\"https:\\\/\\\/ecosupplements.ch\\\/wp-content\\\/uploads\\\/2026\\\/05\\\/NK-Cell-Activator-30-vegetarian-tabs.jpg\",\"datePublished\":\"2026-05-11T14:27:59+00:00\",\"dateModified\":\"2026-05-13T07:22:44+00:00\",\"description\":\"NK Cell Activator von Life Extension \u2013 500 mg enzymatisch modifizierter Reiskleie-Extrakt zur Unterst\u00fctzung des Immunsystems, 30 vegetarische Tabletten. Jetzt bestellen.\",\"breadcrumb\":{\"@id\":\"https:\\\/\\\/ecosupplements.ch\\\/?product=nk-cell-activator-30-vegetarian-tabs#breadcrumb\"},\"inLanguage\":\"de-CH\",\"potentialAction\":[{\"@type\":\"ReadAction\",\"target\":[\"https:\\\/\\\/ecosupplements.ch\\\/?product=nk-cell-activator-30-vegetarian-tabs\"]}]},{\"@type\":\"ImageObject\",\"inLanguage\":\"de-CH\",\"@id\":\"https:\\\/\\\/ecosupplements.ch\\\/?product=nk-cell-activator-30-vegetarian-tabs#primaryimage\",\"url\":\"https:\\\/\\\/ecosupplements.ch\\\/wp-content\\\/uploads\\\/2026\\\/05\\\/NK-Cell-Activator-30-vegetarian-tabs.jpg\",\"contentUrl\":\"https:\\\/\\\/ecosupplements.ch\\\/wp-content\\\/uploads\\\/2026\\\/05\\\/NK-Cell-Activator-30-vegetarian-tabs.jpg\",\"width\":457,\"height\":1000,\"caption\":\"NK Cell Activator - 30 vegetarian tabs\"},{\"@type\":\"BreadcrumbList\",\"@id\":\"https:\\\/\\\/ecosupplements.ch\\\/?product=nk-cell-activator-30-vegetarian-tabs#breadcrumb\",\"itemListElement\":[{\"@type\":\"ListItem\",\"position\":1,\"name\":\"Home\",\"item\":\"https:\\\/\\\/ecosupplements.ch\\\/\"},{\"@type\":\"ListItem\",\"position\":2,\"name\":\"Shop\",\"item\":\"https:\\\/\\\/ecosupplements.ch\\\/?page_id=14\"},{\"@type\":\"ListItem\",\"position\":3,\"name\":\"NK Cell Activator &#8211; 30 vegetarian tabs\"}]},{\"@type\":\"WebSite\",\"@id\":\"https:\\\/\\\/ecosupplements.ch\\\/#website\",\"url\":\"https:\\\/\\\/ecosupplements.ch\\\/\",\"name\":\"Eco Supplements\",\"description\":\"\",\"potentialAction\":[{\"@type\":\"SearchAction\",\"target\":{\"@type\":\"EntryPoint\",\"urlTemplate\":\"https:\\\/\\\/ecosupplements.ch\\\/?s={search_term_string}\"},\"query-input\":{\"@type\":\"PropertyValueSpecification\",\"valueRequired\":true,\"valueName\":\"search_term_string\"}}],\"inLanguage\":\"de-CH\"}]}<\/script>\n<meta property=\"product:price:amount\" content=\"45.37\" \/>\n<meta property=\"product:price:currency\" content=\"CHF\" \/>\n<meta property=\"og:availability\" content=\"out of stock\" \/>\n<meta property=\"product:availability\" content=\"out of stock\" \/>\n<meta property=\"product:retailer_item_id\" content=\"737870190332\" \/>\n<meta property=\"product:condition\" content=\"new\" \/>\n<!-- \/ Yoast SEO plugin. -->","yoast_head_json":{"title":"NK Cell Activator 30 Tabletten \u2013 Life Extension | ecosupplements.ch","description":"NK Cell Activator von Life Extension \u2013 500 mg enzymatisch modifizierter Reiskleie-Extrakt zur Unterst\u00fctzung des Immunsystems, 30 vegetarische Tabletten. Jetzt bestellen.","robots":{"index":"index","follow":"follow","max-snippet":"max-snippet:-1","max-image-preview":"max-image-preview:large","max-video-preview":"max-video-preview:-1"},"canonical":"https:\/\/ecosupplements.ch\/?product=nk-cell-activator-30-vegetarian-tabs","og_locale":"de_DE","og_type":"article","og_title":"NK Cell Activator 30 Tabletten \u2013 Life Extension | ecosupplements.ch","og_description":"NK Cell Activator von Life Extension \u2013 500 mg enzymatisch modifizierter Reiskleie-Extrakt zur Unterst\u00fctzung des Immunsystems, 30 vegetarische Tabletten. Jetzt bestellen.","og_url":"https:\/\/ecosupplements.ch\/?product=nk-cell-activator-30-vegetarian-tabs","og_site_name":"Eco Supplements","article_modified_time":"2026-05-13T07:22:44+00:00","og_image":[{"width":457,"height":1000,"url":"https:\/\/ecosupplements.ch\/wp-content\/uploads\/2026\/05\/NK-Cell-Activator-30-vegetarian-tabs.jpg","type":"image\/jpeg"}],"twitter_card":"summary_large_image","twitter_misc":{"Price":"&#67;&#72;&#70;&nbsp;45.37","Availability":"Out of stock"},"schema":{"@context":"https:\/\/schema.org","@graph":[{"@type":"WebPage","@id":"https:\/\/ecosupplements.ch\/?product=nk-cell-activator-30-vegetarian-tabs","url":"https:\/\/ecosupplements.ch\/?product=nk-cell-activator-30-vegetarian-tabs","name":"NK Cell Activator 30 Tabletten \u2013 Life Extension | ecosupplements.ch","isPartOf":{"@id":"https:\/\/ecosupplements.ch\/#website"},"primaryImageOfPage":{"@id":"https:\/\/ecosupplements.ch\/?product=nk-cell-activator-30-vegetarian-tabs#primaryimage"},"image":{"@id":"https:\/\/ecosupplements.ch\/?product=nk-cell-activator-30-vegetarian-tabs#primaryimage"},"thumbnailUrl":"https:\/\/ecosupplements.ch\/wp-content\/uploads\/2026\/05\/NK-Cell-Activator-30-vegetarian-tabs.jpg","datePublished":"2026-05-11T14:27:59+00:00","dateModified":"2026-05-13T07:22:44+00:00","description":"NK Cell Activator von Life Extension \u2013 500 mg enzymatisch modifizierter Reiskleie-Extrakt zur Unterst\u00fctzung des Immunsystems, 30 vegetarische Tabletten. Jetzt bestellen.","breadcrumb":{"@id":"https:\/\/ecosupplements.ch\/?product=nk-cell-activator-30-vegetarian-tabs#breadcrumb"},"inLanguage":"de-CH","potentialAction":[{"@type":"ReadAction","target":["https:\/\/ecosupplements.ch\/?product=nk-cell-activator-30-vegetarian-tabs"]}]},{"@type":"ImageObject","inLanguage":"de-CH","@id":"https:\/\/ecosupplements.ch\/?product=nk-cell-activator-30-vegetarian-tabs#primaryimage","url":"https:\/\/ecosupplements.ch\/wp-content\/uploads\/2026\/05\/NK-Cell-Activator-30-vegetarian-tabs.jpg","contentUrl":"https:\/\/ecosupplements.ch\/wp-content\/uploads\/2026\/05\/NK-Cell-Activator-30-vegetarian-tabs.jpg","width":457,"height":1000,"caption":"NK Cell Activator - 30 vegetarian tabs"},{"@type":"BreadcrumbList","@id":"https:\/\/ecosupplements.ch\/?product=nk-cell-activator-30-vegetarian-tabs#breadcrumb","itemListElement":[{"@type":"ListItem","position":1,"name":"Home","item":"https:\/\/ecosupplements.ch\/"},{"@type":"ListItem","position":2,"name":"Shop","item":"https:\/\/ecosupplements.ch\/?page_id=14"},{"@type":"ListItem","position":3,"name":"NK Cell Activator &#8211; 30 vegetarian tabs"}]},{"@type":"WebSite","@id":"https:\/\/ecosupplements.ch\/#website","url":"https:\/\/ecosupplements.ch\/","name":"Eco Supplements","description":"","potentialAction":[{"@type":"SearchAction","target":{"@type":"EntryPoint","urlTemplate":"https:\/\/ecosupplements.ch\/?s={search_term_string}"},"query-input":{"@type":"PropertyValueSpecification","valueRequired":true,"valueName":"search_term_string"}}],"inLanguage":"de-CH"}]},"product_price_amount":"45.37","product_price_currency":"CHF","og_availability":"out of stock","product_availability":"out of stock","product_retailer_item_id":"737870190332","product_condition":"new"},"_links":{"self":[{"href":"https:\/\/ecosupplements.ch\/index.php?rest_route=\/wp\/v2\/product\/1247","targetHints":{"allow":["GET"]}}],"collection":[{"href":"https:\/\/ecosupplements.ch\/index.php?rest_route=\/wp\/v2\/product"}],"about":[{"href":"https:\/\/ecosupplements.ch\/index.php?rest_route=\/wp\/v2\/types\/product"}],"replies":[{"embeddable":true,"href":"https:\/\/ecosupplements.ch\/index.php?rest_route=%2Fwp%2Fv2%2Fcomments&post=1247"}],"wp:featuredmedia":[{"embeddable":true,"href":"https:\/\/ecosupplements.ch\/index.php?rest_route=\/wp\/v2\/media\/1248"}],"wp:attachment":[{"href":"https:\/\/ecosupplements.ch\/index.php?rest_route=%2Fwp%2Fv2%2Fmedia&parent=1247"}],"wp:term":[{"taxonomy":"product_brand","embeddable":true,"href":"https:\/\/ecosupplements.ch\/index.php?rest_route=%2Fwp%2Fv2%2Fproduct_brand&post=1247"},{"taxonomy":"product_cat","embeddable":true,"href":"https:\/\/ecosupplements.ch\/index.php?rest_route=%2Fwp%2Fv2%2Fproduct_cat&post=1247"},{"taxonomy":"product_tag","embeddable":true,"href":"https:\/\/ecosupplements.ch\/index.php?rest_route=%2Fwp%2Fv2%2Fproduct_tag&post=1247"}],"curies":[{"name":"wp","href":"https:\/\/api.w.org\/{rel}","templated":true}]}}