{"id":1249,"date":"2026-05-11T14:27:59","date_gmt":"2026-05-11T14:27:59","guid":{"rendered":"https:\/\/ecosupplements.ch\/?product=ps-caps-100mg-100-vcaps"},"modified":"2026-05-13T07:22:36","modified_gmt":"2026-05-13T07:22:36","slug":"ps-caps-100mg-100-vcaps","status":"publish","type":"product","link":"https:\/\/ecosupplements.ch\/?product=ps-caps-100mg-100-vcaps","title":{"rendered":"PS Caps, 100mg &#8211; 100 vcaps"},"content":{"rendered":"<div class=\"chcg-product-description\">\n<h2 class=\"chcg-heading\">\u00dcber Life Extension \u2013 PS Caps, 100mg \u2013 100 vcaps<\/h2>\n<div class=\"chcg-intro\">\n<p>Phosphatidylserin (PS) ist ein nat\u00fcrlich vorkommender Phospholipid-Wirkstoff, der ein wesentlicher Bestandteil der Zellmembranen im Gehirn ist. Life Extension PS Caps liefern 100 mg Phosphatidylserin pro Kapsel aus Sharp-PS Green \u2013 einer pflanzlichen Quelle auf Basis von Sonnenblumenlecithin, die vollst\u00e4ndig soyfrei und GMO-frei ist.<\/p>\n<p>Phosphatidylserin tr\u00e4gt zur Unterst\u00fctzung der normalen Gehirnfunktion bei und ist gut erforscht im Zusammenhang mit kognitiver Gesundheit und mentaler Leistungsf\u00e4higkeit. Die sorgf\u00e4ltige Formulierung von Life Extension stellt sicher, dass jede vegetarische Kapsel eine pr\u00e4zise dosierte, qualitativ hochwertige Menge dieses wichtigen N\u00e4hrstoffs enth\u00e4lt.<\/p>\n<p>PS Caps von Life Extension sind vegetarisch, glutenfrei und soyfrei \u2013 ideal f\u00fcr Personen, die Wert auf saubere, transparente Inhaltsstoffe legen. Mit 100 vegetarischen Kapseln pro Packung bietet dieses Produkt eine praktische und langfristige Erg\u00e4nzung f\u00fcr die t\u00e4gliche Routine.<\/p>\n<\/p><\/div>\n<div class=\"chcg-nutrition\">\n<h3>N\u00e4hrwertangaben<\/h3>\n<table class=\"chcg-nutrition-table\">\n<thead>\n<tr>\n<th>N\u00e4hrstoff<\/th>\n<th>Pro Portion<\/th>\n<\/tr>\n<\/thead>\n<tbody>\n<tr>\n<td>Phosphatidylserin (aus Sharp-PS Green)<\/td>\n<td>100 mg<\/td>\n<\/tr>\n<\/tbody>\n<\/table>\n<p class=\"chcg-footnote\">** Kein etablierter Tagesbedarf (Daily Value) vorhanden.<\/p>\n<\/p><\/div>\n<div class=\"chcg-ingredients\">\n<h3>Zutaten<\/h3>\n<p>Phosphatidylserin (aus Sharp-PS Green) 100 mg. Weitere Zutaten: Mikrokristalline Cellulose, pflanzliche Cellulose (Kapsel), Dicalciumphosphat, Sonnenblumenlecithin, Maltodextrin, Siliziumdioxid, Stearins\u00e4ure, Calciumsilikat.<\/p>\n<p class=\"chcg-capsule-shell\">Kapselh\u00fclle: Pflanzliche Cellulose<\/p>\n<\/p><\/div>\n<div class=\"chcg-dosage\">\n<h3>Verzehrempfehlung<\/h3>\n<p>T\u00e4glich eine (1) Kapsel mit oder ohne Mahlzeit einnehmen, oder gem\u00e4ss Empfehlung eines Arztes oder einer \u00c4rztin.<\/p>\n<\/p><\/div>\n<div class=\"chcg-warnings\">\n<h3>Warnhinweise<\/h3>\n<p>Ausserhalb der Reichweite von Kindern aufbewahren. Die empfohlene Tagesdosis nicht \u00fcberschreiten. Nicht kaufen, wenn das \u00e4ussere Sicherheitssiegel gebrochen oder besch\u00e4digt ist. Bei der Einnahme von Nahrungserg\u00e4nzungsmitteln wird empfohlen, einen Arzt oder eine \u00c4rztin zu konsultieren, wenn Sie sich in medizinischer Behandlung befinden oder wenn Sie schwanger sind oder stillen.<\/p>\n<\/p><\/div>\n<div class=\"chcg-allergens\">\n<h3>Allergeninformationen<\/h3>\n<p>Enth\u00e4lt Sonnenblumenlecithin. Frei von Soja, Gluten und GVO.<\/p>\n<\/p><\/div>\n<div class=\"chcg-storage\">\n<h3>Lagerung<\/h3>\n<p>Fest verschlossen an einem k\u00fchlen, trockenen Ort aufbewahren.<\/p>\n<\/p><\/div>\n<div class=\"chcg-dietary\">\n<h3>Ern\u00e4hrungshinweise<\/h3>\n<ul>\n<li>Vegetarisch<\/li>\n<li>Glutenfrei<\/li>\n<li>Laktosefrei<\/li>\n<\/ul><\/div>\n<\/div>\n","protected":false},"excerpt":{"rendered":"<p>PS Caps von Life Extension liefern 100 mg Phosphatidylserin pro vegetarische Kapsel aus pflanzlichem Sharp-PS Green zur Unterst\u00fctzung der kognitiven Gesundheit. Vegetarisch, glutenfrei und soyfrei \u2013 100 Kapseln pro Packung.<\/p>\n","protected":false},"featured_media":1250,"comment_status":"closed","ping_status":"open","template":"","meta":[],"product_brand":[202],"product_cat":[48,25,42,157,21],"product_tag":[],"class_list":{"0":"post-1249","1":"product","2":"type-product","3":"status-publish","4":"has-post-thumbnail","6":"product_brand-life-extension","7":"product_cat-gesunde-ernaehrung","8":"product_cat-gesundheit-und-wohlbefinden","9":"product_cat-mentale-konzentration-und-gedaechtnis","10":"product_cat-phosphatidylserin","11":"product_cat-vitamine-und-mineralstoffe","13":"first","14":"outofstock","15":"taxable","16":"shipping-taxable","17":"purchasable","18":"product-type-simple"},"yoast_head":"<!-- This site is optimized with the Yoast SEO plugin v27.5 - https:\/\/yoast.com\/product\/yoast-seo-wordpress\/ -->\n<title>PS Caps 100mg \u2013 Life Extension | ecosupplements.ch<\/title>\n<meta name=\"description\" content=\"100 mg Phosphatidylserin pro Kapsel aus pflanzlichem Sharp-PS Green \u2013 vegetarisch, glutenfrei, soyfrei. 100 vcaps von Life Extension. Jetzt bestellen.\" \/>\n<meta name=\"robots\" content=\"index, follow, max-snippet:-1, max-image-preview:large, max-video-preview:-1\" \/>\n<link rel=\"canonical\" href=\"https:\/\/ecosupplements.ch\/?product=ps-caps-100mg-100-vcaps\" \/>\n<meta property=\"og:locale\" content=\"de_DE\" \/>\n<meta property=\"og:type\" content=\"article\" \/>\n<meta property=\"og:title\" content=\"PS Caps 100mg \u2013 Life Extension | ecosupplements.ch\" \/>\n<meta property=\"og:description\" content=\"100 mg Phosphatidylserin pro Kapsel aus pflanzlichem Sharp-PS Green \u2013 vegetarisch, glutenfrei, soyfrei. 100 vcaps von Life Extension. Jetzt bestellen.\" \/>\n<meta property=\"og:url\" content=\"https:\/\/ecosupplements.ch\/?product=ps-caps-100mg-100-vcaps\" \/>\n<meta property=\"og:site_name\" content=\"Eco Supplements\" \/>\n<meta property=\"article:modified_time\" content=\"2026-05-13T07:22:36+00:00\" \/>\n<meta property=\"og:image\" content=\"https:\/\/ecosupplements.ch\/wp-content\/uploads\/2026\/05\/PS-Caps-100mg-100-vcaps.jpg\" \/>\n\t<meta property=\"og:image:width\" content=\"1080\" \/>\n\t<meta property=\"og:image:height\" content=\"1080\" \/>\n\t<meta property=\"og:image:type\" content=\"image\/jpeg\" \/>\n<meta name=\"twitter:card\" content=\"summary_large_image\" \/>\n<meta name=\"twitter:label1\" content=\"Price\" \/>\n\t<meta name=\"twitter:data1\" content=\"&#067;&#072;&#070;&nbsp;48.51\" \/>\n\t<meta name=\"twitter:label2\" content=\"Availability\" \/>\n\t<meta name=\"twitter:data2\" content=\"Out of stock\" \/>\n<script type=\"application\/ld+json\" class=\"yoast-schema-graph\">{\"@context\":\"https:\\\/\\\/schema.org\",\"@graph\":[{\"@type\":\"WebPage\",\"@id\":\"https:\\\/\\\/ecosupplements.ch\\\/?product=ps-caps-100mg-100-vcaps\",\"url\":\"https:\\\/\\\/ecosupplements.ch\\\/?product=ps-caps-100mg-100-vcaps\",\"name\":\"PS Caps 100mg \u2013 Life Extension | ecosupplements.ch\",\"isPartOf\":{\"@id\":\"https:\\\/\\\/ecosupplements.ch\\\/#website\"},\"primaryImageOfPage\":{\"@id\":\"https:\\\/\\\/ecosupplements.ch\\\/?product=ps-caps-100mg-100-vcaps#primaryimage\"},\"image\":{\"@id\":\"https:\\\/\\\/ecosupplements.ch\\\/?product=ps-caps-100mg-100-vcaps#primaryimage\"},\"thumbnailUrl\":\"https:\\\/\\\/ecosupplements.ch\\\/wp-content\\\/uploads\\\/2026\\\/05\\\/PS-Caps-100mg-100-vcaps.jpg\",\"datePublished\":\"2026-05-11T14:27:59+00:00\",\"dateModified\":\"2026-05-13T07:22:36+00:00\",\"description\":\"100 mg Phosphatidylserin pro Kapsel aus pflanzlichem Sharp-PS Green \u2013 vegetarisch, glutenfrei, soyfrei. 100 vcaps von Life Extension. Jetzt bestellen.\",\"breadcrumb\":{\"@id\":\"https:\\\/\\\/ecosupplements.ch\\\/?product=ps-caps-100mg-100-vcaps#breadcrumb\"},\"inLanguage\":\"de-CH\",\"potentialAction\":[{\"@type\":\"ReadAction\",\"target\":[\"https:\\\/\\\/ecosupplements.ch\\\/?product=ps-caps-100mg-100-vcaps\"]}]},{\"@type\":\"ImageObject\",\"inLanguage\":\"de-CH\",\"@id\":\"https:\\\/\\\/ecosupplements.ch\\\/?product=ps-caps-100mg-100-vcaps#primaryimage\",\"url\":\"https:\\\/\\\/ecosupplements.ch\\\/wp-content\\\/uploads\\\/2026\\\/05\\\/PS-Caps-100mg-100-vcaps.jpg\",\"contentUrl\":\"https:\\\/\\\/ecosupplements.ch\\\/wp-content\\\/uploads\\\/2026\\\/05\\\/PS-Caps-100mg-100-vcaps.jpg\",\"width\":1080,\"height\":1080,\"caption\":\"PS Caps\"},{\"@type\":\"BreadcrumbList\",\"@id\":\"https:\\\/\\\/ecosupplements.ch\\\/?product=ps-caps-100mg-100-vcaps#breadcrumb\",\"itemListElement\":[{\"@type\":\"ListItem\",\"position\":1,\"name\":\"Home\",\"item\":\"https:\\\/\\\/ecosupplements.ch\\\/\"},{\"@type\":\"ListItem\",\"position\":2,\"name\":\"Shop\",\"item\":\"https:\\\/\\\/ecosupplements.ch\\\/?page_id=14\"},{\"@type\":\"ListItem\",\"position\":3,\"name\":\"PS Caps, 100mg &#8211; 100 vcaps\"}]},{\"@type\":\"WebSite\",\"@id\":\"https:\\\/\\\/ecosupplements.ch\\\/#website\",\"url\":\"https:\\\/\\\/ecosupplements.ch\\\/\",\"name\":\"Eco Supplements\",\"description\":\"\",\"potentialAction\":[{\"@type\":\"SearchAction\",\"target\":{\"@type\":\"EntryPoint\",\"urlTemplate\":\"https:\\\/\\\/ecosupplements.ch\\\/?s={search_term_string}\"},\"query-input\":{\"@type\":\"PropertyValueSpecification\",\"valueRequired\":true,\"valueName\":\"search_term_string\"}}],\"inLanguage\":\"de-CH\"}]}<\/script>\n<meta property=\"product:price:amount\" content=\"48.51\" \/>\n<meta property=\"product:price:currency\" content=\"CHF\" \/>\n<meta property=\"og:availability\" content=\"out of stock\" \/>\n<meta property=\"product:availability\" content=\"out of stock\" \/>\n<meta property=\"product:retailer_item_id\" content=\"737870167617\" \/>\n<meta property=\"product:condition\" content=\"new\" \/>\n<!-- \/ Yoast SEO plugin. -->","yoast_head_json":{"title":"PS Caps 100mg \u2013 Life Extension | ecosupplements.ch","description":"100 mg Phosphatidylserin pro Kapsel aus pflanzlichem Sharp-PS Green \u2013 vegetarisch, glutenfrei, soyfrei. 100 vcaps von Life Extension. Jetzt bestellen.","robots":{"index":"index","follow":"follow","max-snippet":"max-snippet:-1","max-image-preview":"max-image-preview:large","max-video-preview":"max-video-preview:-1"},"canonical":"https:\/\/ecosupplements.ch\/?product=ps-caps-100mg-100-vcaps","og_locale":"de_DE","og_type":"article","og_title":"PS Caps 100mg \u2013 Life Extension | ecosupplements.ch","og_description":"100 mg Phosphatidylserin pro Kapsel aus pflanzlichem Sharp-PS Green \u2013 vegetarisch, glutenfrei, soyfrei. 100 vcaps von Life Extension. Jetzt bestellen.","og_url":"https:\/\/ecosupplements.ch\/?product=ps-caps-100mg-100-vcaps","og_site_name":"Eco Supplements","article_modified_time":"2026-05-13T07:22:36+00:00","og_image":[{"width":1080,"height":1080,"url":"https:\/\/ecosupplements.ch\/wp-content\/uploads\/2026\/05\/PS-Caps-100mg-100-vcaps.jpg","type":"image\/jpeg"}],"twitter_card":"summary_large_image","twitter_misc":{"Price":"&#67;&#72;&#70;&nbsp;48.51","Availability":"Out of stock"},"schema":{"@context":"https:\/\/schema.org","@graph":[{"@type":"WebPage","@id":"https:\/\/ecosupplements.ch\/?product=ps-caps-100mg-100-vcaps","url":"https:\/\/ecosupplements.ch\/?product=ps-caps-100mg-100-vcaps","name":"PS Caps 100mg \u2013 Life Extension | ecosupplements.ch","isPartOf":{"@id":"https:\/\/ecosupplements.ch\/#website"},"primaryImageOfPage":{"@id":"https:\/\/ecosupplements.ch\/?product=ps-caps-100mg-100-vcaps#primaryimage"},"image":{"@id":"https:\/\/ecosupplements.ch\/?product=ps-caps-100mg-100-vcaps#primaryimage"},"thumbnailUrl":"https:\/\/ecosupplements.ch\/wp-content\/uploads\/2026\/05\/PS-Caps-100mg-100-vcaps.jpg","datePublished":"2026-05-11T14:27:59+00:00","dateModified":"2026-05-13T07:22:36+00:00","description":"100 mg Phosphatidylserin pro Kapsel aus pflanzlichem Sharp-PS Green \u2013 vegetarisch, glutenfrei, soyfrei. 100 vcaps von Life Extension. Jetzt bestellen.","breadcrumb":{"@id":"https:\/\/ecosupplements.ch\/?product=ps-caps-100mg-100-vcaps#breadcrumb"},"inLanguage":"de-CH","potentialAction":[{"@type":"ReadAction","target":["https:\/\/ecosupplements.ch\/?product=ps-caps-100mg-100-vcaps"]}]},{"@type":"ImageObject","inLanguage":"de-CH","@id":"https:\/\/ecosupplements.ch\/?product=ps-caps-100mg-100-vcaps#primaryimage","url":"https:\/\/ecosupplements.ch\/wp-content\/uploads\/2026\/05\/PS-Caps-100mg-100-vcaps.jpg","contentUrl":"https:\/\/ecosupplements.ch\/wp-content\/uploads\/2026\/05\/PS-Caps-100mg-100-vcaps.jpg","width":1080,"height":1080,"caption":"PS Caps"},{"@type":"BreadcrumbList","@id":"https:\/\/ecosupplements.ch\/?product=ps-caps-100mg-100-vcaps#breadcrumb","itemListElement":[{"@type":"ListItem","position":1,"name":"Home","item":"https:\/\/ecosupplements.ch\/"},{"@type":"ListItem","position":2,"name":"Shop","item":"https:\/\/ecosupplements.ch\/?page_id=14"},{"@type":"ListItem","position":3,"name":"PS Caps, 100mg &#8211; 100 vcaps"}]},{"@type":"WebSite","@id":"https:\/\/ecosupplements.ch\/#website","url":"https:\/\/ecosupplements.ch\/","name":"Eco Supplements","description":"","potentialAction":[{"@type":"SearchAction","target":{"@type":"EntryPoint","urlTemplate":"https:\/\/ecosupplements.ch\/?s={search_term_string}"},"query-input":{"@type":"PropertyValueSpecification","valueRequired":true,"valueName":"search_term_string"}}],"inLanguage":"de-CH"}]},"product_price_amount":"48.51","product_price_currency":"CHF","og_availability":"out of stock","product_availability":"out of stock","product_retailer_item_id":"737870167617","product_condition":"new"},"_links":{"self":[{"href":"https:\/\/ecosupplements.ch\/index.php?rest_route=\/wp\/v2\/product\/1249","targetHints":{"allow":["GET"]}}],"collection":[{"href":"https:\/\/ecosupplements.ch\/index.php?rest_route=\/wp\/v2\/product"}],"about":[{"href":"https:\/\/ecosupplements.ch\/index.php?rest_route=\/wp\/v2\/types\/product"}],"replies":[{"embeddable":true,"href":"https:\/\/ecosupplements.ch\/index.php?rest_route=%2Fwp%2Fv2%2Fcomments&post=1249"}],"wp:featuredmedia":[{"embeddable":true,"href":"https:\/\/ecosupplements.ch\/index.php?rest_route=\/wp\/v2\/media\/1250"}],"wp:attachment":[{"href":"https:\/\/ecosupplements.ch\/index.php?rest_route=%2Fwp%2Fv2%2Fmedia&parent=1249"}],"wp:term":[{"taxonomy":"product_brand","embeddable":true,"href":"https:\/\/ecosupplements.ch\/index.php?rest_route=%2Fwp%2Fv2%2Fproduct_brand&post=1249"},{"taxonomy":"product_cat","embeddable":true,"href":"https:\/\/ecosupplements.ch\/index.php?rest_route=%2Fwp%2Fv2%2Fproduct_cat&post=1249"},{"taxonomy":"product_tag","embeddable":true,"href":"https:\/\/ecosupplements.ch\/index.php?rest_route=%2Fwp%2Fv2%2Fproduct_tag&post=1249"}],"curies":[{"name":"wp","href":"https:\/\/api.w.org\/{rel}","templated":true}]}}