{"id":1253,"date":"2026-05-11T14:28:01","date_gmt":"2026-05-11T14:28:01","guid":{"rendered":"https:\/\/ecosupplements.ch\/?product=eye-60-caps"},"modified":"2026-05-13T07:25:44","modified_gmt":"2026-05-13T07:25:44","slug":"eye-60-caps","status":"publish","type":"product","link":"https:\/\/ecosupplements.ch\/?product=eye-60-caps","title":{"rendered":"Eye &#8211; 60 caps"},"content":{"rendered":"<div class=\"chcg-product-description\">\n<h2 class=\"chcg-heading\">\u00dcber MitoQ \u2013 Eye \u2013 60 Kapseln<\/h2>\n<div class=\"chcg-intro\">\n<p>MitoQ Eye ist eine sorgf\u00e4ltig zusammengestellte Nahrungserg\u00e4nzungsformel, die speziell auf die Bed\u00fcrfnisse der Augen ausgerichtet ist. Die Formel kombiniert bew\u00e4hrte Wirkstoffe wie MirtoSelect\u00ae Heidelbeer-Extrakt, Pycnogenol\u00ae Meeresf\u00f6hren-Rindenextrakt und das patentierte MitoQ\u00ae (Mitoquinol Mesylat) in einer einzigen t\u00e4glichen Portion.<\/p>\n<p>Lutein und Zeaxanthin aus dem Aztekischen Studentenblumen-Extrakt (Lutemax 2020\u00ae) sind nat\u00fcrliche Carotinoide, die in der Netzhaut des Auges vorkommen. Zink tr\u00e4gt zur Erhaltung einer normalen Sehfunktion bei. Diese Kombination hochwertiger Inhaltsstoffe wurde entwickelt, um eine umfassende Unterst\u00fctzung f\u00fcr die Augengesundheit zu bieten.<\/p>\n<p>MitoQ Eye eignet sich f\u00fcr Personen, die ihre Augen gezielt mit einer Kombination aus Carotinoiden, Pflanzenextrakten und essenziellen N\u00e4hrstoffen unterst\u00fctzen m\u00f6chten. Jede Packung enth\u00e4lt 60 vegetarische Kapseln \u2013 ausreichend f\u00fcr 30 Tage.<\/p>\n<\/p><\/div>\n<div class=\"chcg-nutrition\">\n<h3>N\u00e4hrwertangaben<\/h3>\n<table class=\"chcg-nutrition-table\">\n<thead>\n<tr>\n<th>N\u00e4hrstoff<\/th>\n<th>Pro Portion (2 Kapseln)<\/th>\n<\/tr>\n<\/thead>\n<tbody>\n<tr>\n<td>Zink (als Zink-Aminos\u00e4ure-Chelat)<\/td>\n<td>15 mg (136 % NRV)<\/td>\n<\/tr>\n<tr>\n<td>Heidelbeere (Vaccinium myrtillus) Extrakt, Frucht [MirtoSelect\u00ae]<\/td>\n<td>80 mg<\/td>\n<\/tr>\n<tr>\n<td>Meeresf\u00f6hre (Pinus pinaster) Extrakt, Rinde [Pycnogenol\u00ae]<\/td>\n<td>40 mg<\/td>\n<\/tr>\n<tr>\n<td>MitoQ\u00ae (als Mitoquinol Mesylat)<\/td>\n<td>10 mg<\/td>\n<\/tr>\n<tr>\n<td>Lutein (aus Aztekischem Studentenblumen (Tagetes erecta) Extrakt, Bl\u00fcte) [Lutemax 2020\u00ae]<\/td>\n<td>10 mg<\/td>\n<\/tr>\n<tr>\n<td>Zeaxanthin (aus Aztekischem Studentenblumen (Tagetes erecta) Extrakt, Bl\u00fcte) [Lutemax 2020\u00ae]<\/td>\n<td>2 mg<\/td>\n<\/tr>\n<\/tbody>\n<\/table>\n<p class=\"chcg-footnote\">* Kein festgelegter N\u00e4hrstoffreferenzwert (NRV).<\/p>\n<p class=\"chcg-footnote\">Portionsgr\u00f6sse: 2 Kapseln | Portionen pro Packung: 30<\/p>\n<\/p><\/div>\n<div class=\"chcg-ingredients\">\n<h3>Zutaten<\/h3>\n<p>Wirkstoffe pro Dosis (2 Kapseln): Zink (als Zink-Aminos\u00e4ure-Chelat) 15 mg, Mirtogenol\u00ae bestehend aus MirtoSelect\u00ae Heidelbeere (Vaccinium myrtillus) Extrakt (Frucht) 80 mg und Pycnogenol\u00ae Meeresf\u00f6hre (Pinus pinaster) Extrakt (Rinde) 40 mg, MitoQ\u00ae (als Mitoquinol Mesylat) 10 mg, Lutemax 2020\u00ae bestehend aus Lutein aus Aztekischer Studentenblume (Tagetes erecta) Extrakt (Bl\u00fcte) 10 mg, Zeaxanthin aus Aztekischer Studentenblume (Tagetes erecta) Extrakt (Bl\u00fcte) 2 mg. Hilfsstoffe: Mikrokristalline Cellulose, Hypromellose, Saccharose, St\u00e4rke, Magnesiumstearat, Siliziumdioxid, Calciumhydrogenphosphat-Dihydrat, Gereinigtes Wasser, Tocopherole.<\/p>\n<p class=\"chcg-capsule-shell\">Kapselh\u00fclle: Hypromellose (vegetarische Kapselh\u00fclle)<\/p>\n<\/p><\/div>\n<div class=\"chcg-dosage\">\n<h3>Verzehrempfehlung<\/h3>\n<p>T\u00e4glich 2 Kapseln morgens mit Wasser, 30 Minuten vor dem Essen einnehmen.<\/p>\n<\/p><\/div>\n<div class=\"chcg-warnings\">\n<h3>Warnhinweise<\/h3>\n<p>Bei unerw\u00fcnschten Reaktionen die Einnahme stoppen und eine \u00c4rztin oder einen Arzt aufsuchen. Bei \u00dcberdosierung ebenfalls \u00e4rztlichen Rat einholen. Bei Schwangerschaft oder Stillzeit vor der Einnahme eine \u00c4rztin oder einen Arzt konsultieren. Produkt nicht verwenden, wenn das Sicherheitssiegel unter dem Deckel besch\u00e4digt oder nicht vorhanden ist. Ausserhalb der Reichweite von Kindern aufbewahren.<\/p>\n<\/p><\/div>\n<div class=\"chcg-allergens\">\n<h3>Allergeninformationen<\/h3>\n<p>Enth\u00e4lt Soja.<\/p>\n<\/p><\/div>\n<div class=\"chcg-storage\">\n<h3>Lagerung<\/h3>\n<p>Nach dem \u00d6ffnen an einem trockenen Ort bei unter 25 \u00b0C aufbewahren.<\/p>\n<\/p><\/div>\n<div class=\"chcg-dietary\">\n<h3>Ern\u00e4hrungshinweise<\/h3>\n<ul>\n<li>Vegetarisch<\/li>\n<li>Laktosefrei<\/li>\n<\/ul><\/div>\n<\/div>\n","protected":false},"excerpt":{"rendered":"<p>MitoQ Eye unterst\u00fctzt die Augengesundheit mit Lutein, Zeaxanthin, Zink und dem einzigartigen MitoQ\u00ae-Wirkstoffkomplex. 60 vegetarische Kapseln f\u00fcr 30 Tage. Zink tr\u00e4gt zur Erhaltung einer normalen Sehfunktion bei.<\/p>\n","protected":false},"featured_media":1254,"comment_status":"closed","ping_status":"open","template":"","meta":[],"product_brand":[443],"product_cat":[48,25,169,22],"product_tag":[],"class_list":{"0":"post-1253","1":"product","2":"type-product","3":"status-publish","4":"has-post-thumbnail","6":"product_brand-mitoq","7":"product_cat-gesunde-ernaehrung","8":"product_cat-gesundheit-und-wohlbefinden","9":"product_cat-nordische-vitalitaet","10":"product_cat-vegane-produkte","12":"first","13":"outofstock","14":"sale","15":"taxable","16":"shipping-taxable","17":"purchasable","18":"product-type-simple"},"yoast_head":"<!-- This site is optimized with the Yoast SEO plugin v27.5 - https:\/\/yoast.com\/product\/yoast-seo-wordpress\/ -->\n<title>Eye 60 Kapseln \u2013 MitoQ | ecosupplements.ch<\/title>\n<meta name=\"description\" content=\"MitoQ Eye mit Lutein, Zeaxanthin, Pycnogenol\u00ae und MitoQ\u00ae unterst\u00fctzt die Augengesundheit \u2013 60 vegetarische Kapseln. Jetzt bestellen.\" \/>\n<meta name=\"robots\" content=\"index, follow, max-snippet:-1, max-image-preview:large, max-video-preview:-1\" \/>\n<link rel=\"canonical\" href=\"https:\/\/ecosupplements.ch\/?product=eye-60-caps\" \/>\n<meta property=\"og:locale\" content=\"de_DE\" \/>\n<meta property=\"og:type\" content=\"article\" \/>\n<meta property=\"og:title\" content=\"Eye 60 Kapseln \u2013 MitoQ | ecosupplements.ch\" \/>\n<meta property=\"og:description\" content=\"MitoQ Eye mit Lutein, Zeaxanthin, Pycnogenol\u00ae und MitoQ\u00ae unterst\u00fctzt die Augengesundheit \u2013 60 vegetarische Kapseln. Jetzt bestellen.\" \/>\n<meta property=\"og:url\" content=\"https:\/\/ecosupplements.ch\/?product=eye-60-caps\" \/>\n<meta property=\"og:site_name\" content=\"Eco Supplements\" \/>\n<meta property=\"article:modified_time\" content=\"2026-05-13T07:25:44+00:00\" \/>\n<meta property=\"og:image\" content=\"https:\/\/ecosupplements.ch\/wp-content\/uploads\/2026\/05\/Eye-60-caps.jpg\" \/>\n\t<meta property=\"og:image:width\" content=\"600\" \/>\n\t<meta property=\"og:image:height\" content=\"800\" \/>\n\t<meta property=\"og:image:type\" content=\"image\/jpeg\" \/>\n<meta name=\"twitter:card\" content=\"summary_large_image\" \/>\n<meta name=\"twitter:label1\" content=\"Price\" \/>\n\t<meta name=\"twitter:data1\" content=\"&#067;&#072;&#070;&nbsp;62.31\" \/>\n\t<meta name=\"twitter:label2\" content=\"Availability\" \/>\n\t<meta name=\"twitter:data2\" content=\"Out of stock\" \/>\n<script type=\"application\/ld+json\" class=\"yoast-schema-graph\">{\"@context\":\"https:\\\/\\\/schema.org\",\"@graph\":[{\"@type\":\"WebPage\",\"@id\":\"https:\\\/\\\/ecosupplements.ch\\\/?product=eye-60-caps\",\"url\":\"https:\\\/\\\/ecosupplements.ch\\\/?product=eye-60-caps\",\"name\":\"Eye 60 Kapseln \u2013 MitoQ | ecosupplements.ch\",\"isPartOf\":{\"@id\":\"https:\\\/\\\/ecosupplements.ch\\\/#website\"},\"primaryImageOfPage\":{\"@id\":\"https:\\\/\\\/ecosupplements.ch\\\/?product=eye-60-caps#primaryimage\"},\"image\":{\"@id\":\"https:\\\/\\\/ecosupplements.ch\\\/?product=eye-60-caps#primaryimage\"},\"thumbnailUrl\":\"https:\\\/\\\/ecosupplements.ch\\\/wp-content\\\/uploads\\\/2026\\\/05\\\/Eye-60-caps.jpg\",\"datePublished\":\"2026-05-11T14:28:01+00:00\",\"dateModified\":\"2026-05-13T07:25:44+00:00\",\"description\":\"MitoQ Eye mit Lutein, Zeaxanthin, Pycnogenol\u00ae und MitoQ\u00ae unterst\u00fctzt die Augengesundheit \u2013 60 vegetarische Kapseln. Jetzt bestellen.\",\"breadcrumb\":{\"@id\":\"https:\\\/\\\/ecosupplements.ch\\\/?product=eye-60-caps#breadcrumb\"},\"inLanguage\":\"de-CH\",\"potentialAction\":[{\"@type\":\"ReadAction\",\"target\":[\"https:\\\/\\\/ecosupplements.ch\\\/?product=eye-60-caps\"]}]},{\"@type\":\"ImageObject\",\"inLanguage\":\"de-CH\",\"@id\":\"https:\\\/\\\/ecosupplements.ch\\\/?product=eye-60-caps#primaryimage\",\"url\":\"https:\\\/\\\/ecosupplements.ch\\\/wp-content\\\/uploads\\\/2026\\\/05\\\/Eye-60-caps.jpg\",\"contentUrl\":\"https:\\\/\\\/ecosupplements.ch\\\/wp-content\\\/uploads\\\/2026\\\/05\\\/Eye-60-caps.jpg\",\"width\":600,\"height\":800,\"caption\":\"Eye - 60 caps\"},{\"@type\":\"BreadcrumbList\",\"@id\":\"https:\\\/\\\/ecosupplements.ch\\\/?product=eye-60-caps#breadcrumb\",\"itemListElement\":[{\"@type\":\"ListItem\",\"position\":1,\"name\":\"Home\",\"item\":\"https:\\\/\\\/ecosupplements.ch\\\/\"},{\"@type\":\"ListItem\",\"position\":2,\"name\":\"Shop\",\"item\":\"https:\\\/\\\/ecosupplements.ch\\\/?page_id=14\"},{\"@type\":\"ListItem\",\"position\":3,\"name\":\"Eye &#8211; 60 caps\"}]},{\"@type\":\"WebSite\",\"@id\":\"https:\\\/\\\/ecosupplements.ch\\\/#website\",\"url\":\"https:\\\/\\\/ecosupplements.ch\\\/\",\"name\":\"Eco Supplements\",\"description\":\"\",\"potentialAction\":[{\"@type\":\"SearchAction\",\"target\":{\"@type\":\"EntryPoint\",\"urlTemplate\":\"https:\\\/\\\/ecosupplements.ch\\\/?s={search_term_string}\"},\"query-input\":{\"@type\":\"PropertyValueSpecification\",\"valueRequired\":true,\"valueName\":\"search_term_string\"}}],\"inLanguage\":\"de-CH\"}]}<\/script>\n<meta property=\"product:price:amount\" content=\"62.31\" \/>\n<meta property=\"product:price:currency\" content=\"CHF\" \/>\n<meta property=\"og:availability\" content=\"out of stock\" \/>\n<meta property=\"product:availability\" content=\"out of stock\" \/>\n<meta property=\"product:retailer_item_id\" content=\"9421031781309\" \/>\n<meta property=\"product:condition\" content=\"new\" \/>\n<!-- \/ Yoast SEO plugin. -->","yoast_head_json":{"title":"Eye 60 Kapseln \u2013 MitoQ | ecosupplements.ch","description":"MitoQ Eye mit Lutein, Zeaxanthin, Pycnogenol\u00ae und MitoQ\u00ae unterst\u00fctzt die Augengesundheit \u2013 60 vegetarische Kapseln. Jetzt bestellen.","robots":{"index":"index","follow":"follow","max-snippet":"max-snippet:-1","max-image-preview":"max-image-preview:large","max-video-preview":"max-video-preview:-1"},"canonical":"https:\/\/ecosupplements.ch\/?product=eye-60-caps","og_locale":"de_DE","og_type":"article","og_title":"Eye 60 Kapseln \u2013 MitoQ | ecosupplements.ch","og_description":"MitoQ Eye mit Lutein, Zeaxanthin, Pycnogenol\u00ae und MitoQ\u00ae unterst\u00fctzt die Augengesundheit \u2013 60 vegetarische Kapseln. Jetzt bestellen.","og_url":"https:\/\/ecosupplements.ch\/?product=eye-60-caps","og_site_name":"Eco Supplements","article_modified_time":"2026-05-13T07:25:44+00:00","og_image":[{"width":600,"height":800,"url":"https:\/\/ecosupplements.ch\/wp-content\/uploads\/2026\/05\/Eye-60-caps.jpg","type":"image\/jpeg"}],"twitter_card":"summary_large_image","twitter_misc":{"Price":"&#67;&#72;&#70;&nbsp;62.31","Availability":"Out of stock"},"schema":{"@context":"https:\/\/schema.org","@graph":[{"@type":"WebPage","@id":"https:\/\/ecosupplements.ch\/?product=eye-60-caps","url":"https:\/\/ecosupplements.ch\/?product=eye-60-caps","name":"Eye 60 Kapseln \u2013 MitoQ | ecosupplements.ch","isPartOf":{"@id":"https:\/\/ecosupplements.ch\/#website"},"primaryImageOfPage":{"@id":"https:\/\/ecosupplements.ch\/?product=eye-60-caps#primaryimage"},"image":{"@id":"https:\/\/ecosupplements.ch\/?product=eye-60-caps#primaryimage"},"thumbnailUrl":"https:\/\/ecosupplements.ch\/wp-content\/uploads\/2026\/05\/Eye-60-caps.jpg","datePublished":"2026-05-11T14:28:01+00:00","dateModified":"2026-05-13T07:25:44+00:00","description":"MitoQ Eye mit Lutein, Zeaxanthin, Pycnogenol\u00ae und MitoQ\u00ae unterst\u00fctzt die Augengesundheit \u2013 60 vegetarische Kapseln. Jetzt bestellen.","breadcrumb":{"@id":"https:\/\/ecosupplements.ch\/?product=eye-60-caps#breadcrumb"},"inLanguage":"de-CH","potentialAction":[{"@type":"ReadAction","target":["https:\/\/ecosupplements.ch\/?product=eye-60-caps"]}]},{"@type":"ImageObject","inLanguage":"de-CH","@id":"https:\/\/ecosupplements.ch\/?product=eye-60-caps#primaryimage","url":"https:\/\/ecosupplements.ch\/wp-content\/uploads\/2026\/05\/Eye-60-caps.jpg","contentUrl":"https:\/\/ecosupplements.ch\/wp-content\/uploads\/2026\/05\/Eye-60-caps.jpg","width":600,"height":800,"caption":"Eye - 60 caps"},{"@type":"BreadcrumbList","@id":"https:\/\/ecosupplements.ch\/?product=eye-60-caps#breadcrumb","itemListElement":[{"@type":"ListItem","position":1,"name":"Home","item":"https:\/\/ecosupplements.ch\/"},{"@type":"ListItem","position":2,"name":"Shop","item":"https:\/\/ecosupplements.ch\/?page_id=14"},{"@type":"ListItem","position":3,"name":"Eye &#8211; 60 caps"}]},{"@type":"WebSite","@id":"https:\/\/ecosupplements.ch\/#website","url":"https:\/\/ecosupplements.ch\/","name":"Eco Supplements","description":"","potentialAction":[{"@type":"SearchAction","target":{"@type":"EntryPoint","urlTemplate":"https:\/\/ecosupplements.ch\/?s={search_term_string}"},"query-input":{"@type":"PropertyValueSpecification","valueRequired":true,"valueName":"search_term_string"}}],"inLanguage":"de-CH"}]},"product_price_amount":"62.31","product_price_currency":"CHF","og_availability":"out of stock","product_availability":"out of stock","product_retailer_item_id":"9421031781309","product_condition":"new"},"_links":{"self":[{"href":"https:\/\/ecosupplements.ch\/index.php?rest_route=\/wp\/v2\/product\/1253","targetHints":{"allow":["GET"]}}],"collection":[{"href":"https:\/\/ecosupplements.ch\/index.php?rest_route=\/wp\/v2\/product"}],"about":[{"href":"https:\/\/ecosupplements.ch\/index.php?rest_route=\/wp\/v2\/types\/product"}],"replies":[{"embeddable":true,"href":"https:\/\/ecosupplements.ch\/index.php?rest_route=%2Fwp%2Fv2%2Fcomments&post=1253"}],"wp:featuredmedia":[{"embeddable":true,"href":"https:\/\/ecosupplements.ch\/index.php?rest_route=\/wp\/v2\/media\/1254"}],"wp:attachment":[{"href":"https:\/\/ecosupplements.ch\/index.php?rest_route=%2Fwp%2Fv2%2Fmedia&parent=1253"}],"wp:term":[{"taxonomy":"product_brand","embeddable":true,"href":"https:\/\/ecosupplements.ch\/index.php?rest_route=%2Fwp%2Fv2%2Fproduct_brand&post=1253"},{"taxonomy":"product_cat","embeddable":true,"href":"https:\/\/ecosupplements.ch\/index.php?rest_route=%2Fwp%2Fv2%2Fproduct_cat&post=1253"},{"taxonomy":"product_tag","embeddable":true,"href":"https:\/\/ecosupplements.ch\/index.php?rest_route=%2Fwp%2Fv2%2Fproduct_tag&post=1253"}],"curies":[{"name":"wp","href":"https:\/\/api.w.org\/{rel}","templated":true}]}}