{"id":1258,"date":"2026-05-11T14:28:03","date_gmt":"2026-05-11T14:28:03","guid":{"rendered":"https:\/\/ecosupplements.ch\/?product=melatonin-3mg-60-tabs"},"modified":"2026-05-13T07:22:49","modified_gmt":"2026-05-13T07:22:49","slug":"melatonin-3mg-60-tabs","status":"publish","type":"product","link":"https:\/\/ecosupplements.ch\/?product=melatonin-3mg-60-tabs","title":{"rendered":"Melatonin, 3mg &#8211; 60 tabs"},"content":{"rendered":"<div class=\"chcg-product-description\">\n<h2 class=\"chcg-heading\">\u00dcber Natrol \u2013 Melatonin, 3mg \u2013 60 Tabletten<\/h2>\n<div class=\"chcg-intro\">\n<p>Melatonin ist ein k\u00f6rpereigenes Hormon, das eine zentrale Rolle bei der Regulierung des Schlaf-Wach-Rhythmus spielt. Die Melatonin Tabletten von Natrol liefern 3 mg Melatonin pro Portion und sind eine praktische Erg\u00e4nzung f\u00fcr Personen, die ihren nat\u00fcrlichen Schlafrhythmus unterst\u00fctzen m\u00f6chten \u2013 etwa bei Jetlag oder unregelm\u00e4ssigen Schlafzeiten.<\/p>\n<p>Jede Tablette enth\u00e4lt zudem Vitamin B-6 (als Pyridoxin HCl) und Calcium, die das N\u00e4hrstoffprofil dieses Produkts sinnvoll erg\u00e4nzen. Die Formulierung ist glutenfrei, laktosefrei und vegetarisch, was sie f\u00fcr eine breite Zielgruppe geeignet macht.<\/p>\n<p>Mit 60 Tabletten pro Packung bietet Natrol eine ergiebige und einfach dosierbare Darreichungsform f\u00fcr den gelegentlichen, kurzfristigen Einsatz im Alltag.<\/p>\n<\/p><\/div>\n<div class=\"chcg-nutrition\">\n<h3>N\u00e4hrwertangaben<\/h3>\n<table class=\"chcg-nutrition-table\">\n<thead>\n<tr>\n<th>N\u00e4hrstoff<\/th>\n<th>Pro Portion (1 Tablette)<\/th>\n<\/tr>\n<\/thead>\n<tbody>\n<tr>\n<td>Vitamin B-6 (als Pyridoxin HCl)<\/td>\n<td>10 mg (500 % DV)<\/td>\n<\/tr>\n<tr>\n<td>Calcium (als Calciumcarbonat)<\/td>\n<td>63 mg (6 % DV)<\/td>\n<\/tr>\n<tr>\n<td>Melatonin<\/td>\n<td>3 mg (*)<\/td>\n<\/tr>\n<\/tbody>\n<\/table>\n<p class=\"chcg-footnote\">* Kein festgelegter Tagesreferenzwert vorhanden.<\/p>\n<\/p><\/div>\n<div class=\"chcg-ingredients\">\n<h3>Zutaten<\/h3>\n<p>Mikrokristalline Cellulose, Stearins\u00e4ure, Magnesiumstearat, Cellulosegummi, Siliziumdioxid.<\/p>\n<\/p><\/div>\n<div class=\"chcg-dosage\">\n<h3>Verzehrempfehlung<\/h3>\n<p>Erwachsene nehmen 1 Tablette 30 Minuten vor dem Schlafengehen ein.<\/p>\n<\/p><\/div>\n<div class=\"chcg-warnings\">\n<h3>Warnhinweise<\/h3>\n<p>WARNUNG: Dieses Produkt ist nicht zur Behandlung von Schlaflosigkeit oder anderen Schlafst\u00f6rungen bestimmt. Konsultieren Sie vor der Einnahme einen Arzt, wenn Sie unter 18 Jahre alt sind, Medikamente einnehmen, an einer Erkrankung leiden, schwanger sind oder stillen, oder wenn Sie an einer Autoimmunerkrankung oder einer depressiven St\u00f6rung leiden. Melatonin kann Schl\u00e4frigkeit oder Benommenheit verursachen; nehmen Sie das Produkt nicht ein, wenn Sie ein Fahrzeug lenken, schwere Maschinen bedienen oder Alkohol konsumieren. Bei unerw\u00fcnschten Reaktionen ist die Einnahme zu beenden. Nur zur gelegentlichen, kurzfristigen Anwendung. Verwenden Sie das Produkt ausschliesslich gem\u00e4ss Anweisung und \u00fcberschreiten Sie die empfohlene Dosierung nicht. Dieses Produkt ersetzt keinesfalls gesunde Schlafgewohnheiten. AUSSERHALB DER REICHWEITE VON KINDERN AUFBEWAHREN.<\/p>\n<\/p><\/div>\n<div class=\"chcg-allergens\">\n<h3>Allergeninformationen<\/h3>\n<p>Frei von: Milch, Ei, Fisch, Krustentieren und Schalentieren, Schalenfr\u00fcchten, Erdn\u00fcssen, Weizen, Soja, Hefe, k\u00fcnstlichen Farbstoffen, k\u00fcnstlichen Aromen, zugesetztem Zucker und Konservierungsstoffen.<\/p>\n<\/p><\/div>\n<div class=\"chcg-storage\">\n<h3>Lagerung<\/h3>\n<p>An einem k\u00fchlen, trockenen Ort aufbewahren.<\/p>\n<\/p><\/div>\n<div class=\"chcg-dietary\">\n<h3>Ern\u00e4hrungshinweise<\/h3>\n<ul>\n<li>Vegetarisch<\/li>\n<li>Glutenfrei<\/li>\n<li>Laktosefrei<\/li>\n<\/ul><\/div>\n<\/div>\n","protected":false},"excerpt":{"rendered":"<p>Natrol Melatonin 3mg unterst\u00fctzt den nat\u00fcrlichen Schlaf-Wach-Rhythmus \u2013 ideal bei Jetlag oder unregelm\u00e4ssigen Schlafzeiten. Pro Packung 60 vegetarische, glutenfreie Tabletten. Nur zur gelegentlichen, kurzfristigen Anwendung.<\/p>\n","protected":false},"featured_media":1259,"comment_status":"closed","ping_status":"open","template":"","meta":[],"product_brand":[208],"product_cat":[48,83],"product_tag":[],"class_list":{"0":"post-1258","1":"product","2":"type-product","3":"status-publish","4":"has-post-thumbnail","6":"product_brand-natrol","7":"product_cat-gesunde-ernaehrung","8":"product_cat-schlafunterstuetzung","10":"first","11":"outofstock","12":"taxable","13":"shipping-taxable","14":"purchasable","15":"product-type-simple"},"yoast_head":"<!-- This site is optimized with the Yoast SEO plugin v27.5 - https:\/\/yoast.com\/product\/yoast-seo-wordpress\/ -->\n<title>Melatonin 3mg \u2013 60 Tabletten \u2013 Natrol | ecosupplements.ch<\/title>\n<meta name=\"description\" content=\"Natrol Melatonin 3mg \u2013 60 glutenfreie Tabletten zur Unterst\u00fctzung des Schlaf-Wach-Rhythmus. Jetzt bestellen.\" \/>\n<meta name=\"robots\" content=\"index, follow, max-snippet:-1, max-image-preview:large, max-video-preview:-1\" \/>\n<link rel=\"canonical\" href=\"https:\/\/ecosupplements.ch\/?product=melatonin-3mg-60-tabs\" \/>\n<meta property=\"og:locale\" content=\"de_DE\" \/>\n<meta property=\"og:type\" content=\"article\" \/>\n<meta property=\"og:title\" content=\"Melatonin 3mg \u2013 60 Tabletten \u2013 Natrol | ecosupplements.ch\" \/>\n<meta property=\"og:description\" content=\"Natrol Melatonin 3mg \u2013 60 glutenfreie Tabletten zur Unterst\u00fctzung des Schlaf-Wach-Rhythmus. Jetzt bestellen.\" \/>\n<meta property=\"og:url\" content=\"https:\/\/ecosupplements.ch\/?product=melatonin-3mg-60-tabs\" \/>\n<meta property=\"og:site_name\" content=\"Eco Supplements\" \/>\n<meta property=\"article:modified_time\" content=\"2026-05-13T07:22:49+00:00\" \/>\n<meta property=\"og:image\" content=\"https:\/\/ecosupplements.ch\/wp-content\/uploads\/2026\/05\/Melatonin-3mg-60-tabs.jpg\" \/>\n\t<meta property=\"og:image:width\" content=\"398\" \/>\n\t<meta property=\"og:image:height\" content=\"800\" \/>\n\t<meta property=\"og:image:type\" content=\"image\/jpeg\" \/>\n<meta name=\"twitter:card\" content=\"summary_large_image\" \/>\n<meta name=\"twitter:label1\" content=\"Price\" \/>\n\t<meta name=\"twitter:data1\" content=\"&#067;&#072;&#070;&nbsp;12.26\" \/>\n\t<meta name=\"twitter:label2\" content=\"Availability\" \/>\n\t<meta name=\"twitter:data2\" content=\"Out of stock\" \/>\n<script type=\"application\/ld+json\" class=\"yoast-schema-graph\">{\"@context\":\"https:\\\/\\\/schema.org\",\"@graph\":[{\"@type\":\"WebPage\",\"@id\":\"https:\\\/\\\/ecosupplements.ch\\\/?product=melatonin-3mg-60-tabs\",\"url\":\"https:\\\/\\\/ecosupplements.ch\\\/?product=melatonin-3mg-60-tabs\",\"name\":\"Melatonin 3mg \u2013 60 Tabletten \u2013 Natrol | ecosupplements.ch\",\"isPartOf\":{\"@id\":\"https:\\\/\\\/ecosupplements.ch\\\/#website\"},\"primaryImageOfPage\":{\"@id\":\"https:\\\/\\\/ecosupplements.ch\\\/?product=melatonin-3mg-60-tabs#primaryimage\"},\"image\":{\"@id\":\"https:\\\/\\\/ecosupplements.ch\\\/?product=melatonin-3mg-60-tabs#primaryimage\"},\"thumbnailUrl\":\"https:\\\/\\\/ecosupplements.ch\\\/wp-content\\\/uploads\\\/2026\\\/05\\\/Melatonin-3mg-60-tabs.jpg\",\"datePublished\":\"2026-05-11T14:28:03+00:00\",\"dateModified\":\"2026-05-13T07:22:49+00:00\",\"description\":\"Natrol Melatonin 3mg \u2013 60 glutenfreie Tabletten zur Unterst\u00fctzung des Schlaf-Wach-Rhythmus. Jetzt bestellen.\",\"breadcrumb\":{\"@id\":\"https:\\\/\\\/ecosupplements.ch\\\/?product=melatonin-3mg-60-tabs#breadcrumb\"},\"inLanguage\":\"de-CH\",\"potentialAction\":[{\"@type\":\"ReadAction\",\"target\":[\"https:\\\/\\\/ecosupplements.ch\\\/?product=melatonin-3mg-60-tabs\"]}]},{\"@type\":\"ImageObject\",\"inLanguage\":\"de-CH\",\"@id\":\"https:\\\/\\\/ecosupplements.ch\\\/?product=melatonin-3mg-60-tabs#primaryimage\",\"url\":\"https:\\\/\\\/ecosupplements.ch\\\/wp-content\\\/uploads\\\/2026\\\/05\\\/Melatonin-3mg-60-tabs.jpg\",\"contentUrl\":\"https:\\\/\\\/ecosupplements.ch\\\/wp-content\\\/uploads\\\/2026\\\/05\\\/Melatonin-3mg-60-tabs.jpg\",\"width\":398,\"height\":800,\"caption\":\"Melatonin\"},{\"@type\":\"BreadcrumbList\",\"@id\":\"https:\\\/\\\/ecosupplements.ch\\\/?product=melatonin-3mg-60-tabs#breadcrumb\",\"itemListElement\":[{\"@type\":\"ListItem\",\"position\":1,\"name\":\"Home\",\"item\":\"https:\\\/\\\/ecosupplements.ch\\\/\"},{\"@type\":\"ListItem\",\"position\":2,\"name\":\"Shop\",\"item\":\"https:\\\/\\\/ecosupplements.ch\\\/?page_id=14\"},{\"@type\":\"ListItem\",\"position\":3,\"name\":\"Melatonin, 3mg &#8211; 60 tabs\"}]},{\"@type\":\"WebSite\",\"@id\":\"https:\\\/\\\/ecosupplements.ch\\\/#website\",\"url\":\"https:\\\/\\\/ecosupplements.ch\\\/\",\"name\":\"Eco Supplements\",\"description\":\"\",\"potentialAction\":[{\"@type\":\"SearchAction\",\"target\":{\"@type\":\"EntryPoint\",\"urlTemplate\":\"https:\\\/\\\/ecosupplements.ch\\\/?s={search_term_string}\"},\"query-input\":{\"@type\":\"PropertyValueSpecification\",\"valueRequired\":true,\"valueName\":\"search_term_string\"}}],\"inLanguage\":\"de-CH\"}]}<\/script>\n<meta property=\"product:price:amount\" content=\"12.26\" \/>\n<meta property=\"product:price:currency\" content=\"CHF\" \/>\n<meta property=\"og:availability\" content=\"out of stock\" \/>\n<meta property=\"product:availability\" content=\"out of stock\" \/>\n<meta property=\"product:retailer_item_id\" content=\"047469005108\" \/>\n<meta property=\"product:condition\" content=\"new\" \/>\n<!-- \/ Yoast SEO plugin. -->","yoast_head_json":{"title":"Melatonin 3mg \u2013 60 Tabletten \u2013 Natrol | ecosupplements.ch","description":"Natrol Melatonin 3mg \u2013 60 glutenfreie Tabletten zur Unterst\u00fctzung des Schlaf-Wach-Rhythmus. Jetzt bestellen.","robots":{"index":"index","follow":"follow","max-snippet":"max-snippet:-1","max-image-preview":"max-image-preview:large","max-video-preview":"max-video-preview:-1"},"canonical":"https:\/\/ecosupplements.ch\/?product=melatonin-3mg-60-tabs","og_locale":"de_DE","og_type":"article","og_title":"Melatonin 3mg \u2013 60 Tabletten \u2013 Natrol | ecosupplements.ch","og_description":"Natrol Melatonin 3mg \u2013 60 glutenfreie Tabletten zur Unterst\u00fctzung des Schlaf-Wach-Rhythmus. Jetzt bestellen.","og_url":"https:\/\/ecosupplements.ch\/?product=melatonin-3mg-60-tabs","og_site_name":"Eco Supplements","article_modified_time":"2026-05-13T07:22:49+00:00","og_image":[{"width":398,"height":800,"url":"https:\/\/ecosupplements.ch\/wp-content\/uploads\/2026\/05\/Melatonin-3mg-60-tabs.jpg","type":"image\/jpeg"}],"twitter_card":"summary_large_image","twitter_misc":{"Price":"&#67;&#72;&#70;&nbsp;12.26","Availability":"Out of stock"},"schema":{"@context":"https:\/\/schema.org","@graph":[{"@type":"WebPage","@id":"https:\/\/ecosupplements.ch\/?product=melatonin-3mg-60-tabs","url":"https:\/\/ecosupplements.ch\/?product=melatonin-3mg-60-tabs","name":"Melatonin 3mg \u2013 60 Tabletten \u2013 Natrol | ecosupplements.ch","isPartOf":{"@id":"https:\/\/ecosupplements.ch\/#website"},"primaryImageOfPage":{"@id":"https:\/\/ecosupplements.ch\/?product=melatonin-3mg-60-tabs#primaryimage"},"image":{"@id":"https:\/\/ecosupplements.ch\/?product=melatonin-3mg-60-tabs#primaryimage"},"thumbnailUrl":"https:\/\/ecosupplements.ch\/wp-content\/uploads\/2026\/05\/Melatonin-3mg-60-tabs.jpg","datePublished":"2026-05-11T14:28:03+00:00","dateModified":"2026-05-13T07:22:49+00:00","description":"Natrol Melatonin 3mg \u2013 60 glutenfreie Tabletten zur Unterst\u00fctzung des Schlaf-Wach-Rhythmus. Jetzt bestellen.","breadcrumb":{"@id":"https:\/\/ecosupplements.ch\/?product=melatonin-3mg-60-tabs#breadcrumb"},"inLanguage":"de-CH","potentialAction":[{"@type":"ReadAction","target":["https:\/\/ecosupplements.ch\/?product=melatonin-3mg-60-tabs"]}]},{"@type":"ImageObject","inLanguage":"de-CH","@id":"https:\/\/ecosupplements.ch\/?product=melatonin-3mg-60-tabs#primaryimage","url":"https:\/\/ecosupplements.ch\/wp-content\/uploads\/2026\/05\/Melatonin-3mg-60-tabs.jpg","contentUrl":"https:\/\/ecosupplements.ch\/wp-content\/uploads\/2026\/05\/Melatonin-3mg-60-tabs.jpg","width":398,"height":800,"caption":"Melatonin"},{"@type":"BreadcrumbList","@id":"https:\/\/ecosupplements.ch\/?product=melatonin-3mg-60-tabs#breadcrumb","itemListElement":[{"@type":"ListItem","position":1,"name":"Home","item":"https:\/\/ecosupplements.ch\/"},{"@type":"ListItem","position":2,"name":"Shop","item":"https:\/\/ecosupplements.ch\/?page_id=14"},{"@type":"ListItem","position":3,"name":"Melatonin, 3mg &#8211; 60 tabs"}]},{"@type":"WebSite","@id":"https:\/\/ecosupplements.ch\/#website","url":"https:\/\/ecosupplements.ch\/","name":"Eco Supplements","description":"","potentialAction":[{"@type":"SearchAction","target":{"@type":"EntryPoint","urlTemplate":"https:\/\/ecosupplements.ch\/?s={search_term_string}"},"query-input":{"@type":"PropertyValueSpecification","valueRequired":true,"valueName":"search_term_string"}}],"inLanguage":"de-CH"}]},"product_price_amount":"12.26","product_price_currency":"CHF","og_availability":"out of stock","product_availability":"out of stock","product_retailer_item_id":"047469005108","product_condition":"new"},"_links":{"self":[{"href":"https:\/\/ecosupplements.ch\/index.php?rest_route=\/wp\/v2\/product\/1258","targetHints":{"allow":["GET"]}}],"collection":[{"href":"https:\/\/ecosupplements.ch\/index.php?rest_route=\/wp\/v2\/product"}],"about":[{"href":"https:\/\/ecosupplements.ch\/index.php?rest_route=\/wp\/v2\/types\/product"}],"replies":[{"embeddable":true,"href":"https:\/\/ecosupplements.ch\/index.php?rest_route=%2Fwp%2Fv2%2Fcomments&post=1258"}],"wp:featuredmedia":[{"embeddable":true,"href":"https:\/\/ecosupplements.ch\/index.php?rest_route=\/wp\/v2\/media\/1259"}],"wp:attachment":[{"href":"https:\/\/ecosupplements.ch\/index.php?rest_route=%2Fwp%2Fv2%2Fmedia&parent=1258"}],"wp:term":[{"taxonomy":"product_brand","embeddable":true,"href":"https:\/\/ecosupplements.ch\/index.php?rest_route=%2Fwp%2Fv2%2Fproduct_brand&post=1258"},{"taxonomy":"product_cat","embeddable":true,"href":"https:\/\/ecosupplements.ch\/index.php?rest_route=%2Fwp%2Fv2%2Fproduct_cat&post=1258"},{"taxonomy":"product_tag","embeddable":true,"href":"https:\/\/ecosupplements.ch\/index.php?rest_route=%2Fwp%2Fv2%2Fproduct_tag&post=1258"}],"curies":[{"name":"wp","href":"https:\/\/api.w.org\/{rel}","templated":true}]}}