{"id":1279,"date":"2026-05-11T14:28:12","date_gmt":"2026-05-11T14:28:12","guid":{"rendered":"https:\/\/ecosupplements.ch\/?product=lipo-6-black-ultra-concentrate-60-caps"},"modified":"2026-05-12T18:02:30","modified_gmt":"2026-05-12T18:02:30","slug":"lipo-6-black-ultra-concentrate-60-caps","status":"publish","type":"product","link":"https:\/\/ecosupplements.ch\/?product=lipo-6-black-ultra-concentrate-60-caps","title":{"rendered":"Lipo-6 Black Ultra Concentrate &#8211; 60 caps"},"content":{"rendered":"<div class=\"chcg-product-description\">\n<h2 class=\"chcg-heading\">\u00dcber Nutrex \u2013 Lipo-6 Black Ultra Concentrate \u2013 60 Kapseln<\/h2>\n<div class=\"chcg-intro\">\n<p>Lipo-6 Black Ultra Concentrate von Nutrex ist ein hochdosiertes Nahrungserg\u00e4nzungsmittel in Kapselform, das speziell f\u00fcr Erwachsene entwickelt wurde, die eine pr\u00e4zise dosierte Formel aus ausgew\u00e4hlten Inhaltsstoffen suchen. Die kompakte Packungsgr\u00f6sse von 60 Kapseln entspricht einem vollst\u00e4ndigen Monatsbedarf bei der empfohlenen Tagesdosis von 2 Kapseln.<\/p>\n<p>Die Formel vereint Caffeine Anhydrous, N-acetyl-L-tyrosine sowie pflanzliche Extrakte wie Paullinia Cupana, Citrus Aurantium und Capsicum Annuum. Erg\u00e4nzt wird die Rezeptur durch Piper Nigrum (als Bioperine\u00ae) und Chrom in Form von Chrompicolinat. Chrom tr\u00e4gt zu einem normalen Makron\u00e4hrstoffstoffwechsel sowie zur Aufrechterhaltung eines normalen Blutzuckerspiegels bei.<\/p>\n<p>Mit seinem hohen Koffeingehalt (350 mg pro Tagesportion) ist Lipo-6 Black Ultra Concentrate ausdr\u00fccklich f\u00fcr gesunde Erwachsene bestimmt, die keine Empfindlichkeit gegen\u00fcber Koffein aufweisen. Die vegane Kapsel auf Basis von Hydroxypropylmethylcellulose macht das Produkt geeignet f\u00fcr vegane und vegetarische Ern\u00e4hrungsweisen.<\/p>\n<\/p><\/div>\n<div class=\"chcg-nutrition\">\n<h3>N\u00e4hrwertangaben<\/h3>\n<table class=\"chcg-nutrition-table\">\n<thead>\n<tr>\n<th>N\u00e4hrstoff<\/th>\n<th>Pro Portion (2 Kapseln)<\/th>\n<\/tr>\n<\/thead>\n<tbody>\n<tr>\n<td>Chrom (als Chrompicolinat)<\/td>\n<td>200 \u00b5g (500% NRV)<\/td>\n<\/tr>\n<tr>\n<td>Caffeine Anhydrous<\/td>\n<td>350 mg*<\/td>\n<\/tr>\n<tr>\n<td>N-acetyl-L-tyrosine<\/td>\n<td>236 mg*<\/td>\n<\/tr>\n<tr>\n<td>Paullinia Cupana (Samen)<\/td>\n<td>200 mg*<\/td>\n<\/tr>\n<tr>\n<td>Citrus Aurantium (Frucht)<\/td>\n<td>20 mg*<\/td>\n<\/tr>\n<tr>\n<td>Capsicum Annuum (Frucht)<\/td>\n<td>10 mg*<\/td>\n<\/tr>\n<tr>\n<td>Piper Nigrum (Frucht) (als Bioperine\u00ae)<\/td>\n<td>10 mg*<\/td>\n<\/tr>\n<\/tbody>\n<\/table>\n<p class=\"chcg-footnote\">NRV = Referenzmenge f\u00fcr die t\u00e4gliche Zufuhr (Nutrient Reference Value)<\/p>\n<p class=\"chcg-footnote\">* Kein festgelegter Referenzwert f\u00fcr die t\u00e4gliche Zufuhr<\/p>\n<\/p><\/div>\n<div class=\"chcg-ingredients\">\n<h3>Zutaten<\/h3>\n<p>Caffeine Anhydrous, N-acetyl-L-tyrosine, Paullinia Cupana (Samen), Citrus Aurantium (Frucht), Capsicum Annuum (Frucht), Piper Nigrum (Frucht) (als Bioperine\u00ae), Chrom (als Chrompicolinat), Feuchthaltemittel: Glycerol; vegetarische Kapsel (Verdickungsmittel: Hydroxypropylmethylcellulose), Farbstoff: Kupferkomplexe von Chlorophyllen und Chlorophyllinen; gereinigtes Wasser.<\/p>\n<p class=\"chcg-capsule-shell\">Kapselh\u00fclle: Vegetarische Kapsel (Verdickungsmittel: Hydroxypropylmethylcellulose), Farbstoff: Kupferkomplexe von Chlorophyllen und Chlorophyllinen<\/p>\n<\/p><\/div>\n<div class=\"chcg-dosage\">\n<h3>Verzehrempfehlung<\/h3>\n<p>Die empfohlene Tagesdosis f\u00fcr Erwachsene betr\u00e4gt 2 Kapseln: 1 Kapsel am Morgen und 1 Kapsel am Nachmittag. Nicht zu den Mahlzeiten einnehmen. Mindestens 1 Stunde vor einer Mahlzeit konsumieren. Nicht innerhalb von sechs Stunden vor dem Schlafen einnehmen. Empfohlene Tagesportion: 2 Kapseln.<\/p>\n<\/p><\/div>\n<div class=\"chcg-warnings\">\n<h3>Warnhinweise<\/h3>\n<p>Nahrungserg\u00e4nzungsmittel sollten nicht als Ersatz f\u00fcr eine abwechslungsreiche Ern\u00e4hrung verwendet werden. Ausserhalb der Reichweite von Kleinkindern aufbewahren. Nicht empfohlen f\u00fcr Personen unter 18 Jahren. Nicht geeignet f\u00fcr Kinder oder Personen, die empfindlich auf Koffein reagieren. Hoher Koffeingehalt. Nicht verwenden w\u00e4hrend der Schwangerschaft oder Stillzeit. Schwangere oder Frauen, die schwanger werden k\u00f6nnten, sollten vor der Einnahme oder Verwendung dieses Produkts einen Arzt oder Apotheker konsultieren. Andere Koffeinquellen wie Medikamente, Lebensmittel oder Getr\u00e4nke w\u00e4hrend der Anwendung dieses Produkts beachten. Die empfohlene Dosis nicht \u00fcberschreiten. Nicht in Kombination mit Alkohol verwenden.<\/p>\n<\/p><\/div>\n<div class=\"chcg-allergens\">\n<h3>Allergeninformationen<\/h3>\n<p>Auf dem Etikett sind keine Allergene deklariert.<\/p>\n<\/p><\/div>\n<div class=\"chcg-storage\">\n<h3>Lagerung<\/h3>\n<p>An einem k\u00fchlen, trockenen Ort lagern. Ausserhalb der Reichweite von Kleinkindern aufbewahren.<\/p>\n<\/p><\/div>\n<div class=\"chcg-dietary\">\n<h3>Ern\u00e4hrungshinweise<\/h3>\n<ul>\n<li>Vegan<\/li>\n<li>Vegetarisch<\/li>\n<\/ul><\/div>\n<\/div>\n","protected":false},"excerpt":{"rendered":"<p>Lipo-6 Black Ultra Concentrate von Nutrex liefert 350 mg Caffeine Anhydrous und Chrom pro Tagesportion. Erh\u00e4ltlich als vegane Kapseln, 60 St\u00fcck pro Packung \u2013 f\u00fcr einen vollen Monatsbedarf.<\/p>\n","protected":false},"featured_media":1280,"comment_status":"closed","ping_status":"open","template":"","meta":[],"product_brand":[444],"product_cat":[15],"product_tag":[],"class_list":{"0":"post-1279","1":"product","2":"type-product","3":"status-publish","4":"has-post-thumbnail","6":"product_brand-nutrex","7":"product_cat-uncategorized","9":"first","10":"outofstock","11":"taxable","12":"shipping-taxable","13":"purchasable","14":"product-type-simple"},"yoast_head":"<!-- This site is optimized with the Yoast SEO plugin v27.5 - https:\/\/yoast.com\/product\/yoast-seo-wordpress\/ -->\n<title>Lipo-6 Black Ultra Concentrate 60 Kapseln \u2013 Nutrex | ecosupplements.ch<\/title>\n<meta name=\"description\" content=\"Lipo-6 Black Ultra Concentrate von Nutrex \u2013 350 mg Koffein und Chrom pro Tagesportion, 60 vegane Kapseln. Jetzt bestellen.\" \/>\n<meta name=\"robots\" content=\"index, follow, max-snippet:-1, max-image-preview:large, max-video-preview:-1\" \/>\n<link rel=\"canonical\" href=\"https:\/\/ecosupplements.ch\/?product=lipo-6-black-ultra-concentrate-60-caps\" \/>\n<meta property=\"og:locale\" content=\"de_DE\" \/>\n<meta property=\"og:type\" content=\"article\" \/>\n<meta property=\"og:title\" content=\"Lipo-6 Black Ultra Concentrate 60 Kapseln \u2013 Nutrex | ecosupplements.ch\" \/>\n<meta property=\"og:description\" content=\"Lipo-6 Black Ultra Concentrate von Nutrex \u2013 350 mg Koffein und Chrom pro Tagesportion, 60 vegane Kapseln. Jetzt bestellen.\" \/>\n<meta property=\"og:url\" content=\"https:\/\/ecosupplements.ch\/?product=lipo-6-black-ultra-concentrate-60-caps\" \/>\n<meta property=\"og:site_name\" content=\"Eco Supplements\" \/>\n<meta property=\"article:modified_time\" content=\"2026-05-12T18:02:30+00:00\" \/>\n<meta property=\"og:image\" content=\"https:\/\/ecosupplements.ch\/wp-content\/uploads\/2026\/05\/Lipo-6-Black-Ultra-Concentrate-60-caps.jpg\" \/>\n\t<meta property=\"og:image:width\" content=\"665\" \/>\n\t<meta property=\"og:image:height\" content=\"1056\" \/>\n\t<meta property=\"og:image:type\" content=\"image\/jpeg\" \/>\n<meta name=\"twitter:card\" content=\"summary_large_image\" \/>\n<meta name=\"twitter:label1\" content=\"Price\" \/>\n\t<meta name=\"twitter:data1\" content=\"&#067;&#072;&#070;&nbsp;27.41\" \/>\n\t<meta name=\"twitter:label2\" content=\"Availability\" \/>\n\t<meta name=\"twitter:data2\" content=\"Out of stock\" \/>\n<script type=\"application\/ld+json\" class=\"yoast-schema-graph\">{\"@context\":\"https:\\\/\\\/schema.org\",\"@graph\":[{\"@type\":\"WebPage\",\"@id\":\"https:\\\/\\\/ecosupplements.ch\\\/?product=lipo-6-black-ultra-concentrate-60-caps\",\"url\":\"https:\\\/\\\/ecosupplements.ch\\\/?product=lipo-6-black-ultra-concentrate-60-caps\",\"name\":\"Lipo-6 Black Ultra Concentrate 60 Kapseln \u2013 Nutrex | ecosupplements.ch\",\"isPartOf\":{\"@id\":\"https:\\\/\\\/ecosupplements.ch\\\/#website\"},\"primaryImageOfPage\":{\"@id\":\"https:\\\/\\\/ecosupplements.ch\\\/?product=lipo-6-black-ultra-concentrate-60-caps#primaryimage\"},\"image\":{\"@id\":\"https:\\\/\\\/ecosupplements.ch\\\/?product=lipo-6-black-ultra-concentrate-60-caps#primaryimage\"},\"thumbnailUrl\":\"https:\\\/\\\/ecosupplements.ch\\\/wp-content\\\/uploads\\\/2026\\\/05\\\/Lipo-6-Black-Ultra-Concentrate-60-caps.jpg\",\"datePublished\":\"2026-05-11T14:28:12+00:00\",\"dateModified\":\"2026-05-12T18:02:30+00:00\",\"description\":\"Lipo-6 Black Ultra Concentrate von Nutrex \u2013 350 mg Koffein und Chrom pro Tagesportion, 60 vegane Kapseln. Jetzt bestellen.\",\"breadcrumb\":{\"@id\":\"https:\\\/\\\/ecosupplements.ch\\\/?product=lipo-6-black-ultra-concentrate-60-caps#breadcrumb\"},\"inLanguage\":\"de-CH\",\"potentialAction\":[{\"@type\":\"ReadAction\",\"target\":[\"https:\\\/\\\/ecosupplements.ch\\\/?product=lipo-6-black-ultra-concentrate-60-caps\"]}]},{\"@type\":\"ImageObject\",\"inLanguage\":\"de-CH\",\"@id\":\"https:\\\/\\\/ecosupplements.ch\\\/?product=lipo-6-black-ultra-concentrate-60-caps#primaryimage\",\"url\":\"https:\\\/\\\/ecosupplements.ch\\\/wp-content\\\/uploads\\\/2026\\\/05\\\/Lipo-6-Black-Ultra-Concentrate-60-caps.jpg\",\"contentUrl\":\"https:\\\/\\\/ecosupplements.ch\\\/wp-content\\\/uploads\\\/2026\\\/05\\\/Lipo-6-Black-Ultra-Concentrate-60-caps.jpg\",\"width\":665,\"height\":1056,\"caption\":\"Lipo-6 Black Ultra Concentrate - 60 caps\"},{\"@type\":\"BreadcrumbList\",\"@id\":\"https:\\\/\\\/ecosupplements.ch\\\/?product=lipo-6-black-ultra-concentrate-60-caps#breadcrumb\",\"itemListElement\":[{\"@type\":\"ListItem\",\"position\":1,\"name\":\"Home\",\"item\":\"https:\\\/\\\/ecosupplements.ch\\\/\"},{\"@type\":\"ListItem\",\"position\":2,\"name\":\"Shop\",\"item\":\"https:\\\/\\\/ecosupplements.ch\\\/?page_id=14\"},{\"@type\":\"ListItem\",\"position\":3,\"name\":\"Lipo-6 Black Ultra Concentrate &#8211; 60 caps\"}]},{\"@type\":\"WebSite\",\"@id\":\"https:\\\/\\\/ecosupplements.ch\\\/#website\",\"url\":\"https:\\\/\\\/ecosupplements.ch\\\/\",\"name\":\"Eco Supplements\",\"description\":\"\",\"potentialAction\":[{\"@type\":\"SearchAction\",\"target\":{\"@type\":\"EntryPoint\",\"urlTemplate\":\"https:\\\/\\\/ecosupplements.ch\\\/?s={search_term_string}\"},\"query-input\":{\"@type\":\"PropertyValueSpecification\",\"valueRequired\":true,\"valueName\":\"search_term_string\"}}],\"inLanguage\":\"de-CH\"}]}<\/script>\n<meta property=\"product:price:amount\" content=\"27.41\" \/>\n<meta property=\"product:price:currency\" content=\"CHF\" \/>\n<meta property=\"og:availability\" content=\"out of stock\" \/>\n<meta property=\"product:availability\" content=\"out of stock\" \/>\n<meta property=\"product:retailer_item_id\" content=\"859400007382\" \/>\n<meta property=\"product:condition\" content=\"new\" \/>\n<!-- \/ Yoast SEO plugin. -->","yoast_head_json":{"title":"Lipo-6 Black Ultra Concentrate 60 Kapseln \u2013 Nutrex | ecosupplements.ch","description":"Lipo-6 Black Ultra Concentrate von Nutrex \u2013 350 mg Koffein und Chrom pro Tagesportion, 60 vegane Kapseln. Jetzt bestellen.","robots":{"index":"index","follow":"follow","max-snippet":"max-snippet:-1","max-image-preview":"max-image-preview:large","max-video-preview":"max-video-preview:-1"},"canonical":"https:\/\/ecosupplements.ch\/?product=lipo-6-black-ultra-concentrate-60-caps","og_locale":"de_DE","og_type":"article","og_title":"Lipo-6 Black Ultra Concentrate 60 Kapseln \u2013 Nutrex | ecosupplements.ch","og_description":"Lipo-6 Black Ultra Concentrate von Nutrex \u2013 350 mg Koffein und Chrom pro Tagesportion, 60 vegane Kapseln. Jetzt bestellen.","og_url":"https:\/\/ecosupplements.ch\/?product=lipo-6-black-ultra-concentrate-60-caps","og_site_name":"Eco Supplements","article_modified_time":"2026-05-12T18:02:30+00:00","og_image":[{"width":665,"height":1056,"url":"https:\/\/ecosupplements.ch\/wp-content\/uploads\/2026\/05\/Lipo-6-Black-Ultra-Concentrate-60-caps.jpg","type":"image\/jpeg"}],"twitter_card":"summary_large_image","twitter_misc":{"Price":"&#67;&#72;&#70;&nbsp;27.41","Availability":"Out of stock"},"schema":{"@context":"https:\/\/schema.org","@graph":[{"@type":"WebPage","@id":"https:\/\/ecosupplements.ch\/?product=lipo-6-black-ultra-concentrate-60-caps","url":"https:\/\/ecosupplements.ch\/?product=lipo-6-black-ultra-concentrate-60-caps","name":"Lipo-6 Black Ultra Concentrate 60 Kapseln \u2013 Nutrex | ecosupplements.ch","isPartOf":{"@id":"https:\/\/ecosupplements.ch\/#website"},"primaryImageOfPage":{"@id":"https:\/\/ecosupplements.ch\/?product=lipo-6-black-ultra-concentrate-60-caps#primaryimage"},"image":{"@id":"https:\/\/ecosupplements.ch\/?product=lipo-6-black-ultra-concentrate-60-caps#primaryimage"},"thumbnailUrl":"https:\/\/ecosupplements.ch\/wp-content\/uploads\/2026\/05\/Lipo-6-Black-Ultra-Concentrate-60-caps.jpg","datePublished":"2026-05-11T14:28:12+00:00","dateModified":"2026-05-12T18:02:30+00:00","description":"Lipo-6 Black Ultra Concentrate von Nutrex \u2013 350 mg Koffein und Chrom pro Tagesportion, 60 vegane Kapseln. Jetzt bestellen.","breadcrumb":{"@id":"https:\/\/ecosupplements.ch\/?product=lipo-6-black-ultra-concentrate-60-caps#breadcrumb"},"inLanguage":"de-CH","potentialAction":[{"@type":"ReadAction","target":["https:\/\/ecosupplements.ch\/?product=lipo-6-black-ultra-concentrate-60-caps"]}]},{"@type":"ImageObject","inLanguage":"de-CH","@id":"https:\/\/ecosupplements.ch\/?product=lipo-6-black-ultra-concentrate-60-caps#primaryimage","url":"https:\/\/ecosupplements.ch\/wp-content\/uploads\/2026\/05\/Lipo-6-Black-Ultra-Concentrate-60-caps.jpg","contentUrl":"https:\/\/ecosupplements.ch\/wp-content\/uploads\/2026\/05\/Lipo-6-Black-Ultra-Concentrate-60-caps.jpg","width":665,"height":1056,"caption":"Lipo-6 Black Ultra Concentrate - 60 caps"},{"@type":"BreadcrumbList","@id":"https:\/\/ecosupplements.ch\/?product=lipo-6-black-ultra-concentrate-60-caps#breadcrumb","itemListElement":[{"@type":"ListItem","position":1,"name":"Home","item":"https:\/\/ecosupplements.ch\/"},{"@type":"ListItem","position":2,"name":"Shop","item":"https:\/\/ecosupplements.ch\/?page_id=14"},{"@type":"ListItem","position":3,"name":"Lipo-6 Black Ultra Concentrate &#8211; 60 caps"}]},{"@type":"WebSite","@id":"https:\/\/ecosupplements.ch\/#website","url":"https:\/\/ecosupplements.ch\/","name":"Eco Supplements","description":"","potentialAction":[{"@type":"SearchAction","target":{"@type":"EntryPoint","urlTemplate":"https:\/\/ecosupplements.ch\/?s={search_term_string}"},"query-input":{"@type":"PropertyValueSpecification","valueRequired":true,"valueName":"search_term_string"}}],"inLanguage":"de-CH"}]},"product_price_amount":"27.41","product_price_currency":"CHF","og_availability":"out of stock","product_availability":"out of stock","product_retailer_item_id":"859400007382","product_condition":"new"},"_links":{"self":[{"href":"https:\/\/ecosupplements.ch\/index.php?rest_route=\/wp\/v2\/product\/1279","targetHints":{"allow":["GET"]}}],"collection":[{"href":"https:\/\/ecosupplements.ch\/index.php?rest_route=\/wp\/v2\/product"}],"about":[{"href":"https:\/\/ecosupplements.ch\/index.php?rest_route=\/wp\/v2\/types\/product"}],"replies":[{"embeddable":true,"href":"https:\/\/ecosupplements.ch\/index.php?rest_route=%2Fwp%2Fv2%2Fcomments&post=1279"}],"wp:featuredmedia":[{"embeddable":true,"href":"https:\/\/ecosupplements.ch\/index.php?rest_route=\/wp\/v2\/media\/1280"}],"wp:attachment":[{"href":"https:\/\/ecosupplements.ch\/index.php?rest_route=%2Fwp%2Fv2%2Fmedia&parent=1279"}],"wp:term":[{"taxonomy":"product_brand","embeddable":true,"href":"https:\/\/ecosupplements.ch\/index.php?rest_route=%2Fwp%2Fv2%2Fproduct_brand&post=1279"},{"taxonomy":"product_cat","embeddable":true,"href":"https:\/\/ecosupplements.ch\/index.php?rest_route=%2Fwp%2Fv2%2Fproduct_cat&post=1279"},{"taxonomy":"product_tag","embeddable":true,"href":"https:\/\/ecosupplements.ch\/index.php?rest_route=%2Fwp%2Fv2%2Fproduct_tag&post=1279"}],"curies":[{"name":"wp","href":"https:\/\/api.w.org\/{rel}","templated":true}]}}