{"id":1281,"date":"2026-05-11T14:28:13","date_gmt":"2026-05-11T14:28:13","guid":{"rendered":"https:\/\/ecosupplements.ch\/?product=chanca-piedra-500mg-120-vegan-caps"},"modified":"2026-05-13T07:26:57","modified_gmt":"2026-05-13T07:26:57","slug":"chanca-piedra-500mg-120-vegan-caps","status":"publish","type":"product","link":"https:\/\/ecosupplements.ch\/?product=chanca-piedra-500mg-120-vegan-caps","title":{"rendered":"Chanca Piedra, 500mg &#8211; 120 vegan caps"},"content":{"rendered":"<div class=\"chcg-product-description\">\n<h2 class=\"chcg-heading\">\u00dcber Osavi \u2013 Chanca Piedra, 500mg \u2013 120 vegane Kapseln<\/h2>\n<div class=\"chcg-intro\">\n<p>Chanca Piedra (<em>Phyllanthus niruri<\/em>) ist eine traditionelle Heilpflanze, die in tropischen Regionen S\u00fcdamerikas, Asiens und Afrikas beheimatet ist. Der Name \u00abChanca Piedra\u00bb stammt aus dem Spanischen und bedeutet w\u00f6rtlich \u00abSteinbrecher\u00bb \u2013 ein Hinweis auf die langj\u00e4hrige volksmedizinische Anwendung dieser Pflanze. Osavi setzt auf einen hochwertigen 10:1-Extrakt, der in jeder Kapsel einer Wirkstoffmenge entspricht, die 5000 mg getrocknetem Kraut gleichwertig ist.<\/p>\n<p>Das Produkt eignet sich f\u00fcr alle, die gezielt von den nat\u00fcrlichen Eigenschaften des Phyllanthus-niruri-Extrakts profitieren m\u00f6chten. Dank der veganen Kapsel aus Hydroxypropylmethylcellulose (HPMC) ist dieses Supplement sowohl f\u00fcr Veganer als auch f\u00fcr Vegetarier geeignet. Die Rezeptur ist frei von Gluten, Laktose und Soja.<\/p>\n<p>Mit 120 Kapseln pro Packung bietet Osavi einen Vorrat f\u00fcr volle vier Monate bei t\u00e4glicher Einnahme. Die kompakte Kapselform erleichtert die unkomplizierte Integration in den Alltag \u2013 eine Kapsel pro Tag nach einer Mahlzeit gen\u00fcgt.<\/p>\n<\/p><\/div>\n<div class=\"chcg-nutrition\">\n<h3>N\u00e4hrwertangaben<\/h3>\n<table class=\"chcg-nutrition-table\">\n<thead>\n<tr>\n<th>N\u00e4hrstoff<\/th>\n<th>Pro Portion (1 Kapsel)<\/th>\n<\/tr>\n<\/thead>\n<tbody>\n<tr>\n<td>Chanca piedra (<em>Phyllanthus niruri<\/em>) Krautextrakt, DER 10:1<\/td>\n<td>500 mg<\/td>\n<\/tr>\n<tr>\n<td>\u2013 entspricht getrocknetem Kraut<\/td>\n<td>5000 mg<\/td>\n<\/tr>\n<\/tbody>\n<\/table>\n<p class=\"chcg-footnote\">* Kein festgelegter Tagesreferenzwert.<\/p>\n<\/p><\/div>\n<div class=\"chcg-ingredients\">\n<h3>Zutaten<\/h3>\n<p>Chanca-piedra-Krautextrakt (<em>Phyllanthus niruri<\/em>), DER 10:1; H\u00fclle (Hydroxypropylmethylcellulose); Inulin.<\/p>\n<p class=\"chcg-capsule-shell\">Kapselh\u00fclle: Hydroxypropylmethylcellulose (HPMC) \u2013 pflanzliche Kapsel.<\/p>\n<\/p><\/div>\n<div class=\"chcg-dosage\">\n<h3>Verzehrempfehlung<\/h3>\n<p>1 Kapsel pro Tag nach einer Mahlzeit (morgens oder nachmittags). Mit einem Glas Wasser einnehmen.<\/p>\n<\/p><\/div>\n<div class=\"chcg-warnings\">\n<h3>Warnhinweise<\/h3>\n<p>Die empfohlene Tagesdosis darf nicht \u00fcberschritten werden. Nicht f\u00fcr Kinder, w\u00e4hrend der Schwangerschaft und in der Stillzeit geeignet. Konsultieren Sie vor der Einnahme dieses Produkts Ihre Apothekerin, Ihren Apotheker oder Ihre \u00c4rztin, Ihren Arzt, wenn Sie schwanger werden m\u00f6chten, unter \u00e4rztlicher Aufsicht stehen oder an Lebensmittelallergien leiden. Nahrungserg\u00e4nzungsmittel sollten nicht als Ersatz f\u00fcr eine ausgewogene Ern\u00e4hrung verwendet werden. Eine abwechslungsreiche Ern\u00e4hrung und ein gesunder Lebensstil sind wichtig, um die normale Gesundheit zu erhalten. K\u00fchl, dunkel und trocken bei Raumtemperatur und ausserhalb der Reichweite von Kindern aufbewahren.<\/p>\n<\/p><\/div>\n<div class=\"chcg-allergens\">\n<h3>Allergeninformationen<\/h3>\n<p>Keine Allergene deklariert. Frei von Gluten, Laktose und Soja.<\/p>\n<\/p><\/div>\n<div class=\"chcg-storage\">\n<h3>Lagerung<\/h3>\n<p>An einem dunklen und trockenen Ort bei Raumtemperatur und ausserhalb der Reichweite von Kindern aufbewahren.<\/p>\n<\/p><\/div>\n<div class=\"chcg-dietary\">\n<h3>Ern\u00e4hrungshinweise<\/h3>\n<ul>\n<li>Vegan<\/li>\n<li>Vegetarisch<\/li>\n<li>Glutenfrei<\/li>\n<li>Laktosefrei<\/li>\n<\/ul><\/div>\n<\/div>\n","protected":false},"excerpt":{"rendered":"<p>Osavi Chanca Piedra liefert 500 mg Phyllanthus-niruri-Extrakt (10:1) pro veganer Kapsel \u2013 entsprechend 5000 mg getrocknetem Kraut. 120 Kapseln f\u00fcr 4 Monate, glutenfrei und laktosefrei.<\/p>\n","protected":false},"featured_media":1282,"comment_status":"closed","ping_status":"open","template":"","meta":[],"product_brand":[219],"product_cat":[48,25],"product_tag":[],"class_list":{"0":"post-1281","1":"product","2":"type-product","3":"status-publish","4":"has-post-thumbnail","6":"product_brand-osavi","7":"product_cat-gesunde-ernaehrung","8":"product_cat-gesundheit-und-wohlbefinden","10":"first","11":"outofstock","12":"taxable","13":"shipping-taxable","14":"purchasable","15":"product-type-simple"},"yoast_head":"<!-- This site is optimized with the Yoast SEO plugin v27.5 - https:\/\/yoast.com\/product\/yoast-seo-wordpress\/ -->\n<title>Chanca Piedra 500mg, 120 vegane Kapseln \u2013 Osavi | ecosupplements.ch<\/title>\n<meta name=\"description\" content=\"Osavi Chanca Piedra mit 500 mg Phyllanthus-niruri-Extrakt (10:1) pro Kapsel \u2013 vegan, glutenfrei, 120 Kapseln. Jetzt bestellen.\" \/>\n<meta name=\"robots\" content=\"index, follow, max-snippet:-1, max-image-preview:large, max-video-preview:-1\" \/>\n<link rel=\"canonical\" href=\"https:\/\/ecosupplements.ch\/?product=chanca-piedra-500mg-120-vegan-caps\" \/>\n<meta property=\"og:locale\" content=\"de_DE\" \/>\n<meta property=\"og:type\" content=\"article\" \/>\n<meta property=\"og:title\" content=\"Chanca Piedra 500mg, 120 vegane Kapseln \u2013 Osavi | ecosupplements.ch\" \/>\n<meta property=\"og:description\" content=\"Osavi Chanca Piedra mit 500 mg Phyllanthus-niruri-Extrakt (10:1) pro Kapsel \u2013 vegan, glutenfrei, 120 Kapseln. Jetzt bestellen.\" \/>\n<meta property=\"og:url\" content=\"https:\/\/ecosupplements.ch\/?product=chanca-piedra-500mg-120-vegan-caps\" \/>\n<meta property=\"og:site_name\" content=\"Eco Supplements\" \/>\n<meta property=\"article:modified_time\" content=\"2026-05-13T07:26:57+00:00\" \/>\n<meta property=\"og:image\" content=\"https:\/\/ecosupplements.ch\/wp-content\/uploads\/2026\/05\/Chanca-Piedra-500mg-120-vegan-caps.jpg\" \/>\n\t<meta property=\"og:image:width\" content=\"1776\" \/>\n\t<meta property=\"og:image:height\" content=\"2560\" \/>\n\t<meta property=\"og:image:type\" content=\"image\/jpeg\" \/>\n<meta name=\"twitter:card\" content=\"summary_large_image\" \/>\n<meta name=\"twitter:label1\" content=\"Price\" \/>\n\t<meta name=\"twitter:data1\" content=\"&#067;&#072;&#070;&nbsp;17.38\" \/>\n\t<meta name=\"twitter:label2\" content=\"Availability\" \/>\n\t<meta name=\"twitter:data2\" content=\"Out of stock\" \/>\n<script type=\"application\/ld+json\" class=\"yoast-schema-graph\">{\"@context\":\"https:\\\/\\\/schema.org\",\"@graph\":[{\"@type\":\"WebPage\",\"@id\":\"https:\\\/\\\/ecosupplements.ch\\\/?product=chanca-piedra-500mg-120-vegan-caps\",\"url\":\"https:\\\/\\\/ecosupplements.ch\\\/?product=chanca-piedra-500mg-120-vegan-caps\",\"name\":\"Chanca Piedra 500mg, 120 vegane Kapseln \u2013 Osavi | ecosupplements.ch\",\"isPartOf\":{\"@id\":\"https:\\\/\\\/ecosupplements.ch\\\/#website\"},\"primaryImageOfPage\":{\"@id\":\"https:\\\/\\\/ecosupplements.ch\\\/?product=chanca-piedra-500mg-120-vegan-caps#primaryimage\"},\"image\":{\"@id\":\"https:\\\/\\\/ecosupplements.ch\\\/?product=chanca-piedra-500mg-120-vegan-caps#primaryimage\"},\"thumbnailUrl\":\"https:\\\/\\\/ecosupplements.ch\\\/wp-content\\\/uploads\\\/2026\\\/05\\\/Chanca-Piedra-500mg-120-vegan-caps.jpg\",\"datePublished\":\"2026-05-11T14:28:13+00:00\",\"dateModified\":\"2026-05-13T07:26:57+00:00\",\"description\":\"Osavi Chanca Piedra mit 500 mg Phyllanthus-niruri-Extrakt (10:1) pro Kapsel \u2013 vegan, glutenfrei, 120 Kapseln. Jetzt bestellen.\",\"breadcrumb\":{\"@id\":\"https:\\\/\\\/ecosupplements.ch\\\/?product=chanca-piedra-500mg-120-vegan-caps#breadcrumb\"},\"inLanguage\":\"de-CH\",\"potentialAction\":[{\"@type\":\"ReadAction\",\"target\":[\"https:\\\/\\\/ecosupplements.ch\\\/?product=chanca-piedra-500mg-120-vegan-caps\"]}]},{\"@type\":\"ImageObject\",\"inLanguage\":\"de-CH\",\"@id\":\"https:\\\/\\\/ecosupplements.ch\\\/?product=chanca-piedra-500mg-120-vegan-caps#primaryimage\",\"url\":\"https:\\\/\\\/ecosupplements.ch\\\/wp-content\\\/uploads\\\/2026\\\/05\\\/Chanca-Piedra-500mg-120-vegan-caps.jpg\",\"contentUrl\":\"https:\\\/\\\/ecosupplements.ch\\\/wp-content\\\/uploads\\\/2026\\\/05\\\/Chanca-Piedra-500mg-120-vegan-caps.jpg\",\"width\":1776,\"height\":2560,\"caption\":\"Chanca Piedra\"},{\"@type\":\"BreadcrumbList\",\"@id\":\"https:\\\/\\\/ecosupplements.ch\\\/?product=chanca-piedra-500mg-120-vegan-caps#breadcrumb\",\"itemListElement\":[{\"@type\":\"ListItem\",\"position\":1,\"name\":\"Home\",\"item\":\"https:\\\/\\\/ecosupplements.ch\\\/\"},{\"@type\":\"ListItem\",\"position\":2,\"name\":\"Shop\",\"item\":\"https:\\\/\\\/ecosupplements.ch\\\/?page_id=14\"},{\"@type\":\"ListItem\",\"position\":3,\"name\":\"Chanca Piedra, 500mg &#8211; 120 vegan caps\"}]},{\"@type\":\"WebSite\",\"@id\":\"https:\\\/\\\/ecosupplements.ch\\\/#website\",\"url\":\"https:\\\/\\\/ecosupplements.ch\\\/\",\"name\":\"Eco Supplements\",\"description\":\"\",\"potentialAction\":[{\"@type\":\"SearchAction\",\"target\":{\"@type\":\"EntryPoint\",\"urlTemplate\":\"https:\\\/\\\/ecosupplements.ch\\\/?s={search_term_string}\"},\"query-input\":{\"@type\":\"PropertyValueSpecification\",\"valueRequired\":true,\"valueName\":\"search_term_string\"}}],\"inLanguage\":\"de-CH\"}]}<\/script>\n<meta property=\"product:price:amount\" content=\"17.38\" \/>\n<meta property=\"product:price:currency\" content=\"CHF\" \/>\n<meta property=\"og:availability\" content=\"out of stock\" \/>\n<meta property=\"product:availability\" content=\"out of stock\" \/>\n<meta property=\"product:retailer_item_id\" content=\"5904139925508\" \/>\n<meta property=\"product:condition\" content=\"new\" \/>\n<!-- \/ Yoast SEO plugin. -->","yoast_head_json":{"title":"Chanca Piedra 500mg, 120 vegane Kapseln \u2013 Osavi | ecosupplements.ch","description":"Osavi Chanca Piedra mit 500 mg Phyllanthus-niruri-Extrakt (10:1) pro Kapsel \u2013 vegan, glutenfrei, 120 Kapseln. Jetzt bestellen.","robots":{"index":"index","follow":"follow","max-snippet":"max-snippet:-1","max-image-preview":"max-image-preview:large","max-video-preview":"max-video-preview:-1"},"canonical":"https:\/\/ecosupplements.ch\/?product=chanca-piedra-500mg-120-vegan-caps","og_locale":"de_DE","og_type":"article","og_title":"Chanca Piedra 500mg, 120 vegane Kapseln \u2013 Osavi | ecosupplements.ch","og_description":"Osavi Chanca Piedra mit 500 mg Phyllanthus-niruri-Extrakt (10:1) pro Kapsel \u2013 vegan, glutenfrei, 120 Kapseln. Jetzt bestellen.","og_url":"https:\/\/ecosupplements.ch\/?product=chanca-piedra-500mg-120-vegan-caps","og_site_name":"Eco Supplements","article_modified_time":"2026-05-13T07:26:57+00:00","og_image":[{"width":1776,"height":2560,"url":"https:\/\/ecosupplements.ch\/wp-content\/uploads\/2026\/05\/Chanca-Piedra-500mg-120-vegan-caps.jpg","type":"image\/jpeg"}],"twitter_card":"summary_large_image","twitter_misc":{"Price":"&#67;&#72;&#70;&nbsp;17.38","Availability":"Out of stock"},"schema":{"@context":"https:\/\/schema.org","@graph":[{"@type":"WebPage","@id":"https:\/\/ecosupplements.ch\/?product=chanca-piedra-500mg-120-vegan-caps","url":"https:\/\/ecosupplements.ch\/?product=chanca-piedra-500mg-120-vegan-caps","name":"Chanca Piedra 500mg, 120 vegane Kapseln \u2013 Osavi | ecosupplements.ch","isPartOf":{"@id":"https:\/\/ecosupplements.ch\/#website"},"primaryImageOfPage":{"@id":"https:\/\/ecosupplements.ch\/?product=chanca-piedra-500mg-120-vegan-caps#primaryimage"},"image":{"@id":"https:\/\/ecosupplements.ch\/?product=chanca-piedra-500mg-120-vegan-caps#primaryimage"},"thumbnailUrl":"https:\/\/ecosupplements.ch\/wp-content\/uploads\/2026\/05\/Chanca-Piedra-500mg-120-vegan-caps.jpg","datePublished":"2026-05-11T14:28:13+00:00","dateModified":"2026-05-13T07:26:57+00:00","description":"Osavi Chanca Piedra mit 500 mg Phyllanthus-niruri-Extrakt (10:1) pro Kapsel \u2013 vegan, glutenfrei, 120 Kapseln. Jetzt bestellen.","breadcrumb":{"@id":"https:\/\/ecosupplements.ch\/?product=chanca-piedra-500mg-120-vegan-caps#breadcrumb"},"inLanguage":"de-CH","potentialAction":[{"@type":"ReadAction","target":["https:\/\/ecosupplements.ch\/?product=chanca-piedra-500mg-120-vegan-caps"]}]},{"@type":"ImageObject","inLanguage":"de-CH","@id":"https:\/\/ecosupplements.ch\/?product=chanca-piedra-500mg-120-vegan-caps#primaryimage","url":"https:\/\/ecosupplements.ch\/wp-content\/uploads\/2026\/05\/Chanca-Piedra-500mg-120-vegan-caps.jpg","contentUrl":"https:\/\/ecosupplements.ch\/wp-content\/uploads\/2026\/05\/Chanca-Piedra-500mg-120-vegan-caps.jpg","width":1776,"height":2560,"caption":"Chanca Piedra"},{"@type":"BreadcrumbList","@id":"https:\/\/ecosupplements.ch\/?product=chanca-piedra-500mg-120-vegan-caps#breadcrumb","itemListElement":[{"@type":"ListItem","position":1,"name":"Home","item":"https:\/\/ecosupplements.ch\/"},{"@type":"ListItem","position":2,"name":"Shop","item":"https:\/\/ecosupplements.ch\/?page_id=14"},{"@type":"ListItem","position":3,"name":"Chanca Piedra, 500mg &#8211; 120 vegan caps"}]},{"@type":"WebSite","@id":"https:\/\/ecosupplements.ch\/#website","url":"https:\/\/ecosupplements.ch\/","name":"Eco Supplements","description":"","potentialAction":[{"@type":"SearchAction","target":{"@type":"EntryPoint","urlTemplate":"https:\/\/ecosupplements.ch\/?s={search_term_string}"},"query-input":{"@type":"PropertyValueSpecification","valueRequired":true,"valueName":"search_term_string"}}],"inLanguage":"de-CH"}]},"product_price_amount":"17.38","product_price_currency":"CHF","og_availability":"out of stock","product_availability":"out of stock","product_retailer_item_id":"5904139925508","product_condition":"new"},"_links":{"self":[{"href":"https:\/\/ecosupplements.ch\/index.php?rest_route=\/wp\/v2\/product\/1281","targetHints":{"allow":["GET"]}}],"collection":[{"href":"https:\/\/ecosupplements.ch\/index.php?rest_route=\/wp\/v2\/product"}],"about":[{"href":"https:\/\/ecosupplements.ch\/index.php?rest_route=\/wp\/v2\/types\/product"}],"replies":[{"embeddable":true,"href":"https:\/\/ecosupplements.ch\/index.php?rest_route=%2Fwp%2Fv2%2Fcomments&post=1281"}],"wp:featuredmedia":[{"embeddable":true,"href":"https:\/\/ecosupplements.ch\/index.php?rest_route=\/wp\/v2\/media\/1282"}],"wp:attachment":[{"href":"https:\/\/ecosupplements.ch\/index.php?rest_route=%2Fwp%2Fv2%2Fmedia&parent=1281"}],"wp:term":[{"taxonomy":"product_brand","embeddable":true,"href":"https:\/\/ecosupplements.ch\/index.php?rest_route=%2Fwp%2Fv2%2Fproduct_brand&post=1281"},{"taxonomy":"product_cat","embeddable":true,"href":"https:\/\/ecosupplements.ch\/index.php?rest_route=%2Fwp%2Fv2%2Fproduct_cat&post=1281"},{"taxonomy":"product_tag","embeddable":true,"href":"https:\/\/ecosupplements.ch\/index.php?rest_route=%2Fwp%2Fv2%2Fproduct_tag&post=1281"}],"curies":[{"name":"wp","href":"https:\/\/api.w.org\/{rel}","templated":true}]}}