{"id":1285,"date":"2026-05-11T14:28:15","date_gmt":"2026-05-11T14:28:15","guid":{"rendered":"https:\/\/ecosupplements.ch\/?product=herbal-sleep-support-melatonin-free-120-vegan-caps"},"modified":"2026-05-13T07:25:29","modified_gmt":"2026-05-13T07:25:29","slug":"herbal-sleep-support-melatonin-free-120-vegan-caps","status":"publish","type":"product","link":"https:\/\/ecosupplements.ch\/?product=herbal-sleep-support-melatonin-free-120-vegan-caps","title":{"rendered":"Herbal Sleep Support (Melatonin Free) &#8211; 120 vegan caps"},"content":{"rendered":"<div class=\"chcg-product-description\">\n<h2 class=\"chcg-heading\">\u00dcber Osavi \u2013 Herbal Sleep Support (Melatonin Free) \u2013 120 vegane Kapseln<\/h2>\n<div class=\"chcg-intro\">\n<p>Osavi Herbal Sleep Support ist eine sorgf\u00e4ltig zusammengestellte Pflanzenkombination f\u00fcr alle, die eine nat\u00fcrliche Unterst\u00fctzung f\u00fcr einen erholsamen Schlaf suchen \u2013 ganz ohne Melatonin. Die Formel vereint drei traditionsreiche Heilpflanzen: Passionsblume, Hopfen und Zitronenmelisse, jeweils als standardisierter Extrakt mit definierten Wirkstoffgehalten.<\/p>\n<p>Die Passionsblumenwurzel (Passiflora incarnata) wird mit einem Extraktverh\u00e4ltnis von 6:1 und einem Mindestgehalt von 3,5 % Vitexin eingesetzt. Hopfenzapfenextrakt (5:1, mind. 0,5 % Flavonoide) und Zitronenmelissenblattextrakt (4:1, mind. 2 % Rosmarins\u00e4ure) erg\u00e4nzen die Kombination. Alle drei Pflanzen sind seit Jahrhunderten in der europ\u00e4ischen Kr\u00e4utertradition bekannt und gut dokumentiert.<\/p>\n<p>Das Produkt ist vegan, glutenfrei und laktosefrei \u2013 ohne Melatonin, Soja oder gentechnisch ver\u00e4nderte Zutaten. Mit 120 Kapseln pro Packung bietet Osavi Herbal Sleep Support einen Vorrat f\u00fcr vier Monate bei der empfohlenen Tagesdosis.<\/p>\n<\/p><\/div>\n<div class=\"chcg-nutrition\">\n<h3>N\u00e4hrwertangaben<\/h3>\n<table class=\"chcg-nutrition-table\">\n<thead>\n<tr>\n<th>N\u00e4hrstoff<\/th>\n<th>Pro Portion (1 Kapsel)<\/th>\n<\/tr>\n<\/thead>\n<tbody>\n<tr>\n<td>Passionsblume (Passiflora incarnata) Krautextrakt, DER 6:1<\/td>\n<td>250 mg<\/td>\n<\/tr>\n<tr>\n<td>\u2013 davon mind. 3,5 % Vitexin<\/td>\n<td>8,75 mg<\/td>\n<\/tr>\n<tr>\n<td>Hopfen (Humulus lupulus) Zapfenextrakt, DER 5:1<\/td>\n<td>100 mg<\/td>\n<\/tr>\n<tr>\n<td>\u2013 davon mind. 0,5 % Flavonoide (als Rutin berechnet)<\/td>\n<td>0,50 mg<\/td>\n<\/tr>\n<tr>\n<td>Zitronenmelisse (Melissa officinalis) Blattextrakt, DER 4:1<\/td>\n<td>80 mg<\/td>\n<\/tr>\n<tr>\n<td>\u2013 davon mind. 2 % Rosmarins\u00e4ure<\/td>\n<td>1,60 mg<\/td>\n<\/tr>\n<\/tbody>\n<\/table>\n<p class=\"chcg-footnote\">* Kein festgelegter Tagesreferenzwert.<\/p>\n<\/p><\/div>\n<div class=\"chcg-ingredients\">\n<h3>Zutaten<\/h3>\n<p>Passionsblume (Passiflora incarnata) Krautextrakt, DER 6:1, standardisiert auf: (mind. 3,5 % Vitexin), Hopfen (Humulus lupulus) Zapfenextrakt, DER 5:1, standardisiert auf: (mind. 0,5 % Flavonoide (als Rutin berechnet)), Zitronenmelisse (Melissa officinalis) Blattextrakt, DER 4:1, standardisiert auf: (mind. 2 % Rosmarins\u00e4ure), H\u00fclle (Hydroxypropylmethylcellulose), Inulin.<\/p>\n<p class=\"chcg-capsule-shell\">Kapselh\u00fclle: Hydroxypropylmethylcellulose (HPMC)<\/p>\n<\/p><\/div>\n<div class=\"chcg-dosage\">\n<h3>Verzehrempfehlung<\/h3>\n<p>Empfohlene Tagesdosis: 1 Kapsel, 1 Stunde vor dem Schlafengehen, mit einem Glas Wasser schlucken.<\/p>\n<\/p><\/div>\n<div class=\"chcg-warnings\">\n<h3>Warnhinweise<\/h3>\n<p>Die empfohlene Tagesdosis sollte nicht \u00fcberschritten werden. Nicht empfohlen f\u00fcr Kinder sowie w\u00e4hrend der Schwangerschaft und Stillzeit. Nahrungserg\u00e4nzungsmittel sollten nicht als Ersatz f\u00fcr eine ausgewogene Ern\u00e4hrung verwendet werden. Eine abwechslungsreiche Ern\u00e4hrung und ein gesunder Lebensstil sind wichtig, um die normale Gesundheit zu erhalten.<\/p>\n<\/p><\/div>\n<div class=\"chcg-allergens\">\n<h3>Allergeninformationen<\/h3>\n<p>Keine Allergene deklariert. Frei von Gluten, Soja, Laktose und gentechnisch ver\u00e4nderten Organismen (GMO).<\/p>\n<\/p><\/div>\n<div class=\"chcg-storage\">\n<h3>Lagerung<\/h3>\n<p>An einem dunklen und trockenen Ort bei Raumtemperatur lagern. Ausserhalb der Reichweite von Kindern aufbewahren.<\/p>\n<\/p><\/div>\n<div class=\"chcg-dietary\">\n<h3>Ern\u00e4hrungshinweise<\/h3>\n<ul>\n<li>Vegan<\/li>\n<li>Vegetarisch<\/li>\n<li>Glutenfrei<\/li>\n<li>Laktosefrei<\/li>\n<\/ul><\/div>\n<\/div>\n","protected":false},"excerpt":{"rendered":"<p>Osavi Herbal Sleep Support kombiniert Passionsblume, Hopfen und Zitronenmelisse als standardisierte Extrakte \u2013 melatoninfrei und 100 % vegan. 120 Kapseln f\u00fcr einen erholsamen Abend.<\/p>\n","protected":false},"featured_media":1286,"comment_status":"closed","ping_status":"open","template":"","meta":[],"product_brand":[219],"product_cat":[48,25,32,83,21],"product_tag":[],"class_list":{"0":"post-1285","1":"product","2":"type-product","3":"status-publish","4":"has-post-thumbnail","6":"product_brand-osavi","7":"product_cat-gesunde-ernaehrung","8":"product_cat-gesundheit-und-wohlbefinden","9":"product_cat-nahrungsergaenzungsmittel-fuer-frauen","10":"product_cat-schlafunterstuetzung","11":"product_cat-vitamine-und-mineralstoffe","13":"first","14":"outofstock","15":"taxable","16":"shipping-taxable","17":"purchasable","18":"product-type-simple"},"yoast_head":"<!-- This site is optimized with the Yoast SEO plugin v27.5 - https:\/\/yoast.com\/product\/yoast-seo-wordpress\/ -->\n<title>Herbal Sleep Support Melatonin Free \u2013 Osavi | ecosupplements.ch<\/title>\n<meta name=\"description\" content=\"Pflanzliche Schlafunterst\u00fctzung mit Passionsblume, Hopfen &amp; Zitronenmelisse \u2013 melatoninfrei, vegan, 120 Kapseln. Jetzt bestellen.\" \/>\n<meta name=\"robots\" content=\"index, follow, max-snippet:-1, max-image-preview:large, max-video-preview:-1\" \/>\n<link rel=\"canonical\" href=\"https:\/\/ecosupplements.ch\/?product=herbal-sleep-support-melatonin-free-120-vegan-caps\" \/>\n<meta property=\"og:locale\" content=\"de_DE\" \/>\n<meta property=\"og:type\" content=\"article\" \/>\n<meta property=\"og:title\" content=\"Herbal Sleep Support Melatonin Free \u2013 Osavi | ecosupplements.ch\" \/>\n<meta property=\"og:description\" content=\"Pflanzliche Schlafunterst\u00fctzung mit Passionsblume, Hopfen &amp; Zitronenmelisse \u2013 melatoninfrei, vegan, 120 Kapseln. Jetzt bestellen.\" \/>\n<meta property=\"og:url\" content=\"https:\/\/ecosupplements.ch\/?product=herbal-sleep-support-melatonin-free-120-vegan-caps\" \/>\n<meta property=\"og:site_name\" content=\"Eco Supplements\" \/>\n<meta property=\"article:modified_time\" content=\"2026-05-13T07:25:29+00:00\" \/>\n<meta property=\"og:image\" content=\"https:\/\/ecosupplements.ch\/wp-content\/uploads\/2026\/05\/Herbal-Sleep-Support-Melatonin-Free-120-vegan-caps.jpg\" \/>\n\t<meta property=\"og:image:width\" content=\"481\" \/>\n\t<meta property=\"og:image:height\" content=\"750\" \/>\n\t<meta property=\"og:image:type\" content=\"image\/jpeg\" \/>\n<meta name=\"twitter:card\" content=\"summary_large_image\" \/>\n<meta name=\"twitter:label1\" content=\"Price\" \/>\n\t<meta name=\"twitter:data1\" content=\"&#067;&#072;&#070;&nbsp;16.75\" \/>\n\t<meta name=\"twitter:label2\" content=\"Availability\" \/>\n\t<meta name=\"twitter:data2\" content=\"Out of stock\" \/>\n<script type=\"application\/ld+json\" class=\"yoast-schema-graph\">{\"@context\":\"https:\\\/\\\/schema.org\",\"@graph\":[{\"@type\":\"WebPage\",\"@id\":\"https:\\\/\\\/ecosupplements.ch\\\/?product=herbal-sleep-support-melatonin-free-120-vegan-caps\",\"url\":\"https:\\\/\\\/ecosupplements.ch\\\/?product=herbal-sleep-support-melatonin-free-120-vegan-caps\",\"name\":\"Herbal Sleep Support Melatonin Free \u2013 Osavi | ecosupplements.ch\",\"isPartOf\":{\"@id\":\"https:\\\/\\\/ecosupplements.ch\\\/#website\"},\"primaryImageOfPage\":{\"@id\":\"https:\\\/\\\/ecosupplements.ch\\\/?product=herbal-sleep-support-melatonin-free-120-vegan-caps#primaryimage\"},\"image\":{\"@id\":\"https:\\\/\\\/ecosupplements.ch\\\/?product=herbal-sleep-support-melatonin-free-120-vegan-caps#primaryimage\"},\"thumbnailUrl\":\"https:\\\/\\\/ecosupplements.ch\\\/wp-content\\\/uploads\\\/2026\\\/05\\\/Herbal-Sleep-Support-Melatonin-Free-120-vegan-caps.jpg\",\"datePublished\":\"2026-05-11T14:28:15+00:00\",\"dateModified\":\"2026-05-13T07:25:29+00:00\",\"description\":\"Pflanzliche Schlafunterst\u00fctzung mit Passionsblume, Hopfen & Zitronenmelisse \u2013 melatoninfrei, vegan, 120 Kapseln. Jetzt bestellen.\",\"breadcrumb\":{\"@id\":\"https:\\\/\\\/ecosupplements.ch\\\/?product=herbal-sleep-support-melatonin-free-120-vegan-caps#breadcrumb\"},\"inLanguage\":\"de-CH\",\"potentialAction\":[{\"@type\":\"ReadAction\",\"target\":[\"https:\\\/\\\/ecosupplements.ch\\\/?product=herbal-sleep-support-melatonin-free-120-vegan-caps\"]}]},{\"@type\":\"ImageObject\",\"inLanguage\":\"de-CH\",\"@id\":\"https:\\\/\\\/ecosupplements.ch\\\/?product=herbal-sleep-support-melatonin-free-120-vegan-caps#primaryimage\",\"url\":\"https:\\\/\\\/ecosupplements.ch\\\/wp-content\\\/uploads\\\/2026\\\/05\\\/Herbal-Sleep-Support-Melatonin-Free-120-vegan-caps.jpg\",\"contentUrl\":\"https:\\\/\\\/ecosupplements.ch\\\/wp-content\\\/uploads\\\/2026\\\/05\\\/Herbal-Sleep-Support-Melatonin-Free-120-vegan-caps.jpg\",\"width\":481,\"height\":750,\"caption\":\"Herbal Sleep Support (Melatonin Free) - 120 vegan caps\"},{\"@type\":\"BreadcrumbList\",\"@id\":\"https:\\\/\\\/ecosupplements.ch\\\/?product=herbal-sleep-support-melatonin-free-120-vegan-caps#breadcrumb\",\"itemListElement\":[{\"@type\":\"ListItem\",\"position\":1,\"name\":\"Home\",\"item\":\"https:\\\/\\\/ecosupplements.ch\\\/\"},{\"@type\":\"ListItem\",\"position\":2,\"name\":\"Shop\",\"item\":\"https:\\\/\\\/ecosupplements.ch\\\/?page_id=14\"},{\"@type\":\"ListItem\",\"position\":3,\"name\":\"Herbal Sleep Support (Melatonin Free) &#8211; 120 vegan caps\"}]},{\"@type\":\"WebSite\",\"@id\":\"https:\\\/\\\/ecosupplements.ch\\\/#website\",\"url\":\"https:\\\/\\\/ecosupplements.ch\\\/\",\"name\":\"Eco Supplements\",\"description\":\"\",\"potentialAction\":[{\"@type\":\"SearchAction\",\"target\":{\"@type\":\"EntryPoint\",\"urlTemplate\":\"https:\\\/\\\/ecosupplements.ch\\\/?s={search_term_string}\"},\"query-input\":{\"@type\":\"PropertyValueSpecification\",\"valueRequired\":true,\"valueName\":\"search_term_string\"}}],\"inLanguage\":\"de-CH\"}]}<\/script>\n<meta property=\"product:price:amount\" content=\"16.75\" \/>\n<meta property=\"product:price:currency\" content=\"CHF\" \/>\n<meta property=\"og:availability\" content=\"out of stock\" \/>\n<meta property=\"product:availability\" content=\"out of stock\" \/>\n<meta property=\"product:retailer_item_id\" content=\"5904139922439\" \/>\n<meta property=\"product:condition\" content=\"new\" \/>\n<!-- \/ Yoast SEO plugin. -->","yoast_head_json":{"title":"Herbal Sleep Support Melatonin Free \u2013 Osavi | ecosupplements.ch","description":"Pflanzliche Schlafunterst\u00fctzung mit Passionsblume, Hopfen & Zitronenmelisse \u2013 melatoninfrei, vegan, 120 Kapseln. Jetzt bestellen.","robots":{"index":"index","follow":"follow","max-snippet":"max-snippet:-1","max-image-preview":"max-image-preview:large","max-video-preview":"max-video-preview:-1"},"canonical":"https:\/\/ecosupplements.ch\/?product=herbal-sleep-support-melatonin-free-120-vegan-caps","og_locale":"de_DE","og_type":"article","og_title":"Herbal Sleep Support Melatonin Free \u2013 Osavi | ecosupplements.ch","og_description":"Pflanzliche Schlafunterst\u00fctzung mit Passionsblume, Hopfen & Zitronenmelisse \u2013 melatoninfrei, vegan, 120 Kapseln. Jetzt bestellen.","og_url":"https:\/\/ecosupplements.ch\/?product=herbal-sleep-support-melatonin-free-120-vegan-caps","og_site_name":"Eco Supplements","article_modified_time":"2026-05-13T07:25:29+00:00","og_image":[{"width":481,"height":750,"url":"https:\/\/ecosupplements.ch\/wp-content\/uploads\/2026\/05\/Herbal-Sleep-Support-Melatonin-Free-120-vegan-caps.jpg","type":"image\/jpeg"}],"twitter_card":"summary_large_image","twitter_misc":{"Price":"&#67;&#72;&#70;&nbsp;16.75","Availability":"Out of stock"},"schema":{"@context":"https:\/\/schema.org","@graph":[{"@type":"WebPage","@id":"https:\/\/ecosupplements.ch\/?product=herbal-sleep-support-melatonin-free-120-vegan-caps","url":"https:\/\/ecosupplements.ch\/?product=herbal-sleep-support-melatonin-free-120-vegan-caps","name":"Herbal Sleep Support Melatonin Free \u2013 Osavi | ecosupplements.ch","isPartOf":{"@id":"https:\/\/ecosupplements.ch\/#website"},"primaryImageOfPage":{"@id":"https:\/\/ecosupplements.ch\/?product=herbal-sleep-support-melatonin-free-120-vegan-caps#primaryimage"},"image":{"@id":"https:\/\/ecosupplements.ch\/?product=herbal-sleep-support-melatonin-free-120-vegan-caps#primaryimage"},"thumbnailUrl":"https:\/\/ecosupplements.ch\/wp-content\/uploads\/2026\/05\/Herbal-Sleep-Support-Melatonin-Free-120-vegan-caps.jpg","datePublished":"2026-05-11T14:28:15+00:00","dateModified":"2026-05-13T07:25:29+00:00","description":"Pflanzliche Schlafunterst\u00fctzung mit Passionsblume, Hopfen & Zitronenmelisse \u2013 melatoninfrei, vegan, 120 Kapseln. Jetzt bestellen.","breadcrumb":{"@id":"https:\/\/ecosupplements.ch\/?product=herbal-sleep-support-melatonin-free-120-vegan-caps#breadcrumb"},"inLanguage":"de-CH","potentialAction":[{"@type":"ReadAction","target":["https:\/\/ecosupplements.ch\/?product=herbal-sleep-support-melatonin-free-120-vegan-caps"]}]},{"@type":"ImageObject","inLanguage":"de-CH","@id":"https:\/\/ecosupplements.ch\/?product=herbal-sleep-support-melatonin-free-120-vegan-caps#primaryimage","url":"https:\/\/ecosupplements.ch\/wp-content\/uploads\/2026\/05\/Herbal-Sleep-Support-Melatonin-Free-120-vegan-caps.jpg","contentUrl":"https:\/\/ecosupplements.ch\/wp-content\/uploads\/2026\/05\/Herbal-Sleep-Support-Melatonin-Free-120-vegan-caps.jpg","width":481,"height":750,"caption":"Herbal Sleep Support (Melatonin Free) - 120 vegan caps"},{"@type":"BreadcrumbList","@id":"https:\/\/ecosupplements.ch\/?product=herbal-sleep-support-melatonin-free-120-vegan-caps#breadcrumb","itemListElement":[{"@type":"ListItem","position":1,"name":"Home","item":"https:\/\/ecosupplements.ch\/"},{"@type":"ListItem","position":2,"name":"Shop","item":"https:\/\/ecosupplements.ch\/?page_id=14"},{"@type":"ListItem","position":3,"name":"Herbal Sleep Support (Melatonin Free) &#8211; 120 vegan caps"}]},{"@type":"WebSite","@id":"https:\/\/ecosupplements.ch\/#website","url":"https:\/\/ecosupplements.ch\/","name":"Eco Supplements","description":"","potentialAction":[{"@type":"SearchAction","target":{"@type":"EntryPoint","urlTemplate":"https:\/\/ecosupplements.ch\/?s={search_term_string}"},"query-input":{"@type":"PropertyValueSpecification","valueRequired":true,"valueName":"search_term_string"}}],"inLanguage":"de-CH"}]},"product_price_amount":"16.75","product_price_currency":"CHF","og_availability":"out of stock","product_availability":"out of stock","product_retailer_item_id":"5904139922439","product_condition":"new"},"_links":{"self":[{"href":"https:\/\/ecosupplements.ch\/index.php?rest_route=\/wp\/v2\/product\/1285","targetHints":{"allow":["GET"]}}],"collection":[{"href":"https:\/\/ecosupplements.ch\/index.php?rest_route=\/wp\/v2\/product"}],"about":[{"href":"https:\/\/ecosupplements.ch\/index.php?rest_route=\/wp\/v2\/types\/product"}],"replies":[{"embeddable":true,"href":"https:\/\/ecosupplements.ch\/index.php?rest_route=%2Fwp%2Fv2%2Fcomments&post=1285"}],"wp:featuredmedia":[{"embeddable":true,"href":"https:\/\/ecosupplements.ch\/index.php?rest_route=\/wp\/v2\/media\/1286"}],"wp:attachment":[{"href":"https:\/\/ecosupplements.ch\/index.php?rest_route=%2Fwp%2Fv2%2Fmedia&parent=1285"}],"wp:term":[{"taxonomy":"product_brand","embeddable":true,"href":"https:\/\/ecosupplements.ch\/index.php?rest_route=%2Fwp%2Fv2%2Fproduct_brand&post=1285"},{"taxonomy":"product_cat","embeddable":true,"href":"https:\/\/ecosupplements.ch\/index.php?rest_route=%2Fwp%2Fv2%2Fproduct_cat&post=1285"},{"taxonomy":"product_tag","embeddable":true,"href":"https:\/\/ecosupplements.ch\/index.php?rest_route=%2Fwp%2Fv2%2Fproduct_tag&post=1285"}],"curies":[{"name":"wp","href":"https:\/\/api.w.org\/{rel}","templated":true}]}}