{"id":1307,"date":"2026-05-11T14:28:26","date_gmt":"2026-05-11T14:28:26","guid":{"rendered":"https:\/\/ecosupplements.ch\/?product=full-spectrum-black-raspberry-425mg-60-caps"},"modified":"2026-05-13T07:23:50","modified_gmt":"2026-05-13T07:23:50","slug":"full-spectrum-black-raspberry-425mg-60-caps","status":"publish","type":"product","link":"https:\/\/ecosupplements.ch\/?product=full-spectrum-black-raspberry-425mg-60-caps","title":{"rendered":"Full Spectrum Black Raspberry, 425mg &#8211; 60 caps"},"content":{"rendered":"<div class=\"chcg-product-description\">\n<h2 class=\"chcg-heading\">\u00dcber Swanson \u2013 Full Spectrum Black Raspberry, 425mg \u2013 60 Kapseln<\/h2>\n<div class=\"chcg-intro\">\n<p>Schwarze Himbeeren geh\u00f6ren zu den n\u00e4hrstoffreichsten Beeren \u00fcberhaupt und werden seit Langem f\u00fcr ihre aussergew\u00f6hnliche Dichte an nat\u00fcrlichen Pflanzenstoffen gesch\u00e4tzt. Swanson Full Spectrum Black Raspberry liefert pro Kapsel 425 mg Schwarze-Himbeer-Fruchtextrakt in hochwertiger Qualit\u00e4t \u2013 konzentriert und pur, ohne unn\u00f6tige Zusatzstoffe.<\/p>\n<p>Das \u201eFull Spectrum&#187;-Konzept steht daf\u00fcr, dass die gesamte Frucht verarbeitet wird, um das vollst\u00e4ndige nat\u00fcrliche Profil der Schwarzen Himbeere zu erhalten. So profitieren Sie von einer breiten Auswahl an nat\u00fcrlichen Inhaltsstoffen, die in dieser Beere von Natur aus vorkommen.<\/p>\n<p>Mit 60 Kapseln pro Packung und einer flexiblen Dosierempfehlung von einer bis drei Kapseln t\u00e4glich ist dieses Produkt unkompliziert in den Alltag integrierbar \u2013 ideal f\u00fcr alle, die ihren Speiseplan gezielt mit nat\u00fcrlichen Pflanzenstoffen erg\u00e4nzen m\u00f6chten.<\/p>\n<\/p><\/div>\n<div class=\"chcg-nutrition\">\n<h3>N\u00e4hrwertangaben<\/h3>\n<table class=\"chcg-nutrition-table\">\n<thead>\n<tr>\n<th>N\u00e4hrstoff<\/th>\n<th>Pro Portion (1 Kapsel)<\/th>\n<\/tr>\n<\/thead>\n<tbody>\n<tr>\n<td>Schwarze Himbeere (Frucht)<\/td>\n<td>425 mg *<\/td>\n<\/tr>\n<\/tbody>\n<\/table>\n<p class=\"chcg-footnote\">* Kein etablierter t\u00e4glicher Referenzwert.<\/p>\n<\/p><\/div>\n<div class=\"chcg-ingredients\">\n<h3>Zutaten<\/h3>\n<p>Schwarze Himbeere (Frucht) 425 mg. Weitere Zutaten: Maltodextrin, Gelatine, Reismehl, Magnesiumstearat, Siliciumdioxid.<\/p>\n<p class=\"chcg-capsule-shell\">Kapselh\u00fclle: Gelatine<\/p>\n<\/p><\/div>\n<div class=\"chcg-dosage\">\n<h3>Verzehrempfehlung<\/h3>\n<p>Als Nahrungserg\u00e4nzungsmittel eine Kapsel ein- bis zweimal t\u00e4glich mit Wasser einnehmen. F\u00fcr optimale Wirkung k\u00f6nnen bis zu drei Kapseln pro Tag eingenommen werden.<\/p>\n<\/p><\/div>\n<div class=\"chcg-warnings\">\n<h3>Warnhinweise<\/h3>\n<p>Nur f\u00fcr Erwachsene. Konsultieren Sie vor der Einnahme dieses oder eines anderen Produkts Ihren Arzt oder Ihre \u00c4rztin, wenn Sie schwanger sind oder stillen, Medikamente einnehmen oder an einer Erkrankung leiden. Ausserhalb der Reichweite von Kindern aufbewahren. Nicht verwenden, wenn die Siegelfolie besch\u00e4digt ist.<\/p>\n<\/p><\/div>\n<div class=\"chcg-allergens\">\n<h3>Allergeninformationen<\/h3>\n<p>Auf dem Etikett sind keine Allergene deklariert.<\/p>\n<\/p><\/div>\n<div class=\"chcg-storage\">\n<h3>Lagerung<\/h3>\n<p>An einem k\u00fchlen, trockenen Ort aufbewahren.<\/p>\n<\/p><\/div>\n<div class=\"chcg-dietary\">\n<h3>Ern\u00e4hrungshinweise<\/h3>\n<ul>\n<li>Laktosefrei<\/li>\n<\/ul><\/div>\n<\/div>\n","protected":false},"excerpt":{"rendered":"<p>Swanson Full Spectrum Black Raspberry liefert 425 mg Schwarze-Himbeer-Fruchtextrakt pro Kapsel f\u00fcr eine gezielte Erg\u00e4nzung mit nat\u00fcrlichen Pflanzenstoffen. Packung mit 60 Kapseln.<\/p>\n","protected":false},"featured_media":1308,"comment_status":"closed","ping_status":"open","template":"","meta":[],"product_brand":[16],"product_cat":[48,25,44,21],"product_tag":[],"class_list":{"0":"post-1307","1":"product","2":"type-product","3":"status-publish","4":"has-post-thumbnail","6":"product_brand-swanson","7":"product_cat-gesunde-ernaehrung","8":"product_cat-gesundheit-und-wohlbefinden","9":"product_cat-pflanzliche-nahrungsergaenzungsmittel","10":"product_cat-vitamine-und-mineralstoffe","12":"first","13":"outofstock","14":"taxable","15":"shipping-taxable","16":"purchasable","17":"product-type-simple"},"yoast_head":"<!-- This site is optimized with the Yoast SEO plugin v27.5 - https:\/\/yoast.com\/product\/yoast-seo-wordpress\/ -->\n<title>Full Spectrum Black Raspberry 425mg \u2013 Swanson | ecosupplements.ch<\/title>\n<meta name=\"description\" content=\"425 mg Schwarze-Himbeer-Fruchtextrakt pro Kapsel \u2013 nat\u00fcrliche Pflanzenstoffe konzentriert in 60 Kapseln. Jetzt bestellen.\" \/>\n<meta name=\"robots\" content=\"index, follow, max-snippet:-1, max-image-preview:large, max-video-preview:-1\" \/>\n<link rel=\"canonical\" href=\"https:\/\/ecosupplements.ch\/?product=full-spectrum-black-raspberry-425mg-60-caps\" \/>\n<meta property=\"og:locale\" content=\"de_DE\" \/>\n<meta property=\"og:type\" content=\"article\" \/>\n<meta property=\"og:title\" content=\"Full Spectrum Black Raspberry 425mg \u2013 Swanson | ecosupplements.ch\" \/>\n<meta property=\"og:description\" content=\"425 mg Schwarze-Himbeer-Fruchtextrakt pro Kapsel \u2013 nat\u00fcrliche Pflanzenstoffe konzentriert in 60 Kapseln. Jetzt bestellen.\" \/>\n<meta property=\"og:url\" content=\"https:\/\/ecosupplements.ch\/?product=full-spectrum-black-raspberry-425mg-60-caps\" \/>\n<meta property=\"og:site_name\" content=\"Eco Supplements\" \/>\n<meta property=\"article:modified_time\" content=\"2026-05-13T07:23:50+00:00\" \/>\n<meta property=\"og:image\" content=\"https:\/\/ecosupplements.ch\/wp-content\/uploads\/2026\/05\/Full-Spectrum-Black-Raspberry-425mg-60-caps-1.jpg\" \/>\n\t<meta property=\"og:image:width\" content=\"650\" \/>\n\t<meta property=\"og:image:height\" content=\"650\" \/>\n\t<meta property=\"og:image:type\" content=\"image\/jpeg\" \/>\n<meta name=\"twitter:card\" content=\"summary_large_image\" \/>\n<meta name=\"twitter:label1\" content=\"Price\" \/>\n\t<meta name=\"twitter:data1\" content=\"&#067;&#072;&#070;&nbsp;9.25\" \/>\n\t<meta name=\"twitter:label2\" content=\"Availability\" \/>\n\t<meta name=\"twitter:data2\" content=\"Out of stock\" \/>\n<script type=\"application\/ld+json\" class=\"yoast-schema-graph\">{\"@context\":\"https:\\\/\\\/schema.org\",\"@graph\":[{\"@type\":\"WebPage\",\"@id\":\"https:\\\/\\\/ecosupplements.ch\\\/?product=full-spectrum-black-raspberry-425mg-60-caps\",\"url\":\"https:\\\/\\\/ecosupplements.ch\\\/?product=full-spectrum-black-raspberry-425mg-60-caps\",\"name\":\"Full Spectrum Black Raspberry 425mg \u2013 Swanson | ecosupplements.ch\",\"isPartOf\":{\"@id\":\"https:\\\/\\\/ecosupplements.ch\\\/#website\"},\"primaryImageOfPage\":{\"@id\":\"https:\\\/\\\/ecosupplements.ch\\\/?product=full-spectrum-black-raspberry-425mg-60-caps#primaryimage\"},\"image\":{\"@id\":\"https:\\\/\\\/ecosupplements.ch\\\/?product=full-spectrum-black-raspberry-425mg-60-caps#primaryimage\"},\"thumbnailUrl\":\"https:\\\/\\\/ecosupplements.ch\\\/wp-content\\\/uploads\\\/2026\\\/05\\\/Full-Spectrum-Black-Raspberry-425mg-60-caps-1.jpg\",\"datePublished\":\"2026-05-11T14:28:26+00:00\",\"dateModified\":\"2026-05-13T07:23:50+00:00\",\"description\":\"425 mg Schwarze-Himbeer-Fruchtextrakt pro Kapsel \u2013 nat\u00fcrliche Pflanzenstoffe konzentriert in 60 Kapseln. Jetzt bestellen.\",\"breadcrumb\":{\"@id\":\"https:\\\/\\\/ecosupplements.ch\\\/?product=full-spectrum-black-raspberry-425mg-60-caps#breadcrumb\"},\"inLanguage\":\"de-CH\",\"potentialAction\":[{\"@type\":\"ReadAction\",\"target\":[\"https:\\\/\\\/ecosupplements.ch\\\/?product=full-spectrum-black-raspberry-425mg-60-caps\"]}]},{\"@type\":\"ImageObject\",\"inLanguage\":\"de-CH\",\"@id\":\"https:\\\/\\\/ecosupplements.ch\\\/?product=full-spectrum-black-raspberry-425mg-60-caps#primaryimage\",\"url\":\"https:\\\/\\\/ecosupplements.ch\\\/wp-content\\\/uploads\\\/2026\\\/05\\\/Full-Spectrum-Black-Raspberry-425mg-60-caps-1.jpg\",\"contentUrl\":\"https:\\\/\\\/ecosupplements.ch\\\/wp-content\\\/uploads\\\/2026\\\/05\\\/Full-Spectrum-Black-Raspberry-425mg-60-caps-1.jpg\",\"width\":650,\"height\":650,\"caption\":\"Full Spectrum Black Raspberry\"},{\"@type\":\"BreadcrumbList\",\"@id\":\"https:\\\/\\\/ecosupplements.ch\\\/?product=full-spectrum-black-raspberry-425mg-60-caps#breadcrumb\",\"itemListElement\":[{\"@type\":\"ListItem\",\"position\":1,\"name\":\"Home\",\"item\":\"https:\\\/\\\/ecosupplements.ch\\\/\"},{\"@type\":\"ListItem\",\"position\":2,\"name\":\"Shop\",\"item\":\"https:\\\/\\\/ecosupplements.ch\\\/?page_id=14\"},{\"@type\":\"ListItem\",\"position\":3,\"name\":\"Full Spectrum Black Raspberry, 425mg &#8211; 60 caps\"}]},{\"@type\":\"WebSite\",\"@id\":\"https:\\\/\\\/ecosupplements.ch\\\/#website\",\"url\":\"https:\\\/\\\/ecosupplements.ch\\\/\",\"name\":\"Eco Supplements\",\"description\":\"\",\"potentialAction\":[{\"@type\":\"SearchAction\",\"target\":{\"@type\":\"EntryPoint\",\"urlTemplate\":\"https:\\\/\\\/ecosupplements.ch\\\/?s={search_term_string}\"},\"query-input\":{\"@type\":\"PropertyValueSpecification\",\"valueRequired\":true,\"valueName\":\"search_term_string\"}}],\"inLanguage\":\"de-CH\"}]}<\/script>\n<meta property=\"product:price:amount\" content=\"9.25\" \/>\n<meta property=\"product:price:currency\" content=\"CHF\" \/>\n<meta property=\"og:availability\" content=\"out of stock\" \/>\n<meta property=\"product:availability\" content=\"out of stock\" \/>\n<meta property=\"product:retailer_item_id\" content=\"087614111414\" \/>\n<meta property=\"product:condition\" content=\"new\" \/>\n<!-- \/ Yoast SEO plugin. -->","yoast_head_json":{"title":"Full Spectrum Black Raspberry 425mg \u2013 Swanson | ecosupplements.ch","description":"425 mg Schwarze-Himbeer-Fruchtextrakt pro Kapsel \u2013 nat\u00fcrliche Pflanzenstoffe konzentriert in 60 Kapseln. Jetzt bestellen.","robots":{"index":"index","follow":"follow","max-snippet":"max-snippet:-1","max-image-preview":"max-image-preview:large","max-video-preview":"max-video-preview:-1"},"canonical":"https:\/\/ecosupplements.ch\/?product=full-spectrum-black-raspberry-425mg-60-caps","og_locale":"de_DE","og_type":"article","og_title":"Full Spectrum Black Raspberry 425mg \u2013 Swanson | ecosupplements.ch","og_description":"425 mg Schwarze-Himbeer-Fruchtextrakt pro Kapsel \u2013 nat\u00fcrliche Pflanzenstoffe konzentriert in 60 Kapseln. Jetzt bestellen.","og_url":"https:\/\/ecosupplements.ch\/?product=full-spectrum-black-raspberry-425mg-60-caps","og_site_name":"Eco Supplements","article_modified_time":"2026-05-13T07:23:50+00:00","og_image":[{"width":650,"height":650,"url":"https:\/\/ecosupplements.ch\/wp-content\/uploads\/2026\/05\/Full-Spectrum-Black-Raspberry-425mg-60-caps-1.jpg","type":"image\/jpeg"}],"twitter_card":"summary_large_image","twitter_misc":{"Price":"&#67;&#72;&#70;&nbsp;9.25","Availability":"Out of stock"},"schema":{"@context":"https:\/\/schema.org","@graph":[{"@type":"WebPage","@id":"https:\/\/ecosupplements.ch\/?product=full-spectrum-black-raspberry-425mg-60-caps","url":"https:\/\/ecosupplements.ch\/?product=full-spectrum-black-raspberry-425mg-60-caps","name":"Full Spectrum Black Raspberry 425mg \u2013 Swanson | ecosupplements.ch","isPartOf":{"@id":"https:\/\/ecosupplements.ch\/#website"},"primaryImageOfPage":{"@id":"https:\/\/ecosupplements.ch\/?product=full-spectrum-black-raspberry-425mg-60-caps#primaryimage"},"image":{"@id":"https:\/\/ecosupplements.ch\/?product=full-spectrum-black-raspberry-425mg-60-caps#primaryimage"},"thumbnailUrl":"https:\/\/ecosupplements.ch\/wp-content\/uploads\/2026\/05\/Full-Spectrum-Black-Raspberry-425mg-60-caps-1.jpg","datePublished":"2026-05-11T14:28:26+00:00","dateModified":"2026-05-13T07:23:50+00:00","description":"425 mg Schwarze-Himbeer-Fruchtextrakt pro Kapsel \u2013 nat\u00fcrliche Pflanzenstoffe konzentriert in 60 Kapseln. Jetzt bestellen.","breadcrumb":{"@id":"https:\/\/ecosupplements.ch\/?product=full-spectrum-black-raspberry-425mg-60-caps#breadcrumb"},"inLanguage":"de-CH","potentialAction":[{"@type":"ReadAction","target":["https:\/\/ecosupplements.ch\/?product=full-spectrum-black-raspberry-425mg-60-caps"]}]},{"@type":"ImageObject","inLanguage":"de-CH","@id":"https:\/\/ecosupplements.ch\/?product=full-spectrum-black-raspberry-425mg-60-caps#primaryimage","url":"https:\/\/ecosupplements.ch\/wp-content\/uploads\/2026\/05\/Full-Spectrum-Black-Raspberry-425mg-60-caps-1.jpg","contentUrl":"https:\/\/ecosupplements.ch\/wp-content\/uploads\/2026\/05\/Full-Spectrum-Black-Raspberry-425mg-60-caps-1.jpg","width":650,"height":650,"caption":"Full Spectrum Black Raspberry"},{"@type":"BreadcrumbList","@id":"https:\/\/ecosupplements.ch\/?product=full-spectrum-black-raspberry-425mg-60-caps#breadcrumb","itemListElement":[{"@type":"ListItem","position":1,"name":"Home","item":"https:\/\/ecosupplements.ch\/"},{"@type":"ListItem","position":2,"name":"Shop","item":"https:\/\/ecosupplements.ch\/?page_id=14"},{"@type":"ListItem","position":3,"name":"Full Spectrum Black Raspberry, 425mg &#8211; 60 caps"}]},{"@type":"WebSite","@id":"https:\/\/ecosupplements.ch\/#website","url":"https:\/\/ecosupplements.ch\/","name":"Eco Supplements","description":"","potentialAction":[{"@type":"SearchAction","target":{"@type":"EntryPoint","urlTemplate":"https:\/\/ecosupplements.ch\/?s={search_term_string}"},"query-input":{"@type":"PropertyValueSpecification","valueRequired":true,"valueName":"search_term_string"}}],"inLanguage":"de-CH"}]},"product_price_amount":"9.25","product_price_currency":"CHF","og_availability":"out of stock","product_availability":"out of stock","product_retailer_item_id":"087614111414","product_condition":"new"},"_links":{"self":[{"href":"https:\/\/ecosupplements.ch\/index.php?rest_route=\/wp\/v2\/product\/1307","targetHints":{"allow":["GET"]}}],"collection":[{"href":"https:\/\/ecosupplements.ch\/index.php?rest_route=\/wp\/v2\/product"}],"about":[{"href":"https:\/\/ecosupplements.ch\/index.php?rest_route=\/wp\/v2\/types\/product"}],"replies":[{"embeddable":true,"href":"https:\/\/ecosupplements.ch\/index.php?rest_route=%2Fwp%2Fv2%2Fcomments&post=1307"}],"wp:featuredmedia":[{"embeddable":true,"href":"https:\/\/ecosupplements.ch\/index.php?rest_route=\/wp\/v2\/media\/1308"}],"wp:attachment":[{"href":"https:\/\/ecosupplements.ch\/index.php?rest_route=%2Fwp%2Fv2%2Fmedia&parent=1307"}],"wp:term":[{"taxonomy":"product_brand","embeddable":true,"href":"https:\/\/ecosupplements.ch\/index.php?rest_route=%2Fwp%2Fv2%2Fproduct_brand&post=1307"},{"taxonomy":"product_cat","embeddable":true,"href":"https:\/\/ecosupplements.ch\/index.php?rest_route=%2Fwp%2Fv2%2Fproduct_cat&post=1307"},{"taxonomy":"product_tag","embeddable":true,"href":"https:\/\/ecosupplements.ch\/index.php?rest_route=%2Fwp%2Fv2%2Fproduct_tag&post=1307"}],"curies":[{"name":"wp","href":"https:\/\/api.w.org\/{rel}","templated":true}]}}