{"id":1311,"date":"2026-05-11T14:28:28","date_gmt":"2026-05-11T14:28:28","guid":{"rendered":"https:\/\/ecosupplements.ch\/?product=glycine-powder-227g"},"modified":"2026-05-13T07:23:39","modified_gmt":"2026-05-13T07:23:39","slug":"glycine-powder-227g","status":"publish","type":"product","link":"https:\/\/ecosupplements.ch\/?product=glycine-powder-227g","title":{"rendered":"Glycine, Powder &#8211; 227g"},"content":{"rendered":"<div class=\"chcg-product-description\">\n<h2 class=\"chcg-heading\">\u00dcber Swanson \u2013 Glycine, Pulver \u2013 227g<\/h2>\n<div class=\"chcg-intro\">\n<p>Glycine ist eine nicht-essentielle Aminos\u00e4ure, die eine wichtige Rolle in zahlreichen k\u00f6rperlichen Prozessen spielt. Sie ist am Aufbau von Proteinen beteiligt und kommt nat\u00fcrlicherweise in vielen eiweissreichen Lebensmitteln vor. Als Nahrungserg\u00e4nzungsmittel in Pulverform l\u00e4sst sich Glycine besonders einfach und unkompliziert in den Alltag integrieren.<\/p>\n<p>Swanson setzt bei diesem Produkt auf AjiPure\u00ae Pharmaceutical Grade Glycine \u2013 eine hochwertige, pharmazeutisch reine Form dieser Aminos\u00e4ure, die nach strengen Qualit\u00e4tsstandards hergestellt wird. Das feine Pulver l\u00e4sst sich m\u00fchelos in jedes Lieblingsgetr\u00e4nk einr\u00fchren und ist geschmacklich \u00e4usserst neutral.<\/p>\n<p>Mit rund 227 Portionen pro Beh\u00e4lter bietet dieses 227-g-Pulver eine ergiebige und wirtschaftliche L\u00f6sung f\u00fcr alle, die ihre Aminos\u00e4urenversorgung gezielt erg\u00e4nzen m\u00f6chten.<\/p>\n<\/p><\/div>\n<div class=\"chcg-nutrition\">\n<h3>N\u00e4hrwertangaben<\/h3>\n<table class=\"chcg-nutrition-table\">\n<thead>\n<tr>\n<th>N\u00e4hrstoff<\/th>\n<th>Pro Portion (1 g)<\/th>\n<\/tr>\n<\/thead>\n<tbody>\n<tr>\n<td>AjiPure\u00ae Pharmaceutical Grade Glycine<\/td>\n<td>1 g<\/td>\n<\/tr>\n<\/tbody>\n<\/table>\n<p class=\"chcg-footnote\">Portion: 1 Messl\u00f6ffel (1 g) | Portionen pro Beh\u00e4lter: ca. 227<\/p>\n<\/p><\/div>\n<div class=\"chcg-ingredients\">\n<h3>Zutaten<\/h3>\n<p>AjiPure\u00ae Pharmaceutical Grade Glycine 1 g<\/p>\n<\/p><\/div>\n<div class=\"chcg-dosage\">\n<h3>Verzehrempfehlung<\/h3>\n<p>Als Nahrungserg\u00e4nzungsmittel einen Messl\u00f6ffel (1 g) in Ihr Lieblingsgetr\u00e4nk einr\u00fchren. F\u00fcr beste Ergebnisse auf n\u00fcchternen Magen einnehmen. Messl\u00f6ffel ist enthalten. Hinweis: Es kann zu Setzungen des Pulvers kommen.<\/p>\n<\/p><\/div>\n<div class=\"chcg-warnings\">\n<h3>Warnhinweise<\/h3>\n<p>Nur f\u00fcr Erwachsene. Konsultieren Sie vor der Einnahme dieses oder eines anderen Produkts Ihre \u00c4rztin oder Ihren Arzt, wenn Sie schwanger sind oder stillen, Medikamente einnehmen oder an einer Erkrankung leiden. Ausserhalb der Reichweite von Kindern aufbewahren.<\/p>\n<\/p><\/div>\n<div class=\"chcg-storage\">\n<h3>Lagerung<\/h3>\n<p>An einem k\u00fchlen, trockenen Ort lagern. Ausserhalb der Reichweite von Kindern aufbewahren. Nicht verwenden, wenn die Schutzversiegelung besch\u00e4digt ist.<\/p>\n<\/p><\/div>\n<div class=\"chcg-dietary\">\n<h3>Ern\u00e4hrungshinweise<\/h3>\n<ul>\n<li>Vegetarisch<\/li>\n<\/ul><\/div>\n<\/div>\n","protected":false},"excerpt":{"rendered":"<p>Swanson Glycine Pulver liefert 1 g AjiPure\u00ae Pharmaceutical Grade Glycine pro Portion und l\u00e4sst sich einfach in jedes Getr\u00e4nk einr\u00fchren. Der Beh\u00e4lter enth\u00e4lt ca. 227 Portionen f\u00fcr eine ergiebige Versorgung mit dieser Aminos\u00e4ure.<\/p>\n","protected":false},"featured_media":1312,"comment_status":"closed","ping_status":"open","template":"","meta":[],"product_brand":[16],"product_cat":[514,90,48,25],"product_tag":[],"class_list":{"0":"post-1311","1":"product","2":"type-product","3":"status-publish","4":"has-post-thumbnail","6":"product_brand-swanson","7":"product_cat-aminosaeuren-und-bcaas","8":"product_cat-fitness-training","9":"product_cat-gesunde-ernaehrung","10":"product_cat-gesundheit-und-wohlbefinden","12":"first","13":"outofstock","14":"taxable","15":"shipping-taxable","16":"purchasable","17":"product-type-simple"},"yoast_head":"<!-- This site is optimized with the Yoast SEO plugin v27.5 - https:\/\/yoast.com\/product\/yoast-seo-wordpress\/ -->\n<title>Glycine Pulver 227g \u2013 Swanson | ecosupplements.ch<\/title>\n<meta name=\"description\" content=\"Swanson Glycine Pulver mit AjiPure\u00ae \u2013 227 Portionen reiner Aminos\u00e4ure, einfach in Getr\u00e4nke einr\u00fchrbar. Jetzt bestellen.\" \/>\n<meta name=\"robots\" content=\"index, follow, max-snippet:-1, max-image-preview:large, max-video-preview:-1\" \/>\n<link rel=\"canonical\" href=\"https:\/\/ecosupplements.ch\/?product=glycine-powder-227g\" \/>\n<meta property=\"og:locale\" content=\"de_DE\" \/>\n<meta property=\"og:type\" content=\"article\" \/>\n<meta property=\"og:title\" content=\"Glycine Pulver 227g \u2013 Swanson | ecosupplements.ch\" \/>\n<meta property=\"og:description\" content=\"Swanson Glycine Pulver mit AjiPure\u00ae \u2013 227 Portionen reiner Aminos\u00e4ure, einfach in Getr\u00e4nke einr\u00fchrbar. Jetzt bestellen.\" \/>\n<meta property=\"og:url\" content=\"https:\/\/ecosupplements.ch\/?product=glycine-powder-227g\" \/>\n<meta property=\"og:site_name\" content=\"Eco Supplements\" \/>\n<meta property=\"article:modified_time\" content=\"2026-05-13T07:23:39+00:00\" \/>\n<meta property=\"og:image\" content=\"https:\/\/ecosupplements.ch\/wp-content\/uploads\/2026\/05\/Glycine-Powder-227g.jpg\" \/>\n\t<meta property=\"og:image:width\" content=\"1080\" \/>\n\t<meta property=\"og:image:height\" content=\"1080\" \/>\n\t<meta property=\"og:image:type\" content=\"image\/jpeg\" \/>\n<meta name=\"twitter:card\" content=\"summary_large_image\" \/>\n<meta name=\"twitter:label1\" content=\"Price\" \/>\n\t<meta name=\"twitter:data1\" content=\"&#067;&#072;&#070;&nbsp;26.89\" \/>\n\t<meta name=\"twitter:label2\" content=\"Availability\" \/>\n\t<meta name=\"twitter:data2\" content=\"Out of stock\" \/>\n<script type=\"application\/ld+json\" class=\"yoast-schema-graph\">{\"@context\":\"https:\\\/\\\/schema.org\",\"@graph\":[{\"@type\":\"WebPage\",\"@id\":\"https:\\\/\\\/ecosupplements.ch\\\/?product=glycine-powder-227g\",\"url\":\"https:\\\/\\\/ecosupplements.ch\\\/?product=glycine-powder-227g\",\"name\":\"Glycine Pulver 227g \u2013 Swanson | ecosupplements.ch\",\"isPartOf\":{\"@id\":\"https:\\\/\\\/ecosupplements.ch\\\/#website\"},\"primaryImageOfPage\":{\"@id\":\"https:\\\/\\\/ecosupplements.ch\\\/?product=glycine-powder-227g#primaryimage\"},\"image\":{\"@id\":\"https:\\\/\\\/ecosupplements.ch\\\/?product=glycine-powder-227g#primaryimage\"},\"thumbnailUrl\":\"https:\\\/\\\/ecosupplements.ch\\\/wp-content\\\/uploads\\\/2026\\\/05\\\/Glycine-Powder-227g.jpg\",\"datePublished\":\"2026-05-11T14:28:28+00:00\",\"dateModified\":\"2026-05-13T07:23:39+00:00\",\"description\":\"Swanson Glycine Pulver mit AjiPure\u00ae \u2013 227 Portionen reiner Aminos\u00e4ure, einfach in Getr\u00e4nke einr\u00fchrbar. Jetzt bestellen.\",\"breadcrumb\":{\"@id\":\"https:\\\/\\\/ecosupplements.ch\\\/?product=glycine-powder-227g#breadcrumb\"},\"inLanguage\":\"de-CH\",\"potentialAction\":[{\"@type\":\"ReadAction\",\"target\":[\"https:\\\/\\\/ecosupplements.ch\\\/?product=glycine-powder-227g\"]}]},{\"@type\":\"ImageObject\",\"inLanguage\":\"de-CH\",\"@id\":\"https:\\\/\\\/ecosupplements.ch\\\/?product=glycine-powder-227g#primaryimage\",\"url\":\"https:\\\/\\\/ecosupplements.ch\\\/wp-content\\\/uploads\\\/2026\\\/05\\\/Glycine-Powder-227g.jpg\",\"contentUrl\":\"https:\\\/\\\/ecosupplements.ch\\\/wp-content\\\/uploads\\\/2026\\\/05\\\/Glycine-Powder-227g.jpg\",\"width\":1080,\"height\":1080,\"caption\":\"Glycine\"},{\"@type\":\"BreadcrumbList\",\"@id\":\"https:\\\/\\\/ecosupplements.ch\\\/?product=glycine-powder-227g#breadcrumb\",\"itemListElement\":[{\"@type\":\"ListItem\",\"position\":1,\"name\":\"Home\",\"item\":\"https:\\\/\\\/ecosupplements.ch\\\/\"},{\"@type\":\"ListItem\",\"position\":2,\"name\":\"Shop\",\"item\":\"https:\\\/\\\/ecosupplements.ch\\\/?page_id=14\"},{\"@type\":\"ListItem\",\"position\":3,\"name\":\"Glycine, Powder &#8211; 227g\"}]},{\"@type\":\"WebSite\",\"@id\":\"https:\\\/\\\/ecosupplements.ch\\\/#website\",\"url\":\"https:\\\/\\\/ecosupplements.ch\\\/\",\"name\":\"Eco Supplements\",\"description\":\"\",\"potentialAction\":[{\"@type\":\"SearchAction\",\"target\":{\"@type\":\"EntryPoint\",\"urlTemplate\":\"https:\\\/\\\/ecosupplements.ch\\\/?s={search_term_string}\"},\"query-input\":{\"@type\":\"PropertyValueSpecification\",\"valueRequired\":true,\"valueName\":\"search_term_string\"}}],\"inLanguage\":\"de-CH\"}]}<\/script>\n<meta property=\"product:price:amount\" content=\"26.89\" \/>\n<meta property=\"product:price:currency\" content=\"CHF\" \/>\n<meta property=\"og:availability\" content=\"out of stock\" \/>\n<meta property=\"product:availability\" content=\"out of stock\" \/>\n<meta property=\"product:retailer_item_id\" content=\"087614025155\" \/>\n<meta property=\"product:condition\" content=\"new\" \/>\n<!-- \/ Yoast SEO plugin. -->","yoast_head_json":{"title":"Glycine Pulver 227g \u2013 Swanson | ecosupplements.ch","description":"Swanson Glycine Pulver mit AjiPure\u00ae \u2013 227 Portionen reiner Aminos\u00e4ure, einfach in Getr\u00e4nke einr\u00fchrbar. Jetzt bestellen.","robots":{"index":"index","follow":"follow","max-snippet":"max-snippet:-1","max-image-preview":"max-image-preview:large","max-video-preview":"max-video-preview:-1"},"canonical":"https:\/\/ecosupplements.ch\/?product=glycine-powder-227g","og_locale":"de_DE","og_type":"article","og_title":"Glycine Pulver 227g \u2013 Swanson | ecosupplements.ch","og_description":"Swanson Glycine Pulver mit AjiPure\u00ae \u2013 227 Portionen reiner Aminos\u00e4ure, einfach in Getr\u00e4nke einr\u00fchrbar. Jetzt bestellen.","og_url":"https:\/\/ecosupplements.ch\/?product=glycine-powder-227g","og_site_name":"Eco Supplements","article_modified_time":"2026-05-13T07:23:39+00:00","og_image":[{"width":1080,"height":1080,"url":"https:\/\/ecosupplements.ch\/wp-content\/uploads\/2026\/05\/Glycine-Powder-227g.jpg","type":"image\/jpeg"}],"twitter_card":"summary_large_image","twitter_misc":{"Price":"&#67;&#72;&#70;&nbsp;26.89","Availability":"Out of stock"},"schema":{"@context":"https:\/\/schema.org","@graph":[{"@type":"WebPage","@id":"https:\/\/ecosupplements.ch\/?product=glycine-powder-227g","url":"https:\/\/ecosupplements.ch\/?product=glycine-powder-227g","name":"Glycine Pulver 227g \u2013 Swanson | ecosupplements.ch","isPartOf":{"@id":"https:\/\/ecosupplements.ch\/#website"},"primaryImageOfPage":{"@id":"https:\/\/ecosupplements.ch\/?product=glycine-powder-227g#primaryimage"},"image":{"@id":"https:\/\/ecosupplements.ch\/?product=glycine-powder-227g#primaryimage"},"thumbnailUrl":"https:\/\/ecosupplements.ch\/wp-content\/uploads\/2026\/05\/Glycine-Powder-227g.jpg","datePublished":"2026-05-11T14:28:28+00:00","dateModified":"2026-05-13T07:23:39+00:00","description":"Swanson Glycine Pulver mit AjiPure\u00ae \u2013 227 Portionen reiner Aminos\u00e4ure, einfach in Getr\u00e4nke einr\u00fchrbar. Jetzt bestellen.","breadcrumb":{"@id":"https:\/\/ecosupplements.ch\/?product=glycine-powder-227g#breadcrumb"},"inLanguage":"de-CH","potentialAction":[{"@type":"ReadAction","target":["https:\/\/ecosupplements.ch\/?product=glycine-powder-227g"]}]},{"@type":"ImageObject","inLanguage":"de-CH","@id":"https:\/\/ecosupplements.ch\/?product=glycine-powder-227g#primaryimage","url":"https:\/\/ecosupplements.ch\/wp-content\/uploads\/2026\/05\/Glycine-Powder-227g.jpg","contentUrl":"https:\/\/ecosupplements.ch\/wp-content\/uploads\/2026\/05\/Glycine-Powder-227g.jpg","width":1080,"height":1080,"caption":"Glycine"},{"@type":"BreadcrumbList","@id":"https:\/\/ecosupplements.ch\/?product=glycine-powder-227g#breadcrumb","itemListElement":[{"@type":"ListItem","position":1,"name":"Home","item":"https:\/\/ecosupplements.ch\/"},{"@type":"ListItem","position":2,"name":"Shop","item":"https:\/\/ecosupplements.ch\/?page_id=14"},{"@type":"ListItem","position":3,"name":"Glycine, Powder &#8211; 227g"}]},{"@type":"WebSite","@id":"https:\/\/ecosupplements.ch\/#website","url":"https:\/\/ecosupplements.ch\/","name":"Eco Supplements","description":"","potentialAction":[{"@type":"SearchAction","target":{"@type":"EntryPoint","urlTemplate":"https:\/\/ecosupplements.ch\/?s={search_term_string}"},"query-input":{"@type":"PropertyValueSpecification","valueRequired":true,"valueName":"search_term_string"}}],"inLanguage":"de-CH"}]},"product_price_amount":"26.89","product_price_currency":"CHF","og_availability":"out of stock","product_availability":"out of stock","product_retailer_item_id":"087614025155","product_condition":"new"},"_links":{"self":[{"href":"https:\/\/ecosupplements.ch\/index.php?rest_route=\/wp\/v2\/product\/1311","targetHints":{"allow":["GET"]}}],"collection":[{"href":"https:\/\/ecosupplements.ch\/index.php?rest_route=\/wp\/v2\/product"}],"about":[{"href":"https:\/\/ecosupplements.ch\/index.php?rest_route=\/wp\/v2\/types\/product"}],"replies":[{"embeddable":true,"href":"https:\/\/ecosupplements.ch\/index.php?rest_route=%2Fwp%2Fv2%2Fcomments&post=1311"}],"wp:featuredmedia":[{"embeddable":true,"href":"https:\/\/ecosupplements.ch\/index.php?rest_route=\/wp\/v2\/media\/1312"}],"wp:attachment":[{"href":"https:\/\/ecosupplements.ch\/index.php?rest_route=%2Fwp%2Fv2%2Fmedia&parent=1311"}],"wp:term":[{"taxonomy":"product_brand","embeddable":true,"href":"https:\/\/ecosupplements.ch\/index.php?rest_route=%2Fwp%2Fv2%2Fproduct_brand&post=1311"},{"taxonomy":"product_cat","embeddable":true,"href":"https:\/\/ecosupplements.ch\/index.php?rest_route=%2Fwp%2Fv2%2Fproduct_cat&post=1311"},{"taxonomy":"product_tag","embeddable":true,"href":"https:\/\/ecosupplements.ch\/index.php?rest_route=%2Fwp%2Fv2%2Fproduct_tag&post=1311"}],"curies":[{"name":"wp","href":"https:\/\/api.w.org\/{rel}","templated":true}]}}