{"id":1317,"date":"2026-05-11T14:28:31","date_gmt":"2026-05-11T14:28:31","guid":{"rendered":"https:\/\/ecosupplements.ch\/?product=pepsin-okra-90-caps"},"modified":"2026-05-13T07:24:04","modified_gmt":"2026-05-13T07:24:04","slug":"pepsin-okra-90-caps","status":"publish","type":"product","link":"https:\/\/ecosupplements.ch\/?product=pepsin-okra-90-caps","title":{"rendered":"Pepsin &amp; Okra &#8211; 90 caps"},"content":{"rendered":"<div class=\"chcg-product-description\">\n<h2 class=\"chcg-heading\">\u00dcber Swanson \u2013 Pepsin &amp; Okra \u2013 90 Kapseln<\/h2>\n<div class=\"chcg-intro\">\n<p>Swanson Pepsin &amp; Okra kombiniert sorgf\u00e4ltig ausgew\u00e4hlte Zutaten, die traditionell zur Unterst\u00fctzung der Verdauung eingesetzt werden. Okra (Abelmoschus esculentus) ist eine ballaststoffreiche Pflanze, die seit Generationen in verschiedenen Kulturen gesch\u00e4tzt wird. In Kombination mit Pepsin \u2013 einem nat\u00fcrlich vorkommenden Verdauungsenzym \u2013 bietet dieses Pr\u00e4parat eine gezielte Unterst\u00fctzung f\u00fcr den Magen-Darm-Bereich nach den Mahlzeiten.<\/p>\n<p>Jede Kapsel enth\u00e4lt zus\u00e4tzlich Vitamin E in der gut verwertbaren Form als d-alpha-Tocopherylsuccinat, das zu 56 % des Referenzwertes f\u00fcr die t\u00e4gliche N\u00e4hrstoffzufuhr beitr\u00e4gt. Vitamin E tr\u00e4gt zum Schutz der Zellen vor oxidativem Stress bei. Erg\u00e4nzt wird die Formel durch Algins\u00e4ure aus Natriumalginat, ein nat\u00fcrlich vorkommendes Polysaccharid aus Meeresalgen.<\/p>\n<p>Das Produkt wird von Swanson, einem seit Jahrzehnten bew\u00e4hrten amerikanischen Nahrungserg\u00e4nzungsmittelhersteller, in bew\u00e4hrter Qualit\u00e4t hergestellt. Mit 90 Kapseln pro Packung ist dieses Pr\u00e4parat f\u00fcr einen Zeitraum von 30 bis 90 Tagen ausgelegt, je nach individueller Verzehrempfehlung.<\/p>\n<\/p><\/div>\n<div class=\"chcg-nutrition\">\n<h3>N\u00e4hrwertangaben<\/h3>\n<table class=\"chcg-nutrition-table\">\n<thead>\n<tr>\n<th>N\u00e4hrstoff<\/th>\n<th>Pro Portion (1 Kapsel)<\/th>\n<\/tr>\n<\/thead>\n<tbody>\n<tr>\n<td>Vitamin E (als d-alpha-Tocopherylsuccinat)<\/td>\n<td>6,70 mg (56 % NRW)<\/td>\n<\/tr>\n<tr>\n<td>Okra (Abelmoschus esculentus) (Schoten)<\/td>\n<td>100 mg*<\/td>\n<\/tr>\n<tr>\n<td>Pepsin 1:10.000 (enth\u00e4lt Milch)<\/td>\n<td>20 mg*<\/td>\n<\/tr>\n<tr>\n<td>Algins\u00e4ure (aus Natriumalginat)<\/td>\n<td>1 mg*<\/td>\n<\/tr>\n<\/tbody>\n<\/table>\n<p class=\"chcg-footnote\">NRW = N\u00e4hrstoff-Referenzwert gem\u00e4ss Schweizer Lebensmittelrecht<\/p>\n<p class=\"chcg-footnote\">* Kein festgelegter N\u00e4hrstoff-Referenzwert<\/p>\n<\/p><\/div>\n<div class=\"chcg-ingredients\">\n<h3>Zutaten<\/h3>\n<p>Vitamin E (als d-alpha-Tocopherylsuccinat) 6,70 mg, Okra (Abelmoschus esculentus) (Schoten) 100 mg, Pepsin 1:10.000 (enth\u00e4lt Milch) 20 mg, Algins\u00e4ure (aus Natriumalginat) 1 mg. Weitere Zutaten: Reismehl (braun), Gelatine, Ethylcellulose, Magnesiumstearat.<\/p>\n<p class=\"chcg-capsule-shell\">Kapselh\u00fclle: Gelatine<\/p>\n<\/p><\/div>\n<div class=\"chcg-dosage\">\n<h3>Verzehrempfehlung<\/h3>\n<p>Als Nahrungserg\u00e4nzungsmittel eine Kapsel ein- bis dreimal t\u00e4glich nach einer Mahlzeit einnehmen.<\/p>\n<\/p><\/div>\n<div class=\"chcg-warnings\">\n<h3>Warnhinweise<\/h3>\n<p>Nur f\u00fcr Erwachsene. Konsultieren Sie vor der Einnahme dieses oder eines anderen Produkts Ihre \u00c4rztin oder Ihren Arzt, wenn Sie schwanger sind oder stillen, Medikamente einnehmen oder an einer Erkrankung leiden. Ausserhalb der Reichweite von Kindern aufbewahren. Nicht verwenden, wenn die Schutzversiegelung besch\u00e4digt ist.<\/p>\n<\/p><\/div>\n<div class=\"chcg-allergens\">\n<h3>Allergeninformationen<\/h3>\n<p>Enth\u00e4lt Milch. Die Kapselh\u00fclle enth\u00e4lt Gelatine (nicht geeignet f\u00fcr Vegetarierinnen\/Vegetarier oder Veganerinnen\/Veganer).<\/p>\n<\/p><\/div>\n<div class=\"chcg-storage\">\n<h3>Lagerung<\/h3>\n<p>An einem k\u00fchlen, trockenen Ort aufbewahren.<\/p>\n<\/p><\/div>\n<div class=\"chcg-dietary\">\n<h3>Ern\u00e4hrungshinweise<\/h3>\n<ul>\n<li>Nicht geeignet f\u00fcr Vegetarierinnen\/Vegetarier<\/li>\n<li>Nicht geeignet f\u00fcr Veganerinnen\/Veganer<\/li>\n<li>Nicht laktosefrei<\/li>\n<\/ul><\/div>\n<\/div>\n","protected":false},"excerpt":{"rendered":"<p>Swanson Pepsin &amp; Okra unterst\u00fctzt die Verdauung nach den Mahlzeiten mit Pepsin, Okra-Extrakt und Vitamin E. Erh\u00e4ltlich in einer Packung mit 90 Kapseln. Enth\u00e4lt Milch \u2013 nicht geeignet f\u00fcr Vegetarier oder Veganer.<\/p>\n","protected":false},"featured_media":1318,"comment_status":"closed","ping_status":"open","template":"","meta":[],"product_brand":[16],"product_cat":[48,25,102],"product_tag":[],"class_list":{"0":"post-1317","1":"product","2":"type-product","3":"status-publish","4":"has-post-thumbnail","6":"product_brand-swanson","7":"product_cat-gesunde-ernaehrung","8":"product_cat-gesundheit-und-wohlbefinden","9":"product_cat-verdauungsgesundheit","11":"first","12":"outofstock","13":"taxable","14":"shipping-taxable","15":"purchasable","16":"product-type-simple"},"yoast_head":"<!-- This site is optimized with the Yoast SEO plugin v27.5 - https:\/\/yoast.com\/product\/yoast-seo-wordpress\/ -->\n<title>Pepsin &amp; Okra 90 Kapseln \u2013 Swanson | ecosupplements.ch<\/title>\n<meta name=\"description\" content=\"Swanson Pepsin &amp; Okra mit Verdauungsenzym, Okra-Extrakt und Vitamin E \u2013 90 Kapseln f\u00fcr die t\u00e4gliche Einnahme nach dem Essen. Jetzt bestellen.\" \/>\n<meta name=\"robots\" content=\"index, follow, max-snippet:-1, max-image-preview:large, max-video-preview:-1\" \/>\n<link rel=\"canonical\" href=\"https:\/\/ecosupplements.ch\/?product=pepsin-okra-90-caps\" \/>\n<meta property=\"og:locale\" content=\"de_DE\" \/>\n<meta property=\"og:type\" content=\"article\" \/>\n<meta property=\"og:title\" content=\"Pepsin &amp; Okra 90 Kapseln \u2013 Swanson | ecosupplements.ch\" \/>\n<meta property=\"og:description\" content=\"Swanson Pepsin &amp; Okra mit Verdauungsenzym, Okra-Extrakt und Vitamin E \u2013 90 Kapseln f\u00fcr die t\u00e4gliche Einnahme nach dem Essen. Jetzt bestellen.\" \/>\n<meta property=\"og:url\" content=\"https:\/\/ecosupplements.ch\/?product=pepsin-okra-90-caps\" \/>\n<meta property=\"og:site_name\" content=\"Eco Supplements\" \/>\n<meta property=\"article:modified_time\" content=\"2026-05-13T07:24:04+00:00\" \/>\n<meta property=\"og:image\" content=\"https:\/\/ecosupplements.ch\/wp-content\/uploads\/2026\/05\/Pepsin-Okra-90-caps.jpg\" \/>\n\t<meta property=\"og:image:width\" content=\"650\" \/>\n\t<meta property=\"og:image:height\" content=\"650\" \/>\n\t<meta property=\"og:image:type\" content=\"image\/jpeg\" \/>\n<meta name=\"twitter:card\" content=\"summary_large_image\" \/>\n<meta name=\"twitter:label1\" content=\"Price\" \/>\n\t<meta name=\"twitter:data1\" content=\"&#067;&#072;&#070;&nbsp;12.29\" \/>\n\t<meta name=\"twitter:label2\" content=\"Availability\" \/>\n\t<meta name=\"twitter:data2\" content=\"Out of stock\" \/>\n<script type=\"application\/ld+json\" class=\"yoast-schema-graph\">{\"@context\":\"https:\\\/\\\/schema.org\",\"@graph\":[{\"@type\":\"WebPage\",\"@id\":\"https:\\\/\\\/ecosupplements.ch\\\/?product=pepsin-okra-90-caps\",\"url\":\"https:\\\/\\\/ecosupplements.ch\\\/?product=pepsin-okra-90-caps\",\"name\":\"Pepsin & Okra 90 Kapseln \u2013 Swanson | ecosupplements.ch\",\"isPartOf\":{\"@id\":\"https:\\\/\\\/ecosupplements.ch\\\/#website\"},\"primaryImageOfPage\":{\"@id\":\"https:\\\/\\\/ecosupplements.ch\\\/?product=pepsin-okra-90-caps#primaryimage\"},\"image\":{\"@id\":\"https:\\\/\\\/ecosupplements.ch\\\/?product=pepsin-okra-90-caps#primaryimage\"},\"thumbnailUrl\":\"https:\\\/\\\/ecosupplements.ch\\\/wp-content\\\/uploads\\\/2026\\\/05\\\/Pepsin-Okra-90-caps.jpg\",\"datePublished\":\"2026-05-11T14:28:31+00:00\",\"dateModified\":\"2026-05-13T07:24:04+00:00\",\"description\":\"Swanson Pepsin & Okra mit Verdauungsenzym, Okra-Extrakt und Vitamin E \u2013 90 Kapseln f\u00fcr die t\u00e4gliche Einnahme nach dem Essen. Jetzt bestellen.\",\"breadcrumb\":{\"@id\":\"https:\\\/\\\/ecosupplements.ch\\\/?product=pepsin-okra-90-caps#breadcrumb\"},\"inLanguage\":\"de-CH\",\"potentialAction\":[{\"@type\":\"ReadAction\",\"target\":[\"https:\\\/\\\/ecosupplements.ch\\\/?product=pepsin-okra-90-caps\"]}]},{\"@type\":\"ImageObject\",\"inLanguage\":\"de-CH\",\"@id\":\"https:\\\/\\\/ecosupplements.ch\\\/?product=pepsin-okra-90-caps#primaryimage\",\"url\":\"https:\\\/\\\/ecosupplements.ch\\\/wp-content\\\/uploads\\\/2026\\\/05\\\/Pepsin-Okra-90-caps.jpg\",\"contentUrl\":\"https:\\\/\\\/ecosupplements.ch\\\/wp-content\\\/uploads\\\/2026\\\/05\\\/Pepsin-Okra-90-caps.jpg\",\"width\":650,\"height\":650,\"caption\":\"Pepsin & Okra - 90 caps\"},{\"@type\":\"BreadcrumbList\",\"@id\":\"https:\\\/\\\/ecosupplements.ch\\\/?product=pepsin-okra-90-caps#breadcrumb\",\"itemListElement\":[{\"@type\":\"ListItem\",\"position\":1,\"name\":\"Home\",\"item\":\"https:\\\/\\\/ecosupplements.ch\\\/\"},{\"@type\":\"ListItem\",\"position\":2,\"name\":\"Shop\",\"item\":\"https:\\\/\\\/ecosupplements.ch\\\/?page_id=14\"},{\"@type\":\"ListItem\",\"position\":3,\"name\":\"Pepsin &amp; Okra &#8211; 90 caps\"}]},{\"@type\":\"WebSite\",\"@id\":\"https:\\\/\\\/ecosupplements.ch\\\/#website\",\"url\":\"https:\\\/\\\/ecosupplements.ch\\\/\",\"name\":\"Eco Supplements\",\"description\":\"\",\"potentialAction\":[{\"@type\":\"SearchAction\",\"target\":{\"@type\":\"EntryPoint\",\"urlTemplate\":\"https:\\\/\\\/ecosupplements.ch\\\/?s={search_term_string}\"},\"query-input\":{\"@type\":\"PropertyValueSpecification\",\"valueRequired\":true,\"valueName\":\"search_term_string\"}}],\"inLanguage\":\"de-CH\"}]}<\/script>\n<meta property=\"product:price:amount\" content=\"12.29\" \/>\n<meta property=\"product:price:currency\" content=\"CHF\" \/>\n<meta property=\"og:availability\" content=\"out of stock\" \/>\n<meta property=\"product:availability\" content=\"out of stock\" \/>\n<meta property=\"product:retailer_item_id\" content=\"087614113968\" \/>\n<meta property=\"product:condition\" content=\"new\" \/>\n<!-- \/ Yoast SEO plugin. -->","yoast_head_json":{"title":"Pepsin & Okra 90 Kapseln \u2013 Swanson | ecosupplements.ch","description":"Swanson Pepsin & Okra mit Verdauungsenzym, Okra-Extrakt und Vitamin E \u2013 90 Kapseln f\u00fcr die t\u00e4gliche Einnahme nach dem Essen. Jetzt bestellen.","robots":{"index":"index","follow":"follow","max-snippet":"max-snippet:-1","max-image-preview":"max-image-preview:large","max-video-preview":"max-video-preview:-1"},"canonical":"https:\/\/ecosupplements.ch\/?product=pepsin-okra-90-caps","og_locale":"de_DE","og_type":"article","og_title":"Pepsin & Okra 90 Kapseln \u2013 Swanson | ecosupplements.ch","og_description":"Swanson Pepsin & Okra mit Verdauungsenzym, Okra-Extrakt und Vitamin E \u2013 90 Kapseln f\u00fcr die t\u00e4gliche Einnahme nach dem Essen. Jetzt bestellen.","og_url":"https:\/\/ecosupplements.ch\/?product=pepsin-okra-90-caps","og_site_name":"Eco Supplements","article_modified_time":"2026-05-13T07:24:04+00:00","og_image":[{"width":650,"height":650,"url":"https:\/\/ecosupplements.ch\/wp-content\/uploads\/2026\/05\/Pepsin-Okra-90-caps.jpg","type":"image\/jpeg"}],"twitter_card":"summary_large_image","twitter_misc":{"Price":"&#67;&#72;&#70;&nbsp;12.29","Availability":"Out of stock"},"schema":{"@context":"https:\/\/schema.org","@graph":[{"@type":"WebPage","@id":"https:\/\/ecosupplements.ch\/?product=pepsin-okra-90-caps","url":"https:\/\/ecosupplements.ch\/?product=pepsin-okra-90-caps","name":"Pepsin & Okra 90 Kapseln \u2013 Swanson | ecosupplements.ch","isPartOf":{"@id":"https:\/\/ecosupplements.ch\/#website"},"primaryImageOfPage":{"@id":"https:\/\/ecosupplements.ch\/?product=pepsin-okra-90-caps#primaryimage"},"image":{"@id":"https:\/\/ecosupplements.ch\/?product=pepsin-okra-90-caps#primaryimage"},"thumbnailUrl":"https:\/\/ecosupplements.ch\/wp-content\/uploads\/2026\/05\/Pepsin-Okra-90-caps.jpg","datePublished":"2026-05-11T14:28:31+00:00","dateModified":"2026-05-13T07:24:04+00:00","description":"Swanson Pepsin & Okra mit Verdauungsenzym, Okra-Extrakt und Vitamin E \u2013 90 Kapseln f\u00fcr die t\u00e4gliche Einnahme nach dem Essen. Jetzt bestellen.","breadcrumb":{"@id":"https:\/\/ecosupplements.ch\/?product=pepsin-okra-90-caps#breadcrumb"},"inLanguage":"de-CH","potentialAction":[{"@type":"ReadAction","target":["https:\/\/ecosupplements.ch\/?product=pepsin-okra-90-caps"]}]},{"@type":"ImageObject","inLanguage":"de-CH","@id":"https:\/\/ecosupplements.ch\/?product=pepsin-okra-90-caps#primaryimage","url":"https:\/\/ecosupplements.ch\/wp-content\/uploads\/2026\/05\/Pepsin-Okra-90-caps.jpg","contentUrl":"https:\/\/ecosupplements.ch\/wp-content\/uploads\/2026\/05\/Pepsin-Okra-90-caps.jpg","width":650,"height":650,"caption":"Pepsin & Okra - 90 caps"},{"@type":"BreadcrumbList","@id":"https:\/\/ecosupplements.ch\/?product=pepsin-okra-90-caps#breadcrumb","itemListElement":[{"@type":"ListItem","position":1,"name":"Home","item":"https:\/\/ecosupplements.ch\/"},{"@type":"ListItem","position":2,"name":"Shop","item":"https:\/\/ecosupplements.ch\/?page_id=14"},{"@type":"ListItem","position":3,"name":"Pepsin &amp; Okra &#8211; 90 caps"}]},{"@type":"WebSite","@id":"https:\/\/ecosupplements.ch\/#website","url":"https:\/\/ecosupplements.ch\/","name":"Eco Supplements","description":"","potentialAction":[{"@type":"SearchAction","target":{"@type":"EntryPoint","urlTemplate":"https:\/\/ecosupplements.ch\/?s={search_term_string}"},"query-input":{"@type":"PropertyValueSpecification","valueRequired":true,"valueName":"search_term_string"}}],"inLanguage":"de-CH"}]},"product_price_amount":"12.29","product_price_currency":"CHF","og_availability":"out of stock","product_availability":"out of stock","product_retailer_item_id":"087614113968","product_condition":"new"},"_links":{"self":[{"href":"https:\/\/ecosupplements.ch\/index.php?rest_route=\/wp\/v2\/product\/1317","targetHints":{"allow":["GET"]}}],"collection":[{"href":"https:\/\/ecosupplements.ch\/index.php?rest_route=\/wp\/v2\/product"}],"about":[{"href":"https:\/\/ecosupplements.ch\/index.php?rest_route=\/wp\/v2\/types\/product"}],"replies":[{"embeddable":true,"href":"https:\/\/ecosupplements.ch\/index.php?rest_route=%2Fwp%2Fv2%2Fcomments&post=1317"}],"wp:featuredmedia":[{"embeddable":true,"href":"https:\/\/ecosupplements.ch\/index.php?rest_route=\/wp\/v2\/media\/1318"}],"wp:attachment":[{"href":"https:\/\/ecosupplements.ch\/index.php?rest_route=%2Fwp%2Fv2%2Fmedia&parent=1317"}],"wp:term":[{"taxonomy":"product_brand","embeddable":true,"href":"https:\/\/ecosupplements.ch\/index.php?rest_route=%2Fwp%2Fv2%2Fproduct_brand&post=1317"},{"taxonomy":"product_cat","embeddable":true,"href":"https:\/\/ecosupplements.ch\/index.php?rest_route=%2Fwp%2Fv2%2Fproduct_cat&post=1317"},{"taxonomy":"product_tag","embeddable":true,"href":"https:\/\/ecosupplements.ch\/index.php?rest_route=%2Fwp%2Fv2%2Fproduct_tag&post=1317"}],"curies":[{"name":"wp","href":"https:\/\/api.w.org\/{rel}","templated":true}]}}