{"id":1323,"date":"2026-05-11T14:28:33","date_gmt":"2026-05-11T14:28:33","guid":{"rendered":"https:\/\/ecosupplements.ch\/?product=intense-creatine-z-90-caps"},"modified":"2026-05-13T07:26:49","modified_gmt":"2026-05-13T07:26:49","slug":"intense-creatine-z-90-caps","status":"publish","type":"product","link":"https:\/\/ecosupplements.ch\/?product=intense-creatine-z-90-caps","title":{"rendered":"Intense Creatine Z &#8211; 90 caps"},"content":{"rendered":"<div class=\"chcg-product-description\">\n<h2 class=\"chcg-heading\">\u00dcber Weider \u2013 Intense Creatine Z \u2013 90 Kapseln<\/h2>\n<div class=\"chcg-intro\">\n<p>Weider Intense Creatine Z liefert pro Portion 3 g reines Kreatin in Form von CreaZ\u00ae \u2013 einer hochwertigen Kreatin-Formulierung, die speziell f\u00fcr Sportlerinnen und Sportler entwickelt wurde, die intensive Trainingseinheiten absolvieren. Kreatin tr\u00e4gt zur Steigerung der k\u00f6rperlichen Leistungsf\u00e4higkeit bei kurzen, aufeinanderfolgenden Hochintensit\u00e4ts\u00fcbungen bei.*<\/p>\n<p>Erg\u00e4nzt wird die Formel durch AstraGin\u00ae \u2013 einem patentierten Pflanzenkomplex aus Panax notoginseng- und Astragalus membranaceus-Wurzelextrakten \u2013 um eine optimale Bioverf\u00fcgbarkeit zu unterst\u00fctzen. Die Kapselform erm\u00f6glicht eine unkomplizierte, pr\u00e4zise Dosierung ohne Mischen oder Abwiegen.<\/p>\n<p>Mit 90 Kapseln f\u00fcr 30 Portionen bietet Intense Creatine Z eine praktische Monatsversorgung f\u00fcr all jene, die ihre Trainingsleistung auf einem hohen Niveau unterst\u00fctzen m\u00f6chten.<\/p>\n<p class=\"chcg-footnote\">* Diese Aussage bezieht sich auf eine t\u00e4gliche Aufnahme von 3 g Kreatin. Die vorteilhafte Wirkung wird bei einer t\u00e4glichen Einnahme von 3 g erzielt.<\/p>\n<\/p><\/div>\n<div class=\"chcg-nutrition\">\n<h3>N\u00e4hrwertangaben<\/h3>\n<table class=\"chcg-nutrition-table\">\n<thead>\n<tr>\n<th>N\u00e4hrstoff<\/th>\n<th>Pro Portion (3 Kapseln)<\/th>\n<\/tr>\n<\/thead>\n<tbody>\n<tr>\n<td>Kreatin (CreaZ\u00ae)<\/td>\n<td>3 g<\/td>\n<\/tr>\n<tr>\n<td>AstraGin\u00ae (Panax notoginseng Wurzelextrakt, Astragalus membranaceus Wurzelextrakt)<\/td>\n<td>25 mg<\/td>\n<\/tr>\n<\/tbody>\n<\/table>\n<p class=\"chcg-footnote\">* Kein festgelegter Tagesbedarf.<\/p>\n<\/p><\/div>\n<div class=\"chcg-ingredients\">\n<h3>Zutaten<\/h3>\n<p>Kreatin (CreaZ\u00ae), Hydroxypropylmethylcellulose (Kapsel), AstraGin\u00ae (Panax notoginseng Wurzelextrakt, Astragalus membranaceus Wurzelextrakt).<\/p>\n<p class=\"chcg-capsule-shell\">Kapselh\u00fclle: Hydroxypropylmethylcellulose<\/p>\n<\/p><\/div>\n<div class=\"chcg-dosage\">\n<h3>Verzehrempfehlung<\/h3>\n<p>T\u00e4glich 3 Kapseln einnehmen.<\/p>\n<\/p><\/div>\n<div class=\"chcg-warnings\">\n<h3>Warnhinweise<\/h3>\n<p>Die empfohlene Tagesdosis nicht \u00fcberschreiten. Nahrungserg\u00e4nzungsmittel sind kein Ersatz f\u00fcr eine abwechslungsreiche und ausgewogene Ern\u00e4hrung sowie eine gesunde Lebensweise. Nicht empfohlen f\u00fcr Kinder, Jugendliche unter 18 Jahren und Schwangere. Das Produkt ausserhalb der Reichweite von kleinen Kindern aufbewahren. Dieses Produkt ist ausschliesslich f\u00fcr Erwachsene bestimmt, die hochintensive k\u00f6rperliche \u00dcbungen ausf\u00fchren.<\/p>\n<\/p><\/div>\n<div class=\"chcg-allergens\">\n<h3>Allergeninformationen<\/h3>\n<p>Kann Spuren von Krebstieren, Eiern, Fisch, Soja, Milch, N\u00fcssen, Sulfiten, Lupinen und daraus gewonnenen Erzeugnissen enthalten.<\/p>\n<\/p><\/div>\n<div class=\"chcg-storage\">\n<h3>Lagerung<\/h3>\n<p>An einem k\u00fchlen, trockenen und dunklen Ort aufbewahren.<\/p>\n<\/p><\/div>\n<div class=\"chcg-dietary\">\n<h3>Ern\u00e4hrungshinweise<\/h3>\n<ul>\n<li>Vegan<\/li>\n<li>Vegetarisch<\/li>\n<\/ul><\/div>\n<\/div>\n","protected":false},"excerpt":{"rendered":"<p>Weider Intense Creatine Z liefert 3 g Kreatin (CreaZ\u00ae) pro Portion zur Unterst\u00fctzung der Leistung bei hochintensiven \u00dcbungen. Mit AstraGin\u00ae f\u00fcr optimale Bioverf\u00fcgbarkeit \u2013 90 vegane Kapseln f\u00fcr 30 Portionen.<\/p>\n","protected":false},"featured_media":1324,"comment_status":"closed","ping_status":"open","template":"","meta":[],"product_brand":[446],"product_cat":[48,22],"product_tag":[],"class_list":{"0":"post-1323","1":"product","2":"type-product","3":"status-publish","4":"has-post-thumbnail","6":"product_brand-weider","7":"product_cat-gesunde-ernaehrung","8":"product_cat-vegane-produkte","10":"first","11":"outofstock","12":"sale","13":"taxable","14":"shipping-taxable","15":"purchasable","16":"product-type-simple"},"yoast_head":"<!-- This site is optimized with the Yoast SEO plugin v27.5 - https:\/\/yoast.com\/product\/yoast-seo-wordpress\/ -->\n<title>Intense Creatine Z 90 Kapseln \u2013 Weider | ecosupplements.ch<\/title>\n<meta name=\"description\" content=\"Weider Intense Creatine Z mit 3 g CreaZ\u00ae Kreatin und AstraGin\u00ae pro Portion \u2013 90 vegane Kapseln f\u00fcr 30 Tage. Jetzt bestellen.\" \/>\n<meta name=\"robots\" content=\"index, follow, max-snippet:-1, max-image-preview:large, max-video-preview:-1\" \/>\n<link rel=\"canonical\" href=\"https:\/\/ecosupplements.ch\/?product=intense-creatine-z-90-caps\" \/>\n<meta property=\"og:locale\" content=\"de_DE\" \/>\n<meta property=\"og:type\" content=\"article\" \/>\n<meta property=\"og:title\" content=\"Intense Creatine Z 90 Kapseln \u2013 Weider | ecosupplements.ch\" \/>\n<meta property=\"og:description\" content=\"Weider Intense Creatine Z mit 3 g CreaZ\u00ae Kreatin und AstraGin\u00ae pro Portion \u2013 90 vegane Kapseln f\u00fcr 30 Tage. Jetzt bestellen.\" \/>\n<meta property=\"og:url\" content=\"https:\/\/ecosupplements.ch\/?product=intense-creatine-z-90-caps\" \/>\n<meta property=\"og:site_name\" content=\"Eco Supplements\" \/>\n<meta property=\"article:modified_time\" content=\"2026-05-13T07:26:49+00:00\" \/>\n<meta property=\"og:image\" content=\"https:\/\/ecosupplements.ch\/wp-content\/uploads\/2026\/05\/Intense-Creatine-Z-90-caps.jpg\" \/>\n\t<meta property=\"og:image:width\" content=\"605\" \/>\n\t<meta property=\"og:image:height\" content=\"660\" \/>\n\t<meta property=\"og:image:type\" content=\"image\/jpeg\" \/>\n<meta name=\"twitter:card\" content=\"summary_large_image\" \/>\n<meta name=\"twitter:label1\" content=\"Price\" \/>\n\t<meta name=\"twitter:data1\" content=\"&#067;&#072;&#070;&nbsp;15.11\" \/>\n\t<meta name=\"twitter:label2\" content=\"Availability\" \/>\n\t<meta name=\"twitter:data2\" content=\"Out of stock\" \/>\n<script type=\"application\/ld+json\" class=\"yoast-schema-graph\">{\"@context\":\"https:\\\/\\\/schema.org\",\"@graph\":[{\"@type\":\"WebPage\",\"@id\":\"https:\\\/\\\/ecosupplements.ch\\\/?product=intense-creatine-z-90-caps\",\"url\":\"https:\\\/\\\/ecosupplements.ch\\\/?product=intense-creatine-z-90-caps\",\"name\":\"Intense Creatine Z 90 Kapseln \u2013 Weider | ecosupplements.ch\",\"isPartOf\":{\"@id\":\"https:\\\/\\\/ecosupplements.ch\\\/#website\"},\"primaryImageOfPage\":{\"@id\":\"https:\\\/\\\/ecosupplements.ch\\\/?product=intense-creatine-z-90-caps#primaryimage\"},\"image\":{\"@id\":\"https:\\\/\\\/ecosupplements.ch\\\/?product=intense-creatine-z-90-caps#primaryimage\"},\"thumbnailUrl\":\"https:\\\/\\\/ecosupplements.ch\\\/wp-content\\\/uploads\\\/2026\\\/05\\\/Intense-Creatine-Z-90-caps.jpg\",\"datePublished\":\"2026-05-11T14:28:33+00:00\",\"dateModified\":\"2026-05-13T07:26:49+00:00\",\"description\":\"Weider Intense Creatine Z mit 3 g CreaZ\u00ae Kreatin und AstraGin\u00ae pro Portion \u2013 90 vegane Kapseln f\u00fcr 30 Tage. Jetzt bestellen.\",\"breadcrumb\":{\"@id\":\"https:\\\/\\\/ecosupplements.ch\\\/?product=intense-creatine-z-90-caps#breadcrumb\"},\"inLanguage\":\"de-CH\",\"potentialAction\":[{\"@type\":\"ReadAction\",\"target\":[\"https:\\\/\\\/ecosupplements.ch\\\/?product=intense-creatine-z-90-caps\"]}]},{\"@type\":\"ImageObject\",\"inLanguage\":\"de-CH\",\"@id\":\"https:\\\/\\\/ecosupplements.ch\\\/?product=intense-creatine-z-90-caps#primaryimage\",\"url\":\"https:\\\/\\\/ecosupplements.ch\\\/wp-content\\\/uploads\\\/2026\\\/05\\\/Intense-Creatine-Z-90-caps.jpg\",\"contentUrl\":\"https:\\\/\\\/ecosupplements.ch\\\/wp-content\\\/uploads\\\/2026\\\/05\\\/Intense-Creatine-Z-90-caps.jpg\",\"width\":605,\"height\":660,\"caption\":\"Intense Creatine Z - 90 caps\"},{\"@type\":\"BreadcrumbList\",\"@id\":\"https:\\\/\\\/ecosupplements.ch\\\/?product=intense-creatine-z-90-caps#breadcrumb\",\"itemListElement\":[{\"@type\":\"ListItem\",\"position\":1,\"name\":\"Home\",\"item\":\"https:\\\/\\\/ecosupplements.ch\\\/\"},{\"@type\":\"ListItem\",\"position\":2,\"name\":\"Shop\",\"item\":\"https:\\\/\\\/ecosupplements.ch\\\/?page_id=14\"},{\"@type\":\"ListItem\",\"position\":3,\"name\":\"Intense Creatine Z &#8211; 90 caps\"}]},{\"@type\":\"WebSite\",\"@id\":\"https:\\\/\\\/ecosupplements.ch\\\/#website\",\"url\":\"https:\\\/\\\/ecosupplements.ch\\\/\",\"name\":\"Eco Supplements\",\"description\":\"\",\"potentialAction\":[{\"@type\":\"SearchAction\",\"target\":{\"@type\":\"EntryPoint\",\"urlTemplate\":\"https:\\\/\\\/ecosupplements.ch\\\/?s={search_term_string}\"},\"query-input\":{\"@type\":\"PropertyValueSpecification\",\"valueRequired\":true,\"valueName\":\"search_term_string\"}}],\"inLanguage\":\"de-CH\"}]}<\/script>\n<meta property=\"product:price:amount\" content=\"15.11\" \/>\n<meta property=\"product:price:currency\" content=\"CHF\" \/>\n<meta property=\"og:availability\" content=\"out of stock\" \/>\n<meta property=\"product:availability\" content=\"out of stock\" \/>\n<meta property=\"product:retailer_item_id\" content=\"8414192347768\" \/>\n<meta property=\"product:condition\" content=\"new\" \/>\n<!-- \/ Yoast SEO plugin. -->","yoast_head_json":{"title":"Intense Creatine Z 90 Kapseln \u2013 Weider | ecosupplements.ch","description":"Weider Intense Creatine Z mit 3 g CreaZ\u00ae Kreatin und AstraGin\u00ae pro Portion \u2013 90 vegane Kapseln f\u00fcr 30 Tage. Jetzt bestellen.","robots":{"index":"index","follow":"follow","max-snippet":"max-snippet:-1","max-image-preview":"max-image-preview:large","max-video-preview":"max-video-preview:-1"},"canonical":"https:\/\/ecosupplements.ch\/?product=intense-creatine-z-90-caps","og_locale":"de_DE","og_type":"article","og_title":"Intense Creatine Z 90 Kapseln \u2013 Weider | ecosupplements.ch","og_description":"Weider Intense Creatine Z mit 3 g CreaZ\u00ae Kreatin und AstraGin\u00ae pro Portion \u2013 90 vegane Kapseln f\u00fcr 30 Tage. Jetzt bestellen.","og_url":"https:\/\/ecosupplements.ch\/?product=intense-creatine-z-90-caps","og_site_name":"Eco Supplements","article_modified_time":"2026-05-13T07:26:49+00:00","og_image":[{"width":605,"height":660,"url":"https:\/\/ecosupplements.ch\/wp-content\/uploads\/2026\/05\/Intense-Creatine-Z-90-caps.jpg","type":"image\/jpeg"}],"twitter_card":"summary_large_image","twitter_misc":{"Price":"&#67;&#72;&#70;&nbsp;15.11","Availability":"Out of stock"},"schema":{"@context":"https:\/\/schema.org","@graph":[{"@type":"WebPage","@id":"https:\/\/ecosupplements.ch\/?product=intense-creatine-z-90-caps","url":"https:\/\/ecosupplements.ch\/?product=intense-creatine-z-90-caps","name":"Intense Creatine Z 90 Kapseln \u2013 Weider | ecosupplements.ch","isPartOf":{"@id":"https:\/\/ecosupplements.ch\/#website"},"primaryImageOfPage":{"@id":"https:\/\/ecosupplements.ch\/?product=intense-creatine-z-90-caps#primaryimage"},"image":{"@id":"https:\/\/ecosupplements.ch\/?product=intense-creatine-z-90-caps#primaryimage"},"thumbnailUrl":"https:\/\/ecosupplements.ch\/wp-content\/uploads\/2026\/05\/Intense-Creatine-Z-90-caps.jpg","datePublished":"2026-05-11T14:28:33+00:00","dateModified":"2026-05-13T07:26:49+00:00","description":"Weider Intense Creatine Z mit 3 g CreaZ\u00ae Kreatin und AstraGin\u00ae pro Portion \u2013 90 vegane Kapseln f\u00fcr 30 Tage. Jetzt bestellen.","breadcrumb":{"@id":"https:\/\/ecosupplements.ch\/?product=intense-creatine-z-90-caps#breadcrumb"},"inLanguage":"de-CH","potentialAction":[{"@type":"ReadAction","target":["https:\/\/ecosupplements.ch\/?product=intense-creatine-z-90-caps"]}]},{"@type":"ImageObject","inLanguage":"de-CH","@id":"https:\/\/ecosupplements.ch\/?product=intense-creatine-z-90-caps#primaryimage","url":"https:\/\/ecosupplements.ch\/wp-content\/uploads\/2026\/05\/Intense-Creatine-Z-90-caps.jpg","contentUrl":"https:\/\/ecosupplements.ch\/wp-content\/uploads\/2026\/05\/Intense-Creatine-Z-90-caps.jpg","width":605,"height":660,"caption":"Intense Creatine Z - 90 caps"},{"@type":"BreadcrumbList","@id":"https:\/\/ecosupplements.ch\/?product=intense-creatine-z-90-caps#breadcrumb","itemListElement":[{"@type":"ListItem","position":1,"name":"Home","item":"https:\/\/ecosupplements.ch\/"},{"@type":"ListItem","position":2,"name":"Shop","item":"https:\/\/ecosupplements.ch\/?page_id=14"},{"@type":"ListItem","position":3,"name":"Intense Creatine Z &#8211; 90 caps"}]},{"@type":"WebSite","@id":"https:\/\/ecosupplements.ch\/#website","url":"https:\/\/ecosupplements.ch\/","name":"Eco Supplements","description":"","potentialAction":[{"@type":"SearchAction","target":{"@type":"EntryPoint","urlTemplate":"https:\/\/ecosupplements.ch\/?s={search_term_string}"},"query-input":{"@type":"PropertyValueSpecification","valueRequired":true,"valueName":"search_term_string"}}],"inLanguage":"de-CH"}]},"product_price_amount":"15.11","product_price_currency":"CHF","og_availability":"out of stock","product_availability":"out of stock","product_retailer_item_id":"8414192347768","product_condition":"new"},"_links":{"self":[{"href":"https:\/\/ecosupplements.ch\/index.php?rest_route=\/wp\/v2\/product\/1323","targetHints":{"allow":["GET"]}}],"collection":[{"href":"https:\/\/ecosupplements.ch\/index.php?rest_route=\/wp\/v2\/product"}],"about":[{"href":"https:\/\/ecosupplements.ch\/index.php?rest_route=\/wp\/v2\/types\/product"}],"replies":[{"embeddable":true,"href":"https:\/\/ecosupplements.ch\/index.php?rest_route=%2Fwp%2Fv2%2Fcomments&post=1323"}],"wp:featuredmedia":[{"embeddable":true,"href":"https:\/\/ecosupplements.ch\/index.php?rest_route=\/wp\/v2\/media\/1324"}],"wp:attachment":[{"href":"https:\/\/ecosupplements.ch\/index.php?rest_route=%2Fwp%2Fv2%2Fmedia&parent=1323"}],"wp:term":[{"taxonomy":"product_brand","embeddable":true,"href":"https:\/\/ecosupplements.ch\/index.php?rest_route=%2Fwp%2Fv2%2Fproduct_brand&post=1323"},{"taxonomy":"product_cat","embeddable":true,"href":"https:\/\/ecosupplements.ch\/index.php?rest_route=%2Fwp%2Fv2%2Fproduct_cat&post=1323"},{"taxonomy":"product_tag","embeddable":true,"href":"https:\/\/ecosupplements.ch\/index.php?rest_route=%2Fwp%2Fv2%2Fproduct_tag&post=1323"}],"curies":[{"name":"wp","href":"https:\/\/api.w.org\/{rel}","templated":true}]}}