{"id":1325,"date":"2026-05-11T14:28:34","date_gmt":"2026-05-11T14:28:34","guid":{"rendered":"https:\/\/ecosupplements.ch\/?product=xtend-eaa-apple-raspberry-304g"},"modified":"2026-05-12T17:56:13","modified_gmt":"2026-05-12T17:56:13","slug":"xtend-eaa-apple-raspberry-304g","status":"publish","type":"product","link":"https:\/\/ecosupplements.ch\/?product=xtend-eaa-apple-raspberry-304g","title":{"rendered":"Xtend EAA, Apple &amp; Raspberry &#8211; 304g"},"content":{"rendered":"<div class=\"chcg-product-description\">\n<h2 class=\"chcg-heading\">\u00dcber Xtend \u2013 Xtend EAA, Apple &amp; Raspberry \u2013 304g<\/h2>\n<div class=\"chcg-intro\">\n<p>Xtend EAA ist ein hochwertiges Pulver mit einem vollst\u00e4ndigen Profil essenzieller Aminos\u00e4uren (EAAs), das speziell f\u00fcr aktive Erwachsene entwickelt wurde, die ihre Trainingsern\u00e4hrung gezielt erg\u00e4nzen m\u00f6chten. Mit 1500 mg L-Leucin pro Portion \u2013 der Schl\u00fcsselaminos\u00e4ure unter den verzweigtkettigen Aminos\u00e4uren \u2013 sowie weiteren essenziellen Aminos\u00e4uren wie L-Isoleucin, L-Valin und L-Threonin liefert dieses Produkt eine umfassende Aminos\u00e4urenbasis in einer praktischen Pulverform.<\/p>\n<p>Das Produkt enth\u00e4lt zudem L-Arginin, L-Phenylalanin, L-Tryptophan, L-Histidin und L-Methionin und deckt damit alle neun essenziellen Aminos\u00e4uren ab, die der K\u00f6rper nicht selbst synthetisieren kann. Mit 100 mg Natrium pro Portion \u2013 bereitgestellt durch Himalayan Pink Sea Salt \u2013 tr\u00e4gt das Pulver ausserdem zur Elektrolytversorgung w\u00e4hrend des Trainings bei. Die erfrischende Geschmacksrichtung Apple &amp; Raspberry macht die t\u00e4gliche Einnahme besonders angenehm.<\/p>\n<p>Xtend EAA eignet sich ideal als Begleitung w\u00e4hrend oder nach dem Training und ist in einer praktischen Packungsgr\u00f6sse von 304 g (40 Portionen) erh\u00e4ltlich. Das Produkt ist frei von k\u00fcnstlichen Farb- und Konservierungsstoffen und wird mit Sucralose und Acesulfam K ges\u00fcsst.<\/p>\n<\/p><\/div>\n<div class=\"chcg-nutrition\">\n<h3>N\u00e4hrwertangaben<\/h3>\n<table class=\"chcg-nutrition-table\">\n<thead>\n<tr>\n<th>N\u00e4hrstoff<\/th>\n<th>Pro 100 g<\/th>\n<th>Pro Portion (1 gestrichener Messl\u00f6ffel, 7,6 g)<\/th>\n<th>% NRW<\/th>\n<\/tr>\n<\/thead>\n<tbody>\n<tr>\n<td>Chlorid<\/td>\n<td>2030 mg<\/td>\n<td>150 mg<\/td>\n<td>19%<\/td>\n<\/tr>\n<tr>\n<td>Natrium<\/td>\n<td>1351,4 mg<\/td>\n<td>100 mg<\/td>\n<td>*<\/td>\n<\/tr>\n<tr>\n<td>L-Leucin<\/td>\n<td>20 270,27 mg<\/td>\n<td>1500 mg<\/td>\n<td>*<\/td>\n<\/tr>\n<tr>\n<td>L-Isoleucin<\/td>\n<td>10 135,14 mg<\/td>\n<td>750 mg<\/td>\n<td>*<\/td>\n<\/tr>\n<tr>\n<td>L-Threonin<\/td>\n<td>10 135,14 mg<\/td>\n<td>750 mg<\/td>\n<td>*<\/td>\n<\/tr>\n<tr>\n<td>L-Valin<\/td>\n<td>10 135,14 mg<\/td>\n<td>750 mg<\/td>\n<td>*<\/td>\n<\/tr>\n<tr>\n<td>L-Lysin Hydrochlorid<\/td>\n<td>8783,78 mg<\/td>\n<td>650 mg<\/td>\n<td>*<\/td>\n<\/tr>\n<tr>\n<td>L-Arginin<\/td>\n<td>3378,38 mg<\/td>\n<td>250 mg<\/td>\n<td>*<\/td>\n<\/tr>\n<tr>\n<td>L-Phenylalanin<\/td>\n<td>2702,70 mg<\/td>\n<td>200 mg<\/td>\n<td>*<\/td>\n<\/tr>\n<tr>\n<td>L-Tryptophan<\/td>\n<td>1351,35 mg<\/td>\n<td>100 mg<\/td>\n<td>*<\/td>\n<\/tr>\n<tr>\n<td>L-Histidin<\/td>\n<td>337,84 mg<\/td>\n<td>25 mg<\/td>\n<td>*<\/td>\n<\/tr>\n<tr>\n<td>L-Methionin<\/td>\n<td>337,84 mg<\/td>\n<td>25 mg<\/td>\n<td>*<\/td>\n<\/tr>\n<\/tbody>\n<\/table>\n<p class=\"chcg-footnote\">* Kein festgelegter N\u00e4hrwert-Referenzwert (NRW).<\/p>\n<p class=\"chcg-footnote\">NRW = N\u00e4hrwert-Referenzwert<\/p>\n<\/p><\/div>\n<div class=\"chcg-ingredients\">\n<h3>Zutaten<\/h3>\n<p>L-Leucin (Emulgator: Lecithine), S\u00e4uerungsmittel (Zitronens\u00e4ure), L-Isoleucin, L-Threonin, L-Valin, L-Lysin Hydrochlorid, Aromen, L-Arginin, Himalayan Pink Sea Salt, L-Phenylalanin, Karotten- und Schwarze-Johannisbeere-Konzentrat, S\u00fcssungsmittel (Sucralose, Acesulfam K), Trennmittel (Calciumsilikat, Siliciumdioxid), L-Tryptophan, L-Histidin, L-Methionin.<\/p>\n<\/p><\/div>\n<div class=\"chcg-dosage\">\n<h3>Verzehrempfehlung<\/h3>\n<p>Eine Portion (1 gestrichener Messl\u00f6ffel, 7,6 g) mit 250 ml Wasser vermischen und gut sch\u00fctteln. W\u00e4hrend oder nach dem Training einnehmen. 2 Portionen pro Tag nicht \u00fcberschreiten.<\/p>\n<\/p><\/div>\n<div class=\"chcg-warnings\">\n<h3>Warnhinweise<\/h3>\n<p>Dieses Produkt ist ausschliesslich f\u00fcr gesunde Erwachsene ab 18 Jahren bestimmt. Nicht verwenden bei Schwangerschaft oder Stillzeit. Vor der Einnahme dieses oder eines anderen Nahrungserg\u00e4nzungsmittels \u2013 insbesondere bei Medikamenteneinnahme oder bestehenden Erkrankungen \u2013 einen approbierten Arzt oder eine qualifizierte Fachkraft konsultieren. 2 Wochen vor einer Operation die Einnahme einstellen. Nur gem\u00e4ss Anweisung verwenden. Nicht verwenden, wenn das Sicherheitssiegel besch\u00e4digt oder fehlt. Ausserhalb der Reichweite von Kindern aufbewahren. Nahrungserg\u00e4nzungsmittel sind kein Ersatz f\u00fcr eine abwechslungsreiche und ausgewogene Ern\u00e4hrung und einen gesunden Lebensstil.<\/p>\n<\/p><\/div>\n<div class=\"chcg-allergens\">\n<h3>Allergeninformationen<\/h3>\n<p>Enth\u00e4lt Lecithine (Emulgator). Hergestellt in einem Betrieb, der Milch, Soja, Gluten und andere Allergene verarbeitet. Phenylketonurie-Betroffene: Enth\u00e4lt Phenylalanin.<\/p>\n<\/p><\/div>\n<div class=\"chcg-storage\">\n<h3>Lagerung<\/h3>\n<p>An einem k\u00fchlen, trockenen Ort aufbewahren.<\/p>\n<\/p><\/div>\n<\/div>\n","protected":false},"excerpt":{"rendered":"<p>Xtend EAA liefert alle neun essenziellen Aminos\u00e4uren in praktischer Pulverform \u2013 ideal w\u00e4hrend oder nach dem Training. Packungsgr\u00f6sse: 304 g (40 Portionen), Geschmack Apple &amp; Raspberry.<\/p>\n","protected":false},"featured_media":1326,"comment_status":"closed","ping_status":"open","template":"","meta":[],"product_brand":[447],"product_cat":[15],"product_tag":[],"class_list":{"0":"post-1325","1":"product","2":"type-product","3":"status-publish","4":"has-post-thumbnail","6":"product_brand-xtend","7":"product_cat-uncategorized","9":"first","10":"outofstock","11":"taxable","12":"shipping-taxable","13":"purchasable","14":"product-type-simple"},"yoast_head":"<!-- This site is optimized with the Yoast SEO plugin v27.5 - https:\/\/yoast.com\/product\/yoast-seo-wordpress\/ -->\n<title>Xtend EAA Apple &amp; Raspberry 304g \u2013 Xtend | ecosupplements.ch<\/title>\n<meta name=\"description\" content=\"Xtend EAA Pulver mit allen 9 essenziellen Aminos\u00e4uren, 40 Portionen, Geschmack Apple &amp; Raspberry. Jetzt bestellen.\" \/>\n<meta name=\"robots\" content=\"index, follow, max-snippet:-1, max-image-preview:large, max-video-preview:-1\" \/>\n<link rel=\"canonical\" href=\"https:\/\/ecosupplements.ch\/?product=xtend-eaa-apple-raspberry-304g\" \/>\n<meta property=\"og:locale\" content=\"de_DE\" \/>\n<meta property=\"og:type\" content=\"article\" \/>\n<meta property=\"og:title\" content=\"Xtend EAA Apple &amp; Raspberry 304g \u2013 Xtend | ecosupplements.ch\" \/>\n<meta property=\"og:description\" content=\"Xtend EAA Pulver mit allen 9 essenziellen Aminos\u00e4uren, 40 Portionen, Geschmack Apple &amp; Raspberry. Jetzt bestellen.\" \/>\n<meta property=\"og:url\" content=\"https:\/\/ecosupplements.ch\/?product=xtend-eaa-apple-raspberry-304g\" \/>\n<meta property=\"og:site_name\" content=\"Eco Supplements\" \/>\n<meta property=\"article:modified_time\" content=\"2026-05-12T17:56:13+00:00\" \/>\n<meta property=\"og:image\" content=\"https:\/\/ecosupplements.ch\/wp-content\/uploads\/2026\/05\/Xtend-EAA-Apple-Raspberry-304g.jpg\" \/>\n\t<meta property=\"og:image:width\" content=\"600\" \/>\n\t<meta property=\"og:image:height\" content=\"600\" \/>\n\t<meta property=\"og:image:type\" content=\"image\/jpeg\" \/>\n<meta name=\"twitter:card\" content=\"summary_large_image\" \/>\n<meta name=\"twitter:label1\" content=\"Price\" \/>\n\t<meta name=\"twitter:data1\" content=\"&#067;&#072;&#070;&nbsp;30.62\" \/>\n\t<meta name=\"twitter:label2\" content=\"Availability\" \/>\n\t<meta name=\"twitter:data2\" content=\"Out of stock\" \/>\n<script type=\"application\/ld+json\" class=\"yoast-schema-graph\">{\"@context\":\"https:\\\/\\\/schema.org\",\"@graph\":[{\"@type\":\"WebPage\",\"@id\":\"https:\\\/\\\/ecosupplements.ch\\\/?product=xtend-eaa-apple-raspberry-304g\",\"url\":\"https:\\\/\\\/ecosupplements.ch\\\/?product=xtend-eaa-apple-raspberry-304g\",\"name\":\"Xtend EAA Apple & Raspberry 304g \u2013 Xtend | ecosupplements.ch\",\"isPartOf\":{\"@id\":\"https:\\\/\\\/ecosupplements.ch\\\/#website\"},\"primaryImageOfPage\":{\"@id\":\"https:\\\/\\\/ecosupplements.ch\\\/?product=xtend-eaa-apple-raspberry-304g#primaryimage\"},\"image\":{\"@id\":\"https:\\\/\\\/ecosupplements.ch\\\/?product=xtend-eaa-apple-raspberry-304g#primaryimage\"},\"thumbnailUrl\":\"https:\\\/\\\/ecosupplements.ch\\\/wp-content\\\/uploads\\\/2026\\\/05\\\/Xtend-EAA-Apple-Raspberry-304g.jpg\",\"datePublished\":\"2026-05-11T14:28:34+00:00\",\"dateModified\":\"2026-05-12T17:56:13+00:00\",\"description\":\"Xtend EAA Pulver mit allen 9 essenziellen Aminos\u00e4uren, 40 Portionen, Geschmack Apple & Raspberry. Jetzt bestellen.\",\"breadcrumb\":{\"@id\":\"https:\\\/\\\/ecosupplements.ch\\\/?product=xtend-eaa-apple-raspberry-304g#breadcrumb\"},\"inLanguage\":\"de-CH\",\"potentialAction\":[{\"@type\":\"ReadAction\",\"target\":[\"https:\\\/\\\/ecosupplements.ch\\\/?product=xtend-eaa-apple-raspberry-304g\"]}]},{\"@type\":\"ImageObject\",\"inLanguage\":\"de-CH\",\"@id\":\"https:\\\/\\\/ecosupplements.ch\\\/?product=xtend-eaa-apple-raspberry-304g#primaryimage\",\"url\":\"https:\\\/\\\/ecosupplements.ch\\\/wp-content\\\/uploads\\\/2026\\\/05\\\/Xtend-EAA-Apple-Raspberry-304g.jpg\",\"contentUrl\":\"https:\\\/\\\/ecosupplements.ch\\\/wp-content\\\/uploads\\\/2026\\\/05\\\/Xtend-EAA-Apple-Raspberry-304g.jpg\",\"width\":600,\"height\":600,\"caption\":\"Xtend EAA\"},{\"@type\":\"BreadcrumbList\",\"@id\":\"https:\\\/\\\/ecosupplements.ch\\\/?product=xtend-eaa-apple-raspberry-304g#breadcrumb\",\"itemListElement\":[{\"@type\":\"ListItem\",\"position\":1,\"name\":\"Home\",\"item\":\"https:\\\/\\\/ecosupplements.ch\\\/\"},{\"@type\":\"ListItem\",\"position\":2,\"name\":\"Shop\",\"item\":\"https:\\\/\\\/ecosupplements.ch\\\/?page_id=14\"},{\"@type\":\"ListItem\",\"position\":3,\"name\":\"Xtend EAA, Apple &amp; Raspberry &#8211; 304g\"}]},{\"@type\":\"WebSite\",\"@id\":\"https:\\\/\\\/ecosupplements.ch\\\/#website\",\"url\":\"https:\\\/\\\/ecosupplements.ch\\\/\",\"name\":\"Eco Supplements\",\"description\":\"\",\"potentialAction\":[{\"@type\":\"SearchAction\",\"target\":{\"@type\":\"EntryPoint\",\"urlTemplate\":\"https:\\\/\\\/ecosupplements.ch\\\/?s={search_term_string}\"},\"query-input\":{\"@type\":\"PropertyValueSpecification\",\"valueRequired\":true,\"valueName\":\"search_term_string\"}}],\"inLanguage\":\"de-CH\"}]}<\/script>\n<meta property=\"product:price:amount\" content=\"30.62\" \/>\n<meta property=\"product:price:currency\" content=\"CHF\" \/>\n<meta property=\"og:availability\" content=\"out of stock\" \/>\n<meta property=\"product:availability\" content=\"out of stock\" \/>\n<meta property=\"product:retailer_item_id\" content=\"5056569901987\" \/>\n<meta property=\"product:condition\" content=\"new\" \/>\n<!-- \/ Yoast SEO plugin. -->","yoast_head_json":{"title":"Xtend EAA Apple & Raspberry 304g \u2013 Xtend | ecosupplements.ch","description":"Xtend EAA Pulver mit allen 9 essenziellen Aminos\u00e4uren, 40 Portionen, Geschmack Apple & Raspberry. Jetzt bestellen.","robots":{"index":"index","follow":"follow","max-snippet":"max-snippet:-1","max-image-preview":"max-image-preview:large","max-video-preview":"max-video-preview:-1"},"canonical":"https:\/\/ecosupplements.ch\/?product=xtend-eaa-apple-raspberry-304g","og_locale":"de_DE","og_type":"article","og_title":"Xtend EAA Apple & Raspberry 304g \u2013 Xtend | ecosupplements.ch","og_description":"Xtend EAA Pulver mit allen 9 essenziellen Aminos\u00e4uren, 40 Portionen, Geschmack Apple & Raspberry. Jetzt bestellen.","og_url":"https:\/\/ecosupplements.ch\/?product=xtend-eaa-apple-raspberry-304g","og_site_name":"Eco Supplements","article_modified_time":"2026-05-12T17:56:13+00:00","og_image":[{"width":600,"height":600,"url":"https:\/\/ecosupplements.ch\/wp-content\/uploads\/2026\/05\/Xtend-EAA-Apple-Raspberry-304g.jpg","type":"image\/jpeg"}],"twitter_card":"summary_large_image","twitter_misc":{"Price":"&#67;&#72;&#70;&nbsp;30.62","Availability":"Out of stock"},"schema":{"@context":"https:\/\/schema.org","@graph":[{"@type":"WebPage","@id":"https:\/\/ecosupplements.ch\/?product=xtend-eaa-apple-raspberry-304g","url":"https:\/\/ecosupplements.ch\/?product=xtend-eaa-apple-raspberry-304g","name":"Xtend EAA Apple & Raspberry 304g \u2013 Xtend | ecosupplements.ch","isPartOf":{"@id":"https:\/\/ecosupplements.ch\/#website"},"primaryImageOfPage":{"@id":"https:\/\/ecosupplements.ch\/?product=xtend-eaa-apple-raspberry-304g#primaryimage"},"image":{"@id":"https:\/\/ecosupplements.ch\/?product=xtend-eaa-apple-raspberry-304g#primaryimage"},"thumbnailUrl":"https:\/\/ecosupplements.ch\/wp-content\/uploads\/2026\/05\/Xtend-EAA-Apple-Raspberry-304g.jpg","datePublished":"2026-05-11T14:28:34+00:00","dateModified":"2026-05-12T17:56:13+00:00","description":"Xtend EAA Pulver mit allen 9 essenziellen Aminos\u00e4uren, 40 Portionen, Geschmack Apple & Raspberry. Jetzt bestellen.","breadcrumb":{"@id":"https:\/\/ecosupplements.ch\/?product=xtend-eaa-apple-raspberry-304g#breadcrumb"},"inLanguage":"de-CH","potentialAction":[{"@type":"ReadAction","target":["https:\/\/ecosupplements.ch\/?product=xtend-eaa-apple-raspberry-304g"]}]},{"@type":"ImageObject","inLanguage":"de-CH","@id":"https:\/\/ecosupplements.ch\/?product=xtend-eaa-apple-raspberry-304g#primaryimage","url":"https:\/\/ecosupplements.ch\/wp-content\/uploads\/2026\/05\/Xtend-EAA-Apple-Raspberry-304g.jpg","contentUrl":"https:\/\/ecosupplements.ch\/wp-content\/uploads\/2026\/05\/Xtend-EAA-Apple-Raspberry-304g.jpg","width":600,"height":600,"caption":"Xtend EAA"},{"@type":"BreadcrumbList","@id":"https:\/\/ecosupplements.ch\/?product=xtend-eaa-apple-raspberry-304g#breadcrumb","itemListElement":[{"@type":"ListItem","position":1,"name":"Home","item":"https:\/\/ecosupplements.ch\/"},{"@type":"ListItem","position":2,"name":"Shop","item":"https:\/\/ecosupplements.ch\/?page_id=14"},{"@type":"ListItem","position":3,"name":"Xtend EAA, Apple &amp; Raspberry &#8211; 304g"}]},{"@type":"WebSite","@id":"https:\/\/ecosupplements.ch\/#website","url":"https:\/\/ecosupplements.ch\/","name":"Eco Supplements","description":"","potentialAction":[{"@type":"SearchAction","target":{"@type":"EntryPoint","urlTemplate":"https:\/\/ecosupplements.ch\/?s={search_term_string}"},"query-input":{"@type":"PropertyValueSpecification","valueRequired":true,"valueName":"search_term_string"}}],"inLanguage":"de-CH"}]},"product_price_amount":"30.62","product_price_currency":"CHF","og_availability":"out of stock","product_availability":"out of stock","product_retailer_item_id":"5056569901987","product_condition":"new"},"_links":{"self":[{"href":"https:\/\/ecosupplements.ch\/index.php?rest_route=\/wp\/v2\/product\/1325","targetHints":{"allow":["GET"]}}],"collection":[{"href":"https:\/\/ecosupplements.ch\/index.php?rest_route=\/wp\/v2\/product"}],"about":[{"href":"https:\/\/ecosupplements.ch\/index.php?rest_route=\/wp\/v2\/types\/product"}],"replies":[{"embeddable":true,"href":"https:\/\/ecosupplements.ch\/index.php?rest_route=%2Fwp%2Fv2%2Fcomments&post=1325"}],"wp:featuredmedia":[{"embeddable":true,"href":"https:\/\/ecosupplements.ch\/index.php?rest_route=\/wp\/v2\/media\/1326"}],"wp:attachment":[{"href":"https:\/\/ecosupplements.ch\/index.php?rest_route=%2Fwp%2Fv2%2Fmedia&parent=1325"}],"wp:term":[{"taxonomy":"product_brand","embeddable":true,"href":"https:\/\/ecosupplements.ch\/index.php?rest_route=%2Fwp%2Fv2%2Fproduct_brand&post=1325"},{"taxonomy":"product_cat","embeddable":true,"href":"https:\/\/ecosupplements.ch\/index.php?rest_route=%2Fwp%2Fv2%2Fproduct_cat&post=1325"},{"taxonomy":"product_tag","embeddable":true,"href":"https:\/\/ecosupplements.ch\/index.php?rest_route=%2Fwp%2Fv2%2Fproduct_tag&post=1325"}],"curies":[{"name":"wp","href":"https:\/\/api.w.org\/{rel}","templated":true}]}}