{"id":1329,"date":"2026-05-11T14:28:35","date_gmt":"2026-05-11T14:28:35","guid":{"rendered":"https:\/\/ecosupplements.ch\/?product=l-arginine-l-citrulline-500mg-90-caps"},"modified":"2026-05-13T07:25:41","modified_gmt":"2026-05-13T07:25:41","slug":"l-arginine-l-citrulline-500mg-90-caps","status":"publish","type":"product","link":"https:\/\/ecosupplements.ch\/?product=l-arginine-l-citrulline-500mg-90-caps","title":{"rendered":"L-Arginine + L-Citrulline, 500mg &#8211; 90 caps"},"content":{"rendered":"<div class=\"chcg-product-description\">\n<h2 class=\"chcg-heading\">\u00dcber Zein Pharma \u2013 L-Arginine + L-Citrulline, 500mg \u2013 90 Kapseln<\/h2>\n<div class=\"chcg-intro\">\n<p>L-Arginine + L-Citrulline von Zein Pharma vereint zwei bew\u00e4hrte Aminos\u00e4uren in einer praktischen Kapselform. L-Arginin ist eine semi-essentielle Aminos\u00e4ure, die im K\u00f6rper als Vorstufe f\u00fcr die Synthese von Stickstoffmonoxid (NO) dient und damit eine wichtige Rolle im Aminos\u00e4urestoffwechsel spielt. L-Citrullin ist eine nat\u00fcrlich vorkommende Aminos\u00e4ure, die im K\u00f6rper in L-Arginin umgewandelt werden kann und so zu einem ausgeglichenen Aminos\u00e4urehaushalt beitr\u00e4gt.<\/p>\n<p>Die Kombination beider Aminos\u00e4uren in gleicher Dosierung \u2013 je 1500 mg pro Tagesportion \u2013 bietet eine gezielte Erg\u00e4nzung f\u00fcr Personen, die ihren Aminos\u00e4urehaushalt unterst\u00fctzen m\u00f6chten. Jede Kapsel enth\u00e4lt 250 mg L-Arginin und 250 mg L-Citrullin, was eine flexible und pr\u00e4zise Dosierung erm\u00f6glicht.<\/p>\n<p>Das Produkt wird von Zein Pharma in hochwertiger Qualit\u00e4t hergestellt und ist vollst\u00e4ndig vegan, glutenfrei und laktosefrei. Die Kapselh\u00fclle besteht aus pflanzlichem Hydroxypropylmethylcellulose (HPMC), sodass das Produkt f\u00fcr eine vegane und vegetarische Ern\u00e4hrungsweise geeignet ist.<\/p>\n<\/p><\/div>\n<div class=\"chcg-nutrition\">\n<h3>N\u00e4hrwertangaben<\/h3>\n<table class=\"chcg-nutrition-table\">\n<thead>\n<tr>\n<th>N\u00e4hrstoff<\/th>\n<th>Pro Portion (6 Kapseln)<\/th>\n<\/tr>\n<\/thead>\n<tbody>\n<tr>\n<td>L-Arginin<\/td>\n<td>1500 mg<\/td>\n<\/tr>\n<tr>\n<td>L-Citrullin<\/td>\n<td>1500 mg<\/td>\n<\/tr>\n<\/tbody>\n<\/table>\n<p class=\"chcg-footnote\">* Kein etablierter t\u00e4glicher Referenzwert vorhanden.<\/p>\n<\/p><\/div>\n<div class=\"chcg-ingredients\">\n<h3>Zutaten<\/h3>\n<p>L-Arginin-Pulver, L-Citrullin-Pulver, Hydroxypropylmethylcellulose (Kapsel), Antioxidationsmittel: Ascorbylpalmitat.<\/p>\n<p class=\"chcg-capsule-shell\">Kapselh\u00fclle: Hydroxypropylmethylcellulose (HPMC) \u2013 vegane Kapsel<\/p>\n<\/p><\/div>\n<div class=\"chcg-dosage\">\n<h3>Verzehrempfehlung<\/h3>\n<p>T\u00e4glich 6 Kapseln einnehmen, je 3 Kapseln morgens und abends, unzerkaut mit ausreichend Wasser.<\/p>\n<\/p><\/div>\n<div class=\"chcg-warnings\">\n<h3>Warnhinweise<\/h3>\n<p>Die empfohlene Tagesdosis nicht \u00fcberschreiten. Dieses Produkt ist kein Ersatz f\u00fcr eine abwechslungsreiche und ausgewogene Ern\u00e4hrung sowie eine gesunde Lebensweise. Ausserhalb der Reichweite von Kindern aufbewahren. Enth\u00e4lt einen Trockenmittelbeutel, der nicht f\u00fcr den Verzehr geeignet ist.<\/p>\n<\/p><\/div>\n<div class=\"chcg-allergens\">\n<h3>Allergeninformationen<\/h3>\n<p>Keine Allergene deklariert. Frei von Gluten, Laktose und Soja.<\/p>\n<\/p><\/div>\n<div class=\"chcg-storage\">\n<h3>Lagerung<\/h3>\n<p>Gut verschlossen an einem k\u00fchlen, trockenen Ort aufbewahren.<\/p>\n<\/p><\/div>\n<div class=\"chcg-dietary\">\n<h3>Ern\u00e4hrungshinweise<\/h3>\n<ul>\n<li>Vegan<\/li>\n<li>Vegetarisch<\/li>\n<li>Glutenfrei<\/li>\n<li>Laktosefrei<\/li>\n<\/ul><\/div>\n<\/div>\n","protected":false},"excerpt":{"rendered":"<p>L-Arginine + L-Citrulline von Zein Pharma liefert je 1500 mg beider Aminos\u00e4uren pro Tagesdosis in 90 veganen Kapseln. Ideal zur gezielten Erg\u00e4nzung des Aminos\u00e4urehaushalts \u2013 glutenfrei und laktosefrei.<\/p>\n","protected":false},"featured_media":1330,"comment_status":"closed","ping_status":"open","template":"","meta":[],"product_brand":[234],"product_cat":[514,90,48,25],"product_tag":[],"class_list":{"0":"post-1329","1":"product","2":"type-product","3":"status-publish","4":"has-post-thumbnail","6":"product_brand-zein-pharma","7":"product_cat-aminosaeuren-und-bcaas","8":"product_cat-fitness-training","9":"product_cat-gesunde-ernaehrung","10":"product_cat-gesundheit-und-wohlbefinden","12":"first","13":"outofstock","14":"sale","15":"taxable","16":"shipping-taxable","17":"purchasable","18":"product-type-simple"},"yoast_head":"<!-- This site is optimized with the Yoast SEO plugin v27.5 - https:\/\/yoast.com\/product\/yoast-seo-wordpress\/ -->\n<title>L-Arginine + L-Citrulline 500mg \u2013 Zein Pharma | ecosupplements.ch<\/title>\n<meta name=\"description\" content=\"Zein Pharma L-Arginine + L-Citrulline: je 1500 mg pro Tagesdosis in 90 veganen Kapseln, glutenfrei und laktosefrei. Jetzt bestellen.\" \/>\n<meta name=\"robots\" content=\"index, follow, max-snippet:-1, max-image-preview:large, max-video-preview:-1\" \/>\n<link rel=\"canonical\" href=\"https:\/\/ecosupplements.ch\/?product=l-arginine-l-citrulline-500mg-90-caps\" \/>\n<meta property=\"og:locale\" content=\"de_DE\" \/>\n<meta property=\"og:type\" content=\"article\" \/>\n<meta property=\"og:title\" content=\"L-Arginine + L-Citrulline 500mg \u2013 Zein Pharma | ecosupplements.ch\" \/>\n<meta property=\"og:description\" content=\"Zein Pharma L-Arginine + L-Citrulline: je 1500 mg pro Tagesdosis in 90 veganen Kapseln, glutenfrei und laktosefrei. Jetzt bestellen.\" \/>\n<meta property=\"og:url\" content=\"https:\/\/ecosupplements.ch\/?product=l-arginine-l-citrulline-500mg-90-caps\" \/>\n<meta property=\"og:site_name\" content=\"Eco Supplements\" \/>\n<meta property=\"article:modified_time\" content=\"2026-05-13T07:25:41+00:00\" \/>\n<meta property=\"og:image\" content=\"https:\/\/ecosupplements.ch\/wp-content\/uploads\/2026\/05\/L-Arginine-L-Citrulline-500mg-90-caps.jpg\" \/>\n\t<meta property=\"og:image:width\" content=\"506\" \/>\n\t<meta property=\"og:image:height\" content=\"678\" \/>\n\t<meta property=\"og:image:type\" content=\"image\/jpeg\" \/>\n<meta name=\"twitter:card\" content=\"summary_large_image\" \/>\n<meta name=\"twitter:label1\" content=\"Price\" \/>\n\t<meta name=\"twitter:data1\" content=\"&#067;&#072;&#070;&nbsp;20.12\" \/>\n\t<meta name=\"twitter:label2\" content=\"Availability\" \/>\n\t<meta name=\"twitter:data2\" content=\"Out of stock\" \/>\n<script type=\"application\/ld+json\" class=\"yoast-schema-graph\">{\"@context\":\"https:\\\/\\\/schema.org\",\"@graph\":[{\"@type\":\"WebPage\",\"@id\":\"https:\\\/\\\/ecosupplements.ch\\\/?product=l-arginine-l-citrulline-500mg-90-caps\",\"url\":\"https:\\\/\\\/ecosupplements.ch\\\/?product=l-arginine-l-citrulline-500mg-90-caps\",\"name\":\"L-Arginine + L-Citrulline 500mg \u2013 Zein Pharma | ecosupplements.ch\",\"isPartOf\":{\"@id\":\"https:\\\/\\\/ecosupplements.ch\\\/#website\"},\"primaryImageOfPage\":{\"@id\":\"https:\\\/\\\/ecosupplements.ch\\\/?product=l-arginine-l-citrulline-500mg-90-caps#primaryimage\"},\"image\":{\"@id\":\"https:\\\/\\\/ecosupplements.ch\\\/?product=l-arginine-l-citrulline-500mg-90-caps#primaryimage\"},\"thumbnailUrl\":\"https:\\\/\\\/ecosupplements.ch\\\/wp-content\\\/uploads\\\/2026\\\/05\\\/L-Arginine-L-Citrulline-500mg-90-caps.jpg\",\"datePublished\":\"2026-05-11T14:28:35+00:00\",\"dateModified\":\"2026-05-13T07:25:41+00:00\",\"description\":\"Zein Pharma L-Arginine + L-Citrulline: je 1500 mg pro Tagesdosis in 90 veganen Kapseln, glutenfrei und laktosefrei. Jetzt bestellen.\",\"breadcrumb\":{\"@id\":\"https:\\\/\\\/ecosupplements.ch\\\/?product=l-arginine-l-citrulline-500mg-90-caps#breadcrumb\"},\"inLanguage\":\"de-CH\",\"potentialAction\":[{\"@type\":\"ReadAction\",\"target\":[\"https:\\\/\\\/ecosupplements.ch\\\/?product=l-arginine-l-citrulline-500mg-90-caps\"]}]},{\"@type\":\"ImageObject\",\"inLanguage\":\"de-CH\",\"@id\":\"https:\\\/\\\/ecosupplements.ch\\\/?product=l-arginine-l-citrulline-500mg-90-caps#primaryimage\",\"url\":\"https:\\\/\\\/ecosupplements.ch\\\/wp-content\\\/uploads\\\/2026\\\/05\\\/L-Arginine-L-Citrulline-500mg-90-caps.jpg\",\"contentUrl\":\"https:\\\/\\\/ecosupplements.ch\\\/wp-content\\\/uploads\\\/2026\\\/05\\\/L-Arginine-L-Citrulline-500mg-90-caps.jpg\",\"width\":506,\"height\":678,\"caption\":\"L-Arginine + L-Citrulline\"},{\"@type\":\"BreadcrumbList\",\"@id\":\"https:\\\/\\\/ecosupplements.ch\\\/?product=l-arginine-l-citrulline-500mg-90-caps#breadcrumb\",\"itemListElement\":[{\"@type\":\"ListItem\",\"position\":1,\"name\":\"Home\",\"item\":\"https:\\\/\\\/ecosupplements.ch\\\/\"},{\"@type\":\"ListItem\",\"position\":2,\"name\":\"Shop\",\"item\":\"https:\\\/\\\/ecosupplements.ch\\\/?page_id=14\"},{\"@type\":\"ListItem\",\"position\":3,\"name\":\"L-Arginine + L-Citrulline, 500mg &#8211; 90 caps\"}]},{\"@type\":\"WebSite\",\"@id\":\"https:\\\/\\\/ecosupplements.ch\\\/#website\",\"url\":\"https:\\\/\\\/ecosupplements.ch\\\/\",\"name\":\"Eco Supplements\",\"description\":\"\",\"potentialAction\":[{\"@type\":\"SearchAction\",\"target\":{\"@type\":\"EntryPoint\",\"urlTemplate\":\"https:\\\/\\\/ecosupplements.ch\\\/?s={search_term_string}\"},\"query-input\":{\"@type\":\"PropertyValueSpecification\",\"valueRequired\":true,\"valueName\":\"search_term_string\"}}],\"inLanguage\":\"de-CH\"}]}<\/script>\n<meta property=\"product:price:amount\" content=\"20.12\" \/>\n<meta property=\"product:price:currency\" content=\"CHF\" \/>\n<meta property=\"og:availability\" content=\"out of stock\" \/>\n<meta property=\"product:availability\" content=\"out of stock\" \/>\n<meta property=\"product:retailer_item_id\" content=\"4260085385539\" \/>\n<meta property=\"product:condition\" content=\"new\" \/>\n<!-- \/ Yoast SEO plugin. -->","yoast_head_json":{"title":"L-Arginine + L-Citrulline 500mg \u2013 Zein Pharma | ecosupplements.ch","description":"Zein Pharma L-Arginine + L-Citrulline: je 1500 mg pro Tagesdosis in 90 veganen Kapseln, glutenfrei und laktosefrei. Jetzt bestellen.","robots":{"index":"index","follow":"follow","max-snippet":"max-snippet:-1","max-image-preview":"max-image-preview:large","max-video-preview":"max-video-preview:-1"},"canonical":"https:\/\/ecosupplements.ch\/?product=l-arginine-l-citrulline-500mg-90-caps","og_locale":"de_DE","og_type":"article","og_title":"L-Arginine + L-Citrulline 500mg \u2013 Zein Pharma | ecosupplements.ch","og_description":"Zein Pharma L-Arginine + L-Citrulline: je 1500 mg pro Tagesdosis in 90 veganen Kapseln, glutenfrei und laktosefrei. Jetzt bestellen.","og_url":"https:\/\/ecosupplements.ch\/?product=l-arginine-l-citrulline-500mg-90-caps","og_site_name":"Eco Supplements","article_modified_time":"2026-05-13T07:25:41+00:00","og_image":[{"width":506,"height":678,"url":"https:\/\/ecosupplements.ch\/wp-content\/uploads\/2026\/05\/L-Arginine-L-Citrulline-500mg-90-caps.jpg","type":"image\/jpeg"}],"twitter_card":"summary_large_image","twitter_misc":{"Price":"&#67;&#72;&#70;&nbsp;20.12","Availability":"Out of stock"},"schema":{"@context":"https:\/\/schema.org","@graph":[{"@type":"WebPage","@id":"https:\/\/ecosupplements.ch\/?product=l-arginine-l-citrulline-500mg-90-caps","url":"https:\/\/ecosupplements.ch\/?product=l-arginine-l-citrulline-500mg-90-caps","name":"L-Arginine + L-Citrulline 500mg \u2013 Zein Pharma | ecosupplements.ch","isPartOf":{"@id":"https:\/\/ecosupplements.ch\/#website"},"primaryImageOfPage":{"@id":"https:\/\/ecosupplements.ch\/?product=l-arginine-l-citrulline-500mg-90-caps#primaryimage"},"image":{"@id":"https:\/\/ecosupplements.ch\/?product=l-arginine-l-citrulline-500mg-90-caps#primaryimage"},"thumbnailUrl":"https:\/\/ecosupplements.ch\/wp-content\/uploads\/2026\/05\/L-Arginine-L-Citrulline-500mg-90-caps.jpg","datePublished":"2026-05-11T14:28:35+00:00","dateModified":"2026-05-13T07:25:41+00:00","description":"Zein Pharma L-Arginine + L-Citrulline: je 1500 mg pro Tagesdosis in 90 veganen Kapseln, glutenfrei und laktosefrei. Jetzt bestellen.","breadcrumb":{"@id":"https:\/\/ecosupplements.ch\/?product=l-arginine-l-citrulline-500mg-90-caps#breadcrumb"},"inLanguage":"de-CH","potentialAction":[{"@type":"ReadAction","target":["https:\/\/ecosupplements.ch\/?product=l-arginine-l-citrulline-500mg-90-caps"]}]},{"@type":"ImageObject","inLanguage":"de-CH","@id":"https:\/\/ecosupplements.ch\/?product=l-arginine-l-citrulline-500mg-90-caps#primaryimage","url":"https:\/\/ecosupplements.ch\/wp-content\/uploads\/2026\/05\/L-Arginine-L-Citrulline-500mg-90-caps.jpg","contentUrl":"https:\/\/ecosupplements.ch\/wp-content\/uploads\/2026\/05\/L-Arginine-L-Citrulline-500mg-90-caps.jpg","width":506,"height":678,"caption":"L-Arginine + L-Citrulline"},{"@type":"BreadcrumbList","@id":"https:\/\/ecosupplements.ch\/?product=l-arginine-l-citrulline-500mg-90-caps#breadcrumb","itemListElement":[{"@type":"ListItem","position":1,"name":"Home","item":"https:\/\/ecosupplements.ch\/"},{"@type":"ListItem","position":2,"name":"Shop","item":"https:\/\/ecosupplements.ch\/?page_id=14"},{"@type":"ListItem","position":3,"name":"L-Arginine + L-Citrulline, 500mg &#8211; 90 caps"}]},{"@type":"WebSite","@id":"https:\/\/ecosupplements.ch\/#website","url":"https:\/\/ecosupplements.ch\/","name":"Eco Supplements","description":"","potentialAction":[{"@type":"SearchAction","target":{"@type":"EntryPoint","urlTemplate":"https:\/\/ecosupplements.ch\/?s={search_term_string}"},"query-input":{"@type":"PropertyValueSpecification","valueRequired":true,"valueName":"search_term_string"}}],"inLanguage":"de-CH"}]},"product_price_amount":"20.12","product_price_currency":"CHF","og_availability":"out of stock","product_availability":"out of stock","product_retailer_item_id":"4260085385539","product_condition":"new"},"_links":{"self":[{"href":"https:\/\/ecosupplements.ch\/index.php?rest_route=\/wp\/v2\/product\/1329","targetHints":{"allow":["GET"]}}],"collection":[{"href":"https:\/\/ecosupplements.ch\/index.php?rest_route=\/wp\/v2\/product"}],"about":[{"href":"https:\/\/ecosupplements.ch\/index.php?rest_route=\/wp\/v2\/types\/product"}],"replies":[{"embeddable":true,"href":"https:\/\/ecosupplements.ch\/index.php?rest_route=%2Fwp%2Fv2%2Fcomments&post=1329"}],"wp:featuredmedia":[{"embeddable":true,"href":"https:\/\/ecosupplements.ch\/index.php?rest_route=\/wp\/v2\/media\/1330"}],"wp:attachment":[{"href":"https:\/\/ecosupplements.ch\/index.php?rest_route=%2Fwp%2Fv2%2Fmedia&parent=1329"}],"wp:term":[{"taxonomy":"product_brand","embeddable":true,"href":"https:\/\/ecosupplements.ch\/index.php?rest_route=%2Fwp%2Fv2%2Fproduct_brand&post=1329"},{"taxonomy":"product_cat","embeddable":true,"href":"https:\/\/ecosupplements.ch\/index.php?rest_route=%2Fwp%2Fv2%2Fproduct_cat&post=1329"},{"taxonomy":"product_tag","embeddable":true,"href":"https:\/\/ecosupplements.ch\/index.php?rest_route=%2Fwp%2Fv2%2Fproduct_tag&post=1329"}],"curies":[{"name":"wp","href":"https:\/\/api.w.org\/{rel}","templated":true}]}}