{"id":1331,"date":"2026-05-11T14:28:36","date_gmt":"2026-05-11T14:28:36","guid":{"rendered":"https:\/\/ecosupplements.ch\/?product=l-glycine-500mg-120-caps"},"modified":"2026-05-13T07:24:19","modified_gmt":"2026-05-13T07:24:19","slug":"l-glycine-500mg-120-caps","status":"publish","type":"product","link":"https:\/\/ecosupplements.ch\/?product=l-glycine-500mg-120-caps","title":{"rendered":"L-Glycine, 500mg &#8211; 120 caps"},"content":{"rendered":"<div class=\"chcg-product-description\">\n<h2 class=\"chcg-heading\">\u00dcber Zein Pharma \u2013 L-Glycine, 500mg \u2013 120 Kapseln<\/h2>\n<div class=\"chcg-intro\">\n<p>L-Glycine von Zein Pharma liefert pro Tagesdosis 1000 mg der Aminos\u00e4ure Glycin in reiner, hochqualitativer Form. Glycin ist die kleinste und einfachste proteinogene Aminos\u00e4ure und spielt eine vielseitige Rolle im menschlichen Stoffwechsel \u2013 unter anderem als Baustein f\u00fcr k\u00f6rpereigene Proteine sowie als Ausgangsstoff f\u00fcr verschiedene Biosyntheseprozesse.<\/p>\n<p>Jede Kapsel enth\u00e4lt 500 mg reines L-Glycine und besteht aus einer pflanzlichen H\u00fclle auf Basis von Hydroxypropylmethylcellulose (HPMC). Das Produkt ist somit f\u00fcr vegane und vegetarische Ern\u00e4hrungsweisen geeignet und frei von Gluten, Laktose und Soja.<\/p>\n<p>Mit 120 Kapseln pro Packung deckt dieses Produkt bei der empfohlenen Tagesdosis von 2 Kapseln einen Vorrat von 60 Tagen ab. Die schluckvorgefertigten Kapseln erm\u00f6glichen eine einfache und pr\u00e4zise Dosierung im Alltag.<\/p>\n<\/p><\/div>\n<div class=\"chcg-nutrition\">\n<h3>N\u00e4hrwertangaben<\/h3>\n<table class=\"chcg-nutrition-table\">\n<thead>\n<tr>\n<th>N\u00e4hrstoff<\/th>\n<th>Pro Kapsel (500 mg)<\/th>\n<th>Pro Tagesdosis (2 Kapseln \/ 1000 mg)<\/th>\n<\/tr>\n<\/thead>\n<tbody>\n<tr>\n<td>L-Glycine<\/td>\n<td>500 mg<\/td>\n<td>1000 mg<\/td>\n<\/tr>\n<\/tbody>\n<\/table>\n<p class=\"chcg-footnote\">* Kein festgelegter Tagesreferenzwert.<\/p>\n<\/p><\/div>\n<div class=\"chcg-ingredients\">\n<h3>Zutaten<\/h3>\n<p>L-Glycine (80,6%), Hydroxypropylmethylcellulose (Kapsel)<\/p>\n<p class=\"chcg-capsule-shell\">Kapselh\u00fclle: Hydroxypropylmethylcellulose (HPMC) \u2013 pflanzlichen Ursprungs<\/p>\n<\/p><\/div>\n<div class=\"chcg-dosage\">\n<h3>Verzehrempfehlung<\/h3>\n<p>T\u00e4glich 2 Kapseln mit ausreichend Wasser einnehmen, nicht kauen. Tagesportion (1 Kapsel): L-Glycine 500 mg. Empfohlene Tagesdosis: 1000 mg (2 Kapseln).<\/p>\n<\/p><\/div>\n<div class=\"chcg-warnings\">\n<h3>Warnhinweise<\/h3>\n<p>Die angegebene empfohlene Tagesdosis darf nicht \u00fcberschritten werden. Nahrungserg\u00e4nzungsmittel sollten nicht als Ersatz f\u00fcr eine abwechslungsreiche Ern\u00e4hrung und eine gesunde Lebensweise verwendet werden. Ausserhalb der Reichweite von Kindern aufbewahren.<\/p>\n<\/p><\/div>\n<div class=\"chcg-allergens\">\n<h3>Allergeninformationen<\/h3>\n<p>Frei von Gluten, Laktose und Soja. Keine Allergene deklariert.<\/p>\n<\/p><\/div>\n<div class=\"chcg-storage\">\n<h3>Lagerung<\/h3>\n<p>Gut verschlossen an einem k\u00fchlen, trockenen Ort aufbewahren.<\/p>\n<\/p><\/div>\n<div class=\"chcg-dietary\">\n<h3>Ern\u00e4hrungshinweise<\/h3>\n<ul>\n<li>Vegan<\/li>\n<li>Vegetarisch<\/li>\n<li>Glutenfrei<\/li>\n<li>Laktosefrei<\/li>\n<\/ul><\/div>\n<\/div>\n","protected":false},"excerpt":{"rendered":"<p>L-Glycine von Zein Pharma liefert 500 mg reines Glycin pro Kapsel \u2013 1000 mg pro Tagesdosis. Vegane HPMC-Kapseln, glutenfrei und laktosefrei. 120 Kapseln pro Packung.<\/p>\n","protected":false},"featured_media":1332,"comment_status":"closed","ping_status":"open","template":"","meta":[],"product_brand":[234],"product_cat":[514,516,90,48],"product_tag":[],"class_list":{"0":"post-1331","1":"product","2":"type-product","3":"status-publish","4":"has-post-thumbnail","6":"product_brand-zein-pharma","7":"product_cat-aminosaeuren-und-bcaas","8":"product_cat-einzelne-aminosaeuren-aminosaeuren-und-bcaas","9":"product_cat-fitness-training","10":"product_cat-gesunde-ernaehrung","12":"first","13":"outofstock","14":"sale","15":"taxable","16":"shipping-taxable","17":"purchasable","18":"product-type-simple"},"yoast_head":"<!-- This site is optimized with the Yoast SEO plugin v27.5 - https:\/\/yoast.com\/product\/yoast-seo-wordpress\/ -->\n<title>L-Glycine 500mg \u2013 Zein Pharma | ecosupplements.ch<\/title>\n<meta name=\"description\" content=\"Zein Pharma L-Glycine mit 500 mg pro Kapsel, 120 vegane HPMC-Kapseln, glutenfrei und laktosefrei. Jetzt bestellen.\" \/>\n<meta name=\"robots\" content=\"index, follow, max-snippet:-1, max-image-preview:large, max-video-preview:-1\" \/>\n<link rel=\"canonical\" href=\"https:\/\/ecosupplements.ch\/?product=l-glycine-500mg-120-caps\" \/>\n<meta property=\"og:locale\" content=\"de_DE\" \/>\n<meta property=\"og:type\" content=\"article\" \/>\n<meta property=\"og:title\" content=\"L-Glycine 500mg \u2013 Zein Pharma | ecosupplements.ch\" \/>\n<meta property=\"og:description\" content=\"Zein Pharma L-Glycine mit 500 mg pro Kapsel, 120 vegane HPMC-Kapseln, glutenfrei und laktosefrei. Jetzt bestellen.\" \/>\n<meta property=\"og:url\" content=\"https:\/\/ecosupplements.ch\/?product=l-glycine-500mg-120-caps\" \/>\n<meta property=\"og:site_name\" content=\"Eco Supplements\" \/>\n<meta property=\"article:modified_time\" content=\"2026-05-13T07:24:19+00:00\" \/>\n<meta property=\"og:image\" content=\"https:\/\/ecosupplements.ch\/wp-content\/uploads\/2026\/05\/L-Glycine-500mg-120-caps.png\" \/>\n\t<meta property=\"og:image:width\" content=\"276\" \/>\n\t<meta property=\"og:image:height\" content=\"482\" \/>\n\t<meta property=\"og:image:type\" content=\"image\/jpeg\" \/>\n<meta name=\"twitter:card\" content=\"summary_large_image\" \/>\n<meta name=\"twitter:label1\" content=\"Price\" \/>\n\t<meta name=\"twitter:data1\" content=\"&#067;&#072;&#070;&nbsp;22.63\" \/>\n\t<meta name=\"twitter:label2\" content=\"Availability\" \/>\n\t<meta name=\"twitter:data2\" content=\"Out of stock\" \/>\n<script type=\"application\/ld+json\" class=\"yoast-schema-graph\">{\"@context\":\"https:\\\/\\\/schema.org\",\"@graph\":[{\"@type\":\"WebPage\",\"@id\":\"https:\\\/\\\/ecosupplements.ch\\\/?product=l-glycine-500mg-120-caps\",\"url\":\"https:\\\/\\\/ecosupplements.ch\\\/?product=l-glycine-500mg-120-caps\",\"name\":\"L-Glycine 500mg \u2013 Zein Pharma | ecosupplements.ch\",\"isPartOf\":{\"@id\":\"https:\\\/\\\/ecosupplements.ch\\\/#website\"},\"primaryImageOfPage\":{\"@id\":\"https:\\\/\\\/ecosupplements.ch\\\/?product=l-glycine-500mg-120-caps#primaryimage\"},\"image\":{\"@id\":\"https:\\\/\\\/ecosupplements.ch\\\/?product=l-glycine-500mg-120-caps#primaryimage\"},\"thumbnailUrl\":\"https:\\\/\\\/ecosupplements.ch\\\/wp-content\\\/uploads\\\/2026\\\/05\\\/L-Glycine-500mg-120-caps.png\",\"datePublished\":\"2026-05-11T14:28:36+00:00\",\"dateModified\":\"2026-05-13T07:24:19+00:00\",\"description\":\"Zein Pharma L-Glycine mit 500 mg pro Kapsel, 120 vegane HPMC-Kapseln, glutenfrei und laktosefrei. Jetzt bestellen.\",\"breadcrumb\":{\"@id\":\"https:\\\/\\\/ecosupplements.ch\\\/?product=l-glycine-500mg-120-caps#breadcrumb\"},\"inLanguage\":\"de-CH\",\"potentialAction\":[{\"@type\":\"ReadAction\",\"target\":[\"https:\\\/\\\/ecosupplements.ch\\\/?product=l-glycine-500mg-120-caps\"]}]},{\"@type\":\"ImageObject\",\"inLanguage\":\"de-CH\",\"@id\":\"https:\\\/\\\/ecosupplements.ch\\\/?product=l-glycine-500mg-120-caps#primaryimage\",\"url\":\"https:\\\/\\\/ecosupplements.ch\\\/wp-content\\\/uploads\\\/2026\\\/05\\\/L-Glycine-500mg-120-caps.png\",\"contentUrl\":\"https:\\\/\\\/ecosupplements.ch\\\/wp-content\\\/uploads\\\/2026\\\/05\\\/L-Glycine-500mg-120-caps.png\",\"width\":276,\"height\":482,\"caption\":\"L-Glycine\"},{\"@type\":\"BreadcrumbList\",\"@id\":\"https:\\\/\\\/ecosupplements.ch\\\/?product=l-glycine-500mg-120-caps#breadcrumb\",\"itemListElement\":[{\"@type\":\"ListItem\",\"position\":1,\"name\":\"Home\",\"item\":\"https:\\\/\\\/ecosupplements.ch\\\/\"},{\"@type\":\"ListItem\",\"position\":2,\"name\":\"Shop\",\"item\":\"https:\\\/\\\/ecosupplements.ch\\\/?page_id=14\"},{\"@type\":\"ListItem\",\"position\":3,\"name\":\"L-Glycine, 500mg &#8211; 120 caps\"}]},{\"@type\":\"WebSite\",\"@id\":\"https:\\\/\\\/ecosupplements.ch\\\/#website\",\"url\":\"https:\\\/\\\/ecosupplements.ch\\\/\",\"name\":\"Eco Supplements\",\"description\":\"\",\"potentialAction\":[{\"@type\":\"SearchAction\",\"target\":{\"@type\":\"EntryPoint\",\"urlTemplate\":\"https:\\\/\\\/ecosupplements.ch\\\/?s={search_term_string}\"},\"query-input\":{\"@type\":\"PropertyValueSpecification\",\"valueRequired\":true,\"valueName\":\"search_term_string\"}}],\"inLanguage\":\"de-CH\"}]}<\/script>\n<meta property=\"product:price:amount\" content=\"22.63\" \/>\n<meta property=\"product:price:currency\" content=\"CHF\" \/>\n<meta property=\"og:availability\" content=\"out of stock\" \/>\n<meta property=\"product:availability\" content=\"out of stock\" \/>\n<meta property=\"product:retailer_item_id\" content=\"4260085383986\" \/>\n<meta property=\"product:condition\" content=\"new\" \/>\n<!-- \/ Yoast SEO plugin. -->","yoast_head_json":{"title":"L-Glycine 500mg \u2013 Zein Pharma | ecosupplements.ch","description":"Zein Pharma L-Glycine mit 500 mg pro Kapsel, 120 vegane HPMC-Kapseln, glutenfrei und laktosefrei. Jetzt bestellen.","robots":{"index":"index","follow":"follow","max-snippet":"max-snippet:-1","max-image-preview":"max-image-preview:large","max-video-preview":"max-video-preview:-1"},"canonical":"https:\/\/ecosupplements.ch\/?product=l-glycine-500mg-120-caps","og_locale":"de_DE","og_type":"article","og_title":"L-Glycine 500mg \u2013 Zein Pharma | ecosupplements.ch","og_description":"Zein Pharma L-Glycine mit 500 mg pro Kapsel, 120 vegane HPMC-Kapseln, glutenfrei und laktosefrei. Jetzt bestellen.","og_url":"https:\/\/ecosupplements.ch\/?product=l-glycine-500mg-120-caps","og_site_name":"Eco Supplements","article_modified_time":"2026-05-13T07:24:19+00:00","og_image":[{"width":276,"height":482,"url":"https:\/\/ecosupplements.ch\/wp-content\/uploads\/2026\/05\/L-Glycine-500mg-120-caps.png","type":"image\/jpeg"}],"twitter_card":"summary_large_image","twitter_misc":{"Price":"&#67;&#72;&#70;&nbsp;22.63","Availability":"Out of stock"},"schema":{"@context":"https:\/\/schema.org","@graph":[{"@type":"WebPage","@id":"https:\/\/ecosupplements.ch\/?product=l-glycine-500mg-120-caps","url":"https:\/\/ecosupplements.ch\/?product=l-glycine-500mg-120-caps","name":"L-Glycine 500mg \u2013 Zein Pharma | ecosupplements.ch","isPartOf":{"@id":"https:\/\/ecosupplements.ch\/#website"},"primaryImageOfPage":{"@id":"https:\/\/ecosupplements.ch\/?product=l-glycine-500mg-120-caps#primaryimage"},"image":{"@id":"https:\/\/ecosupplements.ch\/?product=l-glycine-500mg-120-caps#primaryimage"},"thumbnailUrl":"https:\/\/ecosupplements.ch\/wp-content\/uploads\/2026\/05\/L-Glycine-500mg-120-caps.png","datePublished":"2026-05-11T14:28:36+00:00","dateModified":"2026-05-13T07:24:19+00:00","description":"Zein Pharma L-Glycine mit 500 mg pro Kapsel, 120 vegane HPMC-Kapseln, glutenfrei und laktosefrei. Jetzt bestellen.","breadcrumb":{"@id":"https:\/\/ecosupplements.ch\/?product=l-glycine-500mg-120-caps#breadcrumb"},"inLanguage":"de-CH","potentialAction":[{"@type":"ReadAction","target":["https:\/\/ecosupplements.ch\/?product=l-glycine-500mg-120-caps"]}]},{"@type":"ImageObject","inLanguage":"de-CH","@id":"https:\/\/ecosupplements.ch\/?product=l-glycine-500mg-120-caps#primaryimage","url":"https:\/\/ecosupplements.ch\/wp-content\/uploads\/2026\/05\/L-Glycine-500mg-120-caps.png","contentUrl":"https:\/\/ecosupplements.ch\/wp-content\/uploads\/2026\/05\/L-Glycine-500mg-120-caps.png","width":276,"height":482,"caption":"L-Glycine"},{"@type":"BreadcrumbList","@id":"https:\/\/ecosupplements.ch\/?product=l-glycine-500mg-120-caps#breadcrumb","itemListElement":[{"@type":"ListItem","position":1,"name":"Home","item":"https:\/\/ecosupplements.ch\/"},{"@type":"ListItem","position":2,"name":"Shop","item":"https:\/\/ecosupplements.ch\/?page_id=14"},{"@type":"ListItem","position":3,"name":"L-Glycine, 500mg &#8211; 120 caps"}]},{"@type":"WebSite","@id":"https:\/\/ecosupplements.ch\/#website","url":"https:\/\/ecosupplements.ch\/","name":"Eco Supplements","description":"","potentialAction":[{"@type":"SearchAction","target":{"@type":"EntryPoint","urlTemplate":"https:\/\/ecosupplements.ch\/?s={search_term_string}"},"query-input":{"@type":"PropertyValueSpecification","valueRequired":true,"valueName":"search_term_string"}}],"inLanguage":"de-CH"}]},"product_price_amount":"22.63","product_price_currency":"CHF","og_availability":"out of stock","product_availability":"out of stock","product_retailer_item_id":"4260085383986","product_condition":"new"},"_links":{"self":[{"href":"https:\/\/ecosupplements.ch\/index.php?rest_route=\/wp\/v2\/product\/1331","targetHints":{"allow":["GET"]}}],"collection":[{"href":"https:\/\/ecosupplements.ch\/index.php?rest_route=\/wp\/v2\/product"}],"about":[{"href":"https:\/\/ecosupplements.ch\/index.php?rest_route=\/wp\/v2\/types\/product"}],"replies":[{"embeddable":true,"href":"https:\/\/ecosupplements.ch\/index.php?rest_route=%2Fwp%2Fv2%2Fcomments&post=1331"}],"wp:featuredmedia":[{"embeddable":true,"href":"https:\/\/ecosupplements.ch\/index.php?rest_route=\/wp\/v2\/media\/1332"}],"wp:attachment":[{"href":"https:\/\/ecosupplements.ch\/index.php?rest_route=%2Fwp%2Fv2%2Fmedia&parent=1331"}],"wp:term":[{"taxonomy":"product_brand","embeddable":true,"href":"https:\/\/ecosupplements.ch\/index.php?rest_route=%2Fwp%2Fv2%2Fproduct_brand&post=1331"},{"taxonomy":"product_cat","embeddable":true,"href":"https:\/\/ecosupplements.ch\/index.php?rest_route=%2Fwp%2Fv2%2Fproduct_cat&post=1331"},{"taxonomy":"product_tag","embeddable":true,"href":"https:\/\/ecosupplements.ch\/index.php?rest_route=%2Fwp%2Fv2%2Fproduct_tag&post=1331"}],"curies":[{"name":"wp","href":"https:\/\/api.w.org\/{rel}","templated":true}]}}