{"id":1335,"date":"2026-05-11T14:28:37","date_gmt":"2026-05-11T14:28:37","guid":{"rendered":"https:\/\/ecosupplements.ch\/?product=natural-d-mannose-powder-200g"},"modified":"2026-05-13T07:24:20","modified_gmt":"2026-05-13T07:24:20","slug":"natural-d-mannose-powder-200g","status":"publish","type":"product","link":"https:\/\/ecosupplements.ch\/?product=natural-d-mannose-powder-200g","title":{"rendered":"Natural D-Mannose Powder &#8211; 200g"},"content":{"rendered":"<div class=\"chcg-product-description\">\n<h2 class=\"chcg-heading\">\u00dcber Zein Pharma \u2013 Natural D-Mannose Pulver \u2013 200g<\/h2>\n<div class=\"chcg-intro\">\n<p>D-Mannose ist ein nat\u00fcrlich vorkommendes Einfachzucker, das in geringen Mengen in verschiedenen Fr\u00fcchten wie \u00c4pfeln, Birnen und Heidelbeeren enthalten ist. Das Natural D-Mannose Pulver von Zein Pharma liefert reines D-Mannose in praktischer Pulverform \u2013 ohne jegliche Zusatzstoffe, Farbstoffe oder Konservierungsmittel. Pro Messl\u00f6ffel (2 g) erhalten Sie eine pr\u00e4zise dosierbare Portion, die sich einfach in Wasser aufl\u00f6sen l\u00e4sst.<\/p>\n<p>Das Produkt \u00fcberzeugt durch seine kompromisslose Reinheit: Die Zutatenliste besteht ausschliesslich aus D-Mannose (100 %), was es besonders gut vertr\u00e4glich und ideal f\u00fcr Menschen mit Unvertr\u00e4glichkeiten macht. Es ist frei von Gluten, Laktose und Soja und eignet sich f\u00fcr vegane sowie vegetarische Ern\u00e4hrungsweisen.<\/p>\n<p>Mit 200 g Inhalt und dem beiliegenden Messl\u00f6ffel bietet diese Packung eine flexible und wirtschaftliche M\u00f6glichkeit zur t\u00e4glichen Anwendung. Das Pulver l\u00e4sst sich unkompliziert in die t\u00e4gliche Routine integrieren \u2013 einfach in stilles Wasser einr\u00fchren und trinken.<\/p>\n<\/p><\/div>\n<div class=\"chcg-nutrition\">\n<h3>N\u00e4hrwertangaben<\/h3>\n<table class=\"chcg-nutrition-table\">\n<thead>\n<tr>\n<th>N\u00e4hrstoff<\/th>\n<th>Pro 100 g<\/th>\n<th>Pro Portion (2 g \/ 1 Messl\u00f6ffel)<\/th>\n<\/tr>\n<\/thead>\n<tbody>\n<tr>\n<td>Energie<\/td>\n<td>1680 kJ \/ 402 kcal<\/td>\n<td>33,6 kJ \/ 8,0 kcal<\/td>\n<\/tr>\n<tr>\n<td>Fett<\/td>\n<td>0 g<\/td>\n<td>0 g<\/td>\n<\/tr>\n<tr>\n<td>\u2013 davon ges\u00e4ttigte Fetts\u00e4uren<\/td>\n<td>0 g<\/td>\n<td>0 g<\/td>\n<\/tr>\n<tr>\n<td>Kohlenhydrate<\/td>\n<td>100 g<\/td>\n<td>2 g<\/td>\n<\/tr>\n<tr>\n<td>\u2013 davon Zucker<\/td>\n<td>100 g<\/td>\n<td>2 g<\/td>\n<\/tr>\n<tr>\n<td>Eiweiss<\/td>\n<td>0 g<\/td>\n<td>0 g<\/td>\n<\/tr>\n<tr>\n<td>Salz<\/td>\n<td>0 g<\/td>\n<td>0 g<\/td>\n<\/tr>\n<tr>\n<td>D-Mannose<\/td>\n<td>100 g<\/td>\n<td>2 g<\/td>\n<\/tr>\n<\/tbody>\n<\/table><\/div>\n<div class=\"chcg-ingredients\">\n<h3>Zutaten<\/h3>\n<p>D-Mannose (100 %).<\/p>\n<\/p><\/div>\n<div class=\"chcg-dosage\">\n<h3>Verzehrempfehlung<\/h3>\n<p>T\u00e4glich einen Messl\u00f6ffel (2 g) in stilles Wasser einr\u00fchren und trinken, idealerweise auf n\u00fcchternen Magen.<\/p>\n<p>    <strong>Kurzfristige (akute) Anwendung:<\/strong><br \/>\n    Tag 1\u20133: 3-mal t\u00e4glich 2000 mg D-Mannose (oder 1 Dosis alle 2\u20133 Stunden)<br \/>\n    Tag 4\u20135: 2-mal t\u00e4glich 2000 mg<br \/>\n    Tag 6\u20139: 1-mal t\u00e4glich 2000 mg<\/p>\n<p>    <strong>Kinder unter 14 Jahren:<\/strong> Die H\u00e4lfte der Erwachsenendosis (1000 mg pro Einnahme).<\/p>\n<\/p><\/div>\n<div class=\"chcg-warnings\">\n<h3>Warnhinweise<\/h3>\n<p>Die empfohlene Tagesdosis sollte nicht \u00fcberschritten werden. Nahrungserg\u00e4nzungsmittel sind kein Ersatz f\u00fcr eine abwechslungsreiche Ern\u00e4hrung und eine gesunde Lebensweise. Ausserhalb der Reichweite von kleinen Kindern aufbewahren. Enth\u00e4lt einen Trocknungsmittelbeutel, der nicht zum Verzehr geeignet ist. Bei bekannter \u00dcberempfindlichkeit gegen\u00fcber einem der aufgef\u00fchrten Inhaltsstoffe ist das Produkt nicht zu verwenden.<\/p>\n<\/p><\/div>\n<div class=\"chcg-allergens\">\n<h3>Allergeninformationen<\/h3>\n<p>Frei von Gluten, Laktose, Soja, Farbstoffen, Aromen und Konservierungsstoffen. Enth\u00e4lt einen Trocknungsmittelbeutel (nicht zum Verzehr geeignet).<\/p>\n<\/p><\/div>\n<div class=\"chcg-storage\">\n<h3>Lagerung<\/h3>\n<p>Gut verschlossen an einem k\u00fchlen, trockenen Ort aufbewahren.<\/p>\n<\/p><\/div>\n<div class=\"chcg-dietary\">\n<h3>Ern\u00e4hrungshinweise<\/h3>\n<ul>\n<li>Vegan<\/li>\n<li>Vegetarisch<\/li>\n<li>Glutenfrei<\/li>\n<li>Laktosefrei<\/li>\n<\/ul><\/div>\n<\/div>\n","protected":false},"excerpt":{"rendered":"<p>Reines D-Mannose Pulver von Zein Pharma \u2013 100 % D-Mannose ohne Zusatzstoffe, vegan und glutenfrei. Pro Messl\u00f6ffel 2 g, flexibel dosierbar. 200 g Inhalt f\u00fcr die t\u00e4gliche Anwendung.<\/p>\n","protected":false},"featured_media":1336,"comment_status":"closed","ping_status":"open","template":"","meta":[],"product_brand":[234],"product_cat":[48,25,22],"product_tag":[],"class_list":{"0":"post-1335","1":"product","2":"type-product","3":"status-publish","4":"has-post-thumbnail","6":"product_brand-zein-pharma","7":"product_cat-gesunde-ernaehrung","8":"product_cat-gesundheit-und-wohlbefinden","9":"product_cat-vegane-produkte","11":"first","12":"outofstock","13":"sale","14":"taxable","15":"shipping-taxable","16":"purchasable","17":"product-type-simple"},"yoast_head":"<!-- This site is optimized with the Yoast SEO plugin v27.5 - https:\/\/yoast.com\/product\/yoast-seo-wordpress\/ -->\n<title>Natural D-Mannose Pulver 200g \u2013 Zein Pharma | ecosupplements.ch<\/title>\n<meta name=\"description\" content=\"Reines D-Mannose Pulver von Zein Pharma \u2013 100 % D-Mannose, vegan, glutenfrei, ohne Zusatzstoffe. 200 g, einfach dosierbar. Jetzt bestellen.\" \/>\n<meta name=\"robots\" content=\"index, follow, max-snippet:-1, max-image-preview:large, max-video-preview:-1\" \/>\n<link rel=\"canonical\" href=\"https:\/\/ecosupplements.ch\/?product=natural-d-mannose-powder-200g\" \/>\n<meta property=\"og:locale\" content=\"de_DE\" \/>\n<meta property=\"og:type\" content=\"article\" \/>\n<meta property=\"og:title\" content=\"Natural D-Mannose Pulver 200g \u2013 Zein Pharma | ecosupplements.ch\" \/>\n<meta property=\"og:description\" content=\"Reines D-Mannose Pulver von Zein Pharma \u2013 100 % D-Mannose, vegan, glutenfrei, ohne Zusatzstoffe. 200 g, einfach dosierbar. Jetzt bestellen.\" \/>\n<meta property=\"og:url\" content=\"https:\/\/ecosupplements.ch\/?product=natural-d-mannose-powder-200g\" \/>\n<meta property=\"og:site_name\" content=\"Eco Supplements\" \/>\n<meta property=\"article:modified_time\" content=\"2026-05-13T07:24:20+00:00\" \/>\n<meta property=\"og:image\" content=\"https:\/\/ecosupplements.ch\/wp-content\/uploads\/2026\/05\/Natural-D-Mannose-Powder-200g.jpg\" \/>\n\t<meta property=\"og:image:width\" content=\"660\" \/>\n\t<meta property=\"og:image:height\" content=\"648\" \/>\n\t<meta property=\"og:image:type\" content=\"image\/jpeg\" \/>\n<meta name=\"twitter:card\" content=\"summary_large_image\" \/>\n<meta name=\"twitter:label1\" content=\"Price\" \/>\n\t<meta name=\"twitter:data1\" content=\"&#067;&#072;&#070;&nbsp;59.14\" \/>\n\t<meta name=\"twitter:label2\" content=\"Availability\" \/>\n\t<meta name=\"twitter:data2\" content=\"Out of stock\" \/>\n<script type=\"application\/ld+json\" class=\"yoast-schema-graph\">{\"@context\":\"https:\\\/\\\/schema.org\",\"@graph\":[{\"@type\":\"WebPage\",\"@id\":\"https:\\\/\\\/ecosupplements.ch\\\/?product=natural-d-mannose-powder-200g\",\"url\":\"https:\\\/\\\/ecosupplements.ch\\\/?product=natural-d-mannose-powder-200g\",\"name\":\"Natural D-Mannose Pulver 200g \u2013 Zein Pharma | ecosupplements.ch\",\"isPartOf\":{\"@id\":\"https:\\\/\\\/ecosupplements.ch\\\/#website\"},\"primaryImageOfPage\":{\"@id\":\"https:\\\/\\\/ecosupplements.ch\\\/?product=natural-d-mannose-powder-200g#primaryimage\"},\"image\":{\"@id\":\"https:\\\/\\\/ecosupplements.ch\\\/?product=natural-d-mannose-powder-200g#primaryimage\"},\"thumbnailUrl\":\"https:\\\/\\\/ecosupplements.ch\\\/wp-content\\\/uploads\\\/2026\\\/05\\\/Natural-D-Mannose-Powder-200g.jpg\",\"datePublished\":\"2026-05-11T14:28:37+00:00\",\"dateModified\":\"2026-05-13T07:24:20+00:00\",\"description\":\"Reines D-Mannose Pulver von Zein Pharma \u2013 100 % D-Mannose, vegan, glutenfrei, ohne Zusatzstoffe. 200 g, einfach dosierbar. Jetzt bestellen.\",\"breadcrumb\":{\"@id\":\"https:\\\/\\\/ecosupplements.ch\\\/?product=natural-d-mannose-powder-200g#breadcrumb\"},\"inLanguage\":\"de-CH\",\"potentialAction\":[{\"@type\":\"ReadAction\",\"target\":[\"https:\\\/\\\/ecosupplements.ch\\\/?product=natural-d-mannose-powder-200g\"]}]},{\"@type\":\"ImageObject\",\"inLanguage\":\"de-CH\",\"@id\":\"https:\\\/\\\/ecosupplements.ch\\\/?product=natural-d-mannose-powder-200g#primaryimage\",\"url\":\"https:\\\/\\\/ecosupplements.ch\\\/wp-content\\\/uploads\\\/2026\\\/05\\\/Natural-D-Mannose-Powder-200g.jpg\",\"contentUrl\":\"https:\\\/\\\/ecosupplements.ch\\\/wp-content\\\/uploads\\\/2026\\\/05\\\/Natural-D-Mannose-Powder-200g.jpg\",\"width\":660,\"height\":648,\"caption\":\"Natural D-Mannose Powder - 200g\"},{\"@type\":\"BreadcrumbList\",\"@id\":\"https:\\\/\\\/ecosupplements.ch\\\/?product=natural-d-mannose-powder-200g#breadcrumb\",\"itemListElement\":[{\"@type\":\"ListItem\",\"position\":1,\"name\":\"Home\",\"item\":\"https:\\\/\\\/ecosupplements.ch\\\/\"},{\"@type\":\"ListItem\",\"position\":2,\"name\":\"Shop\",\"item\":\"https:\\\/\\\/ecosupplements.ch\\\/?page_id=14\"},{\"@type\":\"ListItem\",\"position\":3,\"name\":\"Natural D-Mannose Powder &#8211; 200g\"}]},{\"@type\":\"WebSite\",\"@id\":\"https:\\\/\\\/ecosupplements.ch\\\/#website\",\"url\":\"https:\\\/\\\/ecosupplements.ch\\\/\",\"name\":\"Eco Supplements\",\"description\":\"\",\"potentialAction\":[{\"@type\":\"SearchAction\",\"target\":{\"@type\":\"EntryPoint\",\"urlTemplate\":\"https:\\\/\\\/ecosupplements.ch\\\/?s={search_term_string}\"},\"query-input\":{\"@type\":\"PropertyValueSpecification\",\"valueRequired\":true,\"valueName\":\"search_term_string\"}}],\"inLanguage\":\"de-CH\"}]}<\/script>\n<meta property=\"product:price:amount\" content=\"59.14\" \/>\n<meta property=\"product:price:currency\" content=\"CHF\" \/>\n<meta property=\"og:availability\" content=\"out of stock\" \/>\n<meta property=\"product:availability\" content=\"out of stock\" \/>\n<meta property=\"product:retailer_item_id\" content=\"4260085384099\" \/>\n<meta property=\"product:condition\" content=\"new\" \/>\n<!-- \/ Yoast SEO plugin. -->","yoast_head_json":{"title":"Natural D-Mannose Pulver 200g \u2013 Zein Pharma | ecosupplements.ch","description":"Reines D-Mannose Pulver von Zein Pharma \u2013 100 % D-Mannose, vegan, glutenfrei, ohne Zusatzstoffe. 200 g, einfach dosierbar. Jetzt bestellen.","robots":{"index":"index","follow":"follow","max-snippet":"max-snippet:-1","max-image-preview":"max-image-preview:large","max-video-preview":"max-video-preview:-1"},"canonical":"https:\/\/ecosupplements.ch\/?product=natural-d-mannose-powder-200g","og_locale":"de_DE","og_type":"article","og_title":"Natural D-Mannose Pulver 200g \u2013 Zein Pharma | ecosupplements.ch","og_description":"Reines D-Mannose Pulver von Zein Pharma \u2013 100 % D-Mannose, vegan, glutenfrei, ohne Zusatzstoffe. 200 g, einfach dosierbar. Jetzt bestellen.","og_url":"https:\/\/ecosupplements.ch\/?product=natural-d-mannose-powder-200g","og_site_name":"Eco Supplements","article_modified_time":"2026-05-13T07:24:20+00:00","og_image":[{"width":660,"height":648,"url":"https:\/\/ecosupplements.ch\/wp-content\/uploads\/2026\/05\/Natural-D-Mannose-Powder-200g.jpg","type":"image\/jpeg"}],"twitter_card":"summary_large_image","twitter_misc":{"Price":"&#67;&#72;&#70;&nbsp;59.14","Availability":"Out of stock"},"schema":{"@context":"https:\/\/schema.org","@graph":[{"@type":"WebPage","@id":"https:\/\/ecosupplements.ch\/?product=natural-d-mannose-powder-200g","url":"https:\/\/ecosupplements.ch\/?product=natural-d-mannose-powder-200g","name":"Natural D-Mannose Pulver 200g \u2013 Zein Pharma | ecosupplements.ch","isPartOf":{"@id":"https:\/\/ecosupplements.ch\/#website"},"primaryImageOfPage":{"@id":"https:\/\/ecosupplements.ch\/?product=natural-d-mannose-powder-200g#primaryimage"},"image":{"@id":"https:\/\/ecosupplements.ch\/?product=natural-d-mannose-powder-200g#primaryimage"},"thumbnailUrl":"https:\/\/ecosupplements.ch\/wp-content\/uploads\/2026\/05\/Natural-D-Mannose-Powder-200g.jpg","datePublished":"2026-05-11T14:28:37+00:00","dateModified":"2026-05-13T07:24:20+00:00","description":"Reines D-Mannose Pulver von Zein Pharma \u2013 100 % D-Mannose, vegan, glutenfrei, ohne Zusatzstoffe. 200 g, einfach dosierbar. Jetzt bestellen.","breadcrumb":{"@id":"https:\/\/ecosupplements.ch\/?product=natural-d-mannose-powder-200g#breadcrumb"},"inLanguage":"de-CH","potentialAction":[{"@type":"ReadAction","target":["https:\/\/ecosupplements.ch\/?product=natural-d-mannose-powder-200g"]}]},{"@type":"ImageObject","inLanguage":"de-CH","@id":"https:\/\/ecosupplements.ch\/?product=natural-d-mannose-powder-200g#primaryimage","url":"https:\/\/ecosupplements.ch\/wp-content\/uploads\/2026\/05\/Natural-D-Mannose-Powder-200g.jpg","contentUrl":"https:\/\/ecosupplements.ch\/wp-content\/uploads\/2026\/05\/Natural-D-Mannose-Powder-200g.jpg","width":660,"height":648,"caption":"Natural D-Mannose Powder - 200g"},{"@type":"BreadcrumbList","@id":"https:\/\/ecosupplements.ch\/?product=natural-d-mannose-powder-200g#breadcrumb","itemListElement":[{"@type":"ListItem","position":1,"name":"Home","item":"https:\/\/ecosupplements.ch\/"},{"@type":"ListItem","position":2,"name":"Shop","item":"https:\/\/ecosupplements.ch\/?page_id=14"},{"@type":"ListItem","position":3,"name":"Natural D-Mannose Powder &#8211; 200g"}]},{"@type":"WebSite","@id":"https:\/\/ecosupplements.ch\/#website","url":"https:\/\/ecosupplements.ch\/","name":"Eco Supplements","description":"","potentialAction":[{"@type":"SearchAction","target":{"@type":"EntryPoint","urlTemplate":"https:\/\/ecosupplements.ch\/?s={search_term_string}"},"query-input":{"@type":"PropertyValueSpecification","valueRequired":true,"valueName":"search_term_string"}}],"inLanguage":"de-CH"}]},"product_price_amount":"59.14","product_price_currency":"CHF","og_availability":"out of stock","product_availability":"out of stock","product_retailer_item_id":"4260085384099","product_condition":"new"},"_links":{"self":[{"href":"https:\/\/ecosupplements.ch\/index.php?rest_route=\/wp\/v2\/product\/1335","targetHints":{"allow":["GET"]}}],"collection":[{"href":"https:\/\/ecosupplements.ch\/index.php?rest_route=\/wp\/v2\/product"}],"about":[{"href":"https:\/\/ecosupplements.ch\/index.php?rest_route=\/wp\/v2\/types\/product"}],"replies":[{"embeddable":true,"href":"https:\/\/ecosupplements.ch\/index.php?rest_route=%2Fwp%2Fv2%2Fcomments&post=1335"}],"wp:featuredmedia":[{"embeddable":true,"href":"https:\/\/ecosupplements.ch\/index.php?rest_route=\/wp\/v2\/media\/1336"}],"wp:attachment":[{"href":"https:\/\/ecosupplements.ch\/index.php?rest_route=%2Fwp%2Fv2%2Fmedia&parent=1335"}],"wp:term":[{"taxonomy":"product_brand","embeddable":true,"href":"https:\/\/ecosupplements.ch\/index.php?rest_route=%2Fwp%2Fv2%2Fproduct_brand&post=1335"},{"taxonomy":"product_cat","embeddable":true,"href":"https:\/\/ecosupplements.ch\/index.php?rest_route=%2Fwp%2Fv2%2Fproduct_cat&post=1335"},{"taxonomy":"product_tag","embeddable":true,"href":"https:\/\/ecosupplements.ch\/index.php?rest_route=%2Fwp%2Fv2%2Fproduct_tag&post=1335"}],"curies":[{"name":"wp","href":"https:\/\/api.w.org\/{rel}","templated":true}]}}