{"id":1337,"date":"2026-05-11T14:28:38","date_gmt":"2026-05-11T14:28:38","guid":{"rendered":"https:\/\/ecosupplements.ch\/?product=vitamin-d3-5000-iu-90-caps"},"modified":"2026-05-13T07:24:21","modified_gmt":"2026-05-13T07:24:21","slug":"vitamin-d3-5000-iu-90-caps","status":"publish","type":"product","link":"https:\/\/ecosupplements.ch\/?product=vitamin-d3-5000-iu-90-caps","title":{"rendered":"Vitamin D3, 5000 IU &#8211; 90 caps"},"content":{"rendered":"<div class=\"chcg-product-description\">\n<h2 class=\"chcg-heading\">\u00dcber Zein Pharma \u2013 Vitamin D3, 5000 IU \u2013 90 Kapseln<\/h2>\n<div class=\"chcg-intro\">\n<p>Vitamin D3 von Zein Pharma liefert 5000 IU (125 \u00b5g) Cholecalciferol pro Kapsel \u2013 als praktische Wochendosis. Vitamin D tr\u00e4gt zur normalen Aufnahme und Verwertung von Calcium und Phosphor bei, unterst\u00fctzt die Erhaltung normaler Knochen und Z\u00e4hne und leistet einen Beitrag zur normalen Funktion des Immunsystems.<\/p>\n<p>Dar\u00fcber hinaus tr\u00e4gt Vitamin D zur Erhaltung normaler Muskelfunktion sowie zu einem normalen Calciumspiegel im Blut bei. Das w\u00f6chentliche Einnahmekonzept erm\u00f6glicht eine unkomplizierte Integration in den Alltag und eignet sich besonders f\u00fcr Personen, die eine hochdosierte, aber seltene Supplementierung bevorzugen.<\/p>\n<p>Die Kapseln von Zein Pharma bestehen aus Hydroxypropylmethylcellulose (HPMC) und sind damit f\u00fcr Vegetarier geeignet. Mit 90 Kapseln pro Packung deckt dieses Produkt bei w\u00f6chentlicher Einnahme einen Bedarf von rund 90 Wochen ab.<\/p>\n<\/p><\/div>\n<div class=\"chcg-nutrition\">\n<h3>N\u00e4hrwertangaben<\/h3>\n<table class=\"chcg-nutrition-table\">\n<thead>\n<tr>\n<th>N\u00e4hrstoff<\/th>\n<th>Pro Portion (1 Kapsel \/ Wochendosis)<\/th>\n<\/tr>\n<\/thead>\n<tbody>\n<tr>\n<td>Vitamin D3 (Cholecalciferol)<\/td>\n<td>125 \u00b5g (2500% NRV)<\/td>\n<\/tr>\n<tr>\n<td>\u2013 Entspricht einer t\u00e4glichen Dosis<\/td>\n<td>17,8 \u00b5g (714 IU; 356% NRV)<\/td>\n<\/tr>\n<\/tbody>\n<\/table>\n<p class=\"chcg-footnote\">NRV = N\u00e4hrstoffbezugswert (Nutrient Reference Value) gem\u00e4ss EU-Verordnung Nr. 1169\/2011.<\/p>\n<\/p><\/div>\n<div class=\"chcg-ingredients\">\n<h3>Zutaten<\/h3>\n<p>F\u00fcllstoff: mikrokristalline Cellulose; Cholecalciferol (27,8%; Vitamin D3).<\/p>\n<p class=\"chcg-capsule-shell\">Kapselh\u00fclle: Hydroxypropylmethylcellulose (HPMC) \u2013 vegetarische Kapsel.<\/p>\n<\/p><\/div>\n<div class=\"chcg-dosage\">\n<h3>Verzehrempfehlung<\/h3>\n<p>1 Kapsel w\u00f6chentlich zu einer Mahlzeit unzerkaut mit ausreichend Wasser einnehmen. Der Abstand zwischen den Einnahmen sollte nicht weniger als 7 Tage betragen.<\/p>\n<\/p><\/div>\n<div class=\"chcg-warnings\">\n<h3>Warnhinweise<\/h3>\n<p>Die empfohlene Wochendosis sollte nicht \u00fcberschritten werden. Nahrungserg\u00e4nzungsmittel sollten nicht als Ersatz f\u00fcr eine abwechslungsreiche Ern\u00e4hrung und eine gesunde Lebensweise verwendet werden. Ausserhalb der Reichweite von kleinen Kindern aufbewahren. Der Abstand zwischen den Einnahmen sollte nicht weniger als 7 Tage betragen.<\/p>\n<\/p><\/div>\n<div class=\"chcg-allergens\">\n<h3>Allergeninformationen<\/h3>\n<p>Auf der Etikette sind keine Allergene deklariert.<\/p>\n<\/p><\/div>\n<div class=\"chcg-storage\">\n<h3>Lagerung<\/h3>\n<p>Gut verschlossen an einem k\u00fchlen, trockenen Ort aufbewahren.<\/p>\n<\/p><\/div>\n<div class=\"chcg-dietary\">\n<h3>Ern\u00e4hrungshinweise<\/h3>\n<ul>\n<li>Vegetarisch geeignet<\/li>\n<\/ul><\/div>\n<\/div>\n","protected":false},"excerpt":{"rendered":"<p>Vitamin D3 von Zein Pharma \u2013 5000 IU pro vegetarischer Kapsel als praktische Wochendosis. Unterst\u00fctzt Knochen, Z\u00e4hne, Muskeln und das Immunsystem. 90 Kapseln pro Packung.<\/p>\n","protected":false},"featured_media":1338,"comment_status":"closed","ping_status":"open","template":"","meta":[],"product_brand":[234],"product_cat":[48,25,21],"product_tag":[],"class_list":{"0":"post-1337","1":"product","2":"type-product","3":"status-publish","4":"has-post-thumbnail","6":"product_brand-zein-pharma","7":"product_cat-gesunde-ernaehrung","8":"product_cat-gesundheit-und-wohlbefinden","9":"product_cat-vitamine-und-mineralstoffe","11":"first","12":"outofstock","13":"sale","14":"taxable","15":"shipping-taxable","16":"purchasable","17":"product-type-simple"},"yoast_head":"<!-- This site is optimized with the Yoast SEO plugin v27.5 - https:\/\/yoast.com\/product\/yoast-seo-wordpress\/ -->\n<title>Vitamin D3 5000 IU \u2013 Zein Pharma | ecosupplements.ch<\/title>\n<meta name=\"description\" content=\"Zein Pharma Vitamin D3 5000 IU \u2013 90 vegetarische Kapseln als Wochendosis f\u00fcr Knochen, Immunsystem und Muskeln. Jetzt bestellen.\" \/>\n<meta name=\"robots\" content=\"index, follow, max-snippet:-1, max-image-preview:large, max-video-preview:-1\" \/>\n<link rel=\"canonical\" href=\"https:\/\/ecosupplements.ch\/?product=vitamin-d3-5000-iu-90-caps\" \/>\n<meta property=\"og:locale\" content=\"de_DE\" \/>\n<meta property=\"og:type\" content=\"article\" \/>\n<meta property=\"og:title\" content=\"Vitamin D3 5000 IU \u2013 Zein Pharma | ecosupplements.ch\" \/>\n<meta property=\"og:description\" content=\"Zein Pharma Vitamin D3 5000 IU \u2013 90 vegetarische Kapseln als Wochendosis f\u00fcr Knochen, Immunsystem und Muskeln. Jetzt bestellen.\" \/>\n<meta property=\"og:url\" content=\"https:\/\/ecosupplements.ch\/?product=vitamin-d3-5000-iu-90-caps\" \/>\n<meta property=\"og:site_name\" content=\"Eco Supplements\" \/>\n<meta property=\"article:modified_time\" content=\"2026-05-13T07:24:21+00:00\" \/>\n<meta property=\"og:image\" content=\"https:\/\/ecosupplements.ch\/wp-content\/uploads\/2026\/05\/Vitamin-D3-5000-IU-90-caps.jpg\" \/>\n\t<meta property=\"og:image:width\" content=\"586\" \/>\n\t<meta property=\"og:image:height\" content=\"936\" \/>\n\t<meta property=\"og:image:type\" content=\"image\/jpeg\" \/>\n<meta name=\"twitter:card\" content=\"summary_large_image\" \/>\n<meta name=\"twitter:label1\" content=\"Price\" \/>\n\t<meta name=\"twitter:data1\" content=\"&#067;&#072;&#070;&nbsp;11.95\" \/>\n\t<meta name=\"twitter:label2\" content=\"Availability\" \/>\n\t<meta name=\"twitter:data2\" content=\"Out of stock\" \/>\n<script type=\"application\/ld+json\" class=\"yoast-schema-graph\">{\"@context\":\"https:\\\/\\\/schema.org\",\"@graph\":[{\"@type\":\"WebPage\",\"@id\":\"https:\\\/\\\/ecosupplements.ch\\\/?product=vitamin-d3-5000-iu-90-caps\",\"url\":\"https:\\\/\\\/ecosupplements.ch\\\/?product=vitamin-d3-5000-iu-90-caps\",\"name\":\"Vitamin D3 5000 IU \u2013 Zein Pharma | ecosupplements.ch\",\"isPartOf\":{\"@id\":\"https:\\\/\\\/ecosupplements.ch\\\/#website\"},\"primaryImageOfPage\":{\"@id\":\"https:\\\/\\\/ecosupplements.ch\\\/?product=vitamin-d3-5000-iu-90-caps#primaryimage\"},\"image\":{\"@id\":\"https:\\\/\\\/ecosupplements.ch\\\/?product=vitamin-d3-5000-iu-90-caps#primaryimage\"},\"thumbnailUrl\":\"https:\\\/\\\/ecosupplements.ch\\\/wp-content\\\/uploads\\\/2026\\\/05\\\/Vitamin-D3-5000-IU-90-caps.jpg\",\"datePublished\":\"2026-05-11T14:28:38+00:00\",\"dateModified\":\"2026-05-13T07:24:21+00:00\",\"description\":\"Zein Pharma Vitamin D3 5000 IU \u2013 90 vegetarische Kapseln als Wochendosis f\u00fcr Knochen, Immunsystem und Muskeln. Jetzt bestellen.\",\"breadcrumb\":{\"@id\":\"https:\\\/\\\/ecosupplements.ch\\\/?product=vitamin-d3-5000-iu-90-caps#breadcrumb\"},\"inLanguage\":\"de-CH\",\"potentialAction\":[{\"@type\":\"ReadAction\",\"target\":[\"https:\\\/\\\/ecosupplements.ch\\\/?product=vitamin-d3-5000-iu-90-caps\"]}]},{\"@type\":\"ImageObject\",\"inLanguage\":\"de-CH\",\"@id\":\"https:\\\/\\\/ecosupplements.ch\\\/?product=vitamin-d3-5000-iu-90-caps#primaryimage\",\"url\":\"https:\\\/\\\/ecosupplements.ch\\\/wp-content\\\/uploads\\\/2026\\\/05\\\/Vitamin-D3-5000-IU-90-caps.jpg\",\"contentUrl\":\"https:\\\/\\\/ecosupplements.ch\\\/wp-content\\\/uploads\\\/2026\\\/05\\\/Vitamin-D3-5000-IU-90-caps.jpg\",\"width\":586,\"height\":936,\"caption\":\"Vitamin D3\"},{\"@type\":\"BreadcrumbList\",\"@id\":\"https:\\\/\\\/ecosupplements.ch\\\/?product=vitamin-d3-5000-iu-90-caps#breadcrumb\",\"itemListElement\":[{\"@type\":\"ListItem\",\"position\":1,\"name\":\"Home\",\"item\":\"https:\\\/\\\/ecosupplements.ch\\\/\"},{\"@type\":\"ListItem\",\"position\":2,\"name\":\"Shop\",\"item\":\"https:\\\/\\\/ecosupplements.ch\\\/?page_id=14\"},{\"@type\":\"ListItem\",\"position\":3,\"name\":\"Vitamin D3, 5000 IU &#8211; 90 caps\"}]},{\"@type\":\"WebSite\",\"@id\":\"https:\\\/\\\/ecosupplements.ch\\\/#website\",\"url\":\"https:\\\/\\\/ecosupplements.ch\\\/\",\"name\":\"Eco Supplements\",\"description\":\"\",\"potentialAction\":[{\"@type\":\"SearchAction\",\"target\":{\"@type\":\"EntryPoint\",\"urlTemplate\":\"https:\\\/\\\/ecosupplements.ch\\\/?s={search_term_string}\"},\"query-input\":{\"@type\":\"PropertyValueSpecification\",\"valueRequired\":true,\"valueName\":\"search_term_string\"}}],\"inLanguage\":\"de-CH\"}]}<\/script>\n<meta property=\"product:price:amount\" content=\"11.95\" \/>\n<meta property=\"product:price:currency\" content=\"CHF\" \/>\n<meta property=\"og:availability\" content=\"out of stock\" \/>\n<meta property=\"product:availability\" content=\"out of stock\" \/>\n<meta property=\"product:retailer_item_id\" content=\"4260085383788\" \/>\n<meta property=\"product:condition\" content=\"new\" \/>\n<!-- \/ Yoast SEO plugin. -->","yoast_head_json":{"title":"Vitamin D3 5000 IU \u2013 Zein Pharma | ecosupplements.ch","description":"Zein Pharma Vitamin D3 5000 IU \u2013 90 vegetarische Kapseln als Wochendosis f\u00fcr Knochen, Immunsystem und Muskeln. Jetzt bestellen.","robots":{"index":"index","follow":"follow","max-snippet":"max-snippet:-1","max-image-preview":"max-image-preview:large","max-video-preview":"max-video-preview:-1"},"canonical":"https:\/\/ecosupplements.ch\/?product=vitamin-d3-5000-iu-90-caps","og_locale":"de_DE","og_type":"article","og_title":"Vitamin D3 5000 IU \u2013 Zein Pharma | ecosupplements.ch","og_description":"Zein Pharma Vitamin D3 5000 IU \u2013 90 vegetarische Kapseln als Wochendosis f\u00fcr Knochen, Immunsystem und Muskeln. Jetzt bestellen.","og_url":"https:\/\/ecosupplements.ch\/?product=vitamin-d3-5000-iu-90-caps","og_site_name":"Eco Supplements","article_modified_time":"2026-05-13T07:24:21+00:00","og_image":[{"width":586,"height":936,"url":"https:\/\/ecosupplements.ch\/wp-content\/uploads\/2026\/05\/Vitamin-D3-5000-IU-90-caps.jpg","type":"image\/jpeg"}],"twitter_card":"summary_large_image","twitter_misc":{"Price":"&#67;&#72;&#70;&nbsp;11.95","Availability":"Out of stock"},"schema":{"@context":"https:\/\/schema.org","@graph":[{"@type":"WebPage","@id":"https:\/\/ecosupplements.ch\/?product=vitamin-d3-5000-iu-90-caps","url":"https:\/\/ecosupplements.ch\/?product=vitamin-d3-5000-iu-90-caps","name":"Vitamin D3 5000 IU \u2013 Zein Pharma | ecosupplements.ch","isPartOf":{"@id":"https:\/\/ecosupplements.ch\/#website"},"primaryImageOfPage":{"@id":"https:\/\/ecosupplements.ch\/?product=vitamin-d3-5000-iu-90-caps#primaryimage"},"image":{"@id":"https:\/\/ecosupplements.ch\/?product=vitamin-d3-5000-iu-90-caps#primaryimage"},"thumbnailUrl":"https:\/\/ecosupplements.ch\/wp-content\/uploads\/2026\/05\/Vitamin-D3-5000-IU-90-caps.jpg","datePublished":"2026-05-11T14:28:38+00:00","dateModified":"2026-05-13T07:24:21+00:00","description":"Zein Pharma Vitamin D3 5000 IU \u2013 90 vegetarische Kapseln als Wochendosis f\u00fcr Knochen, Immunsystem und Muskeln. Jetzt bestellen.","breadcrumb":{"@id":"https:\/\/ecosupplements.ch\/?product=vitamin-d3-5000-iu-90-caps#breadcrumb"},"inLanguage":"de-CH","potentialAction":[{"@type":"ReadAction","target":["https:\/\/ecosupplements.ch\/?product=vitamin-d3-5000-iu-90-caps"]}]},{"@type":"ImageObject","inLanguage":"de-CH","@id":"https:\/\/ecosupplements.ch\/?product=vitamin-d3-5000-iu-90-caps#primaryimage","url":"https:\/\/ecosupplements.ch\/wp-content\/uploads\/2026\/05\/Vitamin-D3-5000-IU-90-caps.jpg","contentUrl":"https:\/\/ecosupplements.ch\/wp-content\/uploads\/2026\/05\/Vitamin-D3-5000-IU-90-caps.jpg","width":586,"height":936,"caption":"Vitamin D3"},{"@type":"BreadcrumbList","@id":"https:\/\/ecosupplements.ch\/?product=vitamin-d3-5000-iu-90-caps#breadcrumb","itemListElement":[{"@type":"ListItem","position":1,"name":"Home","item":"https:\/\/ecosupplements.ch\/"},{"@type":"ListItem","position":2,"name":"Shop","item":"https:\/\/ecosupplements.ch\/?page_id=14"},{"@type":"ListItem","position":3,"name":"Vitamin D3, 5000 IU &#8211; 90 caps"}]},{"@type":"WebSite","@id":"https:\/\/ecosupplements.ch\/#website","url":"https:\/\/ecosupplements.ch\/","name":"Eco Supplements","description":"","potentialAction":[{"@type":"SearchAction","target":{"@type":"EntryPoint","urlTemplate":"https:\/\/ecosupplements.ch\/?s={search_term_string}"},"query-input":{"@type":"PropertyValueSpecification","valueRequired":true,"valueName":"search_term_string"}}],"inLanguage":"de-CH"}]},"product_price_amount":"11.95","product_price_currency":"CHF","og_availability":"out of stock","product_availability":"out of stock","product_retailer_item_id":"4260085383788","product_condition":"new"},"_links":{"self":[{"href":"https:\/\/ecosupplements.ch\/index.php?rest_route=\/wp\/v2\/product\/1337","targetHints":{"allow":["GET"]}}],"collection":[{"href":"https:\/\/ecosupplements.ch\/index.php?rest_route=\/wp\/v2\/product"}],"about":[{"href":"https:\/\/ecosupplements.ch\/index.php?rest_route=\/wp\/v2\/types\/product"}],"replies":[{"embeddable":true,"href":"https:\/\/ecosupplements.ch\/index.php?rest_route=%2Fwp%2Fv2%2Fcomments&post=1337"}],"wp:featuredmedia":[{"embeddable":true,"href":"https:\/\/ecosupplements.ch\/index.php?rest_route=\/wp\/v2\/media\/1338"}],"wp:attachment":[{"href":"https:\/\/ecosupplements.ch\/index.php?rest_route=%2Fwp%2Fv2%2Fmedia&parent=1337"}],"wp:term":[{"taxonomy":"product_brand","embeddable":true,"href":"https:\/\/ecosupplements.ch\/index.php?rest_route=%2Fwp%2Fv2%2Fproduct_brand&post=1337"},{"taxonomy":"product_cat","embeddable":true,"href":"https:\/\/ecosupplements.ch\/index.php?rest_route=%2Fwp%2Fv2%2Fproduct_cat&post=1337"},{"taxonomy":"product_tag","embeddable":true,"href":"https:\/\/ecosupplements.ch\/index.php?rest_route=%2Fwp%2Fv2%2Fproduct_tag&post=1337"}],"curies":[{"name":"wp","href":"https:\/\/api.w.org\/{rel}","templated":true}]}}