{"id":1351,"date":"2026-05-11T14:28:44","date_gmt":"2026-05-11T14:28:44","guid":{"rendered":"https:\/\/ecosupplements.ch\/?product=alldeynn-collagen-drink-grapefruitini-24-x-330-ml"},"modified":"2026-05-13T07:25:49","modified_gmt":"2026-05-13T07:25:49","slug":"alldeynn-collagen-drink-grapefruitini-24-x-330-ml","status":"publish","type":"product","link":"https:\/\/ecosupplements.ch\/?product=alldeynn-collagen-drink-grapefruitini-24-x-330-ml","title":{"rendered":"AllDeynn Collagen Drink, Grapefruitini &#8211; 24 x 330 ml."},"content":{"rendered":"<div class=\"chcg-product-description\">\n<h2 class=\"chcg-heading\">\u00dcber Allnutrition \u2013 AllDeynn Collagen Drink, Grapefruitini \u2013 24 x 330 ml<\/h2>\n<div class=\"chcg-intro\">\n<p>Der AllDeynn Collagen Drink von Allnutrition vereint hochwertiges Verisol\u00ae Kollagenhydrolysat mit einer erfrischenden Grapefruitini-Note \u2013 praktisch als trinkfertiger Drink in der 330-ml-Dose. Mit 3300 mg Verisol\u00ae Kollagenhydrolysat pro Portion liefert dieses Getr\u00e4nk eine gezielte Kombination aus Kollagen und ausgew\u00e4hlten B-Vitaminen in einer angenehm leichten Rezeptur.<\/p>\n<p>Jede Dose enth\u00e4lt Niacin, Pantothens\u00e4ure, Vitamin B6 und Vitamin B12 \u2013 jeweils auf 25 % des N\u00e4hrstoffreferenzwerts dosiert. Diese Vitamine tragen zu einem normalen Energiestoffwechsel bei und unterst\u00fctzen die normale Funktion des Nervensystems. Das Getr\u00e4nk ist mit S\u00fcssstoffen ges\u00fcsst, enth\u00e4lt keinen zugesetzten Zucker und hat einen sehr niedrigen Kaloriengehalt von nur 16 kcal pro Portion.<\/p>\n<p>Das praktische 24er-Pack mit insgesamt 7920 ml ist ideal f\u00fcr den Alltag: einfach k\u00fchlen, \u00f6ffnen und geniessen. Die fruchtige Grapefruitini-Variante macht die t\u00e4gliche Einnahme zu einem erfrischenden Erlebnis \u2013 ob zu Hause, im B\u00fcro oder unterwegs.<\/p>\n<\/p><\/div>\n<div class=\"chcg-nutrition\">\n<h3>N\u00e4hrwertangaben<\/h3>\n<table class=\"chcg-nutrition-table\">\n<thead>\n<tr>\n<th>N\u00e4hrstoff<\/th>\n<th>Pro 100 ml<\/th>\n<th>Pro Portion (330 ml)<\/th>\n<th>% NRW<\/th>\n<\/tr>\n<\/thead>\n<tbody>\n<tr>\n<td>Energie<\/td>\n<td>20,91 kJ \/ 4,85 kcal<\/td>\n<td>69 kJ \/ 16 kcal<\/td>\n<td>\u2013<\/td>\n<\/tr>\n<tr>\n<td>Fett<\/td>\n<td>0,15 g<\/td>\n<td>0,5 g<\/td>\n<td>\u2013<\/td>\n<\/tr>\n<tr>\n<td>\u2013 davon ges\u00e4ttigte Fetts\u00e4uren<\/td>\n<td>0 g<\/td>\n<td>0 g<\/td>\n<td>\u2013<\/td>\n<\/tr>\n<tr>\n<td>Kohlenhydrate<\/td>\n<td>0,15 g<\/td>\n<td>0,5 g<\/td>\n<td>\u2013<\/td>\n<\/tr>\n<tr>\n<td>\u2013 davon Zucker<\/td>\n<td>0 g<\/td>\n<td>0 g<\/td>\n<td>\u2013<\/td>\n<\/tr>\n<tr>\n<td>Protein<\/td>\n<td>0,91 g<\/td>\n<td>3 g<\/td>\n<td>\u2013<\/td>\n<\/tr>\n<tr>\n<td>Salz<\/td>\n<td>0,03 g<\/td>\n<td>0,1 g<\/td>\n<td>\u2013<\/td>\n<\/tr>\n<tr>\n<td>Verisol\u00ae Kollagenhydrolysat<\/td>\n<td>1000 mg<\/td>\n<td>3300 mg<\/td>\n<td>*<\/td>\n<\/tr>\n<tr>\n<td>Niacin<\/td>\n<td>1,20 mg<\/td>\n<td>3,96 mg<\/td>\n<td>25 %<\/td>\n<\/tr>\n<tr>\n<td>Pantothens\u00e4ure<\/td>\n<td>0,45 mg<\/td>\n<td>1,49 mg<\/td>\n<td>25 %<\/td>\n<\/tr>\n<tr>\n<td>Vitamin B6<\/td>\n<td>0,11 mg<\/td>\n<td>0,35 mg<\/td>\n<td>25 %<\/td>\n<\/tr>\n<tr>\n<td>Vitamin B12<\/td>\n<td>0,19 \u00b5g<\/td>\n<td>0,62 \u00b5g<\/td>\n<td>25 %<\/td>\n<\/tr>\n<\/tbody>\n<\/table>\n<p class=\"chcg-footnote\">* Kein festgelegter N\u00e4hrstoffreferenzwert (NRW).<\/p>\n<p class=\"chcg-footnote\">NRW = N\u00e4hrstoffreferenzwert<\/p>\n<\/p><\/div>\n<div class=\"chcg-ingredients\">\n<h3>Zutaten<\/h3>\n<p>Wasser, Verisol\u00ae Kollagenhydrolysat, S\u00e4uerungsmittel: Zitronens\u00e4ure, Mandarinextrakt, Saflorextrakt, S\u00e4ureregulator: Natriumcitrate, Aroma, schwarzes Karottenkonzentrat, S\u00fcssstoffe: Acesulfam-Kalium, Sucralose, Niacin (Nicotinamid), Pantothens\u00e4ure (D-Pantothenat), Vitamin B6 (Pyridoxinhydrochlorid), Vitamin B12 (Cyanocobalamin).<\/p>\n<p class=\"chcg-capsule-shell\">Hinweis: VERISOL\u00ae ist eine eingetragene Marke der GELITA AG (bovines Kollagenhydrolysat).<\/p>\n<\/p><\/div>\n<div class=\"chcg-dosage\">\n<h3>Verzehrempfehlung<\/h3>\n<p>Empfohlene Tagesportion: 1 Dose (330 ml).<\/p>\n<\/p><\/div>\n<div class=\"chcg-warnings\">\n<h3>Warnhinweise<\/h3>\n<p>Mit S\u00fcssstoff. Ausserhalb der Reichweite von Kleinkindern aufbewahren. Die empfohlene Tagesdosis nicht \u00fcberschreiten. Ohne Zuckerzusatz. Pasteurisiertes Produkt, bestimmt f\u00fcr Personen \u00fcber 18 Jahre. Eine abwechslungsreiche und ausgewogene Ern\u00e4hrung sowie eine gesunde Lebensweise werden empfohlen. Das Produkt nicht konsumieren, wenn Sie gegen einen der Inhaltsstoffe allergisch (\u00fcberempfindlich) sind. Die Farbver\u00e4nderung ist ein nat\u00fcrliches Ph\u00e4nomen.<\/p>\n<\/p><\/div>\n<div class=\"chcg-allergens\">\n<h3>Allergeninformationen<\/h3>\n<p>Das Produkt nicht konsumieren, wenn Sie gegen einen der Inhaltsstoffe allergisch (\u00fcberempfindlich) sind. Enth\u00e4lt Kollagen aus boviner Quelle (VERISOL\u00ae ist eine eingetragene Marke der GELITA AG, bovines Kollagenhydrolysat). Auf dem Etikett sind keine weiteren Allergene \u00fcber den allgemeinen Hinweis hinaus deklariert.<\/p>\n<\/p><\/div>\n<div class=\"chcg-storage\">\n<h3>Lagerung<\/h3>\n<p>An einem trockenen, k\u00fchlen und schattigen Ort lagern. Nicht einfrieren. Vor direkter Sonneneinstrahlung sch\u00fctzen. Mindesthaltbarkeitsdatum \/ Chargennummer: auf dem Dosenboden.<\/p>\n<\/p><\/div>\n<div class=\"chcg-dietary\">\n<h3>Ern\u00e4hrungshinweise<\/h3>\n<ul>\n<li>Nicht vegan (enth\u00e4lt bovines Kollagen)<\/li>\n<li>Nicht vegetarisch (enth\u00e4lt bovines Kollagen)<\/li>\n<\/ul><\/div>\n<\/div>\n","protected":false},"excerpt":{"rendered":"<p>AllDeynn Collagen Drink von Allnutrition liefert 3300 mg Verisol\u00ae Kollagenhydrolysat plus B-Vitamine pro Portion. Erfrischender Grapefruitini-Geschmack, zuckerfrei, mit S\u00fcssstoff \u2013 im praktischen 24er-Pack (24 x 330 ml).<\/p>\n","protected":false},"featured_media":1352,"comment_status":"closed","ping_status":"open","template":"","meta":[],"product_brand":[172],"product_cat":[48,103,25,80,98],"product_tag":[],"class_list":{"0":"post-1351","1":"product","2":"type-product","3":"status-publish","4":"has-post-thumbnail","6":"product_brand-allnutrition","7":"product_cat-gesunde-ernaehrung","8":"product_cat-gesunde-haut","9":"product_cat-gesundheit-und-wohlbefinden","10":"product_cat-kollagen","11":"product_cat-vitalitaet","13":"first","14":"outofstock","15":"taxable","16":"shipping-taxable","17":"purchasable","18":"product-type-simple"},"yoast_head":"<!-- This site is optimized with the Yoast SEO plugin v27.5 - https:\/\/yoast.com\/product\/yoast-seo-wordpress\/ -->\n<title>AllDeynn Collagen Drink Grapefruitini \u2013 Allnutrition | ecosupplements.ch<\/title>\n<meta name=\"description\" content=\"Kollagenhydrolysat-Drink mit B-Vitaminen, zuckerfrei \u2013 24 x 330 ml, Grapefruitini-Geschmack. Jetzt bestellen.\" \/>\n<meta name=\"robots\" content=\"index, follow, max-snippet:-1, max-image-preview:large, max-video-preview:-1\" \/>\n<link rel=\"canonical\" href=\"https:\/\/ecosupplements.ch\/?product=alldeynn-collagen-drink-grapefruitini-24-x-330-ml\" \/>\n<meta property=\"og:locale\" content=\"de_DE\" \/>\n<meta property=\"og:type\" content=\"article\" \/>\n<meta property=\"og:title\" content=\"AllDeynn Collagen Drink Grapefruitini \u2013 Allnutrition | ecosupplements.ch\" \/>\n<meta property=\"og:description\" content=\"Kollagenhydrolysat-Drink mit B-Vitaminen, zuckerfrei \u2013 24 x 330 ml, Grapefruitini-Geschmack. Jetzt bestellen.\" \/>\n<meta property=\"og:url\" content=\"https:\/\/ecosupplements.ch\/?product=alldeynn-collagen-drink-grapefruitini-24-x-330-ml\" \/>\n<meta property=\"og:site_name\" content=\"Eco Supplements\" \/>\n<meta property=\"article:modified_time\" content=\"2026-05-13T07:25:49+00:00\" \/>\n<meta property=\"og:image\" content=\"https:\/\/ecosupplements.ch\/wp-content\/uploads\/2026\/05\/AllDeynn-Collagen-Drink-Grapefruitini-24-x-330-ml.jpg\" \/>\n\t<meta property=\"og:image:width\" content=\"750\" \/>\n\t<meta property=\"og:image:height\" content=\"478\" \/>\n\t<meta property=\"og:image:type\" content=\"image\/jpeg\" \/>\n<meta name=\"twitter:card\" content=\"summary_large_image\" \/>\n<meta name=\"twitter:label1\" content=\"Price\" \/>\n\t<meta name=\"twitter:data1\" content=\"&#067;&#072;&#070;&nbsp;29.48\" \/>\n\t<meta name=\"twitter:label2\" content=\"Availability\" \/>\n\t<meta name=\"twitter:data2\" content=\"Out of stock\" \/>\n<script type=\"application\/ld+json\" class=\"yoast-schema-graph\">{\"@context\":\"https:\\\/\\\/schema.org\",\"@graph\":[{\"@type\":\"WebPage\",\"@id\":\"https:\\\/\\\/ecosupplements.ch\\\/?product=alldeynn-collagen-drink-grapefruitini-24-x-330-ml\",\"url\":\"https:\\\/\\\/ecosupplements.ch\\\/?product=alldeynn-collagen-drink-grapefruitini-24-x-330-ml\",\"name\":\"AllDeynn Collagen Drink Grapefruitini \u2013 Allnutrition | ecosupplements.ch\",\"isPartOf\":{\"@id\":\"https:\\\/\\\/ecosupplements.ch\\\/#website\"},\"primaryImageOfPage\":{\"@id\":\"https:\\\/\\\/ecosupplements.ch\\\/?product=alldeynn-collagen-drink-grapefruitini-24-x-330-ml#primaryimage\"},\"image\":{\"@id\":\"https:\\\/\\\/ecosupplements.ch\\\/?product=alldeynn-collagen-drink-grapefruitini-24-x-330-ml#primaryimage\"},\"thumbnailUrl\":\"https:\\\/\\\/ecosupplements.ch\\\/wp-content\\\/uploads\\\/2026\\\/05\\\/AllDeynn-Collagen-Drink-Grapefruitini-24-x-330-ml.jpg\",\"datePublished\":\"2026-05-11T14:28:44+00:00\",\"dateModified\":\"2026-05-13T07:25:49+00:00\",\"description\":\"Kollagenhydrolysat-Drink mit B-Vitaminen, zuckerfrei \u2013 24 x 330 ml, Grapefruitini-Geschmack. Jetzt bestellen.\",\"breadcrumb\":{\"@id\":\"https:\\\/\\\/ecosupplements.ch\\\/?product=alldeynn-collagen-drink-grapefruitini-24-x-330-ml#breadcrumb\"},\"inLanguage\":\"de-CH\",\"potentialAction\":[{\"@type\":\"ReadAction\",\"target\":[\"https:\\\/\\\/ecosupplements.ch\\\/?product=alldeynn-collagen-drink-grapefruitini-24-x-330-ml\"]}]},{\"@type\":\"ImageObject\",\"inLanguage\":\"de-CH\",\"@id\":\"https:\\\/\\\/ecosupplements.ch\\\/?product=alldeynn-collagen-drink-grapefruitini-24-x-330-ml#primaryimage\",\"url\":\"https:\\\/\\\/ecosupplements.ch\\\/wp-content\\\/uploads\\\/2026\\\/05\\\/AllDeynn-Collagen-Drink-Grapefruitini-24-x-330-ml.jpg\",\"contentUrl\":\"https:\\\/\\\/ecosupplements.ch\\\/wp-content\\\/uploads\\\/2026\\\/05\\\/AllDeynn-Collagen-Drink-Grapefruitini-24-x-330-ml.jpg\",\"width\":750,\"height\":478,\"caption\":\"AllDeynn Collagen Drink\"},{\"@type\":\"BreadcrumbList\",\"@id\":\"https:\\\/\\\/ecosupplements.ch\\\/?product=alldeynn-collagen-drink-grapefruitini-24-x-330-ml#breadcrumb\",\"itemListElement\":[{\"@type\":\"ListItem\",\"position\":1,\"name\":\"Home\",\"item\":\"https:\\\/\\\/ecosupplements.ch\\\/\"},{\"@type\":\"ListItem\",\"position\":2,\"name\":\"Shop\",\"item\":\"https:\\\/\\\/ecosupplements.ch\\\/?page_id=14\"},{\"@type\":\"ListItem\",\"position\":3,\"name\":\"AllDeynn Collagen Drink, Grapefruitini &#8211; 24 x 330 ml.\"}]},{\"@type\":\"WebSite\",\"@id\":\"https:\\\/\\\/ecosupplements.ch\\\/#website\",\"url\":\"https:\\\/\\\/ecosupplements.ch\\\/\",\"name\":\"Eco Supplements\",\"description\":\"\",\"potentialAction\":[{\"@type\":\"SearchAction\",\"target\":{\"@type\":\"EntryPoint\",\"urlTemplate\":\"https:\\\/\\\/ecosupplements.ch\\\/?s={search_term_string}\"},\"query-input\":{\"@type\":\"PropertyValueSpecification\",\"valueRequired\":true,\"valueName\":\"search_term_string\"}}],\"inLanguage\":\"de-CH\"}]}<\/script>\n<meta property=\"product:price:amount\" content=\"29.48\" \/>\n<meta property=\"product:price:currency\" content=\"CHF\" \/>\n<meta property=\"og:availability\" content=\"out of stock\" \/>\n<meta property=\"product:availability\" content=\"out of stock\" \/>\n<meta property=\"product:retailer_item_id\" content=\"5902837749297\" \/>\n<meta property=\"product:condition\" content=\"new\" \/>\n<!-- \/ Yoast SEO plugin. -->","yoast_head_json":{"title":"AllDeynn Collagen Drink Grapefruitini \u2013 Allnutrition | ecosupplements.ch","description":"Kollagenhydrolysat-Drink mit B-Vitaminen, zuckerfrei \u2013 24 x 330 ml, Grapefruitini-Geschmack. Jetzt bestellen.","robots":{"index":"index","follow":"follow","max-snippet":"max-snippet:-1","max-image-preview":"max-image-preview:large","max-video-preview":"max-video-preview:-1"},"canonical":"https:\/\/ecosupplements.ch\/?product=alldeynn-collagen-drink-grapefruitini-24-x-330-ml","og_locale":"de_DE","og_type":"article","og_title":"AllDeynn Collagen Drink Grapefruitini \u2013 Allnutrition | ecosupplements.ch","og_description":"Kollagenhydrolysat-Drink mit B-Vitaminen, zuckerfrei \u2013 24 x 330 ml, Grapefruitini-Geschmack. Jetzt bestellen.","og_url":"https:\/\/ecosupplements.ch\/?product=alldeynn-collagen-drink-grapefruitini-24-x-330-ml","og_site_name":"Eco Supplements","article_modified_time":"2026-05-13T07:25:49+00:00","og_image":[{"width":750,"height":478,"url":"https:\/\/ecosupplements.ch\/wp-content\/uploads\/2026\/05\/AllDeynn-Collagen-Drink-Grapefruitini-24-x-330-ml.jpg","type":"image\/jpeg"}],"twitter_card":"summary_large_image","twitter_misc":{"Price":"&#67;&#72;&#70;&nbsp;29.48","Availability":"Out of stock"},"schema":{"@context":"https:\/\/schema.org","@graph":[{"@type":"WebPage","@id":"https:\/\/ecosupplements.ch\/?product=alldeynn-collagen-drink-grapefruitini-24-x-330-ml","url":"https:\/\/ecosupplements.ch\/?product=alldeynn-collagen-drink-grapefruitini-24-x-330-ml","name":"AllDeynn Collagen Drink Grapefruitini \u2013 Allnutrition | ecosupplements.ch","isPartOf":{"@id":"https:\/\/ecosupplements.ch\/#website"},"primaryImageOfPage":{"@id":"https:\/\/ecosupplements.ch\/?product=alldeynn-collagen-drink-grapefruitini-24-x-330-ml#primaryimage"},"image":{"@id":"https:\/\/ecosupplements.ch\/?product=alldeynn-collagen-drink-grapefruitini-24-x-330-ml#primaryimage"},"thumbnailUrl":"https:\/\/ecosupplements.ch\/wp-content\/uploads\/2026\/05\/AllDeynn-Collagen-Drink-Grapefruitini-24-x-330-ml.jpg","datePublished":"2026-05-11T14:28:44+00:00","dateModified":"2026-05-13T07:25:49+00:00","description":"Kollagenhydrolysat-Drink mit B-Vitaminen, zuckerfrei \u2013 24 x 330 ml, Grapefruitini-Geschmack. Jetzt bestellen.","breadcrumb":{"@id":"https:\/\/ecosupplements.ch\/?product=alldeynn-collagen-drink-grapefruitini-24-x-330-ml#breadcrumb"},"inLanguage":"de-CH","potentialAction":[{"@type":"ReadAction","target":["https:\/\/ecosupplements.ch\/?product=alldeynn-collagen-drink-grapefruitini-24-x-330-ml"]}]},{"@type":"ImageObject","inLanguage":"de-CH","@id":"https:\/\/ecosupplements.ch\/?product=alldeynn-collagen-drink-grapefruitini-24-x-330-ml#primaryimage","url":"https:\/\/ecosupplements.ch\/wp-content\/uploads\/2026\/05\/AllDeynn-Collagen-Drink-Grapefruitini-24-x-330-ml.jpg","contentUrl":"https:\/\/ecosupplements.ch\/wp-content\/uploads\/2026\/05\/AllDeynn-Collagen-Drink-Grapefruitini-24-x-330-ml.jpg","width":750,"height":478,"caption":"AllDeynn Collagen Drink"},{"@type":"BreadcrumbList","@id":"https:\/\/ecosupplements.ch\/?product=alldeynn-collagen-drink-grapefruitini-24-x-330-ml#breadcrumb","itemListElement":[{"@type":"ListItem","position":1,"name":"Home","item":"https:\/\/ecosupplements.ch\/"},{"@type":"ListItem","position":2,"name":"Shop","item":"https:\/\/ecosupplements.ch\/?page_id=14"},{"@type":"ListItem","position":3,"name":"AllDeynn Collagen Drink, Grapefruitini &#8211; 24 x 330 ml."}]},{"@type":"WebSite","@id":"https:\/\/ecosupplements.ch\/#website","url":"https:\/\/ecosupplements.ch\/","name":"Eco Supplements","description":"","potentialAction":[{"@type":"SearchAction","target":{"@type":"EntryPoint","urlTemplate":"https:\/\/ecosupplements.ch\/?s={search_term_string}"},"query-input":{"@type":"PropertyValueSpecification","valueRequired":true,"valueName":"search_term_string"}}],"inLanguage":"de-CH"}]},"product_price_amount":"29.48","product_price_currency":"CHF","og_availability":"out of stock","product_availability":"out of stock","product_retailer_item_id":"5902837749297","product_condition":"new"},"_links":{"self":[{"href":"https:\/\/ecosupplements.ch\/index.php?rest_route=\/wp\/v2\/product\/1351","targetHints":{"allow":["GET"]}}],"collection":[{"href":"https:\/\/ecosupplements.ch\/index.php?rest_route=\/wp\/v2\/product"}],"about":[{"href":"https:\/\/ecosupplements.ch\/index.php?rest_route=\/wp\/v2\/types\/product"}],"replies":[{"embeddable":true,"href":"https:\/\/ecosupplements.ch\/index.php?rest_route=%2Fwp%2Fv2%2Fcomments&post=1351"}],"wp:featuredmedia":[{"embeddable":true,"href":"https:\/\/ecosupplements.ch\/index.php?rest_route=\/wp\/v2\/media\/1352"}],"wp:attachment":[{"href":"https:\/\/ecosupplements.ch\/index.php?rest_route=%2Fwp%2Fv2%2Fmedia&parent=1351"}],"wp:term":[{"taxonomy":"product_brand","embeddable":true,"href":"https:\/\/ecosupplements.ch\/index.php?rest_route=%2Fwp%2Fv2%2Fproduct_brand&post=1351"},{"taxonomy":"product_cat","embeddable":true,"href":"https:\/\/ecosupplements.ch\/index.php?rest_route=%2Fwp%2Fv2%2Fproduct_cat&post=1351"},{"taxonomy":"product_tag","embeddable":true,"href":"https:\/\/ecosupplements.ch\/index.php?rest_route=%2Fwp%2Fv2%2Fproduct_tag&post=1351"}],"curies":[{"name":"wp","href":"https:\/\/api.w.org\/{rel}","templated":true}]}}