{"id":1358,"date":"2026-05-11T14:28:46","date_gmt":"2026-05-11T14:28:46","guid":{"rendered":"https:\/\/ecosupplements.ch\/?product=alldeynn-collarose-shot-raspberry-wild-strawberry-12-x-80-ml"},"modified":"2026-05-13T07:25:44","modified_gmt":"2026-05-13T07:25:44","slug":"alldeynn-collarose-shot-raspberry-wild-strawberry-12-x-80-ml","status":"publish","type":"product","link":"https:\/\/ecosupplements.ch\/?product=alldeynn-collarose-shot-raspberry-wild-strawberry-12-x-80-ml","title":{"rendered":"AllDeynn Collarose Shot, Raspberry Wild Strawberry &#8211; 12 x 80 ml."},"content":{"rendered":"<div class=\"chcg-product-description\">\n<h2 class=\"chcg-heading\">\u00dcber Allnutrition \u2013 AllDeynn Collarose Shot, Raspberry Wild Strawberry \u2013 12 x 80 ml<\/h2>\n<div class=\"chcg-intro\">\n<p>Der AllDeynn Collarose Shot von Allnutrition ist ein trinkfertiges Nahrungserg\u00e4nzungsmittel in fl\u00fcssiger Form, das gezielt f\u00fcr aktive Frauen entwickelt wurde. Jede Flasche (80 ml) liefert 5000 mg VERISOL bovines Kollagenhydrolysat \u2013 eine wissenschaftlich erforschte Kollagenform \u2013, erg\u00e4nzt durch Vitamin C, Hyalurons\u00e4ure und Biotin. Das erfrischende Aroma nach Himbeere und Walderdbeere macht den t\u00e4glichen Shot zu einem angenehmen Ritual.<\/p>\n<p>Vitamin C tr\u00e4gt zur normalen Kollagenbildung bei und unterst\u00fctzt die normale Funktion der Haut. Biotin tr\u00e4gt zur Erhaltung normaler Haut sowie normaler Haare bei. Das Produkt enth\u00e4lt zudem Hyalurons\u00e4ure (Natriumhyaluronat) und eignet sich ideal als praktische Erg\u00e4nzung f\u00fcr einen aktiven Lebensstil.<\/p>\n<p>Die handliche Einzel-Flasche \u00e0 80 ml erm\u00f6glicht eine einfache, pr\u00e4zise Dosierung \u2013 ohne Abwiegen oder Anr\u00fchren. Das Paket enth\u00e4lt 12 Shots und deckt damit einen Vorrat von 12 Tagen ab.<\/p>\n<\/p><\/div>\n<div class=\"chcg-nutrition\">\n<h3>N\u00e4hrwertangaben<\/h3>\n<table class=\"chcg-nutrition-table\">\n<thead>\n<tr>\n<th>N\u00e4hrstoff<\/th>\n<th>Pro 100 ml<\/th>\n<th>Pro Portion (1 Flasche \/ 80 ml)<\/th>\n<th>% NRV<\/th>\n<\/tr>\n<\/thead>\n<tbody>\n<tr>\n<td>VERISOL bovines Kollagenhydrolysat<\/td>\n<td>6250 mg<\/td>\n<td>5000 mg<\/td>\n<td>*<\/td>\n<\/tr>\n<tr>\n<td>Vitamin C<\/td>\n<td>150 mg<\/td>\n<td>120 mg<\/td>\n<td>150%<\/td>\n<\/tr>\n<tr>\n<td>Hyalurons\u00e4ure<\/td>\n<td>37,50 mg<\/td>\n<td>30 mg<\/td>\n<td>*<\/td>\n<\/tr>\n<tr>\n<td>Biotin<\/td>\n<td>3125 \u00b5g<\/td>\n<td>2500 \u00b5g<\/td>\n<td>5000%<\/td>\n<\/tr>\n<\/tbody>\n<\/table>\n<p class=\"chcg-footnote\">* Kein festgelegter N\u00e4hrstoffbezugswert (NRV).<\/p>\n<p class=\"chcg-footnote\">NRV = N\u00e4hrstoffbezugswert<\/p>\n<\/p><\/div>\n<div class=\"chcg-ingredients\">\n<h3>Zutaten<\/h3>\n<p>VERISOL B bovines Kollagenhydrolysat, Wasser, S\u00e4uerungsmittel: Zitronens\u00e4ure, Aroma, Vitamin C (L-Ascorbins\u00e4ure), rotes Rote-Bete-Saftpulver, Hyalurons\u00e4ure (Natriumhyaluronat), S\u00fcssungsmittel: Sucralose, Konservierungsstoffe: Natriumbenzoat, Kaliumsorbat, Biotin (D-Biotin).<\/p>\n<\/p><\/div>\n<div class=\"chcg-dosage\">\n<h3>Verzehrempfehlung<\/h3>\n<p>1 Portion pro Tag einnehmen (80 ml \/ 1 Flasche). Vor Gebrauch sch\u00fctteln.<\/p>\n<\/p><\/div>\n<div class=\"chcg-warnings\">\n<h3>Warnhinweise<\/h3>\n<p>Nahrungserg\u00e4nzungsmittel. Mit S\u00fcssungsmittel. Pasteurisiertes Produkt, das f\u00fcr k\u00f6rperlich aktive Personen ab 18 Jahren bestimmt ist. Nicht verzehren, wenn eine Allergie gegen einen der Inhaltsstoffe besteht. Nicht empfohlen f\u00fcr Kinder, Schwangere und stillende Frauen. Nicht anwenden bei Personen, die an Nierensteinen leiden oder zur Bildung von Nierensteinen neigen. Die empfohlene Tagesdosis nicht \u00fcberschreiten. Das Nahrungserg\u00e4nzungsmittel kann eine abwechslungsreiche Ern\u00e4hrung nicht ersetzen.<\/p>\n<\/p><\/div>\n<div class=\"chcg-allergens\">\n<h3>Allergeninformationen<\/h3>\n<p>Keine spezifischen Allergene auf dem Etikett deklariert. Nicht verzehren, wenn eine Allergie gegen einen der Inhaltsstoffe besteht. Enth\u00e4lt bovines (Rind) Kollagen.<\/p>\n<\/p><\/div>\n<div class=\"chcg-storage\">\n<h3>Lagerung<\/h3>\n<p>Bei einer Temperatur zwischen 10 \u00b0C und 25 \u00b0C lagern. Ausserhalb der Reichweite von Kindern aufbewahren.<\/p>\n<\/p><\/div>\n<div class=\"chcg-dietary\">\n<h3>Ern\u00e4hrungshinweise<\/h3>\n<ul>\n<li>Laktosefrei<\/li>\n<\/ul><\/div>\n<\/div>\n","protected":false},"excerpt":{"rendered":"<p>AllDeynn Collarose Shot liefert pro Flasche 5000 mg VERISOL Kollagen, 120 mg Vitamin C, 30 mg Hyalurons\u00e4ure und 2500 \u00b5g Biotin. Trinkfertiger Liquid-Shot im praktischen 80-ml-Format, Packung mit 12 Flaschen. Aroma Himbeere-Walderdbeere.<\/p>\n","protected":false},"featured_media":1359,"comment_status":"closed","ping_status":"open","template":"","meta":[],"product_brand":[172],"product_cat":[48,25,80,22,21],"product_tag":[],"class_list":{"0":"post-1358","1":"product","2":"type-product","3":"status-publish","4":"has-post-thumbnail","6":"product_brand-allnutrition","7":"product_cat-gesunde-ernaehrung","8":"product_cat-gesundheit-und-wohlbefinden","9":"product_cat-kollagen","10":"product_cat-vegane-produkte","11":"product_cat-vitamine-und-mineralstoffe","13":"first","14":"outofstock","15":"taxable","16":"shipping-taxable","17":"purchasable","18":"product-type-simple"},"yoast_head":"<!-- This site is optimized with the Yoast SEO plugin v27.5 - https:\/\/yoast.com\/product\/yoast-seo-wordpress\/ -->\n<title>AllDeynn Collarose Shot 12x80ml \u2013 Allnutrition | ecosupplements.ch<\/title>\n<meta name=\"description\" content=\"Kollagen-Shot mit 5000 mg VERISOL, Vitamin C &amp; Biotin \u2013 trinkfertig, 12 x 80 ml. Jetzt bestellen.\" \/>\n<meta name=\"robots\" content=\"index, follow, max-snippet:-1, max-image-preview:large, max-video-preview:-1\" \/>\n<link rel=\"canonical\" href=\"https:\/\/ecosupplements.ch\/?product=alldeynn-collarose-shot-raspberry-wild-strawberry-12-x-80-ml\" \/>\n<meta property=\"og:locale\" content=\"de_DE\" \/>\n<meta property=\"og:type\" content=\"article\" \/>\n<meta property=\"og:title\" content=\"AllDeynn Collarose Shot 12x80ml \u2013 Allnutrition | ecosupplements.ch\" \/>\n<meta property=\"og:description\" content=\"Kollagen-Shot mit 5000 mg VERISOL, Vitamin C &amp; Biotin \u2013 trinkfertig, 12 x 80 ml. Jetzt bestellen.\" \/>\n<meta property=\"og:url\" content=\"https:\/\/ecosupplements.ch\/?product=alldeynn-collarose-shot-raspberry-wild-strawberry-12-x-80-ml\" \/>\n<meta property=\"og:site_name\" content=\"Eco Supplements\" \/>\n<meta property=\"article:modified_time\" content=\"2026-05-13T07:25:44+00:00\" \/>\n<meta property=\"og:image\" content=\"https:\/\/ecosupplements.ch\/wp-content\/uploads\/2026\/05\/AllDeynn-Collarose-Shot-Raspberry-Wild-Strawberry-12-x-80-ml.jpg\" \/>\n\t<meta property=\"og:image:width\" content=\"600\" \/>\n\t<meta property=\"og:image:height\" content=\"600\" \/>\n\t<meta property=\"og:image:type\" content=\"image\/jpeg\" \/>\n<meta name=\"twitter:card\" content=\"summary_large_image\" \/>\n<meta name=\"twitter:label1\" content=\"Price\" \/>\n\t<meta name=\"twitter:data1\" content=\"&#067;&#072;&#070;&nbsp;15.69\" \/>\n\t<meta name=\"twitter:label2\" content=\"Availability\" \/>\n\t<meta name=\"twitter:data2\" content=\"Out of stock\" \/>\n<script type=\"application\/ld+json\" class=\"yoast-schema-graph\">{\"@context\":\"https:\\\/\\\/schema.org\",\"@graph\":[{\"@type\":\"WebPage\",\"@id\":\"https:\\\/\\\/ecosupplements.ch\\\/?product=alldeynn-collarose-shot-raspberry-wild-strawberry-12-x-80-ml\",\"url\":\"https:\\\/\\\/ecosupplements.ch\\\/?product=alldeynn-collarose-shot-raspberry-wild-strawberry-12-x-80-ml\",\"name\":\"AllDeynn Collarose Shot 12x80ml \u2013 Allnutrition | ecosupplements.ch\",\"isPartOf\":{\"@id\":\"https:\\\/\\\/ecosupplements.ch\\\/#website\"},\"primaryImageOfPage\":{\"@id\":\"https:\\\/\\\/ecosupplements.ch\\\/?product=alldeynn-collarose-shot-raspberry-wild-strawberry-12-x-80-ml#primaryimage\"},\"image\":{\"@id\":\"https:\\\/\\\/ecosupplements.ch\\\/?product=alldeynn-collarose-shot-raspberry-wild-strawberry-12-x-80-ml#primaryimage\"},\"thumbnailUrl\":\"https:\\\/\\\/ecosupplements.ch\\\/wp-content\\\/uploads\\\/2026\\\/05\\\/AllDeynn-Collarose-Shot-Raspberry-Wild-Strawberry-12-x-80-ml.jpg\",\"datePublished\":\"2026-05-11T14:28:46+00:00\",\"dateModified\":\"2026-05-13T07:25:44+00:00\",\"description\":\"Kollagen-Shot mit 5000 mg VERISOL, Vitamin C & Biotin \u2013 trinkfertig, 12 x 80 ml. Jetzt bestellen.\",\"breadcrumb\":{\"@id\":\"https:\\\/\\\/ecosupplements.ch\\\/?product=alldeynn-collarose-shot-raspberry-wild-strawberry-12-x-80-ml#breadcrumb\"},\"inLanguage\":\"de-CH\",\"potentialAction\":[{\"@type\":\"ReadAction\",\"target\":[\"https:\\\/\\\/ecosupplements.ch\\\/?product=alldeynn-collarose-shot-raspberry-wild-strawberry-12-x-80-ml\"]}]},{\"@type\":\"ImageObject\",\"inLanguage\":\"de-CH\",\"@id\":\"https:\\\/\\\/ecosupplements.ch\\\/?product=alldeynn-collarose-shot-raspberry-wild-strawberry-12-x-80-ml#primaryimage\",\"url\":\"https:\\\/\\\/ecosupplements.ch\\\/wp-content\\\/uploads\\\/2026\\\/05\\\/AllDeynn-Collarose-Shot-Raspberry-Wild-Strawberry-12-x-80-ml.jpg\",\"contentUrl\":\"https:\\\/\\\/ecosupplements.ch\\\/wp-content\\\/uploads\\\/2026\\\/05\\\/AllDeynn-Collarose-Shot-Raspberry-Wild-Strawberry-12-x-80-ml.jpg\",\"width\":600,\"height\":600,\"caption\":\"AllDeynn Collarose Shot\"},{\"@type\":\"BreadcrumbList\",\"@id\":\"https:\\\/\\\/ecosupplements.ch\\\/?product=alldeynn-collarose-shot-raspberry-wild-strawberry-12-x-80-ml#breadcrumb\",\"itemListElement\":[{\"@type\":\"ListItem\",\"position\":1,\"name\":\"Home\",\"item\":\"https:\\\/\\\/ecosupplements.ch\\\/\"},{\"@type\":\"ListItem\",\"position\":2,\"name\":\"Shop\",\"item\":\"https:\\\/\\\/ecosupplements.ch\\\/?page_id=14\"},{\"@type\":\"ListItem\",\"position\":3,\"name\":\"AllDeynn Collarose Shot, Raspberry Wild Strawberry &#8211; 12 x 80 ml.\"}]},{\"@type\":\"WebSite\",\"@id\":\"https:\\\/\\\/ecosupplements.ch\\\/#website\",\"url\":\"https:\\\/\\\/ecosupplements.ch\\\/\",\"name\":\"Eco Supplements\",\"description\":\"\",\"potentialAction\":[{\"@type\":\"SearchAction\",\"target\":{\"@type\":\"EntryPoint\",\"urlTemplate\":\"https:\\\/\\\/ecosupplements.ch\\\/?s={search_term_string}\"},\"query-input\":{\"@type\":\"PropertyValueSpecification\",\"valueRequired\":true,\"valueName\":\"search_term_string\"}}],\"inLanguage\":\"de-CH\"}]}<\/script>\n<meta property=\"product:price:amount\" content=\"15.69\" \/>\n<meta property=\"product:price:currency\" content=\"CHF\" \/>\n<meta property=\"og:availability\" content=\"out of stock\" \/>\n<meta property=\"product:availability\" content=\"out of stock\" \/>\n<meta property=\"product:retailer_item_id\" content=\"5902837740621\" \/>\n<meta property=\"product:condition\" content=\"new\" \/>\n<!-- \/ Yoast SEO plugin. -->","yoast_head_json":{"title":"AllDeynn Collarose Shot 12x80ml \u2013 Allnutrition | ecosupplements.ch","description":"Kollagen-Shot mit 5000 mg VERISOL, Vitamin C & Biotin \u2013 trinkfertig, 12 x 80 ml. Jetzt bestellen.","robots":{"index":"index","follow":"follow","max-snippet":"max-snippet:-1","max-image-preview":"max-image-preview:large","max-video-preview":"max-video-preview:-1"},"canonical":"https:\/\/ecosupplements.ch\/?product=alldeynn-collarose-shot-raspberry-wild-strawberry-12-x-80-ml","og_locale":"de_DE","og_type":"article","og_title":"AllDeynn Collarose Shot 12x80ml \u2013 Allnutrition | ecosupplements.ch","og_description":"Kollagen-Shot mit 5000 mg VERISOL, Vitamin C & Biotin \u2013 trinkfertig, 12 x 80 ml. Jetzt bestellen.","og_url":"https:\/\/ecosupplements.ch\/?product=alldeynn-collarose-shot-raspberry-wild-strawberry-12-x-80-ml","og_site_name":"Eco Supplements","article_modified_time":"2026-05-13T07:25:44+00:00","og_image":[{"width":600,"height":600,"url":"https:\/\/ecosupplements.ch\/wp-content\/uploads\/2026\/05\/AllDeynn-Collarose-Shot-Raspberry-Wild-Strawberry-12-x-80-ml.jpg","type":"image\/jpeg"}],"twitter_card":"summary_large_image","twitter_misc":{"Price":"&#67;&#72;&#70;&nbsp;15.69","Availability":"Out of stock"},"schema":{"@context":"https:\/\/schema.org","@graph":[{"@type":"WebPage","@id":"https:\/\/ecosupplements.ch\/?product=alldeynn-collarose-shot-raspberry-wild-strawberry-12-x-80-ml","url":"https:\/\/ecosupplements.ch\/?product=alldeynn-collarose-shot-raspberry-wild-strawberry-12-x-80-ml","name":"AllDeynn Collarose Shot 12x80ml \u2013 Allnutrition | ecosupplements.ch","isPartOf":{"@id":"https:\/\/ecosupplements.ch\/#website"},"primaryImageOfPage":{"@id":"https:\/\/ecosupplements.ch\/?product=alldeynn-collarose-shot-raspberry-wild-strawberry-12-x-80-ml#primaryimage"},"image":{"@id":"https:\/\/ecosupplements.ch\/?product=alldeynn-collarose-shot-raspberry-wild-strawberry-12-x-80-ml#primaryimage"},"thumbnailUrl":"https:\/\/ecosupplements.ch\/wp-content\/uploads\/2026\/05\/AllDeynn-Collarose-Shot-Raspberry-Wild-Strawberry-12-x-80-ml.jpg","datePublished":"2026-05-11T14:28:46+00:00","dateModified":"2026-05-13T07:25:44+00:00","description":"Kollagen-Shot mit 5000 mg VERISOL, Vitamin C & Biotin \u2013 trinkfertig, 12 x 80 ml. Jetzt bestellen.","breadcrumb":{"@id":"https:\/\/ecosupplements.ch\/?product=alldeynn-collarose-shot-raspberry-wild-strawberry-12-x-80-ml#breadcrumb"},"inLanguage":"de-CH","potentialAction":[{"@type":"ReadAction","target":["https:\/\/ecosupplements.ch\/?product=alldeynn-collarose-shot-raspberry-wild-strawberry-12-x-80-ml"]}]},{"@type":"ImageObject","inLanguage":"de-CH","@id":"https:\/\/ecosupplements.ch\/?product=alldeynn-collarose-shot-raspberry-wild-strawberry-12-x-80-ml#primaryimage","url":"https:\/\/ecosupplements.ch\/wp-content\/uploads\/2026\/05\/AllDeynn-Collarose-Shot-Raspberry-Wild-Strawberry-12-x-80-ml.jpg","contentUrl":"https:\/\/ecosupplements.ch\/wp-content\/uploads\/2026\/05\/AllDeynn-Collarose-Shot-Raspberry-Wild-Strawberry-12-x-80-ml.jpg","width":600,"height":600,"caption":"AllDeynn Collarose Shot"},{"@type":"BreadcrumbList","@id":"https:\/\/ecosupplements.ch\/?product=alldeynn-collarose-shot-raspberry-wild-strawberry-12-x-80-ml#breadcrumb","itemListElement":[{"@type":"ListItem","position":1,"name":"Home","item":"https:\/\/ecosupplements.ch\/"},{"@type":"ListItem","position":2,"name":"Shop","item":"https:\/\/ecosupplements.ch\/?page_id=14"},{"@type":"ListItem","position":3,"name":"AllDeynn Collarose Shot, Raspberry Wild Strawberry &#8211; 12 x 80 ml."}]},{"@type":"WebSite","@id":"https:\/\/ecosupplements.ch\/#website","url":"https:\/\/ecosupplements.ch\/","name":"Eco Supplements","description":"","potentialAction":[{"@type":"SearchAction","target":{"@type":"EntryPoint","urlTemplate":"https:\/\/ecosupplements.ch\/?s={search_term_string}"},"query-input":{"@type":"PropertyValueSpecification","valueRequired":true,"valueName":"search_term_string"}}],"inLanguage":"de-CH"}]},"product_price_amount":"15.69","product_price_currency":"CHF","og_availability":"out of stock","product_availability":"out of stock","product_retailer_item_id":"5902837740621","product_condition":"new"},"_links":{"self":[{"href":"https:\/\/ecosupplements.ch\/index.php?rest_route=\/wp\/v2\/product\/1358","targetHints":{"allow":["GET"]}}],"collection":[{"href":"https:\/\/ecosupplements.ch\/index.php?rest_route=\/wp\/v2\/product"}],"about":[{"href":"https:\/\/ecosupplements.ch\/index.php?rest_route=\/wp\/v2\/types\/product"}],"replies":[{"embeddable":true,"href":"https:\/\/ecosupplements.ch\/index.php?rest_route=%2Fwp%2Fv2%2Fcomments&post=1358"}],"wp:featuredmedia":[{"embeddable":true,"href":"https:\/\/ecosupplements.ch\/index.php?rest_route=\/wp\/v2\/media\/1359"}],"wp:attachment":[{"href":"https:\/\/ecosupplements.ch\/index.php?rest_route=%2Fwp%2Fv2%2Fmedia&parent=1358"}],"wp:term":[{"taxonomy":"product_brand","embeddable":true,"href":"https:\/\/ecosupplements.ch\/index.php?rest_route=%2Fwp%2Fv2%2Fproduct_brand&post=1358"},{"taxonomy":"product_cat","embeddable":true,"href":"https:\/\/ecosupplements.ch\/index.php?rest_route=%2Fwp%2Fv2%2Fproduct_cat&post=1358"},{"taxonomy":"product_tag","embeddable":true,"href":"https:\/\/ecosupplements.ch\/index.php?rest_route=%2Fwp%2Fv2%2Fproduct_tag&post=1358"}],"curies":[{"name":"wp","href":"https:\/\/api.w.org\/{rel}","templated":true}]}}