{"id":1366,"date":"2026-05-11T14:28:50","date_gmt":"2026-05-11T14:28:50","guid":{"rendered":"https:\/\/ecosupplements.ch\/?product=alldeynn-collarose-raspberry-wild-strawberry-300g"},"modified":"2026-05-13T07:25:01","modified_gmt":"2026-05-13T07:25:01","slug":"alldeynn-collarose-raspberry-wild-strawberry-300g","status":"publish","type":"product","link":"https:\/\/ecosupplements.ch\/?product=alldeynn-collarose-raspberry-wild-strawberry-300g","title":{"rendered":"AllDeynn Collarose, Raspberry Wild Strawberry &#8211; 300g"},"content":{"rendered":"<div class=\"chcg-product-description\">\n<h2 class=\"chcg-heading\">\u00dcber Allnutrition \u2013 AllDeynn Collarose, Himbeere Walderdbeere \u2013 300g<\/h2>\n<div class=\"chcg-intro\">\n<p>AllDeynn Collarose von Allnutrition ist ein hochwertiges Kollagen-Pulver mit Verisol\u00ae B bovinem Kollagenhydrolysat, das speziell f\u00fcr Frauen entwickelt wurde, die ihre t\u00e4gliche Sch\u00f6nheitsroutine von innen unterst\u00fctzen m\u00f6chten. Jede Portion (6 g) liefert 5000 mg Verisol\u00ae-Kollagenhydrolysat, 120 mg Vitamin C sowie 30 mg Natriumhyaluronat und 2500 \u00b5g Biotin \u2013 eine sorgf\u00e4ltig zusammengestellte Kombination in einem fruchtig-frischen Himbeer-Walderdbeere-Geschmack.<\/p>\n<p>Vitamin C tr\u00e4gt zur normalen Kollagenbildung f\u00fcr eine normale Funktion der Haut bei und unterst\u00fctzt den normalen Energiestoffwechsel. Biotin tr\u00e4gt zur Erhaltung normaler Haut sowie normaler Haare bei. Das Pulver l\u00f6st sich rasch in Wasser auf und macht die t\u00e4gliche Einnahme einfach und angenehm.<\/p>\n<p>Mit rund 50 Portionen pro Packung (300 g) bietet AllDeynn Collarose einen praktischen Vorrat f\u00fcr eine konsequente t\u00e4gliche Anwendung. Das Produkt enth\u00e4lt S\u00fcssungsmittel und ist f\u00fcr Erwachsene ab 18 Jahren geeignet.<\/p>\n<\/p><\/div>\n<div class=\"chcg-nutrition\">\n<h3>N\u00e4hrwertangaben<\/h3>\n<table class=\"chcg-nutrition-table\">\n<thead>\n<tr>\n<th>N\u00e4hrstoff<\/th>\n<th>Pro 100 g<\/th>\n<th>Pro Portion (1 Messl\u00f6ffel, 6 g)<\/th>\n<th>% NRW<\/th>\n<\/tr>\n<\/thead>\n<tbody>\n<tr>\n<td>Verisol\u00ae Kollagenhydrolysat (bovin)<\/td>\n<td>83 333 mg<\/td>\n<td>5000 mg<\/td>\n<td>*<\/td>\n<\/tr>\n<tr>\n<td>Vitamin C<\/td>\n<td>2000 mg<\/td>\n<td>120 mg<\/td>\n<td>150 %<\/td>\n<\/tr>\n<tr>\n<td>Hyalurons\u00e4ure (Natriumhyaluronat)<\/td>\n<td>500 mg<\/td>\n<td>30 mg<\/td>\n<td>*<\/td>\n<\/tr>\n<tr>\n<td>Biotin<\/td>\n<td>41 667 \u00b5g<\/td>\n<td>2500 \u00b5g<\/td>\n<td>5000 %<\/td>\n<\/tr>\n<\/tbody>\n<\/table>\n<p class=\"chcg-footnote\">* Kein festgelegter N\u00e4hrwert-Referenzwert (NRW).<\/p>\n<p class=\"chcg-footnote\">NRW = N\u00e4hrwert-Referenzwert gem\u00e4ss EU-Verordnung Nr. 1169\/2011.<\/p>\n<\/p><\/div>\n<div class=\"chcg-ingredients\">\n<h3>Zutaten<\/h3>\n<p>Verisol\u00ae B bovines Kollagenhydrolysat, S\u00e4uerungsmittel: Citronens\u00e4ure, Vitamin C (L-Ascorbins\u00e4ure), Aroma, Stabilisierungsmittel: Gummi arabicum, S\u00fcssungsmittel: Sucralose, rotes Rote-Bete-Saftpulver, Natriumhyaluronat, D-Biotin.<\/p>\n<\/p><\/div>\n<div class=\"chcg-dosage\">\n<h3>Verzehrempfehlung<\/h3>\n<p>Eine Portion (1 Messl\u00f6ffel, 6 g) in 150\u2013200 ml Wasser aufl\u00f6sen und trinken. Die empfohlene Tagesdosis von 1 Portion nicht \u00fcberschreiten.<\/p>\n<\/p><\/div>\n<div class=\"chcg-warnings\">\n<h3>Warnhinweise<\/h3>\n<p>Nahrungserg\u00e4nzungsmittel. Mit S\u00fcssungsmittel. Das Produkt ist f\u00fcr Personen ab 18 Jahren bestimmt. Nicht verwenden, wenn Sie gegen einen der Inhaltsstoffe allergisch sind. Die empfohlene Tagesdosis nicht \u00fcberschreiten. Nahrungserg\u00e4nzungsmittel sind kein Ersatz f\u00fcr eine abwechslungsreiche Ern\u00e4hrung. Eine ausgewogene Ern\u00e4hrung und ein gesunder Lebensstil werden empfohlen. Ausserhalb der Reichweite von Kindern aufbewahren.<\/p>\n<\/p><\/div>\n<div class=\"chcg-allergens\">\n<h3>Allergeninformationen<\/h3>\n<p>Kann Spuren von glutenhaltigem Getreide, Soja, Milch und Eiern enthalten.<\/p>\n<\/p><\/div>\n<div class=\"chcg-storage\">\n<h3>Lagerung<\/h3>\n<p>Ausserhalb der Reichweite von Kindern aufbewahren. An einem k\u00fchlen, trockenen Ort lagern.<\/p>\n<\/p><\/div>\n<div class=\"chcg-dietary\">\n<h3>Ern\u00e4hrungshinweise<\/h3>\n<ul>\n<li>Nicht vegan<\/li>\n<li>Nicht vegetarisch<\/li>\n<\/ul><\/div>\n<\/div>\n","protected":false},"excerpt":{"rendered":"<p>AllDeynn Collarose liefert pro Portion 5000 mg Verisol\u00ae-Kollagen, 120 mg Vitamin C, Hyalurons\u00e4ure und Biotin zur t\u00e4glichen Unterst\u00fctzung von innen. Das fruchtige Pulver (Himbeere-Walderdbeere) l\u00f6st sich schnell in Wasser auf \u2013 300 g, ca. 50 Portionen.<\/p>\n","protected":false},"featured_media":1367,"comment_status":"closed","ping_status":"open","template":"","meta":[],"product_brand":[172],"product_cat":[48,25,80,32,21],"product_tag":[],"class_list":{"0":"post-1366","1":"product","2":"type-product","3":"status-publish","4":"has-post-thumbnail","6":"product_brand-allnutrition","7":"product_cat-gesunde-ernaehrung","8":"product_cat-gesundheit-und-wohlbefinden","9":"product_cat-kollagen","10":"product_cat-nahrungsergaenzungsmittel-fuer-frauen","11":"product_cat-vitamine-und-mineralstoffe","13":"first","14":"outofstock","15":"taxable","16":"shipping-taxable","17":"purchasable","18":"product-type-simple"},"yoast_head":"<!-- This site is optimized with the Yoast SEO plugin v27.5 - https:\/\/yoast.com\/product\/yoast-seo-wordpress\/ -->\n<title>AllDeynn Collarose Himbeere 300g \u2013 Allnutrition | ecosupplements.ch<\/title>\n<meta name=\"description\" content=\"Verisol\u00ae-Kollagenpulver mit Vitamin C, Hyalurons\u00e4ure und Biotin \u2013 300 g, ca. 50 Portionen, Himbeer-Walderdbeere-Geschmack. Jetzt bestellen.\" \/>\n<meta name=\"robots\" content=\"index, follow, max-snippet:-1, max-image-preview:large, max-video-preview:-1\" \/>\n<link rel=\"canonical\" href=\"https:\/\/ecosupplements.ch\/?product=alldeynn-collarose-raspberry-wild-strawberry-300g\" \/>\n<meta property=\"og:locale\" content=\"de_DE\" \/>\n<meta property=\"og:type\" content=\"article\" \/>\n<meta property=\"og:title\" content=\"AllDeynn Collarose Himbeere 300g \u2013 Allnutrition | ecosupplements.ch\" \/>\n<meta property=\"og:description\" content=\"Verisol\u00ae-Kollagenpulver mit Vitamin C, Hyalurons\u00e4ure und Biotin \u2013 300 g, ca. 50 Portionen, Himbeer-Walderdbeere-Geschmack. Jetzt bestellen.\" \/>\n<meta property=\"og:url\" content=\"https:\/\/ecosupplements.ch\/?product=alldeynn-collarose-raspberry-wild-strawberry-300g\" \/>\n<meta property=\"og:site_name\" content=\"Eco Supplements\" \/>\n<meta property=\"article:modified_time\" content=\"2026-05-13T07:25:01+00:00\" \/>\n<meta property=\"og:image\" content=\"https:\/\/ecosupplements.ch\/wp-content\/uploads\/2026\/05\/AllDeynn-Collarose-Raspberry-Wild-Strawberry-300g.webp\" \/>\n\t<meta property=\"og:image:width\" content=\"1000\" \/>\n\t<meta property=\"og:image:height\" content=\"1000\" \/>\n\t<meta property=\"og:image:type\" content=\"image\/jpeg\" \/>\n<meta name=\"twitter:card\" content=\"summary_large_image\" \/>\n<meta name=\"twitter:label1\" content=\"Price\" \/>\n\t<meta name=\"twitter:data1\" content=\"&#067;&#072;&#070;&nbsp;29.19\" \/>\n\t<meta name=\"twitter:label2\" content=\"Availability\" \/>\n\t<meta name=\"twitter:data2\" content=\"Out of stock\" \/>\n<script type=\"application\/ld+json\" class=\"yoast-schema-graph\">{\"@context\":\"https:\\\/\\\/schema.org\",\"@graph\":[{\"@type\":\"WebPage\",\"@id\":\"https:\\\/\\\/ecosupplements.ch\\\/?product=alldeynn-collarose-raspberry-wild-strawberry-300g\",\"url\":\"https:\\\/\\\/ecosupplements.ch\\\/?product=alldeynn-collarose-raspberry-wild-strawberry-300g\",\"name\":\"AllDeynn Collarose Himbeere 300g \u2013 Allnutrition | ecosupplements.ch\",\"isPartOf\":{\"@id\":\"https:\\\/\\\/ecosupplements.ch\\\/#website\"},\"primaryImageOfPage\":{\"@id\":\"https:\\\/\\\/ecosupplements.ch\\\/?product=alldeynn-collarose-raspberry-wild-strawberry-300g#primaryimage\"},\"image\":{\"@id\":\"https:\\\/\\\/ecosupplements.ch\\\/?product=alldeynn-collarose-raspberry-wild-strawberry-300g#primaryimage\"},\"thumbnailUrl\":\"https:\\\/\\\/ecosupplements.ch\\\/wp-content\\\/uploads\\\/2026\\\/05\\\/AllDeynn-Collarose-Raspberry-Wild-Strawberry-300g.webp\",\"datePublished\":\"2026-05-11T14:28:50+00:00\",\"dateModified\":\"2026-05-13T07:25:01+00:00\",\"description\":\"Verisol\u00ae-Kollagenpulver mit Vitamin C, Hyalurons\u00e4ure und Biotin \u2013 300 g, ca. 50 Portionen, Himbeer-Walderdbeere-Geschmack. Jetzt bestellen.\",\"breadcrumb\":{\"@id\":\"https:\\\/\\\/ecosupplements.ch\\\/?product=alldeynn-collarose-raspberry-wild-strawberry-300g#breadcrumb\"},\"inLanguage\":\"de-CH\",\"potentialAction\":[{\"@type\":\"ReadAction\",\"target\":[\"https:\\\/\\\/ecosupplements.ch\\\/?product=alldeynn-collarose-raspberry-wild-strawberry-300g\"]}]},{\"@type\":\"ImageObject\",\"inLanguage\":\"de-CH\",\"@id\":\"https:\\\/\\\/ecosupplements.ch\\\/?product=alldeynn-collarose-raspberry-wild-strawberry-300g#primaryimage\",\"url\":\"https:\\\/\\\/ecosupplements.ch\\\/wp-content\\\/uploads\\\/2026\\\/05\\\/AllDeynn-Collarose-Raspberry-Wild-Strawberry-300g.webp\",\"contentUrl\":\"https:\\\/\\\/ecosupplements.ch\\\/wp-content\\\/uploads\\\/2026\\\/05\\\/AllDeynn-Collarose-Raspberry-Wild-Strawberry-300g.webp\",\"width\":1000,\"height\":1000,\"caption\":\"AllDeynn Collarose\"},{\"@type\":\"BreadcrumbList\",\"@id\":\"https:\\\/\\\/ecosupplements.ch\\\/?product=alldeynn-collarose-raspberry-wild-strawberry-300g#breadcrumb\",\"itemListElement\":[{\"@type\":\"ListItem\",\"position\":1,\"name\":\"Home\",\"item\":\"https:\\\/\\\/ecosupplements.ch\\\/\"},{\"@type\":\"ListItem\",\"position\":2,\"name\":\"Shop\",\"item\":\"https:\\\/\\\/ecosupplements.ch\\\/?page_id=14\"},{\"@type\":\"ListItem\",\"position\":3,\"name\":\"AllDeynn Collarose, Raspberry Wild Strawberry &#8211; 300g\"}]},{\"@type\":\"WebSite\",\"@id\":\"https:\\\/\\\/ecosupplements.ch\\\/#website\",\"url\":\"https:\\\/\\\/ecosupplements.ch\\\/\",\"name\":\"Eco Supplements\",\"description\":\"\",\"potentialAction\":[{\"@type\":\"SearchAction\",\"target\":{\"@type\":\"EntryPoint\",\"urlTemplate\":\"https:\\\/\\\/ecosupplements.ch\\\/?s={search_term_string}\"},\"query-input\":{\"@type\":\"PropertyValueSpecification\",\"valueRequired\":true,\"valueName\":\"search_term_string\"}}],\"inLanguage\":\"de-CH\"}]}<\/script>\n<meta property=\"product:price:amount\" content=\"29.19\" \/>\n<meta property=\"product:price:currency\" content=\"CHF\" \/>\n<meta property=\"og:availability\" content=\"out of stock\" \/>\n<meta property=\"product:availability\" content=\"out of stock\" \/>\n<meta property=\"product:retailer_item_id\" content=\"5902837737614\" \/>\n<meta property=\"product:condition\" content=\"new\" \/>\n<!-- \/ Yoast SEO plugin. -->","yoast_head_json":{"title":"AllDeynn Collarose Himbeere 300g \u2013 Allnutrition | ecosupplements.ch","description":"Verisol\u00ae-Kollagenpulver mit Vitamin C, Hyalurons\u00e4ure und Biotin \u2013 300 g, ca. 50 Portionen, Himbeer-Walderdbeere-Geschmack. Jetzt bestellen.","robots":{"index":"index","follow":"follow","max-snippet":"max-snippet:-1","max-image-preview":"max-image-preview:large","max-video-preview":"max-video-preview:-1"},"canonical":"https:\/\/ecosupplements.ch\/?product=alldeynn-collarose-raspberry-wild-strawberry-300g","og_locale":"de_DE","og_type":"article","og_title":"AllDeynn Collarose Himbeere 300g \u2013 Allnutrition | ecosupplements.ch","og_description":"Verisol\u00ae-Kollagenpulver mit Vitamin C, Hyalurons\u00e4ure und Biotin \u2013 300 g, ca. 50 Portionen, Himbeer-Walderdbeere-Geschmack. Jetzt bestellen.","og_url":"https:\/\/ecosupplements.ch\/?product=alldeynn-collarose-raspberry-wild-strawberry-300g","og_site_name":"Eco Supplements","article_modified_time":"2026-05-13T07:25:01+00:00","og_image":[{"width":1000,"height":1000,"url":"https:\/\/ecosupplements.ch\/wp-content\/uploads\/2026\/05\/AllDeynn-Collarose-Raspberry-Wild-Strawberry-300g.webp","type":"image\/jpeg"}],"twitter_card":"summary_large_image","twitter_misc":{"Price":"&#67;&#72;&#70;&nbsp;29.19","Availability":"Out of stock"},"schema":{"@context":"https:\/\/schema.org","@graph":[{"@type":"WebPage","@id":"https:\/\/ecosupplements.ch\/?product=alldeynn-collarose-raspberry-wild-strawberry-300g","url":"https:\/\/ecosupplements.ch\/?product=alldeynn-collarose-raspberry-wild-strawberry-300g","name":"AllDeynn Collarose Himbeere 300g \u2013 Allnutrition | ecosupplements.ch","isPartOf":{"@id":"https:\/\/ecosupplements.ch\/#website"},"primaryImageOfPage":{"@id":"https:\/\/ecosupplements.ch\/?product=alldeynn-collarose-raspberry-wild-strawberry-300g#primaryimage"},"image":{"@id":"https:\/\/ecosupplements.ch\/?product=alldeynn-collarose-raspberry-wild-strawberry-300g#primaryimage"},"thumbnailUrl":"https:\/\/ecosupplements.ch\/wp-content\/uploads\/2026\/05\/AllDeynn-Collarose-Raspberry-Wild-Strawberry-300g.webp","datePublished":"2026-05-11T14:28:50+00:00","dateModified":"2026-05-13T07:25:01+00:00","description":"Verisol\u00ae-Kollagenpulver mit Vitamin C, Hyalurons\u00e4ure und Biotin \u2013 300 g, ca. 50 Portionen, Himbeer-Walderdbeere-Geschmack. Jetzt bestellen.","breadcrumb":{"@id":"https:\/\/ecosupplements.ch\/?product=alldeynn-collarose-raspberry-wild-strawberry-300g#breadcrumb"},"inLanguage":"de-CH","potentialAction":[{"@type":"ReadAction","target":["https:\/\/ecosupplements.ch\/?product=alldeynn-collarose-raspberry-wild-strawberry-300g"]}]},{"@type":"ImageObject","inLanguage":"de-CH","@id":"https:\/\/ecosupplements.ch\/?product=alldeynn-collarose-raspberry-wild-strawberry-300g#primaryimage","url":"https:\/\/ecosupplements.ch\/wp-content\/uploads\/2026\/05\/AllDeynn-Collarose-Raspberry-Wild-Strawberry-300g.webp","contentUrl":"https:\/\/ecosupplements.ch\/wp-content\/uploads\/2026\/05\/AllDeynn-Collarose-Raspberry-Wild-Strawberry-300g.webp","width":1000,"height":1000,"caption":"AllDeynn Collarose"},{"@type":"BreadcrumbList","@id":"https:\/\/ecosupplements.ch\/?product=alldeynn-collarose-raspberry-wild-strawberry-300g#breadcrumb","itemListElement":[{"@type":"ListItem","position":1,"name":"Home","item":"https:\/\/ecosupplements.ch\/"},{"@type":"ListItem","position":2,"name":"Shop","item":"https:\/\/ecosupplements.ch\/?page_id=14"},{"@type":"ListItem","position":3,"name":"AllDeynn Collarose, Raspberry Wild Strawberry &#8211; 300g"}]},{"@type":"WebSite","@id":"https:\/\/ecosupplements.ch\/#website","url":"https:\/\/ecosupplements.ch\/","name":"Eco Supplements","description":"","potentialAction":[{"@type":"SearchAction","target":{"@type":"EntryPoint","urlTemplate":"https:\/\/ecosupplements.ch\/?s={search_term_string}"},"query-input":{"@type":"PropertyValueSpecification","valueRequired":true,"valueName":"search_term_string"}}],"inLanguage":"de-CH"}]},"product_price_amount":"29.19","product_price_currency":"CHF","og_availability":"out of stock","product_availability":"out of stock","product_retailer_item_id":"5902837737614","product_condition":"new"},"_links":{"self":[{"href":"https:\/\/ecosupplements.ch\/index.php?rest_route=\/wp\/v2\/product\/1366","targetHints":{"allow":["GET"]}}],"collection":[{"href":"https:\/\/ecosupplements.ch\/index.php?rest_route=\/wp\/v2\/product"}],"about":[{"href":"https:\/\/ecosupplements.ch\/index.php?rest_route=\/wp\/v2\/types\/product"}],"replies":[{"embeddable":true,"href":"https:\/\/ecosupplements.ch\/index.php?rest_route=%2Fwp%2Fv2%2Fcomments&post=1366"}],"wp:featuredmedia":[{"embeddable":true,"href":"https:\/\/ecosupplements.ch\/index.php?rest_route=\/wp\/v2\/media\/1367"}],"wp:attachment":[{"href":"https:\/\/ecosupplements.ch\/index.php?rest_route=%2Fwp%2Fv2%2Fmedia&parent=1366"}],"wp:term":[{"taxonomy":"product_brand","embeddable":true,"href":"https:\/\/ecosupplements.ch\/index.php?rest_route=%2Fwp%2Fv2%2Fproduct_brand&post=1366"},{"taxonomy":"product_cat","embeddable":true,"href":"https:\/\/ecosupplements.ch\/index.php?rest_route=%2Fwp%2Fv2%2Fproduct_cat&post=1366"},{"taxonomy":"product_tag","embeddable":true,"href":"https:\/\/ecosupplements.ch\/index.php?rest_route=%2Fwp%2Fv2%2Fproduct_tag&post=1366"}],"curies":[{"name":"wp","href":"https:\/\/api.w.org\/{rel}","templated":true}]}}