{"id":1369,"date":"2026-05-11T14:28:51","date_gmt":"2026-05-11T14:28:51","guid":{"rendered":"https:\/\/ecosupplements.ch\/?product=alldeynn-hairrose-45-softgels"},"modified":"2026-05-13T07:25:55","modified_gmt":"2026-05-13T07:25:55","slug":"alldeynn-hairrose-45-softgels","status":"publish","type":"product","link":"https:\/\/ecosupplements.ch\/?product=alldeynn-hairrose-45-softgels","title":{"rendered":"AllDeynn Hairrose &#8211; 45 softgels"},"content":{"rendered":"<div class=\"chcg-product-description\">\n<h2 class=\"chcg-heading\">\u00dcber Allnutrition \u2013 AllDeynn Hairrose \u2013 45 Softgels<\/h2>\n<div class=\"chcg-intro\">\n<p>AllDeynn Hairrose von Allnutrition ist ein Nahrungserg\u00e4nzungsmittel in praktischer Softgel-Form, das speziell f\u00fcr Frauen entwickelt wurde, die ihre Haarpflege von innen heraus unterst\u00fctzen m\u00f6chten. Die Formel basiert auf dem einzigartigen Beaulixir-\u00d6lkomplex \u2013 einer sorgf\u00e4ltig zusammengestellten Mischung hochwertiger pflanzlicher \u00d6le, die wertvolle Fetts\u00e4uren und Phytosterole liefert.<\/p>\n<p>Der Beaulixir-\u00d6lkomplex enth\u00e4lt Borretsch\u00f6l, Lein\u00f6l, Weizenkeim\u00f6l, S\u00e4gepalmen\u00f6l sowie Phytosterole aus Kiefernrinde und Roggen\u00f6l. Diese Kombination pflanzlicher \u00d6le versorgt den K\u00f6rper mit essenziellen Fetts\u00e4uren, die zur normalen Erhaltung der Haut beitragen k\u00f6nnen und ein wichtiger Bestandteil einer ausgewogenen Ern\u00e4hrung sind.<\/p>\n<p>Eine Packung AllDeynn Hairrose enth\u00e4lt 45 Softgels und reicht bei regelm\u00e4ssiger Anwendung f\u00fcr 45 Tage. Die Softgels sind einfach einzunehmen und ideal f\u00fcr den t\u00e4glichen Gebrauch geeignet.<\/p>\n<\/p><\/div>\n<div class=\"chcg-nutrition\">\n<h3>N\u00e4hrwertangaben<\/h3>\n<table class=\"chcg-nutrition-table\">\n<thead>\n<tr>\n<th>N\u00e4hrstoff<\/th>\n<th>Pro Portion (1 Softgel)<\/th>\n<\/tr>\n<\/thead>\n<tbody>\n<tr>\n<td>Beaulixir-\u00d6lmischung<\/td>\n<td>600 mg<\/td>\n<\/tr>\n<\/tbody>\n<\/table>\n<p class=\"chcg-footnote\">* Kein festgelegter Tagesreferenzwert vorhanden.<\/p>\n<\/p><\/div>\n<div class=\"chcg-ingredients\">\n<h3>Zutaten<\/h3>\n<p>Beaulixir, eine Mischung aus \u00d6len (Borretsch\u00f6l <em>Borago officinalis<\/em> 25\u201350 %, Lein\u00f6l <em>Linum usitatissimum<\/em> 25\u201350 %, Weizenkeim\u00f6l <em>Triticum vulgare<\/em> 25\u201350 %, S\u00e4gepalmen\u00f6l <em>Serenoa repens<\/em> 10\u201325 %, Kiefernrinden-Phytosterole <em>Pinus<\/em> spp. 0,5\u20135 %, Roggen\u00f6l <em>Secale cereale<\/em> 0,5\u20135 %).<\/p>\n<p class=\"chcg-capsule-shell\">Kapselh\u00fclle: Gelatine, Feuchthaltemittel: Glycerol.<\/p>\n<\/p><\/div>\n<div class=\"chcg-dosage\">\n<h3>Verzehrempfehlung<\/h3>\n<p>Eine Portion des Produkts (1 Softgel) einmal t\u00e4glich einnehmen, vorzugsweise zu einer Mahlzeit, mit viel Wasser hinunterschlucken. Die empfohlene Tagesdosis von 1 Portion (1 Softgel) nicht \u00fcberschreiten. Eine Packung mit 45 Kapseln reicht bei regelm\u00e4ssiger Anwendung f\u00fcr 45 Tage.<\/p>\n<\/p><\/div>\n<div class=\"chcg-warnings\">\n<h3>Warnhinweise<\/h3>\n<p>Nahrungserg\u00e4nzungsmittel. Produkt f\u00fcr Personen \u00fcber 18 Jahre. Mit Zusatz von Pflanzensterolen [0,5\u20135 %]. Der Konsum von Pflanzensterolen in Mengen von mehr als 3 g pro Tag sollte vermieden werden. Nicht einnehmen, wenn Sie gegen einen der Inhaltsstoffe allergisch sind. Nicht empfohlen f\u00fcr Kinder sowie Schwangere und Stillende. Personen, die cholesterinsenkende Medikamente einnehmen, sollten das Produkt nur unter \u00e4rztlicher Aufsicht konsumieren.<\/p>\n<\/p><\/div>\n<div class=\"chcg-allergens\">\n<h3>Allergeninformationen<\/h3>\n<p>Enth\u00e4lt Weizenkeim\u00f6l (<em>Triticum vulgare<\/em>) und Roggen\u00f6l (<em>Secale cereale<\/em>). Nicht einnehmen, wenn Sie gegen einen der Inhaltsstoffe allergisch sind. Keine weitere ausdr\u00fcckliche Allergenkennzeichnung \u00fcber die Zutatenliste hinaus auf der Verpackung angegeben.<\/p>\n<\/p><\/div>\n<div class=\"chcg-storage\">\n<h3>Lagerung<\/h3>\n<p>Ausserhalb der Reichweite von Kindern aufbewahren. An einem trockenen, k\u00fchlen Ort und vor Licht gesch\u00fctzt lagern.<\/p>\n<\/p><\/div>\n<div class=\"chcg-dietary\">\n<h3>Ern\u00e4hrungshinweise<\/h3>\n<ul>\n<li>Laktosefrei<\/li>\n<\/ul><\/div>\n<\/div>\n","protected":false},"excerpt":{"rendered":"<p>AllDeynn Hairrose liefert pro Softgel 600 mg des Beaulixir-\u00d6lkomplexes mit hochwertigen pflanzlichen \u00d6len zur t\u00e4glichen Unterst\u00fctzung von innen. Die Packung mit 45 Softgels reicht f\u00fcr 45 Tage.<\/p>\n","protected":false},"featured_media":1370,"comment_status":"closed","ping_status":"open","template":"","meta":[],"product_brand":[172],"product_cat":[48,25,41],"product_tag":[],"class_list":{"0":"post-1369","1":"product","2":"type-product","3":"status-publish","4":"has-post-thumbnail","6":"product_brand-allnutrition","7":"product_cat-gesunde-ernaehrung","8":"product_cat-gesundheit-und-wohlbefinden","9":"product_cat-haare-und-naegel","11":"first","12":"outofstock","13":"taxable","14":"shipping-taxable","15":"purchasable","16":"product-type-simple"},"yoast_head":"<!-- This site is optimized with the Yoast SEO plugin v27.5 - https:\/\/yoast.com\/product\/yoast-seo-wordpress\/ -->\n<title>AllDeynn Hairrose 45 Softgels \u2013 Allnutrition | ecosupplements.ch<\/title>\n<meta name=\"description\" content=\"AllDeynn Hairrose liefert 600 mg Beaulixir-\u00d6lmischung pro Softgel \u2013 45 Softgels f\u00fcr 45 Tage. Jetzt bestellen.\" \/>\n<meta name=\"robots\" content=\"index, follow, max-snippet:-1, max-image-preview:large, max-video-preview:-1\" \/>\n<link rel=\"canonical\" href=\"https:\/\/ecosupplements.ch\/?product=alldeynn-hairrose-45-softgels\" \/>\n<meta property=\"og:locale\" content=\"de_DE\" \/>\n<meta property=\"og:type\" content=\"article\" \/>\n<meta property=\"og:title\" content=\"AllDeynn Hairrose 45 Softgels \u2013 Allnutrition | ecosupplements.ch\" \/>\n<meta property=\"og:description\" content=\"AllDeynn Hairrose liefert 600 mg Beaulixir-\u00d6lmischung pro Softgel \u2013 45 Softgels f\u00fcr 45 Tage. Jetzt bestellen.\" \/>\n<meta property=\"og:url\" content=\"https:\/\/ecosupplements.ch\/?product=alldeynn-hairrose-45-softgels\" \/>\n<meta property=\"og:site_name\" content=\"Eco Supplements\" \/>\n<meta property=\"article:modified_time\" content=\"2026-05-13T07:25:55+00:00\" \/>\n<meta property=\"og:image\" content=\"https:\/\/ecosupplements.ch\/wp-content\/uploads\/2026\/05\/AllDeynn-Hairrose-45-softgels.jpg\" \/>\n\t<meta property=\"og:image:width\" content=\"720\" \/>\n\t<meta property=\"og:image:height\" content=\"720\" \/>\n\t<meta property=\"og:image:type\" content=\"image\/jpeg\" \/>\n<meta name=\"twitter:card\" content=\"summary_large_image\" \/>\n<meta name=\"twitter:label1\" content=\"Price\" \/>\n\t<meta name=\"twitter:data1\" content=\"&#067;&#072;&#070;&nbsp;24.75\" \/>\n\t<meta name=\"twitter:label2\" content=\"Availability\" \/>\n\t<meta name=\"twitter:data2\" content=\"Out of stock\" \/>\n<script type=\"application\/ld+json\" class=\"yoast-schema-graph\">{\"@context\":\"https:\\\/\\\/schema.org\",\"@graph\":[{\"@type\":\"WebPage\",\"@id\":\"https:\\\/\\\/ecosupplements.ch\\\/?product=alldeynn-hairrose-45-softgels\",\"url\":\"https:\\\/\\\/ecosupplements.ch\\\/?product=alldeynn-hairrose-45-softgels\",\"name\":\"AllDeynn Hairrose 45 Softgels \u2013 Allnutrition | ecosupplements.ch\",\"isPartOf\":{\"@id\":\"https:\\\/\\\/ecosupplements.ch\\\/#website\"},\"primaryImageOfPage\":{\"@id\":\"https:\\\/\\\/ecosupplements.ch\\\/?product=alldeynn-hairrose-45-softgels#primaryimage\"},\"image\":{\"@id\":\"https:\\\/\\\/ecosupplements.ch\\\/?product=alldeynn-hairrose-45-softgels#primaryimage\"},\"thumbnailUrl\":\"https:\\\/\\\/ecosupplements.ch\\\/wp-content\\\/uploads\\\/2026\\\/05\\\/AllDeynn-Hairrose-45-softgels.jpg\",\"datePublished\":\"2026-05-11T14:28:51+00:00\",\"dateModified\":\"2026-05-13T07:25:55+00:00\",\"description\":\"AllDeynn Hairrose liefert 600 mg Beaulixir-\u00d6lmischung pro Softgel \u2013 45 Softgels f\u00fcr 45 Tage. Jetzt bestellen.\",\"breadcrumb\":{\"@id\":\"https:\\\/\\\/ecosupplements.ch\\\/?product=alldeynn-hairrose-45-softgels#breadcrumb\"},\"inLanguage\":\"de-CH\",\"potentialAction\":[{\"@type\":\"ReadAction\",\"target\":[\"https:\\\/\\\/ecosupplements.ch\\\/?product=alldeynn-hairrose-45-softgels\"]}]},{\"@type\":\"ImageObject\",\"inLanguage\":\"de-CH\",\"@id\":\"https:\\\/\\\/ecosupplements.ch\\\/?product=alldeynn-hairrose-45-softgels#primaryimage\",\"url\":\"https:\\\/\\\/ecosupplements.ch\\\/wp-content\\\/uploads\\\/2026\\\/05\\\/AllDeynn-Hairrose-45-softgels.jpg\",\"contentUrl\":\"https:\\\/\\\/ecosupplements.ch\\\/wp-content\\\/uploads\\\/2026\\\/05\\\/AllDeynn-Hairrose-45-softgels.jpg\",\"width\":720,\"height\":720,\"caption\":\"AllDeynn Hairrose - 45 softgels\"},{\"@type\":\"BreadcrumbList\",\"@id\":\"https:\\\/\\\/ecosupplements.ch\\\/?product=alldeynn-hairrose-45-softgels#breadcrumb\",\"itemListElement\":[{\"@type\":\"ListItem\",\"position\":1,\"name\":\"Home\",\"item\":\"https:\\\/\\\/ecosupplements.ch\\\/\"},{\"@type\":\"ListItem\",\"position\":2,\"name\":\"Shop\",\"item\":\"https:\\\/\\\/ecosupplements.ch\\\/?page_id=14\"},{\"@type\":\"ListItem\",\"position\":3,\"name\":\"AllDeynn Hairrose &#8211; 45 softgels\"}]},{\"@type\":\"WebSite\",\"@id\":\"https:\\\/\\\/ecosupplements.ch\\\/#website\",\"url\":\"https:\\\/\\\/ecosupplements.ch\\\/\",\"name\":\"Eco Supplements\",\"description\":\"\",\"potentialAction\":[{\"@type\":\"SearchAction\",\"target\":{\"@type\":\"EntryPoint\",\"urlTemplate\":\"https:\\\/\\\/ecosupplements.ch\\\/?s={search_term_string}\"},\"query-input\":{\"@type\":\"PropertyValueSpecification\",\"valueRequired\":true,\"valueName\":\"search_term_string\"}}],\"inLanguage\":\"de-CH\"}]}<\/script>\n<meta property=\"product:price:amount\" content=\"24.75\" \/>\n<meta property=\"product:price:currency\" content=\"CHF\" \/>\n<meta property=\"og:availability\" content=\"out of stock\" \/>\n<meta property=\"product:availability\" content=\"out of stock\" \/>\n<meta property=\"product:retailer_item_id\" content=\"5902837746562\" \/>\n<meta property=\"product:condition\" content=\"new\" \/>\n<!-- \/ Yoast SEO plugin. -->","yoast_head_json":{"title":"AllDeynn Hairrose 45 Softgels \u2013 Allnutrition | ecosupplements.ch","description":"AllDeynn Hairrose liefert 600 mg Beaulixir-\u00d6lmischung pro Softgel \u2013 45 Softgels f\u00fcr 45 Tage. Jetzt bestellen.","robots":{"index":"index","follow":"follow","max-snippet":"max-snippet:-1","max-image-preview":"max-image-preview:large","max-video-preview":"max-video-preview:-1"},"canonical":"https:\/\/ecosupplements.ch\/?product=alldeynn-hairrose-45-softgels","og_locale":"de_DE","og_type":"article","og_title":"AllDeynn Hairrose 45 Softgels \u2013 Allnutrition | ecosupplements.ch","og_description":"AllDeynn Hairrose liefert 600 mg Beaulixir-\u00d6lmischung pro Softgel \u2013 45 Softgels f\u00fcr 45 Tage. Jetzt bestellen.","og_url":"https:\/\/ecosupplements.ch\/?product=alldeynn-hairrose-45-softgels","og_site_name":"Eco Supplements","article_modified_time":"2026-05-13T07:25:55+00:00","og_image":[{"width":720,"height":720,"url":"https:\/\/ecosupplements.ch\/wp-content\/uploads\/2026\/05\/AllDeynn-Hairrose-45-softgels.jpg","type":"image\/jpeg"}],"twitter_card":"summary_large_image","twitter_misc":{"Price":"&#67;&#72;&#70;&nbsp;24.75","Availability":"Out of stock"},"schema":{"@context":"https:\/\/schema.org","@graph":[{"@type":"WebPage","@id":"https:\/\/ecosupplements.ch\/?product=alldeynn-hairrose-45-softgels","url":"https:\/\/ecosupplements.ch\/?product=alldeynn-hairrose-45-softgels","name":"AllDeynn Hairrose 45 Softgels \u2013 Allnutrition | ecosupplements.ch","isPartOf":{"@id":"https:\/\/ecosupplements.ch\/#website"},"primaryImageOfPage":{"@id":"https:\/\/ecosupplements.ch\/?product=alldeynn-hairrose-45-softgels#primaryimage"},"image":{"@id":"https:\/\/ecosupplements.ch\/?product=alldeynn-hairrose-45-softgels#primaryimage"},"thumbnailUrl":"https:\/\/ecosupplements.ch\/wp-content\/uploads\/2026\/05\/AllDeynn-Hairrose-45-softgels.jpg","datePublished":"2026-05-11T14:28:51+00:00","dateModified":"2026-05-13T07:25:55+00:00","description":"AllDeynn Hairrose liefert 600 mg Beaulixir-\u00d6lmischung pro Softgel \u2013 45 Softgels f\u00fcr 45 Tage. Jetzt bestellen.","breadcrumb":{"@id":"https:\/\/ecosupplements.ch\/?product=alldeynn-hairrose-45-softgels#breadcrumb"},"inLanguage":"de-CH","potentialAction":[{"@type":"ReadAction","target":["https:\/\/ecosupplements.ch\/?product=alldeynn-hairrose-45-softgels"]}]},{"@type":"ImageObject","inLanguage":"de-CH","@id":"https:\/\/ecosupplements.ch\/?product=alldeynn-hairrose-45-softgels#primaryimage","url":"https:\/\/ecosupplements.ch\/wp-content\/uploads\/2026\/05\/AllDeynn-Hairrose-45-softgels.jpg","contentUrl":"https:\/\/ecosupplements.ch\/wp-content\/uploads\/2026\/05\/AllDeynn-Hairrose-45-softgels.jpg","width":720,"height":720,"caption":"AllDeynn Hairrose - 45 softgels"},{"@type":"BreadcrumbList","@id":"https:\/\/ecosupplements.ch\/?product=alldeynn-hairrose-45-softgels#breadcrumb","itemListElement":[{"@type":"ListItem","position":1,"name":"Home","item":"https:\/\/ecosupplements.ch\/"},{"@type":"ListItem","position":2,"name":"Shop","item":"https:\/\/ecosupplements.ch\/?page_id=14"},{"@type":"ListItem","position":3,"name":"AllDeynn Hairrose &#8211; 45 softgels"}]},{"@type":"WebSite","@id":"https:\/\/ecosupplements.ch\/#website","url":"https:\/\/ecosupplements.ch\/","name":"Eco Supplements","description":"","potentialAction":[{"@type":"SearchAction","target":{"@type":"EntryPoint","urlTemplate":"https:\/\/ecosupplements.ch\/?s={search_term_string}"},"query-input":{"@type":"PropertyValueSpecification","valueRequired":true,"valueName":"search_term_string"}}],"inLanguage":"de-CH"}]},"product_price_amount":"24.75","product_price_currency":"CHF","og_availability":"out of stock","product_availability":"out of stock","product_retailer_item_id":"5902837746562","product_condition":"new"},"_links":{"self":[{"href":"https:\/\/ecosupplements.ch\/index.php?rest_route=\/wp\/v2\/product\/1369","targetHints":{"allow":["GET"]}}],"collection":[{"href":"https:\/\/ecosupplements.ch\/index.php?rest_route=\/wp\/v2\/product"}],"about":[{"href":"https:\/\/ecosupplements.ch\/index.php?rest_route=\/wp\/v2\/types\/product"}],"replies":[{"embeddable":true,"href":"https:\/\/ecosupplements.ch\/index.php?rest_route=%2Fwp%2Fv2%2Fcomments&post=1369"}],"wp:featuredmedia":[{"embeddable":true,"href":"https:\/\/ecosupplements.ch\/index.php?rest_route=\/wp\/v2\/media\/1370"}],"wp:attachment":[{"href":"https:\/\/ecosupplements.ch\/index.php?rest_route=%2Fwp%2Fv2%2Fmedia&parent=1369"}],"wp:term":[{"taxonomy":"product_brand","embeddable":true,"href":"https:\/\/ecosupplements.ch\/index.php?rest_route=%2Fwp%2Fv2%2Fproduct_brand&post=1369"},{"taxonomy":"product_cat","embeddable":true,"href":"https:\/\/ecosupplements.ch\/index.php?rest_route=%2Fwp%2Fv2%2Fproduct_cat&post=1369"},{"taxonomy":"product_tag","embeddable":true,"href":"https:\/\/ecosupplements.ch\/index.php?rest_route=%2Fwp%2Fv2%2Fproduct_tag&post=1369"}],"curies":[{"name":"wp","href":"https:\/\/api.w.org\/{rel}","templated":true}]}}