{"id":1373,"date":"2026-05-11T14:28:53","date_gmt":"2026-05-11T14:28:53","guid":{"rendered":"https:\/\/ecosupplements.ch\/?product=ashwagandha-ksm-66-100-tablets"},"modified":"2026-05-13T07:25:01","modified_gmt":"2026-05-13T07:25:01","slug":"ashwagandha-ksm-66-100-tablets","status":"publish","type":"product","link":"https:\/\/ecosupplements.ch\/?product=ashwagandha-ksm-66-100-tablets","title":{"rendered":"Ashwagandha KSM-66 &#8211; 100 tablets"},"content":{"rendered":"<div class=\"chcg-product-description\">\n<h2 class=\"chcg-heading\">\u00dcber Allnutrition \u2013 Ashwagandha KSM-66 \u2013 100 Tabletten<\/h2>\n<div class=\"chcg-intro\">\n<p>Ashwagandha (Withania somnifera) ist eine bew\u00e4hrte Pflanze aus der ayurvedischen Tradition, die heute in der modernen Nahrungserg\u00e4nzung einen festen Platz hat. Allnutrition setzt auf den renommierten KSM-66\u00ae-Extrakt \u2013 einen standardisierten Wurzelextrakt mit einem garantierten Gehalt an Withanoliden, der f\u00fcr seine hohe Reinheit und Bioverf\u00fcgbarkeit bekannt ist.<\/p>\n<p>Jede Tagesportion (\u00bd Tablette) liefert 200 mg KSM-66\u00ae Ashwagandha-Wurzelextrakt mit 10 mg Withanoliden sowie 0,50 mg Piperin aus dem BioPerine\u00ae-Schwarzpfefferextrakt. Piperin kann die Aufnahme pflanzlicher Wirkstoffe im K\u00f6rper unterst\u00fctzen.<\/p>\n<p>Das Produkt ist einfach in der Anwendung: Eine halbe Tablette pro Tag gen\u00fcgt, was die 100 Tabletten zu einem Vorrat f\u00fcr 200 Tage macht. Die kompakte Tablettenform erm\u00f6glicht eine unkomplizierte Integration in den t\u00e4glichen Alltag.<\/p>\n<\/p><\/div>\n<div class=\"chcg-nutrition\">\n<h3>N\u00e4hrwertangaben<\/h3>\n<table class=\"chcg-nutrition-table\">\n<thead>\n<tr>\n<th>N\u00e4hrstoff<\/th>\n<th>Pro Portion (\u00bd Tablette)<\/th>\n<\/tr>\n<\/thead>\n<tbody>\n<tr>\n<td>Withania somnifera-Extrakt<\/td>\n<td>200 mg<\/td>\n<\/tr>\n<tr>\n<td>\u2013 davon Withanolide<\/td>\n<td>10 mg<\/td>\n<\/tr>\n<tr>\n<td>BioPerine\u00ae Schwarzpfefferextrakt<\/td>\n<td>0,53 mg<\/td>\n<\/tr>\n<tr>\n<td>\u2013 davon Piperin<\/td>\n<td>0,50 mg<\/td>\n<\/tr>\n<\/tbody>\n<\/table>\n<p class=\"chcg-footnote\">* Kein festgelegter Tagesreferenzwert.<\/p>\n<\/p><\/div>\n<div class=\"chcg-ingredients\">\n<h3>Zutaten<\/h3>\n<p>KSM-66\u00ae Withania somnifera-Wurzelextrakt, F\u00fcllstoff: mikrokristalline Cellulose, Trennmittel: Siliciumdioxid, Magnesiumsalze von Fetts\u00e4uren, BioPerine\u00ae Schwarzpfefferfruchtextrakt.<\/p>\n<\/p><\/div>\n<div class=\"chcg-dosage\">\n<h3>Verzehrempfehlung<\/h3>\n<p>Eine Portion (\u00bd Tablette) einmal t\u00e4glich einnehmen und mit Wasser herunterschlucken. Die empfohlene Tagesdosis von 1 Portion (\u00bd Tablette) nicht \u00fcberschreiten.<\/p>\n<\/p><\/div>\n<div class=\"chcg-warnings\">\n<h3>Warnhinweise<\/h3>\n<p>Nahrungserg\u00e4nzungsmittel. Das Produkt ist f\u00fcr Personen \u00fcber 18 Jahre bestimmt. Nicht verwenden, wenn Sie gegen einen der Inhaltsstoffe allergisch sind. Das Produkt sollte nicht in Kombination mit Beruhigungsmitteln, Schlafmitteln oder Antiepileptika eingenommen werden. Nicht f\u00fcr Kinder, schwangere oder stillende Frauen geeignet. Die empfohlene Tagesdosis nicht \u00fcberschreiten. Nahrungserg\u00e4nzungsmittel sind kein Ersatz f\u00fcr eine abwechslungsreiche Ern\u00e4hrung. Eine ausgewogene Ern\u00e4hrung und eine gesunde Lebensweise werden empfohlen.<\/p>\n<\/p><\/div>\n<div class=\"chcg-allergens\">\n<h3>Allergeninformationen<\/h3>\n<p>Kann Spuren von Getreide mit Gluten, Milch, Soja, Eiern und daraus gewonnenen Erzeugnissen enthalten.<\/p>\n<\/p><\/div>\n<div class=\"chcg-storage\">\n<h3>Lagerung<\/h3>\n<p>An einem k\u00fchlen und trockenen Ort lagern, ausserhalb der Reichweite von Kleinkindern aufbewahren. Verpackung nach Gebrauch stets verschliessen.<\/p>\n<\/p><\/div>\n<\/div>\n","protected":false},"excerpt":{"rendered":"<p>Ashwagandha KSM-66\u00ae von Allnutrition liefert 200 mg standardisierten Wurzelextrakt pro Portion, erg\u00e4nzt mit BioPerine\u00ae. 100 Tabletten f\u00fcr 200 Tage \u2013 einfach und praktisch in der t\u00e4glichen Anwendung.<\/p>\n","protected":false},"featured_media":1374,"comment_status":"closed","ping_status":"open","template":"","meta":[],"product_brand":[172],"product_cat":[48,25],"product_tag":[],"class_list":{"0":"post-1373","1":"product","2":"type-product","3":"status-publish","4":"has-post-thumbnail","6":"product_brand-allnutrition","7":"product_cat-gesunde-ernaehrung","8":"product_cat-gesundheit-und-wohlbefinden","10":"first","11":"outofstock","12":"taxable","13":"shipping-taxable","14":"purchasable","15":"product-type-simple"},"yoast_head":"<!-- This site is optimized with the Yoast SEO plugin v27.5 - https:\/\/yoast.com\/product\/yoast-seo-wordpress\/ -->\n<title>Ashwagandha KSM-66 100 Tabletten \u2013 Allnutrition | ecosupplements.ch<\/title>\n<meta name=\"description\" content=\"Allnutrition Ashwagandha KSM-66\u00ae mit 200 mg Wurzelextrakt und BioPerine\u00ae \u2013 100 Tabletten f\u00fcr 200 Tage. Jetzt bestellen.\" \/>\n<meta name=\"robots\" content=\"index, follow, max-snippet:-1, max-image-preview:large, max-video-preview:-1\" \/>\n<link rel=\"canonical\" href=\"https:\/\/ecosupplements.ch\/?product=ashwagandha-ksm-66-100-tablets\" \/>\n<meta property=\"og:locale\" content=\"de_DE\" \/>\n<meta property=\"og:type\" content=\"article\" \/>\n<meta property=\"og:title\" content=\"Ashwagandha KSM-66 100 Tabletten \u2013 Allnutrition | ecosupplements.ch\" \/>\n<meta property=\"og:description\" content=\"Allnutrition Ashwagandha KSM-66\u00ae mit 200 mg Wurzelextrakt und BioPerine\u00ae \u2013 100 Tabletten f\u00fcr 200 Tage. Jetzt bestellen.\" \/>\n<meta property=\"og:url\" content=\"https:\/\/ecosupplements.ch\/?product=ashwagandha-ksm-66-100-tablets\" \/>\n<meta property=\"og:site_name\" content=\"Eco Supplements\" \/>\n<meta property=\"article:modified_time\" content=\"2026-05-13T07:25:01+00:00\" \/>\n<meta property=\"og:image\" content=\"https:\/\/ecosupplements.ch\/wp-content\/uploads\/2026\/05\/Ashwagandha-KSM-66-100-tablets.jpg\" \/>\n\t<meta property=\"og:image:width\" content=\"500\" \/>\n\t<meta property=\"og:image:height\" content=\"500\" \/>\n\t<meta property=\"og:image:type\" content=\"image\/jpeg\" \/>\n<meta name=\"twitter:card\" content=\"summary_large_image\" \/>\n<meta name=\"twitter:label1\" content=\"Price\" \/>\n\t<meta name=\"twitter:data1\" content=\"&#067;&#072;&#070;&nbsp;13.93\" \/>\n\t<meta name=\"twitter:label2\" content=\"Availability\" \/>\n\t<meta name=\"twitter:data2\" content=\"Out of stock\" \/>\n<script type=\"application\/ld+json\" class=\"yoast-schema-graph\">{\"@context\":\"https:\\\/\\\/schema.org\",\"@graph\":[{\"@type\":\"WebPage\",\"@id\":\"https:\\\/\\\/ecosupplements.ch\\\/?product=ashwagandha-ksm-66-100-tablets\",\"url\":\"https:\\\/\\\/ecosupplements.ch\\\/?product=ashwagandha-ksm-66-100-tablets\",\"name\":\"Ashwagandha KSM-66 100 Tabletten \u2013 Allnutrition | ecosupplements.ch\",\"isPartOf\":{\"@id\":\"https:\\\/\\\/ecosupplements.ch\\\/#website\"},\"primaryImageOfPage\":{\"@id\":\"https:\\\/\\\/ecosupplements.ch\\\/?product=ashwagandha-ksm-66-100-tablets#primaryimage\"},\"image\":{\"@id\":\"https:\\\/\\\/ecosupplements.ch\\\/?product=ashwagandha-ksm-66-100-tablets#primaryimage\"},\"thumbnailUrl\":\"https:\\\/\\\/ecosupplements.ch\\\/wp-content\\\/uploads\\\/2026\\\/05\\\/Ashwagandha-KSM-66-100-tablets.jpg\",\"datePublished\":\"2026-05-11T14:28:53+00:00\",\"dateModified\":\"2026-05-13T07:25:01+00:00\",\"description\":\"Allnutrition Ashwagandha KSM-66\u00ae mit 200 mg Wurzelextrakt und BioPerine\u00ae \u2013 100 Tabletten f\u00fcr 200 Tage. Jetzt bestellen.\",\"breadcrumb\":{\"@id\":\"https:\\\/\\\/ecosupplements.ch\\\/?product=ashwagandha-ksm-66-100-tablets#breadcrumb\"},\"inLanguage\":\"de-CH\",\"potentialAction\":[{\"@type\":\"ReadAction\",\"target\":[\"https:\\\/\\\/ecosupplements.ch\\\/?product=ashwagandha-ksm-66-100-tablets\"]}]},{\"@type\":\"ImageObject\",\"inLanguage\":\"de-CH\",\"@id\":\"https:\\\/\\\/ecosupplements.ch\\\/?product=ashwagandha-ksm-66-100-tablets#primaryimage\",\"url\":\"https:\\\/\\\/ecosupplements.ch\\\/wp-content\\\/uploads\\\/2026\\\/05\\\/Ashwagandha-KSM-66-100-tablets.jpg\",\"contentUrl\":\"https:\\\/\\\/ecosupplements.ch\\\/wp-content\\\/uploads\\\/2026\\\/05\\\/Ashwagandha-KSM-66-100-tablets.jpg\",\"width\":500,\"height\":500,\"caption\":\"Ashwagandha KSM-66 - 100 tablets\"},{\"@type\":\"BreadcrumbList\",\"@id\":\"https:\\\/\\\/ecosupplements.ch\\\/?product=ashwagandha-ksm-66-100-tablets#breadcrumb\",\"itemListElement\":[{\"@type\":\"ListItem\",\"position\":1,\"name\":\"Home\",\"item\":\"https:\\\/\\\/ecosupplements.ch\\\/\"},{\"@type\":\"ListItem\",\"position\":2,\"name\":\"Shop\",\"item\":\"https:\\\/\\\/ecosupplements.ch\\\/?page_id=14\"},{\"@type\":\"ListItem\",\"position\":3,\"name\":\"Ashwagandha KSM-66 &#8211; 100 tablets\"}]},{\"@type\":\"WebSite\",\"@id\":\"https:\\\/\\\/ecosupplements.ch\\\/#website\",\"url\":\"https:\\\/\\\/ecosupplements.ch\\\/\",\"name\":\"Eco Supplements\",\"description\":\"\",\"potentialAction\":[{\"@type\":\"SearchAction\",\"target\":{\"@type\":\"EntryPoint\",\"urlTemplate\":\"https:\\\/\\\/ecosupplements.ch\\\/?s={search_term_string}\"},\"query-input\":{\"@type\":\"PropertyValueSpecification\",\"valueRequired\":true,\"valueName\":\"search_term_string\"}}],\"inLanguage\":\"de-CH\"}]}<\/script>\n<meta property=\"product:price:amount\" content=\"13.93\" \/>\n<meta property=\"product:price:currency\" content=\"CHF\" \/>\n<meta property=\"og:availability\" content=\"out of stock\" \/>\n<meta property=\"product:availability\" content=\"out of stock\" \/>\n<meta property=\"product:retailer_item_id\" content=\"5902837746883\" \/>\n<meta property=\"product:condition\" content=\"new\" \/>\n<!-- \/ Yoast SEO plugin. -->","yoast_head_json":{"title":"Ashwagandha KSM-66 100 Tabletten \u2013 Allnutrition | ecosupplements.ch","description":"Allnutrition Ashwagandha KSM-66\u00ae mit 200 mg Wurzelextrakt und BioPerine\u00ae \u2013 100 Tabletten f\u00fcr 200 Tage. Jetzt bestellen.","robots":{"index":"index","follow":"follow","max-snippet":"max-snippet:-1","max-image-preview":"max-image-preview:large","max-video-preview":"max-video-preview:-1"},"canonical":"https:\/\/ecosupplements.ch\/?product=ashwagandha-ksm-66-100-tablets","og_locale":"de_DE","og_type":"article","og_title":"Ashwagandha KSM-66 100 Tabletten \u2013 Allnutrition | ecosupplements.ch","og_description":"Allnutrition Ashwagandha KSM-66\u00ae mit 200 mg Wurzelextrakt und BioPerine\u00ae \u2013 100 Tabletten f\u00fcr 200 Tage. Jetzt bestellen.","og_url":"https:\/\/ecosupplements.ch\/?product=ashwagandha-ksm-66-100-tablets","og_site_name":"Eco Supplements","article_modified_time":"2026-05-13T07:25:01+00:00","og_image":[{"width":500,"height":500,"url":"https:\/\/ecosupplements.ch\/wp-content\/uploads\/2026\/05\/Ashwagandha-KSM-66-100-tablets.jpg","type":"image\/jpeg"}],"twitter_card":"summary_large_image","twitter_misc":{"Price":"&#67;&#72;&#70;&nbsp;13.93","Availability":"Out of stock"},"schema":{"@context":"https:\/\/schema.org","@graph":[{"@type":"WebPage","@id":"https:\/\/ecosupplements.ch\/?product=ashwagandha-ksm-66-100-tablets","url":"https:\/\/ecosupplements.ch\/?product=ashwagandha-ksm-66-100-tablets","name":"Ashwagandha KSM-66 100 Tabletten \u2013 Allnutrition | ecosupplements.ch","isPartOf":{"@id":"https:\/\/ecosupplements.ch\/#website"},"primaryImageOfPage":{"@id":"https:\/\/ecosupplements.ch\/?product=ashwagandha-ksm-66-100-tablets#primaryimage"},"image":{"@id":"https:\/\/ecosupplements.ch\/?product=ashwagandha-ksm-66-100-tablets#primaryimage"},"thumbnailUrl":"https:\/\/ecosupplements.ch\/wp-content\/uploads\/2026\/05\/Ashwagandha-KSM-66-100-tablets.jpg","datePublished":"2026-05-11T14:28:53+00:00","dateModified":"2026-05-13T07:25:01+00:00","description":"Allnutrition Ashwagandha KSM-66\u00ae mit 200 mg Wurzelextrakt und BioPerine\u00ae \u2013 100 Tabletten f\u00fcr 200 Tage. Jetzt bestellen.","breadcrumb":{"@id":"https:\/\/ecosupplements.ch\/?product=ashwagandha-ksm-66-100-tablets#breadcrumb"},"inLanguage":"de-CH","potentialAction":[{"@type":"ReadAction","target":["https:\/\/ecosupplements.ch\/?product=ashwagandha-ksm-66-100-tablets"]}]},{"@type":"ImageObject","inLanguage":"de-CH","@id":"https:\/\/ecosupplements.ch\/?product=ashwagandha-ksm-66-100-tablets#primaryimage","url":"https:\/\/ecosupplements.ch\/wp-content\/uploads\/2026\/05\/Ashwagandha-KSM-66-100-tablets.jpg","contentUrl":"https:\/\/ecosupplements.ch\/wp-content\/uploads\/2026\/05\/Ashwagandha-KSM-66-100-tablets.jpg","width":500,"height":500,"caption":"Ashwagandha KSM-66 - 100 tablets"},{"@type":"BreadcrumbList","@id":"https:\/\/ecosupplements.ch\/?product=ashwagandha-ksm-66-100-tablets#breadcrumb","itemListElement":[{"@type":"ListItem","position":1,"name":"Home","item":"https:\/\/ecosupplements.ch\/"},{"@type":"ListItem","position":2,"name":"Shop","item":"https:\/\/ecosupplements.ch\/?page_id=14"},{"@type":"ListItem","position":3,"name":"Ashwagandha KSM-66 &#8211; 100 tablets"}]},{"@type":"WebSite","@id":"https:\/\/ecosupplements.ch\/#website","url":"https:\/\/ecosupplements.ch\/","name":"Eco Supplements","description":"","potentialAction":[{"@type":"SearchAction","target":{"@type":"EntryPoint","urlTemplate":"https:\/\/ecosupplements.ch\/?s={search_term_string}"},"query-input":{"@type":"PropertyValueSpecification","valueRequired":true,"valueName":"search_term_string"}}],"inLanguage":"de-CH"}]},"product_price_amount":"13.93","product_price_currency":"CHF","og_availability":"out of stock","product_availability":"out of stock","product_retailer_item_id":"5902837746883","product_condition":"new"},"_links":{"self":[{"href":"https:\/\/ecosupplements.ch\/index.php?rest_route=\/wp\/v2\/product\/1373","targetHints":{"allow":["GET"]}}],"collection":[{"href":"https:\/\/ecosupplements.ch\/index.php?rest_route=\/wp\/v2\/product"}],"about":[{"href":"https:\/\/ecosupplements.ch\/index.php?rest_route=\/wp\/v2\/types\/product"}],"replies":[{"embeddable":true,"href":"https:\/\/ecosupplements.ch\/index.php?rest_route=%2Fwp%2Fv2%2Fcomments&post=1373"}],"wp:featuredmedia":[{"embeddable":true,"href":"https:\/\/ecosupplements.ch\/index.php?rest_route=\/wp\/v2\/media\/1374"}],"wp:attachment":[{"href":"https:\/\/ecosupplements.ch\/index.php?rest_route=%2Fwp%2Fv2%2Fmedia&parent=1373"}],"wp:term":[{"taxonomy":"product_brand","embeddable":true,"href":"https:\/\/ecosupplements.ch\/index.php?rest_route=%2Fwp%2Fv2%2Fproduct_brand&post=1373"},{"taxonomy":"product_cat","embeddable":true,"href":"https:\/\/ecosupplements.ch\/index.php?rest_route=%2Fwp%2Fv2%2Fproduct_cat&post=1373"},{"taxonomy":"product_tag","embeddable":true,"href":"https:\/\/ecosupplements.ch\/index.php?rest_route=%2Fwp%2Fv2%2Fproduct_tag&post=1373"}],"curies":[{"name":"wp","href":"https:\/\/api.w.org\/{rel}","templated":true}]}}