{"id":1382,"date":"2026-05-11T14:28:57","date_gmt":"2026-05-11T14:28:57","guid":{"rendered":"https:\/\/ecosupplements.ch\/?product=burn4all-extreme-120-caps-ean-5902837754482"},"modified":"2026-05-12T17:58:45","modified_gmt":"2026-05-12T17:58:45","slug":"burn4all-extreme-120-caps-ean-5902837754482","status":"publish","type":"product","link":"https:\/\/ecosupplements.ch\/?product=burn4all-extreme-120-caps-ean-5902837754482","title":{"rendered":"Burn4ALL Extreme &#8211; 120 caps (EAN 5902837754482)"},"content":{"rendered":"<div class=\"chcg-product-description\">\n<h2 class=\"chcg-heading\">\u00dcber Allnutrition \u2013 Burn4ALL Extreme \u2013 120 Kapseln<\/h2>\n<div class=\"chcg-intro\">\n<p>Burn4ALL Extreme von Allnutrition ist ein hochwertig formuliertes Nahrungserg\u00e4nzungsmittel in Kapselform, das speziell f\u00fcr aktive Personen entwickelt wurde, die ihre t\u00e4gliche Routine mit einem gezielten N\u00e4hrstoffkomplex unterst\u00fctzen m\u00f6chten. Die Formel kombiniert bew\u00e4hrte Pflanzenextrakte wie Bitterorangenschalenextrakt (Citrus aurantium), Gr\u00fcnteeextrakt (Camellia sinensis) und Gr\u00fcnkaffeebohnenextrakt (Coffea arabica) mit Koffein und N-Acetyl-L-Tyrosin \u2013 allesamt sorgf\u00e4ltig dosiert f\u00fcr eine pr\u00e4zise und bequeme t\u00e4gliche Einnahme.<\/p>\n<p>Jede Tagesdosis von 3 Kapseln liefert unter anderem 90 mg Vitamin C aus Bitterorangenschalenextrakt, was 112 % des empfohlenen Tagesbedarfs entspricht. Vitamin C tr\u00e4gt zur normalen Funktion des Immunsystems und zur Verringerung von M\u00fcdigkeit und Ersch\u00f6pfung bei. Erg\u00e4nzt wird die Formel durch Capsicum-annuum-Fruchtextrakt und Kakaobohnenextrakt (Theobroma cacao), der nat\u00fcrliches Theobromin enth\u00e4lt.<\/p>\n<p>Burn4ALL Extreme enth\u00e4lt 150 mg Koffein pro Tagesdosis und ist ideal f\u00fcr sportlich aktive Erwachsene, die ein Nahrungserg\u00e4nzungsmittel suchen, das sich problemlos in ihren Trainingsalltag integrieren l\u00e4sst. Die praktische Kapselform macht die Einnahme einfach und unkompliziert \u2013 ohne Abwiegen oder Mischen.<\/p>\n<\/p><\/div>\n<div class=\"chcg-nutrition\">\n<h3>N\u00e4hrwertangaben<\/h3>\n<table class=\"chcg-nutrition-table\">\n<thead>\n<tr>\n<th>N\u00e4hrstoff<\/th>\n<th>Pro Portion (3 Kapseln)<\/th>\n<\/tr>\n<\/thead>\n<tbody>\n<tr>\n<td>Bitterorangenschalenextrakt (Citrus aurantium)<\/td>\n<td>225 mg<\/td>\n<\/tr>\n<tr>\n<td>\u2013 davon Vitamin C<\/td>\n<td>90 mg (112 % NRV)<\/td>\n<\/tr>\n<tr>\n<td>\u2013 davon Synephrin<\/td>\n<td>0,57 mg<\/td>\n<\/tr>\n<tr>\n<td>Gr\u00fcnteeblattextrakt (Camellia sinensis)<\/td>\n<td>225 mg<\/td>\n<\/tr>\n<tr>\n<td>\u2013 davon EGCG<\/td>\n<td>2,25 mg<\/td>\n<\/tr>\n<tr>\n<td>Koffein (wasserfrei)<\/td>\n<td>150 mg<\/td>\n<\/tr>\n<tr>\n<td>N-Acetyl-L-Tyrosin<\/td>\n<td>92,40 mg<\/td>\n<\/tr>\n<tr>\n<td>Gr\u00fcnkaffeebohnenextrakt (Coffea arabica)<\/td>\n<td>75 mg<\/td>\n<\/tr>\n<tr>\n<td>\u2013 davon Chlorogens\u00e4uren<\/td>\n<td>37,50 mg<\/td>\n<\/tr>\n<tr>\n<td>Capsicum-annuum-Fruchtextrakt<\/td>\n<td>45 mg<\/td>\n<\/tr>\n<tr>\n<td>Kakaobohnenextrakt (Theobroma cacao)<\/td>\n<td>21,42 mg<\/td>\n<\/tr>\n<tr>\n<td>\u2013 davon Theobromin<\/td>\n<td>1,50 mg<\/td>\n<\/tr>\n<\/tbody>\n<\/table>\n<p class=\"chcg-footnote\">NRV = Referenzwert f\u00fcr die N\u00e4hrstoffzufuhr (Nutrient Reference Value)<\/p>\n<p class=\"chcg-footnote\">* Kein festgelegter Tagesreferenzwert vorhanden.<\/p>\n<\/p><\/div>\n<div class=\"chcg-ingredients\">\n<h3>Zutaten<\/h3>\n<p>Bitterorangenschalenextrakt (Citrus aurantium) standardisiert auf 40 % Vitamin C und 0,25 % Synephrin, Gr\u00fcnteeblattextrakt (4:1) (Camellia sinensis), F\u00fcllstoff: mikrokristalline Cellulose, Koffein (wasserfrei), N-Acetyl-L-Tyrosin, Gr\u00fcnkaffeebohnenextrakt (Coffea arabica) standardisiert auf 50 % Chlorogens\u00e4uren, Jahrespfefferfr\u00fcchteextrakt (Capsicum annuum) 4:1, F\u00fcllstoff: Magnesiumsalze von Fetts\u00e4uren, Kakaobohnenextrakt (Theobroma cacao) standardisiert auf 7 % Theobromin.<\/p>\n<p class=\"chcg-capsule-shell\">Kapselh\u00fclle: Gelatine<\/p>\n<\/p><\/div>\n<div class=\"chcg-dosage\">\n<h3>Verzehrempfehlung<\/h3>\n<p>3 Kapseln mit Wasser rund um das Training einnehmen, oder an Ruhetagen vor 18:00 Uhr. Empfohlene Tagesdosis: jede Kapsel einzeln schlucken. 3 Kapseln pro Tag nicht \u00fcberschreiten.<\/p>\n<\/p><\/div>\n<div class=\"chcg-warnings\">\n<h3>Warnhinweise<\/h3>\n<p>Dieses Produkt ist f\u00fcr Personen \u00fcber 18 Jahre bestimmt. Nicht einnehmen bei einer Allergie gegen einen der Inhaltsstoffe. Die empfohlene Tagesdosis nicht \u00fcberschreiten. Nahrungserg\u00e4nzungsmittel sind kein Ersatz f\u00fcr eine abwechslungsreiche Ern\u00e4hrung. Eine ausgewogene Ern\u00e4hrung und eine gesunde Lebensweise werden empfohlen. Enth\u00e4lt Koffein; nicht empfohlen f\u00fcr Kinder sowie schwangere oder stillende Frauen; nicht zusammen mit anderen Produkten einnehmen, die Koffein oder andere Inhaltsstoffe mit \u00e4hnlicher Wirkung enthalten. Hoher Vitamin-C-Gehalt \u2013 nicht geeignet f\u00fcr Personen mit Neigung zu Nierensteinen oder die an Nierensteinen leiden. Nicht verwenden bei Nierensteinen. Nicht empfohlen f\u00fcr Personen mit Herzproblemen. Verpackung nach Gebrauch stets verschliessen.<\/p>\n<\/p><\/div>\n<div class=\"chcg-allergens\">\n<h3>Allergeninformationen<\/h3>\n<p>Auf der Etikette sind keine Allergene explizit deklariert. Enth\u00e4lt Koffein (150 mg pro Tagesdosis). Hergestellt von SFD S.A.; Hinweise zu Kreuzkontaminationsrisiken sind nicht angegeben.<\/p>\n<\/p><\/div>\n<div class=\"chcg-storage\">\n<h3>Lagerung<\/h3>\n<p>Ausserhalb der Reichweite von Kleinkindern aufbewahren, bei einer Temperatur unter 25 \u00b0C. Vor Sonnenlicht und Feuchtigkeit sch\u00fctzen.<\/p>\n<\/p><\/div>\n<\/div>\n","protected":false},"excerpt":{"rendered":"<p>Burn4ALL Extreme von Allnutrition kombiniert Pflanzenextrakte, Koffein und Vitamin C in praktischen Kapseln. Das Produkt enth\u00e4lt 150 mg Koffein und 90 mg Vitamin C pro Tagesdosis. Packungsinhalt: 120 Kapseln.<\/p>\n","protected":false},"featured_media":1383,"comment_status":"closed","ping_status":"open","template":"","meta":[],"product_brand":[172],"product_cat":[15],"product_tag":[],"class_list":{"0":"post-1382","1":"product","2":"type-product","3":"status-publish","4":"has-post-thumbnail","6":"product_brand-allnutrition","7":"product_cat-uncategorized","9":"first","10":"outofstock","11":"taxable","12":"shipping-taxable","13":"purchasable","14":"product-type-simple"},"yoast_head":"<!-- This site is optimized with the Yoast SEO plugin v27.5 - https:\/\/yoast.com\/product\/yoast-seo-wordpress\/ -->\n<title>Burn4ALL Extreme 120 Kapseln \u2013 Allnutrition | ecosupplements.ch<\/title>\n<meta name=\"description\" content=\"Burn4ALL Extreme liefert Pflanzenextrakte, 150 mg Koffein und 112 % NRV Vitamin C pro Tagesdosis \u2013 120 Kapseln von Allnutrition. Jetzt bestellen.\" \/>\n<meta name=\"robots\" content=\"index, follow, max-snippet:-1, max-image-preview:large, max-video-preview:-1\" \/>\n<link rel=\"canonical\" href=\"https:\/\/ecosupplements.ch\/?product=burn4all-extreme-120-caps-ean-5902837754482\" \/>\n<meta property=\"og:locale\" content=\"de_DE\" \/>\n<meta property=\"og:type\" content=\"article\" \/>\n<meta property=\"og:title\" content=\"Burn4ALL Extreme 120 Kapseln \u2013 Allnutrition | ecosupplements.ch\" \/>\n<meta property=\"og:description\" content=\"Burn4ALL Extreme liefert Pflanzenextrakte, 150 mg Koffein und 112 % NRV Vitamin C pro Tagesdosis \u2013 120 Kapseln von Allnutrition. Jetzt bestellen.\" \/>\n<meta property=\"og:url\" content=\"https:\/\/ecosupplements.ch\/?product=burn4all-extreme-120-caps-ean-5902837754482\" \/>\n<meta property=\"og:site_name\" content=\"Eco Supplements\" \/>\n<meta property=\"article:modified_time\" content=\"2026-05-12T17:58:45+00:00\" \/>\n<meta property=\"og:image\" content=\"https:\/\/ecosupplements.ch\/wp-content\/uploads\/2026\/05\/Burn4ALL-Extreme-120-caps-EAN-5902837754482.webp\" \/>\n\t<meta property=\"og:image:width\" content=\"1000\" \/>\n\t<meta property=\"og:image:height\" content=\"1000\" \/>\n\t<meta property=\"og:image:type\" content=\"image\/jpeg\" \/>\n<meta name=\"twitter:card\" content=\"summary_large_image\" \/>\n<meta name=\"twitter:label1\" content=\"Price\" \/>\n\t<meta name=\"twitter:data1\" content=\"&#067;&#072;&#070;&nbsp;7.73\" \/>\n\t<meta name=\"twitter:label2\" content=\"Availability\" \/>\n\t<meta name=\"twitter:data2\" content=\"Out of stock\" \/>\n<script type=\"application\/ld+json\" class=\"yoast-schema-graph\">{\"@context\":\"https:\\\/\\\/schema.org\",\"@graph\":[{\"@type\":\"WebPage\",\"@id\":\"https:\\\/\\\/ecosupplements.ch\\\/?product=burn4all-extreme-120-caps-ean-5902837754482\",\"url\":\"https:\\\/\\\/ecosupplements.ch\\\/?product=burn4all-extreme-120-caps-ean-5902837754482\",\"name\":\"Burn4ALL Extreme 120 Kapseln \u2013 Allnutrition | ecosupplements.ch\",\"isPartOf\":{\"@id\":\"https:\\\/\\\/ecosupplements.ch\\\/#website\"},\"primaryImageOfPage\":{\"@id\":\"https:\\\/\\\/ecosupplements.ch\\\/?product=burn4all-extreme-120-caps-ean-5902837754482#primaryimage\"},\"image\":{\"@id\":\"https:\\\/\\\/ecosupplements.ch\\\/?product=burn4all-extreme-120-caps-ean-5902837754482#primaryimage\"},\"thumbnailUrl\":\"https:\\\/\\\/ecosupplements.ch\\\/wp-content\\\/uploads\\\/2026\\\/05\\\/Burn4ALL-Extreme-120-caps-EAN-5902837754482.webp\",\"datePublished\":\"2026-05-11T14:28:57+00:00\",\"dateModified\":\"2026-05-12T17:58:45+00:00\",\"description\":\"Burn4ALL Extreme liefert Pflanzenextrakte, 150 mg Koffein und 112 % NRV Vitamin C pro Tagesdosis \u2013 120 Kapseln von Allnutrition. Jetzt bestellen.\",\"breadcrumb\":{\"@id\":\"https:\\\/\\\/ecosupplements.ch\\\/?product=burn4all-extreme-120-caps-ean-5902837754482#breadcrumb\"},\"inLanguage\":\"de-CH\",\"potentialAction\":[{\"@type\":\"ReadAction\",\"target\":[\"https:\\\/\\\/ecosupplements.ch\\\/?product=burn4all-extreme-120-caps-ean-5902837754482\"]}]},{\"@type\":\"ImageObject\",\"inLanguage\":\"de-CH\",\"@id\":\"https:\\\/\\\/ecosupplements.ch\\\/?product=burn4all-extreme-120-caps-ean-5902837754482#primaryimage\",\"url\":\"https:\\\/\\\/ecosupplements.ch\\\/wp-content\\\/uploads\\\/2026\\\/05\\\/Burn4ALL-Extreme-120-caps-EAN-5902837754482.webp\",\"contentUrl\":\"https:\\\/\\\/ecosupplements.ch\\\/wp-content\\\/uploads\\\/2026\\\/05\\\/Burn4ALL-Extreme-120-caps-EAN-5902837754482.webp\",\"width\":1000,\"height\":1000,\"caption\":\"Burn4ALL Extreme - 120 caps (EAN 5902837754482)\"},{\"@type\":\"BreadcrumbList\",\"@id\":\"https:\\\/\\\/ecosupplements.ch\\\/?product=burn4all-extreme-120-caps-ean-5902837754482#breadcrumb\",\"itemListElement\":[{\"@type\":\"ListItem\",\"position\":1,\"name\":\"Home\",\"item\":\"https:\\\/\\\/ecosupplements.ch\\\/\"},{\"@type\":\"ListItem\",\"position\":2,\"name\":\"Shop\",\"item\":\"https:\\\/\\\/ecosupplements.ch\\\/?page_id=14\"},{\"@type\":\"ListItem\",\"position\":3,\"name\":\"Burn4ALL Extreme &#8211; 120 caps (EAN 5902837754482)\"}]},{\"@type\":\"WebSite\",\"@id\":\"https:\\\/\\\/ecosupplements.ch\\\/#website\",\"url\":\"https:\\\/\\\/ecosupplements.ch\\\/\",\"name\":\"Eco Supplements\",\"description\":\"\",\"potentialAction\":[{\"@type\":\"SearchAction\",\"target\":{\"@type\":\"EntryPoint\",\"urlTemplate\":\"https:\\\/\\\/ecosupplements.ch\\\/?s={search_term_string}\"},\"query-input\":{\"@type\":\"PropertyValueSpecification\",\"valueRequired\":true,\"valueName\":\"search_term_string\"}}],\"inLanguage\":\"de-CH\"}]}<\/script>\n<meta property=\"product:price:amount\" content=\"7.73\" \/>\n<meta property=\"product:price:currency\" content=\"CHF\" \/>\n<meta property=\"og:availability\" content=\"out of stock\" \/>\n<meta property=\"product:availability\" content=\"out of stock\" \/>\n<meta property=\"product:retailer_item_id\" content=\"5902837754482\" \/>\n<meta property=\"product:condition\" content=\"new\" \/>\n<!-- \/ Yoast SEO plugin. -->","yoast_head_json":{"title":"Burn4ALL Extreme 120 Kapseln \u2013 Allnutrition | ecosupplements.ch","description":"Burn4ALL Extreme liefert Pflanzenextrakte, 150 mg Koffein und 112 % NRV Vitamin C pro Tagesdosis \u2013 120 Kapseln von Allnutrition. Jetzt bestellen.","robots":{"index":"index","follow":"follow","max-snippet":"max-snippet:-1","max-image-preview":"max-image-preview:large","max-video-preview":"max-video-preview:-1"},"canonical":"https:\/\/ecosupplements.ch\/?product=burn4all-extreme-120-caps-ean-5902837754482","og_locale":"de_DE","og_type":"article","og_title":"Burn4ALL Extreme 120 Kapseln \u2013 Allnutrition | ecosupplements.ch","og_description":"Burn4ALL Extreme liefert Pflanzenextrakte, 150 mg Koffein und 112 % NRV Vitamin C pro Tagesdosis \u2013 120 Kapseln von Allnutrition. Jetzt bestellen.","og_url":"https:\/\/ecosupplements.ch\/?product=burn4all-extreme-120-caps-ean-5902837754482","og_site_name":"Eco Supplements","article_modified_time":"2026-05-12T17:58:45+00:00","og_image":[{"width":1000,"height":1000,"url":"https:\/\/ecosupplements.ch\/wp-content\/uploads\/2026\/05\/Burn4ALL-Extreme-120-caps-EAN-5902837754482.webp","type":"image\/jpeg"}],"twitter_card":"summary_large_image","twitter_misc":{"Price":"&#67;&#72;&#70;&nbsp;7.73","Availability":"Out of stock"},"schema":{"@context":"https:\/\/schema.org","@graph":[{"@type":"WebPage","@id":"https:\/\/ecosupplements.ch\/?product=burn4all-extreme-120-caps-ean-5902837754482","url":"https:\/\/ecosupplements.ch\/?product=burn4all-extreme-120-caps-ean-5902837754482","name":"Burn4ALL Extreme 120 Kapseln \u2013 Allnutrition | ecosupplements.ch","isPartOf":{"@id":"https:\/\/ecosupplements.ch\/#website"},"primaryImageOfPage":{"@id":"https:\/\/ecosupplements.ch\/?product=burn4all-extreme-120-caps-ean-5902837754482#primaryimage"},"image":{"@id":"https:\/\/ecosupplements.ch\/?product=burn4all-extreme-120-caps-ean-5902837754482#primaryimage"},"thumbnailUrl":"https:\/\/ecosupplements.ch\/wp-content\/uploads\/2026\/05\/Burn4ALL-Extreme-120-caps-EAN-5902837754482.webp","datePublished":"2026-05-11T14:28:57+00:00","dateModified":"2026-05-12T17:58:45+00:00","description":"Burn4ALL Extreme liefert Pflanzenextrakte, 150 mg Koffein und 112 % NRV Vitamin C pro Tagesdosis \u2013 120 Kapseln von Allnutrition. Jetzt bestellen.","breadcrumb":{"@id":"https:\/\/ecosupplements.ch\/?product=burn4all-extreme-120-caps-ean-5902837754482#breadcrumb"},"inLanguage":"de-CH","potentialAction":[{"@type":"ReadAction","target":["https:\/\/ecosupplements.ch\/?product=burn4all-extreme-120-caps-ean-5902837754482"]}]},{"@type":"ImageObject","inLanguage":"de-CH","@id":"https:\/\/ecosupplements.ch\/?product=burn4all-extreme-120-caps-ean-5902837754482#primaryimage","url":"https:\/\/ecosupplements.ch\/wp-content\/uploads\/2026\/05\/Burn4ALL-Extreme-120-caps-EAN-5902837754482.webp","contentUrl":"https:\/\/ecosupplements.ch\/wp-content\/uploads\/2026\/05\/Burn4ALL-Extreme-120-caps-EAN-5902837754482.webp","width":1000,"height":1000,"caption":"Burn4ALL Extreme - 120 caps (EAN 5902837754482)"},{"@type":"BreadcrumbList","@id":"https:\/\/ecosupplements.ch\/?product=burn4all-extreme-120-caps-ean-5902837754482#breadcrumb","itemListElement":[{"@type":"ListItem","position":1,"name":"Home","item":"https:\/\/ecosupplements.ch\/"},{"@type":"ListItem","position":2,"name":"Shop","item":"https:\/\/ecosupplements.ch\/?page_id=14"},{"@type":"ListItem","position":3,"name":"Burn4ALL Extreme &#8211; 120 caps (EAN 5902837754482)"}]},{"@type":"WebSite","@id":"https:\/\/ecosupplements.ch\/#website","url":"https:\/\/ecosupplements.ch\/","name":"Eco Supplements","description":"","potentialAction":[{"@type":"SearchAction","target":{"@type":"EntryPoint","urlTemplate":"https:\/\/ecosupplements.ch\/?s={search_term_string}"},"query-input":{"@type":"PropertyValueSpecification","valueRequired":true,"valueName":"search_term_string"}}],"inLanguage":"de-CH"}]},"product_price_amount":"7.73","product_price_currency":"CHF","og_availability":"out of stock","product_availability":"out of stock","product_retailer_item_id":"5902837754482","product_condition":"new"},"_links":{"self":[{"href":"https:\/\/ecosupplements.ch\/index.php?rest_route=\/wp\/v2\/product\/1382","targetHints":{"allow":["GET"]}}],"collection":[{"href":"https:\/\/ecosupplements.ch\/index.php?rest_route=\/wp\/v2\/product"}],"about":[{"href":"https:\/\/ecosupplements.ch\/index.php?rest_route=\/wp\/v2\/types\/product"}],"replies":[{"embeddable":true,"href":"https:\/\/ecosupplements.ch\/index.php?rest_route=%2Fwp%2Fv2%2Fcomments&post=1382"}],"wp:featuredmedia":[{"embeddable":true,"href":"https:\/\/ecosupplements.ch\/index.php?rest_route=\/wp\/v2\/media\/1383"}],"wp:attachment":[{"href":"https:\/\/ecosupplements.ch\/index.php?rest_route=%2Fwp%2Fv2%2Fmedia&parent=1382"}],"wp:term":[{"taxonomy":"product_brand","embeddable":true,"href":"https:\/\/ecosupplements.ch\/index.php?rest_route=%2Fwp%2Fv2%2Fproduct_brand&post=1382"},{"taxonomy":"product_cat","embeddable":true,"href":"https:\/\/ecosupplements.ch\/index.php?rest_route=%2Fwp%2Fv2%2Fproduct_cat&post=1382"},{"taxonomy":"product_tag","embeddable":true,"href":"https:\/\/ecosupplements.ch\/index.php?rest_route=%2Fwp%2Fv2%2Fproduct_tag&post=1382"}],"curies":[{"name":"wp","href":"https:\/\/api.w.org\/{rel}","templated":true}]}}