{"id":1405,"date":"2026-05-11T14:29:07","date_gmt":"2026-05-11T14:29:07","guid":{"rendered":"https:\/\/ecosupplements.ch\/?product=curcuma-1000mg-90-caps"},"modified":"2026-05-13T07:25:03","modified_gmt":"2026-05-13T07:25:03","slug":"curcuma-1000mg-90-caps","status":"publish","type":"product","link":"https:\/\/ecosupplements.ch\/?product=curcuma-1000mg-90-caps","title":{"rendered":"Curcuma, 1000mg &#8211; 90 caps"},"content":{"rendered":"<div class=\"chcg-product-description\">\n<h2 class=\"chcg-heading\">\u00dcber Allnutrition \u2013 Curcuma, 1000mg \u2013 90 Kapseln<\/h2>\n<div class=\"chcg-intro\">\n<p>Curcuma (Curcuma longa) ist eine traditionsreiche Pflanze aus der Familie der Ingwergew\u00e4chse und wird seit Jahrhunderten in der asiatischen Ern\u00e4hrungskultur gesch\u00e4tzt. Allnutrition bietet mit diesem Produkt einen hochkonzentrierten Extrakt aus dem Curcuma-Rhizom in praktischer Kapselform \u2013 mit 1000 mg pro Tagesportion.<\/p>\n<p>Jede Kapsel enth\u00e4lt 1000 mg Curcuma-Rhizomextrakt (Curcuma longa) und l\u00e4sst sich einfach in den t\u00e4glichen Alltag integrieren. Die Kapselform erm\u00f6glicht eine pr\u00e4zise Dosierung und eine unkomplizierte Einnahme.<\/p>\n<p>Das Produkt von Allnutrition richtet sich an Erwachsene, die eine gezielte Nahrungserg\u00e4nzung mit Curcuma in ihr Wohlbefindensprogramm einbauen m\u00f6chten. Eine Packung enth\u00e4lt 90 Kapseln und entspricht damit einem Vorrat f\u00fcr 90 Tage bei der empfohlenen Tagesdosis.<\/p>\n<\/p><\/div>\n<div class=\"chcg-nutrition\">\n<h3>N\u00e4hrwertangaben<\/h3>\n<table class=\"chcg-nutrition-table\">\n<thead>\n<tr>\n<th>N\u00e4hrstoff<\/th>\n<th>Pro Portion (1 Kapsel)<\/th>\n<\/tr>\n<\/thead>\n<tbody>\n<tr>\n<td>Curcuma-Rhizomextrakt (Curcuma longa)<\/td>\n<td>1000 mg<\/td>\n<\/tr>\n<\/tbody>\n<\/table>\n<p class=\"chcg-footnote\">* Kein festgelegter Tagesbedarf.<\/p>\n<\/p><\/div>\n<div class=\"chcg-ingredients\">\n<h3>Zutaten<\/h3>\n<p>Curcuma-Rhizomextrakt (Curcuma longa), Kapselh\u00fclle: Gelatine, Wasser, Trennmittel: Magnesiumsalze von Fetts\u00e4uren, Farbstoff: Eisenoxide und -hydroxide, Trennmittel: Siliciumdioxid.<\/p>\n<p class=\"chcg-capsule-shell\">Kapselh\u00fclle: Gelatine, Wasser, Farbstoff: Eisenoxide und -hydroxide.<\/p>\n<\/p><\/div>\n<div class=\"chcg-dosage\">\n<h3>Verzehrempfehlung<\/h3>\n<p>T\u00e4glich eine Kapsel mit Wasser einnehmen. Tagesportion (1 Kapsel): Curcuma-Rhizomextrakt (Curcuma longa) 1000 mg.<\/p>\n<\/p><\/div>\n<div class=\"chcg-warnings\">\n<h3>Warnhinweise<\/h3>\n<p>Dieses Nahrungserg\u00e4nzungsmittel ist f\u00fcr Personen \u00fcber 18 Jahre bestimmt. Nicht einnehmen, wenn eine Allergie gegen einen der Inhaltsstoffe besteht. Die empfohlene Tagesdosis nicht \u00fcberschreiten. Nahrungserg\u00e4nzungsmittel sind kein Ersatz f\u00fcr eine abwechslungsreiche Ern\u00e4hrung. Eine ausgewogene Ern\u00e4hrung und ein gesunder Lebensstil werden empfohlen. Verpackung nach Gebrauch stets verschlossen halten.<\/p>\n<\/p><\/div>\n<div class=\"chcg-allergens\">\n<h3>Allergeninformationen<\/h3>\n<p>Kann Spuren von folgenden Zutaten enthalten: glutenhaltige Getreide, Soja, Milch, Ei.<\/p>\n<\/p><\/div>\n<div class=\"chcg-storage\">\n<h3>Lagerung<\/h3>\n<p>An einem trockenen und k\u00fchlen Ort lagern, ausserhalb der Reichweite von Kleinkindern aufbewahren.<\/p>\n<\/p><\/div>\n<\/div>\n","protected":false},"excerpt":{"rendered":"<p>Allnutrition Curcuma liefert 1000 mg Curcuma-Rhizomextrakt (Curcuma longa) pro Kapsel. Die Packung enth\u00e4lt 90 Kapseln \u2013 f\u00fcr 90 Tage Anwendung bei der empfohlenen Tagesdosis.<\/p>\n","protected":false},"featured_media":1406,"comment_status":"closed","ping_status":"open","template":"","meta":[],"product_brand":[172],"product_cat":[34,48,25,117],"product_tag":[],"class_list":{"0":"post-1405","1":"product","2":"type-product","3":"status-publish","4":"has-post-thumbnail","6":"product_brand-allnutrition","7":"product_cat-antioxidantien","8":"product_cat-gesunde-ernaehrung","9":"product_cat-gesundheit-und-wohlbefinden","10":"product_cat-kurkuma","12":"first","13":"outofstock","14":"taxable","15":"shipping-taxable","16":"purchasable","17":"product-type-simple"},"yoast_head":"<!-- This site is optimized with the Yoast SEO plugin v27.5 - https:\/\/yoast.com\/product\/yoast-seo-wordpress\/ -->\n<title>Curcuma 1000mg 90 Kapseln \u2013 Allnutrition | ecosupplements.ch<\/title>\n<meta name=\"description\" content=\"Allnutrition Curcuma mit 1000 mg Rhizomextrakt pro Kapsel \u2013 90 Kapseln f\u00fcr 90 Tage. Jetzt bestellen.\" \/>\n<meta name=\"robots\" content=\"index, follow, max-snippet:-1, max-image-preview:large, max-video-preview:-1\" \/>\n<link rel=\"canonical\" href=\"https:\/\/ecosupplements.ch\/?product=curcuma-1000mg-90-caps\" \/>\n<meta property=\"og:locale\" content=\"de_DE\" \/>\n<meta property=\"og:type\" content=\"article\" \/>\n<meta property=\"og:title\" content=\"Curcuma 1000mg 90 Kapseln \u2013 Allnutrition | ecosupplements.ch\" \/>\n<meta property=\"og:description\" content=\"Allnutrition Curcuma mit 1000 mg Rhizomextrakt pro Kapsel \u2013 90 Kapseln f\u00fcr 90 Tage. Jetzt bestellen.\" \/>\n<meta property=\"og:url\" content=\"https:\/\/ecosupplements.ch\/?product=curcuma-1000mg-90-caps\" \/>\n<meta property=\"og:site_name\" content=\"Eco Supplements\" \/>\n<meta property=\"article:modified_time\" content=\"2026-05-13T07:25:03+00:00\" \/>\n<meta property=\"og:image\" content=\"https:\/\/ecosupplements.ch\/wp-content\/uploads\/2026\/05\/Curcuma-1000mg-90-caps.webp\" \/>\n\t<meta property=\"og:image:width\" content=\"1000\" \/>\n\t<meta property=\"og:image:height\" content=\"1000\" \/>\n\t<meta property=\"og:image:type\" content=\"image\/jpeg\" \/>\n<meta name=\"twitter:card\" content=\"summary_large_image\" \/>\n<meta name=\"twitter:label1\" content=\"Price\" \/>\n\t<meta name=\"twitter:data1\" content=\"&#067;&#072;&#070;&nbsp;8.35\" \/>\n\t<meta name=\"twitter:label2\" content=\"Availability\" \/>\n\t<meta name=\"twitter:data2\" content=\"Out of stock\" \/>\n<script type=\"application\/ld+json\" class=\"yoast-schema-graph\">{\"@context\":\"https:\\\/\\\/schema.org\",\"@graph\":[{\"@type\":\"WebPage\",\"@id\":\"https:\\\/\\\/ecosupplements.ch\\\/?product=curcuma-1000mg-90-caps\",\"url\":\"https:\\\/\\\/ecosupplements.ch\\\/?product=curcuma-1000mg-90-caps\",\"name\":\"Curcuma 1000mg 90 Kapseln \u2013 Allnutrition | ecosupplements.ch\",\"isPartOf\":{\"@id\":\"https:\\\/\\\/ecosupplements.ch\\\/#website\"},\"primaryImageOfPage\":{\"@id\":\"https:\\\/\\\/ecosupplements.ch\\\/?product=curcuma-1000mg-90-caps#primaryimage\"},\"image\":{\"@id\":\"https:\\\/\\\/ecosupplements.ch\\\/?product=curcuma-1000mg-90-caps#primaryimage\"},\"thumbnailUrl\":\"https:\\\/\\\/ecosupplements.ch\\\/wp-content\\\/uploads\\\/2026\\\/05\\\/Curcuma-1000mg-90-caps.webp\",\"datePublished\":\"2026-05-11T14:29:07+00:00\",\"dateModified\":\"2026-05-13T07:25:03+00:00\",\"description\":\"Allnutrition Curcuma mit 1000 mg Rhizomextrakt pro Kapsel \u2013 90 Kapseln f\u00fcr 90 Tage. Jetzt bestellen.\",\"breadcrumb\":{\"@id\":\"https:\\\/\\\/ecosupplements.ch\\\/?product=curcuma-1000mg-90-caps#breadcrumb\"},\"inLanguage\":\"de-CH\",\"potentialAction\":[{\"@type\":\"ReadAction\",\"target\":[\"https:\\\/\\\/ecosupplements.ch\\\/?product=curcuma-1000mg-90-caps\"]}]},{\"@type\":\"ImageObject\",\"inLanguage\":\"de-CH\",\"@id\":\"https:\\\/\\\/ecosupplements.ch\\\/?product=curcuma-1000mg-90-caps#primaryimage\",\"url\":\"https:\\\/\\\/ecosupplements.ch\\\/wp-content\\\/uploads\\\/2026\\\/05\\\/Curcuma-1000mg-90-caps.webp\",\"contentUrl\":\"https:\\\/\\\/ecosupplements.ch\\\/wp-content\\\/uploads\\\/2026\\\/05\\\/Curcuma-1000mg-90-caps.webp\",\"width\":1000,\"height\":1000,\"caption\":\"Curcuma\"},{\"@type\":\"BreadcrumbList\",\"@id\":\"https:\\\/\\\/ecosupplements.ch\\\/?product=curcuma-1000mg-90-caps#breadcrumb\",\"itemListElement\":[{\"@type\":\"ListItem\",\"position\":1,\"name\":\"Home\",\"item\":\"https:\\\/\\\/ecosupplements.ch\\\/\"},{\"@type\":\"ListItem\",\"position\":2,\"name\":\"Shop\",\"item\":\"https:\\\/\\\/ecosupplements.ch\\\/?page_id=14\"},{\"@type\":\"ListItem\",\"position\":3,\"name\":\"Curcuma, 1000mg &#8211; 90 caps\"}]},{\"@type\":\"WebSite\",\"@id\":\"https:\\\/\\\/ecosupplements.ch\\\/#website\",\"url\":\"https:\\\/\\\/ecosupplements.ch\\\/\",\"name\":\"Eco Supplements\",\"description\":\"\",\"potentialAction\":[{\"@type\":\"SearchAction\",\"target\":{\"@type\":\"EntryPoint\",\"urlTemplate\":\"https:\\\/\\\/ecosupplements.ch\\\/?s={search_term_string}\"},\"query-input\":{\"@type\":\"PropertyValueSpecification\",\"valueRequired\":true,\"valueName\":\"search_term_string\"}}],\"inLanguage\":\"de-CH\"}]}<\/script>\n<meta property=\"product:price:amount\" content=\"8.35\" \/>\n<meta property=\"product:price:currency\" content=\"CHF\" \/>\n<meta property=\"og:availability\" content=\"out of stock\" \/>\n<meta property=\"product:availability\" content=\"out of stock\" \/>\n<meta property=\"product:retailer_item_id\" content=\"5902837721316\" \/>\n<meta property=\"product:condition\" content=\"new\" \/>\n<!-- \/ Yoast SEO plugin. -->","yoast_head_json":{"title":"Curcuma 1000mg 90 Kapseln \u2013 Allnutrition | ecosupplements.ch","description":"Allnutrition Curcuma mit 1000 mg Rhizomextrakt pro Kapsel \u2013 90 Kapseln f\u00fcr 90 Tage. Jetzt bestellen.","robots":{"index":"index","follow":"follow","max-snippet":"max-snippet:-1","max-image-preview":"max-image-preview:large","max-video-preview":"max-video-preview:-1"},"canonical":"https:\/\/ecosupplements.ch\/?product=curcuma-1000mg-90-caps","og_locale":"de_DE","og_type":"article","og_title":"Curcuma 1000mg 90 Kapseln \u2013 Allnutrition | ecosupplements.ch","og_description":"Allnutrition Curcuma mit 1000 mg Rhizomextrakt pro Kapsel \u2013 90 Kapseln f\u00fcr 90 Tage. Jetzt bestellen.","og_url":"https:\/\/ecosupplements.ch\/?product=curcuma-1000mg-90-caps","og_site_name":"Eco Supplements","article_modified_time":"2026-05-13T07:25:03+00:00","og_image":[{"width":1000,"height":1000,"url":"https:\/\/ecosupplements.ch\/wp-content\/uploads\/2026\/05\/Curcuma-1000mg-90-caps.webp","type":"image\/jpeg"}],"twitter_card":"summary_large_image","twitter_misc":{"Price":"&#67;&#72;&#70;&nbsp;8.35","Availability":"Out of stock"},"schema":{"@context":"https:\/\/schema.org","@graph":[{"@type":"WebPage","@id":"https:\/\/ecosupplements.ch\/?product=curcuma-1000mg-90-caps","url":"https:\/\/ecosupplements.ch\/?product=curcuma-1000mg-90-caps","name":"Curcuma 1000mg 90 Kapseln \u2013 Allnutrition | ecosupplements.ch","isPartOf":{"@id":"https:\/\/ecosupplements.ch\/#website"},"primaryImageOfPage":{"@id":"https:\/\/ecosupplements.ch\/?product=curcuma-1000mg-90-caps#primaryimage"},"image":{"@id":"https:\/\/ecosupplements.ch\/?product=curcuma-1000mg-90-caps#primaryimage"},"thumbnailUrl":"https:\/\/ecosupplements.ch\/wp-content\/uploads\/2026\/05\/Curcuma-1000mg-90-caps.webp","datePublished":"2026-05-11T14:29:07+00:00","dateModified":"2026-05-13T07:25:03+00:00","description":"Allnutrition Curcuma mit 1000 mg Rhizomextrakt pro Kapsel \u2013 90 Kapseln f\u00fcr 90 Tage. Jetzt bestellen.","breadcrumb":{"@id":"https:\/\/ecosupplements.ch\/?product=curcuma-1000mg-90-caps#breadcrumb"},"inLanguage":"de-CH","potentialAction":[{"@type":"ReadAction","target":["https:\/\/ecosupplements.ch\/?product=curcuma-1000mg-90-caps"]}]},{"@type":"ImageObject","inLanguage":"de-CH","@id":"https:\/\/ecosupplements.ch\/?product=curcuma-1000mg-90-caps#primaryimage","url":"https:\/\/ecosupplements.ch\/wp-content\/uploads\/2026\/05\/Curcuma-1000mg-90-caps.webp","contentUrl":"https:\/\/ecosupplements.ch\/wp-content\/uploads\/2026\/05\/Curcuma-1000mg-90-caps.webp","width":1000,"height":1000,"caption":"Curcuma"},{"@type":"BreadcrumbList","@id":"https:\/\/ecosupplements.ch\/?product=curcuma-1000mg-90-caps#breadcrumb","itemListElement":[{"@type":"ListItem","position":1,"name":"Home","item":"https:\/\/ecosupplements.ch\/"},{"@type":"ListItem","position":2,"name":"Shop","item":"https:\/\/ecosupplements.ch\/?page_id=14"},{"@type":"ListItem","position":3,"name":"Curcuma, 1000mg &#8211; 90 caps"}]},{"@type":"WebSite","@id":"https:\/\/ecosupplements.ch\/#website","url":"https:\/\/ecosupplements.ch\/","name":"Eco Supplements","description":"","potentialAction":[{"@type":"SearchAction","target":{"@type":"EntryPoint","urlTemplate":"https:\/\/ecosupplements.ch\/?s={search_term_string}"},"query-input":{"@type":"PropertyValueSpecification","valueRequired":true,"valueName":"search_term_string"}}],"inLanguage":"de-CH"}]},"product_price_amount":"8.35","product_price_currency":"CHF","og_availability":"out of stock","product_availability":"out of stock","product_retailer_item_id":"5902837721316","product_condition":"new"},"_links":{"self":[{"href":"https:\/\/ecosupplements.ch\/index.php?rest_route=\/wp\/v2\/product\/1405","targetHints":{"allow":["GET"]}}],"collection":[{"href":"https:\/\/ecosupplements.ch\/index.php?rest_route=\/wp\/v2\/product"}],"about":[{"href":"https:\/\/ecosupplements.ch\/index.php?rest_route=\/wp\/v2\/types\/product"}],"replies":[{"embeddable":true,"href":"https:\/\/ecosupplements.ch\/index.php?rest_route=%2Fwp%2Fv2%2Fcomments&post=1405"}],"wp:featuredmedia":[{"embeddable":true,"href":"https:\/\/ecosupplements.ch\/index.php?rest_route=\/wp\/v2\/media\/1406"}],"wp:attachment":[{"href":"https:\/\/ecosupplements.ch\/index.php?rest_route=%2Fwp%2Fv2%2Fmedia&parent=1405"}],"wp:term":[{"taxonomy":"product_brand","embeddable":true,"href":"https:\/\/ecosupplements.ch\/index.php?rest_route=%2Fwp%2Fv2%2Fproduct_brand&post=1405"},{"taxonomy":"product_cat","embeddable":true,"href":"https:\/\/ecosupplements.ch\/index.php?rest_route=%2Fwp%2Fv2%2Fproduct_cat&post=1405"},{"taxonomy":"product_tag","embeddable":true,"href":"https:\/\/ecosupplements.ch\/index.php?rest_route=%2Fwp%2Fv2%2Fproduct_tag&post=1405"}],"curies":[{"name":"wp","href":"https:\/\/api.w.org\/{rel}","templated":true}]}}