{"id":1414,"date":"2026-05-11T14:29:11","date_gmt":"2026-05-11T14:29:11","guid":{"rendered":"https:\/\/ecosupplements.ch\/?product=fitking-delicious-cookie-double-chocolate-128g"},"modified":"2026-05-13T07:25:03","modified_gmt":"2026-05-13T07:25:03","slug":"fitking-delicious-cookie-double-chocolate-128g","status":"publish","type":"product","link":"https:\/\/ecosupplements.ch\/?product=fitking-delicious-cookie-double-chocolate-128g","title":{"rendered":"Fitking Delicious Cookie, Double Chocolate &#8211; 128g"},"content":{"rendered":"<div class=\"chcg-product-description\">\n<h2 class=\"chcg-heading\">\u00dcber Allnutrition \u2013 Fitking Delicious Cookie, Double Chocolate \u2013 128g<\/h2>\n<div class=\"chcg-intro\">\n<p>Der Allnutrition Fitking Delicious Cookie in der Sorte Double Chocolate ist ein genussreicher Snack, der Schokoladenfreude und praktischen Komfort vereint. Mit 25 % zuckerfreier Milchschokolade und 25 % Erdnussmark bietet dieser Cookie ein intensives Geschmackserlebnis \u2013 ideal f\u00fcr alle, die auch unterwegs nicht auf etwas Besonderes verzichten m\u00f6chten.<\/p>\n<p>Der Cookie enth\u00e4lt Maltitol als S\u00fcssungsmittel anstelle von zugesetztem Zucker und eignet sich daher f\u00fcr Personen, die ihren Zuckerkonsums bewusst im Blick behalten. Die Kombination aus Erdn\u00fcssen, Bananenst\u00fccken und dunkler Schokolade sorgt f\u00fcr ein abwechslungsreiches Geschmacksprofil.<\/p>\n<p>Mit einer praktischen Einzelportion von 128 g ist der Fitking Cookie der ideale Begleiter f\u00fcr Schule, Arbeit oder Freizeit \u2013 wann immer ein kleiner Genussmoment gefragt ist.<\/p>\n<\/p><\/div>\n<div class=\"chcg-nutrition\">\n<h3>N\u00e4hrwertangaben<\/h3>\n<table class=\"chcg-nutrition-table\">\n<thead>\n<tr>\n<th>N\u00e4hrstoff<\/th>\n<th>Pro 100 g<\/th>\n<\/tr>\n<\/thead>\n<tbody>\n<tr>\n<td>Energie<\/td>\n<td>2117 kJ \/ 509 kcal<\/td>\n<\/tr>\n<tr>\n<td>Fett<\/td>\n<td>31 g<\/td>\n<\/tr>\n<tr>\n<td>\u2013 davon ges\u00e4ttigte Fetts\u00e4uren<\/td>\n<td>18 g<\/td>\n<\/tr>\n<tr>\n<td>Kohlenhydrate<\/td>\n<td>59 g<\/td>\n<\/tr>\n<tr>\n<td>\u2013 davon Zucker<\/td>\n<td>6.40 g<\/td>\n<\/tr>\n<tr>\n<td>\u2013 davon Polyole<\/td>\n<td>23 g<\/td>\n<\/tr>\n<tr>\n<td>Ballaststoffe<\/td>\n<td>3.3 g<\/td>\n<\/tr>\n<tr>\n<td>Protein<\/td>\n<td>6 g<\/td>\n<\/tr>\n<tr>\n<td>Salz<\/td>\n<td>0.50 g<\/td>\n<\/tr>\n<\/tbody>\n<\/table><\/div>\n<div class=\"chcg-ingredients\">\n<h3>Zutaten<\/h3>\n<p>Milchschokolade ohne Zuckerzusatz 25 % (S\u00fcssungsmittel: Maltitole, Vollmilchpulver, Kakaobutter, Kakaomasse, Molkenpulver [aus Milch], Emulgator: Lecithine [aus Soja]), Erdnussmark 25 % (ger\u00f6stete und gemahlene Erdn\u00fcsse), Weizenmehl, pflanzliche Fette (Kokos\u00f6l, Raps\u00f6l), S\u00fcssungsmittel: Maltitole, Erdn\u00fcsse 2.5 %, Bananenst\u00fccke 2.5 % (konzentriertes Apfelmark, konzentrierter Apfelsaft, Bananenp\u00fcree 0.4 %, Zitrusfaser, Geliermittel: Pektin, nat\u00fcrliches Aroma), Triebmittel: Natriumcarbonate, Salz.<\/p>\n<\/p><\/div>\n<div class=\"chcg-dosage\">\n<h3>Verzehrempfehlung<\/h3>\n<p>1 Portion pro Packung (128 g). Entsprechend den individuellen Bed\u00fcrfnissen verwenden.<\/p>\n<\/p><\/div>\n<div class=\"chcg-warnings\">\n<h3>Warnhinweise<\/h3>\n<p>Mit S\u00fcssungsmittel. Kein Zuckerzusatz. Enth\u00e4lt von Natur aus vorkommende Zucker. Nicht verzehren, wenn Sie gegen einen der Inhaltsstoffe des Produkts allergisch sind. \u00dcberm\u00e4ssiger Konsum kann abf\u00fchrend wirken.<\/p>\n<\/p><\/div>\n<div class=\"chcg-allergens\">\n<h3>Allergeninformationen<\/h3>\n<p>Enth\u00e4lt: Milch, Soja (Lecithine), Weizen, Erdn\u00fcsse. Das Produkt kann Erdn\u00fcsse, N\u00fcsse, Sesamsamen, Eier und daraus gewonnene Erzeugnisse enthalten.<\/p>\n<\/p><\/div>\n<div class=\"chcg-storage\">\n<h3>Lagerung<\/h3>\n<p>An einem trockenen und k\u00fchlen Ort aufbewahren.<\/p>\n<\/p><\/div>\n<div class=\"chcg-dietary\">\n<h3>Ern\u00e4hrungshinweise<\/h3>\n<ul>\n<li>Vegetarisch<\/li>\n<\/ul><\/div>\n<\/div>\n","protected":false},"excerpt":{"rendered":"<p>Genussreicher Double Chocolate Cookie von Allnutrition mit Milchschokolade ohne Zuckerzusatz und Erdnussmark. Eine praktische Einzelportion \u00e0 128 g, ges\u00fcsst mit Maltitol. Vegetarisch geeignet.<\/p>\n","protected":false},"featured_media":1415,"comment_status":"closed","ping_status":"open","template":"","meta":[],"product_brand":[172],"product_cat":[90,52,48,50,64],"product_tag":[],"class_list":{"0":"post-1414","1":"product","2":"type-product","3":"status-publish","4":"has-post-thumbnail","6":"product_brand-allnutrition","7":"product_cat-fitness-training","8":"product_cat-genuss-ohne-reue","9":"product_cat-gesunde-ernaehrung","10":"product_cat-proteine","11":"product_cat-proteinriegel","13":"first","14":"outofstock","15":"taxable","16":"shipping-taxable","17":"purchasable","18":"product-type-simple"},"yoast_head":"<!-- This site is optimized with the Yoast SEO plugin v27.5 - https:\/\/yoast.com\/product\/yoast-seo-wordpress\/ -->\n<title>Fitking Delicious Cookie Double Chocolate \u2013 Allnutrition | ecosupplements.ch<\/title>\n<meta name=\"description\" content=\"Schokoladiger Genuss-Cookie von Allnutrition \u2013 ohne Zuckerzusatz, mit Erdnussmark, als Einzelportion \u00e0 128 g. Jetzt bestellen.\" \/>\n<meta name=\"robots\" content=\"index, follow, max-snippet:-1, max-image-preview:large, max-video-preview:-1\" \/>\n<link rel=\"canonical\" href=\"https:\/\/ecosupplements.ch\/?product=fitking-delicious-cookie-double-chocolate-128g\" \/>\n<meta property=\"og:locale\" content=\"de_DE\" \/>\n<meta property=\"og:type\" content=\"article\" \/>\n<meta property=\"og:title\" content=\"Fitking Delicious Cookie Double Chocolate \u2013 Allnutrition | ecosupplements.ch\" \/>\n<meta property=\"og:description\" content=\"Schokoladiger Genuss-Cookie von Allnutrition \u2013 ohne Zuckerzusatz, mit Erdnussmark, als Einzelportion \u00e0 128 g. Jetzt bestellen.\" \/>\n<meta property=\"og:url\" content=\"https:\/\/ecosupplements.ch\/?product=fitking-delicious-cookie-double-chocolate-128g\" \/>\n<meta property=\"og:site_name\" content=\"Eco Supplements\" \/>\n<meta property=\"article:modified_time\" content=\"2026-05-13T07:25:03+00:00\" \/>\n<meta property=\"og:image\" content=\"https:\/\/ecosupplements.ch\/wp-content\/uploads\/2026\/05\/Fitking-Delicious-Cookie-Double-Chocolate-128g.webp\" \/>\n\t<meta property=\"og:image:width\" content=\"1000\" \/>\n\t<meta property=\"og:image:height\" content=\"1000\" \/>\n\t<meta property=\"og:image:type\" content=\"image\/jpeg\" \/>\n<meta name=\"twitter:card\" content=\"summary_large_image\" \/>\n<meta name=\"twitter:label1\" content=\"Price\" \/>\n\t<meta name=\"twitter:data1\" content=\"&#067;&#072;&#070;&nbsp;1.82\" \/>\n\t<meta name=\"twitter:label2\" content=\"Availability\" \/>\n\t<meta name=\"twitter:data2\" content=\"Out of stock\" \/>\n<script type=\"application\/ld+json\" class=\"yoast-schema-graph\">{\"@context\":\"https:\\\/\\\/schema.org\",\"@graph\":[{\"@type\":\"WebPage\",\"@id\":\"https:\\\/\\\/ecosupplements.ch\\\/?product=fitking-delicious-cookie-double-chocolate-128g\",\"url\":\"https:\\\/\\\/ecosupplements.ch\\\/?product=fitking-delicious-cookie-double-chocolate-128g\",\"name\":\"Fitking Delicious Cookie Double Chocolate \u2013 Allnutrition | ecosupplements.ch\",\"isPartOf\":{\"@id\":\"https:\\\/\\\/ecosupplements.ch\\\/#website\"},\"primaryImageOfPage\":{\"@id\":\"https:\\\/\\\/ecosupplements.ch\\\/?product=fitking-delicious-cookie-double-chocolate-128g#primaryimage\"},\"image\":{\"@id\":\"https:\\\/\\\/ecosupplements.ch\\\/?product=fitking-delicious-cookie-double-chocolate-128g#primaryimage\"},\"thumbnailUrl\":\"https:\\\/\\\/ecosupplements.ch\\\/wp-content\\\/uploads\\\/2026\\\/05\\\/Fitking-Delicious-Cookie-Double-Chocolate-128g.webp\",\"datePublished\":\"2026-05-11T14:29:11+00:00\",\"dateModified\":\"2026-05-13T07:25:03+00:00\",\"description\":\"Schokoladiger Genuss-Cookie von Allnutrition \u2013 ohne Zuckerzusatz, mit Erdnussmark, als Einzelportion \u00e0 128 g. Jetzt bestellen.\",\"breadcrumb\":{\"@id\":\"https:\\\/\\\/ecosupplements.ch\\\/?product=fitking-delicious-cookie-double-chocolate-128g#breadcrumb\"},\"inLanguage\":\"de-CH\",\"potentialAction\":[{\"@type\":\"ReadAction\",\"target\":[\"https:\\\/\\\/ecosupplements.ch\\\/?product=fitking-delicious-cookie-double-chocolate-128g\"]}]},{\"@type\":\"ImageObject\",\"inLanguage\":\"de-CH\",\"@id\":\"https:\\\/\\\/ecosupplements.ch\\\/?product=fitking-delicious-cookie-double-chocolate-128g#primaryimage\",\"url\":\"https:\\\/\\\/ecosupplements.ch\\\/wp-content\\\/uploads\\\/2026\\\/05\\\/Fitking-Delicious-Cookie-Double-Chocolate-128g.webp\",\"contentUrl\":\"https:\\\/\\\/ecosupplements.ch\\\/wp-content\\\/uploads\\\/2026\\\/05\\\/Fitking-Delicious-Cookie-Double-Chocolate-128g.webp\",\"width\":1000,\"height\":1000,\"caption\":\"Fitking Delicious Cookie\"},{\"@type\":\"BreadcrumbList\",\"@id\":\"https:\\\/\\\/ecosupplements.ch\\\/?product=fitking-delicious-cookie-double-chocolate-128g#breadcrumb\",\"itemListElement\":[{\"@type\":\"ListItem\",\"position\":1,\"name\":\"Home\",\"item\":\"https:\\\/\\\/ecosupplements.ch\\\/\"},{\"@type\":\"ListItem\",\"position\":2,\"name\":\"Shop\",\"item\":\"https:\\\/\\\/ecosupplements.ch\\\/?page_id=14\"},{\"@type\":\"ListItem\",\"position\":3,\"name\":\"Fitking Delicious Cookie, Double Chocolate &#8211; 128g\"}]},{\"@type\":\"WebSite\",\"@id\":\"https:\\\/\\\/ecosupplements.ch\\\/#website\",\"url\":\"https:\\\/\\\/ecosupplements.ch\\\/\",\"name\":\"Eco Supplements\",\"description\":\"\",\"potentialAction\":[{\"@type\":\"SearchAction\",\"target\":{\"@type\":\"EntryPoint\",\"urlTemplate\":\"https:\\\/\\\/ecosupplements.ch\\\/?s={search_term_string}\"},\"query-input\":{\"@type\":\"PropertyValueSpecification\",\"valueRequired\":true,\"valueName\":\"search_term_string\"}}],\"inLanguage\":\"de-CH\"}]}<\/script>\n<meta property=\"product:price:amount\" content=\"1.82\" \/>\n<meta property=\"product:price:currency\" content=\"CHF\" \/>\n<meta property=\"og:availability\" content=\"out of stock\" \/>\n<meta property=\"product:availability\" content=\"out of stock\" \/>\n<meta property=\"product:retailer_item_id\" content=\"5902837740638\" \/>\n<meta property=\"product:condition\" content=\"new\" \/>\n<!-- \/ Yoast SEO plugin. -->","yoast_head_json":{"title":"Fitking Delicious Cookie Double Chocolate \u2013 Allnutrition | ecosupplements.ch","description":"Schokoladiger Genuss-Cookie von Allnutrition \u2013 ohne Zuckerzusatz, mit Erdnussmark, als Einzelportion \u00e0 128 g. Jetzt bestellen.","robots":{"index":"index","follow":"follow","max-snippet":"max-snippet:-1","max-image-preview":"max-image-preview:large","max-video-preview":"max-video-preview:-1"},"canonical":"https:\/\/ecosupplements.ch\/?product=fitking-delicious-cookie-double-chocolate-128g","og_locale":"de_DE","og_type":"article","og_title":"Fitking Delicious Cookie Double Chocolate \u2013 Allnutrition | ecosupplements.ch","og_description":"Schokoladiger Genuss-Cookie von Allnutrition \u2013 ohne Zuckerzusatz, mit Erdnussmark, als Einzelportion \u00e0 128 g. Jetzt bestellen.","og_url":"https:\/\/ecosupplements.ch\/?product=fitking-delicious-cookie-double-chocolate-128g","og_site_name":"Eco Supplements","article_modified_time":"2026-05-13T07:25:03+00:00","og_image":[{"width":1000,"height":1000,"url":"https:\/\/ecosupplements.ch\/wp-content\/uploads\/2026\/05\/Fitking-Delicious-Cookie-Double-Chocolate-128g.webp","type":"image\/jpeg"}],"twitter_card":"summary_large_image","twitter_misc":{"Price":"&#67;&#72;&#70;&nbsp;1.82","Availability":"Out of stock"},"schema":{"@context":"https:\/\/schema.org","@graph":[{"@type":"WebPage","@id":"https:\/\/ecosupplements.ch\/?product=fitking-delicious-cookie-double-chocolate-128g","url":"https:\/\/ecosupplements.ch\/?product=fitking-delicious-cookie-double-chocolate-128g","name":"Fitking Delicious Cookie Double Chocolate \u2013 Allnutrition | ecosupplements.ch","isPartOf":{"@id":"https:\/\/ecosupplements.ch\/#website"},"primaryImageOfPage":{"@id":"https:\/\/ecosupplements.ch\/?product=fitking-delicious-cookie-double-chocolate-128g#primaryimage"},"image":{"@id":"https:\/\/ecosupplements.ch\/?product=fitking-delicious-cookie-double-chocolate-128g#primaryimage"},"thumbnailUrl":"https:\/\/ecosupplements.ch\/wp-content\/uploads\/2026\/05\/Fitking-Delicious-Cookie-Double-Chocolate-128g.webp","datePublished":"2026-05-11T14:29:11+00:00","dateModified":"2026-05-13T07:25:03+00:00","description":"Schokoladiger Genuss-Cookie von Allnutrition \u2013 ohne Zuckerzusatz, mit Erdnussmark, als Einzelportion \u00e0 128 g. Jetzt bestellen.","breadcrumb":{"@id":"https:\/\/ecosupplements.ch\/?product=fitking-delicious-cookie-double-chocolate-128g#breadcrumb"},"inLanguage":"de-CH","potentialAction":[{"@type":"ReadAction","target":["https:\/\/ecosupplements.ch\/?product=fitking-delicious-cookie-double-chocolate-128g"]}]},{"@type":"ImageObject","inLanguage":"de-CH","@id":"https:\/\/ecosupplements.ch\/?product=fitking-delicious-cookie-double-chocolate-128g#primaryimage","url":"https:\/\/ecosupplements.ch\/wp-content\/uploads\/2026\/05\/Fitking-Delicious-Cookie-Double-Chocolate-128g.webp","contentUrl":"https:\/\/ecosupplements.ch\/wp-content\/uploads\/2026\/05\/Fitking-Delicious-Cookie-Double-Chocolate-128g.webp","width":1000,"height":1000,"caption":"Fitking Delicious Cookie"},{"@type":"BreadcrumbList","@id":"https:\/\/ecosupplements.ch\/?product=fitking-delicious-cookie-double-chocolate-128g#breadcrumb","itemListElement":[{"@type":"ListItem","position":1,"name":"Home","item":"https:\/\/ecosupplements.ch\/"},{"@type":"ListItem","position":2,"name":"Shop","item":"https:\/\/ecosupplements.ch\/?page_id=14"},{"@type":"ListItem","position":3,"name":"Fitking Delicious Cookie, Double Chocolate &#8211; 128g"}]},{"@type":"WebSite","@id":"https:\/\/ecosupplements.ch\/#website","url":"https:\/\/ecosupplements.ch\/","name":"Eco Supplements","description":"","potentialAction":[{"@type":"SearchAction","target":{"@type":"EntryPoint","urlTemplate":"https:\/\/ecosupplements.ch\/?s={search_term_string}"},"query-input":{"@type":"PropertyValueSpecification","valueRequired":true,"valueName":"search_term_string"}}],"inLanguage":"de-CH"}]},"product_price_amount":"1.82","product_price_currency":"CHF","og_availability":"out of stock","product_availability":"out of stock","product_retailer_item_id":"5902837740638","product_condition":"new"},"_links":{"self":[{"href":"https:\/\/ecosupplements.ch\/index.php?rest_route=\/wp\/v2\/product\/1414","targetHints":{"allow":["GET"]}}],"collection":[{"href":"https:\/\/ecosupplements.ch\/index.php?rest_route=\/wp\/v2\/product"}],"about":[{"href":"https:\/\/ecosupplements.ch\/index.php?rest_route=\/wp\/v2\/types\/product"}],"replies":[{"embeddable":true,"href":"https:\/\/ecosupplements.ch\/index.php?rest_route=%2Fwp%2Fv2%2Fcomments&post=1414"}],"wp:featuredmedia":[{"embeddable":true,"href":"https:\/\/ecosupplements.ch\/index.php?rest_route=\/wp\/v2\/media\/1415"}],"wp:attachment":[{"href":"https:\/\/ecosupplements.ch\/index.php?rest_route=%2Fwp%2Fv2%2Fmedia&parent=1414"}],"wp:term":[{"taxonomy":"product_brand","embeddable":true,"href":"https:\/\/ecosupplements.ch\/index.php?rest_route=%2Fwp%2Fv2%2Fproduct_brand&post=1414"},{"taxonomy":"product_cat","embeddable":true,"href":"https:\/\/ecosupplements.ch\/index.php?rest_route=%2Fwp%2Fv2%2Fproduct_cat&post=1414"},{"taxonomy":"product_tag","embeddable":true,"href":"https:\/\/ecosupplements.ch\/index.php?rest_route=%2Fwp%2Fv2%2Fproduct_tag&post=1414"}],"curies":[{"name":"wp","href":"https:\/\/api.w.org\/{rel}","templated":true}]}}