{"id":1417,"date":"2026-05-11T14:29:12","date_gmt":"2026-05-11T14:29:12","guid":{"rendered":"https:\/\/ecosupplements.ch\/?product=fitking-delicious-cookie-peanut-butter-raspberry-jelly-128g"},"modified":"2026-05-13T07:25:03","modified_gmt":"2026-05-13T07:25:03","slug":"fitking-delicious-cookie-peanut-butter-raspberry-jelly-128g","status":"publish","type":"product","link":"https:\/\/ecosupplements.ch\/?product=fitking-delicious-cookie-peanut-butter-raspberry-jelly-128g","title":{"rendered":"Fitking Delicious Cookie, Peanut Butter Raspberry Jelly &#8211; 128g"},"content":{"rendered":"<div class=\"chcg-product-description\">\n<h2 class=\"chcg-heading\">\u00dcber Allnutrition \u2013 Fitking Delicious Cookie, Peanut Butter Raspberry Jelly \u2013 128g<\/h2>\n<div class=\"chcg-intro\">\n<p>Der Fitking Delicious Cookie von Allnutrition vereint den intensiven Geschmack von Erdnussbutter und Himbeerkonfit\u00fcre in einem grossz\u00fcgigen, s\u00e4ttigenden Keks von 128 g \u2013 eine Portion, die kaum W\u00fcnsche offenl\u00e4sst. Dank der Kombination aus einer erdnussreichen F\u00fcllung und einer fruchtigen Himbeerschicht entsteht ein harmonisches Geschmackserlebnis, das sich ideal als Snack zwischendurch eignet.<\/p>\n<p>Das Produkt wird ohne zugesetzten Zucker hergestellt und enth\u00e4lt S\u00fcssstoffe anstelle von herk\u00f6mmlichem Zucker. Mit einem Proteingehalt von 5 g pro 100 g sowie einem moderaten Kohlenhydratanteil ist dieser Cookie eine geschmackvolle Erg\u00e4nzung f\u00fcr alle, die beim Snacken nicht auf Genuss verzichten m\u00f6chten.<\/p>\n<p>Die Fitking-Linie von Allnutrition steht f\u00fcr Produkte, die Genuss und bewusste Ern\u00e4hrung miteinander verbinden. Der Peanut Butter Raspberry Jelly Cookie wird einzeln in einer Portion \u00e0 128 g angeboten und ist praktisch f\u00fcr unterwegs oder als Belohnung nach dem Training.<\/p>\n<\/p><\/div>\n<div class=\"chcg-nutrition\">\n<h3>N\u00e4hrwertangaben<\/h3>\n<table class=\"chcg-nutrition-table\">\n<thead>\n<tr>\n<th>N\u00e4hrstoff<\/th>\n<th>Pro 100 g<\/th>\n<\/tr>\n<\/thead>\n<tbody>\n<tr>\n<td>Energie<\/td>\n<td>1721 kJ \/ 411 kcal<\/td>\n<\/tr>\n<tr>\n<td>Fett<\/td>\n<td>19 g<\/td>\n<\/tr>\n<tr>\n<td>\u2013 davon ges\u00e4ttigte Fetts\u00e4uren<\/td>\n<td>12 g<\/td>\n<\/tr>\n<tr>\n<td>Kohlenhydrate<\/td>\n<td>65 g<\/td>\n<\/tr>\n<tr>\n<td>\u2013 davon Zucker<\/td>\n<td>4.9 g<\/td>\n<\/tr>\n<tr>\n<td>\u2013 davon Polyole<\/td>\n<td>27 g<\/td>\n<\/tr>\n<tr>\n<td>Ballaststoffe<\/td>\n<td>1.6 g<\/td>\n<\/tr>\n<tr>\n<td>Protein<\/td>\n<td>5 g<\/td>\n<\/tr>\n<tr>\n<td>Salz<\/td>\n<td>0.6 g<\/td>\n<\/tr>\n<\/tbody>\n<\/table><\/div>\n<div class=\"chcg-ingredients\">\n<h3>Zutaten<\/h3>\n<p>Weizenmehl, Erdnuss-Topping ohne Zuckerzusatz 25% (S\u00fcssungsmittel: Maltitole, Erdnusspaste, Raps\u00f6l, Emulgator: Lecithine, Aroma, Farbstoff: Carotine), Himbeerf\u00fcllung ohne Zuckerzusatz 25% (Feuchthaltemittel: Glycerol, Sorbitole; S\u00fcssungsmittel: Maltitole, Saft aus konzentriertem Himbeersaft 3.8%, Maisst\u00e4rke, S\u00e4uerungsmittel: Zitronens\u00e4ure, Natriumcitrate; Aroma, Konservierungsmittel: Kaliumsorbat, Sonnenblumen\u00f6l, Farbstoff: Karmin), pflanzliche Fette (Kokosnuss\u00f6l, Raps\u00f6l), S\u00fcssungsmittel: Maltitole, ent\u00f6ltes Kakaopulver 1.3%, Aroma, Salz, Triebmittel: Natriumcarbonate, Ammoniumcarbonate.<\/p>\n<\/p><\/div>\n<div class=\"chcg-dosage\">\n<h3>Verzehrempfehlung<\/h3>\n<p>Dem individuellen Bedarf entsprechend verwenden. 1 Portion = 128 g (1 Cookie).<\/p>\n<\/p><\/div>\n<div class=\"chcg-warnings\">\n<h3>Warnhinweise<\/h3>\n<p>Enth\u00e4lt S\u00fcssungsmittel. Ohne Zuckerzusatz. Enth\u00e4lt von Natur aus vorkommende Zucker. Nicht konsumieren, wenn Sie gegen\u00fcber einem der Inhaltsstoffe des Produkts allergisch sind. \u00dcberm\u00e4ssiger Verzehr kann abf\u00fchrend wirken.<\/p>\n<\/p><\/div>\n<div class=\"chcg-allergens\">\n<h3>Allergeninformationen<\/h3>\n<p>Enth\u00e4lt: Weizen (Gluten), Soja (Lecithine), Erdn\u00fcsse. Kann enthalten: N\u00fcsse, Sesamsamen, Milch und Milcherzeugnisse, Eier und Eiprodukte.<\/p>\n<\/p><\/div>\n<div class=\"chcg-storage\">\n<h3>Lagerung<\/h3>\n<p>An einem trockenen und k\u00fchlen Ort aufbewahren.<\/p>\n<\/p><\/div>\n<\/div>\n","protected":false},"excerpt":{"rendered":"<p>Der Allnutrition Fitking Delicious Cookie in der Sorte Peanut Butter Raspberry Jelly vereint Erdnussbutter und Himbeere in einem Keks ohne Zuckerzusatz. Eine Portion umfasst den ganzen Cookie \u00e0 128 g \u2013 praktisch und geschmackvoll.<\/p>\n","protected":false},"featured_media":1418,"comment_status":"closed","ping_status":"open","template":"","meta":[],"product_brand":[172],"product_cat":[52,48,139],"product_tag":[],"class_list":{"0":"post-1417","1":"product","2":"type-product","3":"status-publish","4":"has-post-thumbnail","6":"product_brand-allnutrition","7":"product_cat-genuss-ohne-reue","8":"product_cat-gesunde-ernaehrung","9":"product_cat-mahlzeitenersatz","11":"first","12":"outofstock","13":"taxable","14":"shipping-taxable","15":"purchasable","16":"product-type-simple"},"yoast_head":"<!-- This site is optimized with the Yoast SEO plugin v27.5 - https:\/\/yoast.com\/product\/yoast-seo-wordpress\/ -->\n<title>Fitking Cookie Peanut Butter Raspberry Jelly \u2013 Allnutrition | ecosupplements.ch<\/title>\n<meta name=\"description\" content=\"Allnutrition Fitking Delicious Cookie Peanut Butter Raspberry Jelly \u2013 128 g ohne Zuckerzusatz, mit fruchtiger Himbeerf\u00fcllung und Erdnuss-Topping. Jetzt bestellen.\" \/>\n<meta name=\"robots\" content=\"index, follow, max-snippet:-1, max-image-preview:large, max-video-preview:-1\" \/>\n<link rel=\"canonical\" href=\"https:\/\/ecosupplements.ch\/?product=fitking-delicious-cookie-peanut-butter-raspberry-jelly-128g\" \/>\n<meta property=\"og:locale\" content=\"de_DE\" \/>\n<meta property=\"og:type\" content=\"article\" \/>\n<meta property=\"og:title\" content=\"Fitking Cookie Peanut Butter Raspberry Jelly \u2013 Allnutrition | ecosupplements.ch\" \/>\n<meta property=\"og:description\" content=\"Allnutrition Fitking Delicious Cookie Peanut Butter Raspberry Jelly \u2013 128 g ohne Zuckerzusatz, mit fruchtiger Himbeerf\u00fcllung und Erdnuss-Topping. Jetzt bestellen.\" \/>\n<meta property=\"og:url\" content=\"https:\/\/ecosupplements.ch\/?product=fitking-delicious-cookie-peanut-butter-raspberry-jelly-128g\" \/>\n<meta property=\"og:site_name\" content=\"Eco Supplements\" \/>\n<meta property=\"article:modified_time\" content=\"2026-05-13T07:25:03+00:00\" \/>\n<meta property=\"og:image\" content=\"https:\/\/ecosupplements.ch\/wp-content\/uploads\/2026\/05\/Fitking-Delicious-Cookie-Peanut-Butter-Raspberry-Jelly-128g.webp\" \/>\n\t<meta property=\"og:image:width\" content=\"1000\" \/>\n\t<meta property=\"og:image:height\" content=\"1000\" \/>\n\t<meta property=\"og:image:type\" content=\"image\/jpeg\" \/>\n<meta name=\"twitter:card\" content=\"summary_large_image\" \/>\n<meta name=\"twitter:label1\" content=\"Price\" \/>\n\t<meta name=\"twitter:data1\" content=\"&#067;&#072;&#070;&nbsp;1.82\" \/>\n\t<meta name=\"twitter:label2\" content=\"Availability\" \/>\n\t<meta name=\"twitter:data2\" content=\"Out of stock\" \/>\n<script type=\"application\/ld+json\" class=\"yoast-schema-graph\">{\"@context\":\"https:\\\/\\\/schema.org\",\"@graph\":[{\"@type\":\"WebPage\",\"@id\":\"https:\\\/\\\/ecosupplements.ch\\\/?product=fitking-delicious-cookie-peanut-butter-raspberry-jelly-128g\",\"url\":\"https:\\\/\\\/ecosupplements.ch\\\/?product=fitking-delicious-cookie-peanut-butter-raspberry-jelly-128g\",\"name\":\"Fitking Cookie Peanut Butter Raspberry Jelly \u2013 Allnutrition | ecosupplements.ch\",\"isPartOf\":{\"@id\":\"https:\\\/\\\/ecosupplements.ch\\\/#website\"},\"primaryImageOfPage\":{\"@id\":\"https:\\\/\\\/ecosupplements.ch\\\/?product=fitking-delicious-cookie-peanut-butter-raspberry-jelly-128g#primaryimage\"},\"image\":{\"@id\":\"https:\\\/\\\/ecosupplements.ch\\\/?product=fitking-delicious-cookie-peanut-butter-raspberry-jelly-128g#primaryimage\"},\"thumbnailUrl\":\"https:\\\/\\\/ecosupplements.ch\\\/wp-content\\\/uploads\\\/2026\\\/05\\\/Fitking-Delicious-Cookie-Peanut-Butter-Raspberry-Jelly-128g.webp\",\"datePublished\":\"2026-05-11T14:29:12+00:00\",\"dateModified\":\"2026-05-13T07:25:03+00:00\",\"description\":\"Allnutrition Fitking Delicious Cookie Peanut Butter Raspberry Jelly \u2013 128 g ohne Zuckerzusatz, mit fruchtiger Himbeerf\u00fcllung und Erdnuss-Topping. Jetzt bestellen.\",\"breadcrumb\":{\"@id\":\"https:\\\/\\\/ecosupplements.ch\\\/?product=fitking-delicious-cookie-peanut-butter-raspberry-jelly-128g#breadcrumb\"},\"inLanguage\":\"de-CH\",\"potentialAction\":[{\"@type\":\"ReadAction\",\"target\":[\"https:\\\/\\\/ecosupplements.ch\\\/?product=fitking-delicious-cookie-peanut-butter-raspberry-jelly-128g\"]}]},{\"@type\":\"ImageObject\",\"inLanguage\":\"de-CH\",\"@id\":\"https:\\\/\\\/ecosupplements.ch\\\/?product=fitking-delicious-cookie-peanut-butter-raspberry-jelly-128g#primaryimage\",\"url\":\"https:\\\/\\\/ecosupplements.ch\\\/wp-content\\\/uploads\\\/2026\\\/05\\\/Fitking-Delicious-Cookie-Peanut-Butter-Raspberry-Jelly-128g.webp\",\"contentUrl\":\"https:\\\/\\\/ecosupplements.ch\\\/wp-content\\\/uploads\\\/2026\\\/05\\\/Fitking-Delicious-Cookie-Peanut-Butter-Raspberry-Jelly-128g.webp\",\"width\":1000,\"height\":1000,\"caption\":\"Fitking Delicious Cookie\"},{\"@type\":\"BreadcrumbList\",\"@id\":\"https:\\\/\\\/ecosupplements.ch\\\/?product=fitking-delicious-cookie-peanut-butter-raspberry-jelly-128g#breadcrumb\",\"itemListElement\":[{\"@type\":\"ListItem\",\"position\":1,\"name\":\"Home\",\"item\":\"https:\\\/\\\/ecosupplements.ch\\\/\"},{\"@type\":\"ListItem\",\"position\":2,\"name\":\"Shop\",\"item\":\"https:\\\/\\\/ecosupplements.ch\\\/?page_id=14\"},{\"@type\":\"ListItem\",\"position\":3,\"name\":\"Fitking Delicious Cookie, Peanut Butter Raspberry Jelly &#8211; 128g\"}]},{\"@type\":\"WebSite\",\"@id\":\"https:\\\/\\\/ecosupplements.ch\\\/#website\",\"url\":\"https:\\\/\\\/ecosupplements.ch\\\/\",\"name\":\"Eco Supplements\",\"description\":\"\",\"potentialAction\":[{\"@type\":\"SearchAction\",\"target\":{\"@type\":\"EntryPoint\",\"urlTemplate\":\"https:\\\/\\\/ecosupplements.ch\\\/?s={search_term_string}\"},\"query-input\":{\"@type\":\"PropertyValueSpecification\",\"valueRequired\":true,\"valueName\":\"search_term_string\"}}],\"inLanguage\":\"de-CH\"}]}<\/script>\n<meta property=\"product:price:amount\" content=\"1.82\" \/>\n<meta property=\"product:price:currency\" content=\"CHF\" \/>\n<meta property=\"og:availability\" content=\"out of stock\" \/>\n<meta property=\"product:availability\" content=\"out of stock\" \/>\n<meta property=\"product:retailer_item_id\" content=\"5902837746692\" \/>\n<meta property=\"product:condition\" content=\"new\" \/>\n<!-- \/ Yoast SEO plugin. -->","yoast_head_json":{"title":"Fitking Cookie Peanut Butter Raspberry Jelly \u2013 Allnutrition | ecosupplements.ch","description":"Allnutrition Fitking Delicious Cookie Peanut Butter Raspberry Jelly \u2013 128 g ohne Zuckerzusatz, mit fruchtiger Himbeerf\u00fcllung und Erdnuss-Topping. Jetzt bestellen.","robots":{"index":"index","follow":"follow","max-snippet":"max-snippet:-1","max-image-preview":"max-image-preview:large","max-video-preview":"max-video-preview:-1"},"canonical":"https:\/\/ecosupplements.ch\/?product=fitking-delicious-cookie-peanut-butter-raspberry-jelly-128g","og_locale":"de_DE","og_type":"article","og_title":"Fitking Cookie Peanut Butter Raspberry Jelly \u2013 Allnutrition | ecosupplements.ch","og_description":"Allnutrition Fitking Delicious Cookie Peanut Butter Raspberry Jelly \u2013 128 g ohne Zuckerzusatz, mit fruchtiger Himbeerf\u00fcllung und Erdnuss-Topping. Jetzt bestellen.","og_url":"https:\/\/ecosupplements.ch\/?product=fitking-delicious-cookie-peanut-butter-raspberry-jelly-128g","og_site_name":"Eco Supplements","article_modified_time":"2026-05-13T07:25:03+00:00","og_image":[{"width":1000,"height":1000,"url":"https:\/\/ecosupplements.ch\/wp-content\/uploads\/2026\/05\/Fitking-Delicious-Cookie-Peanut-Butter-Raspberry-Jelly-128g.webp","type":"image\/jpeg"}],"twitter_card":"summary_large_image","twitter_misc":{"Price":"&#67;&#72;&#70;&nbsp;1.82","Availability":"Out of stock"},"schema":{"@context":"https:\/\/schema.org","@graph":[{"@type":"WebPage","@id":"https:\/\/ecosupplements.ch\/?product=fitking-delicious-cookie-peanut-butter-raspberry-jelly-128g","url":"https:\/\/ecosupplements.ch\/?product=fitking-delicious-cookie-peanut-butter-raspberry-jelly-128g","name":"Fitking Cookie Peanut Butter Raspberry Jelly \u2013 Allnutrition | ecosupplements.ch","isPartOf":{"@id":"https:\/\/ecosupplements.ch\/#website"},"primaryImageOfPage":{"@id":"https:\/\/ecosupplements.ch\/?product=fitking-delicious-cookie-peanut-butter-raspberry-jelly-128g#primaryimage"},"image":{"@id":"https:\/\/ecosupplements.ch\/?product=fitking-delicious-cookie-peanut-butter-raspberry-jelly-128g#primaryimage"},"thumbnailUrl":"https:\/\/ecosupplements.ch\/wp-content\/uploads\/2026\/05\/Fitking-Delicious-Cookie-Peanut-Butter-Raspberry-Jelly-128g.webp","datePublished":"2026-05-11T14:29:12+00:00","dateModified":"2026-05-13T07:25:03+00:00","description":"Allnutrition Fitking Delicious Cookie Peanut Butter Raspberry Jelly \u2013 128 g ohne Zuckerzusatz, mit fruchtiger Himbeerf\u00fcllung und Erdnuss-Topping. Jetzt bestellen.","breadcrumb":{"@id":"https:\/\/ecosupplements.ch\/?product=fitking-delicious-cookie-peanut-butter-raspberry-jelly-128g#breadcrumb"},"inLanguage":"de-CH","potentialAction":[{"@type":"ReadAction","target":["https:\/\/ecosupplements.ch\/?product=fitking-delicious-cookie-peanut-butter-raspberry-jelly-128g"]}]},{"@type":"ImageObject","inLanguage":"de-CH","@id":"https:\/\/ecosupplements.ch\/?product=fitking-delicious-cookie-peanut-butter-raspberry-jelly-128g#primaryimage","url":"https:\/\/ecosupplements.ch\/wp-content\/uploads\/2026\/05\/Fitking-Delicious-Cookie-Peanut-Butter-Raspberry-Jelly-128g.webp","contentUrl":"https:\/\/ecosupplements.ch\/wp-content\/uploads\/2026\/05\/Fitking-Delicious-Cookie-Peanut-Butter-Raspberry-Jelly-128g.webp","width":1000,"height":1000,"caption":"Fitking Delicious Cookie"},{"@type":"BreadcrumbList","@id":"https:\/\/ecosupplements.ch\/?product=fitking-delicious-cookie-peanut-butter-raspberry-jelly-128g#breadcrumb","itemListElement":[{"@type":"ListItem","position":1,"name":"Home","item":"https:\/\/ecosupplements.ch\/"},{"@type":"ListItem","position":2,"name":"Shop","item":"https:\/\/ecosupplements.ch\/?page_id=14"},{"@type":"ListItem","position":3,"name":"Fitking Delicious Cookie, Peanut Butter Raspberry Jelly &#8211; 128g"}]},{"@type":"WebSite","@id":"https:\/\/ecosupplements.ch\/#website","url":"https:\/\/ecosupplements.ch\/","name":"Eco Supplements","description":"","potentialAction":[{"@type":"SearchAction","target":{"@type":"EntryPoint","urlTemplate":"https:\/\/ecosupplements.ch\/?s={search_term_string}"},"query-input":{"@type":"PropertyValueSpecification","valueRequired":true,"valueName":"search_term_string"}}],"inLanguage":"de-CH"}]},"product_price_amount":"1.82","product_price_currency":"CHF","og_availability":"out of stock","product_availability":"out of stock","product_retailer_item_id":"5902837746692","product_condition":"new"},"_links":{"self":[{"href":"https:\/\/ecosupplements.ch\/index.php?rest_route=\/wp\/v2\/product\/1417","targetHints":{"allow":["GET"]}}],"collection":[{"href":"https:\/\/ecosupplements.ch\/index.php?rest_route=\/wp\/v2\/product"}],"about":[{"href":"https:\/\/ecosupplements.ch\/index.php?rest_route=\/wp\/v2\/types\/product"}],"replies":[{"embeddable":true,"href":"https:\/\/ecosupplements.ch\/index.php?rest_route=%2Fwp%2Fv2%2Fcomments&post=1417"}],"wp:featuredmedia":[{"embeddable":true,"href":"https:\/\/ecosupplements.ch\/index.php?rest_route=\/wp\/v2\/media\/1418"}],"wp:attachment":[{"href":"https:\/\/ecosupplements.ch\/index.php?rest_route=%2Fwp%2Fv2%2Fmedia&parent=1417"}],"wp:term":[{"taxonomy":"product_brand","embeddable":true,"href":"https:\/\/ecosupplements.ch\/index.php?rest_route=%2Fwp%2Fv2%2Fproduct_brand&post=1417"},{"taxonomy":"product_cat","embeddable":true,"href":"https:\/\/ecosupplements.ch\/index.php?rest_route=%2Fwp%2Fv2%2Fproduct_cat&post=1417"},{"taxonomy":"product_tag","embeddable":true,"href":"https:\/\/ecosupplements.ch\/index.php?rest_route=%2Fwp%2Fv2%2Fproduct_tag&post=1417"}],"curies":[{"name":"wp","href":"https:\/\/api.w.org\/{rel}","templated":true}]}}