{"id":1423,"date":"2026-05-11T14:29:16","date_gmt":"2026-05-11T14:29:16","guid":{"rendered":"https:\/\/ecosupplements.ch\/?product=fitking-delicious-cookie-white-choco-cream-128g"},"modified":"2026-05-13T07:25:03","modified_gmt":"2026-05-13T07:25:03","slug":"fitking-delicious-cookie-white-choco-cream-128g","status":"publish","type":"product","link":"https:\/\/ecosupplements.ch\/?product=fitking-delicious-cookie-white-choco-cream-128g","title":{"rendered":"Fitking Delicious Cookie, White Choco Cream &#8211; 128g"},"content":{"rendered":"<div class=\"chcg-product-description\">\n<h2 class=\"chcg-heading\">\u00dcber Allnutrition \u2013 Fitking Delicious Cookie, White Choco Cream \u2013 128g<\/h2>\n<div class=\"chcg-intro\">\n<p>Der Fitking Delicious Cookie von Allnutrition vereint Genuss und bewusste Ern\u00e4hrung in einem praktischen, portionsgenauen Snack. Die Variante White Choco Cream \u00fcberzeugt mit einer cremigen weissen Schokoladenf\u00fcllung, knusprigem Keksteig und einer Kombination aus Erdn\u00fcssen und Bananenst\u00fccken \u2013 f\u00fcr ein abwechslungsreiches Geschmackserlebnis.<\/p>\n<p>Dank Milchschokolade ohne Zuckerzusatz und dem S\u00fcssungsmittel Maltitol eignet sich dieser Cookie als gelegentliche Nascherei mit reduziertem Zuckergehalt. Mit 6 g Protein pro 100 g und praktischer Einzelverpackung \u00e0 128 g ist er ideal f\u00fcr unterwegs oder als Zwischenmahlzeit.<\/p>\n<p>Der Fitking Delicious Cookie ist vegetarisch und wird ohne zugesetzten Zucker hergestellt \u2013 ein Genussprodukt f\u00fcr alle, die beim Snacken nicht auf Geschmack verzichten m\u00f6chten.<\/p>\n<\/p><\/div>\n<div class=\"chcg-nutrition\">\n<h3>N\u00e4hrwertangaben<\/h3>\n<table class=\"chcg-nutrition-table\">\n<thead>\n<tr>\n<th>N\u00e4hrstoff<\/th>\n<th>Pro 100 g<\/th>\n<\/tr>\n<\/thead>\n<tbody>\n<tr>\n<td>Energie<\/td>\n<td>2117 kJ \/ 509 kcal<\/td>\n<\/tr>\n<tr>\n<td>Fett<\/td>\n<td>31 g<\/td>\n<\/tr>\n<tr>\n<td>\u2013 davon ges\u00e4ttigte Fetts\u00e4uren<\/td>\n<td>18 g<\/td>\n<\/tr>\n<tr>\n<td>Kohlenhydrate<\/td>\n<td>59 g<\/td>\n<\/tr>\n<tr>\n<td>\u2013 davon Zucker<\/td>\n<td>6.40 g<\/td>\n<\/tr>\n<tr>\n<td>\u2013 davon Polyole<\/td>\n<td>23 g<\/td>\n<\/tr>\n<tr>\n<td>Ballaststoffe<\/td>\n<td>3.3 g<\/td>\n<\/tr>\n<tr>\n<td>Protein<\/td>\n<td>6 g<\/td>\n<\/tr>\n<tr>\n<td>Salz<\/td>\n<td>0.50 g<\/td>\n<\/tr>\n<\/tbody>\n<\/table><\/div>\n<div class=\"chcg-ingredients\">\n<h3>Zutaten<\/h3>\n<p>Milchschokolade ohne Zuckerzusatz 25 % (S\u00fcssungsmittel: Maltitole, Vollmilchpulver, Kakaobutter, Kakaomasse, Molkenpulver [aus Milch], Emulgator: Lecithine [aus Soja]), Erdnusspaste 25 % (ger\u00f6stete und gemahlene Erdn\u00fcsse), Weizenmehl, pflanzliche Fette (Kokos\u00f6l, Raps\u00f6l), S\u00fcssungsmittel: Maltitole, Erdn\u00fcsse 2.5 %, Bananenst\u00fccke 2.5 % (konzentriertes Apfelmark, konzentrierter Apfelsaft, Bananenp\u00fcree 0.4 %, Zitruspektin, Geliermittel: Pektin, nat\u00fcrliches Aroma), Triebmittel: Natriumcarbonate, Salz.<\/p>\n<\/p><\/div>\n<div class=\"chcg-dosage\">\n<h3>Verzehrempfehlung<\/h3>\n<p>1 Portion pro Packung (128 g). Entsprechend den individuellen Bed\u00fcrfnissen verzehren.<\/p>\n<\/p><\/div>\n<div class=\"chcg-warnings\">\n<h3>Warnhinweise<\/h3>\n<p>Mit S\u00fcssungsmittel. Ohne Zuckerzusatz. Enth\u00e4lt von Natur aus vorkommende Zucker. Nicht verzehren, wenn Sie auf eine der Zutaten des Produkts allergisch reagieren. \u00dcberm\u00e4ssiger Konsum kann abf\u00fchrend wirken.<\/p>\n<\/p><\/div>\n<div class=\"chcg-allergens\">\n<h3>Allergeninformationen<\/h3>\n<p>Enth\u00e4lt: Milch, Weizen (Gluten), Soja. Kann enthalten: Erdn\u00fcsse, N\u00fcsse, Sesamsamen, Eier und daraus gewonnene Erzeugnisse.<\/p>\n<\/p><\/div>\n<div class=\"chcg-storage\">\n<h3>Lagerung<\/h3>\n<p>An einem trockenen und k\u00fchlen Ort lagern.<\/p>\n<\/p><\/div>\n<div class=\"chcg-dietary\">\n<h3>Ern\u00e4hrungshinweise<\/h3>\n<ul>\n<li>Vegetarisch<\/li>\n<\/ul><\/div>\n<\/div>\n","protected":false},"excerpt":{"rendered":"<p>Der Allnutrition Fitking Delicious Cookie White Choco Cream ist ein genussreicher Keks ohne Zuckerzusatz mit cremiger F\u00fcllung, Erdn\u00fcssen und Bananenst\u00fccken. Praktisch als Einzelportion \u00e0 128 g. Vegetarisch geeignet.<\/p>\n","protected":false},"featured_media":1424,"comment_status":"closed","ping_status":"open","template":"","meta":[],"product_brand":[172],"product_cat":[52,48],"product_tag":[],"class_list":{"0":"post-1423","1":"product","2":"type-product","3":"status-publish","4":"has-post-thumbnail","6":"product_brand-allnutrition","7":"product_cat-genuss-ohne-reue","8":"product_cat-gesunde-ernaehrung","10":"first","11":"outofstock","12":"taxable","13":"shipping-taxable","14":"purchasable","15":"product-type-simple"},"yoast_head":"<!-- This site is optimized with the Yoast SEO plugin v27.5 - https:\/\/yoast.com\/product\/yoast-seo-wordpress\/ -->\n<title>Fitking Delicious Cookie White Choco Cream \u2013 Allnutrition | ecosupplements.ch<\/title>\n<meta name=\"description\" content=\"Genussreicher Keks ohne Zuckerzusatz mit weisser Schokoladencreme und Erdn\u00fcssen \u2013 128 g Einzelportion von Allnutrition. Jetzt bestellen.\" \/>\n<meta name=\"robots\" content=\"index, follow, max-snippet:-1, max-image-preview:large, max-video-preview:-1\" \/>\n<link rel=\"canonical\" href=\"https:\/\/ecosupplements.ch\/?product=fitking-delicious-cookie-white-choco-cream-128g\" \/>\n<meta property=\"og:locale\" content=\"de_DE\" \/>\n<meta property=\"og:type\" content=\"article\" \/>\n<meta property=\"og:title\" content=\"Fitking Delicious Cookie White Choco Cream \u2013 Allnutrition | ecosupplements.ch\" \/>\n<meta property=\"og:description\" content=\"Genussreicher Keks ohne Zuckerzusatz mit weisser Schokoladencreme und Erdn\u00fcssen \u2013 128 g Einzelportion von Allnutrition. Jetzt bestellen.\" \/>\n<meta property=\"og:url\" content=\"https:\/\/ecosupplements.ch\/?product=fitking-delicious-cookie-white-choco-cream-128g\" \/>\n<meta property=\"og:site_name\" content=\"Eco Supplements\" \/>\n<meta property=\"article:modified_time\" content=\"2026-05-13T07:25:03+00:00\" \/>\n<meta property=\"og:image\" content=\"https:\/\/ecosupplements.ch\/wp-content\/uploads\/2026\/05\/Fitking-Delicious-Cookie-White-Choco-Cream-128g.webp\" \/>\n\t<meta property=\"og:image:width\" content=\"1000\" \/>\n\t<meta property=\"og:image:height\" content=\"1000\" \/>\n\t<meta property=\"og:image:type\" content=\"image\/jpeg\" \/>\n<meta name=\"twitter:card\" content=\"summary_large_image\" \/>\n<meta name=\"twitter:label1\" content=\"Price\" \/>\n\t<meta name=\"twitter:data1\" content=\"&#067;&#072;&#070;&nbsp;1.82\" \/>\n\t<meta name=\"twitter:label2\" content=\"Availability\" \/>\n\t<meta name=\"twitter:data2\" content=\"Out of stock\" \/>\n<script type=\"application\/ld+json\" class=\"yoast-schema-graph\">{\"@context\":\"https:\\\/\\\/schema.org\",\"@graph\":[{\"@type\":\"WebPage\",\"@id\":\"https:\\\/\\\/ecosupplements.ch\\\/?product=fitking-delicious-cookie-white-choco-cream-128g\",\"url\":\"https:\\\/\\\/ecosupplements.ch\\\/?product=fitking-delicious-cookie-white-choco-cream-128g\",\"name\":\"Fitking Delicious Cookie White Choco Cream \u2013 Allnutrition | ecosupplements.ch\",\"isPartOf\":{\"@id\":\"https:\\\/\\\/ecosupplements.ch\\\/#website\"},\"primaryImageOfPage\":{\"@id\":\"https:\\\/\\\/ecosupplements.ch\\\/?product=fitking-delicious-cookie-white-choco-cream-128g#primaryimage\"},\"image\":{\"@id\":\"https:\\\/\\\/ecosupplements.ch\\\/?product=fitking-delicious-cookie-white-choco-cream-128g#primaryimage\"},\"thumbnailUrl\":\"https:\\\/\\\/ecosupplements.ch\\\/wp-content\\\/uploads\\\/2026\\\/05\\\/Fitking-Delicious-Cookie-White-Choco-Cream-128g.webp\",\"datePublished\":\"2026-05-11T14:29:16+00:00\",\"dateModified\":\"2026-05-13T07:25:03+00:00\",\"description\":\"Genussreicher Keks ohne Zuckerzusatz mit weisser Schokoladencreme und Erdn\u00fcssen \u2013 128 g Einzelportion von Allnutrition. Jetzt bestellen.\",\"breadcrumb\":{\"@id\":\"https:\\\/\\\/ecosupplements.ch\\\/?product=fitking-delicious-cookie-white-choco-cream-128g#breadcrumb\"},\"inLanguage\":\"de-CH\",\"potentialAction\":[{\"@type\":\"ReadAction\",\"target\":[\"https:\\\/\\\/ecosupplements.ch\\\/?product=fitking-delicious-cookie-white-choco-cream-128g\"]}]},{\"@type\":\"ImageObject\",\"inLanguage\":\"de-CH\",\"@id\":\"https:\\\/\\\/ecosupplements.ch\\\/?product=fitking-delicious-cookie-white-choco-cream-128g#primaryimage\",\"url\":\"https:\\\/\\\/ecosupplements.ch\\\/wp-content\\\/uploads\\\/2026\\\/05\\\/Fitking-Delicious-Cookie-White-Choco-Cream-128g.webp\",\"contentUrl\":\"https:\\\/\\\/ecosupplements.ch\\\/wp-content\\\/uploads\\\/2026\\\/05\\\/Fitking-Delicious-Cookie-White-Choco-Cream-128g.webp\",\"width\":1000,\"height\":1000,\"caption\":\"Fitking Delicious Cookie\"},{\"@type\":\"BreadcrumbList\",\"@id\":\"https:\\\/\\\/ecosupplements.ch\\\/?product=fitking-delicious-cookie-white-choco-cream-128g#breadcrumb\",\"itemListElement\":[{\"@type\":\"ListItem\",\"position\":1,\"name\":\"Home\",\"item\":\"https:\\\/\\\/ecosupplements.ch\\\/\"},{\"@type\":\"ListItem\",\"position\":2,\"name\":\"Shop\",\"item\":\"https:\\\/\\\/ecosupplements.ch\\\/?page_id=14\"},{\"@type\":\"ListItem\",\"position\":3,\"name\":\"Fitking Delicious Cookie, White Choco Cream &#8211; 128g\"}]},{\"@type\":\"WebSite\",\"@id\":\"https:\\\/\\\/ecosupplements.ch\\\/#website\",\"url\":\"https:\\\/\\\/ecosupplements.ch\\\/\",\"name\":\"Eco Supplements\",\"description\":\"\",\"potentialAction\":[{\"@type\":\"SearchAction\",\"target\":{\"@type\":\"EntryPoint\",\"urlTemplate\":\"https:\\\/\\\/ecosupplements.ch\\\/?s={search_term_string}\"},\"query-input\":{\"@type\":\"PropertyValueSpecification\",\"valueRequired\":true,\"valueName\":\"search_term_string\"}}],\"inLanguage\":\"de-CH\"}]}<\/script>\n<meta property=\"product:price:amount\" content=\"1.82\" \/>\n<meta property=\"product:price:currency\" content=\"CHF\" \/>\n<meta property=\"og:availability\" content=\"out of stock\" \/>\n<meta property=\"product:availability\" content=\"out of stock\" \/>\n<meta property=\"product:retailer_item_id\" content=\"5902837740447\" \/>\n<meta property=\"product:condition\" content=\"new\" \/>\n<!-- \/ Yoast SEO plugin. -->","yoast_head_json":{"title":"Fitking Delicious Cookie White Choco Cream \u2013 Allnutrition | ecosupplements.ch","description":"Genussreicher Keks ohne Zuckerzusatz mit weisser Schokoladencreme und Erdn\u00fcssen \u2013 128 g Einzelportion von Allnutrition. Jetzt bestellen.","robots":{"index":"index","follow":"follow","max-snippet":"max-snippet:-1","max-image-preview":"max-image-preview:large","max-video-preview":"max-video-preview:-1"},"canonical":"https:\/\/ecosupplements.ch\/?product=fitking-delicious-cookie-white-choco-cream-128g","og_locale":"de_DE","og_type":"article","og_title":"Fitking Delicious Cookie White Choco Cream \u2013 Allnutrition | ecosupplements.ch","og_description":"Genussreicher Keks ohne Zuckerzusatz mit weisser Schokoladencreme und Erdn\u00fcssen \u2013 128 g Einzelportion von Allnutrition. Jetzt bestellen.","og_url":"https:\/\/ecosupplements.ch\/?product=fitking-delicious-cookie-white-choco-cream-128g","og_site_name":"Eco Supplements","article_modified_time":"2026-05-13T07:25:03+00:00","og_image":[{"width":1000,"height":1000,"url":"https:\/\/ecosupplements.ch\/wp-content\/uploads\/2026\/05\/Fitking-Delicious-Cookie-White-Choco-Cream-128g.webp","type":"image\/jpeg"}],"twitter_card":"summary_large_image","twitter_misc":{"Price":"&#67;&#72;&#70;&nbsp;1.82","Availability":"Out of stock"},"schema":{"@context":"https:\/\/schema.org","@graph":[{"@type":"WebPage","@id":"https:\/\/ecosupplements.ch\/?product=fitking-delicious-cookie-white-choco-cream-128g","url":"https:\/\/ecosupplements.ch\/?product=fitking-delicious-cookie-white-choco-cream-128g","name":"Fitking Delicious Cookie White Choco Cream \u2013 Allnutrition | ecosupplements.ch","isPartOf":{"@id":"https:\/\/ecosupplements.ch\/#website"},"primaryImageOfPage":{"@id":"https:\/\/ecosupplements.ch\/?product=fitking-delicious-cookie-white-choco-cream-128g#primaryimage"},"image":{"@id":"https:\/\/ecosupplements.ch\/?product=fitking-delicious-cookie-white-choco-cream-128g#primaryimage"},"thumbnailUrl":"https:\/\/ecosupplements.ch\/wp-content\/uploads\/2026\/05\/Fitking-Delicious-Cookie-White-Choco-Cream-128g.webp","datePublished":"2026-05-11T14:29:16+00:00","dateModified":"2026-05-13T07:25:03+00:00","description":"Genussreicher Keks ohne Zuckerzusatz mit weisser Schokoladencreme und Erdn\u00fcssen \u2013 128 g Einzelportion von Allnutrition. Jetzt bestellen.","breadcrumb":{"@id":"https:\/\/ecosupplements.ch\/?product=fitking-delicious-cookie-white-choco-cream-128g#breadcrumb"},"inLanguage":"de-CH","potentialAction":[{"@type":"ReadAction","target":["https:\/\/ecosupplements.ch\/?product=fitking-delicious-cookie-white-choco-cream-128g"]}]},{"@type":"ImageObject","inLanguage":"de-CH","@id":"https:\/\/ecosupplements.ch\/?product=fitking-delicious-cookie-white-choco-cream-128g#primaryimage","url":"https:\/\/ecosupplements.ch\/wp-content\/uploads\/2026\/05\/Fitking-Delicious-Cookie-White-Choco-Cream-128g.webp","contentUrl":"https:\/\/ecosupplements.ch\/wp-content\/uploads\/2026\/05\/Fitking-Delicious-Cookie-White-Choco-Cream-128g.webp","width":1000,"height":1000,"caption":"Fitking Delicious Cookie"},{"@type":"BreadcrumbList","@id":"https:\/\/ecosupplements.ch\/?product=fitking-delicious-cookie-white-choco-cream-128g#breadcrumb","itemListElement":[{"@type":"ListItem","position":1,"name":"Home","item":"https:\/\/ecosupplements.ch\/"},{"@type":"ListItem","position":2,"name":"Shop","item":"https:\/\/ecosupplements.ch\/?page_id=14"},{"@type":"ListItem","position":3,"name":"Fitking Delicious Cookie, White Choco Cream &#8211; 128g"}]},{"@type":"WebSite","@id":"https:\/\/ecosupplements.ch\/#website","url":"https:\/\/ecosupplements.ch\/","name":"Eco Supplements","description":"","potentialAction":[{"@type":"SearchAction","target":{"@type":"EntryPoint","urlTemplate":"https:\/\/ecosupplements.ch\/?s={search_term_string}"},"query-input":{"@type":"PropertyValueSpecification","valueRequired":true,"valueName":"search_term_string"}}],"inLanguage":"de-CH"}]},"product_price_amount":"1.82","product_price_currency":"CHF","og_availability":"out of stock","product_availability":"out of stock","product_retailer_item_id":"5902837740447","product_condition":"new"},"_links":{"self":[{"href":"https:\/\/ecosupplements.ch\/index.php?rest_route=\/wp\/v2\/product\/1423","targetHints":{"allow":["GET"]}}],"collection":[{"href":"https:\/\/ecosupplements.ch\/index.php?rest_route=\/wp\/v2\/product"}],"about":[{"href":"https:\/\/ecosupplements.ch\/index.php?rest_route=\/wp\/v2\/types\/product"}],"replies":[{"embeddable":true,"href":"https:\/\/ecosupplements.ch\/index.php?rest_route=%2Fwp%2Fv2%2Fcomments&post=1423"}],"wp:featuredmedia":[{"embeddable":true,"href":"https:\/\/ecosupplements.ch\/index.php?rest_route=\/wp\/v2\/media\/1424"}],"wp:attachment":[{"href":"https:\/\/ecosupplements.ch\/index.php?rest_route=%2Fwp%2Fv2%2Fmedia&parent=1423"}],"wp:term":[{"taxonomy":"product_brand","embeddable":true,"href":"https:\/\/ecosupplements.ch\/index.php?rest_route=%2Fwp%2Fv2%2Fproduct_brand&post=1423"},{"taxonomy":"product_cat","embeddable":true,"href":"https:\/\/ecosupplements.ch\/index.php?rest_route=%2Fwp%2Fv2%2Fproduct_cat&post=1423"},{"taxonomy":"product_tag","embeddable":true,"href":"https:\/\/ecosupplements.ch\/index.php?rest_route=%2Fwp%2Fv2%2Fproduct_tag&post=1423"}],"curies":[{"name":"wp","href":"https:\/\/api.w.org\/{rel}","templated":true}]}}