{"id":1440,"date":"2026-05-11T14:29:23","date_gmt":"2026-05-11T14:29:23","guid":{"rendered":"https:\/\/ecosupplements.ch\/?product=frulove-in-jelly-cherry-1000g"},"modified":"2026-05-13T07:26:38","modified_gmt":"2026-05-13T07:26:38","slug":"frulove-in-jelly-cherry-1000g","status":"publish","type":"product","link":"https:\/\/ecosupplements.ch\/?product=frulove-in-jelly-cherry-1000g","title":{"rendered":"Frulove In Jelly, Cherry &#8211; 1000g"},"content":{"rendered":"<div class=\"chcg-product-description\">\n<h2 class=\"chcg-heading\">\u00dcber Allnutrition \u2013 Frulove In Jelly, Cherry \u2013 1000g<\/h2>\n<div class=\"chcg-intro\">\n<p>Allnutrition Frulove In Jelly Cherry ist ein fruchtiges Gelee-Produkt auf Kirschbasis, das zu 80 % aus echten Kirschen besteht \u2013 davon 68 % Fruchtanteil und 12 % Kirschp\u00fcree. Das Produkt \u00fcberzeugt durch seinen nat\u00fcrlichen Fruchtgeschmack und eine angenehme Gelee-Konsistenz, die es zu einer schmackhaften Erg\u00e4nzung im Alltag macht.<\/p>\n<p>Dank der Verwendung von S\u00fcssungsmitteln wie Erythrit und Sucralose enth\u00e4lt Frulove In Jelly weniger Zucker als herk\u00f6mmliche Fruchtaufstriche oder Konfit\u00fcren \u2013 ideal f\u00fcr alle, die bewusst auf ihre Zuckeraufnahme achten. Mit lediglich 56 kcal pro 100 g ist es eine leichte Option f\u00fcr genussvolle Momente.<\/p>\n<p>Das praktische 1000-g-Glas entspricht einer Portion und eignet sich hervorragend als Beilage zu Joghurt, Quark, Porridge oder anderen Mahlzeiten. Allnutrition steht f\u00fcr hochwertige Lebensmittel, die Genuss und eine bewusste Ern\u00e4hrung miteinander verbinden.<\/p>\n<\/p><\/div>\n<div class=\"chcg-nutrition\">\n<h3>N\u00e4hrwertangaben<\/h3>\n<table class=\"chcg-nutrition-table\">\n<thead>\n<tr>\n<th>N\u00e4hrstoff<\/th>\n<th>Pro 100 g<\/th>\n<\/tr>\n<\/thead>\n<tbody>\n<tr>\n<td>Energie<\/td>\n<td>234 kJ \/ 56 kcal<\/td>\n<\/tr>\n<tr>\n<td>Fett<\/td>\n<td>&lt;0,5 g<\/td>\n<\/tr>\n<tr>\n<td>\u2013 davon ges\u00e4ttigte Fetts\u00e4uren<\/td>\n<td>&lt;0,1 g<\/td>\n<\/tr>\n<tr>\n<td>Kohlenhydrate<\/td>\n<td>18 g<\/td>\n<\/tr>\n<tr>\n<td>\u2013 davon Zucker<\/td>\n<td>7,4 g<\/td>\n<\/tr>\n<\/tbody>\n<\/table><\/div>\n<div class=\"chcg-ingredients\">\n<h3>Zutaten<\/h3>\n<p>Kirschen (80 %) [Frucht (68 %), Kirschp\u00fcree (12 %)], Wasser, S\u00fcssungsmittel: Erythrit, modifizierte St\u00e4rke, Schwarzkarottenkonzentrat, Zitronensaftkonzentrat, S\u00e4ureregulator: Calciumchlorid, Aroma, Konservierungsmittel: Kaliumsorbat, S\u00fcssungsmittel: Sucralose.<\/p>\n<\/p><\/div>\n<div class=\"chcg-dosage\">\n<h3>Verzehrempfehlung<\/h3>\n<p>1 Portion pro Tag (das gesamte Glas = 1 Portion \/ 1000 g).<\/p>\n<\/p><\/div>\n<div class=\"chcg-warnings\">\n<h3>Warnhinweise<\/h3>\n<p>Dieses Produkt ist kein Ersatz f\u00fcr eine abwechslungsreiche Ern\u00e4hrung. Eine ausgewogene Ern\u00e4hrung und ein gesunder Lebensstil werden empfohlen. Nicht verwenden, wenn Sie gegen einen der Inhaltsstoffe allergisch sind. \u00dcberm\u00e4ssiger Konsum kann abf\u00fchrend wirken. Das Nachdunkeln des Produkts w\u00e4hrend der Lagerung ist ein nat\u00fcrliches Ph\u00e4nomen. Enth\u00e4lt S\u00fcssungsmittel. Enth\u00e4lt von Natur aus vorkommende Zucker.<\/p>\n<\/p><\/div>\n<div class=\"chcg-allergens\">\n<h3>Allergeninformationen<\/h3>\n<p>Kann Spuren von glutenhaltigem Getreide, Soja, Milch, Sellerie und Senf enthalten. Kann ebenfalls Spuren von Getreide mit Gluten, Eiern, Sojabohnen, Erdn\u00fcssen, Milch und daraus hergestellten Produkten enthalten.<\/p>\n<\/p><\/div>\n<div class=\"chcg-storage\">\n<h3>Lagerung<\/h3>\n<p>An einem trockenen Ort bei 2 \u00b0C bis 25 \u00b0C lagern. Nach dem \u00d6ffnen im K\u00fchlschrank bei 2 \u00b0C bis 10 \u00b0C aufbewahren. Innerhalb von 14 Tagen nach dem \u00d6ffnen verbrauchen.<\/p>\n<\/p><\/div>\n<div class=\"chcg-dietary\">\n<h3>Ern\u00e4hrungshinweise<\/h3>\n<ul>\n<li>Vegan<\/li>\n<li>Vegetarisch<\/li>\n<\/ul><\/div>\n<\/div>\n","protected":false},"excerpt":{"rendered":"<p>Allnutrition Frulove In Jelly Cherry ist ein fruchtiges Kirschgelee mit 80 % echten Kirschen, ges\u00fcsst mit Erythrit und Sucralose. Das 1000-g-Glas entspricht einer Portion und passt ideal zu Joghurt oder Quark.<\/p>\n","protected":false},"featured_media":1441,"comment_status":"closed","ping_status":"open","template":"","meta":[],"product_brand":[172],"product_cat":[48,22],"product_tag":[],"class_list":{"0":"post-1440","1":"product","2":"type-product","3":"status-publish","4":"has-post-thumbnail","6":"product_brand-allnutrition","7":"product_cat-gesunde-ernaehrung","8":"product_cat-vegane-produkte","10":"first","11":"outofstock","12":"taxable","13":"shipping-taxable","14":"purchasable","15":"product-type-simple"},"yoast_head":"<!-- This site is optimized with the Yoast SEO plugin v27.5 - https:\/\/yoast.com\/product\/yoast-seo-wordpress\/ -->\n<title>Frulove In Jelly Cherry 1000g \u2013 Allnutrition | ecosupplements.ch<\/title>\n<meta name=\"description\" content=\"Fruchtiges Kirschgelee mit 80 % echten Kirschen, zuckerreduziert und vegan \u2013 im praktischen 1000-g-Glas. Jetzt bestellen.\" \/>\n<meta name=\"robots\" content=\"index, follow, max-snippet:-1, max-image-preview:large, max-video-preview:-1\" \/>\n<link rel=\"canonical\" href=\"https:\/\/ecosupplements.ch\/?product=frulove-in-jelly-cherry-1000g\" \/>\n<meta property=\"og:locale\" content=\"de_DE\" \/>\n<meta property=\"og:type\" content=\"article\" \/>\n<meta property=\"og:title\" content=\"Frulove In Jelly Cherry 1000g \u2013 Allnutrition | ecosupplements.ch\" \/>\n<meta property=\"og:description\" content=\"Fruchtiges Kirschgelee mit 80 % echten Kirschen, zuckerreduziert und vegan \u2013 im praktischen 1000-g-Glas. Jetzt bestellen.\" \/>\n<meta property=\"og:url\" content=\"https:\/\/ecosupplements.ch\/?product=frulove-in-jelly-cherry-1000g\" \/>\n<meta property=\"og:site_name\" content=\"Eco Supplements\" \/>\n<meta property=\"article:modified_time\" content=\"2026-05-13T07:26:38+00:00\" \/>\n<meta property=\"og:image\" content=\"https:\/\/ecosupplements.ch\/wp-content\/uploads\/2026\/05\/Frulove-In-Jelly-Cherry-1000g.jpg\" \/>\n\t<meta property=\"og:image:width\" content=\"648\" \/>\n\t<meta property=\"og:image:height\" content=\"648\" \/>\n\t<meta property=\"og:image:type\" content=\"image\/jpeg\" \/>\n<meta name=\"twitter:card\" content=\"summary_large_image\" \/>\n<meta name=\"twitter:label1\" content=\"Price\" \/>\n\t<meta name=\"twitter:data1\" content=\"&#067;&#072;&#070;&nbsp;17.03\" \/>\n\t<meta name=\"twitter:label2\" content=\"Availability\" \/>\n\t<meta name=\"twitter:data2\" content=\"Out of stock\" \/>\n<script type=\"application\/ld+json\" class=\"yoast-schema-graph\">{\"@context\":\"https:\\\/\\\/schema.org\",\"@graph\":[{\"@type\":\"WebPage\",\"@id\":\"https:\\\/\\\/ecosupplements.ch\\\/?product=frulove-in-jelly-cherry-1000g\",\"url\":\"https:\\\/\\\/ecosupplements.ch\\\/?product=frulove-in-jelly-cherry-1000g\",\"name\":\"Frulove In Jelly Cherry 1000g \u2013 Allnutrition | ecosupplements.ch\",\"isPartOf\":{\"@id\":\"https:\\\/\\\/ecosupplements.ch\\\/#website\"},\"primaryImageOfPage\":{\"@id\":\"https:\\\/\\\/ecosupplements.ch\\\/?product=frulove-in-jelly-cherry-1000g#primaryimage\"},\"image\":{\"@id\":\"https:\\\/\\\/ecosupplements.ch\\\/?product=frulove-in-jelly-cherry-1000g#primaryimage\"},\"thumbnailUrl\":\"https:\\\/\\\/ecosupplements.ch\\\/wp-content\\\/uploads\\\/2026\\\/05\\\/Frulove-In-Jelly-Cherry-1000g.jpg\",\"datePublished\":\"2026-05-11T14:29:23+00:00\",\"dateModified\":\"2026-05-13T07:26:38+00:00\",\"description\":\"Fruchtiges Kirschgelee mit 80 % echten Kirschen, zuckerreduziert und vegan \u2013 im praktischen 1000-g-Glas. Jetzt bestellen.\",\"breadcrumb\":{\"@id\":\"https:\\\/\\\/ecosupplements.ch\\\/?product=frulove-in-jelly-cherry-1000g#breadcrumb\"},\"inLanguage\":\"de-CH\",\"potentialAction\":[{\"@type\":\"ReadAction\",\"target\":[\"https:\\\/\\\/ecosupplements.ch\\\/?product=frulove-in-jelly-cherry-1000g\"]}]},{\"@type\":\"ImageObject\",\"inLanguage\":\"de-CH\",\"@id\":\"https:\\\/\\\/ecosupplements.ch\\\/?product=frulove-in-jelly-cherry-1000g#primaryimage\",\"url\":\"https:\\\/\\\/ecosupplements.ch\\\/wp-content\\\/uploads\\\/2026\\\/05\\\/Frulove-In-Jelly-Cherry-1000g.jpg\",\"contentUrl\":\"https:\\\/\\\/ecosupplements.ch\\\/wp-content\\\/uploads\\\/2026\\\/05\\\/Frulove-In-Jelly-Cherry-1000g.jpg\",\"width\":648,\"height\":648,\"caption\":\"Frulove In Jelly\"},{\"@type\":\"BreadcrumbList\",\"@id\":\"https:\\\/\\\/ecosupplements.ch\\\/?product=frulove-in-jelly-cherry-1000g#breadcrumb\",\"itemListElement\":[{\"@type\":\"ListItem\",\"position\":1,\"name\":\"Home\",\"item\":\"https:\\\/\\\/ecosupplements.ch\\\/\"},{\"@type\":\"ListItem\",\"position\":2,\"name\":\"Shop\",\"item\":\"https:\\\/\\\/ecosupplements.ch\\\/?page_id=14\"},{\"@type\":\"ListItem\",\"position\":3,\"name\":\"Frulove In Jelly, Cherry &#8211; 1000g\"}]},{\"@type\":\"WebSite\",\"@id\":\"https:\\\/\\\/ecosupplements.ch\\\/#website\",\"url\":\"https:\\\/\\\/ecosupplements.ch\\\/\",\"name\":\"Eco Supplements\",\"description\":\"\",\"potentialAction\":[{\"@type\":\"SearchAction\",\"target\":{\"@type\":\"EntryPoint\",\"urlTemplate\":\"https:\\\/\\\/ecosupplements.ch\\\/?s={search_term_string}\"},\"query-input\":{\"@type\":\"PropertyValueSpecification\",\"valueRequired\":true,\"valueName\":\"search_term_string\"}}],\"inLanguage\":\"de-CH\"}]}<\/script>\n<meta property=\"product:price:amount\" content=\"17.03\" \/>\n<meta property=\"product:price:currency\" content=\"CHF\" \/>\n<meta property=\"og:availability\" content=\"out of stock\" \/>\n<meta property=\"product:availability\" content=\"out of stock\" \/>\n<meta property=\"product:retailer_item_id\" content=\"5902837742830\" \/>\n<meta property=\"product:condition\" content=\"new\" \/>\n<!-- \/ Yoast SEO plugin. -->","yoast_head_json":{"title":"Frulove In Jelly Cherry 1000g \u2013 Allnutrition | ecosupplements.ch","description":"Fruchtiges Kirschgelee mit 80 % echten Kirschen, zuckerreduziert und vegan \u2013 im praktischen 1000-g-Glas. Jetzt bestellen.","robots":{"index":"index","follow":"follow","max-snippet":"max-snippet:-1","max-image-preview":"max-image-preview:large","max-video-preview":"max-video-preview:-1"},"canonical":"https:\/\/ecosupplements.ch\/?product=frulove-in-jelly-cherry-1000g","og_locale":"de_DE","og_type":"article","og_title":"Frulove In Jelly Cherry 1000g \u2013 Allnutrition | ecosupplements.ch","og_description":"Fruchtiges Kirschgelee mit 80 % echten Kirschen, zuckerreduziert und vegan \u2013 im praktischen 1000-g-Glas. Jetzt bestellen.","og_url":"https:\/\/ecosupplements.ch\/?product=frulove-in-jelly-cherry-1000g","og_site_name":"Eco Supplements","article_modified_time":"2026-05-13T07:26:38+00:00","og_image":[{"width":648,"height":648,"url":"https:\/\/ecosupplements.ch\/wp-content\/uploads\/2026\/05\/Frulove-In-Jelly-Cherry-1000g.jpg","type":"image\/jpeg"}],"twitter_card":"summary_large_image","twitter_misc":{"Price":"&#67;&#72;&#70;&nbsp;17.03","Availability":"Out of stock"},"schema":{"@context":"https:\/\/schema.org","@graph":[{"@type":"WebPage","@id":"https:\/\/ecosupplements.ch\/?product=frulove-in-jelly-cherry-1000g","url":"https:\/\/ecosupplements.ch\/?product=frulove-in-jelly-cherry-1000g","name":"Frulove In Jelly Cherry 1000g \u2013 Allnutrition | ecosupplements.ch","isPartOf":{"@id":"https:\/\/ecosupplements.ch\/#website"},"primaryImageOfPage":{"@id":"https:\/\/ecosupplements.ch\/?product=frulove-in-jelly-cherry-1000g#primaryimage"},"image":{"@id":"https:\/\/ecosupplements.ch\/?product=frulove-in-jelly-cherry-1000g#primaryimage"},"thumbnailUrl":"https:\/\/ecosupplements.ch\/wp-content\/uploads\/2026\/05\/Frulove-In-Jelly-Cherry-1000g.jpg","datePublished":"2026-05-11T14:29:23+00:00","dateModified":"2026-05-13T07:26:38+00:00","description":"Fruchtiges Kirschgelee mit 80 % echten Kirschen, zuckerreduziert und vegan \u2013 im praktischen 1000-g-Glas. Jetzt bestellen.","breadcrumb":{"@id":"https:\/\/ecosupplements.ch\/?product=frulove-in-jelly-cherry-1000g#breadcrumb"},"inLanguage":"de-CH","potentialAction":[{"@type":"ReadAction","target":["https:\/\/ecosupplements.ch\/?product=frulove-in-jelly-cherry-1000g"]}]},{"@type":"ImageObject","inLanguage":"de-CH","@id":"https:\/\/ecosupplements.ch\/?product=frulove-in-jelly-cherry-1000g#primaryimage","url":"https:\/\/ecosupplements.ch\/wp-content\/uploads\/2026\/05\/Frulove-In-Jelly-Cherry-1000g.jpg","contentUrl":"https:\/\/ecosupplements.ch\/wp-content\/uploads\/2026\/05\/Frulove-In-Jelly-Cherry-1000g.jpg","width":648,"height":648,"caption":"Frulove In Jelly"},{"@type":"BreadcrumbList","@id":"https:\/\/ecosupplements.ch\/?product=frulove-in-jelly-cherry-1000g#breadcrumb","itemListElement":[{"@type":"ListItem","position":1,"name":"Home","item":"https:\/\/ecosupplements.ch\/"},{"@type":"ListItem","position":2,"name":"Shop","item":"https:\/\/ecosupplements.ch\/?page_id=14"},{"@type":"ListItem","position":3,"name":"Frulove In Jelly, Cherry &#8211; 1000g"}]},{"@type":"WebSite","@id":"https:\/\/ecosupplements.ch\/#website","url":"https:\/\/ecosupplements.ch\/","name":"Eco Supplements","description":"","potentialAction":[{"@type":"SearchAction","target":{"@type":"EntryPoint","urlTemplate":"https:\/\/ecosupplements.ch\/?s={search_term_string}"},"query-input":{"@type":"PropertyValueSpecification","valueRequired":true,"valueName":"search_term_string"}}],"inLanguage":"de-CH"}]},"product_price_amount":"17.03","product_price_currency":"CHF","og_availability":"out of stock","product_availability":"out of stock","product_retailer_item_id":"5902837742830","product_condition":"new"},"_links":{"self":[{"href":"https:\/\/ecosupplements.ch\/index.php?rest_route=\/wp\/v2\/product\/1440","targetHints":{"allow":["GET"]}}],"collection":[{"href":"https:\/\/ecosupplements.ch\/index.php?rest_route=\/wp\/v2\/product"}],"about":[{"href":"https:\/\/ecosupplements.ch\/index.php?rest_route=\/wp\/v2\/types\/product"}],"replies":[{"embeddable":true,"href":"https:\/\/ecosupplements.ch\/index.php?rest_route=%2Fwp%2Fv2%2Fcomments&post=1440"}],"wp:featuredmedia":[{"embeddable":true,"href":"https:\/\/ecosupplements.ch\/index.php?rest_route=\/wp\/v2\/media\/1441"}],"wp:attachment":[{"href":"https:\/\/ecosupplements.ch\/index.php?rest_route=%2Fwp%2Fv2%2Fmedia&parent=1440"}],"wp:term":[{"taxonomy":"product_brand","embeddable":true,"href":"https:\/\/ecosupplements.ch\/index.php?rest_route=%2Fwp%2Fv2%2Fproduct_brand&post=1440"},{"taxonomy":"product_cat","embeddable":true,"href":"https:\/\/ecosupplements.ch\/index.php?rest_route=%2Fwp%2Fv2%2Fproduct_cat&post=1440"},{"taxonomy":"product_tag","embeddable":true,"href":"https:\/\/ecosupplements.ch\/index.php?rest_route=%2Fwp%2Fv2%2Fproduct_tag&post=1440"}],"curies":[{"name":"wp","href":"https:\/\/api.w.org\/{rel}","templated":true}]}}