{"id":1444,"date":"2026-05-11T14:29:25","date_gmt":"2026-05-11T14:29:25","guid":{"rendered":"https:\/\/ecosupplements.ch\/?product=isotonic-watermelon-700g"},"modified":"2026-05-12T17:51:34","modified_gmt":"2026-05-12T17:51:34","slug":"isotonic-watermelon-700g","status":"publish","type":"product","link":"https:\/\/ecosupplements.ch\/?product=isotonic-watermelon-700g","title":{"rendered":"Isotonic, Watermelon &#8211; 700g"},"content":{"rendered":"<div class=\"chcg-product-description\">\n<h2 class=\"chcg-heading\">\u00dcber Allnutrition \u2013 Isotonic, Watermelon \u2013 700g<\/h2>\n<div class=\"chcg-intro\">\n<p>Das Allnutrition Isotonic Pulver in der erfrischenden Wassermelonen-Variante wurde speziell f\u00fcr aktive Menschen entwickelt, die ihren K\u00f6rper vor, w\u00e4hrend und nach dem Sport optimal mit Fl\u00fcssigkeit und wichtigen Elektrolyten versorgen m\u00f6chten. Mit einer ausgewogenen Kombination aus schnell verf\u00fcgbarer Glucose sowie den Elektrolyten Natrium, Kalium, Calcium und Magnesium unterst\u00fctzt dieses isotonische Getr\u00e4nkepulver die Aufrechterhaltung einer normalen Muskelfunktion und eines ausgeglichenen Elektrolythaushalts.<\/p>\n<p>Zus\u00e4tzlich enth\u00e4lt jede Portion eine umfassende Auswahl an B-Vitaminen \u2013 darunter Thiamin (B1), Riboflavin (B2), Niacin (B3), Pantothens\u00e4ure (B5), Vitamin B6, Biotin (B7), Fols\u00e4ure (B9) und Vitamin B12 \u2013 die zur Verringerung von M\u00fcdigkeit und Ersch\u00f6pfung beitragen sowie den normalen Energiestoffwechsel unterst\u00fctzen. Die Formel ist erg\u00e4nzt mit Maca-Wurzelextrakt (Lepidium meyenii) und l\u00e4sst sich dank der isotonischen Zusammensetzung schnell und einfach in Wasser aufl\u00f6sen.<\/p>\n<p>Mit 22 Portionen pro Dose (700 g) bietet dieses Pulver eine praktische und ergiebige Versorgung f\u00fcr das regelm\u00e4ssige Training. Die fruchtige Wassermelonen-Note macht das Getr\u00e4nk zu einem angenehmen Begleiter im Sport-Alltag.<\/p>\n<\/p><\/div>\n<div class=\"chcg-nutrition\">\n<h3>N\u00e4hrwertangaben<\/h3>\n<table class=\"chcg-nutrition-table\">\n<thead>\n<tr>\n<th>N\u00e4hrstoff<\/th>\n<th>Pro Portion (31,5 g)<\/th>\n<\/tr>\n<\/thead>\n<tbody>\n<tr>\n<td>Energie<\/td>\n<td>440 kJ \/ 105 kcal<\/td>\n<\/tr>\n<tr>\n<td>Fett<\/td>\n<td>0 g<\/td>\n<\/tr>\n<tr>\n<td>Kohlenhydrate<\/td>\n<td>26,3 g<\/td>\n<\/tr>\n<tr>\n<td>\u2013 davon Zucker<\/td>\n<td>26,3 g<\/td>\n<\/tr>\n<tr>\n<td>\u2013 davon Glucose<\/td>\n<td>26,3 g<\/td>\n<\/tr>\n<tr>\n<td>Protein<\/td>\n<td>0 g<\/td>\n<\/tr>\n<tr>\n<td>Natrium<\/td>\n<td>350 mg<\/td>\n<\/tr>\n<tr>\n<td>Kalium<\/td>\n<td>300 mg (15% NRV)<\/td>\n<\/tr>\n<tr>\n<td>Calcium<\/td>\n<td>120 mg (15% NRV)<\/td>\n<\/tr>\n<tr>\n<td>Magnesium<\/td>\n<td>60 mg (16% NRV)<\/td>\n<\/tr>\n<tr>\n<td>Thiamin (B1)<\/td>\n<td>0,165 mg (15% NRV)<\/td>\n<\/tr>\n<tr>\n<td>Riboflavin (B2)<\/td>\n<td>0,21 mg (15% NRV)<\/td>\n<\/tr>\n<tr>\n<td>Niacin (B3)<\/td>\n<td>2,4 mg (15% NRV)<\/td>\n<\/tr>\n<tr>\n<td>Pantothens\u00e4ure (B5)<\/td>\n<td>0,9 mg (15% NRV)<\/td>\n<\/tr>\n<tr>\n<td>Vitamin B6<\/td>\n<td>0,21 mg (15% NRV)<\/td>\n<\/tr>\n<tr>\n<td>Biotin (B7)<\/td>\n<td>7,5 \u00b5g (15% NRV)<\/td>\n<\/tr>\n<tr>\n<td>Fols\u00e4ure (B9)<\/td>\n<td>30 \u00b5g (15% NRV)<\/td>\n<\/tr>\n<tr>\n<td>Vitamin B12<\/td>\n<td>0,38 \u00b5g (15% NRV)<\/td>\n<\/tr>\n<tr>\n<td>Maca-Wurzelextrakt (Lepidium meyenii)<\/td>\n<td>Menge nicht deklariert<\/td>\n<\/tr>\n<\/tbody>\n<\/table>\n<p class=\"chcg-footnote\">NRV = Referenzmenge f\u00fcr die t\u00e4gliche Zufuhr (Nutrient Reference Value)<\/p>\n<\/p><\/div>\n<div class=\"chcg-ingredients\">\n<h3>Zutaten<\/h3>\n<p>Glucose, S\u00e4uerungsmittel: Citronens\u00e4ure, Natriumcitrat, Kaliumcitrat, Calciumsalze der Orthophosphors\u00e4ure, Kaliumchlorid, Magnesiumcarbonat, Maca-Wurzelextrakt Lepidium meyenii, S\u00fcssungsmittel: Acesulfam-Kalium, Aroma, Vitamine (Thiaminmononitrat, Riboflavin, Nicotinamid, Calcium-D-pantothenat, Pyridoxinhydrochlorid, D-Biotin, Pteroylmonoglutamins\u00e4ure, Cyanocobalamin), Farbstoff: Cochenillerot A. Cochenillerot A kann bei Kindern Aktivit\u00e4t und Aufmerksamkeit beeintr\u00e4chtigen.<\/p>\n<\/p><\/div>\n<div class=\"chcg-dosage\">\n<h3>Verzehrempfehlung<\/h3>\n<p>31,5 g (2 Messl\u00f6ffel) in einer Flasche mit 700 ml Wasser aufl\u00f6sen. Vor, w\u00e4hrend (alle 15 Minuten) und nach k\u00f6rperlicher Aktivit\u00e4t verwenden (ca. 200 ml). Die Tagesdosis von 1 Portion nicht \u00fcberschreiten.<\/p>\n<\/p><\/div>\n<div class=\"chcg-warnings\">\n<h3>Warnhinweise<\/h3>\n<p>Das Produkt ist f\u00fcr k\u00f6rperlich aktive Personen \u00fcber 18 Jahre bestimmt. Nicht verwenden, wenn Sie gegen einen der Inhaltsstoffe allergisch sind. Die empfohlene Tagesdosis nicht \u00fcberschreiten. Nahrungserg\u00e4nzungsmittel sind kein Ersatz f\u00fcr eine abwechslungsreiche Ern\u00e4hrung. Eine ausgewogene Ern\u00e4hrung und ein gesunder Lebensstil werden empfohlen. Cochenillerot A kann bei Kindern Aktivit\u00e4t und Aufmerksamkeit beeintr\u00e4chtigen.<\/p>\n<\/p><\/div>\n<div class=\"chcg-allergens\">\n<h3>Allergeninformationen<\/h3>\n<p>Kann Spuren von glutenhaltigem Getreide, Sojabohnen, Milch und daraus hergestellten Erzeugnissen enthalten.<\/p>\n<\/p><\/div>\n<div class=\"chcg-storage\">\n<h3>Lagerung<\/h3>\n<p>Unter 25 \u00b0C, an einem trockenen, licht- und feuchtigkeitsgesch\u00fctzten Ort aufbewahren. Ausserhalb der Reichweite von Kindern aufbewahren.<\/p>\n<\/p><\/div>\n<\/div>\n","protected":false},"excerpt":{"rendered":"<p>Allnutrition Isotonic Pulver in Wassermelonen-Geschmack versorgt euch mit Elektrolyten und B-Vitaminen f\u00fcr den Sport. 700 g (22 Portionen) einfach in Wasser aufl\u00f6sen. Ideal vor, w\u00e4hrend und nach dem Training.<\/p>\n","protected":false},"featured_media":1445,"comment_status":"closed","ping_status":"open","template":"","meta":[],"product_brand":[172],"product_cat":[15],"product_tag":[],"class_list":{"0":"post-1444","1":"product","2":"type-product","3":"status-publish","4":"has-post-thumbnail","6":"product_brand-allnutrition","7":"product_cat-uncategorized","9":"first","10":"outofstock","11":"taxable","12":"shipping-taxable","13":"purchasable","14":"product-type-simple"},"yoast_head":"<!-- This site is optimized with the Yoast SEO plugin v27.5 - https:\/\/yoast.com\/product\/yoast-seo-wordpress\/ -->\n<title>Isotonic Watermelon 700g \u2013 Allnutrition | ecosupplements.ch<\/title>\n<meta name=\"description\" content=\"Isotonisches Sportgetr\u00e4nk-Pulver mit Elektrolyten und B-Vitaminen \u2013 700 g (22 Portionen), Wassermelonen-Geschmack. Jetzt bestellen.\" \/>\n<meta name=\"robots\" content=\"index, follow, max-snippet:-1, max-image-preview:large, max-video-preview:-1\" \/>\n<link rel=\"canonical\" href=\"https:\/\/ecosupplements.ch\/?product=isotonic-watermelon-700g\" \/>\n<meta property=\"og:locale\" content=\"de_DE\" \/>\n<meta property=\"og:type\" content=\"article\" \/>\n<meta property=\"og:title\" content=\"Isotonic Watermelon 700g \u2013 Allnutrition | ecosupplements.ch\" \/>\n<meta property=\"og:description\" content=\"Isotonisches Sportgetr\u00e4nk-Pulver mit Elektrolyten und B-Vitaminen \u2013 700 g (22 Portionen), Wassermelonen-Geschmack. Jetzt bestellen.\" \/>\n<meta property=\"og:url\" content=\"https:\/\/ecosupplements.ch\/?product=isotonic-watermelon-700g\" \/>\n<meta property=\"og:site_name\" content=\"Eco Supplements\" \/>\n<meta property=\"article:modified_time\" content=\"2026-05-12T17:51:34+00:00\" \/>\n<meta property=\"og:image\" content=\"https:\/\/ecosupplements.ch\/wp-content\/uploads\/2026\/05\/Isotonic-Watermelon-700g.jpg\" \/>\n\t<meta property=\"og:image:width\" content=\"637\" \/>\n\t<meta property=\"og:image:height\" content=\"694\" \/>\n\t<meta property=\"og:image:type\" content=\"image\/jpeg\" \/>\n<meta name=\"twitter:card\" content=\"summary_large_image\" \/>\n<meta name=\"twitter:label1\" content=\"Price\" \/>\n\t<meta name=\"twitter:data1\" content=\"&#067;&#072;&#070;&nbsp;9.77\" \/>\n\t<meta name=\"twitter:label2\" content=\"Availability\" \/>\n\t<meta name=\"twitter:data2\" content=\"Out of stock\" \/>\n<script type=\"application\/ld+json\" class=\"yoast-schema-graph\">{\"@context\":\"https:\\\/\\\/schema.org\",\"@graph\":[{\"@type\":\"WebPage\",\"@id\":\"https:\\\/\\\/ecosupplements.ch\\\/?product=isotonic-watermelon-700g\",\"url\":\"https:\\\/\\\/ecosupplements.ch\\\/?product=isotonic-watermelon-700g\",\"name\":\"Isotonic Watermelon 700g \u2013 Allnutrition | ecosupplements.ch\",\"isPartOf\":{\"@id\":\"https:\\\/\\\/ecosupplements.ch\\\/#website\"},\"primaryImageOfPage\":{\"@id\":\"https:\\\/\\\/ecosupplements.ch\\\/?product=isotonic-watermelon-700g#primaryimage\"},\"image\":{\"@id\":\"https:\\\/\\\/ecosupplements.ch\\\/?product=isotonic-watermelon-700g#primaryimage\"},\"thumbnailUrl\":\"https:\\\/\\\/ecosupplements.ch\\\/wp-content\\\/uploads\\\/2026\\\/05\\\/Isotonic-Watermelon-700g.jpg\",\"datePublished\":\"2026-05-11T14:29:25+00:00\",\"dateModified\":\"2026-05-12T17:51:34+00:00\",\"description\":\"Isotonisches Sportgetr\u00e4nk-Pulver mit Elektrolyten und B-Vitaminen \u2013 700 g (22 Portionen), Wassermelonen-Geschmack. Jetzt bestellen.\",\"breadcrumb\":{\"@id\":\"https:\\\/\\\/ecosupplements.ch\\\/?product=isotonic-watermelon-700g#breadcrumb\"},\"inLanguage\":\"de-CH\",\"potentialAction\":[{\"@type\":\"ReadAction\",\"target\":[\"https:\\\/\\\/ecosupplements.ch\\\/?product=isotonic-watermelon-700g\"]}]},{\"@type\":\"ImageObject\",\"inLanguage\":\"de-CH\",\"@id\":\"https:\\\/\\\/ecosupplements.ch\\\/?product=isotonic-watermelon-700g#primaryimage\",\"url\":\"https:\\\/\\\/ecosupplements.ch\\\/wp-content\\\/uploads\\\/2026\\\/05\\\/Isotonic-Watermelon-700g.jpg\",\"contentUrl\":\"https:\\\/\\\/ecosupplements.ch\\\/wp-content\\\/uploads\\\/2026\\\/05\\\/Isotonic-Watermelon-700g.jpg\",\"width\":637,\"height\":694,\"caption\":\"Isotonic\"},{\"@type\":\"BreadcrumbList\",\"@id\":\"https:\\\/\\\/ecosupplements.ch\\\/?product=isotonic-watermelon-700g#breadcrumb\",\"itemListElement\":[{\"@type\":\"ListItem\",\"position\":1,\"name\":\"Home\",\"item\":\"https:\\\/\\\/ecosupplements.ch\\\/\"},{\"@type\":\"ListItem\",\"position\":2,\"name\":\"Shop\",\"item\":\"https:\\\/\\\/ecosupplements.ch\\\/?page_id=14\"},{\"@type\":\"ListItem\",\"position\":3,\"name\":\"Isotonic, Watermelon &#8211; 700g\"}]},{\"@type\":\"WebSite\",\"@id\":\"https:\\\/\\\/ecosupplements.ch\\\/#website\",\"url\":\"https:\\\/\\\/ecosupplements.ch\\\/\",\"name\":\"Eco Supplements\",\"description\":\"\",\"potentialAction\":[{\"@type\":\"SearchAction\",\"target\":{\"@type\":\"EntryPoint\",\"urlTemplate\":\"https:\\\/\\\/ecosupplements.ch\\\/?s={search_term_string}\"},\"query-input\":{\"@type\":\"PropertyValueSpecification\",\"valueRequired\":true,\"valueName\":\"search_term_string\"}}],\"inLanguage\":\"de-CH\"}]}<\/script>\n<meta property=\"product:price:amount\" content=\"9.77\" \/>\n<meta property=\"product:price:currency\" content=\"CHF\" \/>\n<meta property=\"og:availability\" content=\"out of stock\" \/>\n<meta property=\"product:availability\" content=\"out of stock\" \/>\n<meta property=\"product:retailer_item_id\" content=\"5902837737805\" \/>\n<meta property=\"product:condition\" content=\"new\" \/>\n<!-- \/ Yoast SEO plugin. -->","yoast_head_json":{"title":"Isotonic Watermelon 700g \u2013 Allnutrition | ecosupplements.ch","description":"Isotonisches Sportgetr\u00e4nk-Pulver mit Elektrolyten und B-Vitaminen \u2013 700 g (22 Portionen), Wassermelonen-Geschmack. Jetzt bestellen.","robots":{"index":"index","follow":"follow","max-snippet":"max-snippet:-1","max-image-preview":"max-image-preview:large","max-video-preview":"max-video-preview:-1"},"canonical":"https:\/\/ecosupplements.ch\/?product=isotonic-watermelon-700g","og_locale":"de_DE","og_type":"article","og_title":"Isotonic Watermelon 700g \u2013 Allnutrition | ecosupplements.ch","og_description":"Isotonisches Sportgetr\u00e4nk-Pulver mit Elektrolyten und B-Vitaminen \u2013 700 g (22 Portionen), Wassermelonen-Geschmack. Jetzt bestellen.","og_url":"https:\/\/ecosupplements.ch\/?product=isotonic-watermelon-700g","og_site_name":"Eco Supplements","article_modified_time":"2026-05-12T17:51:34+00:00","og_image":[{"width":637,"height":694,"url":"https:\/\/ecosupplements.ch\/wp-content\/uploads\/2026\/05\/Isotonic-Watermelon-700g.jpg","type":"image\/jpeg"}],"twitter_card":"summary_large_image","twitter_misc":{"Price":"&#67;&#72;&#70;&nbsp;9.77","Availability":"Out of stock"},"schema":{"@context":"https:\/\/schema.org","@graph":[{"@type":"WebPage","@id":"https:\/\/ecosupplements.ch\/?product=isotonic-watermelon-700g","url":"https:\/\/ecosupplements.ch\/?product=isotonic-watermelon-700g","name":"Isotonic Watermelon 700g \u2013 Allnutrition | ecosupplements.ch","isPartOf":{"@id":"https:\/\/ecosupplements.ch\/#website"},"primaryImageOfPage":{"@id":"https:\/\/ecosupplements.ch\/?product=isotonic-watermelon-700g#primaryimage"},"image":{"@id":"https:\/\/ecosupplements.ch\/?product=isotonic-watermelon-700g#primaryimage"},"thumbnailUrl":"https:\/\/ecosupplements.ch\/wp-content\/uploads\/2026\/05\/Isotonic-Watermelon-700g.jpg","datePublished":"2026-05-11T14:29:25+00:00","dateModified":"2026-05-12T17:51:34+00:00","description":"Isotonisches Sportgetr\u00e4nk-Pulver mit Elektrolyten und B-Vitaminen \u2013 700 g (22 Portionen), Wassermelonen-Geschmack. Jetzt bestellen.","breadcrumb":{"@id":"https:\/\/ecosupplements.ch\/?product=isotonic-watermelon-700g#breadcrumb"},"inLanguage":"de-CH","potentialAction":[{"@type":"ReadAction","target":["https:\/\/ecosupplements.ch\/?product=isotonic-watermelon-700g"]}]},{"@type":"ImageObject","inLanguage":"de-CH","@id":"https:\/\/ecosupplements.ch\/?product=isotonic-watermelon-700g#primaryimage","url":"https:\/\/ecosupplements.ch\/wp-content\/uploads\/2026\/05\/Isotonic-Watermelon-700g.jpg","contentUrl":"https:\/\/ecosupplements.ch\/wp-content\/uploads\/2026\/05\/Isotonic-Watermelon-700g.jpg","width":637,"height":694,"caption":"Isotonic"},{"@type":"BreadcrumbList","@id":"https:\/\/ecosupplements.ch\/?product=isotonic-watermelon-700g#breadcrumb","itemListElement":[{"@type":"ListItem","position":1,"name":"Home","item":"https:\/\/ecosupplements.ch\/"},{"@type":"ListItem","position":2,"name":"Shop","item":"https:\/\/ecosupplements.ch\/?page_id=14"},{"@type":"ListItem","position":3,"name":"Isotonic, Watermelon &#8211; 700g"}]},{"@type":"WebSite","@id":"https:\/\/ecosupplements.ch\/#website","url":"https:\/\/ecosupplements.ch\/","name":"Eco Supplements","description":"","potentialAction":[{"@type":"SearchAction","target":{"@type":"EntryPoint","urlTemplate":"https:\/\/ecosupplements.ch\/?s={search_term_string}"},"query-input":{"@type":"PropertyValueSpecification","valueRequired":true,"valueName":"search_term_string"}}],"inLanguage":"de-CH"}]},"product_price_amount":"9.77","product_price_currency":"CHF","og_availability":"out of stock","product_availability":"out of stock","product_retailer_item_id":"5902837737805","product_condition":"new"},"_links":{"self":[{"href":"https:\/\/ecosupplements.ch\/index.php?rest_route=\/wp\/v2\/product\/1444","targetHints":{"allow":["GET"]}}],"collection":[{"href":"https:\/\/ecosupplements.ch\/index.php?rest_route=\/wp\/v2\/product"}],"about":[{"href":"https:\/\/ecosupplements.ch\/index.php?rest_route=\/wp\/v2\/types\/product"}],"replies":[{"embeddable":true,"href":"https:\/\/ecosupplements.ch\/index.php?rest_route=%2Fwp%2Fv2%2Fcomments&post=1444"}],"wp:featuredmedia":[{"embeddable":true,"href":"https:\/\/ecosupplements.ch\/index.php?rest_route=\/wp\/v2\/media\/1445"}],"wp:attachment":[{"href":"https:\/\/ecosupplements.ch\/index.php?rest_route=%2Fwp%2Fv2%2Fmedia&parent=1444"}],"wp:term":[{"taxonomy":"product_brand","embeddable":true,"href":"https:\/\/ecosupplements.ch\/index.php?rest_route=%2Fwp%2Fv2%2Fproduct_brand&post=1444"},{"taxonomy":"product_cat","embeddable":true,"href":"https:\/\/ecosupplements.ch\/index.php?rest_route=%2Fwp%2Fv2%2Fproduct_cat&post=1444"},{"taxonomy":"product_tag","embeddable":true,"href":"https:\/\/ecosupplements.ch\/index.php?rest_route=%2Fwp%2Fv2%2Fproduct_tag&post=1444"}],"curies":[{"name":"wp","href":"https:\/\/api.w.org\/{rel}","templated":true}]}}