{"id":1454,"date":"2026-05-11T14:29:29","date_gmt":"2026-05-11T14:29:29","guid":{"rendered":"https:\/\/ecosupplements.ch\/?product=msm-1000mg-90-caps"},"modified":"2026-05-13T07:25:04","modified_gmt":"2026-05-13T07:25:04","slug":"msm-1000mg-90-caps","status":"publish","type":"product","link":"https:\/\/ecosupplements.ch\/?product=msm-1000mg-90-caps","title":{"rendered":"MSM, 1000mg &#8211; 90 caps"},"content":{"rendered":"<div class=\"chcg-product-description\">\n<h2 class=\"chcg-heading\">\u00dcber Allnutrition \u2013 MSM, 1000mg \u2013 90 Kapseln<\/h2>\n<div class=\"chcg-intro\">\n<p>MSM (Methyl-sulfonyl-methan) ist eine nat\u00fcrlich vorkommende schwefelhaltige Verbindung, die in zahlreichen Lebensmitteln enthalten ist und vom K\u00f6rper als Quelle f\u00fcr organischen Schwefel genutzt werden kann. Schwefel ist ein essenzielles Mineral, das zur normalen Funktion verschiedener k\u00f6rpereigener Strukturen beitr\u00e4gt. Allnutrition liefert mit dieser Formel eine hochdosierte Menge von 1000 mg MSM pro Kapsel.<\/p>\n<p>Jede Packung enth\u00e4lt 90 Kapseln, was einem Vorrat von 90 Tagesdosen entspricht. Die praktische Einzelkapsel-Dosierung erleichtert die t\u00e4gliche Einnahme und l\u00e4sst sich problemlos in den Alltag integrieren.<\/p>\n<p>Das Produkt von Allnutrition \u00fcberzeugt durch eine klar deklarierte, einfache Zusammensetzung mit MSM als einzigem Wirkstoff. So weiss man genau, was man zu sich nimmt.<\/p>\n<\/p><\/div>\n<div class=\"chcg-nutrition\">\n<h3>N\u00e4hrwertangaben<\/h3>\n<table class=\"chcg-nutrition-table\">\n<thead>\n<tr>\n<th>N\u00e4hrstoff<\/th>\n<th>Pro Portion (1 Kapsel)<\/th>\n<\/tr>\n<\/thead>\n<tbody>\n<tr>\n<td>Methyl-sulfonyl-methan (MSM)<\/td>\n<td>1000 mg<\/td>\n<\/tr>\n<\/tbody>\n<\/table>\n<p class=\"chcg-footnote\">* Kein festgelegter Tagesbedarf (N\u00e4hrstoffbezugswert nicht etabliert).<\/p>\n<\/p><\/div>\n<div class=\"chcg-ingredients\">\n<h3>Zutaten<\/h3>\n<p>Methyl-sulfonyl-methan (MSM), Kapselh\u00fclle (Gelatine, Farbstoff: Eisenoxide und -hydroxide), F\u00fcllstoff: mikrokristalline Cellulose, Trennmittel: Magnesiumsalze von Fetts\u00e4uren, Siliziumdioxid.<\/p>\n<p class=\"chcg-capsule-shell\">Kapselh\u00fclle: Gelatine, Farbstoff: Eisenoxide und -hydroxide.<\/p>\n<\/p><\/div>\n<div class=\"chcg-dosage\">\n<h3>Verzehrempfehlung<\/h3>\n<p>T\u00e4glich eine Kapsel einnehmen und mit Wasser hinunterschlucken. Portionsgr\u00f6sse: 1 Kapsel. Portionen pro Packung: 90.<\/p>\n<\/p><\/div>\n<div class=\"chcg-warnings\">\n<h3>Warnhinweise<\/h3>\n<p>Das Nahrungserg\u00e4nzungsmittel ist f\u00fcr Personen \u00fcber 18 Jahren bestimmt. Nicht einnehmen, wenn eine Allergie gegen einen der Inhaltsstoffe besteht. Die empfohlene Tagesdosis nicht \u00fcberschreiten. Das Nahrungserg\u00e4nzungsmittel kann nicht als Ersatz f\u00fcr eine abwechslungsreiche Ern\u00e4hrung verwendet werden. Eine ausgewogene Ern\u00e4hrung und ein gesunder Lebensstil werden empfohlen. Verpackung nach Gebrauch stets verschliessen.<\/p>\n<\/p><\/div>\n<div class=\"chcg-allergens\">\n<h3>Allergeninformationen<\/h3>\n<p>Kann Derivate von folgendem enthalten: Getreide mit Gluten, Soja, Milch, Ei.<\/p>\n<\/p><\/div>\n<div class=\"chcg-storage\">\n<h3>Lagerung<\/h3>\n<p>An einem trockenen und k\u00fchlen Ort aufbewahren, ausser Reichweite von Kleinkindern.<\/p>\n<\/p><\/div>\n<div class=\"chcg-dietary\">\n<h3>Ern\u00e4hrungshinweise<\/h3>\n<ul>\n<li>Nicht vegan<\/li>\n<li>Nicht vegetarisch<\/li>\n<\/ul><\/div>\n<\/div>\n","protected":false},"excerpt":{"rendered":"<p>Allnutrition MSM liefert 1000 mg Methyl-sulfonyl-methan pro Kapsel als hochdosierte Schwefelquelle. Die Packung enth\u00e4lt 90 Kapseln f\u00fcr 90 Tagesdosen. Einfache Einnahme \u2013 eine Kapsel t\u00e4glich mit Wasser.<\/p>\n","protected":false},"featured_media":1455,"comment_status":"closed","ping_status":"open","template":"","meta":[],"product_brand":[172],"product_cat":[48,25,148,99,21],"product_tag":[],"class_list":{"0":"post-1454","1":"product","2":"type-product","3":"status-publish","4":"has-post-thumbnail","6":"product_brand-allnutrition","7":"product_cat-gesunde-ernaehrung","8":"product_cat-gesundheit-und-wohlbefinden","9":"product_cat-msm","10":"product_cat-unterstuetzung-fuer-die-gelenke","11":"product_cat-vitamine-und-mineralstoffe","13":"first","14":"outofstock","15":"taxable","16":"shipping-taxable","17":"purchasable","18":"product-type-simple"},"yoast_head":"<!-- This site is optimized with the Yoast SEO plugin v27.5 - https:\/\/yoast.com\/product\/yoast-seo-wordpress\/ -->\n<title>MSM 1000mg \u2013 90 Kapseln \u2013 Allnutrition | ecosupplements.ch<\/title>\n<meta name=\"description\" content=\"Allnutrition MSM mit 1000 mg pro Kapsel \u2013 90 Tagesdosen f\u00fcr eine praktische t\u00e4gliche Schwefelversorgung. Jetzt bestellen.\" \/>\n<meta name=\"robots\" content=\"index, follow, max-snippet:-1, max-image-preview:large, max-video-preview:-1\" \/>\n<link rel=\"canonical\" href=\"https:\/\/ecosupplements.ch\/?product=msm-1000mg-90-caps\" \/>\n<meta property=\"og:locale\" content=\"de_DE\" \/>\n<meta property=\"og:type\" content=\"article\" \/>\n<meta property=\"og:title\" content=\"MSM 1000mg \u2013 90 Kapseln \u2013 Allnutrition | ecosupplements.ch\" \/>\n<meta property=\"og:description\" content=\"Allnutrition MSM mit 1000 mg pro Kapsel \u2013 90 Tagesdosen f\u00fcr eine praktische t\u00e4gliche Schwefelversorgung. Jetzt bestellen.\" \/>\n<meta property=\"og:url\" content=\"https:\/\/ecosupplements.ch\/?product=msm-1000mg-90-caps\" \/>\n<meta property=\"og:site_name\" content=\"Eco Supplements\" \/>\n<meta property=\"article:modified_time\" content=\"2026-05-13T07:25:04+00:00\" \/>\n<meta property=\"og:image\" content=\"https:\/\/ecosupplements.ch\/wp-content\/uploads\/2026\/05\/MSM-1000mg-90-caps.webp\" \/>\n\t<meta property=\"og:image:width\" content=\"1000\" \/>\n\t<meta property=\"og:image:height\" content=\"1000\" \/>\n\t<meta property=\"og:image:type\" content=\"image\/jpeg\" \/>\n<meta name=\"twitter:card\" content=\"summary_large_image\" \/>\n<meta name=\"twitter:label1\" content=\"Price\" \/>\n\t<meta name=\"twitter:data1\" content=\"&#067;&#072;&#070;&nbsp;7.52\" \/>\n\t<meta name=\"twitter:label2\" content=\"Availability\" \/>\n\t<meta name=\"twitter:data2\" content=\"Out of stock\" \/>\n<script type=\"application\/ld+json\" class=\"yoast-schema-graph\">{\"@context\":\"https:\\\/\\\/schema.org\",\"@graph\":[{\"@type\":\"WebPage\",\"@id\":\"https:\\\/\\\/ecosupplements.ch\\\/?product=msm-1000mg-90-caps\",\"url\":\"https:\\\/\\\/ecosupplements.ch\\\/?product=msm-1000mg-90-caps\",\"name\":\"MSM 1000mg \u2013 90 Kapseln \u2013 Allnutrition | ecosupplements.ch\",\"isPartOf\":{\"@id\":\"https:\\\/\\\/ecosupplements.ch\\\/#website\"},\"primaryImageOfPage\":{\"@id\":\"https:\\\/\\\/ecosupplements.ch\\\/?product=msm-1000mg-90-caps#primaryimage\"},\"image\":{\"@id\":\"https:\\\/\\\/ecosupplements.ch\\\/?product=msm-1000mg-90-caps#primaryimage\"},\"thumbnailUrl\":\"https:\\\/\\\/ecosupplements.ch\\\/wp-content\\\/uploads\\\/2026\\\/05\\\/MSM-1000mg-90-caps.webp\",\"datePublished\":\"2026-05-11T14:29:29+00:00\",\"dateModified\":\"2026-05-13T07:25:04+00:00\",\"description\":\"Allnutrition MSM mit 1000 mg pro Kapsel \u2013 90 Tagesdosen f\u00fcr eine praktische t\u00e4gliche Schwefelversorgung. Jetzt bestellen.\",\"breadcrumb\":{\"@id\":\"https:\\\/\\\/ecosupplements.ch\\\/?product=msm-1000mg-90-caps#breadcrumb\"},\"inLanguage\":\"de-CH\",\"potentialAction\":[{\"@type\":\"ReadAction\",\"target\":[\"https:\\\/\\\/ecosupplements.ch\\\/?product=msm-1000mg-90-caps\"]}]},{\"@type\":\"ImageObject\",\"inLanguage\":\"de-CH\",\"@id\":\"https:\\\/\\\/ecosupplements.ch\\\/?product=msm-1000mg-90-caps#primaryimage\",\"url\":\"https:\\\/\\\/ecosupplements.ch\\\/wp-content\\\/uploads\\\/2026\\\/05\\\/MSM-1000mg-90-caps.webp\",\"contentUrl\":\"https:\\\/\\\/ecosupplements.ch\\\/wp-content\\\/uploads\\\/2026\\\/05\\\/MSM-1000mg-90-caps.webp\",\"width\":1000,\"height\":1000,\"caption\":\"MSM\"},{\"@type\":\"BreadcrumbList\",\"@id\":\"https:\\\/\\\/ecosupplements.ch\\\/?product=msm-1000mg-90-caps#breadcrumb\",\"itemListElement\":[{\"@type\":\"ListItem\",\"position\":1,\"name\":\"Home\",\"item\":\"https:\\\/\\\/ecosupplements.ch\\\/\"},{\"@type\":\"ListItem\",\"position\":2,\"name\":\"Shop\",\"item\":\"https:\\\/\\\/ecosupplements.ch\\\/?page_id=14\"},{\"@type\":\"ListItem\",\"position\":3,\"name\":\"MSM, 1000mg &#8211; 90 caps\"}]},{\"@type\":\"WebSite\",\"@id\":\"https:\\\/\\\/ecosupplements.ch\\\/#website\",\"url\":\"https:\\\/\\\/ecosupplements.ch\\\/\",\"name\":\"Eco Supplements\",\"description\":\"\",\"potentialAction\":[{\"@type\":\"SearchAction\",\"target\":{\"@type\":\"EntryPoint\",\"urlTemplate\":\"https:\\\/\\\/ecosupplements.ch\\\/?s={search_term_string}\"},\"query-input\":{\"@type\":\"PropertyValueSpecification\",\"valueRequired\":true,\"valueName\":\"search_term_string\"}}],\"inLanguage\":\"de-CH\"}]}<\/script>\n<meta property=\"product:price:amount\" content=\"7.52\" \/>\n<meta property=\"product:price:currency\" content=\"CHF\" \/>\n<meta property=\"og:availability\" content=\"out of stock\" \/>\n<meta property=\"product:availability\" content=\"out of stock\" \/>\n<meta property=\"product:retailer_item_id\" content=\"5902837721644\" \/>\n<meta property=\"product:condition\" content=\"new\" \/>\n<!-- \/ Yoast SEO plugin. -->","yoast_head_json":{"title":"MSM 1000mg \u2013 90 Kapseln \u2013 Allnutrition | ecosupplements.ch","description":"Allnutrition MSM mit 1000 mg pro Kapsel \u2013 90 Tagesdosen f\u00fcr eine praktische t\u00e4gliche Schwefelversorgung. Jetzt bestellen.","robots":{"index":"index","follow":"follow","max-snippet":"max-snippet:-1","max-image-preview":"max-image-preview:large","max-video-preview":"max-video-preview:-1"},"canonical":"https:\/\/ecosupplements.ch\/?product=msm-1000mg-90-caps","og_locale":"de_DE","og_type":"article","og_title":"MSM 1000mg \u2013 90 Kapseln \u2013 Allnutrition | ecosupplements.ch","og_description":"Allnutrition MSM mit 1000 mg pro Kapsel \u2013 90 Tagesdosen f\u00fcr eine praktische t\u00e4gliche Schwefelversorgung. Jetzt bestellen.","og_url":"https:\/\/ecosupplements.ch\/?product=msm-1000mg-90-caps","og_site_name":"Eco Supplements","article_modified_time":"2026-05-13T07:25:04+00:00","og_image":[{"width":1000,"height":1000,"url":"https:\/\/ecosupplements.ch\/wp-content\/uploads\/2026\/05\/MSM-1000mg-90-caps.webp","type":"image\/jpeg"}],"twitter_card":"summary_large_image","twitter_misc":{"Price":"&#67;&#72;&#70;&nbsp;7.52","Availability":"Out of stock"},"schema":{"@context":"https:\/\/schema.org","@graph":[{"@type":"WebPage","@id":"https:\/\/ecosupplements.ch\/?product=msm-1000mg-90-caps","url":"https:\/\/ecosupplements.ch\/?product=msm-1000mg-90-caps","name":"MSM 1000mg \u2013 90 Kapseln \u2013 Allnutrition | ecosupplements.ch","isPartOf":{"@id":"https:\/\/ecosupplements.ch\/#website"},"primaryImageOfPage":{"@id":"https:\/\/ecosupplements.ch\/?product=msm-1000mg-90-caps#primaryimage"},"image":{"@id":"https:\/\/ecosupplements.ch\/?product=msm-1000mg-90-caps#primaryimage"},"thumbnailUrl":"https:\/\/ecosupplements.ch\/wp-content\/uploads\/2026\/05\/MSM-1000mg-90-caps.webp","datePublished":"2026-05-11T14:29:29+00:00","dateModified":"2026-05-13T07:25:04+00:00","description":"Allnutrition MSM mit 1000 mg pro Kapsel \u2013 90 Tagesdosen f\u00fcr eine praktische t\u00e4gliche Schwefelversorgung. Jetzt bestellen.","breadcrumb":{"@id":"https:\/\/ecosupplements.ch\/?product=msm-1000mg-90-caps#breadcrumb"},"inLanguage":"de-CH","potentialAction":[{"@type":"ReadAction","target":["https:\/\/ecosupplements.ch\/?product=msm-1000mg-90-caps"]}]},{"@type":"ImageObject","inLanguage":"de-CH","@id":"https:\/\/ecosupplements.ch\/?product=msm-1000mg-90-caps#primaryimage","url":"https:\/\/ecosupplements.ch\/wp-content\/uploads\/2026\/05\/MSM-1000mg-90-caps.webp","contentUrl":"https:\/\/ecosupplements.ch\/wp-content\/uploads\/2026\/05\/MSM-1000mg-90-caps.webp","width":1000,"height":1000,"caption":"MSM"},{"@type":"BreadcrumbList","@id":"https:\/\/ecosupplements.ch\/?product=msm-1000mg-90-caps#breadcrumb","itemListElement":[{"@type":"ListItem","position":1,"name":"Home","item":"https:\/\/ecosupplements.ch\/"},{"@type":"ListItem","position":2,"name":"Shop","item":"https:\/\/ecosupplements.ch\/?page_id=14"},{"@type":"ListItem","position":3,"name":"MSM, 1000mg &#8211; 90 caps"}]},{"@type":"WebSite","@id":"https:\/\/ecosupplements.ch\/#website","url":"https:\/\/ecosupplements.ch\/","name":"Eco Supplements","description":"","potentialAction":[{"@type":"SearchAction","target":{"@type":"EntryPoint","urlTemplate":"https:\/\/ecosupplements.ch\/?s={search_term_string}"},"query-input":{"@type":"PropertyValueSpecification","valueRequired":true,"valueName":"search_term_string"}}],"inLanguage":"de-CH"}]},"product_price_amount":"7.52","product_price_currency":"CHF","og_availability":"out of stock","product_availability":"out of stock","product_retailer_item_id":"5902837721644","product_condition":"new"},"_links":{"self":[{"href":"https:\/\/ecosupplements.ch\/index.php?rest_route=\/wp\/v2\/product\/1454","targetHints":{"allow":["GET"]}}],"collection":[{"href":"https:\/\/ecosupplements.ch\/index.php?rest_route=\/wp\/v2\/product"}],"about":[{"href":"https:\/\/ecosupplements.ch\/index.php?rest_route=\/wp\/v2\/types\/product"}],"replies":[{"embeddable":true,"href":"https:\/\/ecosupplements.ch\/index.php?rest_route=%2Fwp%2Fv2%2Fcomments&post=1454"}],"wp:featuredmedia":[{"embeddable":true,"href":"https:\/\/ecosupplements.ch\/index.php?rest_route=\/wp\/v2\/media\/1455"}],"wp:attachment":[{"href":"https:\/\/ecosupplements.ch\/index.php?rest_route=%2Fwp%2Fv2%2Fmedia&parent=1454"}],"wp:term":[{"taxonomy":"product_brand","embeddable":true,"href":"https:\/\/ecosupplements.ch\/index.php?rest_route=%2Fwp%2Fv2%2Fproduct_brand&post=1454"},{"taxonomy":"product_cat","embeddable":true,"href":"https:\/\/ecosupplements.ch\/index.php?rest_route=%2Fwp%2Fv2%2Fproduct_cat&post=1454"},{"taxonomy":"product_tag","embeddable":true,"href":"https:\/\/ecosupplements.ch\/index.php?rest_route=%2Fwp%2Fv2%2Fproduct_tag&post=1454"}],"curies":[{"name":"wp","href":"https:\/\/api.w.org\/{rel}","templated":true}]}}