{"id":1478,"date":"2026-05-11T14:29:39","date_gmt":"2026-05-11T14:29:39","guid":{"rendered":"https:\/\/ecosupplements.ch\/?product=saw-palmetto-90-caps"},"modified":"2026-05-13T07:25:05","modified_gmt":"2026-05-13T07:25:05","slug":"saw-palmetto-90-caps","status":"publish","type":"product","link":"https:\/\/ecosupplements.ch\/?product=saw-palmetto-90-caps","title":{"rendered":"Saw Palmetto &#8211; 90 caps"},"content":{"rendered":"<div class=\"chcg-product-description\">\n<h2 class=\"chcg-heading\">\u00dcber Allnutrition \u2013 Saw Palmetto \u2013 90 Kapseln<\/h2>\n<div class=\"chcg-intro\">\n<p>Saw Palmetto (Serenoa repens) ist eine in Nordamerika beheimatete Zwergpalme, deren Fr\u00fcchte seit Langem in der traditionellen Ern\u00e4hrung Verwendung finden. Allnutrition bietet diesen Pflanzenextrakt in praktischer Kapselform mit einer grossz\u00fcgigen Dosierung von 1000 mg pro Kapsel an \u2013 f\u00fcr eine einfache und pr\u00e4zise t\u00e4gliche Einnahme.<\/p>\n<p>Jede der 90 Kapseln enth\u00e4lt einen hochkonzentrierten Extrakt aus den Fr\u00fcchten von Serenoa repens. Das Produkt ist f\u00fcr eine unkomplizierte Integration in den Alltag ausgelegt: eine Kapsel pro Tag gen\u00fcgt als empfohlene Tagesdosis.<\/p>\n<p>Allnutrition steht f\u00fcr klare Formulierungen ohne unn\u00f6tige Zus\u00e4tze. Saw Palmetto \u2013 90 Kapseln eignet sich f\u00fcr Erwachsene, die gezielt einen Pflanzenextrakt in ihr t\u00e4gliches Ern\u00e4hrungsregime aufnehmen m\u00f6chten.<\/p>\n<\/p><\/div>\n<div class=\"chcg-nutrition\">\n<h3>N\u00e4hrwertangaben<\/h3>\n<table class=\"chcg-nutrition-table\">\n<thead>\n<tr>\n<th>N\u00e4hrstoff<\/th>\n<th>Pro Portion (1 Kapsel)<\/th>\n<\/tr>\n<\/thead>\n<tbody>\n<tr>\n<td>Saw Palmetto (<em>Serenoa repens<\/em>) Fruchtextrakt<\/td>\n<td>1000 mg<\/td>\n<\/tr>\n<\/tbody>\n<\/table>\n<p class=\"chcg-footnote\">* Kein festgelegter Tagesreferenzwert.<\/p>\n<\/p><\/div>\n<div class=\"chcg-ingredients\">\n<h3>Zutaten<\/h3>\n<p>Extrakt aus den Fr\u00fcchten der Sabalpalme (<em>Serenoa repens<\/em>), Kapselh\u00fclle: Gelatine, Wasser, Trennmittel: Magnesiumsalze von Fetts\u00e4uren, Siliciumdioxid; Farbstoff: Eisenoxide und -hydroxide.<\/p>\n<p class=\"chcg-capsule-shell\">Kapselh\u00fclle: Gelatine, Wasser.<\/p>\n<\/p><\/div>\n<div class=\"chcg-dosage\">\n<h3>Verzehrempfehlung<\/h3>\n<p>T\u00e4glich eine Kapsel einnehmen und mit Wasser herunterschlucken. Tagesportion (1 Kapsel): Extrakt aus den Fr\u00fcchten der Sabalpalme (<em>Serenoa repens<\/em>) 1000 mg.<\/p>\n<\/p><\/div>\n<div class=\"chcg-warnings\">\n<h3>Warnhinweise<\/h3>\n<p>Das Nahrungserg\u00e4nzungsmittel ist f\u00fcr Personen \u00fcber 18 Jahren bestimmt. Nicht verzehren, wenn eine Allergie gegen einen der Inhaltsstoffe besteht. Die empfohlene Tagesdosis nicht \u00fcberschreiten. Nahrungserg\u00e4nzungsmittel k\u00f6nnen eine abwechslungsreiche Ern\u00e4hrung nicht ersetzen. Eine ausgewogene Ern\u00e4hrung und eine gesunde Lebensweise werden empfohlen. Verpackung nach der Verwendung stets verschliessen.<\/p>\n<\/p><\/div>\n<div class=\"chcg-allergens\">\n<h3>Allergeninformationen<\/h3>\n<p>Kann Spuren von Derivaten folgender Stoffe enthalten: glutenhaltige Getreide, Soja, Milch, Ei.<\/p>\n<\/p><\/div>\n<div class=\"chcg-storage\">\n<h3>Lagerung<\/h3>\n<p>An einem trockenen und k\u00fchlen Ort aufbewahren, ausser Reichweite von Kindern.<\/p>\n<\/p><\/div>\n<\/div>\n","protected":false},"excerpt":{"rendered":"<p>Saw Palmetto von Allnutrition liefert 1000 mg Serenoa-repens-Fruchtextrakt pro Kapsel. Die Packung enth\u00e4lt 90 Gelatinekapseln f\u00fcr eine komfortable t\u00e4gliche Einnahme.<\/p>\n","protected":false},"featured_media":1479,"comment_status":"closed","ping_status":"open","template":"","meta":[],"product_brand":[172],"product_cat":[48,25],"product_tag":[],"class_list":{"0":"post-1478","1":"product","2":"type-product","3":"status-publish","4":"has-post-thumbnail","6":"product_brand-allnutrition","7":"product_cat-gesunde-ernaehrung","8":"product_cat-gesundheit-und-wohlbefinden","10":"first","11":"outofstock","12":"taxable","13":"shipping-taxable","14":"purchasable","15":"product-type-simple"},"yoast_head":"<!-- This site is optimized with the Yoast SEO plugin v27.5 - https:\/\/yoast.com\/product\/yoast-seo-wordpress\/ -->\n<title>Saw Palmetto 90 Kapseln \u2013 Allnutrition | ecosupplements.ch<\/title>\n<meta name=\"description\" content=\"Allnutrition Saw Palmetto mit 1000 mg Serenoa-repens-Extrakt pro Kapsel \u2013 90 Gelatinekapseln f\u00fcr die t\u00e4gliche Einnahme. Jetzt bestellen.\" \/>\n<meta name=\"robots\" content=\"index, follow, max-snippet:-1, max-image-preview:large, max-video-preview:-1\" \/>\n<link rel=\"canonical\" href=\"https:\/\/ecosupplements.ch\/?product=saw-palmetto-90-caps\" \/>\n<meta property=\"og:locale\" content=\"de_DE\" \/>\n<meta property=\"og:type\" content=\"article\" \/>\n<meta property=\"og:title\" content=\"Saw Palmetto 90 Kapseln \u2013 Allnutrition | ecosupplements.ch\" \/>\n<meta property=\"og:description\" content=\"Allnutrition Saw Palmetto mit 1000 mg Serenoa-repens-Extrakt pro Kapsel \u2013 90 Gelatinekapseln f\u00fcr die t\u00e4gliche Einnahme. Jetzt bestellen.\" \/>\n<meta property=\"og:url\" content=\"https:\/\/ecosupplements.ch\/?product=saw-palmetto-90-caps\" \/>\n<meta property=\"og:site_name\" content=\"Eco Supplements\" \/>\n<meta property=\"article:modified_time\" content=\"2026-05-13T07:25:05+00:00\" \/>\n<meta property=\"og:image\" content=\"https:\/\/ecosupplements.ch\/wp-content\/uploads\/2026\/05\/Saw-Palmetto-90-caps.webp\" \/>\n\t<meta property=\"og:image:width\" content=\"1000\" \/>\n\t<meta property=\"og:image:height\" content=\"1000\" \/>\n\t<meta property=\"og:image:type\" content=\"image\/jpeg\" \/>\n<meta name=\"twitter:card\" content=\"summary_large_image\" \/>\n<meta name=\"twitter:label1\" content=\"Price\" \/>\n\t<meta name=\"twitter:data1\" content=\"&#067;&#072;&#070;&nbsp;11.77\" \/>\n\t<meta name=\"twitter:label2\" content=\"Availability\" \/>\n\t<meta name=\"twitter:data2\" content=\"Out of stock\" \/>\n<script type=\"application\/ld+json\" class=\"yoast-schema-graph\">{\"@context\":\"https:\\\/\\\/schema.org\",\"@graph\":[{\"@type\":\"WebPage\",\"@id\":\"https:\\\/\\\/ecosupplements.ch\\\/?product=saw-palmetto-90-caps\",\"url\":\"https:\\\/\\\/ecosupplements.ch\\\/?product=saw-palmetto-90-caps\",\"name\":\"Saw Palmetto 90 Kapseln \u2013 Allnutrition | ecosupplements.ch\",\"isPartOf\":{\"@id\":\"https:\\\/\\\/ecosupplements.ch\\\/#website\"},\"primaryImageOfPage\":{\"@id\":\"https:\\\/\\\/ecosupplements.ch\\\/?product=saw-palmetto-90-caps#primaryimage\"},\"image\":{\"@id\":\"https:\\\/\\\/ecosupplements.ch\\\/?product=saw-palmetto-90-caps#primaryimage\"},\"thumbnailUrl\":\"https:\\\/\\\/ecosupplements.ch\\\/wp-content\\\/uploads\\\/2026\\\/05\\\/Saw-Palmetto-90-caps.webp\",\"datePublished\":\"2026-05-11T14:29:39+00:00\",\"dateModified\":\"2026-05-13T07:25:05+00:00\",\"description\":\"Allnutrition Saw Palmetto mit 1000 mg Serenoa-repens-Extrakt pro Kapsel \u2013 90 Gelatinekapseln f\u00fcr die t\u00e4gliche Einnahme. Jetzt bestellen.\",\"breadcrumb\":{\"@id\":\"https:\\\/\\\/ecosupplements.ch\\\/?product=saw-palmetto-90-caps#breadcrumb\"},\"inLanguage\":\"de-CH\",\"potentialAction\":[{\"@type\":\"ReadAction\",\"target\":[\"https:\\\/\\\/ecosupplements.ch\\\/?product=saw-palmetto-90-caps\"]}]},{\"@type\":\"ImageObject\",\"inLanguage\":\"de-CH\",\"@id\":\"https:\\\/\\\/ecosupplements.ch\\\/?product=saw-palmetto-90-caps#primaryimage\",\"url\":\"https:\\\/\\\/ecosupplements.ch\\\/wp-content\\\/uploads\\\/2026\\\/05\\\/Saw-Palmetto-90-caps.webp\",\"contentUrl\":\"https:\\\/\\\/ecosupplements.ch\\\/wp-content\\\/uploads\\\/2026\\\/05\\\/Saw-Palmetto-90-caps.webp\",\"width\":1000,\"height\":1000,\"caption\":\"Saw Palmetto - 90 caps\"},{\"@type\":\"BreadcrumbList\",\"@id\":\"https:\\\/\\\/ecosupplements.ch\\\/?product=saw-palmetto-90-caps#breadcrumb\",\"itemListElement\":[{\"@type\":\"ListItem\",\"position\":1,\"name\":\"Home\",\"item\":\"https:\\\/\\\/ecosupplements.ch\\\/\"},{\"@type\":\"ListItem\",\"position\":2,\"name\":\"Shop\",\"item\":\"https:\\\/\\\/ecosupplements.ch\\\/?page_id=14\"},{\"@type\":\"ListItem\",\"position\":3,\"name\":\"Saw Palmetto &#8211; 90 caps\"}]},{\"@type\":\"WebSite\",\"@id\":\"https:\\\/\\\/ecosupplements.ch\\\/#website\",\"url\":\"https:\\\/\\\/ecosupplements.ch\\\/\",\"name\":\"Eco Supplements\",\"description\":\"\",\"potentialAction\":[{\"@type\":\"SearchAction\",\"target\":{\"@type\":\"EntryPoint\",\"urlTemplate\":\"https:\\\/\\\/ecosupplements.ch\\\/?s={search_term_string}\"},\"query-input\":{\"@type\":\"PropertyValueSpecification\",\"valueRequired\":true,\"valueName\":\"search_term_string\"}}],\"inLanguage\":\"de-CH\"}]}<\/script>\n<meta property=\"product:price:amount\" content=\"11.77\" \/>\n<meta property=\"product:price:currency\" content=\"CHF\" \/>\n<meta property=\"og:availability\" content=\"out of stock\" \/>\n<meta property=\"product:availability\" content=\"out of stock\" \/>\n<meta property=\"product:retailer_item_id\" content=\"5902837721378\" \/>\n<meta property=\"product:condition\" content=\"new\" \/>\n<!-- \/ Yoast SEO plugin. -->","yoast_head_json":{"title":"Saw Palmetto 90 Kapseln \u2013 Allnutrition | ecosupplements.ch","description":"Allnutrition Saw Palmetto mit 1000 mg Serenoa-repens-Extrakt pro Kapsel \u2013 90 Gelatinekapseln f\u00fcr die t\u00e4gliche Einnahme. Jetzt bestellen.","robots":{"index":"index","follow":"follow","max-snippet":"max-snippet:-1","max-image-preview":"max-image-preview:large","max-video-preview":"max-video-preview:-1"},"canonical":"https:\/\/ecosupplements.ch\/?product=saw-palmetto-90-caps","og_locale":"de_DE","og_type":"article","og_title":"Saw Palmetto 90 Kapseln \u2013 Allnutrition | ecosupplements.ch","og_description":"Allnutrition Saw Palmetto mit 1000 mg Serenoa-repens-Extrakt pro Kapsel \u2013 90 Gelatinekapseln f\u00fcr die t\u00e4gliche Einnahme. Jetzt bestellen.","og_url":"https:\/\/ecosupplements.ch\/?product=saw-palmetto-90-caps","og_site_name":"Eco Supplements","article_modified_time":"2026-05-13T07:25:05+00:00","og_image":[{"width":1000,"height":1000,"url":"https:\/\/ecosupplements.ch\/wp-content\/uploads\/2026\/05\/Saw-Palmetto-90-caps.webp","type":"image\/jpeg"}],"twitter_card":"summary_large_image","twitter_misc":{"Price":"&#67;&#72;&#70;&nbsp;11.77","Availability":"Out of stock"},"schema":{"@context":"https:\/\/schema.org","@graph":[{"@type":"WebPage","@id":"https:\/\/ecosupplements.ch\/?product=saw-palmetto-90-caps","url":"https:\/\/ecosupplements.ch\/?product=saw-palmetto-90-caps","name":"Saw Palmetto 90 Kapseln \u2013 Allnutrition | ecosupplements.ch","isPartOf":{"@id":"https:\/\/ecosupplements.ch\/#website"},"primaryImageOfPage":{"@id":"https:\/\/ecosupplements.ch\/?product=saw-palmetto-90-caps#primaryimage"},"image":{"@id":"https:\/\/ecosupplements.ch\/?product=saw-palmetto-90-caps#primaryimage"},"thumbnailUrl":"https:\/\/ecosupplements.ch\/wp-content\/uploads\/2026\/05\/Saw-Palmetto-90-caps.webp","datePublished":"2026-05-11T14:29:39+00:00","dateModified":"2026-05-13T07:25:05+00:00","description":"Allnutrition Saw Palmetto mit 1000 mg Serenoa-repens-Extrakt pro Kapsel \u2013 90 Gelatinekapseln f\u00fcr die t\u00e4gliche Einnahme. Jetzt bestellen.","breadcrumb":{"@id":"https:\/\/ecosupplements.ch\/?product=saw-palmetto-90-caps#breadcrumb"},"inLanguage":"de-CH","potentialAction":[{"@type":"ReadAction","target":["https:\/\/ecosupplements.ch\/?product=saw-palmetto-90-caps"]}]},{"@type":"ImageObject","inLanguage":"de-CH","@id":"https:\/\/ecosupplements.ch\/?product=saw-palmetto-90-caps#primaryimage","url":"https:\/\/ecosupplements.ch\/wp-content\/uploads\/2026\/05\/Saw-Palmetto-90-caps.webp","contentUrl":"https:\/\/ecosupplements.ch\/wp-content\/uploads\/2026\/05\/Saw-Palmetto-90-caps.webp","width":1000,"height":1000,"caption":"Saw Palmetto - 90 caps"},{"@type":"BreadcrumbList","@id":"https:\/\/ecosupplements.ch\/?product=saw-palmetto-90-caps#breadcrumb","itemListElement":[{"@type":"ListItem","position":1,"name":"Home","item":"https:\/\/ecosupplements.ch\/"},{"@type":"ListItem","position":2,"name":"Shop","item":"https:\/\/ecosupplements.ch\/?page_id=14"},{"@type":"ListItem","position":3,"name":"Saw Palmetto &#8211; 90 caps"}]},{"@type":"WebSite","@id":"https:\/\/ecosupplements.ch\/#website","url":"https:\/\/ecosupplements.ch\/","name":"Eco Supplements","description":"","potentialAction":[{"@type":"SearchAction","target":{"@type":"EntryPoint","urlTemplate":"https:\/\/ecosupplements.ch\/?s={search_term_string}"},"query-input":{"@type":"PropertyValueSpecification","valueRequired":true,"valueName":"search_term_string"}}],"inLanguage":"de-CH"}]},"product_price_amount":"11.77","product_price_currency":"CHF","og_availability":"out of stock","product_availability":"out of stock","product_retailer_item_id":"5902837721378","product_condition":"new"},"_links":{"self":[{"href":"https:\/\/ecosupplements.ch\/index.php?rest_route=\/wp\/v2\/product\/1478","targetHints":{"allow":["GET"]}}],"collection":[{"href":"https:\/\/ecosupplements.ch\/index.php?rest_route=\/wp\/v2\/product"}],"about":[{"href":"https:\/\/ecosupplements.ch\/index.php?rest_route=\/wp\/v2\/types\/product"}],"replies":[{"embeddable":true,"href":"https:\/\/ecosupplements.ch\/index.php?rest_route=%2Fwp%2Fv2%2Fcomments&post=1478"}],"wp:featuredmedia":[{"embeddable":true,"href":"https:\/\/ecosupplements.ch\/index.php?rest_route=\/wp\/v2\/media\/1479"}],"wp:attachment":[{"href":"https:\/\/ecosupplements.ch\/index.php?rest_route=%2Fwp%2Fv2%2Fmedia&parent=1478"}],"wp:term":[{"taxonomy":"product_brand","embeddable":true,"href":"https:\/\/ecosupplements.ch\/index.php?rest_route=%2Fwp%2Fv2%2Fproduct_brand&post=1478"},{"taxonomy":"product_cat","embeddable":true,"href":"https:\/\/ecosupplements.ch\/index.php?rest_route=%2Fwp%2Fv2%2Fproduct_cat&post=1478"},{"taxonomy":"product_tag","embeddable":true,"href":"https:\/\/ecosupplements.ch\/index.php?rest_route=%2Fwp%2Fv2%2Fproduct_tag&post=1478"}],"curies":[{"name":"wp","href":"https:\/\/api.w.org\/{rel}","templated":true}]}}