{"id":1491,"date":"2026-05-11T14:29:45","date_gmt":"2026-05-11T14:29:45","guid":{"rendered":"https:\/\/ecosupplements.ch\/?product=vegan-protein-pistachio-500g"},"modified":"2026-05-13T07:25:36","modified_gmt":"2026-05-13T07:25:36","slug":"vegan-protein-pistachio-500g","status":"publish","type":"product","link":"https:\/\/ecosupplements.ch\/?product=vegan-protein-pistachio-500g","title":{"rendered":"Vegan Protein, Pistachio &#8211; 500g"},"content":{"rendered":"<div class=\"chcg-product-description\">\n<h2 class=\"chcg-heading\">\u00dcber Allnutrition \u2013 Vegan Protein, Pistachio \u2013 500g<\/h2>\n<div class=\"chcg-intro\">\n<p>Das Allnutrition Vegan Protein in der Geschmacksrichtung Pistachio ist ein hochwertiges pflanzliches Proteinpulver, das speziell f\u00fcr sportlich aktive Menschen entwickelt wurde. Mit 22 g Protein pro Portion und nur 109 kcal liefert es eine effiziente N\u00e4hrstoffquelle zur Unterst\u00fctzung des t\u00e4glichen Proteinbedarfs \u2013 ganz ohne tierische Zutaten.<\/p>\n<p>Das Produkt basiert auf einem einzigartigen pflanzlichen Proteinkomplex aus sieben verschiedenen Quellen: Sojaprotein-Isolat, Erbsenprotein, Cranberry-Protein, Reisprotein, Hanfprotein, Sonnenblumenprotein und Mandelprotein. Diese Kombination sorgt f\u00fcr ein breites Aminos\u00e4ureprofil und macht das Pulver zu einer vielseitigen Erg\u00e4nzung f\u00fcr eine pflanzliche Ern\u00e4hrung.<\/p>\n<p>Mit nur 1.7 g Kohlenhydraten und 1.5 g Fett pro Portion ist dieses Protein-Pulver besonders makron\u00e4hrstoffeffizient. Es ist sowohl als klassischer Protein-Shake als auch als cremiges Dessert in Pudding-Konsistenz zubereitet werden \u2013 ideal f\u00fcr eine abwechslungsreiche, aktive Ern\u00e4hrungsweise.<\/p>\n<\/p><\/div>\n<div class=\"chcg-nutrition\">\n<h3>N\u00e4hrwertangaben<\/h3>\n<table class=\"chcg-nutrition-table\">\n<thead>\n<tr>\n<th>N\u00e4hrstoff<\/th>\n<th>Pro 100 g<\/th>\n<th>Pro Portion (28 g)<\/th>\n<\/tr>\n<\/thead>\n<tbody>\n<tr>\n<td>Energie<\/td>\n<td>1630 kJ \/ 389 kcal<\/td>\n<td>456 kJ \/ 109 kcal<\/td>\n<\/tr>\n<tr>\n<td>Fett<\/td>\n<td>5.4 g<\/td>\n<td>1.5 g<\/td>\n<\/tr>\n<tr>\n<td>\u2013 davon ges\u00e4ttigte Fetts\u00e4uren<\/td>\n<td>0.7 g<\/td>\n<td>0.2 g<\/td>\n<\/tr>\n<tr>\n<td>Kohlenhydrate<\/td>\n<td>6.1 g<\/td>\n<td>1.7 g<\/td>\n<\/tr>\n<tr>\n<td>\u2013 davon Zucker<\/td>\n<td>3.6 g<\/td>\n<td>1 g<\/td>\n<\/tr>\n<tr>\n<td>Ballaststoffe<\/td>\n<td>1.8 g<\/td>\n<td>0.5 g<\/td>\n<\/tr>\n<tr>\n<td>Protein<\/td>\n<td>79 g<\/td>\n<td>22 g<\/td>\n<\/tr>\n<tr>\n<td>Salz<\/td>\n<td>1.8 g<\/td>\n<td>0.5 g<\/td>\n<\/tr>\n<tr>\n<td>\u2013 davon Sojaprotein-Isolat<\/td>\n<td>54 g<\/td>\n<td>15 g<\/td>\n<\/tr>\n<tr>\n<td>\u2013 davon Erbsenprotein<\/td>\n<td>31 g<\/td>\n<td>8.7 g<\/td>\n<\/tr>\n<tr>\n<td>\u2013 davon Cranberry-Protein<\/td>\n<td>3.6 g<\/td>\n<td>1 g<\/td>\n<\/tr>\n<tr>\n<td>\u2013 davon Reisprotein<\/td>\n<td>2.9 g<\/td>\n<td>0.8 g<\/td>\n<\/tr>\n<tr>\n<td>\u2013 davon Hanfprotein<\/td>\n<td>1.4 g<\/td>\n<td>0.4 g<\/td>\n<\/tr>\n<tr>\n<td>\u2013 davon Sonnenblumenprotein<\/td>\n<td>1.4 g<\/td>\n<td>0.4 g<\/td>\n<\/tr>\n<tr>\n<td>\u2013 davon Mandelprotein<\/td>\n<td>1.4 g<\/td>\n<td>0.4 g<\/td>\n<\/tr>\n<\/tbody>\n<\/table><\/div>\n<div class=\"chcg-ingredients\">\n<h3>Zutaten<\/h3>\n<p>Pflanzlicher Proteinkomplex (Sojaprotein-Isolat, Erbsenprotein, Cranberry-Protein, Reisprotein, Hanfprotein, Sonnenblumenprotein, Mandelprotein), Aroma, Verdickungsmittel: Cellulosegummi, S\u00fcssstoffe: Xylitol, Sucralose, Acesulfam K, Salz, Farbstoffe: Carotine.<\/p>\n<\/p><\/div>\n<div class=\"chcg-dosage\">\n<h3>Verzehrempfehlung<\/h3>\n<p>Eine Portion (28 g \/ 1 Messl\u00f6ffel) in 300\u2013350 ml Wasser f\u00fcr einen Protein-Shake aufl\u00f6sen, oder in 250 ml Wasser f\u00fcr eine Dessert- bzw. Pudding-Konsistenz. Nicht mehr als 1 Portion pro Tag verzehren.<\/p>\n<\/p><\/div>\n<div class=\"chcg-warnings\">\n<h3>Warnhinweise<\/h3>\n<p>Nahrungserg\u00e4nzungsmittel. Enth\u00e4lt S\u00fcssstoffe. Kein zugesetzter Zucker. Enth\u00e4lt von Natur aus vorkommende Zucker. Geeignet f\u00fcr Veganer. Produkt f\u00fcr k\u00f6rperlich aktive Personen ab 18 Jahren. Nicht verzehren bei Allergie gegen einen der Inhaltsstoffe des Produkts. Die empfohlene Tagesdosis nicht \u00fcberschreiten. Nahrungserg\u00e4nzungsmittel sind kein Ersatz f\u00fcr eine abwechslungsreiche Ern\u00e4hrung. Eine ausgewogene Ern\u00e4hrung und ein gesunder Lebensstil werden empfohlen. Verpackung nach Gebrauch stets verschliessen.<\/p>\n<\/p><\/div>\n<div class=\"chcg-allergens\">\n<h3>Allergeninformationen<\/h3>\n<p>Enth\u00e4lt Mandeln und Soja. Kann Spuren von glutenhaltigem Getreide, Milch und Eiern enthalten.<\/p>\n<\/p><\/div>\n<div class=\"chcg-storage\">\n<h3>Lagerung<\/h3>\n<p>Verpackung nach Gebrauch stets verschliessen. An einem k\u00fchlen, trockenen Ort lagern.<\/p>\n<\/p><\/div>\n<div class=\"chcg-dietary\">\n<h3>Ern\u00e4hrungshinweise<\/h3>\n<ul>\n<li>Vegan<\/li>\n<li>Vegetarisch<\/li>\n<li>Laktosefrei<\/li>\n<\/ul><\/div>\n<\/div>\n","protected":false},"excerpt":{"rendered":"<p>Allnutrition Vegan Protein Pistachio liefert 22 g pflanzliches Protein pro Portion aus 7 verschiedenen Quellen. Das Pulver (500 g \/ 17 Portionen) eignet sich als Shake oder Pudding. Ideal f\u00fcr vegane, sportlich aktive Personen.<\/p>\n","protected":false},"featured_media":1492,"comment_status":"closed","ping_status":"open","template":"","meta":[],"product_brand":[172],"product_cat":[90,48,65,50,22],"product_tag":[],"class_list":{"0":"post-1491","1":"product","2":"type-product","3":"status-publish","4":"has-post-thumbnail","6":"product_brand-allnutrition","7":"product_cat-fitness-training","8":"product_cat-gesunde-ernaehrung","9":"product_cat-pflanzliche-proteine","10":"product_cat-proteine","11":"product_cat-vegane-produkte","13":"first","14":"outofstock","15":"taxable","16":"shipping-taxable","17":"purchasable","18":"product-type-simple"},"yoast_head":"<!-- This site is optimized with the Yoast SEO plugin v27.5 - https:\/\/yoast.com\/product\/yoast-seo-wordpress\/ -->\n<title>Vegan Protein Pistachio 500g \u2013 Allnutrition | ecosupplements.ch<\/title>\n<meta name=\"description\" content=\"Pflanzliches Proteinpulver mit 22 g Protein pro Portion aus 7 Quellen \u2013 vegan, laktosefrei, 500 g. Jetzt bestellen.\" \/>\n<meta name=\"robots\" content=\"index, follow, max-snippet:-1, max-image-preview:large, max-video-preview:-1\" \/>\n<link rel=\"canonical\" href=\"https:\/\/ecosupplements.ch\/?product=vegan-protein-pistachio-500g\" \/>\n<meta property=\"og:locale\" content=\"de_DE\" \/>\n<meta property=\"og:type\" content=\"article\" \/>\n<meta property=\"og:title\" content=\"Vegan Protein Pistachio 500g \u2013 Allnutrition | ecosupplements.ch\" \/>\n<meta property=\"og:description\" content=\"Pflanzliches Proteinpulver mit 22 g Protein pro Portion aus 7 Quellen \u2013 vegan, laktosefrei, 500 g. Jetzt bestellen.\" \/>\n<meta property=\"og:url\" content=\"https:\/\/ecosupplements.ch\/?product=vegan-protein-pistachio-500g\" \/>\n<meta property=\"og:site_name\" content=\"Eco Supplements\" \/>\n<meta property=\"article:modified_time\" content=\"2026-05-13T07:25:36+00:00\" \/>\n<meta property=\"og:image\" content=\"https:\/\/ecosupplements.ch\/wp-content\/uploads\/2026\/05\/Vegan-Protein-Pistachio-500g.webp\" \/>\n\t<meta property=\"og:image:width\" content=\"1000\" \/>\n\t<meta property=\"og:image:height\" content=\"1000\" \/>\n\t<meta property=\"og:image:type\" content=\"image\/jpeg\" \/>\n<meta name=\"twitter:card\" content=\"summary_large_image\" \/>\n<meta name=\"twitter:label1\" content=\"Price\" \/>\n\t<meta name=\"twitter:data1\" content=\"&#067;&#072;&#070;&nbsp;12.85\" \/>\n\t<meta name=\"twitter:label2\" content=\"Availability\" \/>\n\t<meta name=\"twitter:data2\" content=\"Out of stock\" \/>\n<script type=\"application\/ld+json\" class=\"yoast-schema-graph\">{\"@context\":\"https:\\\/\\\/schema.org\",\"@graph\":[{\"@type\":\"WebPage\",\"@id\":\"https:\\\/\\\/ecosupplements.ch\\\/?product=vegan-protein-pistachio-500g\",\"url\":\"https:\\\/\\\/ecosupplements.ch\\\/?product=vegan-protein-pistachio-500g\",\"name\":\"Vegan Protein Pistachio 500g \u2013 Allnutrition | ecosupplements.ch\",\"isPartOf\":{\"@id\":\"https:\\\/\\\/ecosupplements.ch\\\/#website\"},\"primaryImageOfPage\":{\"@id\":\"https:\\\/\\\/ecosupplements.ch\\\/?product=vegan-protein-pistachio-500g#primaryimage\"},\"image\":{\"@id\":\"https:\\\/\\\/ecosupplements.ch\\\/?product=vegan-protein-pistachio-500g#primaryimage\"},\"thumbnailUrl\":\"https:\\\/\\\/ecosupplements.ch\\\/wp-content\\\/uploads\\\/2026\\\/05\\\/Vegan-Protein-Pistachio-500g.webp\",\"datePublished\":\"2026-05-11T14:29:45+00:00\",\"dateModified\":\"2026-05-13T07:25:36+00:00\",\"description\":\"Pflanzliches Proteinpulver mit 22 g Protein pro Portion aus 7 Quellen \u2013 vegan, laktosefrei, 500 g. Jetzt bestellen.\",\"breadcrumb\":{\"@id\":\"https:\\\/\\\/ecosupplements.ch\\\/?product=vegan-protein-pistachio-500g#breadcrumb\"},\"inLanguage\":\"de-CH\",\"potentialAction\":[{\"@type\":\"ReadAction\",\"target\":[\"https:\\\/\\\/ecosupplements.ch\\\/?product=vegan-protein-pistachio-500g\"]}]},{\"@type\":\"ImageObject\",\"inLanguage\":\"de-CH\",\"@id\":\"https:\\\/\\\/ecosupplements.ch\\\/?product=vegan-protein-pistachio-500g#primaryimage\",\"url\":\"https:\\\/\\\/ecosupplements.ch\\\/wp-content\\\/uploads\\\/2026\\\/05\\\/Vegan-Protein-Pistachio-500g.webp\",\"contentUrl\":\"https:\\\/\\\/ecosupplements.ch\\\/wp-content\\\/uploads\\\/2026\\\/05\\\/Vegan-Protein-Pistachio-500g.webp\",\"width\":1000,\"height\":1000,\"caption\":\"Vegan Protein\"},{\"@type\":\"BreadcrumbList\",\"@id\":\"https:\\\/\\\/ecosupplements.ch\\\/?product=vegan-protein-pistachio-500g#breadcrumb\",\"itemListElement\":[{\"@type\":\"ListItem\",\"position\":1,\"name\":\"Home\",\"item\":\"https:\\\/\\\/ecosupplements.ch\\\/\"},{\"@type\":\"ListItem\",\"position\":2,\"name\":\"Shop\",\"item\":\"https:\\\/\\\/ecosupplements.ch\\\/?page_id=14\"},{\"@type\":\"ListItem\",\"position\":3,\"name\":\"Vegan Protein, Pistachio &#8211; 500g\"}]},{\"@type\":\"WebSite\",\"@id\":\"https:\\\/\\\/ecosupplements.ch\\\/#website\",\"url\":\"https:\\\/\\\/ecosupplements.ch\\\/\",\"name\":\"Eco Supplements\",\"description\":\"\",\"potentialAction\":[{\"@type\":\"SearchAction\",\"target\":{\"@type\":\"EntryPoint\",\"urlTemplate\":\"https:\\\/\\\/ecosupplements.ch\\\/?s={search_term_string}\"},\"query-input\":{\"@type\":\"PropertyValueSpecification\",\"valueRequired\":true,\"valueName\":\"search_term_string\"}}],\"inLanguage\":\"de-CH\"}]}<\/script>\n<meta property=\"product:price:amount\" content=\"12.85\" \/>\n<meta property=\"product:price:currency\" content=\"CHF\" \/>\n<meta property=\"og:availability\" content=\"out of stock\" \/>\n<meta property=\"product:availability\" content=\"out of stock\" \/>\n<meta property=\"product:retailer_item_id\" content=\"5902837748207\" \/>\n<meta property=\"product:condition\" content=\"new\" \/>\n<!-- \/ Yoast SEO plugin. -->","yoast_head_json":{"title":"Vegan Protein Pistachio 500g \u2013 Allnutrition | ecosupplements.ch","description":"Pflanzliches Proteinpulver mit 22 g Protein pro Portion aus 7 Quellen \u2013 vegan, laktosefrei, 500 g. Jetzt bestellen.","robots":{"index":"index","follow":"follow","max-snippet":"max-snippet:-1","max-image-preview":"max-image-preview:large","max-video-preview":"max-video-preview:-1"},"canonical":"https:\/\/ecosupplements.ch\/?product=vegan-protein-pistachio-500g","og_locale":"de_DE","og_type":"article","og_title":"Vegan Protein Pistachio 500g \u2013 Allnutrition | ecosupplements.ch","og_description":"Pflanzliches Proteinpulver mit 22 g Protein pro Portion aus 7 Quellen \u2013 vegan, laktosefrei, 500 g. Jetzt bestellen.","og_url":"https:\/\/ecosupplements.ch\/?product=vegan-protein-pistachio-500g","og_site_name":"Eco Supplements","article_modified_time":"2026-05-13T07:25:36+00:00","og_image":[{"width":1000,"height":1000,"url":"https:\/\/ecosupplements.ch\/wp-content\/uploads\/2026\/05\/Vegan-Protein-Pistachio-500g.webp","type":"image\/jpeg"}],"twitter_card":"summary_large_image","twitter_misc":{"Price":"&#67;&#72;&#70;&nbsp;12.85","Availability":"Out of stock"},"schema":{"@context":"https:\/\/schema.org","@graph":[{"@type":"WebPage","@id":"https:\/\/ecosupplements.ch\/?product=vegan-protein-pistachio-500g","url":"https:\/\/ecosupplements.ch\/?product=vegan-protein-pistachio-500g","name":"Vegan Protein Pistachio 500g \u2013 Allnutrition | ecosupplements.ch","isPartOf":{"@id":"https:\/\/ecosupplements.ch\/#website"},"primaryImageOfPage":{"@id":"https:\/\/ecosupplements.ch\/?product=vegan-protein-pistachio-500g#primaryimage"},"image":{"@id":"https:\/\/ecosupplements.ch\/?product=vegan-protein-pistachio-500g#primaryimage"},"thumbnailUrl":"https:\/\/ecosupplements.ch\/wp-content\/uploads\/2026\/05\/Vegan-Protein-Pistachio-500g.webp","datePublished":"2026-05-11T14:29:45+00:00","dateModified":"2026-05-13T07:25:36+00:00","description":"Pflanzliches Proteinpulver mit 22 g Protein pro Portion aus 7 Quellen \u2013 vegan, laktosefrei, 500 g. Jetzt bestellen.","breadcrumb":{"@id":"https:\/\/ecosupplements.ch\/?product=vegan-protein-pistachio-500g#breadcrumb"},"inLanguage":"de-CH","potentialAction":[{"@type":"ReadAction","target":["https:\/\/ecosupplements.ch\/?product=vegan-protein-pistachio-500g"]}]},{"@type":"ImageObject","inLanguage":"de-CH","@id":"https:\/\/ecosupplements.ch\/?product=vegan-protein-pistachio-500g#primaryimage","url":"https:\/\/ecosupplements.ch\/wp-content\/uploads\/2026\/05\/Vegan-Protein-Pistachio-500g.webp","contentUrl":"https:\/\/ecosupplements.ch\/wp-content\/uploads\/2026\/05\/Vegan-Protein-Pistachio-500g.webp","width":1000,"height":1000,"caption":"Vegan Protein"},{"@type":"BreadcrumbList","@id":"https:\/\/ecosupplements.ch\/?product=vegan-protein-pistachio-500g#breadcrumb","itemListElement":[{"@type":"ListItem","position":1,"name":"Home","item":"https:\/\/ecosupplements.ch\/"},{"@type":"ListItem","position":2,"name":"Shop","item":"https:\/\/ecosupplements.ch\/?page_id=14"},{"@type":"ListItem","position":3,"name":"Vegan Protein, Pistachio &#8211; 500g"}]},{"@type":"WebSite","@id":"https:\/\/ecosupplements.ch\/#website","url":"https:\/\/ecosupplements.ch\/","name":"Eco Supplements","description":"","potentialAction":[{"@type":"SearchAction","target":{"@type":"EntryPoint","urlTemplate":"https:\/\/ecosupplements.ch\/?s={search_term_string}"},"query-input":{"@type":"PropertyValueSpecification","valueRequired":true,"valueName":"search_term_string"}}],"inLanguage":"de-CH"}]},"product_price_amount":"12.85","product_price_currency":"CHF","og_availability":"out of stock","product_availability":"out of stock","product_retailer_item_id":"5902837748207","product_condition":"new"},"_links":{"self":[{"href":"https:\/\/ecosupplements.ch\/index.php?rest_route=\/wp\/v2\/product\/1491","targetHints":{"allow":["GET"]}}],"collection":[{"href":"https:\/\/ecosupplements.ch\/index.php?rest_route=\/wp\/v2\/product"}],"about":[{"href":"https:\/\/ecosupplements.ch\/index.php?rest_route=\/wp\/v2\/types\/product"}],"replies":[{"embeddable":true,"href":"https:\/\/ecosupplements.ch\/index.php?rest_route=%2Fwp%2Fv2%2Fcomments&post=1491"}],"wp:featuredmedia":[{"embeddable":true,"href":"https:\/\/ecosupplements.ch\/index.php?rest_route=\/wp\/v2\/media\/1492"}],"wp:attachment":[{"href":"https:\/\/ecosupplements.ch\/index.php?rest_route=%2Fwp%2Fv2%2Fmedia&parent=1491"}],"wp:term":[{"taxonomy":"product_brand","embeddable":true,"href":"https:\/\/ecosupplements.ch\/index.php?rest_route=%2Fwp%2Fv2%2Fproduct_brand&post=1491"},{"taxonomy":"product_cat","embeddable":true,"href":"https:\/\/ecosupplements.ch\/index.php?rest_route=%2Fwp%2Fv2%2Fproduct_cat&post=1491"},{"taxonomy":"product_tag","embeddable":true,"href":"https:\/\/ecosupplements.ch\/index.php?rest_route=%2Fwp%2Fv2%2Fproduct_tag&post=1491"}],"curies":[{"name":"wp","href":"https:\/\/api.w.org\/{rel}","templated":true}]}}